{"id":99794,"date":"2026-03-29T19:46:01","date_gmt":"2026-03-29T22:46:01","guid":{"rendered":"https:\/\/nigroequipamentos.com.br\/conteudo\/empilhadeira-paletrans-seu-revendedor-confiavel-8\/"},"modified":"2026-03-29T19:46:01","modified_gmt":"2026-03-29T22:46:01","slug":"empilhadeira-paletrans-seu-revendedor-confiavel-8","status":"publish","type":"page","link":"https:\/\/nigroequipamentos.com.br\/conteudo\/empilhadeira-paletrans-seu-revendedor-confiavel-8\/","title":{"rendered":"Empilhadeira Paletrans: Seu Revendedor Confi\u00e1vel"},"content":{"rendered":"<p>Se voc\u00ea est\u00e1 buscando um revendedor de empilhadeiras Paletrans, a Nigro Equipamentos \u00e9 a sua melhor escolha. Com uma vasta experi\u00eancia no setor, a nossa empresa se destaca pela qualidade e confiabilidade das empilhadeiras que oferecemos. Ao optar pela Nigro Equipamentos para aquisi\u00e7\u00e3o de sua empilhadeira Paletrans, voc\u00ea garante n\u00e3o apenas um produto superior, mas tamb\u00e9m um servi\u00e7o p\u00f3s-venda excepcional. Nossa equipe de especialistas est\u00e1 pronta para fornecer manuten\u00e7\u00e3o e suporte sempre que necess\u00e1rio. Estamos aqui para atender quem precisa de empilhadeiras Paletrans com efici\u00eancia e qualidade prestando um atendimento personalizado. Escolha a Nigro Equipamentos como seu revendedor de empilhadeiras Paletrans e descubra como podemos otimizar seu neg\u00f3cio com nossas solu\u00e7\u00f5es.<\/p>\n","protected":false},"excerpt":{"rendered":"<p>Se voc\u00ea est\u00e1 buscando um revendedor de empilhadeiras Paletrans, a Nigro Equipamentos \u00e9 a sua melhor escolha. Com uma vasta experi\u00eancia no setor, a nossa empresa se destaca pela qualidade e confiabilidade das empilhadeiras que oferecemos. Ao optar pela Nigro Equipamentos para aquisi\u00e7\u00e3o de sua empilhadeira Paletrans, voc\u00ea garante n\u00e3o apenas um produto superior, mas&hellip;&nbsp;<a href=\"https:\/\/nigroequipamentos.com.br\/conteudo\/empilhadeira-paletrans-seu-revendedor-confiavel-8\/\" class=\"\" rel=\"bookmark\">Continue a ler &raquo;<span class=\"screen-reader-text\">Empilhadeira Paletrans: Seu Revendedor Confi\u00e1vel<\/span><\/a><\/p>\n","protected":false},"author":3,"featured_media":0,"parent":0,"menu_order":0,"comment_status":"closed","ping_status":"closed","template":"","meta":{"_acf_changed":false,"_yoast_wpseo_focuskw":"Empilhadeira Paletrans revendedor","_yoast_wpseo_title":"Nigro Equipamentos: Revendedor de Empilhadeiras Paletrans","_yoast_wpseo_metadesc":"A Nigro Equipamentos \u00e9 o revendedor confi\u00e1vel de empilhadeiras Paletrans, oferecendo compra, manuten\u00e7\u00e3o e loca\u00e7\u00e3o de equipamentos de qualidade.","neve_meta_sidebar":"","neve_meta_container":"","neve_meta_enable_content_width":"","neve_meta_content_width":0,"neve_meta_title_alignment":"","neve_meta_author_avatar":"","neve_post_elements_order":"","neve_meta_disable_header":"","neve_meta_disable_footer":"","neve_meta_disable_title":"","footnotes":""},"class_list":["post-99794","page","type-page","status-publish","hentry"],"acf":{"bloco1title":"Experi\u00eancia Comprovada","bloco1text":"A Nigro Equipamentos conta com anos de experi\u00eancia no mercado de empilhadeiras Paletrans, garantindo um servi\u00e7o de qualidade.","bloco2title":"Servi\u00e7o Personalizado","bloco2text":"Atendemos cada cliente de forma \u00fanica, oferecendo solu\u00e7\u00f5es personalizadas na compra de sua empilhadeira Paletrans.","bloco3title":"Compromisso com a Qualidade","bloco3text":"A qualidade das empilhadeiras Paletrans garantidas pela Nigro Equipamentos \u00e9 um diferencial que suporta a confian\u00e7a de nossos clientes.","posttitle":"Empilhadeiras Paletrans: Revendedor de Confian\u00e7a e Qualidade","postcontent":"<strong>Empilhadeiras Paletrans<\/strong> s\u00e3o sin\u00f4nimo de efici\u00eancia e confian\u00e7a, e na Nigro Equipamentos, temos o orgulho de sermos revendedores autorizados dessa marca renomada. Com empilhadeiras Paletrans, voc\u00ea obt\u00e9m a performance necess\u00e1ria para opera\u00e7\u00f5es log\u00edsticas, aumentando a produtividade de sua empresa. Nossa equipe t\u00e9cnica altamente qualificada est\u00e1 sempre pronta para oferecer suporte e manuten\u00e7\u00e3o, garantindo que sua empilhadeira Paletrans funcione com m\u00e1ximo desempenho. A Nigro Equipamentos se destaca no mercado por oferecer n\u00e3o apenas a venda, mas tamb\u00e9m loca\u00e7\u00e3o de empilhadeiras Paletrans, proporcionando flexibilidade e economia aos nossos clientes. Estamos comprometidos em entender suas necessidades operacionais e encontrar a melhor solu\u00e7\u00e3o entre nossas empilhadeiras Paletrans. Seja para compra, manuten\u00e7\u00e3o ou loca\u00e7\u00e3o, a Nigro Equipamentos \u00e9 seu parceiro ideal!","insightwidtitle":"Curiosidades sobre Paletrans","insightwidcontent":"Voc\u00ea sabia que as empilhadeiras Paletrans s\u00e3o projetadas para maximizar a efici\u00eancia em espa\u00e7os reduzidos? Elas t\u00eam um raio de giro compacto, permitindo opera\u00e7\u00f5es em ambientes estreitos, tornando-se a escolha perfeita para armaz\u00e9ns e centros de distribui\u00e7\u00e3o. Al\u00e9m disso, a manuten\u00e7\u00e3o regular das empilhadeiras Paletrans \u00e9 fundamental para manter a seguran\u00e7a e desempenho, e a Nigro Equipamentos oferece contratos de manuten\u00e7\u00e3o que garantem que seus equipamentos estejam sempre em \u00f3timo estado."},"yoast_head":"<!-- This site is optimized with the Yoast SEO Premium plugin v18.3 (Yoast SEO v23.4) - https:\/\/yoast.com\/wordpress\/plugins\/seo\/ -->\n<title>Nigro Equipamentos: Revendedor de Empilhadeiras Paletrans<\/title>\n<meta name=\"description\" content=\"A Nigro Equipamentos \u00e9 o revendedor confi\u00e1vel de empilhadeiras Paletrans, oferecendo compra, manuten\u00e7\u00e3o e loca\u00e7\u00e3o de equipamentos de qualidade.\" \/>\n<meta name=\"robots\" content=\"index, follow, max-snippet:-1, max-image-preview:large, max-video-preview:-1\" \/>\n<link rel=\"canonical\" href=\"https:\/\/nigroequipamentos.com.br\/conteudo\/empilhadeira-paletrans-seu-revendedor-confiavel-8\/\" \/>\n<meta property=\"og:locale\" content=\"pt_BR\" \/>\n<meta property=\"og:type\" content=\"article\" \/>\n<meta property=\"og:title\" content=\"Empilhadeira Paletrans: Seu Revendedor Confi\u00e1vel\" \/>\n<meta property=\"og:description\" content=\"A Nigro Equipamentos \u00e9 o revendedor confi\u00e1vel de empilhadeiras Paletrans, oferecendo compra, manuten\u00e7\u00e3o e loca\u00e7\u00e3o de equipamentos de qualidade.\" \/>\n<meta property=\"og:url\" content=\"https:\/\/nigroequipamentos.com.br\/conteudo\/empilhadeira-paletrans-seu-revendedor-confiavel-8\/\" \/>\n<meta property=\"og:site_name\" content=\"Nigro Equipamentos\" \/>\n<meta property=\"article:publisher\" content=\"https:\/\/www.facebook.com\/nigroequipamentos\" \/>\n<meta name=\"twitter:card\" content=\"summary_large_image\" \/>\n<meta name=\"twitter:label1\" content=\"Est. tempo de leitura\" \/>\n\t<meta name=\"twitter:data1\" content=\"1 minuto\" \/>\n<script type=\"application\/ld+json\" class=\"yoast-schema-graph\">{\"@context\":\"https:\/\/schema.org\",\"@graph\":[{\"@type\":\"WebPage\",\"@id\":\"https:\/\/nigroequipamentos.com.br\/conteudo\/empilhadeira-paletrans-seu-revendedor-confiavel-8\/\",\"url\":\"https:\/\/nigroequipamentos.com.br\/conteudo\/empilhadeira-paletrans-seu-revendedor-confiavel-8\/\",\"name\":\"Nigro Equipamentos: Revendedor de Empilhadeiras Paletrans\",\"isPartOf\":{\"@id\":\"https:\/\/nigroequipamentos.com.br\/conteudo\/#website\"},\"datePublished\":\"2026-03-29T22:46:01+00:00\",\"dateModified\":\"2026-03-29T22:46:01+00:00\",\"description\":\"A Nigro Equipamentos \u00e9 o revendedor confi\u00e1vel de empilhadeiras Paletrans, oferecendo compra, manuten\u00e7\u00e3o e loca\u00e7\u00e3o de equipamentos de qualidade.\",\"breadcrumb\":{\"@id\":\"https:\/\/nigroequipamentos.com.br\/conteudo\/empilhadeira-paletrans-seu-revendedor-confiavel-8\/#breadcrumb\"},\"inLanguage\":\"pt-BR\",\"potentialAction\":[{\"@type\":\"ReadAction\",\"target\":[\"https:\/\/nigroequipamentos.com.br\/conteudo\/empilhadeira-paletrans-seu-revendedor-confiavel-8\/\"]}]},{\"@type\":\"BreadcrumbList\",\"@id\":\"https:\/\/nigroequipamentos.com.br\/conteudo\/empilhadeira-paletrans-seu-revendedor-confiavel-8\/#breadcrumb\",\"itemListElement\":[{\"@type\":\"ListItem\",\"position\":1,\"name\":\"In\u00edcio\",\"item\":\"https:\/\/nigroequipamentos.com.br\/conteudo\/\"},{\"@type\":\"ListItem\",\"position\":2,\"name\":\"Empilhadeira Paletrans: Seu Revendedor Confi\u00e1vel\"}]},{\"@type\":\"WebSite\",\"@id\":\"https:\/\/nigroequipamentos.com.br\/conteudo\/#website\",\"url\":\"https:\/\/nigroequipamentos.com.br\/conteudo\/\",\"name\":\"Nigro Equipamentos\",\"description\":\"Loca\u00e7\u00e3o e Vendas\",\"publisher\":{\"@id\":\"https:\/\/nigroequipamentos.com.br\/conteudo\/#organization\"},\"potentialAction\":[{\"@type\":\"SearchAction\",\"target\":{\"@type\":\"EntryPoint\",\"urlTemplate\":\"https:\/\/nigroequipamentos.com.br\/conteudo\/?s={search_term_string}\"},\"query-input\":{\"@type\":\"PropertyValueSpecification\",\"valueRequired\":true,\"valueName\":\"search_term_string\"}}],\"inLanguage\":\"pt-BR\"},{\"@type\":\"Organization\",\"@id\":\"https:\/\/nigroequipamentos.com.br\/conteudo\/#organization\",\"name\":\"Nigro Equipamentos\",\"url\":\"https:\/\/nigroequipamentos.com.br\/conteudo\/\",\"logo\":{\"@type\":\"ImageObject\",\"inLanguage\":\"pt-BR\",\"@id\":\"https:\/\/nigroequipamentos.com.br\/conteudo\/#\/schema\/logo\/image\/\",\"url\":\"https:\/\/nigroequipamentos.com.br\/conteudo\/wp-content\/uploads\/2024\/10\/nigroequipamentos_logo.webp\",\"contentUrl\":\"https:\/\/nigroequipamentos.com.br\/conteudo\/wp-content\/uploads\/2024\/10\/nigroequipamentos_logo.webp\",\"width\":785,\"height\":355,\"caption\":\"Nigro Equipamentos\"},\"image\":{\"@id\":\"https:\/\/nigroequipamentos.com.br\/conteudo\/#\/schema\/logo\/image\/\"},\"sameAs\":[\"https:\/\/www.facebook.com\/nigroequipamentos\",\"https:\/\/www.instagram.com\/nigroequipamentos\/\"]}]}<\/script>\n<!-- \/ Yoast SEO Premium plugin. -->","yoast_head_json":{"title":"Nigro Equipamentos: Revendedor de Empilhadeiras Paletrans","description":"A Nigro Equipamentos \u00e9 o revendedor confi\u00e1vel de empilhadeiras Paletrans, oferecendo compra, manuten\u00e7\u00e3o e loca\u00e7\u00e3o de equipamentos de qualidade.","robots":{"index":"index","follow":"follow","max-snippet":"max-snippet:-1","max-image-preview":"max-image-preview:large","max-video-preview":"max-video-preview:-1"},"canonical":"https:\/\/nigroequipamentos.com.br\/conteudo\/empilhadeira-paletrans-seu-revendedor-confiavel-8\/","og_locale":"pt_BR","og_type":"article","og_title":"Empilhadeira Paletrans: Seu Revendedor Confi\u00e1vel","og_description":"A Nigro Equipamentos \u00e9 o revendedor confi\u00e1vel de empilhadeiras Paletrans, oferecendo compra, manuten\u00e7\u00e3o e loca\u00e7\u00e3o de equipamentos de qualidade.","og_url":"https:\/\/nigroequipamentos.com.br\/conteudo\/empilhadeira-paletrans-seu-revendedor-confiavel-8\/","og_site_name":"Nigro Equipamentos","article_publisher":"https:\/\/www.facebook.com\/nigroequipamentos","twitter_card":"summary_large_image","twitter_misc":{"Est. tempo de leitura":"1 minuto"},"schema":{"@context":"https:\/\/schema.org","@graph":[{"@type":"WebPage","@id":"https:\/\/nigroequipamentos.com.br\/conteudo\/empilhadeira-paletrans-seu-revendedor-confiavel-8\/","url":"https:\/\/nigroequipamentos.com.br\/conteudo\/empilhadeira-paletrans-seu-revendedor-confiavel-8\/","name":"Nigro Equipamentos: Revendedor de Empilhadeiras Paletrans","isPartOf":{"@id":"https:\/\/nigroequipamentos.com.br\/conteudo\/#website"},"datePublished":"2026-03-29T22:46:01+00:00","dateModified":"2026-03-29T22:46:01+00:00","description":"A Nigro Equipamentos \u00e9 o revendedor confi\u00e1vel de empilhadeiras Paletrans, oferecendo compra, manuten\u00e7\u00e3o e loca\u00e7\u00e3o de equipamentos de qualidade.","breadcrumb":{"@id":"https:\/\/nigroequipamentos.com.br\/conteudo\/empilhadeira-paletrans-seu-revendedor-confiavel-8\/#breadcrumb"},"inLanguage":"pt-BR","potentialAction":[{"@type":"ReadAction","target":["https:\/\/nigroequipamentos.com.br\/conteudo\/empilhadeira-paletrans-seu-revendedor-confiavel-8\/"]}]},{"@type":"BreadcrumbList","@id":"https:\/\/nigroequipamentos.com.br\/conteudo\/empilhadeira-paletrans-seu-revendedor-confiavel-8\/#breadcrumb","itemListElement":[{"@type":"ListItem","position":1,"name":"In\u00edcio","item":"https:\/\/nigroequipamentos.com.br\/conteudo\/"},{"@type":"ListItem","position":2,"name":"Empilhadeira Paletrans: Seu Revendedor Confi\u00e1vel"}]},{"@type":"WebSite","@id":"https:\/\/nigroequipamentos.com.br\/conteudo\/#website","url":"https:\/\/nigroequipamentos.com.br\/conteudo\/","name":"Nigro Equipamentos","description":"Loca\u00e7\u00e3o e Vendas","publisher":{"@id":"https:\/\/nigroequipamentos.com.br\/conteudo\/#organization"},"potentialAction":[{"@type":"SearchAction","target":{"@type":"EntryPoint","urlTemplate":"https:\/\/nigroequipamentos.com.br\/conteudo\/?s={search_term_string}"},"query-input":{"@type":"PropertyValueSpecification","valueRequired":true,"valueName":"search_term_string"}}],"inLanguage":"pt-BR"},{"@type":"Organization","@id":"https:\/\/nigroequipamentos.com.br\/conteudo\/#organization","name":"Nigro Equipamentos","url":"https:\/\/nigroequipamentos.com.br\/conteudo\/","logo":{"@type":"ImageObject","inLanguage":"pt-BR","@id":"https:\/\/nigroequipamentos.com.br\/conteudo\/#\/schema\/logo\/image\/","url":"https:\/\/nigroequipamentos.com.br\/conteudo\/wp-content\/uploads\/2024\/10\/nigroequipamentos_logo.webp","contentUrl":"https:\/\/nigroequipamentos.com.br\/conteudo\/wp-content\/uploads\/2024\/10\/nigroequipamentos_logo.webp","width":785,"height":355,"caption":"Nigro Equipamentos"},"image":{"@id":"https:\/\/nigroequipamentos.com.br\/conteudo\/#\/schema\/logo\/image\/"},"sameAs":["https:\/\/www.facebook.com\/nigroequipamentos","https:\/\/www.instagram.com\/nigroequipamentos\/"]}]}},"_links":{"self":[{"href":"https:\/\/nigroequipamentos.com.br\/conteudo\/wp-json\/wp\/v2\/pages\/99794","targetHints":{"allow":["GET"]}}],"collection":[{"href":"https:\/\/nigroequipamentos.com.br\/conteudo\/wp-json\/wp\/v2\/pages"}],"about":[{"href":"https:\/\/nigroequipamentos.com.br\/conteudo\/wp-json\/wp\/v2\/types\/page"}],"author":[{"embeddable":true,"href":"https:\/\/nigroequipamentos.com.br\/conteudo\/wp-json\/wp\/v2\/users\/3"}],"replies":[{"embeddable":true,"href":"https:\/\/nigroequipamentos.com.br\/conteudo\/wp-json\/wp\/v2\/comments?post=99794"}],"version-history":[{"count":0,"href":"https:\/\/nigroequipamentos.com.br\/conteudo\/wp-json\/wp\/v2\/pages\/99794\/revisions"}],"wp:attachment":[{"href":"https:\/\/nigroequipamentos.com.br\/conteudo\/wp-json\/wp\/v2\/media?parent=99794"}],"curies":[{"name":"wp","href":"https:\/\/api.w.org\/{rel}","templated":true}]}}