{"id":99778,"date":"2026-03-29T18:01:05","date_gmt":"2026-03-29T21:01:05","guid":{"rendered":"https:\/\/nigroequipamentos.com.br\/conteudo\/ergonomia-das-empilhadeiras-paletrans-a-revolucao-no-transporte-de-cargas\/"},"modified":"2026-03-29T18:01:05","modified_gmt":"2026-03-29T21:01:05","slug":"ergonomia-das-empilhadeiras-paletrans-a-revolucao-no-transporte-de-cargas","status":"publish","type":"page","link":"https:\/\/nigroequipamentos.com.br\/conteudo\/ergonomia-das-empilhadeiras-paletrans-a-revolucao-no-transporte-de-cargas\/","title":{"rendered":"Ergonomia das Empilhadeiras Paletrans: A Revolu\u00e7\u00e3o no Transporte de Cargas"},"content":{"rendered":"<p>Se voc\u00ea est\u00e1 em busca de empilhadeiras que priorizam a ergonomia, as Empilhadeiras Paletrans s\u00e3o a escolha perfeita. Com design focado no operador, essas m\u00e1quinas garantem conforto e efici\u00eancia nas tarefas di\u00e1rias. A ergonomia das Empilhadeiras Paletrans n\u00e3o s\u00f3 otimiza a opera\u00e7\u00e3o, mas tamb\u00e9m melhora a seguran\u00e7a do trabalhador, prevenindo les\u00f5es e aumentando a produtividade. Investir em empilhadeiras de qualidade como as Paletrans \u00e9 garantir um ambiente de trabalho mais saud\u00e1vel e eficaz. A Nigro Equipamentos \u00e9 l\u00edder nesse segmento, oferecendo as melhores op\u00e7\u00f5es para compra, manuten\u00e7\u00e3o e loca\u00e7\u00e3o, tendo como foco a satisfa\u00e7\u00e3o do cliente e a excel\u00eancia em ergonomia.<\/p>\n","protected":false},"excerpt":{"rendered":"<p>Se voc\u00ea est\u00e1 em busca de empilhadeiras que priorizam a ergonomia, as Empilhadeiras Paletrans s\u00e3o a escolha perfeita. Com design focado no operador, essas m\u00e1quinas garantem conforto e efici\u00eancia nas tarefas di\u00e1rias. A ergonomia das Empilhadeiras Paletrans n\u00e3o s\u00f3 otimiza a opera\u00e7\u00e3o, mas tamb\u00e9m melhora a seguran\u00e7a do trabalhador, prevenindo les\u00f5es e aumentando a produtividade.&hellip;&nbsp;<a href=\"https:\/\/nigroequipamentos.com.br\/conteudo\/ergonomia-das-empilhadeiras-paletrans-a-revolucao-no-transporte-de-cargas\/\" class=\"\" rel=\"bookmark\">Continue a ler &raquo;<span class=\"screen-reader-text\">Ergonomia das Empilhadeiras Paletrans: A Revolu\u00e7\u00e3o no Transporte de Cargas<\/span><\/a><\/p>\n","protected":false},"author":3,"featured_media":0,"parent":0,"menu_order":0,"comment_status":"closed","ping_status":"closed","template":"","meta":{"_acf_changed":false,"_yoast_wpseo_focuskw":"Empilhadeiras Paletrans ergonomia","_yoast_wpseo_title":"Empilhadeiras Paletrans: Ergonomia e Seguran\u00e7a para o seu Neg\u00f3cio","_yoast_wpseo_metadesc":"Descubra como as Empilhadeiras Paletrans promovem ergonomia, seguran\u00e7a e efici\u00eancia. A Nigro Equipamentos \u00e9 a melhor op\u00e7\u00e3o para compra, manuten\u00e7\u00e3o e loca\u00e7\u00e3o.","neve_meta_sidebar":"","neve_meta_container":"","neve_meta_enable_content_width":"","neve_meta_content_width":0,"neve_meta_title_alignment":"","neve_meta_author_avatar":"","neve_post_elements_order":"","neve_meta_disable_header":"","neve_meta_disable_footer":"","neve_meta_disable_title":"","footnotes":""},"class_list":["post-99778","page","type-page","status-publish","hentry"],"acf":{"bloco1title":"Ergonomia Avan\u00e7ada","bloco1text":"As Empilhadeiras Paletrans s\u00e3o projetadas com foco total na ergonomia, garantindo conforto e seguran\u00e7a ao operador, ideal para longas jornadas de trabalho.","bloco2title":"Treinamentos Gratuitos","bloco2text":"A Nigro oferece treinamentos gratuitos para operadores, garantindo que o uso das Empilhadeiras Paletrans maximize a efici\u00eancia e seguran\u00e7a.","bloco3title":"Impacto na Sa\u00fade","bloco3text":"A ergonomia das Empilhadeiras Paletrans reduz o risco de les\u00f5es ocupacionais, proporcionando um ambiente de trabalho mais seguro e saud\u00e1vel, essencial para manter a produtividade.","posttitle":"Empilhadeiras Paletrans: Ergonomia e Efici\u00eancia no Transporte de Cargas","postcontent":"<strong>Ergonomia e Tecnologia<\/strong>\n\nAs Empilhadeiras Paletrans s\u00e3o reconhecidas pela excel\u00eancia em ergonomia, utilizando tecnologia de ponta para oferecer conforto aos operadores. A distribui\u00e7\u00e3o equilibrada do peso e os controles intuitivos tornam a opera\u00e7\u00e3o muito mais eficiente. \n\n<strong>Seguran\u00e7a e Conforto<\/strong>\n\nAl\u00e9m disso, as Empilhadeiras Paletrans priorizam a seguran\u00e7a, com recursos que minimizam o esfor\u00e7o f\u00edsico e previnem les\u00f5es. Isso significa que, ao escolher as Empilhadeiras Paletrans, voc\u00ea n\u00e3o est\u00e1 apenas adquirindo uma m\u00e1quina, mas investindo na sa\u00fade e bem-estar de sua equipe. \n\n<strong>Facilidade na Loca\u00e7\u00e3o e Manuten\u00e7\u00e3o<\/strong>\n\nA Nigro Equipamentos \u00e9 um dos principais fornecedores de Empilhadeiras Paletrans, oferecendo op\u00e7\u00f5es de compra, loca\u00e7\u00e3o e manuten\u00e7\u00e3o. Nossa equipe de especialistas garante que sua empilhadeira esteja sempre em \u00f3tima condi\u00e7\u00e3o, permitindo um uso seguro e eficaz. A escolha pela Nigro \u00e9 a escolha pela qualidade e pela ergonomia excepcional das Empilhadeiras Paletrans, proporcionando um retorno significativo sobre o investimento e maior satisfa\u00e7\u00e3o no trabalho. choisissez la meilleure option pour sua empresa!","insightwidtitle":"Curiosidades sobre Ergonomia","insightwidcontent":"A ergonomia n\u00e3o \u00e9 apenas importante para o conforto, mas tamb\u00e9m pode aumentar a produtividade em at\u00e9 30%. Empilhadeiras Paletrans, projetadas com este foco, ajudam a minimizar a fadiga dos operadores, fazendo com que eles se sintam mais motivados e energizados durante o expediente. Al\u00e9m disso, investir em ergonomia pode reduzir os custos com sa\u00fade ocupacional para as empresas, evidenciando a import\u00e2ncia de escolher equipamentos que priorizam esses aspectos."},"yoast_head":"<!-- This site is optimized with the Yoast SEO Premium plugin v18.3 (Yoast SEO v23.4) - https:\/\/yoast.com\/wordpress\/plugins\/seo\/ -->\n<title>Empilhadeiras Paletrans: Ergonomia e Seguran\u00e7a para o seu Neg\u00f3cio<\/title>\n<meta name=\"description\" content=\"Descubra como as Empilhadeiras Paletrans promovem ergonomia, seguran\u00e7a e efici\u00eancia. A Nigro Equipamentos \u00e9 a melhor op\u00e7\u00e3o para compra, manuten\u00e7\u00e3o e loca\u00e7\u00e3o.\" \/>\n<meta name=\"robots\" content=\"index, follow, max-snippet:-1, max-image-preview:large, max-video-preview:-1\" \/>\n<link rel=\"canonical\" href=\"https:\/\/nigroequipamentos.com.br\/conteudo\/ergonomia-das-empilhadeiras-paletrans-a-revolucao-no-transporte-de-cargas\/\" \/>\n<meta property=\"og:locale\" content=\"pt_BR\" \/>\n<meta property=\"og:type\" content=\"article\" \/>\n<meta property=\"og:title\" content=\"Ergonomia das Empilhadeiras Paletrans: A Revolu\u00e7\u00e3o no Transporte de Cargas\" \/>\n<meta property=\"og:description\" content=\"Descubra como as Empilhadeiras Paletrans promovem ergonomia, seguran\u00e7a e efici\u00eancia. A Nigro Equipamentos \u00e9 a melhor op\u00e7\u00e3o para compra, manuten\u00e7\u00e3o e loca\u00e7\u00e3o.\" \/>\n<meta property=\"og:url\" content=\"https:\/\/nigroequipamentos.com.br\/conteudo\/ergonomia-das-empilhadeiras-paletrans-a-revolucao-no-transporte-de-cargas\/\" \/>\n<meta property=\"og:site_name\" content=\"Nigro Equipamentos\" \/>\n<meta property=\"article:publisher\" content=\"https:\/\/www.facebook.com\/nigroequipamentos\" \/>\n<meta name=\"twitter:card\" content=\"summary_large_image\" \/>\n<meta name=\"twitter:label1\" content=\"Est. tempo de leitura\" \/>\n\t<meta name=\"twitter:data1\" content=\"1 minuto\" \/>\n<script type=\"application\/ld+json\" class=\"yoast-schema-graph\">{\"@context\":\"https:\/\/schema.org\",\"@graph\":[{\"@type\":\"WebPage\",\"@id\":\"https:\/\/nigroequipamentos.com.br\/conteudo\/ergonomia-das-empilhadeiras-paletrans-a-revolucao-no-transporte-de-cargas\/\",\"url\":\"https:\/\/nigroequipamentos.com.br\/conteudo\/ergonomia-das-empilhadeiras-paletrans-a-revolucao-no-transporte-de-cargas\/\",\"name\":\"Empilhadeiras Paletrans: Ergonomia e Seguran\u00e7a para o seu Neg\u00f3cio\",\"isPartOf\":{\"@id\":\"https:\/\/nigroequipamentos.com.br\/conteudo\/#website\"},\"datePublished\":\"2026-03-29T21:01:05+00:00\",\"dateModified\":\"2026-03-29T21:01:05+00:00\",\"description\":\"Descubra como as Empilhadeiras Paletrans promovem ergonomia, seguran\u00e7a e efici\u00eancia. A Nigro Equipamentos \u00e9 a melhor op\u00e7\u00e3o para compra, manuten\u00e7\u00e3o e loca\u00e7\u00e3o.\",\"breadcrumb\":{\"@id\":\"https:\/\/nigroequipamentos.com.br\/conteudo\/ergonomia-das-empilhadeiras-paletrans-a-revolucao-no-transporte-de-cargas\/#breadcrumb\"},\"inLanguage\":\"pt-BR\",\"potentialAction\":[{\"@type\":\"ReadAction\",\"target\":[\"https:\/\/nigroequipamentos.com.br\/conteudo\/ergonomia-das-empilhadeiras-paletrans-a-revolucao-no-transporte-de-cargas\/\"]}]},{\"@type\":\"BreadcrumbList\",\"@id\":\"https:\/\/nigroequipamentos.com.br\/conteudo\/ergonomia-das-empilhadeiras-paletrans-a-revolucao-no-transporte-de-cargas\/#breadcrumb\",\"itemListElement\":[{\"@type\":\"ListItem\",\"position\":1,\"name\":\"In\u00edcio\",\"item\":\"https:\/\/nigroequipamentos.com.br\/conteudo\/\"},{\"@type\":\"ListItem\",\"position\":2,\"name\":\"Ergonomia das Empilhadeiras Paletrans: A Revolu\u00e7\u00e3o no Transporte de Cargas\"}]},{\"@type\":\"WebSite\",\"@id\":\"https:\/\/nigroequipamentos.com.br\/conteudo\/#website\",\"url\":\"https:\/\/nigroequipamentos.com.br\/conteudo\/\",\"name\":\"Nigro Equipamentos\",\"description\":\"Loca\u00e7\u00e3o e Vendas\",\"publisher\":{\"@id\":\"https:\/\/nigroequipamentos.com.br\/conteudo\/#organization\"},\"potentialAction\":[{\"@type\":\"SearchAction\",\"target\":{\"@type\":\"EntryPoint\",\"urlTemplate\":\"https:\/\/nigroequipamentos.com.br\/conteudo\/?s={search_term_string}\"},\"query-input\":{\"@type\":\"PropertyValueSpecification\",\"valueRequired\":true,\"valueName\":\"search_term_string\"}}],\"inLanguage\":\"pt-BR\"},{\"@type\":\"Organization\",\"@id\":\"https:\/\/nigroequipamentos.com.br\/conteudo\/#organization\",\"name\":\"Nigro Equipamentos\",\"url\":\"https:\/\/nigroequipamentos.com.br\/conteudo\/\",\"logo\":{\"@type\":\"ImageObject\",\"inLanguage\":\"pt-BR\",\"@id\":\"https:\/\/nigroequipamentos.com.br\/conteudo\/#\/schema\/logo\/image\/\",\"url\":\"https:\/\/nigroequipamentos.com.br\/conteudo\/wp-content\/uploads\/2024\/10\/nigroequipamentos_logo.webp\",\"contentUrl\":\"https:\/\/nigroequipamentos.com.br\/conteudo\/wp-content\/uploads\/2024\/10\/nigroequipamentos_logo.webp\",\"width\":785,\"height\":355,\"caption\":\"Nigro Equipamentos\"},\"image\":{\"@id\":\"https:\/\/nigroequipamentos.com.br\/conteudo\/#\/schema\/logo\/image\/\"},\"sameAs\":[\"https:\/\/www.facebook.com\/nigroequipamentos\",\"https:\/\/www.instagram.com\/nigroequipamentos\/\"]}]}<\/script>\n<!-- \/ Yoast SEO Premium plugin. -->","yoast_head_json":{"title":"Empilhadeiras Paletrans: Ergonomia e Seguran\u00e7a para o seu Neg\u00f3cio","description":"Descubra como as Empilhadeiras Paletrans promovem ergonomia, seguran\u00e7a e efici\u00eancia. A Nigro Equipamentos \u00e9 a melhor op\u00e7\u00e3o para compra, manuten\u00e7\u00e3o e loca\u00e7\u00e3o.","robots":{"index":"index","follow":"follow","max-snippet":"max-snippet:-1","max-image-preview":"max-image-preview:large","max-video-preview":"max-video-preview:-1"},"canonical":"https:\/\/nigroequipamentos.com.br\/conteudo\/ergonomia-das-empilhadeiras-paletrans-a-revolucao-no-transporte-de-cargas\/","og_locale":"pt_BR","og_type":"article","og_title":"Ergonomia das Empilhadeiras Paletrans: A Revolu\u00e7\u00e3o no Transporte de Cargas","og_description":"Descubra como as Empilhadeiras Paletrans promovem ergonomia, seguran\u00e7a e efici\u00eancia. A Nigro Equipamentos \u00e9 a melhor op\u00e7\u00e3o para compra, manuten\u00e7\u00e3o e loca\u00e7\u00e3o.","og_url":"https:\/\/nigroequipamentos.com.br\/conteudo\/ergonomia-das-empilhadeiras-paletrans-a-revolucao-no-transporte-de-cargas\/","og_site_name":"Nigro Equipamentos","article_publisher":"https:\/\/www.facebook.com\/nigroequipamentos","twitter_card":"summary_large_image","twitter_misc":{"Est. tempo de leitura":"1 minuto"},"schema":{"@context":"https:\/\/schema.org","@graph":[{"@type":"WebPage","@id":"https:\/\/nigroequipamentos.com.br\/conteudo\/ergonomia-das-empilhadeiras-paletrans-a-revolucao-no-transporte-de-cargas\/","url":"https:\/\/nigroequipamentos.com.br\/conteudo\/ergonomia-das-empilhadeiras-paletrans-a-revolucao-no-transporte-de-cargas\/","name":"Empilhadeiras Paletrans: Ergonomia e Seguran\u00e7a para o seu Neg\u00f3cio","isPartOf":{"@id":"https:\/\/nigroequipamentos.com.br\/conteudo\/#website"},"datePublished":"2026-03-29T21:01:05+00:00","dateModified":"2026-03-29T21:01:05+00:00","description":"Descubra como as Empilhadeiras Paletrans promovem ergonomia, seguran\u00e7a e efici\u00eancia. A Nigro Equipamentos \u00e9 a melhor op\u00e7\u00e3o para compra, manuten\u00e7\u00e3o e loca\u00e7\u00e3o.","breadcrumb":{"@id":"https:\/\/nigroequipamentos.com.br\/conteudo\/ergonomia-das-empilhadeiras-paletrans-a-revolucao-no-transporte-de-cargas\/#breadcrumb"},"inLanguage":"pt-BR","potentialAction":[{"@type":"ReadAction","target":["https:\/\/nigroequipamentos.com.br\/conteudo\/ergonomia-das-empilhadeiras-paletrans-a-revolucao-no-transporte-de-cargas\/"]}]},{"@type":"BreadcrumbList","@id":"https:\/\/nigroequipamentos.com.br\/conteudo\/ergonomia-das-empilhadeiras-paletrans-a-revolucao-no-transporte-de-cargas\/#breadcrumb","itemListElement":[{"@type":"ListItem","position":1,"name":"In\u00edcio","item":"https:\/\/nigroequipamentos.com.br\/conteudo\/"},{"@type":"ListItem","position":2,"name":"Ergonomia das Empilhadeiras Paletrans: A Revolu\u00e7\u00e3o no Transporte de Cargas"}]},{"@type":"WebSite","@id":"https:\/\/nigroequipamentos.com.br\/conteudo\/#website","url":"https:\/\/nigroequipamentos.com.br\/conteudo\/","name":"Nigro Equipamentos","description":"Loca\u00e7\u00e3o e Vendas","publisher":{"@id":"https:\/\/nigroequipamentos.com.br\/conteudo\/#organization"},"potentialAction":[{"@type":"SearchAction","target":{"@type":"EntryPoint","urlTemplate":"https:\/\/nigroequipamentos.com.br\/conteudo\/?s={search_term_string}"},"query-input":{"@type":"PropertyValueSpecification","valueRequired":true,"valueName":"search_term_string"}}],"inLanguage":"pt-BR"},{"@type":"Organization","@id":"https:\/\/nigroequipamentos.com.br\/conteudo\/#organization","name":"Nigro Equipamentos","url":"https:\/\/nigroequipamentos.com.br\/conteudo\/","logo":{"@type":"ImageObject","inLanguage":"pt-BR","@id":"https:\/\/nigroequipamentos.com.br\/conteudo\/#\/schema\/logo\/image\/","url":"https:\/\/nigroequipamentos.com.br\/conteudo\/wp-content\/uploads\/2024\/10\/nigroequipamentos_logo.webp","contentUrl":"https:\/\/nigroequipamentos.com.br\/conteudo\/wp-content\/uploads\/2024\/10\/nigroequipamentos_logo.webp","width":785,"height":355,"caption":"Nigro Equipamentos"},"image":{"@id":"https:\/\/nigroequipamentos.com.br\/conteudo\/#\/schema\/logo\/image\/"},"sameAs":["https:\/\/www.facebook.com\/nigroequipamentos","https:\/\/www.instagram.com\/nigroequipamentos\/"]}]}},"_links":{"self":[{"href":"https:\/\/nigroequipamentos.com.br\/conteudo\/wp-json\/wp\/v2\/pages\/99778","targetHints":{"allow":["GET"]}}],"collection":[{"href":"https:\/\/nigroequipamentos.com.br\/conteudo\/wp-json\/wp\/v2\/pages"}],"about":[{"href":"https:\/\/nigroequipamentos.com.br\/conteudo\/wp-json\/wp\/v2\/types\/page"}],"author":[{"embeddable":true,"href":"https:\/\/nigroequipamentos.com.br\/conteudo\/wp-json\/wp\/v2\/users\/3"}],"replies":[{"embeddable":true,"href":"https:\/\/nigroequipamentos.com.br\/conteudo\/wp-json\/wp\/v2\/comments?post=99778"}],"version-history":[{"count":0,"href":"https:\/\/nigroequipamentos.com.br\/conteudo\/wp-json\/wp\/v2\/pages\/99778\/revisions"}],"wp:attachment":[{"href":"https:\/\/nigroequipamentos.com.br\/conteudo\/wp-json\/wp\/v2\/media?parent=99778"}],"curies":[{"name":"wp","href":"https:\/\/api.w.org\/{rel}","templated":true}]}}