{"id":99536,"date":"2026-03-28T15:01:03","date_gmt":"2026-03-28T18:01:03","guid":{"rendered":"https:\/\/nigroequipamentos.com.br\/conteudo\/empilhadeira-paletrans-atacado-a-solucao-eficiente-para-sua-empresa\/"},"modified":"2026-03-28T15:01:03","modified_gmt":"2026-03-28T18:01:03","slug":"empilhadeira-paletrans-atacado-a-solucao-eficiente-para-sua-empresa","status":"publish","type":"page","link":"https:\/\/nigroequipamentos.com.br\/conteudo\/empilhadeira-paletrans-atacado-a-solucao-eficiente-para-sua-empresa\/","title":{"rendered":"Empilhadeira Paletrans Atacado: A Solu\u00e7\u00e3o Eficiente para sua Empresa"},"content":{"rendered":"<p>Se voc\u00ea est\u00e1 em busca de uma empilhadeira Paletrans no atacado, voc\u00ea chegou ao lugar certo! As empilhadeiras Paletrans s\u00e3o reconhecidas pela sua robustez e efici\u00eancia, perfeitas para otimizar o manuseio de cargas em diversos setores. Com a Nigro Equipamentos, voc\u00ea encontra variados modelos de empilhadeiras Paletrans para atacado, garantindo a melhor op\u00e7\u00e3o para sua opera\u00e7\u00e3o. N\u00e3o perca tempo e confira a qualidade e efici\u00eancia que as empilhadeiras Paletrans oferecem! A Nigro Equipamentos se destaca como a refer\u00eancia quando se trata de empilhadeiras Paletrans em atacado, atuando no mercado com experi\u00eancia e expertise ao longo dos anos. Aqui, voc\u00ea tem a garantia de confiabilidade e qualidade nas suas escolhas, seja para compra, manuten\u00e7\u00e3o ou loca\u00e7\u00e3o de empilhadeiras Paletrans.<\/p>\n","protected":false},"excerpt":{"rendered":"<p>Se voc\u00ea est\u00e1 em busca de uma empilhadeira Paletrans no atacado, voc\u00ea chegou ao lugar certo! As empilhadeiras Paletrans s\u00e3o reconhecidas pela sua robustez e efici\u00eancia, perfeitas para otimizar o manuseio de cargas em diversos setores. Com a Nigro Equipamentos, voc\u00ea encontra variados modelos de empilhadeiras Paletrans para atacado, garantindo a melhor op\u00e7\u00e3o para sua&hellip;&nbsp;<a href=\"https:\/\/nigroequipamentos.com.br\/conteudo\/empilhadeira-paletrans-atacado-a-solucao-eficiente-para-sua-empresa\/\" class=\"\" rel=\"bookmark\">Continue a ler &raquo;<span class=\"screen-reader-text\">Empilhadeira Paletrans Atacado: A Solu\u00e7\u00e3o Eficiente para sua Empresa<\/span><\/a><\/p>\n","protected":false},"author":3,"featured_media":0,"parent":0,"menu_order":0,"comment_status":"closed","ping_status":"closed","template":"","meta":{"_acf_changed":false,"_yoast_wpseo_focuskw":"Empilhadeira Paletrans atacado","_yoast_wpseo_title":"Empilhadeira Paletrans Atacado - Nigro Equipamentos","_yoast_wpseo_metadesc":"Descubra a linha completa de empilhadeiras Paletrans no atacado na Nigro Equipamentos. Qualidade e efici\u00eancia para seu neg\u00f3cio.","neve_meta_sidebar":"","neve_meta_container":"","neve_meta_enable_content_width":"","neve_meta_content_width":0,"neve_meta_title_alignment":"","neve_meta_author_avatar":"","neve_post_elements_order":"","neve_meta_disable_header":"","neve_meta_disable_footer":"","neve_meta_disable_title":"","footnotes":""},"class_list":["post-99536","page","type-page","status-publish","hentry"],"acf":{"bloco1title":"Qualidade Superior","bloco1text":"As empilhadeiras Paletrans da Nigro s\u00e3o conhecidas pela sua durabilidade e performance excepcional.","bloco2title":"Atendimento Especializado","bloco2text":"Nossa equipe de especialistas est\u00e1 sempre pronta para ajudar na escolha da melhor empilhadeira Paletrans.","bloco3title":"Tecnologia Avan\u00e7ada","bloco3text":"Incorporamos as \u00faltimas inova\u00e7\u00f5es tecnol\u00f3gicas nas empilhadeiras Paletrans, assegurando processos mais eficientes.","posttitle":"Por que Escolher Empilhadeira Paletrans Atacado com a Nigro Equipamentos?","postcontent":"<strong>Entenda os benef\u00edcios das empilhadeiras Paletrans<\/strong> no atacado com a Nigro Equipamentos. Este modelo \u00e9 ideal para empresas que lidam com grandes volumes de carga e buscam efici\u00eancia. As empilhadeiras Paletrans t\u00eam a capacidade de movimentar palettes e caixas de forma r\u00e1pida e segura, otimizado o espa\u00e7o no seu armaz\u00e9m. Al\u00e9m disso, elas s\u00e3o projetadas para proporcionar conforto ao operador, aumentando a produtividade. Na Nigro, ao optar pelas empilhadeiras Paletrans no atacado, voc\u00ea conta com a qualidade de um produto testado e aprovado no mercado. Adquirir uma empilhadeira Paletrans \u00e9 um investimento que traz retorno garantido, j\u00e1 que sua durabilidade e for\u00e7a fazem a diferen\u00e7a no dia a dia operacional. Outro benef\u00edcio das empilhadeiras Paletrans oferecidas pela Nigro \u00e9 a facilidade de manuten\u00e7\u00e3o, com suporte especializado dispon\u00edvel sempre que voc\u00ea precisar. Adicionalmente, a variedade de modelos dispon\u00edveis permite que cada cliente encontre a empilhadeira Paletrans que melhor se adapta \u00e0 sua necessidade, seja para compra ou loca\u00e7\u00e3o. <strong>Conclus\u00e3o:<\/strong> escolha a Nigro Equipamentos para garantir a melhor op\u00e7\u00e3o em empilhadeiras Paletrans atacado e experimente a excel\u00eancia no manuseio de cargas.","insightwidtitle":"Curiosidades sobre Empilhadeiras Paletrans","insightwidcontent":"Voc\u00ea sabia que as empilhadeiras Paletrans s\u00e3o projetadas para funcionar em espa\u00e7os compactos? Elas s\u00e3o ideais para ambientes com layout reduzido, permitindo maior manobrabilidade. Al\u00e9m disso, a Paletrans \u00e9 conhecida por sua capacidade de suportar cargas pesadas, tornando-se uma aliada indispens\u00e1vel em armaz\u00e9ns e centros de distribui\u00e7\u00e3o. Este tipo de empilhadeira \u00e9 um dos mais procurados na ind\u00fastria devido ao seu custo-benef\u00edcio e efici\u00eancia na movimenta\u00e7\u00e3o de cargas."},"yoast_head":"<!-- This site is optimized with the Yoast SEO Premium plugin v18.3 (Yoast SEO v23.4) - https:\/\/yoast.com\/wordpress\/plugins\/seo\/ -->\n<title>Empilhadeira Paletrans Atacado - Nigro Equipamentos<\/title>\n<meta name=\"description\" content=\"Descubra a linha completa de empilhadeiras Paletrans no atacado na Nigro Equipamentos. Qualidade e efici\u00eancia para seu neg\u00f3cio.\" \/>\n<meta name=\"robots\" content=\"index, follow, max-snippet:-1, max-image-preview:large, max-video-preview:-1\" \/>\n<link rel=\"canonical\" href=\"https:\/\/nigroequipamentos.com.br\/conteudo\/empilhadeira-paletrans-atacado-a-solucao-eficiente-para-sua-empresa\/\" \/>\n<meta property=\"og:locale\" content=\"pt_BR\" \/>\n<meta property=\"og:type\" content=\"article\" \/>\n<meta property=\"og:title\" content=\"Empilhadeira Paletrans Atacado: A Solu\u00e7\u00e3o Eficiente para sua Empresa\" \/>\n<meta property=\"og:description\" content=\"Descubra a linha completa de empilhadeiras Paletrans no atacado na Nigro Equipamentos. Qualidade e efici\u00eancia para seu neg\u00f3cio.\" \/>\n<meta property=\"og:url\" content=\"https:\/\/nigroequipamentos.com.br\/conteudo\/empilhadeira-paletrans-atacado-a-solucao-eficiente-para-sua-empresa\/\" \/>\n<meta property=\"og:site_name\" content=\"Nigro Equipamentos\" \/>\n<meta property=\"article:publisher\" content=\"https:\/\/www.facebook.com\/nigroequipamentos\" \/>\n<meta name=\"twitter:card\" content=\"summary_large_image\" \/>\n<meta name=\"twitter:label1\" content=\"Est. tempo de leitura\" \/>\n\t<meta name=\"twitter:data1\" content=\"1 minuto\" \/>\n<script type=\"application\/ld+json\" class=\"yoast-schema-graph\">{\"@context\":\"https:\/\/schema.org\",\"@graph\":[{\"@type\":\"WebPage\",\"@id\":\"https:\/\/nigroequipamentos.com.br\/conteudo\/empilhadeira-paletrans-atacado-a-solucao-eficiente-para-sua-empresa\/\",\"url\":\"https:\/\/nigroequipamentos.com.br\/conteudo\/empilhadeira-paletrans-atacado-a-solucao-eficiente-para-sua-empresa\/\",\"name\":\"Empilhadeira Paletrans Atacado - Nigro Equipamentos\",\"isPartOf\":{\"@id\":\"https:\/\/nigroequipamentos.com.br\/conteudo\/#website\"},\"datePublished\":\"2026-03-28T18:01:03+00:00\",\"dateModified\":\"2026-03-28T18:01:03+00:00\",\"description\":\"Descubra a linha completa de empilhadeiras Paletrans no atacado na Nigro Equipamentos. Qualidade e efici\u00eancia para seu neg\u00f3cio.\",\"breadcrumb\":{\"@id\":\"https:\/\/nigroequipamentos.com.br\/conteudo\/empilhadeira-paletrans-atacado-a-solucao-eficiente-para-sua-empresa\/#breadcrumb\"},\"inLanguage\":\"pt-BR\",\"potentialAction\":[{\"@type\":\"ReadAction\",\"target\":[\"https:\/\/nigroequipamentos.com.br\/conteudo\/empilhadeira-paletrans-atacado-a-solucao-eficiente-para-sua-empresa\/\"]}]},{\"@type\":\"BreadcrumbList\",\"@id\":\"https:\/\/nigroequipamentos.com.br\/conteudo\/empilhadeira-paletrans-atacado-a-solucao-eficiente-para-sua-empresa\/#breadcrumb\",\"itemListElement\":[{\"@type\":\"ListItem\",\"position\":1,\"name\":\"In\u00edcio\",\"item\":\"https:\/\/nigroequipamentos.com.br\/conteudo\/\"},{\"@type\":\"ListItem\",\"position\":2,\"name\":\"Empilhadeira Paletrans Atacado: A Solu\u00e7\u00e3o Eficiente para sua Empresa\"}]},{\"@type\":\"WebSite\",\"@id\":\"https:\/\/nigroequipamentos.com.br\/conteudo\/#website\",\"url\":\"https:\/\/nigroequipamentos.com.br\/conteudo\/\",\"name\":\"Nigro Equipamentos\",\"description\":\"Loca\u00e7\u00e3o e Vendas\",\"publisher\":{\"@id\":\"https:\/\/nigroequipamentos.com.br\/conteudo\/#organization\"},\"potentialAction\":[{\"@type\":\"SearchAction\",\"target\":{\"@type\":\"EntryPoint\",\"urlTemplate\":\"https:\/\/nigroequipamentos.com.br\/conteudo\/?s={search_term_string}\"},\"query-input\":{\"@type\":\"PropertyValueSpecification\",\"valueRequired\":true,\"valueName\":\"search_term_string\"}}],\"inLanguage\":\"pt-BR\"},{\"@type\":\"Organization\",\"@id\":\"https:\/\/nigroequipamentos.com.br\/conteudo\/#organization\",\"name\":\"Nigro Equipamentos\",\"url\":\"https:\/\/nigroequipamentos.com.br\/conteudo\/\",\"logo\":{\"@type\":\"ImageObject\",\"inLanguage\":\"pt-BR\",\"@id\":\"https:\/\/nigroequipamentos.com.br\/conteudo\/#\/schema\/logo\/image\/\",\"url\":\"https:\/\/nigroequipamentos.com.br\/conteudo\/wp-content\/uploads\/2024\/10\/nigroequipamentos_logo.webp\",\"contentUrl\":\"https:\/\/nigroequipamentos.com.br\/conteudo\/wp-content\/uploads\/2024\/10\/nigroequipamentos_logo.webp\",\"width\":785,\"height\":355,\"caption\":\"Nigro Equipamentos\"},\"image\":{\"@id\":\"https:\/\/nigroequipamentos.com.br\/conteudo\/#\/schema\/logo\/image\/\"},\"sameAs\":[\"https:\/\/www.facebook.com\/nigroequipamentos\",\"https:\/\/www.instagram.com\/nigroequipamentos\/\"]}]}<\/script>\n<!-- \/ Yoast SEO Premium plugin. -->","yoast_head_json":{"title":"Empilhadeira Paletrans Atacado - Nigro Equipamentos","description":"Descubra a linha completa de empilhadeiras Paletrans no atacado na Nigro Equipamentos. Qualidade e efici\u00eancia para seu neg\u00f3cio.","robots":{"index":"index","follow":"follow","max-snippet":"max-snippet:-1","max-image-preview":"max-image-preview:large","max-video-preview":"max-video-preview:-1"},"canonical":"https:\/\/nigroequipamentos.com.br\/conteudo\/empilhadeira-paletrans-atacado-a-solucao-eficiente-para-sua-empresa\/","og_locale":"pt_BR","og_type":"article","og_title":"Empilhadeira Paletrans Atacado: A Solu\u00e7\u00e3o Eficiente para sua Empresa","og_description":"Descubra a linha completa de empilhadeiras Paletrans no atacado na Nigro Equipamentos. Qualidade e efici\u00eancia para seu neg\u00f3cio.","og_url":"https:\/\/nigroequipamentos.com.br\/conteudo\/empilhadeira-paletrans-atacado-a-solucao-eficiente-para-sua-empresa\/","og_site_name":"Nigro Equipamentos","article_publisher":"https:\/\/www.facebook.com\/nigroequipamentos","twitter_card":"summary_large_image","twitter_misc":{"Est. tempo de leitura":"1 minuto"},"schema":{"@context":"https:\/\/schema.org","@graph":[{"@type":"WebPage","@id":"https:\/\/nigroequipamentos.com.br\/conteudo\/empilhadeira-paletrans-atacado-a-solucao-eficiente-para-sua-empresa\/","url":"https:\/\/nigroequipamentos.com.br\/conteudo\/empilhadeira-paletrans-atacado-a-solucao-eficiente-para-sua-empresa\/","name":"Empilhadeira Paletrans Atacado - Nigro Equipamentos","isPartOf":{"@id":"https:\/\/nigroequipamentos.com.br\/conteudo\/#website"},"datePublished":"2026-03-28T18:01:03+00:00","dateModified":"2026-03-28T18:01:03+00:00","description":"Descubra a linha completa de empilhadeiras Paletrans no atacado na Nigro Equipamentos. Qualidade e efici\u00eancia para seu neg\u00f3cio.","breadcrumb":{"@id":"https:\/\/nigroequipamentos.com.br\/conteudo\/empilhadeira-paletrans-atacado-a-solucao-eficiente-para-sua-empresa\/#breadcrumb"},"inLanguage":"pt-BR","potentialAction":[{"@type":"ReadAction","target":["https:\/\/nigroequipamentos.com.br\/conteudo\/empilhadeira-paletrans-atacado-a-solucao-eficiente-para-sua-empresa\/"]}]},{"@type":"BreadcrumbList","@id":"https:\/\/nigroequipamentos.com.br\/conteudo\/empilhadeira-paletrans-atacado-a-solucao-eficiente-para-sua-empresa\/#breadcrumb","itemListElement":[{"@type":"ListItem","position":1,"name":"In\u00edcio","item":"https:\/\/nigroequipamentos.com.br\/conteudo\/"},{"@type":"ListItem","position":2,"name":"Empilhadeira Paletrans Atacado: A Solu\u00e7\u00e3o Eficiente para sua Empresa"}]},{"@type":"WebSite","@id":"https:\/\/nigroequipamentos.com.br\/conteudo\/#website","url":"https:\/\/nigroequipamentos.com.br\/conteudo\/","name":"Nigro Equipamentos","description":"Loca\u00e7\u00e3o e Vendas","publisher":{"@id":"https:\/\/nigroequipamentos.com.br\/conteudo\/#organization"},"potentialAction":[{"@type":"SearchAction","target":{"@type":"EntryPoint","urlTemplate":"https:\/\/nigroequipamentos.com.br\/conteudo\/?s={search_term_string}"},"query-input":{"@type":"PropertyValueSpecification","valueRequired":true,"valueName":"search_term_string"}}],"inLanguage":"pt-BR"},{"@type":"Organization","@id":"https:\/\/nigroequipamentos.com.br\/conteudo\/#organization","name":"Nigro Equipamentos","url":"https:\/\/nigroequipamentos.com.br\/conteudo\/","logo":{"@type":"ImageObject","inLanguage":"pt-BR","@id":"https:\/\/nigroequipamentos.com.br\/conteudo\/#\/schema\/logo\/image\/","url":"https:\/\/nigroequipamentos.com.br\/conteudo\/wp-content\/uploads\/2024\/10\/nigroequipamentos_logo.webp","contentUrl":"https:\/\/nigroequipamentos.com.br\/conteudo\/wp-content\/uploads\/2024\/10\/nigroequipamentos_logo.webp","width":785,"height":355,"caption":"Nigro Equipamentos"},"image":{"@id":"https:\/\/nigroequipamentos.com.br\/conteudo\/#\/schema\/logo\/image\/"},"sameAs":["https:\/\/www.facebook.com\/nigroequipamentos","https:\/\/www.instagram.com\/nigroequipamentos\/"]}]}},"_links":{"self":[{"href":"https:\/\/nigroequipamentos.com.br\/conteudo\/wp-json\/wp\/v2\/pages\/99536","targetHints":{"allow":["GET"]}}],"collection":[{"href":"https:\/\/nigroequipamentos.com.br\/conteudo\/wp-json\/wp\/v2\/pages"}],"about":[{"href":"https:\/\/nigroequipamentos.com.br\/conteudo\/wp-json\/wp\/v2\/types\/page"}],"author":[{"embeddable":true,"href":"https:\/\/nigroequipamentos.com.br\/conteudo\/wp-json\/wp\/v2\/users\/3"}],"replies":[{"embeddable":true,"href":"https:\/\/nigroequipamentos.com.br\/conteudo\/wp-json\/wp\/v2\/comments?post=99536"}],"version-history":[{"count":0,"href":"https:\/\/nigroequipamentos.com.br\/conteudo\/wp-json\/wp\/v2\/pages\/99536\/revisions"}],"wp:attachment":[{"href":"https:\/\/nigroequipamentos.com.br\/conteudo\/wp-json\/wp\/v2\/media?parent=99536"}],"curies":[{"name":"wp","href":"https:\/\/api.w.org\/{rel}","templated":true}]}}