{"id":99049,"date":"2026-03-26T08:46:03","date_gmt":"2026-03-26T11:46:03","guid":{"rendered":"https:\/\/nigroequipamentos.com.br\/conteudo\/empilhadeira-paletrans-transformando-a-logistica-moderna\/"},"modified":"2026-03-26T08:46:03","modified_gmt":"2026-03-26T11:46:03","slug":"empilhadeira-paletrans-transformando-a-logistica-moderna","status":"publish","type":"page","link":"https:\/\/nigroequipamentos.com.br\/conteudo\/empilhadeira-paletrans-transformando-a-logistica-moderna\/","title":{"rendered":"Empilhadeira Paletrans: Transformando a Log\u00edstica Moderna"},"content":{"rendered":"<p>A empilhadeira Paletrans \u00e9 uma ferramenta essencial na log\u00edstica contempor\u00e2nea, permitindo um transporte \u00e1gil e eficiente de materiais. Este equipamento \u00e9 ideal para otimizar o espa\u00e7o e facilitar a movimenta\u00e7\u00e3o em armaz\u00e9ns e centros de distribui\u00e7\u00e3o. Com a empilhadeira Paletrans, empresas conseguem aumentar sua efici\u00eancia operacional, reduzindo custos e melhorando o fluxo de trabalho. A Nigro Equipamentos se destaca na oferta de empilhadeiras Paletrans, oferecendo n\u00e3o apenas a venda, mas tamb\u00e9m manuten\u00e7\u00e3o e loca\u00e7\u00e3o desse equipamento que \u00e9 sin\u00f4nimo de agilidade e seguran\u00e7a na log\u00edstica. Close na empilhadeira Paletrans e conhe\u00e7a as vantagens que esse equipamento pode trazer para sua opera\u00e7\u00e3o.<\/p>\n","protected":false},"excerpt":{"rendered":"<p>A empilhadeira Paletrans \u00e9 uma ferramenta essencial na log\u00edstica contempor\u00e2nea, permitindo um transporte \u00e1gil e eficiente de materiais. Este equipamento \u00e9 ideal para otimizar o espa\u00e7o e facilitar a movimenta\u00e7\u00e3o em armaz\u00e9ns e centros de distribui\u00e7\u00e3o. Com a empilhadeira Paletrans, empresas conseguem aumentar sua efici\u00eancia operacional, reduzindo custos e melhorando o fluxo de trabalho. A&hellip;&nbsp;<a href=\"https:\/\/nigroequipamentos.com.br\/conteudo\/empilhadeira-paletrans-transformando-a-logistica-moderna\/\" class=\"\" rel=\"bookmark\">Continue a ler &raquo;<span class=\"screen-reader-text\">Empilhadeira Paletrans: Transformando a Log\u00edstica Moderna<\/span><\/a><\/p>\n","protected":false},"author":3,"featured_media":0,"parent":0,"menu_order":0,"comment_status":"closed","ping_status":"closed","template":"","meta":{"_acf_changed":false,"_yoast_wpseo_focuskw":"Empilhadeira Paletrans log\u00edstica","_yoast_wpseo_title":"Empilhadeira Paletrans: A Solu\u00e7\u00e3o Eficiente para sua Log\u00edstica","_yoast_wpseo_metadesc":"Descubra como a empilhadeira Paletrans da Nigro Equipamentos revoluciona sua opera\u00e7\u00e3o log\u00edstica com qualidade e efici\u00eancia.","neve_meta_sidebar":"","neve_meta_container":"","neve_meta_enable_content_width":"","neve_meta_content_width":0,"neve_meta_title_alignment":"","neve_meta_author_avatar":"","neve_post_elements_order":"","neve_meta_disable_header":"","neve_meta_disable_footer":"","neve_meta_disable_title":"","footnotes":""},"class_list":["post-99049","page","type-page","status-publish","hentry"],"acf":{"bloco1title":"Qualidade Garantiada","bloco1text":"A Nigro Equipamentos garante qualidade e durabilidade nas suas empilhadeiras Paletrans, com suporte t\u00e9cnico especializado.","bloco2title":"Suporte Especializado","bloco2text":"Nossos profissionais est\u00e3o prontos para oferecer suporte t\u00e9cnico em todas as etapas do uso da empilhadeira Paletrans.","bloco3title":"Efici\u00eancia Log\u00edstica","bloco3text":"Investir em empilhadeiras Paletrans \u00e9 garantir uma log\u00edstica mais r\u00e1pida, reduzindo o tempo de manuseio e aumentando a produtividade.","posttitle":"Como a Empilhadeira Paletrans Revoluciona a Log\u00edstica Empresarial","postcontent":"<strong>O impacto da empilhadeira Paletrans na log\u00edstica<\/strong> \u00e9 imenso, proporcionando agilidade e seguran\u00e7a nas opera\u00e7\u00f5es. Este tipo de empilhadeira tem se tornado um item indispens\u00e1vel para empresas que buscam otimizar sua cadeia produtiva. Com a empilhadeira Paletrans, \u00e9 poss\u00edvel armazenar uma maior quantidade de produtos em menos espa\u00e7o, permitindo que as opera\u00e7\u00f5es log\u00edsticas sejam realizadas de forma mais eficiente. Al\u00e9m disso, a empilhadeira Paletrans oferece um aumento significativo na seguran\u00e7a dos operadores, reduzindo o risco de acidentes durante a movimenta\u00e7\u00e3o de cargas pesadas. Este equipamento robusto \u00e9 ideal para diversos segmentos, desde ind\u00fastrias at\u00e9 varejo, se adaptando \u00e0s necessidades de cada neg\u00f3cio. Para garantir o melhor desempenho, a Nigro Equipamentos fornece n\u00e3o apenas a venda de empilhadeiras Paletrans, mas tamb\u00e9m servi\u00e7os de manuten\u00e7\u00e3o de alta qualidade. Invista na sua log\u00edstica com a empilhadeira Paletrans e veja sua produtividade crescer!","insightwidtitle":"Curiosidades sobre Empilhadeiras","insightwidcontent":"Voc\u00ea sabia que a empilhadeira Paletrans \u00e9 reconhecida por sua versatilidade? Com diferentes configura\u00e7\u00f5es, ela pode ser utilizada em ambientes diversos, desde armaz\u00e9ns at\u00e9 f\u00e1bricas. Isso a torna uma escolha popular entre gestores que buscam solu\u00e7\u00f5es pr\u00e1ticas para otimiza\u00e7\u00e3o do espa\u00e7o. Al\u00e9m disso, a manuten\u00e7\u00e3o regular das empilhadeiras Paletrans \u00e9 crucial para maximizar sua vida \u00fatil e efici\u00eancia, contribuindo assim para uma opera\u00e7\u00e3o log\u00edstica mais sustent\u00e1vel e segura."},"yoast_head":"<!-- This site is optimized with the Yoast SEO Premium plugin v18.3 (Yoast SEO v23.4) - https:\/\/yoast.com\/wordpress\/plugins\/seo\/ -->\n<title>Empilhadeira Paletrans: A Solu\u00e7\u00e3o Eficiente para sua Log\u00edstica<\/title>\n<meta name=\"description\" content=\"Descubra como a empilhadeira Paletrans da Nigro Equipamentos revoluciona sua opera\u00e7\u00e3o log\u00edstica com qualidade e efici\u00eancia.\" \/>\n<meta name=\"robots\" content=\"index, follow, max-snippet:-1, max-image-preview:large, max-video-preview:-1\" \/>\n<link rel=\"canonical\" href=\"https:\/\/nigroequipamentos.com.br\/conteudo\/empilhadeira-paletrans-transformando-a-logistica-moderna\/\" \/>\n<meta property=\"og:locale\" content=\"pt_BR\" \/>\n<meta property=\"og:type\" content=\"article\" \/>\n<meta property=\"og:title\" content=\"Empilhadeira Paletrans: Transformando a Log\u00edstica Moderna\" \/>\n<meta property=\"og:description\" content=\"Descubra como a empilhadeira Paletrans da Nigro Equipamentos revoluciona sua opera\u00e7\u00e3o log\u00edstica com qualidade e efici\u00eancia.\" \/>\n<meta property=\"og:url\" content=\"https:\/\/nigroequipamentos.com.br\/conteudo\/empilhadeira-paletrans-transformando-a-logistica-moderna\/\" \/>\n<meta property=\"og:site_name\" content=\"Nigro Equipamentos\" \/>\n<meta property=\"article:publisher\" content=\"https:\/\/www.facebook.com\/nigroequipamentos\" \/>\n<meta name=\"twitter:card\" content=\"summary_large_image\" \/>\n<meta name=\"twitter:label1\" content=\"Est. tempo de leitura\" \/>\n\t<meta name=\"twitter:data1\" content=\"1 minuto\" \/>\n<script type=\"application\/ld+json\" class=\"yoast-schema-graph\">{\"@context\":\"https:\/\/schema.org\",\"@graph\":[{\"@type\":\"WebPage\",\"@id\":\"https:\/\/nigroequipamentos.com.br\/conteudo\/empilhadeira-paletrans-transformando-a-logistica-moderna\/\",\"url\":\"https:\/\/nigroequipamentos.com.br\/conteudo\/empilhadeira-paletrans-transformando-a-logistica-moderna\/\",\"name\":\"Empilhadeira Paletrans: A Solu\u00e7\u00e3o Eficiente para sua Log\u00edstica\",\"isPartOf\":{\"@id\":\"https:\/\/nigroequipamentos.com.br\/conteudo\/#website\"},\"datePublished\":\"2026-03-26T11:46:03+00:00\",\"dateModified\":\"2026-03-26T11:46:03+00:00\",\"description\":\"Descubra como a empilhadeira Paletrans da Nigro Equipamentos revoluciona sua opera\u00e7\u00e3o log\u00edstica com qualidade e efici\u00eancia.\",\"breadcrumb\":{\"@id\":\"https:\/\/nigroequipamentos.com.br\/conteudo\/empilhadeira-paletrans-transformando-a-logistica-moderna\/#breadcrumb\"},\"inLanguage\":\"pt-BR\",\"potentialAction\":[{\"@type\":\"ReadAction\",\"target\":[\"https:\/\/nigroequipamentos.com.br\/conteudo\/empilhadeira-paletrans-transformando-a-logistica-moderna\/\"]}]},{\"@type\":\"BreadcrumbList\",\"@id\":\"https:\/\/nigroequipamentos.com.br\/conteudo\/empilhadeira-paletrans-transformando-a-logistica-moderna\/#breadcrumb\",\"itemListElement\":[{\"@type\":\"ListItem\",\"position\":1,\"name\":\"In\u00edcio\",\"item\":\"https:\/\/nigroequipamentos.com.br\/conteudo\/\"},{\"@type\":\"ListItem\",\"position\":2,\"name\":\"Empilhadeira Paletrans: Transformando a Log\u00edstica Moderna\"}]},{\"@type\":\"WebSite\",\"@id\":\"https:\/\/nigroequipamentos.com.br\/conteudo\/#website\",\"url\":\"https:\/\/nigroequipamentos.com.br\/conteudo\/\",\"name\":\"Nigro Equipamentos\",\"description\":\"Loca\u00e7\u00e3o e Vendas\",\"publisher\":{\"@id\":\"https:\/\/nigroequipamentos.com.br\/conteudo\/#organization\"},\"potentialAction\":[{\"@type\":\"SearchAction\",\"target\":{\"@type\":\"EntryPoint\",\"urlTemplate\":\"https:\/\/nigroequipamentos.com.br\/conteudo\/?s={search_term_string}\"},\"query-input\":{\"@type\":\"PropertyValueSpecification\",\"valueRequired\":true,\"valueName\":\"search_term_string\"}}],\"inLanguage\":\"pt-BR\"},{\"@type\":\"Organization\",\"@id\":\"https:\/\/nigroequipamentos.com.br\/conteudo\/#organization\",\"name\":\"Nigro Equipamentos\",\"url\":\"https:\/\/nigroequipamentos.com.br\/conteudo\/\",\"logo\":{\"@type\":\"ImageObject\",\"inLanguage\":\"pt-BR\",\"@id\":\"https:\/\/nigroequipamentos.com.br\/conteudo\/#\/schema\/logo\/image\/\",\"url\":\"https:\/\/nigroequipamentos.com.br\/conteudo\/wp-content\/uploads\/2024\/10\/nigroequipamentos_logo.webp\",\"contentUrl\":\"https:\/\/nigroequipamentos.com.br\/conteudo\/wp-content\/uploads\/2024\/10\/nigroequipamentos_logo.webp\",\"width\":785,\"height\":355,\"caption\":\"Nigro Equipamentos\"},\"image\":{\"@id\":\"https:\/\/nigroequipamentos.com.br\/conteudo\/#\/schema\/logo\/image\/\"},\"sameAs\":[\"https:\/\/www.facebook.com\/nigroequipamentos\",\"https:\/\/www.instagram.com\/nigroequipamentos\/\"]}]}<\/script>\n<!-- \/ Yoast SEO Premium plugin. -->","yoast_head_json":{"title":"Empilhadeira Paletrans: A Solu\u00e7\u00e3o Eficiente para sua Log\u00edstica","description":"Descubra como a empilhadeira Paletrans da Nigro Equipamentos revoluciona sua opera\u00e7\u00e3o log\u00edstica com qualidade e efici\u00eancia.","robots":{"index":"index","follow":"follow","max-snippet":"max-snippet:-1","max-image-preview":"max-image-preview:large","max-video-preview":"max-video-preview:-1"},"canonical":"https:\/\/nigroequipamentos.com.br\/conteudo\/empilhadeira-paletrans-transformando-a-logistica-moderna\/","og_locale":"pt_BR","og_type":"article","og_title":"Empilhadeira Paletrans: Transformando a Log\u00edstica Moderna","og_description":"Descubra como a empilhadeira Paletrans da Nigro Equipamentos revoluciona sua opera\u00e7\u00e3o log\u00edstica com qualidade e efici\u00eancia.","og_url":"https:\/\/nigroequipamentos.com.br\/conteudo\/empilhadeira-paletrans-transformando-a-logistica-moderna\/","og_site_name":"Nigro Equipamentos","article_publisher":"https:\/\/www.facebook.com\/nigroequipamentos","twitter_card":"summary_large_image","twitter_misc":{"Est. tempo de leitura":"1 minuto"},"schema":{"@context":"https:\/\/schema.org","@graph":[{"@type":"WebPage","@id":"https:\/\/nigroequipamentos.com.br\/conteudo\/empilhadeira-paletrans-transformando-a-logistica-moderna\/","url":"https:\/\/nigroequipamentos.com.br\/conteudo\/empilhadeira-paletrans-transformando-a-logistica-moderna\/","name":"Empilhadeira Paletrans: A Solu\u00e7\u00e3o Eficiente para sua Log\u00edstica","isPartOf":{"@id":"https:\/\/nigroequipamentos.com.br\/conteudo\/#website"},"datePublished":"2026-03-26T11:46:03+00:00","dateModified":"2026-03-26T11:46:03+00:00","description":"Descubra como a empilhadeira Paletrans da Nigro Equipamentos revoluciona sua opera\u00e7\u00e3o log\u00edstica com qualidade e efici\u00eancia.","breadcrumb":{"@id":"https:\/\/nigroequipamentos.com.br\/conteudo\/empilhadeira-paletrans-transformando-a-logistica-moderna\/#breadcrumb"},"inLanguage":"pt-BR","potentialAction":[{"@type":"ReadAction","target":["https:\/\/nigroequipamentos.com.br\/conteudo\/empilhadeira-paletrans-transformando-a-logistica-moderna\/"]}]},{"@type":"BreadcrumbList","@id":"https:\/\/nigroequipamentos.com.br\/conteudo\/empilhadeira-paletrans-transformando-a-logistica-moderna\/#breadcrumb","itemListElement":[{"@type":"ListItem","position":1,"name":"In\u00edcio","item":"https:\/\/nigroequipamentos.com.br\/conteudo\/"},{"@type":"ListItem","position":2,"name":"Empilhadeira Paletrans: Transformando a Log\u00edstica Moderna"}]},{"@type":"WebSite","@id":"https:\/\/nigroequipamentos.com.br\/conteudo\/#website","url":"https:\/\/nigroequipamentos.com.br\/conteudo\/","name":"Nigro Equipamentos","description":"Loca\u00e7\u00e3o e Vendas","publisher":{"@id":"https:\/\/nigroequipamentos.com.br\/conteudo\/#organization"},"potentialAction":[{"@type":"SearchAction","target":{"@type":"EntryPoint","urlTemplate":"https:\/\/nigroequipamentos.com.br\/conteudo\/?s={search_term_string}"},"query-input":{"@type":"PropertyValueSpecification","valueRequired":true,"valueName":"search_term_string"}}],"inLanguage":"pt-BR"},{"@type":"Organization","@id":"https:\/\/nigroequipamentos.com.br\/conteudo\/#organization","name":"Nigro Equipamentos","url":"https:\/\/nigroequipamentos.com.br\/conteudo\/","logo":{"@type":"ImageObject","inLanguage":"pt-BR","@id":"https:\/\/nigroequipamentos.com.br\/conteudo\/#\/schema\/logo\/image\/","url":"https:\/\/nigroequipamentos.com.br\/conteudo\/wp-content\/uploads\/2024\/10\/nigroequipamentos_logo.webp","contentUrl":"https:\/\/nigroequipamentos.com.br\/conteudo\/wp-content\/uploads\/2024\/10\/nigroequipamentos_logo.webp","width":785,"height":355,"caption":"Nigro Equipamentos"},"image":{"@id":"https:\/\/nigroequipamentos.com.br\/conteudo\/#\/schema\/logo\/image\/"},"sameAs":["https:\/\/www.facebook.com\/nigroequipamentos","https:\/\/www.instagram.com\/nigroequipamentos\/"]}]}},"_links":{"self":[{"href":"https:\/\/nigroequipamentos.com.br\/conteudo\/wp-json\/wp\/v2\/pages\/99049","targetHints":{"allow":["GET"]}}],"collection":[{"href":"https:\/\/nigroequipamentos.com.br\/conteudo\/wp-json\/wp\/v2\/pages"}],"about":[{"href":"https:\/\/nigroequipamentos.com.br\/conteudo\/wp-json\/wp\/v2\/types\/page"}],"author":[{"embeddable":true,"href":"https:\/\/nigroequipamentos.com.br\/conteudo\/wp-json\/wp\/v2\/users\/3"}],"replies":[{"embeddable":true,"href":"https:\/\/nigroequipamentos.com.br\/conteudo\/wp-json\/wp\/v2\/comments?post=99049"}],"version-history":[{"count":0,"href":"https:\/\/nigroequipamentos.com.br\/conteudo\/wp-json\/wp\/v2\/pages\/99049\/revisions"}],"wp:attachment":[{"href":"https:\/\/nigroequipamentos.com.br\/conteudo\/wp-json\/wp\/v2\/media?parent=99049"}],"curies":[{"name":"wp","href":"https:\/\/api.w.org\/{rel}","templated":true}]}}