{"id":98794,"date":"2026-03-25T04:01:10","date_gmt":"2026-03-25T07:01:10","guid":{"rendered":"https:\/\/nigroequipamentos.com.br\/conteudo\/empilhadeira-paletrans-orcamento-solucoes-eficazes-para-sua-empresa\/"},"modified":"2026-03-25T04:01:10","modified_gmt":"2026-03-25T07:01:10","slug":"empilhadeira-paletrans-orcamento-solucoes-eficazes-para-sua-empresa","status":"publish","type":"page","link":"https:\/\/nigroequipamentos.com.br\/conteudo\/empilhadeira-paletrans-orcamento-solucoes-eficazes-para-sua-empresa\/","title":{"rendered":"Empilhadeira Paletrans Or\u00e7amento: Solu\u00e7\u00f5es Eficazes para Sua Empresa"},"content":{"rendered":"<p>Quando se trata de otimizar a log\u00edstica e o armazenamento de produtos, o uso da empilhadeira Paletrans \u00e9 essencial. Aqui na Nigro Equipamentos, oferecemos o melhor or\u00e7amento para que voc\u00ea tenha acesso a este equipamento de alta qualidade. Com a empilhadeira Paletrans, voc\u00ea ganha em efici\u00eancia e seguran\u00e7a na movimenta\u00e7\u00e3o de cargas. Nossa equipe de especialistas est\u00e1 pronta para oferecer o melhor pre\u00e7o e condi\u00e7\u00f5es acess\u00edveis que se ajustam ao seu or\u00e7amento sem comprometer a qualidade. Um or\u00e7amento com a empilhadeira Paletrans \u00e9 sin\u00f4nimo de um investimento inteligente e duradouro.<\/p>\n","protected":false},"excerpt":{"rendered":"<p>Quando se trata de otimizar a log\u00edstica e o armazenamento de produtos, o uso da empilhadeira Paletrans \u00e9 essencial. Aqui na Nigro Equipamentos, oferecemos o melhor or\u00e7amento para que voc\u00ea tenha acesso a este equipamento de alta qualidade. Com a empilhadeira Paletrans, voc\u00ea ganha em efici\u00eancia e seguran\u00e7a na movimenta\u00e7\u00e3o de cargas. Nossa equipe de&hellip;&nbsp;<a href=\"https:\/\/nigroequipamentos.com.br\/conteudo\/empilhadeira-paletrans-orcamento-solucoes-eficazes-para-sua-empresa\/\" class=\"\" rel=\"bookmark\">Continue a ler &raquo;<span class=\"screen-reader-text\">Empilhadeira Paletrans Or\u00e7amento: Solu\u00e7\u00f5es Eficazes para Sua Empresa<\/span><\/a><\/p>\n","protected":false},"author":3,"featured_media":0,"parent":0,"menu_order":0,"comment_status":"closed","ping_status":"closed","template":"","meta":{"_acf_changed":false,"_yoast_wpseo_focuskw":"empilhadeira Paletrans or\u00e7amento","_yoast_wpseo_title":"Empilhadeira Paletrans: Or\u00e7amento e Qualidade com a Nigro","_yoast_wpseo_metadesc":"Descubra como obter o melhor or\u00e7amento para empilhadeiras Paletrans com a Nigro Equipamentos. Qualidade e efici\u00eancia que elevam sua opera\u00e7\u00e3o.","neve_meta_sidebar":"","neve_meta_container":"","neve_meta_enable_content_width":"","neve_meta_content_width":0,"neve_meta_title_alignment":"","neve_meta_author_avatar":"","neve_post_elements_order":"","neve_meta_disable_header":"","neve_meta_disable_footer":"","neve_meta_disable_title":"","footnotes":""},"class_list":["post-98794","page","type-page","status-publish","hentry"],"acf":{"bloco1title":"Qualidade Garantida","bloco1text":"As empilhadeiras Paletrans dispon\u00edveis na Nigro Equipamentos s\u00e3o robustas, oferecendo seguran\u00e7a e alta performance para sua opera\u00e7\u00e3o.","bloco2title":"Suporte Especializado","bloco2text":"Nossa equipe est\u00e1 pronta para ajudar com or\u00e7amentos e informa\u00e7\u00f5es sobre empilhadeiras Paletrans.","bloco3title":"Inova\u00e7\u00e3o e Tecnologia","bloco3text":"Investir em uma empilhadeira Paletrans \u00e9 apostar em inova\u00e7\u00e3o. Equipamentos modernos garantem produtividade e efici\u00eancia nas opera\u00e7\u00f5es log\u00edsticas.","posttitle":"Tudo Sobre Empilhadeiras Paletrans e Or\u00e7amentos Acess\u00edveis","postcontent":"<strong>O que \u00e9 uma empilhadeira Paletrans?<\/strong>  Uma empilhadeira Paletrans \u00e9 projetada para oferecer excelente desempenho na movimenta\u00e7\u00e3o e empilhamento de produtos. A escolha certa para quem deseja aumentar a produtividade e a seguran\u00e7a no transporte de cargas pesadas.  <strong>Como solicitar um or\u00e7amento?<\/strong>  Na Nigro Equipamentos, voc\u00ea pode solicitar um or\u00e7amento de forma r\u00e1pida e f\u00e1cil. Nossa equipe especializada ir\u00e1 apresentar op\u00e7\u00f5es que se adeque ao seu perfil e \u00e0s suas necessidades.  <strong>Vantagens de uma empilhadeira Paletrans<\/strong>  Ao optar pela empilhadeira Paletrans, sua empresa ter\u00e1 acesso a tecnologia de ponta, recursos inovadores e um custo-benef\u00edcio excepcional. Nossa miss\u00e3o \u00e9 garantir que o seu or\u00e7amento reflita n\u00e3o apenas o pre\u00e7o do equipamento, mas tamb\u00e9m toda a confiabilidade da Nigro.  Essa empilhadeira \u00e9 ideal para opera\u00e7\u00f5es que exigem alta movimenta\u00e7\u00e3o de mercadorias. <strong>Nosso compromisso<\/strong> \u00e9 com a sua satisfa\u00e7\u00e3o e com a qualidade do seu investimento.  Ao escolher a Nigro Equipamentos, voc\u00ea abre as portas para um futuro mais eficiente.","insightwidtitle":"Curiosidades sobre Empilhadeiras","insightwidcontent":"Sabia que as empilhadeiras Paletrans s\u00e3o desenvolvidas para operar em espa\u00e7os reduzidos? Sua manobrabilidade \u00e9 uma grande vantagem em ambientes industriais. Al\u00e9m disso, o investimento em uma empilhadeira pode resultar em economia significativa na movimenta\u00e7\u00e3o de produtos, com retorno financeiro em pouco tempo."},"yoast_head":"<!-- This site is optimized with the Yoast SEO Premium plugin v18.3 (Yoast SEO v23.4) - https:\/\/yoast.com\/wordpress\/plugins\/seo\/ -->\n<title>Empilhadeira Paletrans: Or\u00e7amento e Qualidade com a Nigro<\/title>\n<meta name=\"description\" content=\"Descubra como obter o melhor or\u00e7amento para empilhadeiras Paletrans com a Nigro Equipamentos. Qualidade e efici\u00eancia que elevam sua opera\u00e7\u00e3o.\" \/>\n<meta name=\"robots\" content=\"index, follow, max-snippet:-1, max-image-preview:large, max-video-preview:-1\" \/>\n<link rel=\"canonical\" href=\"https:\/\/nigroequipamentos.com.br\/conteudo\/empilhadeira-paletrans-orcamento-solucoes-eficazes-para-sua-empresa\/\" \/>\n<meta property=\"og:locale\" content=\"pt_BR\" \/>\n<meta property=\"og:type\" content=\"article\" \/>\n<meta property=\"og:title\" content=\"Empilhadeira Paletrans Or\u00e7amento: Solu\u00e7\u00f5es Eficazes para Sua Empresa\" \/>\n<meta property=\"og:description\" content=\"Descubra como obter o melhor or\u00e7amento para empilhadeiras Paletrans com a Nigro Equipamentos. Qualidade e efici\u00eancia que elevam sua opera\u00e7\u00e3o.\" \/>\n<meta property=\"og:url\" content=\"https:\/\/nigroequipamentos.com.br\/conteudo\/empilhadeira-paletrans-orcamento-solucoes-eficazes-para-sua-empresa\/\" \/>\n<meta property=\"og:site_name\" content=\"Nigro Equipamentos\" \/>\n<meta property=\"article:publisher\" content=\"https:\/\/www.facebook.com\/nigroequipamentos\" \/>\n<meta name=\"twitter:card\" content=\"summary_large_image\" \/>\n<script type=\"application\/ld+json\" class=\"yoast-schema-graph\">{\"@context\":\"https:\/\/schema.org\",\"@graph\":[{\"@type\":\"WebPage\",\"@id\":\"https:\/\/nigroequipamentos.com.br\/conteudo\/empilhadeira-paletrans-orcamento-solucoes-eficazes-para-sua-empresa\/\",\"url\":\"https:\/\/nigroequipamentos.com.br\/conteudo\/empilhadeira-paletrans-orcamento-solucoes-eficazes-para-sua-empresa\/\",\"name\":\"Empilhadeira Paletrans: Or\u00e7amento e Qualidade com a Nigro\",\"isPartOf\":{\"@id\":\"https:\/\/nigroequipamentos.com.br\/conteudo\/#website\"},\"datePublished\":\"2026-03-25T07:01:10+00:00\",\"dateModified\":\"2026-03-25T07:01:10+00:00\",\"description\":\"Descubra como obter o melhor or\u00e7amento para empilhadeiras Paletrans com a Nigro Equipamentos. Qualidade e efici\u00eancia que elevam sua opera\u00e7\u00e3o.\",\"breadcrumb\":{\"@id\":\"https:\/\/nigroequipamentos.com.br\/conteudo\/empilhadeira-paletrans-orcamento-solucoes-eficazes-para-sua-empresa\/#breadcrumb\"},\"inLanguage\":\"pt-BR\",\"potentialAction\":[{\"@type\":\"ReadAction\",\"target\":[\"https:\/\/nigroequipamentos.com.br\/conteudo\/empilhadeira-paletrans-orcamento-solucoes-eficazes-para-sua-empresa\/\"]}]},{\"@type\":\"BreadcrumbList\",\"@id\":\"https:\/\/nigroequipamentos.com.br\/conteudo\/empilhadeira-paletrans-orcamento-solucoes-eficazes-para-sua-empresa\/#breadcrumb\",\"itemListElement\":[{\"@type\":\"ListItem\",\"position\":1,\"name\":\"In\u00edcio\",\"item\":\"https:\/\/nigroequipamentos.com.br\/conteudo\/\"},{\"@type\":\"ListItem\",\"position\":2,\"name\":\"Empilhadeira Paletrans Or\u00e7amento: Solu\u00e7\u00f5es Eficazes para Sua Empresa\"}]},{\"@type\":\"WebSite\",\"@id\":\"https:\/\/nigroequipamentos.com.br\/conteudo\/#website\",\"url\":\"https:\/\/nigroequipamentos.com.br\/conteudo\/\",\"name\":\"Nigro Equipamentos\",\"description\":\"Loca\u00e7\u00e3o e Vendas\",\"publisher\":{\"@id\":\"https:\/\/nigroequipamentos.com.br\/conteudo\/#organization\"},\"potentialAction\":[{\"@type\":\"SearchAction\",\"target\":{\"@type\":\"EntryPoint\",\"urlTemplate\":\"https:\/\/nigroequipamentos.com.br\/conteudo\/?s={search_term_string}\"},\"query-input\":{\"@type\":\"PropertyValueSpecification\",\"valueRequired\":true,\"valueName\":\"search_term_string\"}}],\"inLanguage\":\"pt-BR\"},{\"@type\":\"Organization\",\"@id\":\"https:\/\/nigroequipamentos.com.br\/conteudo\/#organization\",\"name\":\"Nigro Equipamentos\",\"url\":\"https:\/\/nigroequipamentos.com.br\/conteudo\/\",\"logo\":{\"@type\":\"ImageObject\",\"inLanguage\":\"pt-BR\",\"@id\":\"https:\/\/nigroequipamentos.com.br\/conteudo\/#\/schema\/logo\/image\/\",\"url\":\"https:\/\/nigroequipamentos.com.br\/conteudo\/wp-content\/uploads\/2024\/10\/nigroequipamentos_logo.webp\",\"contentUrl\":\"https:\/\/nigroequipamentos.com.br\/conteudo\/wp-content\/uploads\/2024\/10\/nigroequipamentos_logo.webp\",\"width\":785,\"height\":355,\"caption\":\"Nigro Equipamentos\"},\"image\":{\"@id\":\"https:\/\/nigroequipamentos.com.br\/conteudo\/#\/schema\/logo\/image\/\"},\"sameAs\":[\"https:\/\/www.facebook.com\/nigroequipamentos\",\"https:\/\/www.instagram.com\/nigroequipamentos\/\"]}]}<\/script>\n<!-- \/ Yoast SEO Premium plugin. -->","yoast_head_json":{"title":"Empilhadeira Paletrans: Or\u00e7amento e Qualidade com a Nigro","description":"Descubra como obter o melhor or\u00e7amento para empilhadeiras Paletrans com a Nigro Equipamentos. Qualidade e efici\u00eancia que elevam sua opera\u00e7\u00e3o.","robots":{"index":"index","follow":"follow","max-snippet":"max-snippet:-1","max-image-preview":"max-image-preview:large","max-video-preview":"max-video-preview:-1"},"canonical":"https:\/\/nigroequipamentos.com.br\/conteudo\/empilhadeira-paletrans-orcamento-solucoes-eficazes-para-sua-empresa\/","og_locale":"pt_BR","og_type":"article","og_title":"Empilhadeira Paletrans Or\u00e7amento: Solu\u00e7\u00f5es Eficazes para Sua Empresa","og_description":"Descubra como obter o melhor or\u00e7amento para empilhadeiras Paletrans com a Nigro Equipamentos. Qualidade e efici\u00eancia que elevam sua opera\u00e7\u00e3o.","og_url":"https:\/\/nigroequipamentos.com.br\/conteudo\/empilhadeira-paletrans-orcamento-solucoes-eficazes-para-sua-empresa\/","og_site_name":"Nigro Equipamentos","article_publisher":"https:\/\/www.facebook.com\/nigroequipamentos","twitter_card":"summary_large_image","schema":{"@context":"https:\/\/schema.org","@graph":[{"@type":"WebPage","@id":"https:\/\/nigroequipamentos.com.br\/conteudo\/empilhadeira-paletrans-orcamento-solucoes-eficazes-para-sua-empresa\/","url":"https:\/\/nigroequipamentos.com.br\/conteudo\/empilhadeira-paletrans-orcamento-solucoes-eficazes-para-sua-empresa\/","name":"Empilhadeira Paletrans: Or\u00e7amento e Qualidade com a Nigro","isPartOf":{"@id":"https:\/\/nigroequipamentos.com.br\/conteudo\/#website"},"datePublished":"2026-03-25T07:01:10+00:00","dateModified":"2026-03-25T07:01:10+00:00","description":"Descubra como obter o melhor or\u00e7amento para empilhadeiras Paletrans com a Nigro Equipamentos. Qualidade e efici\u00eancia que elevam sua opera\u00e7\u00e3o.","breadcrumb":{"@id":"https:\/\/nigroequipamentos.com.br\/conteudo\/empilhadeira-paletrans-orcamento-solucoes-eficazes-para-sua-empresa\/#breadcrumb"},"inLanguage":"pt-BR","potentialAction":[{"@type":"ReadAction","target":["https:\/\/nigroequipamentos.com.br\/conteudo\/empilhadeira-paletrans-orcamento-solucoes-eficazes-para-sua-empresa\/"]}]},{"@type":"BreadcrumbList","@id":"https:\/\/nigroequipamentos.com.br\/conteudo\/empilhadeira-paletrans-orcamento-solucoes-eficazes-para-sua-empresa\/#breadcrumb","itemListElement":[{"@type":"ListItem","position":1,"name":"In\u00edcio","item":"https:\/\/nigroequipamentos.com.br\/conteudo\/"},{"@type":"ListItem","position":2,"name":"Empilhadeira Paletrans Or\u00e7amento: Solu\u00e7\u00f5es Eficazes para Sua Empresa"}]},{"@type":"WebSite","@id":"https:\/\/nigroequipamentos.com.br\/conteudo\/#website","url":"https:\/\/nigroequipamentos.com.br\/conteudo\/","name":"Nigro Equipamentos","description":"Loca\u00e7\u00e3o e Vendas","publisher":{"@id":"https:\/\/nigroequipamentos.com.br\/conteudo\/#organization"},"potentialAction":[{"@type":"SearchAction","target":{"@type":"EntryPoint","urlTemplate":"https:\/\/nigroequipamentos.com.br\/conteudo\/?s={search_term_string}"},"query-input":{"@type":"PropertyValueSpecification","valueRequired":true,"valueName":"search_term_string"}}],"inLanguage":"pt-BR"},{"@type":"Organization","@id":"https:\/\/nigroequipamentos.com.br\/conteudo\/#organization","name":"Nigro Equipamentos","url":"https:\/\/nigroequipamentos.com.br\/conteudo\/","logo":{"@type":"ImageObject","inLanguage":"pt-BR","@id":"https:\/\/nigroequipamentos.com.br\/conteudo\/#\/schema\/logo\/image\/","url":"https:\/\/nigroequipamentos.com.br\/conteudo\/wp-content\/uploads\/2024\/10\/nigroequipamentos_logo.webp","contentUrl":"https:\/\/nigroequipamentos.com.br\/conteudo\/wp-content\/uploads\/2024\/10\/nigroequipamentos_logo.webp","width":785,"height":355,"caption":"Nigro Equipamentos"},"image":{"@id":"https:\/\/nigroequipamentos.com.br\/conteudo\/#\/schema\/logo\/image\/"},"sameAs":["https:\/\/www.facebook.com\/nigroequipamentos","https:\/\/www.instagram.com\/nigroequipamentos\/"]}]}},"_links":{"self":[{"href":"https:\/\/nigroequipamentos.com.br\/conteudo\/wp-json\/wp\/v2\/pages\/98794","targetHints":{"allow":["GET"]}}],"collection":[{"href":"https:\/\/nigroequipamentos.com.br\/conteudo\/wp-json\/wp\/v2\/pages"}],"about":[{"href":"https:\/\/nigroequipamentos.com.br\/conteudo\/wp-json\/wp\/v2\/types\/page"}],"author":[{"embeddable":true,"href":"https:\/\/nigroequipamentos.com.br\/conteudo\/wp-json\/wp\/v2\/users\/3"}],"replies":[{"embeddable":true,"href":"https:\/\/nigroequipamentos.com.br\/conteudo\/wp-json\/wp\/v2\/comments?post=98794"}],"version-history":[{"count":0,"href":"https:\/\/nigroequipamentos.com.br\/conteudo\/wp-json\/wp\/v2\/pages\/98794\/revisions"}],"wp:attachment":[{"href":"https:\/\/nigroequipamentos.com.br\/conteudo\/wp-json\/wp\/v2\/media?parent=98794"}],"curies":[{"name":"wp","href":"https:\/\/api.w.org\/{rel}","templated":true}]}}