{"id":98775,"date":"2026-03-25T02:01:04","date_gmt":"2026-03-25T05:01:04","guid":{"rendered":"https:\/\/nigroequipamentos.com.br\/conteudo\/descubra-o-preco-da-empilhadeira-paletrans-economize-com-qualidade\/"},"modified":"2026-03-25T02:01:04","modified_gmt":"2026-03-25T05:01:04","slug":"descubra-o-preco-da-empilhadeira-paletrans-economize-com-qualidade","status":"publish","type":"page","link":"https:\/\/nigroequipamentos.com.br\/conteudo\/descubra-o-preco-da-empilhadeira-paletrans-economize-com-qualidade\/","title":{"rendered":"Descubra o Pre\u00e7o da Empilhadeira Paletrans: Economize com Qualidade"},"content":{"rendered":"<p>Se voc\u00ea est\u00e1 procurando por empilhadeiras robustas e seguras, as empilhadeiras Paletrans s\u00e3o a escolha perfeita. Oferecemos informa\u00e7\u00f5es detalhadas sobre o pre\u00e7o das empilhadeiras Paletrans, facilitando sua decis\u00e3o de compra. Com tecnologia de ponta e ideal para o transporte de cargas pesadas, as empilhadeiras Paletrans garantem efici\u00eancia e seguran\u00e7a nas opera\u00e7\u00f5es. Conhe\u00e7a mais sobre os pre\u00e7os das empilhadeiras Paletrans e saiba como a Nigro Equipamentos pode ajud\u00e1-lo nesta jornada.<\/p>\n","protected":false},"excerpt":{"rendered":"<p>Se voc\u00ea est\u00e1 procurando por empilhadeiras robustas e seguras, as empilhadeiras Paletrans s\u00e3o a escolha perfeita. Oferecemos informa\u00e7\u00f5es detalhadas sobre o pre\u00e7o das empilhadeiras Paletrans, facilitando sua decis\u00e3o de compra. Com tecnologia de ponta e ideal para o transporte de cargas pesadas, as empilhadeiras Paletrans garantem efici\u00eancia e seguran\u00e7a nas opera\u00e7\u00f5es. Conhe\u00e7a mais sobre os&hellip;&nbsp;<a href=\"https:\/\/nigroequipamentos.com.br\/conteudo\/descubra-o-preco-da-empilhadeira-paletrans-economize-com-qualidade\/\" class=\"\" rel=\"bookmark\">Continue a ler &raquo;<span class=\"screen-reader-text\">Descubra o Pre\u00e7o da Empilhadeira Paletrans: Economize com Qualidade<\/span><\/a><\/p>\n","protected":false},"author":3,"featured_media":0,"parent":0,"menu_order":0,"comment_status":"closed","ping_status":"closed","template":"","meta":{"_acf_changed":false,"_yoast_wpseo_focuskw":"Empilhadeira Paletrans pre\u00e7o","_yoast_wpseo_title":"Empilhadeira Paletrans: Pre\u00e7os e Vantagens na Nigro Equipamentos","_yoast_wpseo_metadesc":"Saiba tudo sobre o pre\u00e7o das empilhadeiras Paletrans e descubra como a Nigro Equipamentos pode ajud\u00e1-lo com compra, manuten\u00e7\u00e3o e loca\u00e7\u00e3o.","neve_meta_sidebar":"","neve_meta_container":"","neve_meta_enable_content_width":"","neve_meta_content_width":0,"neve_meta_title_alignment":"","neve_meta_author_avatar":"","neve_post_elements_order":"","neve_meta_disable_header":"","neve_meta_disable_footer":"","neve_meta_disable_title":"","footnotes":""},"class_list":["post-98775","page","type-page","status-publish","hentry"],"acf":{"bloco1title":"Qualidade Garantida","bloco1text":"As empilhadeiras Paletrans se destacam pela sua qualidade e durabilidade, oferecendo o melhor custo-benef\u00edcio do mercado.","bloco2title":"Servi\u00e7o Completo","bloco2text":"Al\u00e9m do pre\u00e7o justo, a Nigro oferece manuten\u00e7\u00e3o e loca\u00e7\u00e3o das empilhadeiras Paletrans.","bloco3title":"Efici\u00eancia e Economia","bloco3text":"Investir em uma empilhadeira Paletrans pode resultar em grandes economias a longo prazo devido \u00e0 sua efici\u00eancia e baixo custo operacional.","posttitle":"Os Melhores Pre\u00e7os de Empilhadeiras Paletrans no Mercado","postcontent":"<strong>Entenda o Pre\u00e7o das Empilhadeiras Paletrans<\/strong>  \nQuando falamos sobre empilhadeiras, o pre\u00e7o \u00e9 sempre um fator decisivo. As empilhadeiras Paletrans s\u00e3o conhecidas por sua excelente rela\u00e7\u00e3o custo-benef\u00edcio, tornando-se uma das op\u00e7\u00f5es mais procuradas. O pre\u00e7o das empilhadeiras Paletrans varia conforme o modelo e as especifica\u00e7\u00f5es, mas ao comparar pre\u00e7os, voc\u00ea perceber\u00e1 que a Nigro Equipamentos oferece valores que alinham qualidade e economia. Com uma linha diversificada de empilhadeiras Paletrans, \u00e9 f\u00e1cil encontrar o modelo ideal para suas necessidades.  \n  \nAl\u00e9m disso, a manuten\u00e7\u00e3o das empilhadeiras Paletrans \u00e9 simples e acess\u00edvel, garantindo a longevidade do seu investimento. Optar por uma empilhadeira Paletrans \u00e9 garantir produtividade e seguran\u00e7a nas suas opera\u00e7\u00f5es.  \n  \nAo buscar o pre\u00e7o da sua empilhadeira, considere tamb\u00e9m a loca\u00e7\u00e3o como uma alternativa vi\u00e1vel. A Nigro Equipamentos oferece planos de loca\u00e7\u00e3o flex\u00edveis com empilhadeiras Paletrans, permitindo que voc\u00ea saiba exatamente quanto vai gastar.  \nEm resumo, as empilhadeiras Paletrans s\u00e3o uma escolha inteligente. Para compra, manuten\u00e7\u00e3o e loca\u00e7\u00e3o, a Nigro Equipamentos se destaca como a melhor op\u00e7\u00e3o!  \n","insightwidtitle":"Curiosidades sobre Paletrans","insightwidcontent":"Voc\u00ea sabia que as empilhadeiras Paletrans est\u00e3o entre as mais eficientes do mercado? Elas s\u00e3o projetadas para oferecer alta performance em ambientes variados, reduzindo custos operacionais significativamente e aumentando a seguran\u00e7a do operador."},"yoast_head":"<!-- This site is optimized with the Yoast SEO Premium plugin v18.3 (Yoast SEO v23.4) - https:\/\/yoast.com\/wordpress\/plugins\/seo\/ -->\n<title>Empilhadeira Paletrans: Pre\u00e7os e Vantagens na Nigro Equipamentos<\/title>\n<meta name=\"description\" content=\"Saiba tudo sobre o pre\u00e7o das empilhadeiras Paletrans e descubra como a Nigro Equipamentos pode ajud\u00e1-lo com compra, manuten\u00e7\u00e3o e loca\u00e7\u00e3o.\" \/>\n<meta name=\"robots\" content=\"index, follow, max-snippet:-1, max-image-preview:large, max-video-preview:-1\" \/>\n<link rel=\"canonical\" href=\"https:\/\/nigroequipamentos.com.br\/conteudo\/descubra-o-preco-da-empilhadeira-paletrans-economize-com-qualidade\/\" \/>\n<meta property=\"og:locale\" content=\"pt_BR\" \/>\n<meta property=\"og:type\" content=\"article\" \/>\n<meta property=\"og:title\" content=\"Descubra o Pre\u00e7o da Empilhadeira Paletrans: Economize com Qualidade\" \/>\n<meta property=\"og:description\" content=\"Saiba tudo sobre o pre\u00e7o das empilhadeiras Paletrans e descubra como a Nigro Equipamentos pode ajud\u00e1-lo com compra, manuten\u00e7\u00e3o e loca\u00e7\u00e3o.\" \/>\n<meta property=\"og:url\" content=\"https:\/\/nigroequipamentos.com.br\/conteudo\/descubra-o-preco-da-empilhadeira-paletrans-economize-com-qualidade\/\" \/>\n<meta property=\"og:site_name\" content=\"Nigro Equipamentos\" \/>\n<meta property=\"article:publisher\" content=\"https:\/\/www.facebook.com\/nigroequipamentos\" \/>\n<meta name=\"twitter:card\" content=\"summary_large_image\" \/>\n<script type=\"application\/ld+json\" class=\"yoast-schema-graph\">{\"@context\":\"https:\/\/schema.org\",\"@graph\":[{\"@type\":\"WebPage\",\"@id\":\"https:\/\/nigroequipamentos.com.br\/conteudo\/descubra-o-preco-da-empilhadeira-paletrans-economize-com-qualidade\/\",\"url\":\"https:\/\/nigroequipamentos.com.br\/conteudo\/descubra-o-preco-da-empilhadeira-paletrans-economize-com-qualidade\/\",\"name\":\"Empilhadeira Paletrans: Pre\u00e7os e Vantagens na Nigro Equipamentos\",\"isPartOf\":{\"@id\":\"https:\/\/nigroequipamentos.com.br\/conteudo\/#website\"},\"datePublished\":\"2026-03-25T05:01:04+00:00\",\"dateModified\":\"2026-03-25T05:01:04+00:00\",\"description\":\"Saiba tudo sobre o pre\u00e7o das empilhadeiras Paletrans e descubra como a Nigro Equipamentos pode ajud\u00e1-lo com compra, manuten\u00e7\u00e3o e loca\u00e7\u00e3o.\",\"breadcrumb\":{\"@id\":\"https:\/\/nigroequipamentos.com.br\/conteudo\/descubra-o-preco-da-empilhadeira-paletrans-economize-com-qualidade\/#breadcrumb\"},\"inLanguage\":\"pt-BR\",\"potentialAction\":[{\"@type\":\"ReadAction\",\"target\":[\"https:\/\/nigroequipamentos.com.br\/conteudo\/descubra-o-preco-da-empilhadeira-paletrans-economize-com-qualidade\/\"]}]},{\"@type\":\"BreadcrumbList\",\"@id\":\"https:\/\/nigroequipamentos.com.br\/conteudo\/descubra-o-preco-da-empilhadeira-paletrans-economize-com-qualidade\/#breadcrumb\",\"itemListElement\":[{\"@type\":\"ListItem\",\"position\":1,\"name\":\"In\u00edcio\",\"item\":\"https:\/\/nigroequipamentos.com.br\/conteudo\/\"},{\"@type\":\"ListItem\",\"position\":2,\"name\":\"Descubra o Pre\u00e7o da Empilhadeira Paletrans: Economize com Qualidade\"}]},{\"@type\":\"WebSite\",\"@id\":\"https:\/\/nigroequipamentos.com.br\/conteudo\/#website\",\"url\":\"https:\/\/nigroequipamentos.com.br\/conteudo\/\",\"name\":\"Nigro Equipamentos\",\"description\":\"Loca\u00e7\u00e3o e Vendas\",\"publisher\":{\"@id\":\"https:\/\/nigroequipamentos.com.br\/conteudo\/#organization\"},\"potentialAction\":[{\"@type\":\"SearchAction\",\"target\":{\"@type\":\"EntryPoint\",\"urlTemplate\":\"https:\/\/nigroequipamentos.com.br\/conteudo\/?s={search_term_string}\"},\"query-input\":{\"@type\":\"PropertyValueSpecification\",\"valueRequired\":true,\"valueName\":\"search_term_string\"}}],\"inLanguage\":\"pt-BR\"},{\"@type\":\"Organization\",\"@id\":\"https:\/\/nigroequipamentos.com.br\/conteudo\/#organization\",\"name\":\"Nigro Equipamentos\",\"url\":\"https:\/\/nigroequipamentos.com.br\/conteudo\/\",\"logo\":{\"@type\":\"ImageObject\",\"inLanguage\":\"pt-BR\",\"@id\":\"https:\/\/nigroequipamentos.com.br\/conteudo\/#\/schema\/logo\/image\/\",\"url\":\"https:\/\/nigroequipamentos.com.br\/conteudo\/wp-content\/uploads\/2024\/10\/nigroequipamentos_logo.webp\",\"contentUrl\":\"https:\/\/nigroequipamentos.com.br\/conteudo\/wp-content\/uploads\/2024\/10\/nigroequipamentos_logo.webp\",\"width\":785,\"height\":355,\"caption\":\"Nigro Equipamentos\"},\"image\":{\"@id\":\"https:\/\/nigroequipamentos.com.br\/conteudo\/#\/schema\/logo\/image\/\"},\"sameAs\":[\"https:\/\/www.facebook.com\/nigroequipamentos\",\"https:\/\/www.instagram.com\/nigroequipamentos\/\"]}]}<\/script>\n<!-- \/ Yoast SEO Premium plugin. -->","yoast_head_json":{"title":"Empilhadeira Paletrans: Pre\u00e7os e Vantagens na Nigro Equipamentos","description":"Saiba tudo sobre o pre\u00e7o das empilhadeiras Paletrans e descubra como a Nigro Equipamentos pode ajud\u00e1-lo com compra, manuten\u00e7\u00e3o e loca\u00e7\u00e3o.","robots":{"index":"index","follow":"follow","max-snippet":"max-snippet:-1","max-image-preview":"max-image-preview:large","max-video-preview":"max-video-preview:-1"},"canonical":"https:\/\/nigroequipamentos.com.br\/conteudo\/descubra-o-preco-da-empilhadeira-paletrans-economize-com-qualidade\/","og_locale":"pt_BR","og_type":"article","og_title":"Descubra o Pre\u00e7o da Empilhadeira Paletrans: Economize com Qualidade","og_description":"Saiba tudo sobre o pre\u00e7o das empilhadeiras Paletrans e descubra como a Nigro Equipamentos pode ajud\u00e1-lo com compra, manuten\u00e7\u00e3o e loca\u00e7\u00e3o.","og_url":"https:\/\/nigroequipamentos.com.br\/conteudo\/descubra-o-preco-da-empilhadeira-paletrans-economize-com-qualidade\/","og_site_name":"Nigro Equipamentos","article_publisher":"https:\/\/www.facebook.com\/nigroequipamentos","twitter_card":"summary_large_image","schema":{"@context":"https:\/\/schema.org","@graph":[{"@type":"WebPage","@id":"https:\/\/nigroequipamentos.com.br\/conteudo\/descubra-o-preco-da-empilhadeira-paletrans-economize-com-qualidade\/","url":"https:\/\/nigroequipamentos.com.br\/conteudo\/descubra-o-preco-da-empilhadeira-paletrans-economize-com-qualidade\/","name":"Empilhadeira Paletrans: Pre\u00e7os e Vantagens na Nigro Equipamentos","isPartOf":{"@id":"https:\/\/nigroequipamentos.com.br\/conteudo\/#website"},"datePublished":"2026-03-25T05:01:04+00:00","dateModified":"2026-03-25T05:01:04+00:00","description":"Saiba tudo sobre o pre\u00e7o das empilhadeiras Paletrans e descubra como a Nigro Equipamentos pode ajud\u00e1-lo com compra, manuten\u00e7\u00e3o e loca\u00e7\u00e3o.","breadcrumb":{"@id":"https:\/\/nigroequipamentos.com.br\/conteudo\/descubra-o-preco-da-empilhadeira-paletrans-economize-com-qualidade\/#breadcrumb"},"inLanguage":"pt-BR","potentialAction":[{"@type":"ReadAction","target":["https:\/\/nigroequipamentos.com.br\/conteudo\/descubra-o-preco-da-empilhadeira-paletrans-economize-com-qualidade\/"]}]},{"@type":"BreadcrumbList","@id":"https:\/\/nigroequipamentos.com.br\/conteudo\/descubra-o-preco-da-empilhadeira-paletrans-economize-com-qualidade\/#breadcrumb","itemListElement":[{"@type":"ListItem","position":1,"name":"In\u00edcio","item":"https:\/\/nigroequipamentos.com.br\/conteudo\/"},{"@type":"ListItem","position":2,"name":"Descubra o Pre\u00e7o da Empilhadeira Paletrans: Economize com Qualidade"}]},{"@type":"WebSite","@id":"https:\/\/nigroequipamentos.com.br\/conteudo\/#website","url":"https:\/\/nigroequipamentos.com.br\/conteudo\/","name":"Nigro Equipamentos","description":"Loca\u00e7\u00e3o e Vendas","publisher":{"@id":"https:\/\/nigroequipamentos.com.br\/conteudo\/#organization"},"potentialAction":[{"@type":"SearchAction","target":{"@type":"EntryPoint","urlTemplate":"https:\/\/nigroequipamentos.com.br\/conteudo\/?s={search_term_string}"},"query-input":{"@type":"PropertyValueSpecification","valueRequired":true,"valueName":"search_term_string"}}],"inLanguage":"pt-BR"},{"@type":"Organization","@id":"https:\/\/nigroequipamentos.com.br\/conteudo\/#organization","name":"Nigro Equipamentos","url":"https:\/\/nigroequipamentos.com.br\/conteudo\/","logo":{"@type":"ImageObject","inLanguage":"pt-BR","@id":"https:\/\/nigroequipamentos.com.br\/conteudo\/#\/schema\/logo\/image\/","url":"https:\/\/nigroequipamentos.com.br\/conteudo\/wp-content\/uploads\/2024\/10\/nigroequipamentos_logo.webp","contentUrl":"https:\/\/nigroequipamentos.com.br\/conteudo\/wp-content\/uploads\/2024\/10\/nigroequipamentos_logo.webp","width":785,"height":355,"caption":"Nigro Equipamentos"},"image":{"@id":"https:\/\/nigroequipamentos.com.br\/conteudo\/#\/schema\/logo\/image\/"},"sameAs":["https:\/\/www.facebook.com\/nigroequipamentos","https:\/\/www.instagram.com\/nigroequipamentos\/"]}]}},"_links":{"self":[{"href":"https:\/\/nigroequipamentos.com.br\/conteudo\/wp-json\/wp\/v2\/pages\/98775","targetHints":{"allow":["GET"]}}],"collection":[{"href":"https:\/\/nigroequipamentos.com.br\/conteudo\/wp-json\/wp\/v2\/pages"}],"about":[{"href":"https:\/\/nigroequipamentos.com.br\/conteudo\/wp-json\/wp\/v2\/types\/page"}],"author":[{"embeddable":true,"href":"https:\/\/nigroequipamentos.com.br\/conteudo\/wp-json\/wp\/v2\/users\/3"}],"replies":[{"embeddable":true,"href":"https:\/\/nigroequipamentos.com.br\/conteudo\/wp-json\/wp\/v2\/comments?post=98775"}],"version-history":[{"count":0,"href":"https:\/\/nigroequipamentos.com.br\/conteudo\/wp-json\/wp\/v2\/pages\/98775\/revisions"}],"wp:attachment":[{"href":"https:\/\/nigroequipamentos.com.br\/conteudo\/wp-json\/wp\/v2\/media?parent=98775"}],"curies":[{"name":"wp","href":"https:\/\/api.w.org\/{rel}","templated":true}]}}