{"id":98749,"date":"2026-03-24T23:01:10","date_gmt":"2026-03-25T02:01:10","guid":{"rendered":"https:\/\/nigroequipamentos.com.br\/conteudo\/descubra-a-empilhadeira-retratil-paletrans-pr1790i-a-melhor-opcao-do-mercado\/"},"modified":"2026-03-24T23:01:10","modified_gmt":"2026-03-25T02:01:10","slug":"descubra-a-empilhadeira-retratil-paletrans-pr1790i-a-melhor-opcao-do-mercado","status":"publish","type":"page","link":"https:\/\/nigroequipamentos.com.br\/conteudo\/descubra-a-empilhadeira-retratil-paletrans-pr1790i-a-melhor-opcao-do-mercado\/","title":{"rendered":"Descubra a Empilhadeira Retr\u00e1til Paletrans PR1790i &#8211; A Melhor Op\u00e7\u00e3o do Mercado"},"content":{"rendered":"<p>A Empilhadeira Retr\u00e1til Paletrans PR1790i se destaca no segmento de equipamentos para movimenta\u00e7\u00e3o de materiais. Projetada para excel\u00eancia em armazenamento e efici\u00eancia operacional, essa empilhadeira \u00e9 ideal para espa\u00e7os reduzidos. Com uma eleva\u00e7\u00e3o e capacidade ideais, a Paletrans PR1790i combina tecnologia inovadora e confiabilidade, garantindo que suas opera\u00e7\u00f5es log\u00edsticas sejam mais r\u00e1pidas e seguras. Sabemos que o sucesso de sua empresa depende de equipamentos de qualidade, e a Paletrans PR1790i certamente impressionar\u00e1 com seu desempenho superior.<\/p>\n","protected":false},"excerpt":{"rendered":"<p>A Empilhadeira Retr\u00e1til Paletrans PR1790i se destaca no segmento de equipamentos para movimenta\u00e7\u00e3o de materiais. Projetada para excel\u00eancia em armazenamento e efici\u00eancia operacional, essa empilhadeira \u00e9 ideal para espa\u00e7os reduzidos. Com uma eleva\u00e7\u00e3o e capacidade ideais, a Paletrans PR1790i combina tecnologia inovadora e confiabilidade, garantindo que suas opera\u00e7\u00f5es log\u00edsticas sejam mais r\u00e1pidas e seguras. Sabemos&hellip;&nbsp;<a href=\"https:\/\/nigroequipamentos.com.br\/conteudo\/descubra-a-empilhadeira-retratil-paletrans-pr1790i-a-melhor-opcao-do-mercado\/\" class=\"\" rel=\"bookmark\">Continue a ler &raquo;<span class=\"screen-reader-text\">Descubra a Empilhadeira Retr\u00e1til Paletrans PR1790i &#8211; A Melhor Op\u00e7\u00e3o do Mercado<\/span><\/a><\/p>\n","protected":false},"author":3,"featured_media":0,"parent":0,"menu_order":0,"comment_status":"closed","ping_status":"closed","template":"","meta":{"_acf_changed":false,"_yoast_wpseo_focuskw":"Empilhadeira Retr\u00e1til Paletrans PR1790i","_yoast_wpseo_title":"Empilhadeira Retr\u00e1til Paletrans PR1790i - Efici\u00eancia e Confiabilidade","_yoast_wpseo_metadesc":"Saiba tudo sobre a Empilhadeira Retr\u00e1til Paletrans PR1790i, ideal para otimiza\u00e7\u00e3o de espa\u00e7o e efici\u00eancia em sua opera\u00e7\u00e3o.","neve_meta_sidebar":"","neve_meta_container":"","neve_meta_enable_content_width":"","neve_meta_content_width":0,"neve_meta_title_alignment":"","neve_meta_author_avatar":"","neve_post_elements_order":"","neve_meta_disable_header":"","neve_meta_disable_footer":"","neve_meta_disable_title":"","footnotes":""},"class_list":["post-98749","page","type-page","status-publish","hentry"],"acf":{"bloco1title":"Qualidade Garantida","bloco1text":"A Nigro Equipamentos oferece a melhor qualidade na venda e manuten\u00e7\u00e3o da Empilhadeira Retr\u00e1til Paletrans PR1790i.","bloco2title":"Suporte Especializado","bloco2text":"Temos uma equipe de especialistas pronta para atender suas necessidades espec\u00edficas com a Paletrans PR1790i.","bloco3title":"Alto Desempenho","bloco3text":"A Empilhadeira Retr\u00e1til Paletrans PR1790i proporciona alta efici\u00eancia e produtividade, ideal para opera\u00e7\u00f5es que demandam agilidade.","posttitle":"Por que escolher a Empilhadeira Retr\u00e1til Paletrans PR1790i para o seu neg\u00f3cio?","postcontent":"Se voc\u00ea busca uma solu\u00e7\u00e3o que otimize o espa\u00e7o e maximize a produtividade, a Empilhadeira Retr\u00e1til Paletrans PR1790i \u00e9 a escolha certa. Com a capacidade de levantar carga em corredores estreitos, essa empilhadeira se mostra indispens\u00e1vel para armaz\u00e9ns e centros de distribui\u00e7\u00e3o que lidam com grandes volumes. Com um design robusto, a Paletrans PR1790i garante seguran\u00e7a e facilidade no transporte de paletes. Seu sistema de controle avan\u00e7ado n\u00e3o apenas aumenta a precis\u00e3o, mas tamb\u00e9m facilita a opera\u00e7\u00e3o para operadores de diferentes n\u00edveis. Em tempos de alta demanda, investir na Empilhadeira Retr\u00e1til Paletrans PR1790i pode ser exatamente o que sua empresa precisa. Na Nigro Equipamentos, garantimos a venda, manuten\u00e7\u00e3o e loca\u00e7\u00e3o com a mesma qualidade e confiabilidade que sua equipe precisa para desempenhar suas fun\u00e7\u00f5es com excel\u00eancia. N\u00e3o hesite em entrar em contato para saber mais sobre a Paletrans PR1790i e como ela pode transformar o seu processo log\u00edstico.","insightwidtitle":"Curiosidades sobre a Paletrans PR1790i","insightwidcontent":"A Empilhadeira Retr\u00e1til Paletrans PR1790i possui tecnologia que permite ajustar a altura da empilhadeira de maneira precisa, o que \u00e9 crucial para evitar danos a cargas e garantir a seguran\u00e7a nas opera\u00e7\u00f5es di\u00e1rias. Al\u00e9m disso, sua agilidade \u00e9 uma vantagem competitiva em ambientes onde cada segundo conta, tornando-se uma ferramenta essencial para o setor log\u00edstico."},"yoast_head":"<!-- This site is optimized with the Yoast SEO Premium plugin v18.3 (Yoast SEO v23.4) - https:\/\/yoast.com\/wordpress\/plugins\/seo\/ -->\n<title>Empilhadeira Retr\u00e1til Paletrans PR1790i - Efici\u00eancia e Confiabilidade<\/title>\n<meta name=\"description\" content=\"Saiba tudo sobre a Empilhadeira Retr\u00e1til Paletrans PR1790i, ideal para otimiza\u00e7\u00e3o de espa\u00e7o e efici\u00eancia em sua opera\u00e7\u00e3o.\" \/>\n<meta name=\"robots\" content=\"index, follow, max-snippet:-1, max-image-preview:large, max-video-preview:-1\" \/>\n<link rel=\"canonical\" href=\"https:\/\/nigroequipamentos.com.br\/conteudo\/descubra-a-empilhadeira-retratil-paletrans-pr1790i-a-melhor-opcao-do-mercado\/\" \/>\n<meta property=\"og:locale\" content=\"pt_BR\" \/>\n<meta property=\"og:type\" content=\"article\" \/>\n<meta property=\"og:title\" content=\"Descubra a Empilhadeira Retr\u00e1til Paletrans PR1790i - A Melhor Op\u00e7\u00e3o do Mercado\" \/>\n<meta property=\"og:description\" content=\"Saiba tudo sobre a Empilhadeira Retr\u00e1til Paletrans PR1790i, ideal para otimiza\u00e7\u00e3o de espa\u00e7o e efici\u00eancia em sua opera\u00e7\u00e3o.\" \/>\n<meta property=\"og:url\" content=\"https:\/\/nigroequipamentos.com.br\/conteudo\/descubra-a-empilhadeira-retratil-paletrans-pr1790i-a-melhor-opcao-do-mercado\/\" \/>\n<meta property=\"og:site_name\" content=\"Nigro Equipamentos\" \/>\n<meta property=\"article:publisher\" content=\"https:\/\/www.facebook.com\/nigroequipamentos\" \/>\n<meta name=\"twitter:card\" content=\"summary_large_image\" \/>\n<script type=\"application\/ld+json\" class=\"yoast-schema-graph\">{\"@context\":\"https:\/\/schema.org\",\"@graph\":[{\"@type\":\"WebPage\",\"@id\":\"https:\/\/nigroequipamentos.com.br\/conteudo\/descubra-a-empilhadeira-retratil-paletrans-pr1790i-a-melhor-opcao-do-mercado\/\",\"url\":\"https:\/\/nigroequipamentos.com.br\/conteudo\/descubra-a-empilhadeira-retratil-paletrans-pr1790i-a-melhor-opcao-do-mercado\/\",\"name\":\"Empilhadeira Retr\u00e1til Paletrans PR1790i - Efici\u00eancia e Confiabilidade\",\"isPartOf\":{\"@id\":\"https:\/\/nigroequipamentos.com.br\/conteudo\/#website\"},\"datePublished\":\"2026-03-25T02:01:10+00:00\",\"dateModified\":\"2026-03-25T02:01:10+00:00\",\"description\":\"Saiba tudo sobre a Empilhadeira Retr\u00e1til Paletrans PR1790i, ideal para otimiza\u00e7\u00e3o de espa\u00e7o e efici\u00eancia em sua opera\u00e7\u00e3o.\",\"breadcrumb\":{\"@id\":\"https:\/\/nigroequipamentos.com.br\/conteudo\/descubra-a-empilhadeira-retratil-paletrans-pr1790i-a-melhor-opcao-do-mercado\/#breadcrumb\"},\"inLanguage\":\"pt-BR\",\"potentialAction\":[{\"@type\":\"ReadAction\",\"target\":[\"https:\/\/nigroequipamentos.com.br\/conteudo\/descubra-a-empilhadeira-retratil-paletrans-pr1790i-a-melhor-opcao-do-mercado\/\"]}]},{\"@type\":\"BreadcrumbList\",\"@id\":\"https:\/\/nigroequipamentos.com.br\/conteudo\/descubra-a-empilhadeira-retratil-paletrans-pr1790i-a-melhor-opcao-do-mercado\/#breadcrumb\",\"itemListElement\":[{\"@type\":\"ListItem\",\"position\":1,\"name\":\"In\u00edcio\",\"item\":\"https:\/\/nigroequipamentos.com.br\/conteudo\/\"},{\"@type\":\"ListItem\",\"position\":2,\"name\":\"Descubra a Empilhadeira Retr\u00e1til Paletrans PR1790i &#8211; A Melhor Op\u00e7\u00e3o do Mercado\"}]},{\"@type\":\"WebSite\",\"@id\":\"https:\/\/nigroequipamentos.com.br\/conteudo\/#website\",\"url\":\"https:\/\/nigroequipamentos.com.br\/conteudo\/\",\"name\":\"Nigro Equipamentos\",\"description\":\"Loca\u00e7\u00e3o e Vendas\",\"publisher\":{\"@id\":\"https:\/\/nigroequipamentos.com.br\/conteudo\/#organization\"},\"potentialAction\":[{\"@type\":\"SearchAction\",\"target\":{\"@type\":\"EntryPoint\",\"urlTemplate\":\"https:\/\/nigroequipamentos.com.br\/conteudo\/?s={search_term_string}\"},\"query-input\":{\"@type\":\"PropertyValueSpecification\",\"valueRequired\":true,\"valueName\":\"search_term_string\"}}],\"inLanguage\":\"pt-BR\"},{\"@type\":\"Organization\",\"@id\":\"https:\/\/nigroequipamentos.com.br\/conteudo\/#organization\",\"name\":\"Nigro Equipamentos\",\"url\":\"https:\/\/nigroequipamentos.com.br\/conteudo\/\",\"logo\":{\"@type\":\"ImageObject\",\"inLanguage\":\"pt-BR\",\"@id\":\"https:\/\/nigroequipamentos.com.br\/conteudo\/#\/schema\/logo\/image\/\",\"url\":\"https:\/\/nigroequipamentos.com.br\/conteudo\/wp-content\/uploads\/2024\/10\/nigroequipamentos_logo.webp\",\"contentUrl\":\"https:\/\/nigroequipamentos.com.br\/conteudo\/wp-content\/uploads\/2024\/10\/nigroequipamentos_logo.webp\",\"width\":785,\"height\":355,\"caption\":\"Nigro Equipamentos\"},\"image\":{\"@id\":\"https:\/\/nigroequipamentos.com.br\/conteudo\/#\/schema\/logo\/image\/\"},\"sameAs\":[\"https:\/\/www.facebook.com\/nigroequipamentos\",\"https:\/\/www.instagram.com\/nigroequipamentos\/\"]}]}<\/script>\n<!-- \/ Yoast SEO Premium plugin. -->","yoast_head_json":{"title":"Empilhadeira Retr\u00e1til Paletrans PR1790i - Efici\u00eancia e Confiabilidade","description":"Saiba tudo sobre a Empilhadeira Retr\u00e1til Paletrans PR1790i, ideal para otimiza\u00e7\u00e3o de espa\u00e7o e efici\u00eancia em sua opera\u00e7\u00e3o.","robots":{"index":"index","follow":"follow","max-snippet":"max-snippet:-1","max-image-preview":"max-image-preview:large","max-video-preview":"max-video-preview:-1"},"canonical":"https:\/\/nigroequipamentos.com.br\/conteudo\/descubra-a-empilhadeira-retratil-paletrans-pr1790i-a-melhor-opcao-do-mercado\/","og_locale":"pt_BR","og_type":"article","og_title":"Descubra a Empilhadeira Retr\u00e1til Paletrans PR1790i - A Melhor Op\u00e7\u00e3o do Mercado","og_description":"Saiba tudo sobre a Empilhadeira Retr\u00e1til Paletrans PR1790i, ideal para otimiza\u00e7\u00e3o de espa\u00e7o e efici\u00eancia em sua opera\u00e7\u00e3o.","og_url":"https:\/\/nigroequipamentos.com.br\/conteudo\/descubra-a-empilhadeira-retratil-paletrans-pr1790i-a-melhor-opcao-do-mercado\/","og_site_name":"Nigro Equipamentos","article_publisher":"https:\/\/www.facebook.com\/nigroequipamentos","twitter_card":"summary_large_image","schema":{"@context":"https:\/\/schema.org","@graph":[{"@type":"WebPage","@id":"https:\/\/nigroequipamentos.com.br\/conteudo\/descubra-a-empilhadeira-retratil-paletrans-pr1790i-a-melhor-opcao-do-mercado\/","url":"https:\/\/nigroequipamentos.com.br\/conteudo\/descubra-a-empilhadeira-retratil-paletrans-pr1790i-a-melhor-opcao-do-mercado\/","name":"Empilhadeira Retr\u00e1til Paletrans PR1790i - Efici\u00eancia e Confiabilidade","isPartOf":{"@id":"https:\/\/nigroequipamentos.com.br\/conteudo\/#website"},"datePublished":"2026-03-25T02:01:10+00:00","dateModified":"2026-03-25T02:01:10+00:00","description":"Saiba tudo sobre a Empilhadeira Retr\u00e1til Paletrans PR1790i, ideal para otimiza\u00e7\u00e3o de espa\u00e7o e efici\u00eancia em sua opera\u00e7\u00e3o.","breadcrumb":{"@id":"https:\/\/nigroequipamentos.com.br\/conteudo\/descubra-a-empilhadeira-retratil-paletrans-pr1790i-a-melhor-opcao-do-mercado\/#breadcrumb"},"inLanguage":"pt-BR","potentialAction":[{"@type":"ReadAction","target":["https:\/\/nigroequipamentos.com.br\/conteudo\/descubra-a-empilhadeira-retratil-paletrans-pr1790i-a-melhor-opcao-do-mercado\/"]}]},{"@type":"BreadcrumbList","@id":"https:\/\/nigroequipamentos.com.br\/conteudo\/descubra-a-empilhadeira-retratil-paletrans-pr1790i-a-melhor-opcao-do-mercado\/#breadcrumb","itemListElement":[{"@type":"ListItem","position":1,"name":"In\u00edcio","item":"https:\/\/nigroequipamentos.com.br\/conteudo\/"},{"@type":"ListItem","position":2,"name":"Descubra a Empilhadeira Retr\u00e1til Paletrans PR1790i &#8211; A Melhor Op\u00e7\u00e3o do Mercado"}]},{"@type":"WebSite","@id":"https:\/\/nigroequipamentos.com.br\/conteudo\/#website","url":"https:\/\/nigroequipamentos.com.br\/conteudo\/","name":"Nigro Equipamentos","description":"Loca\u00e7\u00e3o e Vendas","publisher":{"@id":"https:\/\/nigroequipamentos.com.br\/conteudo\/#organization"},"potentialAction":[{"@type":"SearchAction","target":{"@type":"EntryPoint","urlTemplate":"https:\/\/nigroequipamentos.com.br\/conteudo\/?s={search_term_string}"},"query-input":{"@type":"PropertyValueSpecification","valueRequired":true,"valueName":"search_term_string"}}],"inLanguage":"pt-BR"},{"@type":"Organization","@id":"https:\/\/nigroequipamentos.com.br\/conteudo\/#organization","name":"Nigro Equipamentos","url":"https:\/\/nigroequipamentos.com.br\/conteudo\/","logo":{"@type":"ImageObject","inLanguage":"pt-BR","@id":"https:\/\/nigroequipamentos.com.br\/conteudo\/#\/schema\/logo\/image\/","url":"https:\/\/nigroequipamentos.com.br\/conteudo\/wp-content\/uploads\/2024\/10\/nigroequipamentos_logo.webp","contentUrl":"https:\/\/nigroequipamentos.com.br\/conteudo\/wp-content\/uploads\/2024\/10\/nigroequipamentos_logo.webp","width":785,"height":355,"caption":"Nigro Equipamentos"},"image":{"@id":"https:\/\/nigroequipamentos.com.br\/conteudo\/#\/schema\/logo\/image\/"},"sameAs":["https:\/\/www.facebook.com\/nigroequipamentos","https:\/\/www.instagram.com\/nigroequipamentos\/"]}]}},"_links":{"self":[{"href":"https:\/\/nigroequipamentos.com.br\/conteudo\/wp-json\/wp\/v2\/pages\/98749","targetHints":{"allow":["GET"]}}],"collection":[{"href":"https:\/\/nigroequipamentos.com.br\/conteudo\/wp-json\/wp\/v2\/pages"}],"about":[{"href":"https:\/\/nigroequipamentos.com.br\/conteudo\/wp-json\/wp\/v2\/types\/page"}],"author":[{"embeddable":true,"href":"https:\/\/nigroequipamentos.com.br\/conteudo\/wp-json\/wp\/v2\/users\/3"}],"replies":[{"embeddable":true,"href":"https:\/\/nigroequipamentos.com.br\/conteudo\/wp-json\/wp\/v2\/comments?post=98749"}],"version-history":[{"count":0,"href":"https:\/\/nigroequipamentos.com.br\/conteudo\/wp-json\/wp\/v2\/pages\/98749\/revisions"}],"wp:attachment":[{"href":"https:\/\/nigroequipamentos.com.br\/conteudo\/wp-json\/wp\/v2\/media?parent=98749"}],"curies":[{"name":"wp","href":"https:\/\/api.w.org\/{rel}","templated":true}]}}