{"id":98587,"date":"2026-03-24T05:01:08","date_gmt":"2026-03-24T08:01:08","guid":{"rendered":"https:\/\/nigroequipamentos.com.br\/conteudo\/descubra-a-empilhadeira-retratil-paletrans-pr2011i-da-nigro-equipamentos-19\/"},"modified":"2026-03-24T05:01:08","modified_gmt":"2026-03-24T08:01:08","slug":"descubra-a-empilhadeira-retratil-paletrans-pr2011i-da-nigro-equipamentos-19","status":"publish","type":"page","link":"https:\/\/nigroequipamentos.com.br\/conteudo\/descubra-a-empilhadeira-retratil-paletrans-pr2011i-da-nigro-equipamentos-19\/","title":{"rendered":"Descubra a Empilhadeira Retr\u00e1til Paletrans PR2011i da Nigro Equipamentos"},"content":{"rendered":"<p>A Empilhadeira Retr\u00e1til Paletrans PR2011i \u00e9 uma m\u00e1quina inovadora que combina tecnologia de ponta com efici\u00eancia no manuseio de materiais. Ideal para ambientes que precisam de agilidade, essa empilhadeira se destaca pela sua capacidade de eleva\u00e7\u00e3o e precis\u00e3o na movimenta\u00e7\u00e3o de cargas. Na Nigro Equipamentos, oferecemos a Paletrans PR2011i com um servi\u00e7o completo de compra, manuten\u00e7\u00e3o e loca\u00e7\u00e3o, garantindo que voc\u00ea tenha sempre a melhor experi\u00eancia no uso dessa m\u00e1quina essencial.<\/p>\n","protected":false},"excerpt":{"rendered":"<p>A Empilhadeira Retr\u00e1til Paletrans PR2011i \u00e9 uma m\u00e1quina inovadora que combina tecnologia de ponta com efici\u00eancia no manuseio de materiais. Ideal para ambientes que precisam de agilidade, essa empilhadeira se destaca pela sua capacidade de eleva\u00e7\u00e3o e precis\u00e3o na movimenta\u00e7\u00e3o de cargas. Na Nigro Equipamentos, oferecemos a Paletrans PR2011i com um servi\u00e7o completo de compra,&hellip;&nbsp;<a href=\"https:\/\/nigroequipamentos.com.br\/conteudo\/descubra-a-empilhadeira-retratil-paletrans-pr2011i-da-nigro-equipamentos-19\/\" class=\"\" rel=\"bookmark\">Continue a ler &raquo;<span class=\"screen-reader-text\">Descubra a Empilhadeira Retr\u00e1til Paletrans PR2011i da Nigro Equipamentos<\/span><\/a><\/p>\n","protected":false},"author":3,"featured_media":0,"parent":0,"menu_order":0,"comment_status":"closed","ping_status":"closed","template":"","meta":{"_acf_changed":false,"_yoast_wpseo_focuskw":"Empilhadeira Retr\u00e1til Paletrans PR2011i","_yoast_wpseo_title":"Empilhadeira Retr\u00e1til Paletrans PR2011i: Eficiente e Vers\u00e1til na Nigro Equipamentos","_yoast_wpseo_metadesc":"Conhe\u00e7a a Empilhadeira Retr\u00e1til Paletrans PR2011i, uma m\u00e1quina eficiente e vers\u00e1til para seu armaz\u00e9m. Compromisso com compra, manuten\u00e7\u00e3o e loca\u00e7\u00e3o na Nigro Equipamentos.","neve_meta_sidebar":"","neve_meta_container":"","neve_meta_enable_content_width":"","neve_meta_content_width":0,"neve_meta_title_alignment":"","neve_meta_author_avatar":"","neve_post_elements_order":"","neve_meta_disable_header":"","neve_meta_disable_footer":"","neve_meta_disable_title":"","footnotes":""},"class_list":["post-98587","page","type-page","status-publish","hentry"],"acf":{"bloco1title":"Qualidade Garantida","bloco1text":"A Nigro Equipamentos \u00e9 refer\u00eancia em qualidade e manuten\u00e7\u00e3o para a Empilhadeira Retr\u00e1til Paletrans PR2011i, assegurando m\u00e1xima efici\u00eancia.","bloco2title":"Suporte Especializado","bloco2text":"Nosso time oferece suporte t\u00e9cnico qualificado para a Empilhadeira Retr\u00e1til Paletrans PR2011i, garantindo seu \u00f3timo funcionamento.","bloco3title":"Aumento de Produtividade","bloco3text":"Utilizar a Empilhadeira Retr\u00e1til Paletrans PR2011i resulta em aumento significativo da produtividade log\u00edstica, otimizando o espa\u00e7o e a velocidade de manuseio.","posttitle":"Vantagens da Empilhadeira Retr\u00e1til Paletrans PR2011i da Nigro Equipamentos","postcontent":"<strong>Com uma capacidade de carga impressionante<\/strong>, a Empilhadeira Retr\u00e1til Paletrans PR2011i \u00e9 ideal para log\u00edstica e armaz\u00e9ns que necessitam de flexibilidade. Al\u00e9m de proporcionar uma eleva\u00e7\u00e3o de at\u00e9 11 metros, essa empilhadeira conta com um formato compacto, permitindo acesso a locais restritos, otimizando a movimenta\u00e7\u00e3o de cargas pesadas com efici\u00eancia. <br> <br> A tecnologia empregada na Paletrans PR2011i garante opera\u00e7\u00e3o suave e controlada, reduzindo o risco de danos ao material manuseado. Adicionalmente, seu sistema de seguran\u00e7a \u00e9 projetado para proteger tanto o operador quanto as cargas. <br> <br> Na Nigro Equipamentos, somos especializados em garantir que a Empilhadeira Retr\u00e1til Paletrans PR2011i atenda \u00e0s suas necessidades, oferecendo orienta\u00e7\u00f5es para a loca\u00e7\u00e3o e compra. A manuten\u00e7\u00e3o preventiva e corretiva \u00e9 essencial, e estamos \u00e0 disposi\u00e7\u00e3o para assegurar que sua opera\u00e7\u00e3o nunca pare. <br> <br> Com a Nigro, sua empresa tem acesso a uma estrutura robusta de suporte e servi\u00e7os, tornando a experi\u00eancia com a Empilhadeira Retr\u00e1til Paletrans PR2011i ainda mais positiva.","insightwidtitle":"Curiosidades sobre a Empilhadeira","insightwidcontent":"Voc\u00ea sabia que a Empilhadeira Retr\u00e1til Paletrans PR2011i \u00e9 projetada para trabalhar em ambientes de alta densidade de armazenamento? Isso significa que ela n\u00e3o s\u00f3 maximiza o espa\u00e7o em armaz\u00e9ns e Centros de Distribui\u00e7\u00e3o, mas tamb\u00e9m promove a seguran\u00e7a, evitando acidentes por conta da sua opera\u00e7\u00e3o precisa e \u00e1gil. Al\u00e9m disso, a efici\u00eancia energ\u00e9tica dessa empilhadeira ajuda a reduzir custos com consumo, tornando-a uma escolha sustent\u00e1vel."},"yoast_head":"<!-- This site is optimized with the Yoast SEO Premium plugin v18.3 (Yoast SEO v23.4) - https:\/\/yoast.com\/wordpress\/plugins\/seo\/ -->\n<title>Empilhadeira Retr\u00e1til Paletrans PR2011i: Eficiente e Vers\u00e1til na Nigro Equipamentos<\/title>\n<meta name=\"description\" content=\"Conhe\u00e7a a Empilhadeira Retr\u00e1til Paletrans PR2011i, uma m\u00e1quina eficiente e vers\u00e1til para seu armaz\u00e9m. Compromisso com compra, manuten\u00e7\u00e3o e loca\u00e7\u00e3o na Nigro Equipamentos.\" \/>\n<meta name=\"robots\" content=\"index, follow, max-snippet:-1, max-image-preview:large, max-video-preview:-1\" \/>\n<link rel=\"canonical\" href=\"https:\/\/nigroequipamentos.com.br\/conteudo\/descubra-a-empilhadeira-retratil-paletrans-pr2011i-da-nigro-equipamentos-19\/\" \/>\n<meta property=\"og:locale\" content=\"pt_BR\" \/>\n<meta property=\"og:type\" content=\"article\" \/>\n<meta property=\"og:title\" content=\"Descubra a Empilhadeira Retr\u00e1til Paletrans PR2011i da Nigro Equipamentos\" \/>\n<meta property=\"og:description\" content=\"Conhe\u00e7a a Empilhadeira Retr\u00e1til Paletrans PR2011i, uma m\u00e1quina eficiente e vers\u00e1til para seu armaz\u00e9m. Compromisso com compra, manuten\u00e7\u00e3o e loca\u00e7\u00e3o na Nigro Equipamentos.\" \/>\n<meta property=\"og:url\" content=\"https:\/\/nigroequipamentos.com.br\/conteudo\/descubra-a-empilhadeira-retratil-paletrans-pr2011i-da-nigro-equipamentos-19\/\" \/>\n<meta property=\"og:site_name\" content=\"Nigro Equipamentos\" \/>\n<meta property=\"article:publisher\" content=\"https:\/\/www.facebook.com\/nigroequipamentos\" \/>\n<meta name=\"twitter:card\" content=\"summary_large_image\" \/>\n<script type=\"application\/ld+json\" class=\"yoast-schema-graph\">{\"@context\":\"https:\/\/schema.org\",\"@graph\":[{\"@type\":\"WebPage\",\"@id\":\"https:\/\/nigroequipamentos.com.br\/conteudo\/descubra-a-empilhadeira-retratil-paletrans-pr2011i-da-nigro-equipamentos-19\/\",\"url\":\"https:\/\/nigroequipamentos.com.br\/conteudo\/descubra-a-empilhadeira-retratil-paletrans-pr2011i-da-nigro-equipamentos-19\/\",\"name\":\"Empilhadeira Retr\u00e1til Paletrans PR2011i: Eficiente e Vers\u00e1til na Nigro Equipamentos\",\"isPartOf\":{\"@id\":\"https:\/\/nigroequipamentos.com.br\/conteudo\/#website\"},\"datePublished\":\"2026-03-24T08:01:08+00:00\",\"dateModified\":\"2026-03-24T08:01:08+00:00\",\"description\":\"Conhe\u00e7a a Empilhadeira Retr\u00e1til Paletrans PR2011i, uma m\u00e1quina eficiente e vers\u00e1til para seu armaz\u00e9m. Compromisso com compra, manuten\u00e7\u00e3o e loca\u00e7\u00e3o na Nigro Equipamentos.\",\"breadcrumb\":{\"@id\":\"https:\/\/nigroequipamentos.com.br\/conteudo\/descubra-a-empilhadeira-retratil-paletrans-pr2011i-da-nigro-equipamentos-19\/#breadcrumb\"},\"inLanguage\":\"pt-BR\",\"potentialAction\":[{\"@type\":\"ReadAction\",\"target\":[\"https:\/\/nigroequipamentos.com.br\/conteudo\/descubra-a-empilhadeira-retratil-paletrans-pr2011i-da-nigro-equipamentos-19\/\"]}]},{\"@type\":\"BreadcrumbList\",\"@id\":\"https:\/\/nigroequipamentos.com.br\/conteudo\/descubra-a-empilhadeira-retratil-paletrans-pr2011i-da-nigro-equipamentos-19\/#breadcrumb\",\"itemListElement\":[{\"@type\":\"ListItem\",\"position\":1,\"name\":\"In\u00edcio\",\"item\":\"https:\/\/nigroequipamentos.com.br\/conteudo\/\"},{\"@type\":\"ListItem\",\"position\":2,\"name\":\"Descubra a Empilhadeira Retr\u00e1til Paletrans PR2011i da Nigro Equipamentos\"}]},{\"@type\":\"WebSite\",\"@id\":\"https:\/\/nigroequipamentos.com.br\/conteudo\/#website\",\"url\":\"https:\/\/nigroequipamentos.com.br\/conteudo\/\",\"name\":\"Nigro Equipamentos\",\"description\":\"Loca\u00e7\u00e3o e Vendas\",\"publisher\":{\"@id\":\"https:\/\/nigroequipamentos.com.br\/conteudo\/#organization\"},\"potentialAction\":[{\"@type\":\"SearchAction\",\"target\":{\"@type\":\"EntryPoint\",\"urlTemplate\":\"https:\/\/nigroequipamentos.com.br\/conteudo\/?s={search_term_string}\"},\"query-input\":{\"@type\":\"PropertyValueSpecification\",\"valueRequired\":true,\"valueName\":\"search_term_string\"}}],\"inLanguage\":\"pt-BR\"},{\"@type\":\"Organization\",\"@id\":\"https:\/\/nigroequipamentos.com.br\/conteudo\/#organization\",\"name\":\"Nigro Equipamentos\",\"url\":\"https:\/\/nigroequipamentos.com.br\/conteudo\/\",\"logo\":{\"@type\":\"ImageObject\",\"inLanguage\":\"pt-BR\",\"@id\":\"https:\/\/nigroequipamentos.com.br\/conteudo\/#\/schema\/logo\/image\/\",\"url\":\"https:\/\/nigroequipamentos.com.br\/conteudo\/wp-content\/uploads\/2024\/10\/nigroequipamentos_logo.webp\",\"contentUrl\":\"https:\/\/nigroequipamentos.com.br\/conteudo\/wp-content\/uploads\/2024\/10\/nigroequipamentos_logo.webp\",\"width\":785,\"height\":355,\"caption\":\"Nigro Equipamentos\"},\"image\":{\"@id\":\"https:\/\/nigroequipamentos.com.br\/conteudo\/#\/schema\/logo\/image\/\"},\"sameAs\":[\"https:\/\/www.facebook.com\/nigroequipamentos\",\"https:\/\/www.instagram.com\/nigroequipamentos\/\"]}]}<\/script>\n<!-- \/ Yoast SEO Premium plugin. -->","yoast_head_json":{"title":"Empilhadeira Retr\u00e1til Paletrans PR2011i: Eficiente e Vers\u00e1til na Nigro Equipamentos","description":"Conhe\u00e7a a Empilhadeira Retr\u00e1til Paletrans PR2011i, uma m\u00e1quina eficiente e vers\u00e1til para seu armaz\u00e9m. Compromisso com compra, manuten\u00e7\u00e3o e loca\u00e7\u00e3o na Nigro Equipamentos.","robots":{"index":"index","follow":"follow","max-snippet":"max-snippet:-1","max-image-preview":"max-image-preview:large","max-video-preview":"max-video-preview:-1"},"canonical":"https:\/\/nigroequipamentos.com.br\/conteudo\/descubra-a-empilhadeira-retratil-paletrans-pr2011i-da-nigro-equipamentos-19\/","og_locale":"pt_BR","og_type":"article","og_title":"Descubra a Empilhadeira Retr\u00e1til Paletrans PR2011i da Nigro Equipamentos","og_description":"Conhe\u00e7a a Empilhadeira Retr\u00e1til Paletrans PR2011i, uma m\u00e1quina eficiente e vers\u00e1til para seu armaz\u00e9m. Compromisso com compra, manuten\u00e7\u00e3o e loca\u00e7\u00e3o na Nigro Equipamentos.","og_url":"https:\/\/nigroequipamentos.com.br\/conteudo\/descubra-a-empilhadeira-retratil-paletrans-pr2011i-da-nigro-equipamentos-19\/","og_site_name":"Nigro Equipamentos","article_publisher":"https:\/\/www.facebook.com\/nigroequipamentos","twitter_card":"summary_large_image","schema":{"@context":"https:\/\/schema.org","@graph":[{"@type":"WebPage","@id":"https:\/\/nigroequipamentos.com.br\/conteudo\/descubra-a-empilhadeira-retratil-paletrans-pr2011i-da-nigro-equipamentos-19\/","url":"https:\/\/nigroequipamentos.com.br\/conteudo\/descubra-a-empilhadeira-retratil-paletrans-pr2011i-da-nigro-equipamentos-19\/","name":"Empilhadeira Retr\u00e1til Paletrans PR2011i: Eficiente e Vers\u00e1til na Nigro Equipamentos","isPartOf":{"@id":"https:\/\/nigroequipamentos.com.br\/conteudo\/#website"},"datePublished":"2026-03-24T08:01:08+00:00","dateModified":"2026-03-24T08:01:08+00:00","description":"Conhe\u00e7a a Empilhadeira Retr\u00e1til Paletrans PR2011i, uma m\u00e1quina eficiente e vers\u00e1til para seu armaz\u00e9m. Compromisso com compra, manuten\u00e7\u00e3o e loca\u00e7\u00e3o na Nigro Equipamentos.","breadcrumb":{"@id":"https:\/\/nigroequipamentos.com.br\/conteudo\/descubra-a-empilhadeira-retratil-paletrans-pr2011i-da-nigro-equipamentos-19\/#breadcrumb"},"inLanguage":"pt-BR","potentialAction":[{"@type":"ReadAction","target":["https:\/\/nigroequipamentos.com.br\/conteudo\/descubra-a-empilhadeira-retratil-paletrans-pr2011i-da-nigro-equipamentos-19\/"]}]},{"@type":"BreadcrumbList","@id":"https:\/\/nigroequipamentos.com.br\/conteudo\/descubra-a-empilhadeira-retratil-paletrans-pr2011i-da-nigro-equipamentos-19\/#breadcrumb","itemListElement":[{"@type":"ListItem","position":1,"name":"In\u00edcio","item":"https:\/\/nigroequipamentos.com.br\/conteudo\/"},{"@type":"ListItem","position":2,"name":"Descubra a Empilhadeira Retr\u00e1til Paletrans PR2011i da Nigro Equipamentos"}]},{"@type":"WebSite","@id":"https:\/\/nigroequipamentos.com.br\/conteudo\/#website","url":"https:\/\/nigroequipamentos.com.br\/conteudo\/","name":"Nigro Equipamentos","description":"Loca\u00e7\u00e3o e Vendas","publisher":{"@id":"https:\/\/nigroequipamentos.com.br\/conteudo\/#organization"},"potentialAction":[{"@type":"SearchAction","target":{"@type":"EntryPoint","urlTemplate":"https:\/\/nigroequipamentos.com.br\/conteudo\/?s={search_term_string}"},"query-input":{"@type":"PropertyValueSpecification","valueRequired":true,"valueName":"search_term_string"}}],"inLanguage":"pt-BR"},{"@type":"Organization","@id":"https:\/\/nigroequipamentos.com.br\/conteudo\/#organization","name":"Nigro Equipamentos","url":"https:\/\/nigroequipamentos.com.br\/conteudo\/","logo":{"@type":"ImageObject","inLanguage":"pt-BR","@id":"https:\/\/nigroequipamentos.com.br\/conteudo\/#\/schema\/logo\/image\/","url":"https:\/\/nigroequipamentos.com.br\/conteudo\/wp-content\/uploads\/2024\/10\/nigroequipamentos_logo.webp","contentUrl":"https:\/\/nigroequipamentos.com.br\/conteudo\/wp-content\/uploads\/2024\/10\/nigroequipamentos_logo.webp","width":785,"height":355,"caption":"Nigro Equipamentos"},"image":{"@id":"https:\/\/nigroequipamentos.com.br\/conteudo\/#\/schema\/logo\/image\/"},"sameAs":["https:\/\/www.facebook.com\/nigroequipamentos","https:\/\/www.instagram.com\/nigroequipamentos\/"]}]}},"_links":{"self":[{"href":"https:\/\/nigroequipamentos.com.br\/conteudo\/wp-json\/wp\/v2\/pages\/98587","targetHints":{"allow":["GET"]}}],"collection":[{"href":"https:\/\/nigroequipamentos.com.br\/conteudo\/wp-json\/wp\/v2\/pages"}],"about":[{"href":"https:\/\/nigroequipamentos.com.br\/conteudo\/wp-json\/wp\/v2\/types\/page"}],"author":[{"embeddable":true,"href":"https:\/\/nigroequipamentos.com.br\/conteudo\/wp-json\/wp\/v2\/users\/3"}],"replies":[{"embeddable":true,"href":"https:\/\/nigroequipamentos.com.br\/conteudo\/wp-json\/wp\/v2\/comments?post=98587"}],"version-history":[{"count":0,"href":"https:\/\/nigroequipamentos.com.br\/conteudo\/wp-json\/wp\/v2\/pages\/98587\/revisions"}],"wp:attachment":[{"href":"https:\/\/nigroequipamentos.com.br\/conteudo\/wp-json\/wp\/v2\/media?parent=98587"}],"curies":[{"name":"wp","href":"https:\/\/api.w.org\/{rel}","templated":true}]}}