{"id":98346,"date":"2026-03-23T02:01:09","date_gmt":"2026-03-23T05:01:09","guid":{"rendered":"https:\/\/nigroequipamentos.com.br\/conteudo\/empilhadeira-paletrans-logistica-eficiencia-na-movimentacao-de-cargas\/"},"modified":"2026-03-23T02:01:09","modified_gmt":"2026-03-23T05:01:09","slug":"empilhadeira-paletrans-logistica-eficiencia-na-movimentacao-de-cargas","status":"publish","type":"page","link":"https:\/\/nigroequipamentos.com.br\/conteudo\/empilhadeira-paletrans-logistica-eficiencia-na-movimentacao-de-cargas\/","title":{"rendered":"Empilhadeira Paletrans Log\u00edstica: Efici\u00eancia na Movimenta\u00e7\u00e3o de Cargas"},"content":{"rendered":"<p>A empilhadeira Paletrans \u00e9 uma solu\u00e7\u00e3o inovadora e eficiente para otimizar a log\u00edstica nas empresas. Equipadas com tecnologia de ponta, as empilhadeiras Paletrans garantem rapidez e seguran\u00e7a na movimenta\u00e7\u00e3o de cargas, essencial para um fluxo log\u00edstico bem-sucedido. O compromisso da Nigro Equipamentos \u00e9 oferecer as melhores op\u00e7\u00f5es de compra, manuten\u00e7\u00e3o e loca\u00e7\u00e3o, sempre priorizando a satisfa\u00e7\u00e3o do cliente e a excel\u00eancia operacional. Com as empilhadeiras Paletrans, sua opera\u00e7\u00e3o se tornar\u00e1 mais \u00e1gil e competitiva, assegurando que voc\u00ea tenha o suporte necess\u00e1rio para crescer no mercado.<\/p>\n","protected":false},"excerpt":{"rendered":"<p>A empilhadeira Paletrans \u00e9 uma solu\u00e7\u00e3o inovadora e eficiente para otimizar a log\u00edstica nas empresas. Equipadas com tecnologia de ponta, as empilhadeiras Paletrans garantem rapidez e seguran\u00e7a na movimenta\u00e7\u00e3o de cargas, essencial para um fluxo log\u00edstico bem-sucedido. O compromisso da Nigro Equipamentos \u00e9 oferecer as melhores op\u00e7\u00f5es de compra, manuten\u00e7\u00e3o e loca\u00e7\u00e3o, sempre priorizando a&hellip;&nbsp;<a href=\"https:\/\/nigroequipamentos.com.br\/conteudo\/empilhadeira-paletrans-logistica-eficiencia-na-movimentacao-de-cargas\/\" class=\"\" rel=\"bookmark\">Continue a ler &raquo;<span class=\"screen-reader-text\">Empilhadeira Paletrans Log\u00edstica: Efici\u00eancia na Movimenta\u00e7\u00e3o de Cargas<\/span><\/a><\/p>\n","protected":false},"author":3,"featured_media":0,"parent":0,"menu_order":0,"comment_status":"closed","ping_status":"closed","template":"","meta":{"_acf_changed":false,"_yoast_wpseo_focuskw":"Empilhadeira Paletrans log\u00edstica","_yoast_wpseo_title":"Empilhadeira Paletrans: Solu\u00e7\u00e3o Estrat\u00e9gica para Log\u00edstica","_yoast_wpseo_metadesc":"Descubra como a empilhadeira Paletrans pode transformar sua log\u00edstica com solu\u00e7\u00f5es eficientes. Nigro Equipamentos \u00e9 a sua melhor op\u00e7\u00e3o para compra, loca\u00e7\u00e3o e manuten\u00e7\u00e3o.","neve_meta_sidebar":"","neve_meta_container":"","neve_meta_enable_content_width":"","neve_meta_content_width":0,"neve_meta_title_alignment":"","neve_meta_author_avatar":"","neve_post_elements_order":"","neve_meta_disable_header":"","neve_meta_disable_footer":"","neve_meta_disable_title":"","footnotes":""},"class_list":["post-98346","page","type-page","status-publish","hentry"],"acf":{"bloco1title":"Tecnologia Avan\u00e7ada","bloco1text":"As empilhadeiras Paletrans oferecem tecnologia de ponta e desempenho superior, garantindo efici\u00eancia nas opera\u00e7\u00f5es log\u00edsticas.","bloco2title":"Servi\u00e7os Completo","bloco2text":"A Nigro Equipamentos fornece suporte total na compra, manuten\u00e7\u00e3o e loca\u00e7\u00e3o da empilhadeira Paletrans.","bloco3title":"Sustentabilidade","bloco3text":"Investir em empilhadeiras Paletrans tamb\u00e9m \u00e9 um passo em dire\u00e7\u00e3o \u00e0 sustentabilidade, com solu\u00e7\u00f5es que minimizam o impacto ambiental.","posttitle":"Empilhadeiras Paletrans na Log\u00edstica: A Solu\u00e7\u00e3o Ideal para sua Empresa","postcontent":"<strong>Aumente sua Efici\u00eancia Log\u00edstica com Empilhadeiras Paletrans<\/strong><br>As empilhadeiras Paletrans s\u00e3o projetadas para atender as demandas mais rigorosas da log\u00edstica moderna. Com designs ergon\u00f4micos e caracter\u00edsticas voltadas ao operador, a Paletrans proporciona conforto e seguran\u00e7a durante o manuseio de cargas. Sua estrutura robusta e vers\u00e1til permite trabalhar em diferentes ambientes, desde armaz\u00e9ns at\u00e9 \u00e1reas externas, sem comprometer o desempenho.<br><br><strong>Capacidades Variadas para Diferentes Necessidades<\/strong><br>A linha de empilhadeiras Paletrans conta com uma variedade de capacidades operacionais, adaptando-se \u00e0s especificidades de cada opera\u00e7\u00e3o. Desde empilhadeiras compactas, que navegam por corredores estreitos, at\u00e9 modelos com alta capacidade que manipulam cargas pesadas. A Nigro Equipamentos \u00e9 especialista neste segmento, garantindo que voc\u00ea escolha a empilhadeira Paletrans ideal para suas opera\u00e7\u00f5es.<br><br><strong>Mantenha sua Opera\u00e7\u00e3o em Dia<\/strong><br>Al\u00e9m de oferecer a venda das empilhadeiras Paletrans, a Nigro Equipamentos se destaca na manuten\u00e7\u00e3o e loca\u00e7\u00e3o destes equipamentos. Atrav\u00e9s de servi\u00e7os t\u00e9cnicos especializados, asseguramos que a sua empilhadeira permane\u00e7a em perfeito estado, reduzindo paradoxos na produtividade. A loca\u00e7\u00e3o \u00e9 uma excelente alternativa para empresas que buscam flexibilidade para atender a demandas sazonais. Desde a compra at\u00e9 o suporte p\u00f3s-venda, n\u00f3s somos a sua melhor escolha.","insightwidtitle":"Curiosidades sobre Empilhadeiras","insightwidcontent":"Voc\u00ea sabia que a primeira empilhadeira foi desenvolvida na d\u00e9cada de 1920? Desde ent\u00e3o, a evolu\u00e7\u00e3o das empilhadeiras, como as Paletrans, trouxe inova\u00e7\u00f5es que aumentaram a seguran\u00e7a e efici\u00eancia no transporte de cargas. Al\u00e9m de melhorar a produtividade, o uso adequado dessas m\u00e1quinas reduz os riscos de acidentes, tornando o ambiente de trabalho mais seguro."},"yoast_head":"<!-- This site is optimized with the Yoast SEO Premium plugin v18.3 (Yoast SEO v23.4) - https:\/\/yoast.com\/wordpress\/plugins\/seo\/ -->\n<title>Empilhadeira Paletrans: Solu\u00e7\u00e3o Estrat\u00e9gica para Log\u00edstica<\/title>\n<meta name=\"description\" content=\"Descubra como a empilhadeira Paletrans pode transformar sua log\u00edstica com solu\u00e7\u00f5es eficientes. Nigro Equipamentos \u00e9 a sua melhor op\u00e7\u00e3o para compra, loca\u00e7\u00e3o e manuten\u00e7\u00e3o.\" \/>\n<meta name=\"robots\" content=\"index, follow, max-snippet:-1, max-image-preview:large, max-video-preview:-1\" \/>\n<link rel=\"canonical\" href=\"https:\/\/nigroequipamentos.com.br\/conteudo\/empilhadeira-paletrans-logistica-eficiencia-na-movimentacao-de-cargas\/\" \/>\n<meta property=\"og:locale\" content=\"pt_BR\" \/>\n<meta property=\"og:type\" content=\"article\" \/>\n<meta property=\"og:title\" content=\"Empilhadeira Paletrans Log\u00edstica: Efici\u00eancia na Movimenta\u00e7\u00e3o de Cargas\" \/>\n<meta property=\"og:description\" content=\"Descubra como a empilhadeira Paletrans pode transformar sua log\u00edstica com solu\u00e7\u00f5es eficientes. Nigro Equipamentos \u00e9 a sua melhor op\u00e7\u00e3o para compra, loca\u00e7\u00e3o e manuten\u00e7\u00e3o.\" \/>\n<meta property=\"og:url\" content=\"https:\/\/nigroequipamentos.com.br\/conteudo\/empilhadeira-paletrans-logistica-eficiencia-na-movimentacao-de-cargas\/\" \/>\n<meta property=\"og:site_name\" content=\"Nigro Equipamentos\" \/>\n<meta property=\"article:publisher\" content=\"https:\/\/www.facebook.com\/nigroequipamentos\" \/>\n<meta name=\"twitter:card\" content=\"summary_large_image\" \/>\n<script type=\"application\/ld+json\" class=\"yoast-schema-graph\">{\"@context\":\"https:\/\/schema.org\",\"@graph\":[{\"@type\":\"WebPage\",\"@id\":\"https:\/\/nigroequipamentos.com.br\/conteudo\/empilhadeira-paletrans-logistica-eficiencia-na-movimentacao-de-cargas\/\",\"url\":\"https:\/\/nigroequipamentos.com.br\/conteudo\/empilhadeira-paletrans-logistica-eficiencia-na-movimentacao-de-cargas\/\",\"name\":\"Empilhadeira Paletrans: Solu\u00e7\u00e3o Estrat\u00e9gica para Log\u00edstica\",\"isPartOf\":{\"@id\":\"https:\/\/nigroequipamentos.com.br\/conteudo\/#website\"},\"datePublished\":\"2026-03-23T05:01:09+00:00\",\"dateModified\":\"2026-03-23T05:01:09+00:00\",\"description\":\"Descubra como a empilhadeira Paletrans pode transformar sua log\u00edstica com solu\u00e7\u00f5es eficientes. Nigro Equipamentos \u00e9 a sua melhor op\u00e7\u00e3o para compra, loca\u00e7\u00e3o e manuten\u00e7\u00e3o.\",\"breadcrumb\":{\"@id\":\"https:\/\/nigroequipamentos.com.br\/conteudo\/empilhadeira-paletrans-logistica-eficiencia-na-movimentacao-de-cargas\/#breadcrumb\"},\"inLanguage\":\"pt-BR\",\"potentialAction\":[{\"@type\":\"ReadAction\",\"target\":[\"https:\/\/nigroequipamentos.com.br\/conteudo\/empilhadeira-paletrans-logistica-eficiencia-na-movimentacao-de-cargas\/\"]}]},{\"@type\":\"BreadcrumbList\",\"@id\":\"https:\/\/nigroequipamentos.com.br\/conteudo\/empilhadeira-paletrans-logistica-eficiencia-na-movimentacao-de-cargas\/#breadcrumb\",\"itemListElement\":[{\"@type\":\"ListItem\",\"position\":1,\"name\":\"In\u00edcio\",\"item\":\"https:\/\/nigroequipamentos.com.br\/conteudo\/\"},{\"@type\":\"ListItem\",\"position\":2,\"name\":\"Empilhadeira Paletrans Log\u00edstica: Efici\u00eancia na Movimenta\u00e7\u00e3o de Cargas\"}]},{\"@type\":\"WebSite\",\"@id\":\"https:\/\/nigroequipamentos.com.br\/conteudo\/#website\",\"url\":\"https:\/\/nigroequipamentos.com.br\/conteudo\/\",\"name\":\"Nigro Equipamentos\",\"description\":\"Loca\u00e7\u00e3o e Vendas\",\"publisher\":{\"@id\":\"https:\/\/nigroequipamentos.com.br\/conteudo\/#organization\"},\"potentialAction\":[{\"@type\":\"SearchAction\",\"target\":{\"@type\":\"EntryPoint\",\"urlTemplate\":\"https:\/\/nigroequipamentos.com.br\/conteudo\/?s={search_term_string}\"},\"query-input\":{\"@type\":\"PropertyValueSpecification\",\"valueRequired\":true,\"valueName\":\"search_term_string\"}}],\"inLanguage\":\"pt-BR\"},{\"@type\":\"Organization\",\"@id\":\"https:\/\/nigroequipamentos.com.br\/conteudo\/#organization\",\"name\":\"Nigro Equipamentos\",\"url\":\"https:\/\/nigroequipamentos.com.br\/conteudo\/\",\"logo\":{\"@type\":\"ImageObject\",\"inLanguage\":\"pt-BR\",\"@id\":\"https:\/\/nigroequipamentos.com.br\/conteudo\/#\/schema\/logo\/image\/\",\"url\":\"https:\/\/nigroequipamentos.com.br\/conteudo\/wp-content\/uploads\/2024\/10\/nigroequipamentos_logo.webp\",\"contentUrl\":\"https:\/\/nigroequipamentos.com.br\/conteudo\/wp-content\/uploads\/2024\/10\/nigroequipamentos_logo.webp\",\"width\":785,\"height\":355,\"caption\":\"Nigro Equipamentos\"},\"image\":{\"@id\":\"https:\/\/nigroequipamentos.com.br\/conteudo\/#\/schema\/logo\/image\/\"},\"sameAs\":[\"https:\/\/www.facebook.com\/nigroequipamentos\",\"https:\/\/www.instagram.com\/nigroequipamentos\/\"]}]}<\/script>\n<!-- \/ Yoast SEO Premium plugin. -->","yoast_head_json":{"title":"Empilhadeira Paletrans: Solu\u00e7\u00e3o Estrat\u00e9gica para Log\u00edstica","description":"Descubra como a empilhadeira Paletrans pode transformar sua log\u00edstica com solu\u00e7\u00f5es eficientes. Nigro Equipamentos \u00e9 a sua melhor op\u00e7\u00e3o para compra, loca\u00e7\u00e3o e manuten\u00e7\u00e3o.","robots":{"index":"index","follow":"follow","max-snippet":"max-snippet:-1","max-image-preview":"max-image-preview:large","max-video-preview":"max-video-preview:-1"},"canonical":"https:\/\/nigroequipamentos.com.br\/conteudo\/empilhadeira-paletrans-logistica-eficiencia-na-movimentacao-de-cargas\/","og_locale":"pt_BR","og_type":"article","og_title":"Empilhadeira Paletrans Log\u00edstica: Efici\u00eancia na Movimenta\u00e7\u00e3o de Cargas","og_description":"Descubra como a empilhadeira Paletrans pode transformar sua log\u00edstica com solu\u00e7\u00f5es eficientes. Nigro Equipamentos \u00e9 a sua melhor op\u00e7\u00e3o para compra, loca\u00e7\u00e3o e manuten\u00e7\u00e3o.","og_url":"https:\/\/nigroequipamentos.com.br\/conteudo\/empilhadeira-paletrans-logistica-eficiencia-na-movimentacao-de-cargas\/","og_site_name":"Nigro Equipamentos","article_publisher":"https:\/\/www.facebook.com\/nigroequipamentos","twitter_card":"summary_large_image","schema":{"@context":"https:\/\/schema.org","@graph":[{"@type":"WebPage","@id":"https:\/\/nigroequipamentos.com.br\/conteudo\/empilhadeira-paletrans-logistica-eficiencia-na-movimentacao-de-cargas\/","url":"https:\/\/nigroequipamentos.com.br\/conteudo\/empilhadeira-paletrans-logistica-eficiencia-na-movimentacao-de-cargas\/","name":"Empilhadeira Paletrans: Solu\u00e7\u00e3o Estrat\u00e9gica para Log\u00edstica","isPartOf":{"@id":"https:\/\/nigroequipamentos.com.br\/conteudo\/#website"},"datePublished":"2026-03-23T05:01:09+00:00","dateModified":"2026-03-23T05:01:09+00:00","description":"Descubra como a empilhadeira Paletrans pode transformar sua log\u00edstica com solu\u00e7\u00f5es eficientes. Nigro Equipamentos \u00e9 a sua melhor op\u00e7\u00e3o para compra, loca\u00e7\u00e3o e manuten\u00e7\u00e3o.","breadcrumb":{"@id":"https:\/\/nigroequipamentos.com.br\/conteudo\/empilhadeira-paletrans-logistica-eficiencia-na-movimentacao-de-cargas\/#breadcrumb"},"inLanguage":"pt-BR","potentialAction":[{"@type":"ReadAction","target":["https:\/\/nigroequipamentos.com.br\/conteudo\/empilhadeira-paletrans-logistica-eficiencia-na-movimentacao-de-cargas\/"]}]},{"@type":"BreadcrumbList","@id":"https:\/\/nigroequipamentos.com.br\/conteudo\/empilhadeira-paletrans-logistica-eficiencia-na-movimentacao-de-cargas\/#breadcrumb","itemListElement":[{"@type":"ListItem","position":1,"name":"In\u00edcio","item":"https:\/\/nigroequipamentos.com.br\/conteudo\/"},{"@type":"ListItem","position":2,"name":"Empilhadeira Paletrans Log\u00edstica: Efici\u00eancia na Movimenta\u00e7\u00e3o de Cargas"}]},{"@type":"WebSite","@id":"https:\/\/nigroequipamentos.com.br\/conteudo\/#website","url":"https:\/\/nigroequipamentos.com.br\/conteudo\/","name":"Nigro Equipamentos","description":"Loca\u00e7\u00e3o e Vendas","publisher":{"@id":"https:\/\/nigroequipamentos.com.br\/conteudo\/#organization"},"potentialAction":[{"@type":"SearchAction","target":{"@type":"EntryPoint","urlTemplate":"https:\/\/nigroequipamentos.com.br\/conteudo\/?s={search_term_string}"},"query-input":{"@type":"PropertyValueSpecification","valueRequired":true,"valueName":"search_term_string"}}],"inLanguage":"pt-BR"},{"@type":"Organization","@id":"https:\/\/nigroequipamentos.com.br\/conteudo\/#organization","name":"Nigro Equipamentos","url":"https:\/\/nigroequipamentos.com.br\/conteudo\/","logo":{"@type":"ImageObject","inLanguage":"pt-BR","@id":"https:\/\/nigroequipamentos.com.br\/conteudo\/#\/schema\/logo\/image\/","url":"https:\/\/nigroequipamentos.com.br\/conteudo\/wp-content\/uploads\/2024\/10\/nigroequipamentos_logo.webp","contentUrl":"https:\/\/nigroequipamentos.com.br\/conteudo\/wp-content\/uploads\/2024\/10\/nigroequipamentos_logo.webp","width":785,"height":355,"caption":"Nigro Equipamentos"},"image":{"@id":"https:\/\/nigroequipamentos.com.br\/conteudo\/#\/schema\/logo\/image\/"},"sameAs":["https:\/\/www.facebook.com\/nigroequipamentos","https:\/\/www.instagram.com\/nigroequipamentos\/"]}]}},"_links":{"self":[{"href":"https:\/\/nigroequipamentos.com.br\/conteudo\/wp-json\/wp\/v2\/pages\/98346","targetHints":{"allow":["GET"]}}],"collection":[{"href":"https:\/\/nigroequipamentos.com.br\/conteudo\/wp-json\/wp\/v2\/pages"}],"about":[{"href":"https:\/\/nigroequipamentos.com.br\/conteudo\/wp-json\/wp\/v2\/types\/page"}],"author":[{"embeddable":true,"href":"https:\/\/nigroequipamentos.com.br\/conteudo\/wp-json\/wp\/v2\/users\/3"}],"replies":[{"embeddable":true,"href":"https:\/\/nigroequipamentos.com.br\/conteudo\/wp-json\/wp\/v2\/comments?post=98346"}],"version-history":[{"count":0,"href":"https:\/\/nigroequipamentos.com.br\/conteudo\/wp-json\/wp\/v2\/pages\/98346\/revisions"}],"wp:attachment":[{"href":"https:\/\/nigroequipamentos.com.br\/conteudo\/wp-json\/wp\/v2\/media?parent=98346"}],"curies":[{"name":"wp","href":"https:\/\/api.w.org\/{rel}","templated":true}]}}