{"id":97687,"date":"2026-03-20T01:01:00","date_gmt":"2026-03-20T04:01:00","guid":{"rendered":"https:\/\/nigroequipamentos.com.br\/conteudo\/descubra-a-versatilidade-das-empilhadeiras-paletrans-2\/"},"modified":"2026-03-20T01:01:00","modified_gmt":"2026-03-20T04:01:00","slug":"descubra-a-versatilidade-das-empilhadeiras-paletrans-2","status":"publish","type":"page","link":"https:\/\/nigroequipamentos.com.br\/conteudo\/descubra-a-versatilidade-das-empilhadeiras-paletrans-2\/","title":{"rendered":"Descubra a Versatilidade das Empilhadeiras Paletrans"},"content":{"rendered":"<p>As empilhadeiras Paletrans s\u00e3o sin\u00f4nimo de efici\u00eancia e inova\u00e7\u00e3o no manuseio de carga. Com diversas op\u00e7\u00f5es de modelos, cada empilhadeira Paletrans \u00e9 projetada para atender diferentes necessidades log\u00edsticas e operacionais, garantindo maior produtividade em seu neg\u00f3cio. Escolher a empilhadeira Paletrans ideal \u00e9 essencial para otimizar processos e aumentar a seguran\u00e7a no ambiente de trabalho. Conhe\u00e7a a linha completa de empilhadeiras Paletrans e como a Nigro Equipamentos pode ser a sua melhor escolha em compra, manuten\u00e7\u00e3o e loca\u00e7\u00e3o desse equipamento fundamental.<\/p>\n","protected":false},"excerpt":{"rendered":"<p>As empilhadeiras Paletrans s\u00e3o sin\u00f4nimo de efici\u00eancia e inova\u00e7\u00e3o no manuseio de carga. Com diversas op\u00e7\u00f5es de modelos, cada empilhadeira Paletrans \u00e9 projetada para atender diferentes necessidades log\u00edsticas e operacionais, garantindo maior produtividade em seu neg\u00f3cio. Escolher a empilhadeira Paletrans ideal \u00e9 essencial para otimizar processos e aumentar a seguran\u00e7a no ambiente de trabalho. Conhe\u00e7a&hellip;&nbsp;<a href=\"https:\/\/nigroequipamentos.com.br\/conteudo\/descubra-a-versatilidade-das-empilhadeiras-paletrans-2\/\" class=\"\" rel=\"bookmark\">Continue a ler &raquo;<span class=\"screen-reader-text\">Descubra a Versatilidade das Empilhadeiras Paletrans<\/span><\/a><\/p>\n","protected":false},"author":3,"featured_media":0,"parent":0,"menu_order":0,"comment_status":"closed","ping_status":"closed","template":"","meta":{"_acf_changed":false,"_yoast_wpseo_focuskw":"Empilhadeiras Paletrans","_yoast_wpseo_title":"Empilhadeiras Paletrans: Modelos e Vantagens","_yoast_wpseo_metadesc":"Descubra a linha completa de empilhadeiras Paletrans. A Nigro Equipamentos oferece compra, manuten\u00e7\u00e3o e loca\u00e7\u00e3o com qualidade e seguran\u00e7a.","neve_meta_sidebar":"","neve_meta_container":"","neve_meta_enable_content_width":"","neve_meta_content_width":0,"neve_meta_title_alignment":"","neve_meta_author_avatar":"","neve_post_elements_order":"","neve_meta_disable_header":"","neve_meta_disable_footer":"","neve_meta_disable_title":"","footnotes":""},"class_list":["post-97687","page","type-page","status-publish","hentry"],"acf":{"bloco1title":"Variedade de Modelos","bloco1text":"A Nigro Equipamentos oferece uma ampla gama de modelos de empilhadeiras Paletrans para atender a todas as suas necessidades de movimenta\u00e7\u00e3o.","bloco2title":"Qualidade Garantida","bloco2text":"As empilhadeiras Paletrans s\u00e3o reconhecidas por sua robustez e efici\u00eancia, assegurando a melhor performance.","bloco3title":"Seguran\u00e7a em Primeiro Lugar","bloco3text":"Investir em empilhadeiras Paletrans significa priorizar a seguran\u00e7a dos trabalhadores. Todos os modelos s\u00e3o projetados com sistemas avan\u00e7ados de seguran\u00e7a.","posttitle":"Empilhadeiras Paletrans: A Escolha Certa para Sua Opera\u00e7\u00e3o","postcontent":"<strong>As Empilhadeiras Paletrans s\u00e3o a solu\u00e7\u00e3o perfeita<\/strong> para quem busca qualidade e efici\u00eancia no transporte de cargas. Cada modelo de empilhadeira Paletrans foi desenvolvido para oferecer performance excepcional em diversos ambientes de trabalho. Seja para armazenar ou transportar mercadorias, uma empilhadeira Paletrans pode elevar a produtividade do seu armaz\u00e9m. Com recursos tecnol\u00f3gicos avan\u00e7ados, como sistemas de controle eletr\u00f4nico e baixo consumo de energia, estas empilhadeiras t\u00eam se mostrado indispens\u00e1veis no setor. Na Nigro Equipamentos, voc\u00ea encontra diferentes modelos de empilhadeiras Paletrans, todos com garantia de qualidade e suporte t\u00e9cnico especializado. Nossa equipe de profissionais est\u00e1 sempre pronta para ajudar na escolha do modelo ideal que atenda suas necessidades espec\u00edficas. N\u00e3o apenas vendemos empilhadeiras Paletrans, mas tamb\u00e9m oferecemos servi\u00e7os de manuten\u00e7\u00e3o e loca\u00e7\u00e3o, assegurando que sua opera\u00e7\u00e3o nunca pare. Confie na Nigro Equipamentos para todas as suas necessidades de empilhadeiras Paletrans.","insightwidtitle":"Curiosidades sobre Paletrans","insightwidcontent":"Voc\u00ea sabia que as empilhadeiras Paletrans s\u00e3o utilizadas em diversos setores, como log\u00edstica, industrial e at\u00e9 agr\u00edcola? Elas se destacam pela versatilidade e adaptabilidade a diferentes tipos de carga. Outro fato interessante \u00e9 que a Paletrans investe constantemente em tecnologia para garantir maior efici\u00eancia energ\u00e9tica, contribuindo para a redu\u00e7\u00e3o de custos operacionais e um ambiente de trabalho mais sustent\u00e1vel."},"yoast_head":"<!-- This site is optimized with the Yoast SEO Premium plugin v18.3 (Yoast SEO v23.4) - https:\/\/yoast.com\/wordpress\/plugins\/seo\/ -->\n<title>Empilhadeiras Paletrans: Modelos e Vantagens<\/title>\n<meta name=\"description\" content=\"Descubra a linha completa de empilhadeiras Paletrans. A Nigro Equipamentos oferece compra, manuten\u00e7\u00e3o e loca\u00e7\u00e3o com qualidade e seguran\u00e7a.\" \/>\n<meta name=\"robots\" content=\"index, follow, max-snippet:-1, max-image-preview:large, max-video-preview:-1\" \/>\n<link rel=\"canonical\" href=\"https:\/\/nigroequipamentos.com.br\/conteudo\/descubra-a-versatilidade-das-empilhadeiras-paletrans-2\/\" \/>\n<meta property=\"og:locale\" content=\"pt_BR\" \/>\n<meta property=\"og:type\" content=\"article\" \/>\n<meta property=\"og:title\" content=\"Descubra a Versatilidade das Empilhadeiras Paletrans\" \/>\n<meta property=\"og:description\" content=\"Descubra a linha completa de empilhadeiras Paletrans. A Nigro Equipamentos oferece compra, manuten\u00e7\u00e3o e loca\u00e7\u00e3o com qualidade e seguran\u00e7a.\" \/>\n<meta property=\"og:url\" content=\"https:\/\/nigroequipamentos.com.br\/conteudo\/descubra-a-versatilidade-das-empilhadeiras-paletrans-2\/\" \/>\n<meta property=\"og:site_name\" content=\"Nigro Equipamentos\" \/>\n<meta property=\"article:publisher\" content=\"https:\/\/www.facebook.com\/nigroequipamentos\" \/>\n<meta name=\"twitter:card\" content=\"summary_large_image\" \/>\n<script type=\"application\/ld+json\" class=\"yoast-schema-graph\">{\"@context\":\"https:\/\/schema.org\",\"@graph\":[{\"@type\":\"WebPage\",\"@id\":\"https:\/\/nigroequipamentos.com.br\/conteudo\/descubra-a-versatilidade-das-empilhadeiras-paletrans-2\/\",\"url\":\"https:\/\/nigroequipamentos.com.br\/conteudo\/descubra-a-versatilidade-das-empilhadeiras-paletrans-2\/\",\"name\":\"Empilhadeiras Paletrans: Modelos e Vantagens\",\"isPartOf\":{\"@id\":\"https:\/\/nigroequipamentos.com.br\/conteudo\/#website\"},\"datePublished\":\"2026-03-20T04:01:00+00:00\",\"dateModified\":\"2026-03-20T04:01:00+00:00\",\"description\":\"Descubra a linha completa de empilhadeiras Paletrans. A Nigro Equipamentos oferece compra, manuten\u00e7\u00e3o e loca\u00e7\u00e3o com qualidade e seguran\u00e7a.\",\"breadcrumb\":{\"@id\":\"https:\/\/nigroequipamentos.com.br\/conteudo\/descubra-a-versatilidade-das-empilhadeiras-paletrans-2\/#breadcrumb\"},\"inLanguage\":\"pt-BR\",\"potentialAction\":[{\"@type\":\"ReadAction\",\"target\":[\"https:\/\/nigroequipamentos.com.br\/conteudo\/descubra-a-versatilidade-das-empilhadeiras-paletrans-2\/\"]}]},{\"@type\":\"BreadcrumbList\",\"@id\":\"https:\/\/nigroequipamentos.com.br\/conteudo\/descubra-a-versatilidade-das-empilhadeiras-paletrans-2\/#breadcrumb\",\"itemListElement\":[{\"@type\":\"ListItem\",\"position\":1,\"name\":\"In\u00edcio\",\"item\":\"https:\/\/nigroequipamentos.com.br\/conteudo\/\"},{\"@type\":\"ListItem\",\"position\":2,\"name\":\"Descubra a Versatilidade das Empilhadeiras Paletrans\"}]},{\"@type\":\"WebSite\",\"@id\":\"https:\/\/nigroequipamentos.com.br\/conteudo\/#website\",\"url\":\"https:\/\/nigroequipamentos.com.br\/conteudo\/\",\"name\":\"Nigro Equipamentos\",\"description\":\"Loca\u00e7\u00e3o e Vendas\",\"publisher\":{\"@id\":\"https:\/\/nigroequipamentos.com.br\/conteudo\/#organization\"},\"potentialAction\":[{\"@type\":\"SearchAction\",\"target\":{\"@type\":\"EntryPoint\",\"urlTemplate\":\"https:\/\/nigroequipamentos.com.br\/conteudo\/?s={search_term_string}\"},\"query-input\":{\"@type\":\"PropertyValueSpecification\",\"valueRequired\":true,\"valueName\":\"search_term_string\"}}],\"inLanguage\":\"pt-BR\"},{\"@type\":\"Organization\",\"@id\":\"https:\/\/nigroequipamentos.com.br\/conteudo\/#organization\",\"name\":\"Nigro Equipamentos\",\"url\":\"https:\/\/nigroequipamentos.com.br\/conteudo\/\",\"logo\":{\"@type\":\"ImageObject\",\"inLanguage\":\"pt-BR\",\"@id\":\"https:\/\/nigroequipamentos.com.br\/conteudo\/#\/schema\/logo\/image\/\",\"url\":\"https:\/\/nigroequipamentos.com.br\/conteudo\/wp-content\/uploads\/2024\/10\/nigroequipamentos_logo.webp\",\"contentUrl\":\"https:\/\/nigroequipamentos.com.br\/conteudo\/wp-content\/uploads\/2024\/10\/nigroequipamentos_logo.webp\",\"width\":785,\"height\":355,\"caption\":\"Nigro Equipamentos\"},\"image\":{\"@id\":\"https:\/\/nigroequipamentos.com.br\/conteudo\/#\/schema\/logo\/image\/\"},\"sameAs\":[\"https:\/\/www.facebook.com\/nigroequipamentos\",\"https:\/\/www.instagram.com\/nigroequipamentos\/\"]}]}<\/script>\n<!-- \/ Yoast SEO Premium plugin. -->","yoast_head_json":{"title":"Empilhadeiras Paletrans: Modelos e Vantagens","description":"Descubra a linha completa de empilhadeiras Paletrans. A Nigro Equipamentos oferece compra, manuten\u00e7\u00e3o e loca\u00e7\u00e3o com qualidade e seguran\u00e7a.","robots":{"index":"index","follow":"follow","max-snippet":"max-snippet:-1","max-image-preview":"max-image-preview:large","max-video-preview":"max-video-preview:-1"},"canonical":"https:\/\/nigroequipamentos.com.br\/conteudo\/descubra-a-versatilidade-das-empilhadeiras-paletrans-2\/","og_locale":"pt_BR","og_type":"article","og_title":"Descubra a Versatilidade das Empilhadeiras Paletrans","og_description":"Descubra a linha completa de empilhadeiras Paletrans. A Nigro Equipamentos oferece compra, manuten\u00e7\u00e3o e loca\u00e7\u00e3o com qualidade e seguran\u00e7a.","og_url":"https:\/\/nigroequipamentos.com.br\/conteudo\/descubra-a-versatilidade-das-empilhadeiras-paletrans-2\/","og_site_name":"Nigro Equipamentos","article_publisher":"https:\/\/www.facebook.com\/nigroequipamentos","twitter_card":"summary_large_image","schema":{"@context":"https:\/\/schema.org","@graph":[{"@type":"WebPage","@id":"https:\/\/nigroequipamentos.com.br\/conteudo\/descubra-a-versatilidade-das-empilhadeiras-paletrans-2\/","url":"https:\/\/nigroequipamentos.com.br\/conteudo\/descubra-a-versatilidade-das-empilhadeiras-paletrans-2\/","name":"Empilhadeiras Paletrans: Modelos e Vantagens","isPartOf":{"@id":"https:\/\/nigroequipamentos.com.br\/conteudo\/#website"},"datePublished":"2026-03-20T04:01:00+00:00","dateModified":"2026-03-20T04:01:00+00:00","description":"Descubra a linha completa de empilhadeiras Paletrans. A Nigro Equipamentos oferece compra, manuten\u00e7\u00e3o e loca\u00e7\u00e3o com qualidade e seguran\u00e7a.","breadcrumb":{"@id":"https:\/\/nigroequipamentos.com.br\/conteudo\/descubra-a-versatilidade-das-empilhadeiras-paletrans-2\/#breadcrumb"},"inLanguage":"pt-BR","potentialAction":[{"@type":"ReadAction","target":["https:\/\/nigroequipamentos.com.br\/conteudo\/descubra-a-versatilidade-das-empilhadeiras-paletrans-2\/"]}]},{"@type":"BreadcrumbList","@id":"https:\/\/nigroequipamentos.com.br\/conteudo\/descubra-a-versatilidade-das-empilhadeiras-paletrans-2\/#breadcrumb","itemListElement":[{"@type":"ListItem","position":1,"name":"In\u00edcio","item":"https:\/\/nigroequipamentos.com.br\/conteudo\/"},{"@type":"ListItem","position":2,"name":"Descubra a Versatilidade das Empilhadeiras Paletrans"}]},{"@type":"WebSite","@id":"https:\/\/nigroequipamentos.com.br\/conteudo\/#website","url":"https:\/\/nigroequipamentos.com.br\/conteudo\/","name":"Nigro Equipamentos","description":"Loca\u00e7\u00e3o e Vendas","publisher":{"@id":"https:\/\/nigroequipamentos.com.br\/conteudo\/#organization"},"potentialAction":[{"@type":"SearchAction","target":{"@type":"EntryPoint","urlTemplate":"https:\/\/nigroequipamentos.com.br\/conteudo\/?s={search_term_string}"},"query-input":{"@type":"PropertyValueSpecification","valueRequired":true,"valueName":"search_term_string"}}],"inLanguage":"pt-BR"},{"@type":"Organization","@id":"https:\/\/nigroequipamentos.com.br\/conteudo\/#organization","name":"Nigro Equipamentos","url":"https:\/\/nigroequipamentos.com.br\/conteudo\/","logo":{"@type":"ImageObject","inLanguage":"pt-BR","@id":"https:\/\/nigroequipamentos.com.br\/conteudo\/#\/schema\/logo\/image\/","url":"https:\/\/nigroequipamentos.com.br\/conteudo\/wp-content\/uploads\/2024\/10\/nigroequipamentos_logo.webp","contentUrl":"https:\/\/nigroequipamentos.com.br\/conteudo\/wp-content\/uploads\/2024\/10\/nigroequipamentos_logo.webp","width":785,"height":355,"caption":"Nigro Equipamentos"},"image":{"@id":"https:\/\/nigroequipamentos.com.br\/conteudo\/#\/schema\/logo\/image\/"},"sameAs":["https:\/\/www.facebook.com\/nigroequipamentos","https:\/\/www.instagram.com\/nigroequipamentos\/"]}]}},"_links":{"self":[{"href":"https:\/\/nigroequipamentos.com.br\/conteudo\/wp-json\/wp\/v2\/pages\/97687","targetHints":{"allow":["GET"]}}],"collection":[{"href":"https:\/\/nigroequipamentos.com.br\/conteudo\/wp-json\/wp\/v2\/pages"}],"about":[{"href":"https:\/\/nigroequipamentos.com.br\/conteudo\/wp-json\/wp\/v2\/types\/page"}],"author":[{"embeddable":true,"href":"https:\/\/nigroequipamentos.com.br\/conteudo\/wp-json\/wp\/v2\/users\/3"}],"replies":[{"embeddable":true,"href":"https:\/\/nigroequipamentos.com.br\/conteudo\/wp-json\/wp\/v2\/comments?post=97687"}],"version-history":[{"count":0,"href":"https:\/\/nigroequipamentos.com.br\/conteudo\/wp-json\/wp\/v2\/pages\/97687\/revisions"}],"wp:attachment":[{"href":"https:\/\/nigroequipamentos.com.br\/conteudo\/wp-json\/wp\/v2\/media?parent=97687"}],"curies":[{"name":"wp","href":"https:\/\/api.w.org\/{rel}","templated":true}]}}