{"id":96274,"date":"2026-03-13T11:45:54","date_gmt":"2026-03-13T14:45:54","guid":{"rendered":"https:\/\/nigroequipamentos.com.br\/conteudo\/a-ergonomia-da-empilhadeira-paletrans-transformando-o-seu-dia-a-dia\/"},"modified":"2026-03-13T11:45:54","modified_gmt":"2026-03-13T14:45:54","slug":"a-ergonomia-da-empilhadeira-paletrans-transformando-o-seu-dia-a-dia","status":"publish","type":"page","link":"https:\/\/nigroequipamentos.com.br\/conteudo\/a-ergonomia-da-empilhadeira-paletrans-transformando-o-seu-dia-a-dia\/","title":{"rendered":"A Ergonomia da Empilhadeira Paletrans: Transformando o seu Dia a Dia!"},"content":{"rendered":"<p>Quando se fala em empilhadeira Paletrans, a ergonomia \u00e9 um dos fatores mais relevantes a se considerar, pois impacta diretamente na produtividade e na seguran\u00e7a dos operadores. A empilhadeira Paletrans \u00e9 projetada para proporcionar conforto e efici\u00eancia, permitindo que os trabalhadores realizem suas tarefas com menos esfor\u00e7o e risco de les\u00f5es. Al\u00e9m disso, a adapta\u00e7\u00e3o ergon\u00f4mica das empilhadeiras Paletrans se reflete na facilidade de manuseio e na redu\u00e7\u00e3o da fadiga, essenciais para um ambiente de trabalho saud\u00e1vel. A troca de equipamentos desgastados para uma nova empilhadeira Paletrans tamb\u00e9m faz parte do compromisso da Nigro Equipamentos em entregar solu\u00e7\u00f5es que priorizam a sa\u00fade e a seguran\u00e7a de sua equipe. Transforme seu espa\u00e7o de armazenamento com a ergonomia da empilhadeira Paletrans e veja a diferen\u00e7a no seu dia a dia. A experi\u00eancia que a Nigro traz permite que voc\u00ea escolha a empilhadeira Paletrans ideal, n\u00e3o importa o seu segmento. Venha conhecer nossos servi\u00e7os de compra, manuten\u00e7\u00e3o e loca\u00e7\u00e3o!<\/p>\n","protected":false},"excerpt":{"rendered":"<p>Quando se fala em empilhadeira Paletrans, a ergonomia \u00e9 um dos fatores mais relevantes a se considerar, pois impacta diretamente na produtividade e na seguran\u00e7a dos operadores. A empilhadeira Paletrans \u00e9 projetada para proporcionar conforto e efici\u00eancia, permitindo que os trabalhadores realizem suas tarefas com menos esfor\u00e7o e risco de les\u00f5es. Al\u00e9m disso, a adapta\u00e7\u00e3o&hellip;&nbsp;<a href=\"https:\/\/nigroequipamentos.com.br\/conteudo\/a-ergonomia-da-empilhadeira-paletrans-transformando-o-seu-dia-a-dia\/\" class=\"\" rel=\"bookmark\">Continue a ler &raquo;<span class=\"screen-reader-text\">A Ergonomia da Empilhadeira Paletrans: Transformando o seu Dia a Dia!<\/span><\/a><\/p>\n","protected":false},"author":3,"featured_media":0,"parent":0,"menu_order":0,"comment_status":"closed","ping_status":"closed","template":"","meta":{"_acf_changed":false,"_yoast_wpseo_focuskw":"Empilhadeira Paletrans ergonomia","_yoast_wpseo_title":"Ergonomia na Empilhadeira Paletrans: A Excel\u00eancia da Nigro Equipamentos","_yoast_wpseo_metadesc":"Descubra como a ergonomia da empilhadeira Paletrans melhora seu ambiente de trabalho e aumenta a produtividade com a Nigro Equipamentos.","neve_meta_sidebar":"","neve_meta_container":"","neve_meta_enable_content_width":"","neve_meta_content_width":0,"neve_meta_title_alignment":"","neve_meta_author_avatar":"","neve_post_elements_order":"","neve_meta_disable_header":"","neve_meta_disable_footer":"","neve_meta_disable_title":"","footnotes":""},"class_list":["post-96274","page","type-page","status-publish","hentry"],"acf":{"bloco1title":"Inova\u00e7\u00e3o em Ergonomia","bloco1text":"A Nigro Equipamentos investe em tecnologia para garantir que cada empilhadeira Paletrans ofere\u00e7a m\u00e1ximo conforto ao operador.","bloco2title":"Seguran\u00e7a em Primeiro Lugar","bloco2text":"As empilhadeiras Paletrans v\u00eam com sistemas de seguran\u00e7a avan\u00e7ados que protegem os operadores.","bloco3title":"Aumentando a Produtividade","bloco3text":"Com a ergonomia das empilhadeiras Paletrans, sua equipe trabalha mais r\u00e1pido e com menos erros. A efici\u00eancia aumenta!","posttitle":"Ergonomia da Empilhadeira Paletrans: Benef\u00edcios Para Sua Empresa","postcontent":"<strong>Empilhadeira Paletrans e Ergonomia<\/strong> s\u00e3o termos que andam de m\u00e3os dadas no ambiente industrial moderno. Quando falamos em ergonomia, referimo-nos \u00e0 adapta\u00e7\u00e3o do equipamento \u00e0s necessidades do operador, minimizando esfor\u00e7os e riscos de les\u00f5es. A empilhadeira Paletrans, reconhecida pelo seu design adapt\u00e1vel, \u00e9 uma escolha que prioriza o bem-estar do usu\u00e1rio. Uma empilhadeira Paletrans bem ajustada n\u00e3o s\u00f3 garante maior conforto, mas tamb\u00e9m melhora a efici\u00eancia operacional. Estudos mostram que operadores que utilizam empilhadeiras Paletrans ergon\u00f4micas est\u00e3o mais satisfeitos e apresentam menos casos de doen\u00e7as relacionadas ao trabalho. A Nigro Equipamentos, com sua experi\u00eancia e especializa\u00e7\u00e3o, \u00e9 l\u00edder na oferta de empilhadeiras Paletrans. Atrav\u00e9s de uma vasta gama de modelos, garantimos que sua empresa encontre a solu\u00e7\u00e3o ideal. Nossa equipe est\u00e1 preparada para te ajudar com a compra, manuten\u00e7\u00e3o e loca\u00e7\u00e3o das empilhadeiras Paletrans, garantindo satisfa\u00e7\u00e3o total e opera\u00e7\u00e3o segura. N\u00e3o hesite em contactar a Nigro Equipamentos \u2013 a melhor escolha para quem deseja elevar a efici\u00eancia e a seguran\u00e7a operacional com empilhadeiras Paletrans!","insightwidtitle":"Curiosidades sobre Ergonomia","insightwidcontent":"Voc\u00ea sabia que a ergonomia pode reduzir em at\u00e9 30% o n\u00famero de les\u00f5es no trabalho? Com a implementa\u00e7\u00e3o de empilhadeiras Paletrans, empresas reportaram melhorias significativas na sa\u00fade de seus colaboradores, al\u00e9m de um aumento na produtividade. A ergonomia \u00e9 mais do que conforto; \u00e9 uma estrat\u00e9gia eficaz para o sucesso empresarial!"},"yoast_head":"<!-- This site is optimized with the Yoast SEO Premium plugin v18.3 (Yoast SEO v23.4) - https:\/\/yoast.com\/wordpress\/plugins\/seo\/ -->\n<title>Ergonomia na Empilhadeira Paletrans: A Excel\u00eancia da Nigro Equipamentos<\/title>\n<meta name=\"description\" content=\"Descubra como a ergonomia da empilhadeira Paletrans melhora seu ambiente de trabalho e aumenta a produtividade com a Nigro Equipamentos.\" \/>\n<meta name=\"robots\" content=\"index, follow, max-snippet:-1, max-image-preview:large, max-video-preview:-1\" \/>\n<link rel=\"canonical\" href=\"https:\/\/nigroequipamentos.com.br\/conteudo\/a-ergonomia-da-empilhadeira-paletrans-transformando-o-seu-dia-a-dia\/\" \/>\n<meta property=\"og:locale\" content=\"pt_BR\" \/>\n<meta property=\"og:type\" content=\"article\" \/>\n<meta property=\"og:title\" content=\"A Ergonomia da Empilhadeira Paletrans: Transformando o seu Dia a Dia!\" \/>\n<meta property=\"og:description\" content=\"Descubra como a ergonomia da empilhadeira Paletrans melhora seu ambiente de trabalho e aumenta a produtividade com a Nigro Equipamentos.\" \/>\n<meta property=\"og:url\" content=\"https:\/\/nigroequipamentos.com.br\/conteudo\/a-ergonomia-da-empilhadeira-paletrans-transformando-o-seu-dia-a-dia\/\" \/>\n<meta property=\"og:site_name\" content=\"Nigro Equipamentos\" \/>\n<meta property=\"article:publisher\" content=\"https:\/\/www.facebook.com\/nigroequipamentos\" \/>\n<meta name=\"twitter:card\" content=\"summary_large_image\" \/>\n<meta name=\"twitter:label1\" content=\"Est. tempo de leitura\" \/>\n\t<meta name=\"twitter:data1\" content=\"1 minuto\" \/>\n<script type=\"application\/ld+json\" class=\"yoast-schema-graph\">{\"@context\":\"https:\/\/schema.org\",\"@graph\":[{\"@type\":\"WebPage\",\"@id\":\"https:\/\/nigroequipamentos.com.br\/conteudo\/a-ergonomia-da-empilhadeira-paletrans-transformando-o-seu-dia-a-dia\/\",\"url\":\"https:\/\/nigroequipamentos.com.br\/conteudo\/a-ergonomia-da-empilhadeira-paletrans-transformando-o-seu-dia-a-dia\/\",\"name\":\"Ergonomia na Empilhadeira Paletrans: A Excel\u00eancia da Nigro Equipamentos\",\"isPartOf\":{\"@id\":\"https:\/\/nigroequipamentos.com.br\/conteudo\/#website\"},\"datePublished\":\"2026-03-13T14:45:54+00:00\",\"dateModified\":\"2026-03-13T14:45:54+00:00\",\"description\":\"Descubra como a ergonomia da empilhadeira Paletrans melhora seu ambiente de trabalho e aumenta a produtividade com a Nigro Equipamentos.\",\"breadcrumb\":{\"@id\":\"https:\/\/nigroequipamentos.com.br\/conteudo\/a-ergonomia-da-empilhadeira-paletrans-transformando-o-seu-dia-a-dia\/#breadcrumb\"},\"inLanguage\":\"pt-BR\",\"potentialAction\":[{\"@type\":\"ReadAction\",\"target\":[\"https:\/\/nigroequipamentos.com.br\/conteudo\/a-ergonomia-da-empilhadeira-paletrans-transformando-o-seu-dia-a-dia\/\"]}]},{\"@type\":\"BreadcrumbList\",\"@id\":\"https:\/\/nigroequipamentos.com.br\/conteudo\/a-ergonomia-da-empilhadeira-paletrans-transformando-o-seu-dia-a-dia\/#breadcrumb\",\"itemListElement\":[{\"@type\":\"ListItem\",\"position\":1,\"name\":\"In\u00edcio\",\"item\":\"https:\/\/nigroequipamentos.com.br\/conteudo\/\"},{\"@type\":\"ListItem\",\"position\":2,\"name\":\"A Ergonomia da Empilhadeira Paletrans: Transformando o seu Dia a Dia!\"}]},{\"@type\":\"WebSite\",\"@id\":\"https:\/\/nigroequipamentos.com.br\/conteudo\/#website\",\"url\":\"https:\/\/nigroequipamentos.com.br\/conteudo\/\",\"name\":\"Nigro Equipamentos\",\"description\":\"Loca\u00e7\u00e3o e Vendas\",\"publisher\":{\"@id\":\"https:\/\/nigroequipamentos.com.br\/conteudo\/#organization\"},\"potentialAction\":[{\"@type\":\"SearchAction\",\"target\":{\"@type\":\"EntryPoint\",\"urlTemplate\":\"https:\/\/nigroequipamentos.com.br\/conteudo\/?s={search_term_string}\"},\"query-input\":{\"@type\":\"PropertyValueSpecification\",\"valueRequired\":true,\"valueName\":\"search_term_string\"}}],\"inLanguage\":\"pt-BR\"},{\"@type\":\"Organization\",\"@id\":\"https:\/\/nigroequipamentos.com.br\/conteudo\/#organization\",\"name\":\"Nigro Equipamentos\",\"url\":\"https:\/\/nigroequipamentos.com.br\/conteudo\/\",\"logo\":{\"@type\":\"ImageObject\",\"inLanguage\":\"pt-BR\",\"@id\":\"https:\/\/nigroequipamentos.com.br\/conteudo\/#\/schema\/logo\/image\/\",\"url\":\"https:\/\/nigroequipamentos.com.br\/conteudo\/wp-content\/uploads\/2024\/10\/nigroequipamentos_logo.webp\",\"contentUrl\":\"https:\/\/nigroequipamentos.com.br\/conteudo\/wp-content\/uploads\/2024\/10\/nigroequipamentos_logo.webp\",\"width\":785,\"height\":355,\"caption\":\"Nigro Equipamentos\"},\"image\":{\"@id\":\"https:\/\/nigroequipamentos.com.br\/conteudo\/#\/schema\/logo\/image\/\"},\"sameAs\":[\"https:\/\/www.facebook.com\/nigroequipamentos\",\"https:\/\/www.instagram.com\/nigroequipamentos\/\"]}]}<\/script>\n<!-- \/ Yoast SEO Premium plugin. -->","yoast_head_json":{"title":"Ergonomia na Empilhadeira Paletrans: A Excel\u00eancia da Nigro Equipamentos","description":"Descubra como a ergonomia da empilhadeira Paletrans melhora seu ambiente de trabalho e aumenta a produtividade com a Nigro Equipamentos.","robots":{"index":"index","follow":"follow","max-snippet":"max-snippet:-1","max-image-preview":"max-image-preview:large","max-video-preview":"max-video-preview:-1"},"canonical":"https:\/\/nigroequipamentos.com.br\/conteudo\/a-ergonomia-da-empilhadeira-paletrans-transformando-o-seu-dia-a-dia\/","og_locale":"pt_BR","og_type":"article","og_title":"A Ergonomia da Empilhadeira Paletrans: Transformando o seu Dia a Dia!","og_description":"Descubra como a ergonomia da empilhadeira Paletrans melhora seu ambiente de trabalho e aumenta a produtividade com a Nigro Equipamentos.","og_url":"https:\/\/nigroequipamentos.com.br\/conteudo\/a-ergonomia-da-empilhadeira-paletrans-transformando-o-seu-dia-a-dia\/","og_site_name":"Nigro Equipamentos","article_publisher":"https:\/\/www.facebook.com\/nigroequipamentos","twitter_card":"summary_large_image","twitter_misc":{"Est. tempo de leitura":"1 minuto"},"schema":{"@context":"https:\/\/schema.org","@graph":[{"@type":"WebPage","@id":"https:\/\/nigroequipamentos.com.br\/conteudo\/a-ergonomia-da-empilhadeira-paletrans-transformando-o-seu-dia-a-dia\/","url":"https:\/\/nigroequipamentos.com.br\/conteudo\/a-ergonomia-da-empilhadeira-paletrans-transformando-o-seu-dia-a-dia\/","name":"Ergonomia na Empilhadeira Paletrans: A Excel\u00eancia da Nigro Equipamentos","isPartOf":{"@id":"https:\/\/nigroequipamentos.com.br\/conteudo\/#website"},"datePublished":"2026-03-13T14:45:54+00:00","dateModified":"2026-03-13T14:45:54+00:00","description":"Descubra como a ergonomia da empilhadeira Paletrans melhora seu ambiente de trabalho e aumenta a produtividade com a Nigro Equipamentos.","breadcrumb":{"@id":"https:\/\/nigroequipamentos.com.br\/conteudo\/a-ergonomia-da-empilhadeira-paletrans-transformando-o-seu-dia-a-dia\/#breadcrumb"},"inLanguage":"pt-BR","potentialAction":[{"@type":"ReadAction","target":["https:\/\/nigroequipamentos.com.br\/conteudo\/a-ergonomia-da-empilhadeira-paletrans-transformando-o-seu-dia-a-dia\/"]}]},{"@type":"BreadcrumbList","@id":"https:\/\/nigroequipamentos.com.br\/conteudo\/a-ergonomia-da-empilhadeira-paletrans-transformando-o-seu-dia-a-dia\/#breadcrumb","itemListElement":[{"@type":"ListItem","position":1,"name":"In\u00edcio","item":"https:\/\/nigroequipamentos.com.br\/conteudo\/"},{"@type":"ListItem","position":2,"name":"A Ergonomia da Empilhadeira Paletrans: Transformando o seu Dia a Dia!"}]},{"@type":"WebSite","@id":"https:\/\/nigroequipamentos.com.br\/conteudo\/#website","url":"https:\/\/nigroequipamentos.com.br\/conteudo\/","name":"Nigro Equipamentos","description":"Loca\u00e7\u00e3o e Vendas","publisher":{"@id":"https:\/\/nigroequipamentos.com.br\/conteudo\/#organization"},"potentialAction":[{"@type":"SearchAction","target":{"@type":"EntryPoint","urlTemplate":"https:\/\/nigroequipamentos.com.br\/conteudo\/?s={search_term_string}"},"query-input":{"@type":"PropertyValueSpecification","valueRequired":true,"valueName":"search_term_string"}}],"inLanguage":"pt-BR"},{"@type":"Organization","@id":"https:\/\/nigroequipamentos.com.br\/conteudo\/#organization","name":"Nigro Equipamentos","url":"https:\/\/nigroequipamentos.com.br\/conteudo\/","logo":{"@type":"ImageObject","inLanguage":"pt-BR","@id":"https:\/\/nigroequipamentos.com.br\/conteudo\/#\/schema\/logo\/image\/","url":"https:\/\/nigroequipamentos.com.br\/conteudo\/wp-content\/uploads\/2024\/10\/nigroequipamentos_logo.webp","contentUrl":"https:\/\/nigroequipamentos.com.br\/conteudo\/wp-content\/uploads\/2024\/10\/nigroequipamentos_logo.webp","width":785,"height":355,"caption":"Nigro Equipamentos"},"image":{"@id":"https:\/\/nigroequipamentos.com.br\/conteudo\/#\/schema\/logo\/image\/"},"sameAs":["https:\/\/www.facebook.com\/nigroequipamentos","https:\/\/www.instagram.com\/nigroequipamentos\/"]}]}},"_links":{"self":[{"href":"https:\/\/nigroequipamentos.com.br\/conteudo\/wp-json\/wp\/v2\/pages\/96274","targetHints":{"allow":["GET"]}}],"collection":[{"href":"https:\/\/nigroequipamentos.com.br\/conteudo\/wp-json\/wp\/v2\/pages"}],"about":[{"href":"https:\/\/nigroequipamentos.com.br\/conteudo\/wp-json\/wp\/v2\/types\/page"}],"author":[{"embeddable":true,"href":"https:\/\/nigroequipamentos.com.br\/conteudo\/wp-json\/wp\/v2\/users\/3"}],"replies":[{"embeddable":true,"href":"https:\/\/nigroequipamentos.com.br\/conteudo\/wp-json\/wp\/v2\/comments?post=96274"}],"version-history":[{"count":0,"href":"https:\/\/nigroequipamentos.com.br\/conteudo\/wp-json\/wp\/v2\/pages\/96274\/revisions"}],"wp:attachment":[{"href":"https:\/\/nigroequipamentos.com.br\/conteudo\/wp-json\/wp\/v2\/media?parent=96274"}],"curies":[{"name":"wp","href":"https:\/\/api.w.org\/{rel}","templated":true}]}}