{"id":95713,"date":"2026-03-10T21:00:54","date_gmt":"2026-03-11T00:00:54","guid":{"rendered":"https:\/\/nigroequipamentos.com.br\/conteudo\/empilhadeira-paletrans-entre-em-contato-com-a-nigro-equipamentos-12\/"},"modified":"2026-03-10T21:00:54","modified_gmt":"2026-03-11T00:00:54","slug":"empilhadeira-paletrans-entre-em-contato-com-a-nigro-equipamentos-12","status":"publish","type":"page","link":"https:\/\/nigroequipamentos.com.br\/conteudo\/empilhadeira-paletrans-entre-em-contato-com-a-nigro-equipamentos-12\/","title":{"rendered":"Empilhadeira Paletrans: Entre em Contato com a Nigro Equipamentos"},"content":{"rendered":"<p>A Nigro Equipamentos se destaca na oferta de solu\u00e7\u00f5es de manuseio industrial, especialmente com as empilhadeiras Paletrans. Para aqueles que buscam a melhor op\u00e7\u00e3o em equipamentos, nosso contato \u00e9 essencial! As empilhadeiras Paletrans s\u00e3o projetadas para proporcionar efici\u00eancia e seguran\u00e7a nas opera\u00e7\u00f5es de movimenta\u00e7\u00e3o de cargas. O compromisso da Nigro Equipamentos com a qualidade e a confiabilidade nos servi\u00e7os de compra, manuten\u00e7\u00e3o e loca\u00e7\u00e3o \u00e9 o que nos torna a escolha ideal para sua empresa. Entre em contato! Ao buscar por empilhadeira Paletrans, escolha um fornecedor que possui vasta experi\u00eancia e conhecimento no setor.<\/p>\n","protected":false},"excerpt":{"rendered":"<p>A Nigro Equipamentos se destaca na oferta de solu\u00e7\u00f5es de manuseio industrial, especialmente com as empilhadeiras Paletrans. Para aqueles que buscam a melhor op\u00e7\u00e3o em equipamentos, nosso contato \u00e9 essencial! As empilhadeiras Paletrans s\u00e3o projetadas para proporcionar efici\u00eancia e seguran\u00e7a nas opera\u00e7\u00f5es de movimenta\u00e7\u00e3o de cargas. O compromisso da Nigro Equipamentos com a qualidade e&hellip;&nbsp;<a href=\"https:\/\/nigroequipamentos.com.br\/conteudo\/empilhadeira-paletrans-entre-em-contato-com-a-nigro-equipamentos-12\/\" class=\"\" rel=\"bookmark\">Continue a ler &raquo;<span class=\"screen-reader-text\">Empilhadeira Paletrans: Entre em Contato com a Nigro Equipamentos<\/span><\/a><\/p>\n","protected":false},"author":3,"featured_media":0,"parent":0,"menu_order":0,"comment_status":"closed","ping_status":"closed","template":"","meta":{"_acf_changed":false,"_yoast_wpseo_focuskw":"Empilhadeira Paletrans contato","_yoast_wpseo_title":"Empilhadeira Paletrans: Entre em Contato com a Nigro Equipamentos","_yoast_wpseo_metadesc":"Entre em contato com a Nigro Equipamentos para saber mais sobre empilhadeiras Paletrans. Conhe\u00e7a nossas op\u00e7\u00f5es de compra, loca\u00e7\u00e3o e manuten\u00e7\u00e3o.","neve_meta_sidebar":"","neve_meta_container":"","neve_meta_enable_content_width":"","neve_meta_content_width":0,"neve_meta_title_alignment":"","neve_meta_author_avatar":"","neve_post_elements_order":"","neve_meta_disable_header":"","neve_meta_disable_footer":"","neve_meta_disable_title":"","footnotes":""},"class_list":["post-95713","page","type-page","status-publish","hentry"],"acf":{"bloco1title":"Qualidade de servi\u00e7os","bloco1text":"Oferecemos servi\u00e7os de compra, manuten\u00e7\u00e3o e loca\u00e7\u00e3o com qualidade incompar\u00e1vel, focando na satisfa\u00e7\u00e3o total do cliente.","bloco2title":"Suporte especializado","bloco2text":"Nosso suporte t\u00e9cnico \u00e9 altamente especializado, garantindo manuten\u00e7\u00e3o adequada e apoio sempre que precisar.","bloco3title":"Efici\u00eancia nas opera\u00e7\u00f5es","bloco3text":"As empilhadeiras Paletrans da Nigro Equipamentos s\u00e3o projetadas para aumentar a efici\u00eancia nas opera\u00e7\u00f5es log\u00edsticas e de armazenamento, reduzindo custos e tempo de opera\u00e7\u00e3o.","posttitle":"Descubra a qualidade das Empilhadeiras Paletrans com a Nigro Equipamentos","postcontent":"<strong>As empilhadeiras Paletrans s\u00e3o as escolhas perfeitas para sua log\u00edstica<\/strong>. Quando se trata de mover cargas pesadas, a Nigro Equipamentos oferece as melhores alternativas de empilhadeiras Paletrans. Ao entrar em contato conosco, voc\u00ea recebe n\u00e3o apenas um produto, mas um servi\u00e7o completo que inclui loca\u00e7\u00e3o, compra e manuten\u00e7\u00e3o das melhores m\u00e1quinas do mercado. Acreditamos que cada cliente \u00e9 \u00fanico, e por isso personalizamos nossas solu\u00e7\u00f5es para atender suas necessidades espec\u00edficas. Entre em contato e descubra como as empilhadeiras Paletrans podem transformar sua opera\u00e7\u00e3o log\u00edstica! Nossos especialistas possuem vasta experi\u00eancia na \u00e1rea e est\u00e3o prontos para assegurar que voc\u00ea opte pela melhor solu\u00e7\u00e3o. Escolha a Nigro Equipamentos e desfrute de um servi\u00e7o de qualidade excepcional que garante a sua satisfa\u00e7\u00e3o!","insightwidtitle":"Curiosidades sobre empilhadeiras","insightwidcontent":"Voc\u00ea sabia que as empilhadeiras Paletrans s\u00e3o conhecidas por sua alta durabilidade e capacidade de manobra? Elas s\u00e3o projetadas para operar em espa\u00e7os reduzidos, facilitando o trabalho em armaz\u00e9ns e centros de distribui\u00e7\u00e3o. Al\u00e9m disso, essas empilhadeiras oferecem v\u00e1rias op\u00e7\u00f5es de energia, incluindo el\u00e9tricas, o que a torna uma escolha sustent\u00e1vel e econ\u00f4mica para empresas que buscam reduzir suas emiss\u00f5es de carbono."},"yoast_head":"<!-- This site is optimized with the Yoast SEO Premium plugin v18.3 (Yoast SEO v23.4) - https:\/\/yoast.com\/wordpress\/plugins\/seo\/ -->\n<title>Empilhadeira Paletrans: Entre em Contato com a Nigro Equipamentos<\/title>\n<meta name=\"description\" content=\"Entre em contato com a Nigro Equipamentos para saber mais sobre empilhadeiras Paletrans. Conhe\u00e7a nossas op\u00e7\u00f5es de compra, loca\u00e7\u00e3o e manuten\u00e7\u00e3o.\" \/>\n<meta name=\"robots\" content=\"index, follow, max-snippet:-1, max-image-preview:large, max-video-preview:-1\" \/>\n<link rel=\"canonical\" href=\"https:\/\/nigroequipamentos.com.br\/conteudo\/empilhadeira-paletrans-entre-em-contato-com-a-nigro-equipamentos-12\/\" \/>\n<meta property=\"og:locale\" content=\"pt_BR\" \/>\n<meta property=\"og:type\" content=\"article\" \/>\n<meta property=\"og:title\" content=\"Empilhadeira Paletrans: Entre em Contato com a Nigro Equipamentos\" \/>\n<meta property=\"og:description\" content=\"Entre em contato com a Nigro Equipamentos para saber mais sobre empilhadeiras Paletrans. Conhe\u00e7a nossas op\u00e7\u00f5es de compra, loca\u00e7\u00e3o e manuten\u00e7\u00e3o.\" \/>\n<meta property=\"og:url\" content=\"https:\/\/nigroequipamentos.com.br\/conteudo\/empilhadeira-paletrans-entre-em-contato-com-a-nigro-equipamentos-12\/\" \/>\n<meta property=\"og:site_name\" content=\"Nigro Equipamentos\" \/>\n<meta property=\"article:publisher\" content=\"https:\/\/www.facebook.com\/nigroequipamentos\" \/>\n<meta name=\"twitter:card\" content=\"summary_large_image\" \/>\n<meta name=\"twitter:label1\" content=\"Est. tempo de leitura\" \/>\n\t<meta name=\"twitter:data1\" content=\"1 minuto\" \/>\n<script type=\"application\/ld+json\" class=\"yoast-schema-graph\">{\"@context\":\"https:\/\/schema.org\",\"@graph\":[{\"@type\":\"WebPage\",\"@id\":\"https:\/\/nigroequipamentos.com.br\/conteudo\/empilhadeira-paletrans-entre-em-contato-com-a-nigro-equipamentos-12\/\",\"url\":\"https:\/\/nigroequipamentos.com.br\/conteudo\/empilhadeira-paletrans-entre-em-contato-com-a-nigro-equipamentos-12\/\",\"name\":\"Empilhadeira Paletrans: Entre em Contato com a Nigro Equipamentos\",\"isPartOf\":{\"@id\":\"https:\/\/nigroequipamentos.com.br\/conteudo\/#website\"},\"datePublished\":\"2026-03-11T00:00:54+00:00\",\"dateModified\":\"2026-03-11T00:00:54+00:00\",\"description\":\"Entre em contato com a Nigro Equipamentos para saber mais sobre empilhadeiras Paletrans. Conhe\u00e7a nossas op\u00e7\u00f5es de compra, loca\u00e7\u00e3o e manuten\u00e7\u00e3o.\",\"breadcrumb\":{\"@id\":\"https:\/\/nigroequipamentos.com.br\/conteudo\/empilhadeira-paletrans-entre-em-contato-com-a-nigro-equipamentos-12\/#breadcrumb\"},\"inLanguage\":\"pt-BR\",\"potentialAction\":[{\"@type\":\"ReadAction\",\"target\":[\"https:\/\/nigroequipamentos.com.br\/conteudo\/empilhadeira-paletrans-entre-em-contato-com-a-nigro-equipamentos-12\/\"]}]},{\"@type\":\"BreadcrumbList\",\"@id\":\"https:\/\/nigroequipamentos.com.br\/conteudo\/empilhadeira-paletrans-entre-em-contato-com-a-nigro-equipamentos-12\/#breadcrumb\",\"itemListElement\":[{\"@type\":\"ListItem\",\"position\":1,\"name\":\"In\u00edcio\",\"item\":\"https:\/\/nigroequipamentos.com.br\/conteudo\/\"},{\"@type\":\"ListItem\",\"position\":2,\"name\":\"Empilhadeira Paletrans: Entre em Contato com a Nigro Equipamentos\"}]},{\"@type\":\"WebSite\",\"@id\":\"https:\/\/nigroequipamentos.com.br\/conteudo\/#website\",\"url\":\"https:\/\/nigroequipamentos.com.br\/conteudo\/\",\"name\":\"Nigro Equipamentos\",\"description\":\"Loca\u00e7\u00e3o e Vendas\",\"publisher\":{\"@id\":\"https:\/\/nigroequipamentos.com.br\/conteudo\/#organization\"},\"potentialAction\":[{\"@type\":\"SearchAction\",\"target\":{\"@type\":\"EntryPoint\",\"urlTemplate\":\"https:\/\/nigroequipamentos.com.br\/conteudo\/?s={search_term_string}\"},\"query-input\":{\"@type\":\"PropertyValueSpecification\",\"valueRequired\":true,\"valueName\":\"search_term_string\"}}],\"inLanguage\":\"pt-BR\"},{\"@type\":\"Organization\",\"@id\":\"https:\/\/nigroequipamentos.com.br\/conteudo\/#organization\",\"name\":\"Nigro Equipamentos\",\"url\":\"https:\/\/nigroequipamentos.com.br\/conteudo\/\",\"logo\":{\"@type\":\"ImageObject\",\"inLanguage\":\"pt-BR\",\"@id\":\"https:\/\/nigroequipamentos.com.br\/conteudo\/#\/schema\/logo\/image\/\",\"url\":\"https:\/\/nigroequipamentos.com.br\/conteudo\/wp-content\/uploads\/2024\/10\/nigroequipamentos_logo.webp\",\"contentUrl\":\"https:\/\/nigroequipamentos.com.br\/conteudo\/wp-content\/uploads\/2024\/10\/nigroequipamentos_logo.webp\",\"width\":785,\"height\":355,\"caption\":\"Nigro Equipamentos\"},\"image\":{\"@id\":\"https:\/\/nigroequipamentos.com.br\/conteudo\/#\/schema\/logo\/image\/\"},\"sameAs\":[\"https:\/\/www.facebook.com\/nigroequipamentos\",\"https:\/\/www.instagram.com\/nigroequipamentos\/\"]}]}<\/script>\n<!-- \/ Yoast SEO Premium plugin. -->","yoast_head_json":{"title":"Empilhadeira Paletrans: Entre em Contato com a Nigro Equipamentos","description":"Entre em contato com a Nigro Equipamentos para saber mais sobre empilhadeiras Paletrans. Conhe\u00e7a nossas op\u00e7\u00f5es de compra, loca\u00e7\u00e3o e manuten\u00e7\u00e3o.","robots":{"index":"index","follow":"follow","max-snippet":"max-snippet:-1","max-image-preview":"max-image-preview:large","max-video-preview":"max-video-preview:-1"},"canonical":"https:\/\/nigroequipamentos.com.br\/conteudo\/empilhadeira-paletrans-entre-em-contato-com-a-nigro-equipamentos-12\/","og_locale":"pt_BR","og_type":"article","og_title":"Empilhadeira Paletrans: Entre em Contato com a Nigro Equipamentos","og_description":"Entre em contato com a Nigro Equipamentos para saber mais sobre empilhadeiras Paletrans. Conhe\u00e7a nossas op\u00e7\u00f5es de compra, loca\u00e7\u00e3o e manuten\u00e7\u00e3o.","og_url":"https:\/\/nigroequipamentos.com.br\/conteudo\/empilhadeira-paletrans-entre-em-contato-com-a-nigro-equipamentos-12\/","og_site_name":"Nigro Equipamentos","article_publisher":"https:\/\/www.facebook.com\/nigroequipamentos","twitter_card":"summary_large_image","twitter_misc":{"Est. tempo de leitura":"1 minuto"},"schema":{"@context":"https:\/\/schema.org","@graph":[{"@type":"WebPage","@id":"https:\/\/nigroequipamentos.com.br\/conteudo\/empilhadeira-paletrans-entre-em-contato-com-a-nigro-equipamentos-12\/","url":"https:\/\/nigroequipamentos.com.br\/conteudo\/empilhadeira-paletrans-entre-em-contato-com-a-nigro-equipamentos-12\/","name":"Empilhadeira Paletrans: Entre em Contato com a Nigro Equipamentos","isPartOf":{"@id":"https:\/\/nigroequipamentos.com.br\/conteudo\/#website"},"datePublished":"2026-03-11T00:00:54+00:00","dateModified":"2026-03-11T00:00:54+00:00","description":"Entre em contato com a Nigro Equipamentos para saber mais sobre empilhadeiras Paletrans. Conhe\u00e7a nossas op\u00e7\u00f5es de compra, loca\u00e7\u00e3o e manuten\u00e7\u00e3o.","breadcrumb":{"@id":"https:\/\/nigroequipamentos.com.br\/conteudo\/empilhadeira-paletrans-entre-em-contato-com-a-nigro-equipamentos-12\/#breadcrumb"},"inLanguage":"pt-BR","potentialAction":[{"@type":"ReadAction","target":["https:\/\/nigroequipamentos.com.br\/conteudo\/empilhadeira-paletrans-entre-em-contato-com-a-nigro-equipamentos-12\/"]}]},{"@type":"BreadcrumbList","@id":"https:\/\/nigroequipamentos.com.br\/conteudo\/empilhadeira-paletrans-entre-em-contato-com-a-nigro-equipamentos-12\/#breadcrumb","itemListElement":[{"@type":"ListItem","position":1,"name":"In\u00edcio","item":"https:\/\/nigroequipamentos.com.br\/conteudo\/"},{"@type":"ListItem","position":2,"name":"Empilhadeira Paletrans: Entre em Contato com a Nigro Equipamentos"}]},{"@type":"WebSite","@id":"https:\/\/nigroequipamentos.com.br\/conteudo\/#website","url":"https:\/\/nigroequipamentos.com.br\/conteudo\/","name":"Nigro Equipamentos","description":"Loca\u00e7\u00e3o e Vendas","publisher":{"@id":"https:\/\/nigroequipamentos.com.br\/conteudo\/#organization"},"potentialAction":[{"@type":"SearchAction","target":{"@type":"EntryPoint","urlTemplate":"https:\/\/nigroequipamentos.com.br\/conteudo\/?s={search_term_string}"},"query-input":{"@type":"PropertyValueSpecification","valueRequired":true,"valueName":"search_term_string"}}],"inLanguage":"pt-BR"},{"@type":"Organization","@id":"https:\/\/nigroequipamentos.com.br\/conteudo\/#organization","name":"Nigro Equipamentos","url":"https:\/\/nigroequipamentos.com.br\/conteudo\/","logo":{"@type":"ImageObject","inLanguage":"pt-BR","@id":"https:\/\/nigroequipamentos.com.br\/conteudo\/#\/schema\/logo\/image\/","url":"https:\/\/nigroequipamentos.com.br\/conteudo\/wp-content\/uploads\/2024\/10\/nigroequipamentos_logo.webp","contentUrl":"https:\/\/nigroequipamentos.com.br\/conteudo\/wp-content\/uploads\/2024\/10\/nigroequipamentos_logo.webp","width":785,"height":355,"caption":"Nigro Equipamentos"},"image":{"@id":"https:\/\/nigroequipamentos.com.br\/conteudo\/#\/schema\/logo\/image\/"},"sameAs":["https:\/\/www.facebook.com\/nigroequipamentos","https:\/\/www.instagram.com\/nigroequipamentos\/"]}]}},"_links":{"self":[{"href":"https:\/\/nigroequipamentos.com.br\/conteudo\/wp-json\/wp\/v2\/pages\/95713","targetHints":{"allow":["GET"]}}],"collection":[{"href":"https:\/\/nigroequipamentos.com.br\/conteudo\/wp-json\/wp\/v2\/pages"}],"about":[{"href":"https:\/\/nigroequipamentos.com.br\/conteudo\/wp-json\/wp\/v2\/types\/page"}],"author":[{"embeddable":true,"href":"https:\/\/nigroequipamentos.com.br\/conteudo\/wp-json\/wp\/v2\/users\/3"}],"replies":[{"embeddable":true,"href":"https:\/\/nigroequipamentos.com.br\/conteudo\/wp-json\/wp\/v2\/comments?post=95713"}],"version-history":[{"count":0,"href":"https:\/\/nigroequipamentos.com.br\/conteudo\/wp-json\/wp\/v2\/pages\/95713\/revisions"}],"wp:attachment":[{"href":"https:\/\/nigroequipamentos.com.br\/conteudo\/wp-json\/wp\/v2\/media?parent=95713"}],"curies":[{"name":"wp","href":"https:\/\/api.w.org\/{rel}","templated":true}]}}