{"id":9571,"date":"2024-12-18T02:10:07","date_gmt":"2024-12-18T05:10:07","guid":{"rendered":"https:\/\/nigroequipamentos.com.br\/conteudo\/empilhadeira-manual-barata-em-recife-a-solucao-ideal-para-seu-negocio\/"},"modified":"2024-12-18T02:10:07","modified_gmt":"2024-12-18T05:10:07","slug":"empilhadeira-manual-barata-em-recife-a-solucao-ideal-para-seu-negocio","status":"publish","type":"page","link":"https:\/\/nigroequipamentos.com.br\/conteudo\/empilhadeira-manual-barata-em-recife-a-solucao-ideal-para-seu-negocio\/","title":{"rendered":"Empilhadeira Manual Barata em Recife: A Solu\u00e7\u00e3o Ideal para Seu Neg\u00f3cio"},"content":{"rendered":"<p>Procurando empilhadeiras manuais baratas em Recife? Na Nigro Equipamentos, voc\u00ea encontra op\u00e7\u00f5es com alta durabilidade e efici\u00eancia, perfeitas para otimizar sua log\u00edstica e armazenamento. Nossa experi\u00eancia no setor assegura atendimento de qualidade, com op\u00e7\u00f5es de compra, manuten\u00e7\u00e3o e loca\u00e7\u00e3o para atender sua demanda de forma personalizada.<\/p>\n","protected":false},"excerpt":{"rendered":"<p>Procurando empilhadeiras manuais baratas em Recife? Na Nigro Equipamentos, voc\u00ea encontra op\u00e7\u00f5es com alta durabilidade e efici\u00eancia, perfeitas para otimizar sua log\u00edstica e armazenamento. Nossa experi\u00eancia no setor assegura atendimento de qualidade, com op\u00e7\u00f5es de compra, manuten\u00e7\u00e3o e loca\u00e7\u00e3o para atender sua demanda de forma personalizada.<\/p>\n","protected":false},"author":3,"featured_media":0,"parent":0,"menu_order":0,"comment_status":"closed","ping_status":"closed","template":"","meta":{"_acf_changed":false,"_yoast_wpseo_focuskw":"empilhadeira manual barata em Recife","_yoast_wpseo_title":"Empilhadeiras Manuais Baratas em Recife - Nigro Equipamentos","_yoast_wpseo_metadesc":"Encontre a melhor empilhadeira manual barata em Recife com a Nigro Equipamentos. Oferecemos venda, manuten\u00e7\u00e3o e loca\u00e7\u00e3o com qualidade e confian\u00e7a.","neve_meta_sidebar":"","neve_meta_container":"","neve_meta_enable_content_width":"","neve_meta_content_width":0,"neve_meta_title_alignment":"","neve_meta_author_avatar":"","neve_post_elements_order":"","neve_meta_disable_header":"","neve_meta_disable_footer":"","neve_meta_disable_title":"","footnotes":""},"class_list":["post-9571","page","type-page","status-publish","hentry"],"acf":{"bloco1title":"Qualidade Garantida","bloco1text":"As empilhadeiras manuais da Nigro s\u00e3o testadas e comprovadas, oferecendo confiabilidade e resist\u00eancia para o seu dia a dia.","bloco2title":"Atendimento Especializado","bloco2text":"Nossa equipe possui amplo conhecimento para auxiliar na escolha da melhor empilhadeira manual para suas necessidades.","bloco3title":"Custo-Benef\u00edcio","bloco3text":"Investir em empilhadeiras manuais baratas \u00e9 uma estrat\u00e9gia inteligente. Elas proporcionam agilidade e economia no manuseio de cargas em sua opera\u00e7\u00e3o.","posttitle":"Empilhadeiras Manuais Baratas em Recife: Benef\u00edcios e Oportunidades","postcontent":"<strong>Empilhadeiras Manuais: Versatilidade e Economia<\/strong>\n\nAs empilhadeiras manuais se tornaram uma solu\u00e7\u00e3o pr\u00e1tica e econ\u00f4mica para empresas em Recife que buscam melhorar sua movimenta\u00e7\u00e3o de mercadorias. Dispon\u00edveis em diversos modelos, elas s\u00e3o projetadas para facilitar o transporte de cargas em armaz\u00e9ns, lojas e centros de distribui\u00e7\u00e3o. Ao optar por uma empilhadeira manual barata, voc\u00ea n\u00e3o est\u00e1 apenas economizando, mas tamb\u00e9m investindo em uma ferramenta que pode aumentar a produtividade do seu neg\u00f3cio.\n\n<strong>Durabilidade e Manuten\u00e7\u00e3o<\/strong>\n\nNa Nigro Equipamentos, garantimos a qualidade das nossas empilhadeiras manuais. Produtos dur\u00e1veis, que s\u00e3o submetidos a rigorosos testes para garantir seguran\u00e7a e funcionalidade. Al\u00e9m da venda, oferecemos servi\u00e7os de manuten\u00e7\u00e3o especializados, assegurando longevidade ao seu equipamento e evitando paradas indesejadas nas opera\u00e7\u00f5es.Logo, o custo de manuten\u00e7\u00e3o se torna um investimento inteligente, j\u00e1 que a possiblidade de reposi\u00e7\u00f5es \u00e9 minimizada.\n\n<strong>Loca\u00e7\u00e3o: Flexibilidade e Economia<\/strong>\n\nSe a compra n\u00e3o \u00e9 vi\u00e1vel no momento, a loca\u00e7\u00e3o \u00e9 uma excelente alternativa. A Nigro fornece op\u00e7\u00f5es flex\u00edveis, permitindo que voc\u00ea adapte sua log\u00edstica de acordo com as demandas sazonais. Com a loca\u00e7\u00e3o, voc\u00ea mant\u00e9m sua opera\u00e7\u00e3o otimizada, sem comprometer o fluxo de caixa.\n\nPara quem busca empilhadeiras manuais baratas em Recife, a Nigro Equipamentos se apresenta como a melhor op\u00e7\u00e3o, unindo pre\u00e7os acess\u00edveis, qualidade e um atendimento de excel\u00eancia que garante a confian\u00e7a que voc\u00ea precisa na hora de escolher seus equipamentos.","insightwidtitle":"Curiosidades sobre Empilhadeiras Manuais","insightwidcontent":"Sabia que as empilhadeiras manuais s\u00e3o uma das ferramentas mais antigas de movimenta\u00e7\u00e3o de cargas, datando de mais de um s\u00e9culo? Elas s\u00e3o conhecidas por sua simplicidade e efic\u00e1cia, permitindo que um \u00fanico operador manuseie cargas pesadas com facilidade. Al\u00e9m disso, s\u00e3o amplamente utilizadas em pequenos armaz\u00e9ns e at\u00e9 em opera\u00e7\u00f5es industriais, sendo uma escolha popular por sua acessibilidade e funcionalidade."},"yoast_head":"<!-- This site is optimized with the Yoast SEO Premium plugin v18.3 (Yoast SEO v23.4) - https:\/\/yoast.com\/wordpress\/plugins\/seo\/ -->\n<title>Empilhadeiras Manuais Baratas em Recife - Nigro Equipamentos<\/title>\n<meta name=\"description\" content=\"Encontre a melhor empilhadeira manual barata em Recife com a Nigro Equipamentos. Oferecemos venda, manuten\u00e7\u00e3o e loca\u00e7\u00e3o com qualidade e confian\u00e7a.\" \/>\n<meta name=\"robots\" content=\"index, follow, max-snippet:-1, max-image-preview:large, max-video-preview:-1\" \/>\n<link rel=\"canonical\" href=\"https:\/\/nigroequipamentos.com.br\/conteudo\/empilhadeira-manual-barata-em-recife-a-solucao-ideal-para-seu-negocio\/\" \/>\n<meta property=\"og:locale\" content=\"pt_BR\" \/>\n<meta property=\"og:type\" content=\"article\" \/>\n<meta property=\"og:title\" content=\"Empilhadeira Manual Barata em Recife: A Solu\u00e7\u00e3o Ideal para Seu Neg\u00f3cio\" \/>\n<meta property=\"og:description\" content=\"Encontre a melhor empilhadeira manual barata em Recife com a Nigro Equipamentos. Oferecemos venda, manuten\u00e7\u00e3o e loca\u00e7\u00e3o com qualidade e confian\u00e7a.\" \/>\n<meta property=\"og:url\" content=\"https:\/\/nigroequipamentos.com.br\/conteudo\/empilhadeira-manual-barata-em-recife-a-solucao-ideal-para-seu-negocio\/\" \/>\n<meta property=\"og:site_name\" content=\"Nigro Equipamentos\" \/>\n<meta property=\"article:publisher\" content=\"https:\/\/www.facebook.com\/nigroequipamentos\" \/>\n<meta name=\"twitter:card\" content=\"summary_large_image\" \/>\n<script type=\"application\/ld+json\" class=\"yoast-schema-graph\">{\"@context\":\"https:\/\/schema.org\",\"@graph\":[{\"@type\":\"WebPage\",\"@id\":\"https:\/\/nigroequipamentos.com.br\/conteudo\/empilhadeira-manual-barata-em-recife-a-solucao-ideal-para-seu-negocio\/\",\"url\":\"https:\/\/nigroequipamentos.com.br\/conteudo\/empilhadeira-manual-barata-em-recife-a-solucao-ideal-para-seu-negocio\/\",\"name\":\"Empilhadeiras Manuais Baratas em Recife - Nigro Equipamentos\",\"isPartOf\":{\"@id\":\"https:\/\/nigroequipamentos.com.br\/conteudo\/#website\"},\"datePublished\":\"2024-12-18T05:10:07+00:00\",\"dateModified\":\"2024-12-18T05:10:07+00:00\",\"description\":\"Encontre a melhor empilhadeira manual barata em Recife com a Nigro Equipamentos. Oferecemos venda, manuten\u00e7\u00e3o e loca\u00e7\u00e3o com qualidade e confian\u00e7a.\",\"breadcrumb\":{\"@id\":\"https:\/\/nigroequipamentos.com.br\/conteudo\/empilhadeira-manual-barata-em-recife-a-solucao-ideal-para-seu-negocio\/#breadcrumb\"},\"inLanguage\":\"pt-BR\",\"potentialAction\":[{\"@type\":\"ReadAction\",\"target\":[\"https:\/\/nigroequipamentos.com.br\/conteudo\/empilhadeira-manual-barata-em-recife-a-solucao-ideal-para-seu-negocio\/\"]}]},{\"@type\":\"BreadcrumbList\",\"@id\":\"https:\/\/nigroequipamentos.com.br\/conteudo\/empilhadeira-manual-barata-em-recife-a-solucao-ideal-para-seu-negocio\/#breadcrumb\",\"itemListElement\":[{\"@type\":\"ListItem\",\"position\":1,\"name\":\"In\u00edcio\",\"item\":\"https:\/\/nigroequipamentos.com.br\/conteudo\/\"},{\"@type\":\"ListItem\",\"position\":2,\"name\":\"Empilhadeira Manual Barata em Recife: A Solu\u00e7\u00e3o Ideal para Seu Neg\u00f3cio\"}]},{\"@type\":\"WebSite\",\"@id\":\"https:\/\/nigroequipamentos.com.br\/conteudo\/#website\",\"url\":\"https:\/\/nigroequipamentos.com.br\/conteudo\/\",\"name\":\"Nigro Equipamentos\",\"description\":\"Loca\u00e7\u00e3o e Vendas\",\"publisher\":{\"@id\":\"https:\/\/nigroequipamentos.com.br\/conteudo\/#organization\"},\"potentialAction\":[{\"@type\":\"SearchAction\",\"target\":{\"@type\":\"EntryPoint\",\"urlTemplate\":\"https:\/\/nigroequipamentos.com.br\/conteudo\/?s={search_term_string}\"},\"query-input\":{\"@type\":\"PropertyValueSpecification\",\"valueRequired\":true,\"valueName\":\"search_term_string\"}}],\"inLanguage\":\"pt-BR\"},{\"@type\":\"Organization\",\"@id\":\"https:\/\/nigroequipamentos.com.br\/conteudo\/#organization\",\"name\":\"Nigro Equipamentos\",\"url\":\"https:\/\/nigroequipamentos.com.br\/conteudo\/\",\"logo\":{\"@type\":\"ImageObject\",\"inLanguage\":\"pt-BR\",\"@id\":\"https:\/\/nigroequipamentos.com.br\/conteudo\/#\/schema\/logo\/image\/\",\"url\":\"https:\/\/nigroequipamentos.com.br\/conteudo\/wp-content\/uploads\/2024\/10\/nigroequipamentos_logo.webp\",\"contentUrl\":\"https:\/\/nigroequipamentos.com.br\/conteudo\/wp-content\/uploads\/2024\/10\/nigroequipamentos_logo.webp\",\"width\":785,\"height\":355,\"caption\":\"Nigro Equipamentos\"},\"image\":{\"@id\":\"https:\/\/nigroequipamentos.com.br\/conteudo\/#\/schema\/logo\/image\/\"},\"sameAs\":[\"https:\/\/www.facebook.com\/nigroequipamentos\",\"https:\/\/www.instagram.com\/nigroequipamentos\/\"]}]}<\/script>\n<!-- \/ Yoast SEO Premium plugin. -->","yoast_head_json":{"title":"Empilhadeiras Manuais Baratas em Recife - Nigro Equipamentos","description":"Encontre a melhor empilhadeira manual barata em Recife com a Nigro Equipamentos. Oferecemos venda, manuten\u00e7\u00e3o e loca\u00e7\u00e3o com qualidade e confian\u00e7a.","robots":{"index":"index","follow":"follow","max-snippet":"max-snippet:-1","max-image-preview":"max-image-preview:large","max-video-preview":"max-video-preview:-1"},"canonical":"https:\/\/nigroequipamentos.com.br\/conteudo\/empilhadeira-manual-barata-em-recife-a-solucao-ideal-para-seu-negocio\/","og_locale":"pt_BR","og_type":"article","og_title":"Empilhadeira Manual Barata em Recife: A Solu\u00e7\u00e3o Ideal para Seu Neg\u00f3cio","og_description":"Encontre a melhor empilhadeira manual barata em Recife com a Nigro Equipamentos. Oferecemos venda, manuten\u00e7\u00e3o e loca\u00e7\u00e3o com qualidade e confian\u00e7a.","og_url":"https:\/\/nigroequipamentos.com.br\/conteudo\/empilhadeira-manual-barata-em-recife-a-solucao-ideal-para-seu-negocio\/","og_site_name":"Nigro Equipamentos","article_publisher":"https:\/\/www.facebook.com\/nigroequipamentos","twitter_card":"summary_large_image","schema":{"@context":"https:\/\/schema.org","@graph":[{"@type":"WebPage","@id":"https:\/\/nigroequipamentos.com.br\/conteudo\/empilhadeira-manual-barata-em-recife-a-solucao-ideal-para-seu-negocio\/","url":"https:\/\/nigroequipamentos.com.br\/conteudo\/empilhadeira-manual-barata-em-recife-a-solucao-ideal-para-seu-negocio\/","name":"Empilhadeiras Manuais Baratas em Recife - Nigro Equipamentos","isPartOf":{"@id":"https:\/\/nigroequipamentos.com.br\/conteudo\/#website"},"datePublished":"2024-12-18T05:10:07+00:00","dateModified":"2024-12-18T05:10:07+00:00","description":"Encontre a melhor empilhadeira manual barata em Recife com a Nigro Equipamentos. Oferecemos venda, manuten\u00e7\u00e3o e loca\u00e7\u00e3o com qualidade e confian\u00e7a.","breadcrumb":{"@id":"https:\/\/nigroequipamentos.com.br\/conteudo\/empilhadeira-manual-barata-em-recife-a-solucao-ideal-para-seu-negocio\/#breadcrumb"},"inLanguage":"pt-BR","potentialAction":[{"@type":"ReadAction","target":["https:\/\/nigroequipamentos.com.br\/conteudo\/empilhadeira-manual-barata-em-recife-a-solucao-ideal-para-seu-negocio\/"]}]},{"@type":"BreadcrumbList","@id":"https:\/\/nigroequipamentos.com.br\/conteudo\/empilhadeira-manual-barata-em-recife-a-solucao-ideal-para-seu-negocio\/#breadcrumb","itemListElement":[{"@type":"ListItem","position":1,"name":"In\u00edcio","item":"https:\/\/nigroequipamentos.com.br\/conteudo\/"},{"@type":"ListItem","position":2,"name":"Empilhadeira Manual Barata em Recife: A Solu\u00e7\u00e3o Ideal para Seu Neg\u00f3cio"}]},{"@type":"WebSite","@id":"https:\/\/nigroequipamentos.com.br\/conteudo\/#website","url":"https:\/\/nigroequipamentos.com.br\/conteudo\/","name":"Nigro Equipamentos","description":"Loca\u00e7\u00e3o e Vendas","publisher":{"@id":"https:\/\/nigroequipamentos.com.br\/conteudo\/#organization"},"potentialAction":[{"@type":"SearchAction","target":{"@type":"EntryPoint","urlTemplate":"https:\/\/nigroequipamentos.com.br\/conteudo\/?s={search_term_string}"},"query-input":{"@type":"PropertyValueSpecification","valueRequired":true,"valueName":"search_term_string"}}],"inLanguage":"pt-BR"},{"@type":"Organization","@id":"https:\/\/nigroequipamentos.com.br\/conteudo\/#organization","name":"Nigro Equipamentos","url":"https:\/\/nigroequipamentos.com.br\/conteudo\/","logo":{"@type":"ImageObject","inLanguage":"pt-BR","@id":"https:\/\/nigroequipamentos.com.br\/conteudo\/#\/schema\/logo\/image\/","url":"https:\/\/nigroequipamentos.com.br\/conteudo\/wp-content\/uploads\/2024\/10\/nigroequipamentos_logo.webp","contentUrl":"https:\/\/nigroequipamentos.com.br\/conteudo\/wp-content\/uploads\/2024\/10\/nigroequipamentos_logo.webp","width":785,"height":355,"caption":"Nigro Equipamentos"},"image":{"@id":"https:\/\/nigroequipamentos.com.br\/conteudo\/#\/schema\/logo\/image\/"},"sameAs":["https:\/\/www.facebook.com\/nigroequipamentos","https:\/\/www.instagram.com\/nigroequipamentos\/"]}]}},"_links":{"self":[{"href":"https:\/\/nigroequipamentos.com.br\/conteudo\/wp-json\/wp\/v2\/pages\/9571","targetHints":{"allow":["GET"]}}],"collection":[{"href":"https:\/\/nigroequipamentos.com.br\/conteudo\/wp-json\/wp\/v2\/pages"}],"about":[{"href":"https:\/\/nigroequipamentos.com.br\/conteudo\/wp-json\/wp\/v2\/types\/page"}],"author":[{"embeddable":true,"href":"https:\/\/nigroequipamentos.com.br\/conteudo\/wp-json\/wp\/v2\/users\/3"}],"replies":[{"embeddable":true,"href":"https:\/\/nigroequipamentos.com.br\/conteudo\/wp-json\/wp\/v2\/comments?post=9571"}],"version-history":[{"count":0,"href":"https:\/\/nigroequipamentos.com.br\/conteudo\/wp-json\/wp\/v2\/pages\/9571\/revisions"}],"wp:attachment":[{"href":"https:\/\/nigroequipamentos.com.br\/conteudo\/wp-json\/wp\/v2\/media?parent=9571"}],"curies":[{"name":"wp","href":"https:\/\/api.w.org\/{rel}","templated":true}]}}