{"id":94911,"date":"2026-03-07T03:46:02","date_gmt":"2026-03-07T06:46:02","guid":{"rendered":"https:\/\/nigroequipamentos.com.br\/conteudo\/descubra-a-empilhadeira-retratil-paletrans-pr2012i-21\/"},"modified":"2026-03-07T03:46:02","modified_gmt":"2026-03-07T06:46:02","slug":"descubra-a-empilhadeira-retratil-paletrans-pr2012i-21","status":"publish","type":"page","link":"https:\/\/nigroequipamentos.com.br\/conteudo\/descubra-a-empilhadeira-retratil-paletrans-pr2012i-21\/","title":{"rendered":"Descubra a Empilhadeira Retr\u00e1til Paletrans PR2012i"},"content":{"rendered":"<p>A Empilhadeira Retr\u00e1til Paletrans PR2012i \u00e9 a solu\u00e7\u00e3o ideal para otimizar o manuseio de cargas em ambientes com espa\u00e7o limitado. Com uma capacidade de eleva\u00e7\u00e3o excepcional e tecnologia de ponta, ela se destaca no mercado. Ideal para armaz\u00e9ns e centros de distribui\u00e7\u00e3o, a PR2012i oferece versatilidade e efici\u00eancia. Com sua estrutura robusta e design inovador, a empilhadeira proporciona um desempenho confi\u00e1vel e seguro. A Nigro Equipamentos se destaca na venda, manuten\u00e7\u00e3o e loca\u00e7\u00e3o, garantindo a melhor experi\u00eancia com a Empilhadeira Retr\u00e1til Paletrans PR2012i.<\/p>\n","protected":false},"excerpt":{"rendered":"<p>A Empilhadeira Retr\u00e1til Paletrans PR2012i \u00e9 a solu\u00e7\u00e3o ideal para otimizar o manuseio de cargas em ambientes com espa\u00e7o limitado. Com uma capacidade de eleva\u00e7\u00e3o excepcional e tecnologia de ponta, ela se destaca no mercado. Ideal para armaz\u00e9ns e centros de distribui\u00e7\u00e3o, a PR2012i oferece versatilidade e efici\u00eancia. Com sua estrutura robusta e design inovador,&hellip;&nbsp;<a href=\"https:\/\/nigroequipamentos.com.br\/conteudo\/descubra-a-empilhadeira-retratil-paletrans-pr2012i-21\/\" class=\"\" rel=\"bookmark\">Continue a ler &raquo;<span class=\"screen-reader-text\">Descubra a Empilhadeira Retr\u00e1til Paletrans PR2012i<\/span><\/a><\/p>\n","protected":false},"author":3,"featured_media":0,"parent":0,"menu_order":0,"comment_status":"closed","ping_status":"closed","template":"","meta":{"_acf_changed":false,"_yoast_wpseo_focuskw":"Empilhadeira Retr\u00e1til Paletrans PR2012i","_yoast_wpseo_title":"Empilhadeira Retr\u00e1til Paletrans PR2012i: A Solu\u00e7\u00e3o Ideal para o Seu Neg\u00f3cio","_yoast_wpseo_metadesc":"Descubra as vantagens da Empilhadeira Retr\u00e1til Paletrans PR2012i e como a Nigro Equipamentos pode ajudar na sua compra, manuten\u00e7\u00e3o ou loca\u00e7\u00e3o.","neve_meta_sidebar":"","neve_meta_container":"","neve_meta_enable_content_width":"","neve_meta_content_width":0,"neve_meta_title_alignment":"","neve_meta_author_avatar":"","neve_post_elements_order":"","neve_meta_disable_header":"","neve_meta_disable_footer":"","neve_meta_disable_title":"","footnotes":""},"class_list":["post-94911","page","type-page","status-publish","hentry"],"acf":{"bloco1title":"Atendimento Personalizado","bloco1text":"Na Nigro, cada cliente recebe atendimento personalizado para encontrar a Empilhadeira Retr\u00e1til Paletrans PR2012i que melhor atende suas necessidades.","bloco2title":"Qualidade Garantida","bloco2text":"A Nigro \u00e9 reconhecida por oferecer apenas equipamentos de alta qualidade, como a Empilhadeira Retr\u00e1til Paletrans PR2012i.","bloco3title":"Efici\u00eancia na Log\u00edstica","bloco3text":"A Empilhadeira Retr\u00e1til Paletrans PR2012i traz efici\u00eancia no manuseio de cargas, reduzindo o tempo de opera\u00e7\u00e3o e aumentando a produtividade do seu neg\u00f3cio.","posttitle":"Empilhadeira Retr\u00e1til Paletrans PR2012i: O Que Voc\u00ea Precisa Saber","postcontent":"<strong>Introdu\u00e7\u00e3o \u00e0 Empilhadeira Retr\u00e1til Paletrans PR2012i<\/strong><br> A Empilhadeira Retr\u00e1til Paletrans PR2012i \u00e9 ideal para quem busca efici\u00eancia e agilidade no manuseio de cargas. Dotada de tecnologia avan\u00e7ada, a PR2012i \u00e9 perfeita para armaz\u00e9ns com espa\u00e7o reduzido.<br><br><strong>Caracter\u00edsticas Principais<\/strong><br> Com capacidade de eleva\u00e7\u00e3o de at\u00e9 2.500 kg e altura de 10 metros, a Empilhadeira Retr\u00e1til Paletrans PR2012i garante desempenho superior. Seu design compacto permite operar em corredores estreitos, otimizando o espa\u00e7o do seu armaz\u00e9m.<br><br><strong>Vantagens da PR2012i<\/strong><br> A efici\u00eancia da Empilhadeira Retr\u00e1til Paletrans PR2012i se reflete em sua tecnologia de manuseio, que promove seguran\u00e7a e agilidade. Al\u00e9m disso, a Nigro Equipamentos oferece manuten\u00e7\u00e3o especializada para garantir que sua PR2012i funcione perfeitamente por anos.<br><br><strong>Conclus\u00e3o<\/strong><br> Para quem procura qualidade e efici\u00eancia, a Nigro Equipamentos \u00e9 a escolha ideal para a compra, manuten\u00e7\u00e3o e loca\u00e7\u00e3o da Empilhadeira Retr\u00e1til Paletrans PR2012i.","insightwidtitle":"Curiosidades sobre a PR2012i","insightwidcontent":"Voc\u00ea sabia que a Empilhadeira Retr\u00e1til Paletrans PR2012i \u00e9 uma das melhores op\u00e7\u00f5es no mercado por sua tecnologia inovadora? Ela consegue elevar cargas a uma altura impressionante de 10 metros, ideal para otimizar espa\u00e7os em armaz\u00e9ns. Al\u00e9m disso, seu design compacto a torna perfeita para manobras em corredores estreitos, garantindo efici\u00eancia no manuseio de mercadorias."},"yoast_head":"<!-- This site is optimized with the Yoast SEO Premium plugin v18.3 (Yoast SEO v23.4) - https:\/\/yoast.com\/wordpress\/plugins\/seo\/ -->\n<title>Empilhadeira Retr\u00e1til Paletrans PR2012i: A Solu\u00e7\u00e3o Ideal para o Seu Neg\u00f3cio<\/title>\n<meta name=\"description\" content=\"Descubra as vantagens da Empilhadeira Retr\u00e1til Paletrans PR2012i e como a Nigro Equipamentos pode ajudar na sua compra, manuten\u00e7\u00e3o ou loca\u00e7\u00e3o.\" \/>\n<meta name=\"robots\" content=\"index, follow, max-snippet:-1, max-image-preview:large, max-video-preview:-1\" \/>\n<link rel=\"canonical\" href=\"https:\/\/nigroequipamentos.com.br\/conteudo\/descubra-a-empilhadeira-retratil-paletrans-pr2012i-21\/\" \/>\n<meta property=\"og:locale\" content=\"pt_BR\" \/>\n<meta property=\"og:type\" content=\"article\" \/>\n<meta property=\"og:title\" content=\"Descubra a Empilhadeira Retr\u00e1til Paletrans PR2012i\" \/>\n<meta property=\"og:description\" content=\"Descubra as vantagens da Empilhadeira Retr\u00e1til Paletrans PR2012i e como a Nigro Equipamentos pode ajudar na sua compra, manuten\u00e7\u00e3o ou loca\u00e7\u00e3o.\" \/>\n<meta property=\"og:url\" content=\"https:\/\/nigroequipamentos.com.br\/conteudo\/descubra-a-empilhadeira-retratil-paletrans-pr2012i-21\/\" \/>\n<meta property=\"og:site_name\" content=\"Nigro Equipamentos\" \/>\n<meta property=\"article:publisher\" content=\"https:\/\/www.facebook.com\/nigroequipamentos\" \/>\n<meta name=\"twitter:card\" content=\"summary_large_image\" \/>\n<script type=\"application\/ld+json\" class=\"yoast-schema-graph\">{\"@context\":\"https:\/\/schema.org\",\"@graph\":[{\"@type\":\"WebPage\",\"@id\":\"https:\/\/nigroequipamentos.com.br\/conteudo\/descubra-a-empilhadeira-retratil-paletrans-pr2012i-21\/\",\"url\":\"https:\/\/nigroequipamentos.com.br\/conteudo\/descubra-a-empilhadeira-retratil-paletrans-pr2012i-21\/\",\"name\":\"Empilhadeira Retr\u00e1til Paletrans PR2012i: A Solu\u00e7\u00e3o Ideal para o Seu Neg\u00f3cio\",\"isPartOf\":{\"@id\":\"https:\/\/nigroequipamentos.com.br\/conteudo\/#website\"},\"datePublished\":\"2026-03-07T06:46:02+00:00\",\"dateModified\":\"2026-03-07T06:46:02+00:00\",\"description\":\"Descubra as vantagens da Empilhadeira Retr\u00e1til Paletrans PR2012i e como a Nigro Equipamentos pode ajudar na sua compra, manuten\u00e7\u00e3o ou loca\u00e7\u00e3o.\",\"breadcrumb\":{\"@id\":\"https:\/\/nigroequipamentos.com.br\/conteudo\/descubra-a-empilhadeira-retratil-paletrans-pr2012i-21\/#breadcrumb\"},\"inLanguage\":\"pt-BR\",\"potentialAction\":[{\"@type\":\"ReadAction\",\"target\":[\"https:\/\/nigroequipamentos.com.br\/conteudo\/descubra-a-empilhadeira-retratil-paletrans-pr2012i-21\/\"]}]},{\"@type\":\"BreadcrumbList\",\"@id\":\"https:\/\/nigroequipamentos.com.br\/conteudo\/descubra-a-empilhadeira-retratil-paletrans-pr2012i-21\/#breadcrumb\",\"itemListElement\":[{\"@type\":\"ListItem\",\"position\":1,\"name\":\"In\u00edcio\",\"item\":\"https:\/\/nigroequipamentos.com.br\/conteudo\/\"},{\"@type\":\"ListItem\",\"position\":2,\"name\":\"Descubra a Empilhadeira Retr\u00e1til Paletrans PR2012i\"}]},{\"@type\":\"WebSite\",\"@id\":\"https:\/\/nigroequipamentos.com.br\/conteudo\/#website\",\"url\":\"https:\/\/nigroequipamentos.com.br\/conteudo\/\",\"name\":\"Nigro Equipamentos\",\"description\":\"Loca\u00e7\u00e3o e Vendas\",\"publisher\":{\"@id\":\"https:\/\/nigroequipamentos.com.br\/conteudo\/#organization\"},\"potentialAction\":[{\"@type\":\"SearchAction\",\"target\":{\"@type\":\"EntryPoint\",\"urlTemplate\":\"https:\/\/nigroequipamentos.com.br\/conteudo\/?s={search_term_string}\"},\"query-input\":{\"@type\":\"PropertyValueSpecification\",\"valueRequired\":true,\"valueName\":\"search_term_string\"}}],\"inLanguage\":\"pt-BR\"},{\"@type\":\"Organization\",\"@id\":\"https:\/\/nigroequipamentos.com.br\/conteudo\/#organization\",\"name\":\"Nigro Equipamentos\",\"url\":\"https:\/\/nigroequipamentos.com.br\/conteudo\/\",\"logo\":{\"@type\":\"ImageObject\",\"inLanguage\":\"pt-BR\",\"@id\":\"https:\/\/nigroequipamentos.com.br\/conteudo\/#\/schema\/logo\/image\/\",\"url\":\"https:\/\/nigroequipamentos.com.br\/conteudo\/wp-content\/uploads\/2024\/10\/nigroequipamentos_logo.webp\",\"contentUrl\":\"https:\/\/nigroequipamentos.com.br\/conteudo\/wp-content\/uploads\/2024\/10\/nigroequipamentos_logo.webp\",\"width\":785,\"height\":355,\"caption\":\"Nigro Equipamentos\"},\"image\":{\"@id\":\"https:\/\/nigroequipamentos.com.br\/conteudo\/#\/schema\/logo\/image\/\"},\"sameAs\":[\"https:\/\/www.facebook.com\/nigroequipamentos\",\"https:\/\/www.instagram.com\/nigroequipamentos\/\"]}]}<\/script>\n<!-- \/ Yoast SEO Premium plugin. -->","yoast_head_json":{"title":"Empilhadeira Retr\u00e1til Paletrans PR2012i: A Solu\u00e7\u00e3o Ideal para o Seu Neg\u00f3cio","description":"Descubra as vantagens da Empilhadeira Retr\u00e1til Paletrans PR2012i e como a Nigro Equipamentos pode ajudar na sua compra, manuten\u00e7\u00e3o ou loca\u00e7\u00e3o.","robots":{"index":"index","follow":"follow","max-snippet":"max-snippet:-1","max-image-preview":"max-image-preview:large","max-video-preview":"max-video-preview:-1"},"canonical":"https:\/\/nigroequipamentos.com.br\/conteudo\/descubra-a-empilhadeira-retratil-paletrans-pr2012i-21\/","og_locale":"pt_BR","og_type":"article","og_title":"Descubra a Empilhadeira Retr\u00e1til Paletrans PR2012i","og_description":"Descubra as vantagens da Empilhadeira Retr\u00e1til Paletrans PR2012i e como a Nigro Equipamentos pode ajudar na sua compra, manuten\u00e7\u00e3o ou loca\u00e7\u00e3o.","og_url":"https:\/\/nigroequipamentos.com.br\/conteudo\/descubra-a-empilhadeira-retratil-paletrans-pr2012i-21\/","og_site_name":"Nigro Equipamentos","article_publisher":"https:\/\/www.facebook.com\/nigroequipamentos","twitter_card":"summary_large_image","schema":{"@context":"https:\/\/schema.org","@graph":[{"@type":"WebPage","@id":"https:\/\/nigroequipamentos.com.br\/conteudo\/descubra-a-empilhadeira-retratil-paletrans-pr2012i-21\/","url":"https:\/\/nigroequipamentos.com.br\/conteudo\/descubra-a-empilhadeira-retratil-paletrans-pr2012i-21\/","name":"Empilhadeira Retr\u00e1til Paletrans PR2012i: A Solu\u00e7\u00e3o Ideal para o Seu Neg\u00f3cio","isPartOf":{"@id":"https:\/\/nigroequipamentos.com.br\/conteudo\/#website"},"datePublished":"2026-03-07T06:46:02+00:00","dateModified":"2026-03-07T06:46:02+00:00","description":"Descubra as vantagens da Empilhadeira Retr\u00e1til Paletrans PR2012i e como a Nigro Equipamentos pode ajudar na sua compra, manuten\u00e7\u00e3o ou loca\u00e7\u00e3o.","breadcrumb":{"@id":"https:\/\/nigroequipamentos.com.br\/conteudo\/descubra-a-empilhadeira-retratil-paletrans-pr2012i-21\/#breadcrumb"},"inLanguage":"pt-BR","potentialAction":[{"@type":"ReadAction","target":["https:\/\/nigroequipamentos.com.br\/conteudo\/descubra-a-empilhadeira-retratil-paletrans-pr2012i-21\/"]}]},{"@type":"BreadcrumbList","@id":"https:\/\/nigroequipamentos.com.br\/conteudo\/descubra-a-empilhadeira-retratil-paletrans-pr2012i-21\/#breadcrumb","itemListElement":[{"@type":"ListItem","position":1,"name":"In\u00edcio","item":"https:\/\/nigroequipamentos.com.br\/conteudo\/"},{"@type":"ListItem","position":2,"name":"Descubra a Empilhadeira Retr\u00e1til Paletrans PR2012i"}]},{"@type":"WebSite","@id":"https:\/\/nigroequipamentos.com.br\/conteudo\/#website","url":"https:\/\/nigroequipamentos.com.br\/conteudo\/","name":"Nigro Equipamentos","description":"Loca\u00e7\u00e3o e Vendas","publisher":{"@id":"https:\/\/nigroequipamentos.com.br\/conteudo\/#organization"},"potentialAction":[{"@type":"SearchAction","target":{"@type":"EntryPoint","urlTemplate":"https:\/\/nigroequipamentos.com.br\/conteudo\/?s={search_term_string}"},"query-input":{"@type":"PropertyValueSpecification","valueRequired":true,"valueName":"search_term_string"}}],"inLanguage":"pt-BR"},{"@type":"Organization","@id":"https:\/\/nigroequipamentos.com.br\/conteudo\/#organization","name":"Nigro Equipamentos","url":"https:\/\/nigroequipamentos.com.br\/conteudo\/","logo":{"@type":"ImageObject","inLanguage":"pt-BR","@id":"https:\/\/nigroequipamentos.com.br\/conteudo\/#\/schema\/logo\/image\/","url":"https:\/\/nigroequipamentos.com.br\/conteudo\/wp-content\/uploads\/2024\/10\/nigroequipamentos_logo.webp","contentUrl":"https:\/\/nigroequipamentos.com.br\/conteudo\/wp-content\/uploads\/2024\/10\/nigroequipamentos_logo.webp","width":785,"height":355,"caption":"Nigro Equipamentos"},"image":{"@id":"https:\/\/nigroequipamentos.com.br\/conteudo\/#\/schema\/logo\/image\/"},"sameAs":["https:\/\/www.facebook.com\/nigroequipamentos","https:\/\/www.instagram.com\/nigroequipamentos\/"]}]}},"_links":{"self":[{"href":"https:\/\/nigroequipamentos.com.br\/conteudo\/wp-json\/wp\/v2\/pages\/94911","targetHints":{"allow":["GET"]}}],"collection":[{"href":"https:\/\/nigroequipamentos.com.br\/conteudo\/wp-json\/wp\/v2\/pages"}],"about":[{"href":"https:\/\/nigroequipamentos.com.br\/conteudo\/wp-json\/wp\/v2\/types\/page"}],"author":[{"embeddable":true,"href":"https:\/\/nigroequipamentos.com.br\/conteudo\/wp-json\/wp\/v2\/users\/3"}],"replies":[{"embeddable":true,"href":"https:\/\/nigroequipamentos.com.br\/conteudo\/wp-json\/wp\/v2\/comments?post=94911"}],"version-history":[{"count":0,"href":"https:\/\/nigroequipamentos.com.br\/conteudo\/wp-json\/wp\/v2\/pages\/94911\/revisions"}],"wp:attachment":[{"href":"https:\/\/nigroequipamentos.com.br\/conteudo\/wp-json\/wp\/v2\/media?parent=94911"}],"curies":[{"name":"wp","href":"https:\/\/api.w.org\/{rel}","templated":true}]}}