{"id":94609,"date":"2026-03-05T18:01:00","date_gmt":"2026-03-05T21:01:00","guid":{"rendered":"https:\/\/nigroequipamentos.com.br\/conteudo\/empilhadeira-paletrans-a-solucao-ideal-para-sua-logistica-76\/"},"modified":"2026-03-05T18:01:00","modified_gmt":"2026-03-05T21:01:00","slug":"empilhadeira-paletrans-a-solucao-ideal-para-sua-logistica-76","status":"publish","type":"page","link":"https:\/\/nigroequipamentos.com.br\/conteudo\/empilhadeira-paletrans-a-solucao-ideal-para-sua-logistica-76\/","title":{"rendered":"Empilhadeira Paletrans: A Solu\u00e7\u00e3o Ideal Para Sua Log\u00edstica"},"content":{"rendered":"<p>Se voc\u00ea est\u00e1 em busca de efici\u00eancia e seguran\u00e7a nas opera\u00e7\u00f5es de movimenta\u00e7\u00e3o de cargas, a empilhadeira Paletrans \u00e9 a escolha perfeita. Com a Nigro Equipamentos, voc\u00ea encontra a empilhadeira Paletrans sob encomenda, proporcionando solu\u00e7\u00f5es personalizadas para suas necessidades log\u00edsticas. Nossa experi\u00eancia e especializa\u00e7\u00e3o garantem que voc\u00ea ter\u00e1 uma empilhadeira Paletrans que atenda todos os requisitos do seu neg\u00f3cio, seja para compra, manuten\u00e7\u00e3o ou loca\u00e7\u00e3o. Escolher a Nigro Equipamentos significa optar por qualidade, confian\u00e7a e suporte t\u00e9cnico especializado.<\/p>\n","protected":false},"excerpt":{"rendered":"<p>Se voc\u00ea est\u00e1 em busca de efici\u00eancia e seguran\u00e7a nas opera\u00e7\u00f5es de movimenta\u00e7\u00e3o de cargas, a empilhadeira Paletrans \u00e9 a escolha perfeita. Com a Nigro Equipamentos, voc\u00ea encontra a empilhadeira Paletrans sob encomenda, proporcionando solu\u00e7\u00f5es personalizadas para suas necessidades log\u00edsticas. Nossa experi\u00eancia e especializa\u00e7\u00e3o garantem que voc\u00ea ter\u00e1 uma empilhadeira Paletrans que atenda todos os&hellip;&nbsp;<a href=\"https:\/\/nigroequipamentos.com.br\/conteudo\/empilhadeira-paletrans-a-solucao-ideal-para-sua-logistica-76\/\" class=\"\" rel=\"bookmark\">Continue a ler &raquo;<span class=\"screen-reader-text\">Empilhadeira Paletrans: A Solu\u00e7\u00e3o Ideal Para Sua Log\u00edstica<\/span><\/a><\/p>\n","protected":false},"author":3,"featured_media":0,"parent":0,"menu_order":0,"comment_status":"closed","ping_status":"closed","template":"","meta":{"_acf_changed":false,"_yoast_wpseo_focuskw":"Empilhadeira Paletrans encomenda","_yoast_wpseo_title":"Empilhadeira Paletrans Encomenda - Qualidade e Suporte da Nigro Equipamentos","_yoast_wpseo_metadesc":"Conhe\u00e7a a empilhadeira Paletrans da Nigro Equipamentos. Compra, loca\u00e7\u00e3o e manuten\u00e7\u00e3o com o melhor suporte do mercado.","neve_meta_sidebar":"","neve_meta_container":"","neve_meta_enable_content_width":"","neve_meta_content_width":0,"neve_meta_title_alignment":"","neve_meta_author_avatar":"","neve_post_elements_order":"","neve_meta_disable_header":"","neve_meta_disable_footer":"","neve_meta_disable_title":"","footnotes":""},"class_list":["post-94609","page","type-page","status-publish","hentry"],"acf":{"bloco1title":"Integra\u00e7\u00e3o Perfeita","bloco1text":"A Nigro Equipamentos oferece uma integra\u00e7\u00e3o perfeita nas suas opera\u00e7\u00f5es com a empilhadeira Paletrans, facilitando o manuseio de cargas.","bloco2title":"Suporte Especializado","bloco2text":"Contamos com uma equipe altamente capacitada para garantir que sua empilhadeira Paletrans funcione sempre com excel\u00eancia.","bloco3title":"Personaliza\u00e7\u00e3o de Atendimento","bloco3text":"Na Nigro, entendemos que cada cliente \u00e9 \u00fanico. Por isso, oferecemos solu\u00e7\u00f5es personalizadas para quem busca uma empilhadeira Paletrans sob encomenda, adequando-se \u00e0s suas especifica\u00e7\u00f5es.","posttitle":"Descubra as Vantagens da Empilhadeira Paletrans na Log\u00edstica Moderna","postcontent":"<strong>Utiliza\u00e7\u00e3o Vers\u00e1til da Empilhadeira Paletrans<\/strong> \n\nA empilhadeira Paletrans \u00e9 reconhecida por sua adaptabilidade em diversos ambientes de trabalho. Com ela, \u00e9 poss\u00edvel realizar a movimenta\u00e7\u00e3o de paletes com agilidade e precis\u00e3o, tornando o fluxo log\u00edstico ainda mais eficaz. Na Nigro Equipamentos, disponibilizamos a empilhadeira Paletrans encomenda, focando nas necessidades espec\u00edficas de cada cliente. \n\n<strong>Import\u00e2ncia da Manuten\u00e7\u00e3o Preventiva<\/strong> \n\nOptar pela empilhadeira Paletrans significa garantir uma opera\u00e7\u00e3o cont\u00ednua e eficiente. A manuten\u00e7\u00e3o preventiva \u00e9 essencial para maximizar a vida \u00fatil do equipamento e sua performance. Nossa equipe na Nigro Equipamentos \u00e9 especializada em manuten\u00e7\u00e3o, oferecendo servi\u00e7os r\u00e1pidos e confi\u00e1veis. \n\n<strong>Loca\u00e7\u00e3o Flex\u00edvel para Diferentes Segmentos<\/strong> \n\nSabemos que a demanda por empilhadeiras pode variar, por isso, na Nigro, oferecemos op\u00e7\u00f5es de loca\u00e7\u00e3o flex\u00edvel da empilhadeira Paletrans. Assim, voc\u00ea pode atender picos de demanda sem investir na compra do equipamento. \n\n<strong>Confian\u00e7a e Qualidade<\/strong> \n\nA Nigro Equipamentos se destaca no mercado pela qualidade dos seus servi\u00e7os e equipamentos. A empilhadeira Paletrans encomenda que oferecemos \u00e9 garantia de efici\u00eancia e seguran\u00e7a para suas opera\u00e7\u00f5es.","insightwidtitle":"Curiosidades Sobre Empilhadeiras","insightwidcontent":"Voc\u00ea sabia que as empilhadeiras Paletrans s\u00e3o projetadas para operar em condi\u00e7\u00f5es extremas? Elas podem ser adaptadas para trabalhar em temperaturas baixas ou em ambientes \u00famidos, aumentando a versatilidade e desempenho na log\u00edstica. Na Nigro Equipamentos, estamos sempre atualizados sobre as inova\u00e7\u00f5es e adapta\u00e7\u00f5es que podem melhorar sua experi\u00eancia com a empilhadeira Paletrans."},"yoast_head":"<!-- This site is optimized with the Yoast SEO Premium plugin v18.3 (Yoast SEO v23.4) - https:\/\/yoast.com\/wordpress\/plugins\/seo\/ -->\n<title>Empilhadeira Paletrans Encomenda - Qualidade e Suporte da Nigro Equipamentos<\/title>\n<meta name=\"description\" content=\"Conhe\u00e7a a empilhadeira Paletrans da Nigro Equipamentos. Compra, loca\u00e7\u00e3o e manuten\u00e7\u00e3o com o melhor suporte do mercado.\" \/>\n<meta name=\"robots\" content=\"index, follow, max-snippet:-1, max-image-preview:large, max-video-preview:-1\" \/>\n<link rel=\"canonical\" href=\"https:\/\/nigroequipamentos.com.br\/conteudo\/empilhadeira-paletrans-a-solucao-ideal-para-sua-logistica-76\/\" \/>\n<meta property=\"og:locale\" content=\"pt_BR\" \/>\n<meta property=\"og:type\" content=\"article\" \/>\n<meta property=\"og:title\" content=\"Empilhadeira Paletrans: A Solu\u00e7\u00e3o Ideal Para Sua Log\u00edstica\" \/>\n<meta property=\"og:description\" content=\"Conhe\u00e7a a empilhadeira Paletrans da Nigro Equipamentos. Compra, loca\u00e7\u00e3o e manuten\u00e7\u00e3o com o melhor suporte do mercado.\" \/>\n<meta property=\"og:url\" content=\"https:\/\/nigroequipamentos.com.br\/conteudo\/empilhadeira-paletrans-a-solucao-ideal-para-sua-logistica-76\/\" \/>\n<meta property=\"og:site_name\" content=\"Nigro Equipamentos\" \/>\n<meta property=\"article:publisher\" content=\"https:\/\/www.facebook.com\/nigroequipamentos\" \/>\n<meta name=\"twitter:card\" content=\"summary_large_image\" \/>\n<script type=\"application\/ld+json\" class=\"yoast-schema-graph\">{\"@context\":\"https:\/\/schema.org\",\"@graph\":[{\"@type\":\"WebPage\",\"@id\":\"https:\/\/nigroequipamentos.com.br\/conteudo\/empilhadeira-paletrans-a-solucao-ideal-para-sua-logistica-76\/\",\"url\":\"https:\/\/nigroequipamentos.com.br\/conteudo\/empilhadeira-paletrans-a-solucao-ideal-para-sua-logistica-76\/\",\"name\":\"Empilhadeira Paletrans Encomenda - Qualidade e Suporte da Nigro Equipamentos\",\"isPartOf\":{\"@id\":\"https:\/\/nigroequipamentos.com.br\/conteudo\/#website\"},\"datePublished\":\"2026-03-05T21:01:00+00:00\",\"dateModified\":\"2026-03-05T21:01:00+00:00\",\"description\":\"Conhe\u00e7a a empilhadeira Paletrans da Nigro Equipamentos. Compra, loca\u00e7\u00e3o e manuten\u00e7\u00e3o com o melhor suporte do mercado.\",\"breadcrumb\":{\"@id\":\"https:\/\/nigroequipamentos.com.br\/conteudo\/empilhadeira-paletrans-a-solucao-ideal-para-sua-logistica-76\/#breadcrumb\"},\"inLanguage\":\"pt-BR\",\"potentialAction\":[{\"@type\":\"ReadAction\",\"target\":[\"https:\/\/nigroequipamentos.com.br\/conteudo\/empilhadeira-paletrans-a-solucao-ideal-para-sua-logistica-76\/\"]}]},{\"@type\":\"BreadcrumbList\",\"@id\":\"https:\/\/nigroequipamentos.com.br\/conteudo\/empilhadeira-paletrans-a-solucao-ideal-para-sua-logistica-76\/#breadcrumb\",\"itemListElement\":[{\"@type\":\"ListItem\",\"position\":1,\"name\":\"In\u00edcio\",\"item\":\"https:\/\/nigroequipamentos.com.br\/conteudo\/\"},{\"@type\":\"ListItem\",\"position\":2,\"name\":\"Empilhadeira Paletrans: A Solu\u00e7\u00e3o Ideal Para Sua Log\u00edstica\"}]},{\"@type\":\"WebSite\",\"@id\":\"https:\/\/nigroequipamentos.com.br\/conteudo\/#website\",\"url\":\"https:\/\/nigroequipamentos.com.br\/conteudo\/\",\"name\":\"Nigro Equipamentos\",\"description\":\"Loca\u00e7\u00e3o e Vendas\",\"publisher\":{\"@id\":\"https:\/\/nigroequipamentos.com.br\/conteudo\/#organization\"},\"potentialAction\":[{\"@type\":\"SearchAction\",\"target\":{\"@type\":\"EntryPoint\",\"urlTemplate\":\"https:\/\/nigroequipamentos.com.br\/conteudo\/?s={search_term_string}\"},\"query-input\":{\"@type\":\"PropertyValueSpecification\",\"valueRequired\":true,\"valueName\":\"search_term_string\"}}],\"inLanguage\":\"pt-BR\"},{\"@type\":\"Organization\",\"@id\":\"https:\/\/nigroequipamentos.com.br\/conteudo\/#organization\",\"name\":\"Nigro Equipamentos\",\"url\":\"https:\/\/nigroequipamentos.com.br\/conteudo\/\",\"logo\":{\"@type\":\"ImageObject\",\"inLanguage\":\"pt-BR\",\"@id\":\"https:\/\/nigroequipamentos.com.br\/conteudo\/#\/schema\/logo\/image\/\",\"url\":\"https:\/\/nigroequipamentos.com.br\/conteudo\/wp-content\/uploads\/2024\/10\/nigroequipamentos_logo.webp\",\"contentUrl\":\"https:\/\/nigroequipamentos.com.br\/conteudo\/wp-content\/uploads\/2024\/10\/nigroequipamentos_logo.webp\",\"width\":785,\"height\":355,\"caption\":\"Nigro Equipamentos\"},\"image\":{\"@id\":\"https:\/\/nigroequipamentos.com.br\/conteudo\/#\/schema\/logo\/image\/\"},\"sameAs\":[\"https:\/\/www.facebook.com\/nigroequipamentos\",\"https:\/\/www.instagram.com\/nigroequipamentos\/\"]}]}<\/script>\n<!-- \/ Yoast SEO Premium plugin. -->","yoast_head_json":{"title":"Empilhadeira Paletrans Encomenda - Qualidade e Suporte da Nigro Equipamentos","description":"Conhe\u00e7a a empilhadeira Paletrans da Nigro Equipamentos. Compra, loca\u00e7\u00e3o e manuten\u00e7\u00e3o com o melhor suporte do mercado.","robots":{"index":"index","follow":"follow","max-snippet":"max-snippet:-1","max-image-preview":"max-image-preview:large","max-video-preview":"max-video-preview:-1"},"canonical":"https:\/\/nigroequipamentos.com.br\/conteudo\/empilhadeira-paletrans-a-solucao-ideal-para-sua-logistica-76\/","og_locale":"pt_BR","og_type":"article","og_title":"Empilhadeira Paletrans: A Solu\u00e7\u00e3o Ideal Para Sua Log\u00edstica","og_description":"Conhe\u00e7a a empilhadeira Paletrans da Nigro Equipamentos. Compra, loca\u00e7\u00e3o e manuten\u00e7\u00e3o com o melhor suporte do mercado.","og_url":"https:\/\/nigroequipamentos.com.br\/conteudo\/empilhadeira-paletrans-a-solucao-ideal-para-sua-logistica-76\/","og_site_name":"Nigro Equipamentos","article_publisher":"https:\/\/www.facebook.com\/nigroequipamentos","twitter_card":"summary_large_image","schema":{"@context":"https:\/\/schema.org","@graph":[{"@type":"WebPage","@id":"https:\/\/nigroequipamentos.com.br\/conteudo\/empilhadeira-paletrans-a-solucao-ideal-para-sua-logistica-76\/","url":"https:\/\/nigroequipamentos.com.br\/conteudo\/empilhadeira-paletrans-a-solucao-ideal-para-sua-logistica-76\/","name":"Empilhadeira Paletrans Encomenda - Qualidade e Suporte da Nigro Equipamentos","isPartOf":{"@id":"https:\/\/nigroequipamentos.com.br\/conteudo\/#website"},"datePublished":"2026-03-05T21:01:00+00:00","dateModified":"2026-03-05T21:01:00+00:00","description":"Conhe\u00e7a a empilhadeira Paletrans da Nigro Equipamentos. Compra, loca\u00e7\u00e3o e manuten\u00e7\u00e3o com o melhor suporte do mercado.","breadcrumb":{"@id":"https:\/\/nigroequipamentos.com.br\/conteudo\/empilhadeira-paletrans-a-solucao-ideal-para-sua-logistica-76\/#breadcrumb"},"inLanguage":"pt-BR","potentialAction":[{"@type":"ReadAction","target":["https:\/\/nigroequipamentos.com.br\/conteudo\/empilhadeira-paletrans-a-solucao-ideal-para-sua-logistica-76\/"]}]},{"@type":"BreadcrumbList","@id":"https:\/\/nigroequipamentos.com.br\/conteudo\/empilhadeira-paletrans-a-solucao-ideal-para-sua-logistica-76\/#breadcrumb","itemListElement":[{"@type":"ListItem","position":1,"name":"In\u00edcio","item":"https:\/\/nigroequipamentos.com.br\/conteudo\/"},{"@type":"ListItem","position":2,"name":"Empilhadeira Paletrans: A Solu\u00e7\u00e3o Ideal Para Sua Log\u00edstica"}]},{"@type":"WebSite","@id":"https:\/\/nigroequipamentos.com.br\/conteudo\/#website","url":"https:\/\/nigroequipamentos.com.br\/conteudo\/","name":"Nigro Equipamentos","description":"Loca\u00e7\u00e3o e Vendas","publisher":{"@id":"https:\/\/nigroequipamentos.com.br\/conteudo\/#organization"},"potentialAction":[{"@type":"SearchAction","target":{"@type":"EntryPoint","urlTemplate":"https:\/\/nigroequipamentos.com.br\/conteudo\/?s={search_term_string}"},"query-input":{"@type":"PropertyValueSpecification","valueRequired":true,"valueName":"search_term_string"}}],"inLanguage":"pt-BR"},{"@type":"Organization","@id":"https:\/\/nigroequipamentos.com.br\/conteudo\/#organization","name":"Nigro Equipamentos","url":"https:\/\/nigroequipamentos.com.br\/conteudo\/","logo":{"@type":"ImageObject","inLanguage":"pt-BR","@id":"https:\/\/nigroequipamentos.com.br\/conteudo\/#\/schema\/logo\/image\/","url":"https:\/\/nigroequipamentos.com.br\/conteudo\/wp-content\/uploads\/2024\/10\/nigroequipamentos_logo.webp","contentUrl":"https:\/\/nigroequipamentos.com.br\/conteudo\/wp-content\/uploads\/2024\/10\/nigroequipamentos_logo.webp","width":785,"height":355,"caption":"Nigro Equipamentos"},"image":{"@id":"https:\/\/nigroequipamentos.com.br\/conteudo\/#\/schema\/logo\/image\/"},"sameAs":["https:\/\/www.facebook.com\/nigroequipamentos","https:\/\/www.instagram.com\/nigroequipamentos\/"]}]}},"_links":{"self":[{"href":"https:\/\/nigroequipamentos.com.br\/conteudo\/wp-json\/wp\/v2\/pages\/94609","targetHints":{"allow":["GET"]}}],"collection":[{"href":"https:\/\/nigroequipamentos.com.br\/conteudo\/wp-json\/wp\/v2\/pages"}],"about":[{"href":"https:\/\/nigroequipamentos.com.br\/conteudo\/wp-json\/wp\/v2\/types\/page"}],"author":[{"embeddable":true,"href":"https:\/\/nigroequipamentos.com.br\/conteudo\/wp-json\/wp\/v2\/users\/3"}],"replies":[{"embeddable":true,"href":"https:\/\/nigroequipamentos.com.br\/conteudo\/wp-json\/wp\/v2\/comments?post=94609"}],"version-history":[{"count":0,"href":"https:\/\/nigroequipamentos.com.br\/conteudo\/wp-json\/wp\/v2\/pages\/94609\/revisions"}],"wp:attachment":[{"href":"https:\/\/nigroequipamentos.com.br\/conteudo\/wp-json\/wp\/v2\/media?parent=94609"}],"curies":[{"name":"wp","href":"https:\/\/api.w.org\/{rel}","templated":true}]}}