{"id":91121,"date":"2026-02-14T04:00:59","date_gmt":"2026-02-14T07:00:59","guid":{"rendered":"https:\/\/nigroequipamentos.com.br\/conteudo\/empilhadeira-paletrans-a-escolha-certa-para-sua-empresa-18\/"},"modified":"2026-02-14T04:00:59","modified_gmt":"2026-02-14T07:00:59","slug":"empilhadeira-paletrans-a-escolha-certa-para-sua-empresa-18","status":"publish","type":"page","link":"https:\/\/nigroequipamentos.com.br\/conteudo\/empilhadeira-paletrans-a-escolha-certa-para-sua-empresa-18\/","title":{"rendered":"Empilhadeira Paletrans: A Escolha Certa Para Sua Empresa"},"content":{"rendered":"<p>A Nigro Equipamentos \u00e9 reconhecida pela excel\u00eancia em oferecer a empilhadeira Paletrans, um equipamento que se destaca pela qualidade e desempenho. Ao optar pela empilhadeira Paletrans, sua empresa garante n\u00e3o apenas efici\u00eancia, mas tamb\u00e9m seguran\u00e7a e durabilidade. Com um design inovador, a empilhadeira Paletrans \u00e9 ideal para atender diversos setores, promovendo agilidade na movimenta\u00e7\u00e3o de cargas. Trabalhar com a empilhadeira Paletrans \u00e9 sin\u00f4nimo de rentabilidade, pois reduz o tempo de opera\u00e7\u00e3o e aumenta a produtividade. Al\u00e9m disso, a Nigro Equipamentos se dedica \u00e0 manuten\u00e7\u00e3o e suporte t\u00e9cnico para garantir que sua empilhadeira Paletrans esteja sempre em perfeito estado.<\/p>\n","protected":false},"excerpt":{"rendered":"<p>A Nigro Equipamentos \u00e9 reconhecida pela excel\u00eancia em oferecer a empilhadeira Paletrans, um equipamento que se destaca pela qualidade e desempenho. Ao optar pela empilhadeira Paletrans, sua empresa garante n\u00e3o apenas efici\u00eancia, mas tamb\u00e9m seguran\u00e7a e durabilidade. Com um design inovador, a empilhadeira Paletrans \u00e9 ideal para atender diversos setores, promovendo agilidade na movimenta\u00e7\u00e3o de&hellip;&nbsp;<a href=\"https:\/\/nigroequipamentos.com.br\/conteudo\/empilhadeira-paletrans-a-escolha-certa-para-sua-empresa-18\/\" class=\"\" rel=\"bookmark\">Continue a ler &raquo;<span class=\"screen-reader-text\">Empilhadeira Paletrans: A Escolha Certa Para Sua Empresa<\/span><\/a><\/p>\n","protected":false},"author":3,"featured_media":0,"parent":0,"menu_order":0,"comment_status":"closed","ping_status":"closed","template":"","meta":{"_acf_changed":false,"_yoast_wpseo_focuskw":"Empilhadeira Paletrans qualidade","_yoast_wpseo_title":"Empilhadeira Paletrans: Qualidade e Efici\u00eancia com a Nigro Equipamentos","_yoast_wpseo_metadesc":"Descubra as vantagens da empilhadeira Paletrans e como a Nigro Equipamentos pode ajudar na sua compra e manuten\u00e7\u00e3o.","neve_meta_sidebar":"","neve_meta_container":"","neve_meta_enable_content_width":"","neve_meta_content_width":0,"neve_meta_title_alignment":"","neve_meta_author_avatar":"","neve_post_elements_order":"","neve_meta_disable_header":"","neve_meta_disable_footer":"","neve_meta_disable_title":"","footnotes":""},"class_list":["post-91121","page","type-page","status-publish","hentry"],"acf":{"bloco1title":"Qualidade Superior","bloco1text":"A empilhadeira Paletrans oferece tecnologia de ponta, garantindo efici\u00eancia e seguran\u00e7a nas opera\u00e7\u00f5es.","bloco2title":"Suporte Completo","bloco2text":"Na Nigro, voc\u00ea encontra manuten\u00e7\u00e3o especializada para sua empilhadeira Paletrans.","bloco3title":"Versatilidade em A\u00e7\u00e3o","bloco3text":"A empilhadeira Paletrans adapta-se a diferentes tipos de carga, otimizando o trabalho em diversas ind\u00fastrias.","posttitle":"Empilhadeira Paletrans: Vantagens e Caracter\u00edsticas","postcontent":"<strong>A empilhadeira Paletrans<\/strong> se destaca no mercado por sua robustez e confiabilidade. Ideal para movimenta\u00e7\u00e3o de grandes volumes, a empilhadeira Paletrans possui uma capacidade elevada, perfeita para estocagens em altitudes. Outro ponto importante \u00e9 a facilidade de manobra, mesmo em espa\u00e7os restritos, que otimiza o fluxo de trabalho na sua empresa.\n\nA <strong>qualidade da empilhadeira Paletrans<\/strong> \u00e9 notada no seu desempenho di\u00e1rio, minimizando falhas operacionais e custos de manuten\u00e7\u00e3o. A Nigro Equipamentos, como especialista na venda e loca\u00e7\u00e3o de equipamentos, garante um suporte t\u00e9cnico qualificado para a empilhadeira Paletrans, permitindo que sua escolha traga resultados positivos a longo prazo.\n\n\u00c9 importante salientar que o investimento na <strong>empilhadeira Paletrans<\/strong> \u00e9 um passo decisivo para as empresas que buscam excel\u00eancia operacional. Com a Nigro Equipamentos, voc\u00ea ter\u00e1 n\u00e3o apenas acesso a uma excelente linha de produtos, mas tamb\u00e9m a uma equipe experiente pronta para ajud\u00e1-lo na escolha e manuten\u00e7\u00e3o da empilhadeira Paletrans.","insightwidtitle":"Curiosidades sobre empilhadeiras","insightwidcontent":"Voc\u00ea sabia que a empilhadeira Paletrans \u00e9 reconhecida mundialmente pela sua resist\u00eancia e efici\u00eancia? Desde sua cria\u00e7\u00e3o, tem sido uma escolha preferida em setores variados, mostrando que uma decis\u00e3o estrat\u00e9gica em equipamentos pode transformar a log\u00edstica da sua empresa. A Nigro Equipamentos fornece todos os detalhes sobre como a empilhadeira Paletrans pode ser um divisor de \u00e1guas em suas opera\u00e7\u00f5es."},"yoast_head":"<!-- This site is optimized with the Yoast SEO Premium plugin v18.3 (Yoast SEO v23.4) - https:\/\/yoast.com\/wordpress\/plugins\/seo\/ -->\n<title>Empilhadeira Paletrans: Qualidade e Efici\u00eancia com a Nigro Equipamentos<\/title>\n<meta name=\"description\" content=\"Descubra as vantagens da empilhadeira Paletrans e como a Nigro Equipamentos pode ajudar na sua compra e manuten\u00e7\u00e3o.\" \/>\n<meta name=\"robots\" content=\"index, follow, max-snippet:-1, max-image-preview:large, max-video-preview:-1\" \/>\n<link rel=\"canonical\" href=\"https:\/\/nigroequipamentos.com.br\/conteudo\/empilhadeira-paletrans-a-escolha-certa-para-sua-empresa-18\/\" \/>\n<meta property=\"og:locale\" content=\"pt_BR\" \/>\n<meta property=\"og:type\" content=\"article\" \/>\n<meta property=\"og:title\" content=\"Empilhadeira Paletrans: A Escolha Certa Para Sua Empresa\" \/>\n<meta property=\"og:description\" content=\"Descubra as vantagens da empilhadeira Paletrans e como a Nigro Equipamentos pode ajudar na sua compra e manuten\u00e7\u00e3o.\" \/>\n<meta property=\"og:url\" content=\"https:\/\/nigroequipamentos.com.br\/conteudo\/empilhadeira-paletrans-a-escolha-certa-para-sua-empresa-18\/\" \/>\n<meta property=\"og:site_name\" content=\"Nigro Equipamentos\" \/>\n<meta property=\"article:publisher\" content=\"https:\/\/www.facebook.com\/nigroequipamentos\" \/>\n<meta name=\"twitter:card\" content=\"summary_large_image\" \/>\n<meta name=\"twitter:label1\" content=\"Est. tempo de leitura\" \/>\n\t<meta name=\"twitter:data1\" content=\"1 minuto\" \/>\n<script type=\"application\/ld+json\" class=\"yoast-schema-graph\">{\"@context\":\"https:\/\/schema.org\",\"@graph\":[{\"@type\":\"WebPage\",\"@id\":\"https:\/\/nigroequipamentos.com.br\/conteudo\/empilhadeira-paletrans-a-escolha-certa-para-sua-empresa-18\/\",\"url\":\"https:\/\/nigroequipamentos.com.br\/conteudo\/empilhadeira-paletrans-a-escolha-certa-para-sua-empresa-18\/\",\"name\":\"Empilhadeira Paletrans: Qualidade e Efici\u00eancia com a Nigro Equipamentos\",\"isPartOf\":{\"@id\":\"https:\/\/nigroequipamentos.com.br\/conteudo\/#website\"},\"datePublished\":\"2026-02-14T07:00:59+00:00\",\"dateModified\":\"2026-02-14T07:00:59+00:00\",\"description\":\"Descubra as vantagens da empilhadeira Paletrans e como a Nigro Equipamentos pode ajudar na sua compra e manuten\u00e7\u00e3o.\",\"breadcrumb\":{\"@id\":\"https:\/\/nigroequipamentos.com.br\/conteudo\/empilhadeira-paletrans-a-escolha-certa-para-sua-empresa-18\/#breadcrumb\"},\"inLanguage\":\"pt-BR\",\"potentialAction\":[{\"@type\":\"ReadAction\",\"target\":[\"https:\/\/nigroequipamentos.com.br\/conteudo\/empilhadeira-paletrans-a-escolha-certa-para-sua-empresa-18\/\"]}]},{\"@type\":\"BreadcrumbList\",\"@id\":\"https:\/\/nigroequipamentos.com.br\/conteudo\/empilhadeira-paletrans-a-escolha-certa-para-sua-empresa-18\/#breadcrumb\",\"itemListElement\":[{\"@type\":\"ListItem\",\"position\":1,\"name\":\"In\u00edcio\",\"item\":\"https:\/\/nigroequipamentos.com.br\/conteudo\/\"},{\"@type\":\"ListItem\",\"position\":2,\"name\":\"Empilhadeira Paletrans: A Escolha Certa Para Sua Empresa\"}]},{\"@type\":\"WebSite\",\"@id\":\"https:\/\/nigroequipamentos.com.br\/conteudo\/#website\",\"url\":\"https:\/\/nigroequipamentos.com.br\/conteudo\/\",\"name\":\"Nigro Equipamentos\",\"description\":\"Loca\u00e7\u00e3o e Vendas\",\"publisher\":{\"@id\":\"https:\/\/nigroequipamentos.com.br\/conteudo\/#organization\"},\"potentialAction\":[{\"@type\":\"SearchAction\",\"target\":{\"@type\":\"EntryPoint\",\"urlTemplate\":\"https:\/\/nigroequipamentos.com.br\/conteudo\/?s={search_term_string}\"},\"query-input\":{\"@type\":\"PropertyValueSpecification\",\"valueRequired\":true,\"valueName\":\"search_term_string\"}}],\"inLanguage\":\"pt-BR\"},{\"@type\":\"Organization\",\"@id\":\"https:\/\/nigroequipamentos.com.br\/conteudo\/#organization\",\"name\":\"Nigro Equipamentos\",\"url\":\"https:\/\/nigroequipamentos.com.br\/conteudo\/\",\"logo\":{\"@type\":\"ImageObject\",\"inLanguage\":\"pt-BR\",\"@id\":\"https:\/\/nigroequipamentos.com.br\/conteudo\/#\/schema\/logo\/image\/\",\"url\":\"https:\/\/nigroequipamentos.com.br\/conteudo\/wp-content\/uploads\/2024\/10\/nigroequipamentos_logo.webp\",\"contentUrl\":\"https:\/\/nigroequipamentos.com.br\/conteudo\/wp-content\/uploads\/2024\/10\/nigroequipamentos_logo.webp\",\"width\":785,\"height\":355,\"caption\":\"Nigro Equipamentos\"},\"image\":{\"@id\":\"https:\/\/nigroequipamentos.com.br\/conteudo\/#\/schema\/logo\/image\/\"},\"sameAs\":[\"https:\/\/www.facebook.com\/nigroequipamentos\",\"https:\/\/www.instagram.com\/nigroequipamentos\/\"]}]}<\/script>\n<!-- \/ Yoast SEO Premium plugin. -->","yoast_head_json":{"title":"Empilhadeira Paletrans: Qualidade e Efici\u00eancia com a Nigro Equipamentos","description":"Descubra as vantagens da empilhadeira Paletrans e como a Nigro Equipamentos pode ajudar na sua compra e manuten\u00e7\u00e3o.","robots":{"index":"index","follow":"follow","max-snippet":"max-snippet:-1","max-image-preview":"max-image-preview:large","max-video-preview":"max-video-preview:-1"},"canonical":"https:\/\/nigroequipamentos.com.br\/conteudo\/empilhadeira-paletrans-a-escolha-certa-para-sua-empresa-18\/","og_locale":"pt_BR","og_type":"article","og_title":"Empilhadeira Paletrans: A Escolha Certa Para Sua Empresa","og_description":"Descubra as vantagens da empilhadeira Paletrans e como a Nigro Equipamentos pode ajudar na sua compra e manuten\u00e7\u00e3o.","og_url":"https:\/\/nigroequipamentos.com.br\/conteudo\/empilhadeira-paletrans-a-escolha-certa-para-sua-empresa-18\/","og_site_name":"Nigro Equipamentos","article_publisher":"https:\/\/www.facebook.com\/nigroequipamentos","twitter_card":"summary_large_image","twitter_misc":{"Est. tempo de leitura":"1 minuto"},"schema":{"@context":"https:\/\/schema.org","@graph":[{"@type":"WebPage","@id":"https:\/\/nigroequipamentos.com.br\/conteudo\/empilhadeira-paletrans-a-escolha-certa-para-sua-empresa-18\/","url":"https:\/\/nigroequipamentos.com.br\/conteudo\/empilhadeira-paletrans-a-escolha-certa-para-sua-empresa-18\/","name":"Empilhadeira Paletrans: Qualidade e Efici\u00eancia com a Nigro Equipamentos","isPartOf":{"@id":"https:\/\/nigroequipamentos.com.br\/conteudo\/#website"},"datePublished":"2026-02-14T07:00:59+00:00","dateModified":"2026-02-14T07:00:59+00:00","description":"Descubra as vantagens da empilhadeira Paletrans e como a Nigro Equipamentos pode ajudar na sua compra e manuten\u00e7\u00e3o.","breadcrumb":{"@id":"https:\/\/nigroequipamentos.com.br\/conteudo\/empilhadeira-paletrans-a-escolha-certa-para-sua-empresa-18\/#breadcrumb"},"inLanguage":"pt-BR","potentialAction":[{"@type":"ReadAction","target":["https:\/\/nigroequipamentos.com.br\/conteudo\/empilhadeira-paletrans-a-escolha-certa-para-sua-empresa-18\/"]}]},{"@type":"BreadcrumbList","@id":"https:\/\/nigroequipamentos.com.br\/conteudo\/empilhadeira-paletrans-a-escolha-certa-para-sua-empresa-18\/#breadcrumb","itemListElement":[{"@type":"ListItem","position":1,"name":"In\u00edcio","item":"https:\/\/nigroequipamentos.com.br\/conteudo\/"},{"@type":"ListItem","position":2,"name":"Empilhadeira Paletrans: A Escolha Certa Para Sua Empresa"}]},{"@type":"WebSite","@id":"https:\/\/nigroequipamentos.com.br\/conteudo\/#website","url":"https:\/\/nigroequipamentos.com.br\/conteudo\/","name":"Nigro Equipamentos","description":"Loca\u00e7\u00e3o e Vendas","publisher":{"@id":"https:\/\/nigroequipamentos.com.br\/conteudo\/#organization"},"potentialAction":[{"@type":"SearchAction","target":{"@type":"EntryPoint","urlTemplate":"https:\/\/nigroequipamentos.com.br\/conteudo\/?s={search_term_string}"},"query-input":{"@type":"PropertyValueSpecification","valueRequired":true,"valueName":"search_term_string"}}],"inLanguage":"pt-BR"},{"@type":"Organization","@id":"https:\/\/nigroequipamentos.com.br\/conteudo\/#organization","name":"Nigro Equipamentos","url":"https:\/\/nigroequipamentos.com.br\/conteudo\/","logo":{"@type":"ImageObject","inLanguage":"pt-BR","@id":"https:\/\/nigroequipamentos.com.br\/conteudo\/#\/schema\/logo\/image\/","url":"https:\/\/nigroequipamentos.com.br\/conteudo\/wp-content\/uploads\/2024\/10\/nigroequipamentos_logo.webp","contentUrl":"https:\/\/nigroequipamentos.com.br\/conteudo\/wp-content\/uploads\/2024\/10\/nigroequipamentos_logo.webp","width":785,"height":355,"caption":"Nigro Equipamentos"},"image":{"@id":"https:\/\/nigroequipamentos.com.br\/conteudo\/#\/schema\/logo\/image\/"},"sameAs":["https:\/\/www.facebook.com\/nigroequipamentos","https:\/\/www.instagram.com\/nigroequipamentos\/"]}]}},"_links":{"self":[{"href":"https:\/\/nigroequipamentos.com.br\/conteudo\/wp-json\/wp\/v2\/pages\/91121","targetHints":{"allow":["GET"]}}],"collection":[{"href":"https:\/\/nigroequipamentos.com.br\/conteudo\/wp-json\/wp\/v2\/pages"}],"about":[{"href":"https:\/\/nigroequipamentos.com.br\/conteudo\/wp-json\/wp\/v2\/types\/page"}],"author":[{"embeddable":true,"href":"https:\/\/nigroequipamentos.com.br\/conteudo\/wp-json\/wp\/v2\/users\/3"}],"replies":[{"embeddable":true,"href":"https:\/\/nigroequipamentos.com.br\/conteudo\/wp-json\/wp\/v2\/comments?post=91121"}],"version-history":[{"count":0,"href":"https:\/\/nigroequipamentos.com.br\/conteudo\/wp-json\/wp\/v2\/pages\/91121\/revisions"}],"wp:attachment":[{"href":"https:\/\/nigroequipamentos.com.br\/conteudo\/wp-json\/wp\/v2\/media?parent=91121"}],"curies":[{"name":"wp","href":"https:\/\/api.w.org\/{rel}","templated":true}]}}