{"id":90654,"date":"2026-02-12T00:01:02","date_gmt":"2026-02-12T03:01:02","guid":{"rendered":"https:\/\/nigroequipamentos.com.br\/conteudo\/a-importancia-da-empilhadeira-paletrans-na-mineracao-6\/"},"modified":"2026-02-12T00:01:02","modified_gmt":"2026-02-12T03:01:02","slug":"a-importancia-da-empilhadeira-paletrans-na-mineracao-6","status":"publish","type":"page","link":"https:\/\/nigroequipamentos.com.br\/conteudo\/a-importancia-da-empilhadeira-paletrans-na-mineracao-6\/","title":{"rendered":"A Import\u00e2ncia da Empilhadeira Paletrans na Minera\u00e7\u00e3o"},"content":{"rendered":"<p>A empilhadeira Paletrans se destaca como uma das principais op\u00e7\u00f5es para opera\u00e7\u00f5es de minera\u00e7\u00e3o. Sua robustez, efici\u00eancia e tecnologia avan\u00e7ada garantem a movimenta\u00e7\u00e3o segura e \u00e1gil de materiais pesados. Investir na escolha certa de veiculos, como a empilhadeira Paletrans, pode fazer a diferen\u00e7a no aumento da produtividade e na seguran\u00e7a das opera\u00e7\u00f5es em um ambiente de minera\u00e7\u00e3o. A Nigro Equipamentos oferece uma linha completa de modelos de empilhadeira Paletrans, adequadas \u00e0s exig\u00eancias do setor, trazendo inova\u00e7\u00e3o e confiabilidade para as empresas mineradoras.<\/p>\n","protected":false},"excerpt":{"rendered":"<p>A empilhadeira Paletrans se destaca como uma das principais op\u00e7\u00f5es para opera\u00e7\u00f5es de minera\u00e7\u00e3o. Sua robustez, efici\u00eancia e tecnologia avan\u00e7ada garantem a movimenta\u00e7\u00e3o segura e \u00e1gil de materiais pesados. Investir na escolha certa de veiculos, como a empilhadeira Paletrans, pode fazer a diferen\u00e7a no aumento da produtividade e na seguran\u00e7a das opera\u00e7\u00f5es em um ambiente&hellip;&nbsp;<a href=\"https:\/\/nigroequipamentos.com.br\/conteudo\/a-importancia-da-empilhadeira-paletrans-na-mineracao-6\/\" class=\"\" rel=\"bookmark\">Continue a ler &raquo;<span class=\"screen-reader-text\">A Import\u00e2ncia da Empilhadeira Paletrans na Minera\u00e7\u00e3o<\/span><\/a><\/p>\n","protected":false},"author":3,"featured_media":0,"parent":0,"menu_order":0,"comment_status":"closed","ping_status":"closed","template":"","meta":{"_acf_changed":false,"_yoast_wpseo_focuskw":"empilhadeira Paletrans minera\u00e7\u00e3o","_yoast_wpseo_title":"Empilhadeira Paletrans para Minera\u00e7\u00e3o: Buy, Rent or Maintain with Nigro Equipamentos","_yoast_wpseo_metadesc":"Descubra a import\u00e2ncia da empilhadeira Paletrans na minera\u00e7\u00e3o e como a Nigro Equipamentos pode ajudar na compra e manuten\u00e7\u00e3o.","neve_meta_sidebar":"","neve_meta_container":"","neve_meta_enable_content_width":"","neve_meta_content_width":0,"neve_meta_title_alignment":"","neve_meta_author_avatar":"","neve_post_elements_order":"","neve_meta_disable_header":"","neve_meta_disable_footer":"","neve_meta_disable_title":"","footnotes":""},"class_list":["post-90654","page","type-page","status-publish","hentry"],"acf":{"bloco1title":"Robustez garantida","bloco1text":"A Nigro Equipamentos fornece empilhadeiras Paletrans resistentes, ideais para ambientes extremos na minera\u00e7\u00e3o.","bloco2title":"Manuten\u00e7\u00e3o de qualidade","bloco2text":"A Nigro oferece servi\u00e7os de manuten\u00e7\u00e3o, garantindo a performance constante da sua empilhadeira Paletrans.","bloco3title":"Efici\u00eancia em alta","bloco3text":"Utilizar a empilhadeira Paletrans promove ganhos significativos em efici\u00eancia e seguran\u00e7a nas opera\u00e7\u00f5es de minera\u00e7\u00e3o.","posttitle":"Empilhadeira Paletrans: Solu\u00e7\u00e3o Eficaz para o Setor de Minera\u00e7\u00e3o","postcontent":"<strong>O que \u00e9 a empilhadeira Paletrans?<\/strong> A empilhadeira Paletrans \u00e9 projetada para atender as exig\u00eancias rigorosas do setor de minera\u00e7\u00e3o, apresentando for\u00e7a e tecnologia para movimentar grandes volumes de materiais pesados.<br><br>Quando se fala em empilhadeiras para minera\u00e7\u00e3o, a empilhadeira Paletrans se destaca pela sua durabilidade e efici\u00eancia. Com um design ergonomicamente projetado, a empilhadeira Paletrans maximiza a produtividade, permitindo a movimenta\u00e7\u00e3o de equipamentos e materiais com seguran\u00e7a, mesmo em terrenos acidentados.<br><br>O setor de minera\u00e7\u00e3o tem particularidades \u00fanicas que requerem maquin\u00e1rio robusto. As empilhadeiras Paletrans da Nigro Equipamentos s\u00e3o desenvolvidas para resistir a condi\u00e7\u00f5es severas e garantir opera\u00e7\u00f5es ininterruptas. Para empresas que buscam efici\u00eancia e seguran\u00e7a, a escolha da empilhadeira adequada \u00e9 vital. <br><br>A Nigro Equipamentos n\u00e3o s\u00f3 fornece a empilhadeira Paletrans, mas tamb\u00e9m oferece todo o suporte necess\u00e1rio, incluindo manuten\u00e7\u00e3o especializada e op\u00e7\u00f5es de loca\u00e7\u00e3o.<br><br>Com equipes treinadas e experientes, a Nigro se posiciona como refer\u00eancia no fornecimento de empilhadeiras Paletrans, sempre pronta para atender as necessidades do mercado de minera\u00e7\u00e3o.","insightwidtitle":"Curiosidades sobre Minera\u00e7\u00e3o","insightwidcontent":"Voc\u00ea sabia que a efici\u00eancia das opera\u00e7\u00f5es de minera\u00e7\u00e3o pode ser diretamente influenciada pela escolha das empilhadeiras? A empilhadeira Paletrans n\u00e3o s\u00f3 suporta pesos elevados, mas \u00e9 vital para a seguran\u00e7a, reduzindo riscos de acidentes nas opera\u00e7\u00f5es. Al\u00e9m disso, a manuten\u00e7\u00e3o preventiva, oferecida pela Nigro, pode prolongar a vida \u00fatil desse equipamento essencial."},"yoast_head":"<!-- This site is optimized with the Yoast SEO Premium plugin v18.3 (Yoast SEO v23.4) - https:\/\/yoast.com\/wordpress\/plugins\/seo\/ -->\n<title>Empilhadeira Paletrans para Minera\u00e7\u00e3o: Buy, Rent or Maintain with Nigro Equipamentos<\/title>\n<meta name=\"description\" content=\"Descubra a import\u00e2ncia da empilhadeira Paletrans na minera\u00e7\u00e3o e como a Nigro Equipamentos pode ajudar na compra e manuten\u00e7\u00e3o.\" \/>\n<meta name=\"robots\" content=\"index, follow, max-snippet:-1, max-image-preview:large, max-video-preview:-1\" \/>\n<link rel=\"canonical\" href=\"https:\/\/nigroequipamentos.com.br\/conteudo\/a-importancia-da-empilhadeira-paletrans-na-mineracao-6\/\" \/>\n<meta property=\"og:locale\" content=\"pt_BR\" \/>\n<meta property=\"og:type\" content=\"article\" \/>\n<meta property=\"og:title\" content=\"A Import\u00e2ncia da Empilhadeira Paletrans na Minera\u00e7\u00e3o\" \/>\n<meta property=\"og:description\" content=\"Descubra a import\u00e2ncia da empilhadeira Paletrans na minera\u00e7\u00e3o e como a Nigro Equipamentos pode ajudar na compra e manuten\u00e7\u00e3o.\" \/>\n<meta property=\"og:url\" content=\"https:\/\/nigroequipamentos.com.br\/conteudo\/a-importancia-da-empilhadeira-paletrans-na-mineracao-6\/\" \/>\n<meta property=\"og:site_name\" content=\"Nigro Equipamentos\" \/>\n<meta property=\"article:publisher\" content=\"https:\/\/www.facebook.com\/nigroequipamentos\" \/>\n<meta name=\"twitter:card\" content=\"summary_large_image\" \/>\n<script type=\"application\/ld+json\" class=\"yoast-schema-graph\">{\"@context\":\"https:\/\/schema.org\",\"@graph\":[{\"@type\":\"WebPage\",\"@id\":\"https:\/\/nigroequipamentos.com.br\/conteudo\/a-importancia-da-empilhadeira-paletrans-na-mineracao-6\/\",\"url\":\"https:\/\/nigroequipamentos.com.br\/conteudo\/a-importancia-da-empilhadeira-paletrans-na-mineracao-6\/\",\"name\":\"Empilhadeira Paletrans para Minera\u00e7\u00e3o: Buy, Rent or Maintain with Nigro Equipamentos\",\"isPartOf\":{\"@id\":\"https:\/\/nigroequipamentos.com.br\/conteudo\/#website\"},\"datePublished\":\"2026-02-12T03:01:02+00:00\",\"dateModified\":\"2026-02-12T03:01:02+00:00\",\"description\":\"Descubra a import\u00e2ncia da empilhadeira Paletrans na minera\u00e7\u00e3o e como a Nigro Equipamentos pode ajudar na compra e manuten\u00e7\u00e3o.\",\"breadcrumb\":{\"@id\":\"https:\/\/nigroequipamentos.com.br\/conteudo\/a-importancia-da-empilhadeira-paletrans-na-mineracao-6\/#breadcrumb\"},\"inLanguage\":\"pt-BR\",\"potentialAction\":[{\"@type\":\"ReadAction\",\"target\":[\"https:\/\/nigroequipamentos.com.br\/conteudo\/a-importancia-da-empilhadeira-paletrans-na-mineracao-6\/\"]}]},{\"@type\":\"BreadcrumbList\",\"@id\":\"https:\/\/nigroequipamentos.com.br\/conteudo\/a-importancia-da-empilhadeira-paletrans-na-mineracao-6\/#breadcrumb\",\"itemListElement\":[{\"@type\":\"ListItem\",\"position\":1,\"name\":\"In\u00edcio\",\"item\":\"https:\/\/nigroequipamentos.com.br\/conteudo\/\"},{\"@type\":\"ListItem\",\"position\":2,\"name\":\"A Import\u00e2ncia da Empilhadeira Paletrans na Minera\u00e7\u00e3o\"}]},{\"@type\":\"WebSite\",\"@id\":\"https:\/\/nigroequipamentos.com.br\/conteudo\/#website\",\"url\":\"https:\/\/nigroequipamentos.com.br\/conteudo\/\",\"name\":\"Nigro Equipamentos\",\"description\":\"Loca\u00e7\u00e3o e Vendas\",\"publisher\":{\"@id\":\"https:\/\/nigroequipamentos.com.br\/conteudo\/#organization\"},\"potentialAction\":[{\"@type\":\"SearchAction\",\"target\":{\"@type\":\"EntryPoint\",\"urlTemplate\":\"https:\/\/nigroequipamentos.com.br\/conteudo\/?s={search_term_string}\"},\"query-input\":{\"@type\":\"PropertyValueSpecification\",\"valueRequired\":true,\"valueName\":\"search_term_string\"}}],\"inLanguage\":\"pt-BR\"},{\"@type\":\"Organization\",\"@id\":\"https:\/\/nigroequipamentos.com.br\/conteudo\/#organization\",\"name\":\"Nigro Equipamentos\",\"url\":\"https:\/\/nigroequipamentos.com.br\/conteudo\/\",\"logo\":{\"@type\":\"ImageObject\",\"inLanguage\":\"pt-BR\",\"@id\":\"https:\/\/nigroequipamentos.com.br\/conteudo\/#\/schema\/logo\/image\/\",\"url\":\"https:\/\/nigroequipamentos.com.br\/conteudo\/wp-content\/uploads\/2024\/10\/nigroequipamentos_logo.webp\",\"contentUrl\":\"https:\/\/nigroequipamentos.com.br\/conteudo\/wp-content\/uploads\/2024\/10\/nigroequipamentos_logo.webp\",\"width\":785,\"height\":355,\"caption\":\"Nigro Equipamentos\"},\"image\":{\"@id\":\"https:\/\/nigroequipamentos.com.br\/conteudo\/#\/schema\/logo\/image\/\"},\"sameAs\":[\"https:\/\/www.facebook.com\/nigroequipamentos\",\"https:\/\/www.instagram.com\/nigroequipamentos\/\"]}]}<\/script>\n<!-- \/ Yoast SEO Premium plugin. -->","yoast_head_json":{"title":"Empilhadeira Paletrans para Minera\u00e7\u00e3o: Buy, Rent or Maintain with Nigro Equipamentos","description":"Descubra a import\u00e2ncia da empilhadeira Paletrans na minera\u00e7\u00e3o e como a Nigro Equipamentos pode ajudar na compra e manuten\u00e7\u00e3o.","robots":{"index":"index","follow":"follow","max-snippet":"max-snippet:-1","max-image-preview":"max-image-preview:large","max-video-preview":"max-video-preview:-1"},"canonical":"https:\/\/nigroequipamentos.com.br\/conteudo\/a-importancia-da-empilhadeira-paletrans-na-mineracao-6\/","og_locale":"pt_BR","og_type":"article","og_title":"A Import\u00e2ncia da Empilhadeira Paletrans na Minera\u00e7\u00e3o","og_description":"Descubra a import\u00e2ncia da empilhadeira Paletrans na minera\u00e7\u00e3o e como a Nigro Equipamentos pode ajudar na compra e manuten\u00e7\u00e3o.","og_url":"https:\/\/nigroequipamentos.com.br\/conteudo\/a-importancia-da-empilhadeira-paletrans-na-mineracao-6\/","og_site_name":"Nigro Equipamentos","article_publisher":"https:\/\/www.facebook.com\/nigroequipamentos","twitter_card":"summary_large_image","schema":{"@context":"https:\/\/schema.org","@graph":[{"@type":"WebPage","@id":"https:\/\/nigroequipamentos.com.br\/conteudo\/a-importancia-da-empilhadeira-paletrans-na-mineracao-6\/","url":"https:\/\/nigroequipamentos.com.br\/conteudo\/a-importancia-da-empilhadeira-paletrans-na-mineracao-6\/","name":"Empilhadeira Paletrans para Minera\u00e7\u00e3o: Buy, Rent or Maintain with Nigro Equipamentos","isPartOf":{"@id":"https:\/\/nigroequipamentos.com.br\/conteudo\/#website"},"datePublished":"2026-02-12T03:01:02+00:00","dateModified":"2026-02-12T03:01:02+00:00","description":"Descubra a import\u00e2ncia da empilhadeira Paletrans na minera\u00e7\u00e3o e como a Nigro Equipamentos pode ajudar na compra e manuten\u00e7\u00e3o.","breadcrumb":{"@id":"https:\/\/nigroequipamentos.com.br\/conteudo\/a-importancia-da-empilhadeira-paletrans-na-mineracao-6\/#breadcrumb"},"inLanguage":"pt-BR","potentialAction":[{"@type":"ReadAction","target":["https:\/\/nigroequipamentos.com.br\/conteudo\/a-importancia-da-empilhadeira-paletrans-na-mineracao-6\/"]}]},{"@type":"BreadcrumbList","@id":"https:\/\/nigroequipamentos.com.br\/conteudo\/a-importancia-da-empilhadeira-paletrans-na-mineracao-6\/#breadcrumb","itemListElement":[{"@type":"ListItem","position":1,"name":"In\u00edcio","item":"https:\/\/nigroequipamentos.com.br\/conteudo\/"},{"@type":"ListItem","position":2,"name":"A Import\u00e2ncia da Empilhadeira Paletrans na Minera\u00e7\u00e3o"}]},{"@type":"WebSite","@id":"https:\/\/nigroequipamentos.com.br\/conteudo\/#website","url":"https:\/\/nigroequipamentos.com.br\/conteudo\/","name":"Nigro Equipamentos","description":"Loca\u00e7\u00e3o e Vendas","publisher":{"@id":"https:\/\/nigroequipamentos.com.br\/conteudo\/#organization"},"potentialAction":[{"@type":"SearchAction","target":{"@type":"EntryPoint","urlTemplate":"https:\/\/nigroequipamentos.com.br\/conteudo\/?s={search_term_string}"},"query-input":{"@type":"PropertyValueSpecification","valueRequired":true,"valueName":"search_term_string"}}],"inLanguage":"pt-BR"},{"@type":"Organization","@id":"https:\/\/nigroequipamentos.com.br\/conteudo\/#organization","name":"Nigro Equipamentos","url":"https:\/\/nigroequipamentos.com.br\/conteudo\/","logo":{"@type":"ImageObject","inLanguage":"pt-BR","@id":"https:\/\/nigroequipamentos.com.br\/conteudo\/#\/schema\/logo\/image\/","url":"https:\/\/nigroequipamentos.com.br\/conteudo\/wp-content\/uploads\/2024\/10\/nigroequipamentos_logo.webp","contentUrl":"https:\/\/nigroequipamentos.com.br\/conteudo\/wp-content\/uploads\/2024\/10\/nigroequipamentos_logo.webp","width":785,"height":355,"caption":"Nigro Equipamentos"},"image":{"@id":"https:\/\/nigroequipamentos.com.br\/conteudo\/#\/schema\/logo\/image\/"},"sameAs":["https:\/\/www.facebook.com\/nigroequipamentos","https:\/\/www.instagram.com\/nigroequipamentos\/"]}]}},"_links":{"self":[{"href":"https:\/\/nigroequipamentos.com.br\/conteudo\/wp-json\/wp\/v2\/pages\/90654","targetHints":{"allow":["GET"]}}],"collection":[{"href":"https:\/\/nigroequipamentos.com.br\/conteudo\/wp-json\/wp\/v2\/pages"}],"about":[{"href":"https:\/\/nigroequipamentos.com.br\/conteudo\/wp-json\/wp\/v2\/types\/page"}],"author":[{"embeddable":true,"href":"https:\/\/nigroequipamentos.com.br\/conteudo\/wp-json\/wp\/v2\/users\/3"}],"replies":[{"embeddable":true,"href":"https:\/\/nigroequipamentos.com.br\/conteudo\/wp-json\/wp\/v2\/comments?post=90654"}],"version-history":[{"count":0,"href":"https:\/\/nigroequipamentos.com.br\/conteudo\/wp-json\/wp\/v2\/pages\/90654\/revisions"}],"wp:attachment":[{"href":"https:\/\/nigroequipamentos.com.br\/conteudo\/wp-json\/wp\/v2\/media?parent=90654"}],"curies":[{"name":"wp","href":"https:\/\/api.w.org\/{rel}","templated":true}]}}