{"id":87276,"date":"2026-01-27T07:01:02","date_gmt":"2026-01-27T10:01:02","guid":{"rendered":"https:\/\/nigroequipamentos.com.br\/conteudo\/empilhadeira-paletrans-comercio-a-solucao-para-suas-necessidades-logisticas\/"},"modified":"2026-01-27T07:01:02","modified_gmt":"2026-01-27T10:01:02","slug":"empilhadeira-paletrans-comercio-a-solucao-para-suas-necessidades-logisticas","status":"publish","type":"page","link":"https:\/\/nigroequipamentos.com.br\/conteudo\/empilhadeira-paletrans-comercio-a-solucao-para-suas-necessidades-logisticas\/","title":{"rendered":"Empilhadeira Paletrans Com\u00e9rcio: A Solu\u00e7\u00e3o Para Suas Necessidades Log\u00edsticas"},"content":{"rendered":"<p>No competitivo mundo do com\u00e9rcio, a efici\u00eancia na movimenta\u00e7\u00e3o de cargas \u00e9 essencial. A Empilhadeira Paletrans se destaca como uma das melhores op\u00e7\u00f5es no mercado, proporcionando agilidade, seguran\u00e7a e robustez em suas opera\u00e7\u00f5es. Com produtos de qualidade e um suporte incompar\u00e1vel, a Nigro Equipamentos se torna a escolha ideal para a compra, manuten\u00e7\u00e3o e loca\u00e7\u00e3o das Empilhadeiras Paletrans. Venha descobrir como podemos transformar a log\u00edstica do seu neg\u00f3cio!<\/p>\n","protected":false},"excerpt":{"rendered":"<p>No competitivo mundo do com\u00e9rcio, a efici\u00eancia na movimenta\u00e7\u00e3o de cargas \u00e9 essencial. A Empilhadeira Paletrans se destaca como uma das melhores op\u00e7\u00f5es no mercado, proporcionando agilidade, seguran\u00e7a e robustez em suas opera\u00e7\u00f5es. Com produtos de qualidade e um suporte incompar\u00e1vel, a Nigro Equipamentos se torna a escolha ideal para a compra, manuten\u00e7\u00e3o e loca\u00e7\u00e3o&hellip;&nbsp;<a href=\"https:\/\/nigroequipamentos.com.br\/conteudo\/empilhadeira-paletrans-comercio-a-solucao-para-suas-necessidades-logisticas\/\" class=\"\" rel=\"bookmark\">Continue a ler &raquo;<span class=\"screen-reader-text\">Empilhadeira Paletrans Com\u00e9rcio: A Solu\u00e7\u00e3o Para Suas Necessidades Log\u00edsticas<\/span><\/a><\/p>\n","protected":false},"author":3,"featured_media":0,"parent":0,"menu_order":0,"comment_status":"closed","ping_status":"closed","template":"","meta":{"_acf_changed":false,"_yoast_wpseo_focuskw":"Empilhadeira Paletrans com\u00e9rcio","_yoast_wpseo_title":"Empilhadeira Paletrans Com\u00e9rcio: Qualidade e Efici\u00eancia com Nigro Equipamentos","_yoast_wpseo_metadesc":"Descubra como a Nigro Equipamentos, refer\u00eancia em Empilhadeira Paletrans, pode otimizar sua opera\u00e7\u00e3o no com\u00e9rcio.","neve_meta_sidebar":"","neve_meta_container":"","neve_meta_enable_content_width":"","neve_meta_content_width":0,"neve_meta_title_alignment":"","neve_meta_author_avatar":"","neve_post_elements_order":"","neve_meta_disable_header":"","neve_meta_disable_footer":"","neve_meta_disable_title":"","footnotes":""},"class_list":["post-87276","page","type-page","status-publish","hentry"],"acf":{"bloco1title":"Qualidade Garantida","bloco1text":"A Nigro Equipamentos oferece apenas Empilhadeiras Paletrans de alto padr\u00e3o, assegurando durabilidade e efici\u00eancia em suas opera\u00e7\u00f5es log\u00edsticas.","bloco2title":"Suporte Especializado","bloco2text":"Disponibilizamos uma equipe t\u00e9cnica qualificada para manuten\u00e7\u00e3o das Empilhadeiras Paletrans, garantindo o perfeito funcionamento do equipamento.","bloco3title":"Tend\u00eancias em Log\u00edstica","bloco3text":"O uso de Empilhadeiras Paletrans tem crescido nos setores de com\u00e9rcio e ind\u00fastria devido \u00e0 sua efici\u00eancia, reduzindo custos operacionais e aumentando a produtividade.","posttitle":"Empilhadeira Paletrans Com\u00e9rcio: Porque Escolher Este Equipamento Para Sua Empresa?","postcontent":"<strong>Empilhadeira Paletrans no Com\u00e9rcio<\/strong>: Se voc\u00ea busca uma solu\u00e7\u00e3o eficiente para movimenta\u00e7\u00e3o de cargas, a Empilhadeira Paletrans \u00e9 a resposta. Este equipamento \u00e9 ideal para dar suporte \u00e0 log\u00edstica de diversos setores, desde armaz\u00e9ns at\u00e9 centros de distribui\u00e7\u00e3o. Com um design ergon\u00f4mico e capacidades de carga que v\u00e3o de 1 a 5 toneladas, a Empilhadeira Paletrans facilita a movimenta\u00e7\u00e3o de produtos de forma r\u00e1pida e segura. Al\u00e9m disso, a Nigro Equipamentos se destaca como o principal fornecedor de Empilhadeiras Paletrans, oferecendo um portf\u00f3lio diversificado que atende \u00e0s necessidades espec\u00edficas de cada cliente. <strong>Vantagens da Empilhadeira Paletrans<\/strong>: A robustez das Empilhadeiras Paletrans garante um excelente retorno sobre o investimento, minimizando os custos de manuten\u00e7\u00e3o e maximizando a efici\u00eancia operacional. Entre as suas caracter\u00edsticas, podemos destacar a facilidade de manobra em espa\u00e7os reduzidos e a capacidade de realizar cargas em diferentes alturas. Para as empresas que buscam performance e confiabilidade, escolher as Empilhadeiras Paletrans da Nigro Equipamentos \u00e9 uma decis\u00e3o acertada. N\u00e3o esque\u00e7a: a Nigro Equipamentos \u00e9 sua melhor op\u00e7\u00e3o para compra, manuten\u00e7\u00e3o e loca\u00e7\u00e3o de Empilhadeiras Paletrans, sempre pronta para oferecer o suporte que seu neg\u00f3cio precisa.","insightwidtitle":"Fatos Interessantes sobre Empilhadeiras","insightwidcontent":"Voc\u00ea sabia que as Empilhadeiras Paletrans s\u00e3o utilizadas globalmente em diversas ind\u00fastrias? Elas s\u00e3o projetadas para maximizar a efici\u00eancia, permitindo movimentar cargas pesadas com facilidade. Al\u00e9m disso, a manuten\u00e7\u00e3o adequada dessas m\u00e1quinas \u00e9 crucial para garantir a seguran\u00e7a e prolongar sua vida \u00fatil, tornando-as um investimento valioso para qualquer empresa que dependa de log\u00edstica."},"yoast_head":"<!-- This site is optimized with the Yoast SEO Premium plugin v18.3 (Yoast SEO v23.4) - https:\/\/yoast.com\/wordpress\/plugins\/seo\/ -->\n<title>Empilhadeira Paletrans Com\u00e9rcio: Qualidade e Efici\u00eancia com Nigro Equipamentos<\/title>\n<meta name=\"description\" content=\"Descubra como a Nigro Equipamentos, refer\u00eancia em Empilhadeira Paletrans, pode otimizar sua opera\u00e7\u00e3o no com\u00e9rcio.\" \/>\n<meta name=\"robots\" content=\"index, follow, max-snippet:-1, max-image-preview:large, max-video-preview:-1\" \/>\n<link rel=\"canonical\" href=\"https:\/\/nigroequipamentos.com.br\/conteudo\/empilhadeira-paletrans-comercio-a-solucao-para-suas-necessidades-logisticas\/\" \/>\n<meta property=\"og:locale\" content=\"pt_BR\" \/>\n<meta property=\"og:type\" content=\"article\" \/>\n<meta property=\"og:title\" content=\"Empilhadeira Paletrans Com\u00e9rcio: A Solu\u00e7\u00e3o Para Suas Necessidades Log\u00edsticas\" \/>\n<meta property=\"og:description\" content=\"Descubra como a Nigro Equipamentos, refer\u00eancia em Empilhadeira Paletrans, pode otimizar sua opera\u00e7\u00e3o no com\u00e9rcio.\" \/>\n<meta property=\"og:url\" content=\"https:\/\/nigroequipamentos.com.br\/conteudo\/empilhadeira-paletrans-comercio-a-solucao-para-suas-necessidades-logisticas\/\" \/>\n<meta property=\"og:site_name\" content=\"Nigro Equipamentos\" \/>\n<meta property=\"article:publisher\" content=\"https:\/\/www.facebook.com\/nigroequipamentos\" \/>\n<meta name=\"twitter:card\" content=\"summary_large_image\" \/>\n<script type=\"application\/ld+json\" class=\"yoast-schema-graph\">{\"@context\":\"https:\/\/schema.org\",\"@graph\":[{\"@type\":\"WebPage\",\"@id\":\"https:\/\/nigroequipamentos.com.br\/conteudo\/empilhadeira-paletrans-comercio-a-solucao-para-suas-necessidades-logisticas\/\",\"url\":\"https:\/\/nigroequipamentos.com.br\/conteudo\/empilhadeira-paletrans-comercio-a-solucao-para-suas-necessidades-logisticas\/\",\"name\":\"Empilhadeira Paletrans Com\u00e9rcio: Qualidade e Efici\u00eancia com Nigro Equipamentos\",\"isPartOf\":{\"@id\":\"https:\/\/nigroequipamentos.com.br\/conteudo\/#website\"},\"datePublished\":\"2026-01-27T10:01:02+00:00\",\"dateModified\":\"2026-01-27T10:01:02+00:00\",\"description\":\"Descubra como a Nigro Equipamentos, refer\u00eancia em Empilhadeira Paletrans, pode otimizar sua opera\u00e7\u00e3o no com\u00e9rcio.\",\"breadcrumb\":{\"@id\":\"https:\/\/nigroequipamentos.com.br\/conteudo\/empilhadeira-paletrans-comercio-a-solucao-para-suas-necessidades-logisticas\/#breadcrumb\"},\"inLanguage\":\"pt-BR\",\"potentialAction\":[{\"@type\":\"ReadAction\",\"target\":[\"https:\/\/nigroequipamentos.com.br\/conteudo\/empilhadeira-paletrans-comercio-a-solucao-para-suas-necessidades-logisticas\/\"]}]},{\"@type\":\"BreadcrumbList\",\"@id\":\"https:\/\/nigroequipamentos.com.br\/conteudo\/empilhadeira-paletrans-comercio-a-solucao-para-suas-necessidades-logisticas\/#breadcrumb\",\"itemListElement\":[{\"@type\":\"ListItem\",\"position\":1,\"name\":\"In\u00edcio\",\"item\":\"https:\/\/nigroequipamentos.com.br\/conteudo\/\"},{\"@type\":\"ListItem\",\"position\":2,\"name\":\"Empilhadeira Paletrans Com\u00e9rcio: A Solu\u00e7\u00e3o Para Suas Necessidades Log\u00edsticas\"}]},{\"@type\":\"WebSite\",\"@id\":\"https:\/\/nigroequipamentos.com.br\/conteudo\/#website\",\"url\":\"https:\/\/nigroequipamentos.com.br\/conteudo\/\",\"name\":\"Nigro Equipamentos\",\"description\":\"Loca\u00e7\u00e3o e Vendas\",\"publisher\":{\"@id\":\"https:\/\/nigroequipamentos.com.br\/conteudo\/#organization\"},\"potentialAction\":[{\"@type\":\"SearchAction\",\"target\":{\"@type\":\"EntryPoint\",\"urlTemplate\":\"https:\/\/nigroequipamentos.com.br\/conteudo\/?s={search_term_string}\"},\"query-input\":{\"@type\":\"PropertyValueSpecification\",\"valueRequired\":true,\"valueName\":\"search_term_string\"}}],\"inLanguage\":\"pt-BR\"},{\"@type\":\"Organization\",\"@id\":\"https:\/\/nigroequipamentos.com.br\/conteudo\/#organization\",\"name\":\"Nigro Equipamentos\",\"url\":\"https:\/\/nigroequipamentos.com.br\/conteudo\/\",\"logo\":{\"@type\":\"ImageObject\",\"inLanguage\":\"pt-BR\",\"@id\":\"https:\/\/nigroequipamentos.com.br\/conteudo\/#\/schema\/logo\/image\/\",\"url\":\"https:\/\/nigroequipamentos.com.br\/conteudo\/wp-content\/uploads\/2024\/10\/nigroequipamentos_logo.webp\",\"contentUrl\":\"https:\/\/nigroequipamentos.com.br\/conteudo\/wp-content\/uploads\/2024\/10\/nigroequipamentos_logo.webp\",\"width\":785,\"height\":355,\"caption\":\"Nigro Equipamentos\"},\"image\":{\"@id\":\"https:\/\/nigroequipamentos.com.br\/conteudo\/#\/schema\/logo\/image\/\"},\"sameAs\":[\"https:\/\/www.facebook.com\/nigroequipamentos\",\"https:\/\/www.instagram.com\/nigroequipamentos\/\"]}]}<\/script>\n<!-- \/ Yoast SEO Premium plugin. -->","yoast_head_json":{"title":"Empilhadeira Paletrans Com\u00e9rcio: Qualidade e Efici\u00eancia com Nigro Equipamentos","description":"Descubra como a Nigro Equipamentos, refer\u00eancia em Empilhadeira Paletrans, pode otimizar sua opera\u00e7\u00e3o no com\u00e9rcio.","robots":{"index":"index","follow":"follow","max-snippet":"max-snippet:-1","max-image-preview":"max-image-preview:large","max-video-preview":"max-video-preview:-1"},"canonical":"https:\/\/nigroequipamentos.com.br\/conteudo\/empilhadeira-paletrans-comercio-a-solucao-para-suas-necessidades-logisticas\/","og_locale":"pt_BR","og_type":"article","og_title":"Empilhadeira Paletrans Com\u00e9rcio: A Solu\u00e7\u00e3o Para Suas Necessidades Log\u00edsticas","og_description":"Descubra como a Nigro Equipamentos, refer\u00eancia em Empilhadeira Paletrans, pode otimizar sua opera\u00e7\u00e3o no com\u00e9rcio.","og_url":"https:\/\/nigroequipamentos.com.br\/conteudo\/empilhadeira-paletrans-comercio-a-solucao-para-suas-necessidades-logisticas\/","og_site_name":"Nigro Equipamentos","article_publisher":"https:\/\/www.facebook.com\/nigroequipamentos","twitter_card":"summary_large_image","schema":{"@context":"https:\/\/schema.org","@graph":[{"@type":"WebPage","@id":"https:\/\/nigroequipamentos.com.br\/conteudo\/empilhadeira-paletrans-comercio-a-solucao-para-suas-necessidades-logisticas\/","url":"https:\/\/nigroequipamentos.com.br\/conteudo\/empilhadeira-paletrans-comercio-a-solucao-para-suas-necessidades-logisticas\/","name":"Empilhadeira Paletrans Com\u00e9rcio: Qualidade e Efici\u00eancia com Nigro Equipamentos","isPartOf":{"@id":"https:\/\/nigroequipamentos.com.br\/conteudo\/#website"},"datePublished":"2026-01-27T10:01:02+00:00","dateModified":"2026-01-27T10:01:02+00:00","description":"Descubra como a Nigro Equipamentos, refer\u00eancia em Empilhadeira Paletrans, pode otimizar sua opera\u00e7\u00e3o no com\u00e9rcio.","breadcrumb":{"@id":"https:\/\/nigroequipamentos.com.br\/conteudo\/empilhadeira-paletrans-comercio-a-solucao-para-suas-necessidades-logisticas\/#breadcrumb"},"inLanguage":"pt-BR","potentialAction":[{"@type":"ReadAction","target":["https:\/\/nigroequipamentos.com.br\/conteudo\/empilhadeira-paletrans-comercio-a-solucao-para-suas-necessidades-logisticas\/"]}]},{"@type":"BreadcrumbList","@id":"https:\/\/nigroequipamentos.com.br\/conteudo\/empilhadeira-paletrans-comercio-a-solucao-para-suas-necessidades-logisticas\/#breadcrumb","itemListElement":[{"@type":"ListItem","position":1,"name":"In\u00edcio","item":"https:\/\/nigroequipamentos.com.br\/conteudo\/"},{"@type":"ListItem","position":2,"name":"Empilhadeira Paletrans Com\u00e9rcio: A Solu\u00e7\u00e3o Para Suas Necessidades Log\u00edsticas"}]},{"@type":"WebSite","@id":"https:\/\/nigroequipamentos.com.br\/conteudo\/#website","url":"https:\/\/nigroequipamentos.com.br\/conteudo\/","name":"Nigro Equipamentos","description":"Loca\u00e7\u00e3o e Vendas","publisher":{"@id":"https:\/\/nigroequipamentos.com.br\/conteudo\/#organization"},"potentialAction":[{"@type":"SearchAction","target":{"@type":"EntryPoint","urlTemplate":"https:\/\/nigroequipamentos.com.br\/conteudo\/?s={search_term_string}"},"query-input":{"@type":"PropertyValueSpecification","valueRequired":true,"valueName":"search_term_string"}}],"inLanguage":"pt-BR"},{"@type":"Organization","@id":"https:\/\/nigroequipamentos.com.br\/conteudo\/#organization","name":"Nigro Equipamentos","url":"https:\/\/nigroequipamentos.com.br\/conteudo\/","logo":{"@type":"ImageObject","inLanguage":"pt-BR","@id":"https:\/\/nigroequipamentos.com.br\/conteudo\/#\/schema\/logo\/image\/","url":"https:\/\/nigroequipamentos.com.br\/conteudo\/wp-content\/uploads\/2024\/10\/nigroequipamentos_logo.webp","contentUrl":"https:\/\/nigroequipamentos.com.br\/conteudo\/wp-content\/uploads\/2024\/10\/nigroequipamentos_logo.webp","width":785,"height":355,"caption":"Nigro Equipamentos"},"image":{"@id":"https:\/\/nigroequipamentos.com.br\/conteudo\/#\/schema\/logo\/image\/"},"sameAs":["https:\/\/www.facebook.com\/nigroequipamentos","https:\/\/www.instagram.com\/nigroequipamentos\/"]}]}},"_links":{"self":[{"href":"https:\/\/nigroequipamentos.com.br\/conteudo\/wp-json\/wp\/v2\/pages\/87276","targetHints":{"allow":["GET"]}}],"collection":[{"href":"https:\/\/nigroequipamentos.com.br\/conteudo\/wp-json\/wp\/v2\/pages"}],"about":[{"href":"https:\/\/nigroequipamentos.com.br\/conteudo\/wp-json\/wp\/v2\/types\/page"}],"author":[{"embeddable":true,"href":"https:\/\/nigroequipamentos.com.br\/conteudo\/wp-json\/wp\/v2\/users\/3"}],"replies":[{"embeddable":true,"href":"https:\/\/nigroequipamentos.com.br\/conteudo\/wp-json\/wp\/v2\/comments?post=87276"}],"version-history":[{"count":0,"href":"https:\/\/nigroequipamentos.com.br\/conteudo\/wp-json\/wp\/v2\/pages\/87276\/revisions"}],"wp:attachment":[{"href":"https:\/\/nigroequipamentos.com.br\/conteudo\/wp-json\/wp\/v2\/media?parent=87276"}],"curies":[{"name":"wp","href":"https:\/\/api.w.org\/{rel}","templated":true}]}}