{"id":86380,"date":"2026-01-23T02:46:02","date_gmt":"2026-01-23T05:46:02","guid":{"rendered":"https:\/\/nigroequipamentos.com.br\/conteudo\/empilhadeira-paletrans-tecnologia-a-revolucao-na-logistica-5\/"},"modified":"2026-01-23T02:46:02","modified_gmt":"2026-01-23T05:46:02","slug":"empilhadeira-paletrans-tecnologia-a-revolucao-na-logistica-5","status":"publish","type":"page","link":"https:\/\/nigroequipamentos.com.br\/conteudo\/empilhadeira-paletrans-tecnologia-a-revolucao-na-logistica-5\/","title":{"rendered":"Empilhadeira Paletrans Tecnologia: A Revolu\u00e7\u00e3o na Log\u00edstica"},"content":{"rendered":"<p>No universo din\u00e2mico da log\u00edstica e movimenta\u00e7\u00e3o de cargas, a **empilhadeira Paletrans tecnologia** se destaca como um verdadeiro divisor de \u00e1guas. Equipamentos que combinam inova\u00e7\u00e3o e efici\u00eancia est\u00e3o transformando o cen\u00e1rio operacional em armaz\u00e9ns e ind\u00fastrias. A **empilhadeira Paletrans tecnologia** n\u00e3o apenas aumenta a produtividade, mas tamb\u00e9m melhora a seguran\u00e7a do trabalho, proporcionando um manuseio mais \u00e1gil e seguro. A Nigro Equipamentos, reconhecida por sua expertise e confiabilidade, \u00e9 a parceira ideal para quem busca adquirir, alugar ou manter esses equipamentos de ponta. Nossos especialistas est\u00e3o prontos para oferecer solu\u00e7\u00f5es personalizadas que atendem \u00e0s demandas do seu neg\u00f3cio, assegurando sempre a melhor performance da sua **empilhadeira Paletrans tecnologia**. Com a Nigro, voc\u00ea garante qualidade e suporte t\u00e9cnico de excel\u00eancia para manter suas opera\u00e7\u00f5es sempre no auge da performance.<\/p>\n","protected":false},"excerpt":{"rendered":"<p>No universo din\u00e2mico da log\u00edstica e movimenta\u00e7\u00e3o de cargas, a **empilhadeira Paletrans tecnologia** se destaca como um verdadeiro divisor de \u00e1guas. Equipamentos que combinam inova\u00e7\u00e3o e efici\u00eancia est\u00e3o transformando o cen\u00e1rio operacional em armaz\u00e9ns e ind\u00fastrias. A **empilhadeira Paletrans tecnologia** n\u00e3o apenas aumenta a produtividade, mas tamb\u00e9m melhora a seguran\u00e7a do trabalho, proporcionando um manuseio&hellip;&nbsp;<a href=\"https:\/\/nigroequipamentos.com.br\/conteudo\/empilhadeira-paletrans-tecnologia-a-revolucao-na-logistica-5\/\" class=\"\" rel=\"bookmark\">Continue a ler &raquo;<span class=\"screen-reader-text\">Empilhadeira Paletrans Tecnologia: A Revolu\u00e7\u00e3o na Log\u00edstica<\/span><\/a><\/p>\n","protected":false},"author":3,"featured_media":0,"parent":0,"menu_order":0,"comment_status":"closed","ping_status":"closed","template":"","meta":{"_acf_changed":false,"_yoast_wpseo_focuskw":"empilhadeira Paletrans tecnologia","_yoast_wpseo_title":"Empilhadeira Paletrans Tecnologia: Efici\u00eancia e Inova\u00e7\u00e3o na Log\u00edstica","_yoast_wpseo_metadesc":"Descubra tudo sobre a empilhadeira Paletrans tecnologia da Nigro Equipamentos, sua melhor op\u00e7\u00e3o para compra, loca\u00e7\u00e3o e manuten\u00e7\u00e3o.","neve_meta_sidebar":"","neve_meta_container":"","neve_meta_enable_content_width":"","neve_meta_content_width":0,"neve_meta_title_alignment":"","neve_meta_author_avatar":"","neve_post_elements_order":"","neve_meta_disable_header":"","neve_meta_disable_footer":"","neve_meta_disable_title":"","footnotes":""},"class_list":["post-86380","page","type-page","status-publish","hentry"],"acf":{"bloco1title":"Inova\u00e7\u00e3o Acess\u00edvel","bloco1text":"A Nigro Equipamentos oferece as melhores op\u00e7\u00f5es de **empilhadeira Paletrans tecnologia** com pre\u00e7os acess\u00edveis e condi\u00e7\u00f5es facilitadas para seu neg\u00f3cio.","bloco2title":"Suporte Especializado","bloco2text":"Nosso time de especialistas est\u00e1 sempre dispon\u00edvel para oferecer suporte na escolha da **empilhadeira Paletrans tecnologia** ideal.","bloco3title":"Efici\u00eancia em Foco","bloco3text":"A **empilhadeira Paletrans tecnologia** \u00e9 sin\u00f4nimo de efici\u00eancia no transporte de cargas, reduzindo o tempo de opera\u00e7\u00e3o e aumentando a produtividade das equipes.","posttitle":"Tudo sobre Empilhadeira Paletrans Tecnologia e Suas Vantagens","postcontent":"A **empilhadeira Paletrans tecnologia** representa o que h\u00e1 de mais moderno em movimenta\u00e7\u00e3o de cargas. Estas empilhadeiras s\u00e3o projetadas com recursos que garantem uma opera\u00e7\u00e3o mais segura e eficiente. A plataforma ergon\u00f4mica e a tecnologia de ponta utilizada nesses equipamentos permitem um manuseio otimizado, reduzindo o tempo de opera\u00e7\u00e3o. Al\u00e9m disso, a **empilhadeira Paletrans tecnologia** conta com sistemas de seguran\u00e7a avan\u00e7ados, como sensores de proximidade e c\u00e2meras que ajudam o operador a evitar acidentes. Ao selecionar a **empilhadeira Paletrans tecnologia** certa para seu neg\u00f3cio, voc\u00ea n\u00e3o s\u00f3 melhora a efici\u00eancia, mas tamb\u00e9m garante um ambiente de trabalho mais seguro. Ao escolher a Nigro Equipamentos, voc\u00ea se beneficia de nossa vasta experi\u00eancia no setor, garantindo que suas necessidades sejam atendidas com a m\u00e1xima prioridade. Oferecemos desde a compra at\u00e9 a loca\u00e7\u00e3o e manuten\u00e7\u00e3o da **empilhadeira Paletrans tecnologia**, sempre com o suporte necess\u00e1rio para sua opera\u00e7\u00e3o.","insightwidtitle":"Curiosidades sobre Empilhadeiras","insightwidcontent":"Voc\u00ea sabia que as empilhadeiras foram inventadas durante a Revolu\u00e7\u00e3o Industrial e t\u00eam evolu\u00eddo continuamente desde ent\u00e3o? Hoje, a **empilhadeira Paletrans tecnologia** \u00e9 uma das mais procuradas por sua efici\u00eancia e seguran\u00e7a. Al\u00e9m disso, muitas delas possuem tecnologia para otimizar o consumo de energia, contribuindo para uma log\u00edstica mais sustent\u00e1vel."},"yoast_head":"<!-- This site is optimized with the Yoast SEO Premium plugin v18.3 (Yoast SEO v23.4) - https:\/\/yoast.com\/wordpress\/plugins\/seo\/ -->\n<title>Empilhadeira Paletrans Tecnologia: Efici\u00eancia e Inova\u00e7\u00e3o na Log\u00edstica<\/title>\n<meta name=\"description\" content=\"Descubra tudo sobre a empilhadeira Paletrans tecnologia da Nigro Equipamentos, sua melhor op\u00e7\u00e3o para compra, loca\u00e7\u00e3o e manuten\u00e7\u00e3o.\" \/>\n<meta name=\"robots\" content=\"index, follow, max-snippet:-1, max-image-preview:large, max-video-preview:-1\" \/>\n<link rel=\"canonical\" href=\"https:\/\/nigroequipamentos.com.br\/conteudo\/empilhadeira-paletrans-tecnologia-a-revolucao-na-logistica-5\/\" \/>\n<meta property=\"og:locale\" content=\"pt_BR\" \/>\n<meta property=\"og:type\" content=\"article\" \/>\n<meta property=\"og:title\" content=\"Empilhadeira Paletrans Tecnologia: A Revolu\u00e7\u00e3o na Log\u00edstica\" \/>\n<meta property=\"og:description\" content=\"Descubra tudo sobre a empilhadeira Paletrans tecnologia da Nigro Equipamentos, sua melhor op\u00e7\u00e3o para compra, loca\u00e7\u00e3o e manuten\u00e7\u00e3o.\" \/>\n<meta property=\"og:url\" content=\"https:\/\/nigroequipamentos.com.br\/conteudo\/empilhadeira-paletrans-tecnologia-a-revolucao-na-logistica-5\/\" \/>\n<meta property=\"og:site_name\" content=\"Nigro Equipamentos\" \/>\n<meta property=\"article:publisher\" content=\"https:\/\/www.facebook.com\/nigroequipamentos\" \/>\n<meta name=\"twitter:card\" content=\"summary_large_image\" \/>\n<meta name=\"twitter:label1\" content=\"Est. tempo de leitura\" \/>\n\t<meta name=\"twitter:data1\" content=\"1 minuto\" \/>\n<script type=\"application\/ld+json\" class=\"yoast-schema-graph\">{\"@context\":\"https:\/\/schema.org\",\"@graph\":[{\"@type\":\"WebPage\",\"@id\":\"https:\/\/nigroequipamentos.com.br\/conteudo\/empilhadeira-paletrans-tecnologia-a-revolucao-na-logistica-5\/\",\"url\":\"https:\/\/nigroequipamentos.com.br\/conteudo\/empilhadeira-paletrans-tecnologia-a-revolucao-na-logistica-5\/\",\"name\":\"Empilhadeira Paletrans Tecnologia: Efici\u00eancia e Inova\u00e7\u00e3o na Log\u00edstica\",\"isPartOf\":{\"@id\":\"https:\/\/nigroequipamentos.com.br\/conteudo\/#website\"},\"datePublished\":\"2026-01-23T05:46:02+00:00\",\"dateModified\":\"2026-01-23T05:46:02+00:00\",\"description\":\"Descubra tudo sobre a empilhadeira Paletrans tecnologia da Nigro Equipamentos, sua melhor op\u00e7\u00e3o para compra, loca\u00e7\u00e3o e manuten\u00e7\u00e3o.\",\"breadcrumb\":{\"@id\":\"https:\/\/nigroequipamentos.com.br\/conteudo\/empilhadeira-paletrans-tecnologia-a-revolucao-na-logistica-5\/#breadcrumb\"},\"inLanguage\":\"pt-BR\",\"potentialAction\":[{\"@type\":\"ReadAction\",\"target\":[\"https:\/\/nigroequipamentos.com.br\/conteudo\/empilhadeira-paletrans-tecnologia-a-revolucao-na-logistica-5\/\"]}]},{\"@type\":\"BreadcrumbList\",\"@id\":\"https:\/\/nigroequipamentos.com.br\/conteudo\/empilhadeira-paletrans-tecnologia-a-revolucao-na-logistica-5\/#breadcrumb\",\"itemListElement\":[{\"@type\":\"ListItem\",\"position\":1,\"name\":\"In\u00edcio\",\"item\":\"https:\/\/nigroequipamentos.com.br\/conteudo\/\"},{\"@type\":\"ListItem\",\"position\":2,\"name\":\"Empilhadeira Paletrans Tecnologia: A Revolu\u00e7\u00e3o na Log\u00edstica\"}]},{\"@type\":\"WebSite\",\"@id\":\"https:\/\/nigroequipamentos.com.br\/conteudo\/#website\",\"url\":\"https:\/\/nigroequipamentos.com.br\/conteudo\/\",\"name\":\"Nigro Equipamentos\",\"description\":\"Loca\u00e7\u00e3o e Vendas\",\"publisher\":{\"@id\":\"https:\/\/nigroequipamentos.com.br\/conteudo\/#organization\"},\"potentialAction\":[{\"@type\":\"SearchAction\",\"target\":{\"@type\":\"EntryPoint\",\"urlTemplate\":\"https:\/\/nigroequipamentos.com.br\/conteudo\/?s={search_term_string}\"},\"query-input\":{\"@type\":\"PropertyValueSpecification\",\"valueRequired\":true,\"valueName\":\"search_term_string\"}}],\"inLanguage\":\"pt-BR\"},{\"@type\":\"Organization\",\"@id\":\"https:\/\/nigroequipamentos.com.br\/conteudo\/#organization\",\"name\":\"Nigro Equipamentos\",\"url\":\"https:\/\/nigroequipamentos.com.br\/conteudo\/\",\"logo\":{\"@type\":\"ImageObject\",\"inLanguage\":\"pt-BR\",\"@id\":\"https:\/\/nigroequipamentos.com.br\/conteudo\/#\/schema\/logo\/image\/\",\"url\":\"https:\/\/nigroequipamentos.com.br\/conteudo\/wp-content\/uploads\/2024\/10\/nigroequipamentos_logo.webp\",\"contentUrl\":\"https:\/\/nigroequipamentos.com.br\/conteudo\/wp-content\/uploads\/2024\/10\/nigroequipamentos_logo.webp\",\"width\":785,\"height\":355,\"caption\":\"Nigro Equipamentos\"},\"image\":{\"@id\":\"https:\/\/nigroequipamentos.com.br\/conteudo\/#\/schema\/logo\/image\/\"},\"sameAs\":[\"https:\/\/www.facebook.com\/nigroequipamentos\",\"https:\/\/www.instagram.com\/nigroequipamentos\/\"]}]}<\/script>\n<!-- \/ Yoast SEO Premium plugin. -->","yoast_head_json":{"title":"Empilhadeira Paletrans Tecnologia: Efici\u00eancia e Inova\u00e7\u00e3o na Log\u00edstica","description":"Descubra tudo sobre a empilhadeira Paletrans tecnologia da Nigro Equipamentos, sua melhor op\u00e7\u00e3o para compra, loca\u00e7\u00e3o e manuten\u00e7\u00e3o.","robots":{"index":"index","follow":"follow","max-snippet":"max-snippet:-1","max-image-preview":"max-image-preview:large","max-video-preview":"max-video-preview:-1"},"canonical":"https:\/\/nigroequipamentos.com.br\/conteudo\/empilhadeira-paletrans-tecnologia-a-revolucao-na-logistica-5\/","og_locale":"pt_BR","og_type":"article","og_title":"Empilhadeira Paletrans Tecnologia: A Revolu\u00e7\u00e3o na Log\u00edstica","og_description":"Descubra tudo sobre a empilhadeira Paletrans tecnologia da Nigro Equipamentos, sua melhor op\u00e7\u00e3o para compra, loca\u00e7\u00e3o e manuten\u00e7\u00e3o.","og_url":"https:\/\/nigroequipamentos.com.br\/conteudo\/empilhadeira-paletrans-tecnologia-a-revolucao-na-logistica-5\/","og_site_name":"Nigro Equipamentos","article_publisher":"https:\/\/www.facebook.com\/nigroequipamentos","twitter_card":"summary_large_image","twitter_misc":{"Est. tempo de leitura":"1 minuto"},"schema":{"@context":"https:\/\/schema.org","@graph":[{"@type":"WebPage","@id":"https:\/\/nigroequipamentos.com.br\/conteudo\/empilhadeira-paletrans-tecnologia-a-revolucao-na-logistica-5\/","url":"https:\/\/nigroequipamentos.com.br\/conteudo\/empilhadeira-paletrans-tecnologia-a-revolucao-na-logistica-5\/","name":"Empilhadeira Paletrans Tecnologia: Efici\u00eancia e Inova\u00e7\u00e3o na Log\u00edstica","isPartOf":{"@id":"https:\/\/nigroequipamentos.com.br\/conteudo\/#website"},"datePublished":"2026-01-23T05:46:02+00:00","dateModified":"2026-01-23T05:46:02+00:00","description":"Descubra tudo sobre a empilhadeira Paletrans tecnologia da Nigro Equipamentos, sua melhor op\u00e7\u00e3o para compra, loca\u00e7\u00e3o e manuten\u00e7\u00e3o.","breadcrumb":{"@id":"https:\/\/nigroequipamentos.com.br\/conteudo\/empilhadeira-paletrans-tecnologia-a-revolucao-na-logistica-5\/#breadcrumb"},"inLanguage":"pt-BR","potentialAction":[{"@type":"ReadAction","target":["https:\/\/nigroequipamentos.com.br\/conteudo\/empilhadeira-paletrans-tecnologia-a-revolucao-na-logistica-5\/"]}]},{"@type":"BreadcrumbList","@id":"https:\/\/nigroequipamentos.com.br\/conteudo\/empilhadeira-paletrans-tecnologia-a-revolucao-na-logistica-5\/#breadcrumb","itemListElement":[{"@type":"ListItem","position":1,"name":"In\u00edcio","item":"https:\/\/nigroequipamentos.com.br\/conteudo\/"},{"@type":"ListItem","position":2,"name":"Empilhadeira Paletrans Tecnologia: A Revolu\u00e7\u00e3o na Log\u00edstica"}]},{"@type":"WebSite","@id":"https:\/\/nigroequipamentos.com.br\/conteudo\/#website","url":"https:\/\/nigroequipamentos.com.br\/conteudo\/","name":"Nigro Equipamentos","description":"Loca\u00e7\u00e3o e Vendas","publisher":{"@id":"https:\/\/nigroequipamentos.com.br\/conteudo\/#organization"},"potentialAction":[{"@type":"SearchAction","target":{"@type":"EntryPoint","urlTemplate":"https:\/\/nigroequipamentos.com.br\/conteudo\/?s={search_term_string}"},"query-input":{"@type":"PropertyValueSpecification","valueRequired":true,"valueName":"search_term_string"}}],"inLanguage":"pt-BR"},{"@type":"Organization","@id":"https:\/\/nigroequipamentos.com.br\/conteudo\/#organization","name":"Nigro Equipamentos","url":"https:\/\/nigroequipamentos.com.br\/conteudo\/","logo":{"@type":"ImageObject","inLanguage":"pt-BR","@id":"https:\/\/nigroequipamentos.com.br\/conteudo\/#\/schema\/logo\/image\/","url":"https:\/\/nigroequipamentos.com.br\/conteudo\/wp-content\/uploads\/2024\/10\/nigroequipamentos_logo.webp","contentUrl":"https:\/\/nigroequipamentos.com.br\/conteudo\/wp-content\/uploads\/2024\/10\/nigroequipamentos_logo.webp","width":785,"height":355,"caption":"Nigro Equipamentos"},"image":{"@id":"https:\/\/nigroequipamentos.com.br\/conteudo\/#\/schema\/logo\/image\/"},"sameAs":["https:\/\/www.facebook.com\/nigroequipamentos","https:\/\/www.instagram.com\/nigroequipamentos\/"]}]}},"_links":{"self":[{"href":"https:\/\/nigroequipamentos.com.br\/conteudo\/wp-json\/wp\/v2\/pages\/86380","targetHints":{"allow":["GET"]}}],"collection":[{"href":"https:\/\/nigroequipamentos.com.br\/conteudo\/wp-json\/wp\/v2\/pages"}],"about":[{"href":"https:\/\/nigroequipamentos.com.br\/conteudo\/wp-json\/wp\/v2\/types\/page"}],"author":[{"embeddable":true,"href":"https:\/\/nigroequipamentos.com.br\/conteudo\/wp-json\/wp\/v2\/users\/3"}],"replies":[{"embeddable":true,"href":"https:\/\/nigroequipamentos.com.br\/conteudo\/wp-json\/wp\/v2\/comments?post=86380"}],"version-history":[{"count":0,"href":"https:\/\/nigroequipamentos.com.br\/conteudo\/wp-json\/wp\/v2\/pages\/86380\/revisions"}],"wp:attachment":[{"href":"https:\/\/nigroequipamentos.com.br\/conteudo\/wp-json\/wp\/v2\/media?parent=86380"}],"curies":[{"name":"wp","href":"https:\/\/api.w.org\/{rel}","templated":true}]}}