{"id":86338,"date":"2026-01-22T22:01:03","date_gmt":"2026-01-23T01:01:03","guid":{"rendered":"https:\/\/nigroequipamentos.com.br\/conteudo\/empilhadeira-paletrans-conheca-o-contato-da-nigro-equipamentos\/"},"modified":"2026-01-22T22:01:03","modified_gmt":"2026-01-23T01:01:03","slug":"empilhadeira-paletrans-conheca-o-contato-da-nigro-equipamentos","status":"publish","type":"page","link":"https:\/\/nigroequipamentos.com.br\/conteudo\/empilhadeira-paletrans-conheca-o-contato-da-nigro-equipamentos\/","title":{"rendered":"Empilhadeira Paletrans: Conhe\u00e7a o Contato da Nigro Equipamentos"},"content":{"rendered":"<p>Se voc\u00ea est\u00e1 em busca de informa\u00e7\u00f5es sobre a Empilhadeira Paletrans e como entrar em contato com a Nigro Equipamentos, voc\u00ea veio ao lugar certo! A Nigro Equipamentos \u00e9 especialista em superf\u00edcies de movimenta\u00e7\u00e3o e oferece suporte completo na venda, manuten\u00e7\u00e3o e loca\u00e7\u00e3o de empilhadeiras Paletrans. Nosso contato \u00e9 \u00e1gil e nossa equipe est\u00e1 pronta para atender suas necessidades com toda a expertise no mercado. Para d\u00favidas, estamos a um telefonema de distancia, n\u00e3o hesite em nos procurar sobre Empilhadeira Paletrans contato!<\/p>\n","protected":false},"excerpt":{"rendered":"<p>Se voc\u00ea est\u00e1 em busca de informa\u00e7\u00f5es sobre a Empilhadeira Paletrans e como entrar em contato com a Nigro Equipamentos, voc\u00ea veio ao lugar certo! A Nigro Equipamentos \u00e9 especialista em superf\u00edcies de movimenta\u00e7\u00e3o e oferece suporte completo na venda, manuten\u00e7\u00e3o e loca\u00e7\u00e3o de empilhadeiras Paletrans. Nosso contato \u00e9 \u00e1gil e nossa equipe est\u00e1 pronta&hellip;&nbsp;<a href=\"https:\/\/nigroequipamentos.com.br\/conteudo\/empilhadeira-paletrans-conheca-o-contato-da-nigro-equipamentos\/\" class=\"\" rel=\"bookmark\">Continue a ler &raquo;<span class=\"screen-reader-text\">Empilhadeira Paletrans: Conhe\u00e7a o Contato da Nigro Equipamentos<\/span><\/a><\/p>\n","protected":false},"author":3,"featured_media":0,"parent":0,"menu_order":0,"comment_status":"closed","ping_status":"closed","template":"","meta":{"_acf_changed":false,"_yoast_wpseo_focuskw":"Empilhadeira Paletrans contato","_yoast_wpseo_title":"Empilhadeira Paletrans contato - Nigro Equipamentos","_yoast_wpseo_metadesc":"Entre em contato com a Nigro Equipamentos para informa\u00e7\u00f5es sobre Empilhadeira Paletrans. Compras, loca\u00e7\u00e3o e manuten\u00e7\u00e3o com especialistas.","neve_meta_sidebar":"","neve_meta_container":"","neve_meta_enable_content_width":"","neve_meta_content_width":0,"neve_meta_title_alignment":"","neve_meta_author_avatar":"","neve_post_elements_order":"","neve_meta_disable_header":"","neve_meta_disable_footer":"","neve_meta_disable_title":"","footnotes":""},"class_list":["post-86338","page","type-page","status-publish","hentry"],"acf":{"bloco1title":"Atendimento Especializado","bloco1text":"Na Nigro Equipamentos, transformamos suas necessidades em solu\u00e7\u00f5es personalizadas com nossa equipe t\u00e9cnica qualificada sobre Empilhadeira Paletrans.","bloco2title":"Servi\u00e7o R\u00e1pido","bloco2text":"Nosso contato sobre Empilhadeira Paletrans \u00e9 r\u00e1pido e eficaz, sempre disposto a oferecer as melhores op\u00e7\u00f5es para voc\u00ea.","bloco3title":"Insights sobre Empilhadeiras","bloco3text":"As empilhadeiras s\u00e3o essenciais para a efici\u00eancia log\u00edstica de empresas. Com a Empilhadeira Paletrans, voc\u00ea garante agilidade e produtividade no seu neg\u00f3cio.","posttitle":"Tudo que voc\u00ea precisa sobre Empilhadeira Paletrans e contato com a Nigro Equipamentos","postcontent":"<strong>Introdu\u00e7\u00e3o \u00e0s Empilhadeiras Paletrans<\/strong> \nAs empilhadeiras Paletrans s\u00e3o reconhecidas pela sua robustez e efici\u00eancia no manuseio de cargas. Para obter informa\u00e7\u00f5es sobre a Empilhadeira Paletrans contato com a Nigro Equipamentos \u00e9 fundamental para quem quer qualidade e confian\u00e7a na compra, loca\u00e7\u00e3o ou manuten\u00e7\u00e3o deste equipamento. \n\n<strong>Contato \u00c1gil e Eficiente<\/strong> \nA Nigro Equipamentos entende a import\u00e2ncia de um atendimento r\u00e1pido. Quando voc\u00ea busca por Empilhadeira Paletrans contato, nossa equipe est\u00e1 sempre \u00e0 disposi\u00e7\u00e3o atrav\u00e9s de canais diretos de comunica\u00e7\u00e3o. Isso garante que qualquer d\u00favida que voc\u00ea tenha sobre a opera\u00e7\u00e3o ou manuten\u00e7\u00e3o de sua empilhadeira seja solucionada rapidamente. \n\n<strong>Expertise em Empilhadeiras<\/strong> \nCom anos de experi\u00eancia no mercado, a Nigro \u00e9 reconhecida por sua autoridade em equipamentos de movimenta\u00e7\u00e3o, como a Empilhadeira Paletrans. A confian\u00e7a que nossos clientes depositam em n\u00f3s \u00e9 resultado de um trabalho s\u00e9rio e comprometido. \n\n<strong>Conclus\u00e3o<\/strong> \nSe voc\u00ea pensa em locar, comprar ou necessitar de manuten\u00e7\u00e3o para a sua Empilhadeira Paletrans, lembre-se que a Nigro Equipamentos \u00e9 a melhor op\u00e7\u00e3o. Entre em contato conosco e saiba mais sobre como podemos ajudar no seu neg\u00f3cio!","insightwidtitle":"Curiosidades sobre Empilhadeiras","insightwidcontent":"Voc\u00ea sabia que as empilhadeiras s\u00e3o essenciais em ind\u00fastrias e armaz\u00e9ns? Elas aumentam a efici\u00eancia e diminuem o tempo de manuseio de produtos. A Empilhadeira Paletrans \u00e9 conhecida por sua capacidade de suportar cargas elevadas, melhorando a opera\u00e7\u00e3o log\u00edstica das empresas. Manter contato frequente com especialistas, como a Nigro Equipamentos, pode garantir a performance ideal do seu equipamento, proporcionando seguran\u00e7a e efici\u00eancia no trabalho."},"yoast_head":"<!-- This site is optimized with the Yoast SEO Premium plugin v18.3 (Yoast SEO v23.4) - https:\/\/yoast.com\/wordpress\/plugins\/seo\/ -->\n<title>Empilhadeira Paletrans contato - Nigro Equipamentos<\/title>\n<meta name=\"description\" content=\"Entre em contato com a Nigro Equipamentos para informa\u00e7\u00f5es sobre Empilhadeira Paletrans. Compras, loca\u00e7\u00e3o e manuten\u00e7\u00e3o com especialistas.\" \/>\n<meta name=\"robots\" content=\"index, follow, max-snippet:-1, max-image-preview:large, max-video-preview:-1\" \/>\n<link rel=\"canonical\" href=\"https:\/\/nigroequipamentos.com.br\/conteudo\/empilhadeira-paletrans-conheca-o-contato-da-nigro-equipamentos\/\" \/>\n<meta property=\"og:locale\" content=\"pt_BR\" \/>\n<meta property=\"og:type\" content=\"article\" \/>\n<meta property=\"og:title\" content=\"Empilhadeira Paletrans: Conhe\u00e7a o Contato da Nigro Equipamentos\" \/>\n<meta property=\"og:description\" content=\"Entre em contato com a Nigro Equipamentos para informa\u00e7\u00f5es sobre Empilhadeira Paletrans. Compras, loca\u00e7\u00e3o e manuten\u00e7\u00e3o com especialistas.\" \/>\n<meta property=\"og:url\" content=\"https:\/\/nigroequipamentos.com.br\/conteudo\/empilhadeira-paletrans-conheca-o-contato-da-nigro-equipamentos\/\" \/>\n<meta property=\"og:site_name\" content=\"Nigro Equipamentos\" \/>\n<meta property=\"article:publisher\" content=\"https:\/\/www.facebook.com\/nigroequipamentos\" \/>\n<meta name=\"twitter:card\" content=\"summary_large_image\" \/>\n<script type=\"application\/ld+json\" class=\"yoast-schema-graph\">{\"@context\":\"https:\/\/schema.org\",\"@graph\":[{\"@type\":\"WebPage\",\"@id\":\"https:\/\/nigroequipamentos.com.br\/conteudo\/empilhadeira-paletrans-conheca-o-contato-da-nigro-equipamentos\/\",\"url\":\"https:\/\/nigroequipamentos.com.br\/conteudo\/empilhadeira-paletrans-conheca-o-contato-da-nigro-equipamentos\/\",\"name\":\"Empilhadeira Paletrans contato - Nigro Equipamentos\",\"isPartOf\":{\"@id\":\"https:\/\/nigroequipamentos.com.br\/conteudo\/#website\"},\"datePublished\":\"2026-01-23T01:01:03+00:00\",\"dateModified\":\"2026-01-23T01:01:03+00:00\",\"description\":\"Entre em contato com a Nigro Equipamentos para informa\u00e7\u00f5es sobre Empilhadeira Paletrans. Compras, loca\u00e7\u00e3o e manuten\u00e7\u00e3o com especialistas.\",\"breadcrumb\":{\"@id\":\"https:\/\/nigroequipamentos.com.br\/conteudo\/empilhadeira-paletrans-conheca-o-contato-da-nigro-equipamentos\/#breadcrumb\"},\"inLanguage\":\"pt-BR\",\"potentialAction\":[{\"@type\":\"ReadAction\",\"target\":[\"https:\/\/nigroequipamentos.com.br\/conteudo\/empilhadeira-paletrans-conheca-o-contato-da-nigro-equipamentos\/\"]}]},{\"@type\":\"BreadcrumbList\",\"@id\":\"https:\/\/nigroequipamentos.com.br\/conteudo\/empilhadeira-paletrans-conheca-o-contato-da-nigro-equipamentos\/#breadcrumb\",\"itemListElement\":[{\"@type\":\"ListItem\",\"position\":1,\"name\":\"In\u00edcio\",\"item\":\"https:\/\/nigroequipamentos.com.br\/conteudo\/\"},{\"@type\":\"ListItem\",\"position\":2,\"name\":\"Empilhadeira Paletrans: Conhe\u00e7a o Contato da Nigro Equipamentos\"}]},{\"@type\":\"WebSite\",\"@id\":\"https:\/\/nigroequipamentos.com.br\/conteudo\/#website\",\"url\":\"https:\/\/nigroequipamentos.com.br\/conteudo\/\",\"name\":\"Nigro Equipamentos\",\"description\":\"Loca\u00e7\u00e3o e Vendas\",\"publisher\":{\"@id\":\"https:\/\/nigroequipamentos.com.br\/conteudo\/#organization\"},\"potentialAction\":[{\"@type\":\"SearchAction\",\"target\":{\"@type\":\"EntryPoint\",\"urlTemplate\":\"https:\/\/nigroequipamentos.com.br\/conteudo\/?s={search_term_string}\"},\"query-input\":{\"@type\":\"PropertyValueSpecification\",\"valueRequired\":true,\"valueName\":\"search_term_string\"}}],\"inLanguage\":\"pt-BR\"},{\"@type\":\"Organization\",\"@id\":\"https:\/\/nigroequipamentos.com.br\/conteudo\/#organization\",\"name\":\"Nigro Equipamentos\",\"url\":\"https:\/\/nigroequipamentos.com.br\/conteudo\/\",\"logo\":{\"@type\":\"ImageObject\",\"inLanguage\":\"pt-BR\",\"@id\":\"https:\/\/nigroequipamentos.com.br\/conteudo\/#\/schema\/logo\/image\/\",\"url\":\"https:\/\/nigroequipamentos.com.br\/conteudo\/wp-content\/uploads\/2024\/10\/nigroequipamentos_logo.webp\",\"contentUrl\":\"https:\/\/nigroequipamentos.com.br\/conteudo\/wp-content\/uploads\/2024\/10\/nigroequipamentos_logo.webp\",\"width\":785,\"height\":355,\"caption\":\"Nigro Equipamentos\"},\"image\":{\"@id\":\"https:\/\/nigroequipamentos.com.br\/conteudo\/#\/schema\/logo\/image\/\"},\"sameAs\":[\"https:\/\/www.facebook.com\/nigroequipamentos\",\"https:\/\/www.instagram.com\/nigroequipamentos\/\"]}]}<\/script>\n<!-- \/ Yoast SEO Premium plugin. -->","yoast_head_json":{"title":"Empilhadeira Paletrans contato - Nigro Equipamentos","description":"Entre em contato com a Nigro Equipamentos para informa\u00e7\u00f5es sobre Empilhadeira Paletrans. Compras, loca\u00e7\u00e3o e manuten\u00e7\u00e3o com especialistas.","robots":{"index":"index","follow":"follow","max-snippet":"max-snippet:-1","max-image-preview":"max-image-preview:large","max-video-preview":"max-video-preview:-1"},"canonical":"https:\/\/nigroequipamentos.com.br\/conteudo\/empilhadeira-paletrans-conheca-o-contato-da-nigro-equipamentos\/","og_locale":"pt_BR","og_type":"article","og_title":"Empilhadeira Paletrans: Conhe\u00e7a o Contato da Nigro Equipamentos","og_description":"Entre em contato com a Nigro Equipamentos para informa\u00e7\u00f5es sobre Empilhadeira Paletrans. Compras, loca\u00e7\u00e3o e manuten\u00e7\u00e3o com especialistas.","og_url":"https:\/\/nigroequipamentos.com.br\/conteudo\/empilhadeira-paletrans-conheca-o-contato-da-nigro-equipamentos\/","og_site_name":"Nigro Equipamentos","article_publisher":"https:\/\/www.facebook.com\/nigroequipamentos","twitter_card":"summary_large_image","schema":{"@context":"https:\/\/schema.org","@graph":[{"@type":"WebPage","@id":"https:\/\/nigroequipamentos.com.br\/conteudo\/empilhadeira-paletrans-conheca-o-contato-da-nigro-equipamentos\/","url":"https:\/\/nigroequipamentos.com.br\/conteudo\/empilhadeira-paletrans-conheca-o-contato-da-nigro-equipamentos\/","name":"Empilhadeira Paletrans contato - Nigro Equipamentos","isPartOf":{"@id":"https:\/\/nigroequipamentos.com.br\/conteudo\/#website"},"datePublished":"2026-01-23T01:01:03+00:00","dateModified":"2026-01-23T01:01:03+00:00","description":"Entre em contato com a Nigro Equipamentos para informa\u00e7\u00f5es sobre Empilhadeira Paletrans. Compras, loca\u00e7\u00e3o e manuten\u00e7\u00e3o com especialistas.","breadcrumb":{"@id":"https:\/\/nigroequipamentos.com.br\/conteudo\/empilhadeira-paletrans-conheca-o-contato-da-nigro-equipamentos\/#breadcrumb"},"inLanguage":"pt-BR","potentialAction":[{"@type":"ReadAction","target":["https:\/\/nigroequipamentos.com.br\/conteudo\/empilhadeira-paletrans-conheca-o-contato-da-nigro-equipamentos\/"]}]},{"@type":"BreadcrumbList","@id":"https:\/\/nigroequipamentos.com.br\/conteudo\/empilhadeira-paletrans-conheca-o-contato-da-nigro-equipamentos\/#breadcrumb","itemListElement":[{"@type":"ListItem","position":1,"name":"In\u00edcio","item":"https:\/\/nigroequipamentos.com.br\/conteudo\/"},{"@type":"ListItem","position":2,"name":"Empilhadeira Paletrans: Conhe\u00e7a o Contato da Nigro Equipamentos"}]},{"@type":"WebSite","@id":"https:\/\/nigroequipamentos.com.br\/conteudo\/#website","url":"https:\/\/nigroequipamentos.com.br\/conteudo\/","name":"Nigro Equipamentos","description":"Loca\u00e7\u00e3o e Vendas","publisher":{"@id":"https:\/\/nigroequipamentos.com.br\/conteudo\/#organization"},"potentialAction":[{"@type":"SearchAction","target":{"@type":"EntryPoint","urlTemplate":"https:\/\/nigroequipamentos.com.br\/conteudo\/?s={search_term_string}"},"query-input":{"@type":"PropertyValueSpecification","valueRequired":true,"valueName":"search_term_string"}}],"inLanguage":"pt-BR"},{"@type":"Organization","@id":"https:\/\/nigroequipamentos.com.br\/conteudo\/#organization","name":"Nigro Equipamentos","url":"https:\/\/nigroequipamentos.com.br\/conteudo\/","logo":{"@type":"ImageObject","inLanguage":"pt-BR","@id":"https:\/\/nigroequipamentos.com.br\/conteudo\/#\/schema\/logo\/image\/","url":"https:\/\/nigroequipamentos.com.br\/conteudo\/wp-content\/uploads\/2024\/10\/nigroequipamentos_logo.webp","contentUrl":"https:\/\/nigroequipamentos.com.br\/conteudo\/wp-content\/uploads\/2024\/10\/nigroequipamentos_logo.webp","width":785,"height":355,"caption":"Nigro Equipamentos"},"image":{"@id":"https:\/\/nigroequipamentos.com.br\/conteudo\/#\/schema\/logo\/image\/"},"sameAs":["https:\/\/www.facebook.com\/nigroequipamentos","https:\/\/www.instagram.com\/nigroequipamentos\/"]}]}},"_links":{"self":[{"href":"https:\/\/nigroequipamentos.com.br\/conteudo\/wp-json\/wp\/v2\/pages\/86338","targetHints":{"allow":["GET"]}}],"collection":[{"href":"https:\/\/nigroequipamentos.com.br\/conteudo\/wp-json\/wp\/v2\/pages"}],"about":[{"href":"https:\/\/nigroequipamentos.com.br\/conteudo\/wp-json\/wp\/v2\/types\/page"}],"author":[{"embeddable":true,"href":"https:\/\/nigroequipamentos.com.br\/conteudo\/wp-json\/wp\/v2\/users\/3"}],"replies":[{"embeddable":true,"href":"https:\/\/nigroequipamentos.com.br\/conteudo\/wp-json\/wp\/v2\/comments?post=86338"}],"version-history":[{"count":0,"href":"https:\/\/nigroequipamentos.com.br\/conteudo\/wp-json\/wp\/v2\/pages\/86338\/revisions"}],"wp:attachment":[{"href":"https:\/\/nigroequipamentos.com.br\/conteudo\/wp-json\/wp\/v2\/media?parent=86338"}],"curies":[{"name":"wp","href":"https:\/\/api.w.org\/{rel}","templated":true}]}}