{"id":86310,"date":"2026-01-22T19:01:06","date_gmt":"2026-01-22T22:01:06","guid":{"rendered":"https:\/\/nigroequipamentos.com.br\/conteudo\/empilhadeira-paletrans-o-revendedor-que-voce-precisa-2\/"},"modified":"2026-01-22T19:01:06","modified_gmt":"2026-01-22T22:01:06","slug":"empilhadeira-paletrans-o-revendedor-que-voce-precisa-2","status":"publish","type":"page","link":"https:\/\/nigroequipamentos.com.br\/conteudo\/empilhadeira-paletrans-o-revendedor-que-voce-precisa-2\/","title":{"rendered":"Empilhadeira Paletrans: O Revendedor Que Voc\u00ea Precisa"},"content":{"rendered":"<p>Se voc\u00ea est\u00e1 procurando por uma empilhadeira Paletrans, saiba que essa marca \u00e9 sin\u00f4nimo de qualidade, resist\u00eancia e inova\u00e7\u00e3o. Como revendedor autorizado, a Nigro Equipamentos se destaca n\u00e3o apenas na venda, mas tamb\u00e9m na loca\u00e7\u00e3o e manuten\u00e7\u00e3o desses equipamentos. Nossa experi\u00eancia no setor nos permite oferecer as melhores op\u00e7\u00f5es e um atendimento personalizado ao cliente, garantindo que sua opera\u00e7\u00e3o tenha sempre o suporte necess\u00e1rio. A empilhadeira Paletrans \u00e9 ideal para empresas que buscam agilidade e efici\u00eancia em suas opera\u00e7\u00f5es log\u00edsticas. Al\u00e9m disso, o compromisso da Nigro Equipamentos com a satisfa\u00e7\u00e3o do cliente \u00e9 inabal\u00e1vel, tornando-nos a escolha mais confi\u00e1vel na hora de adquirir uma empilhadeira Paletrans.<\/p>\n","protected":false},"excerpt":{"rendered":"<p>Se voc\u00ea est\u00e1 procurando por uma empilhadeira Paletrans, saiba que essa marca \u00e9 sin\u00f4nimo de qualidade, resist\u00eancia e inova\u00e7\u00e3o. Como revendedor autorizado, a Nigro Equipamentos se destaca n\u00e3o apenas na venda, mas tamb\u00e9m na loca\u00e7\u00e3o e manuten\u00e7\u00e3o desses equipamentos. Nossa experi\u00eancia no setor nos permite oferecer as melhores op\u00e7\u00f5es e um atendimento personalizado ao cliente,&hellip;&nbsp;<a href=\"https:\/\/nigroequipamentos.com.br\/conteudo\/empilhadeira-paletrans-o-revendedor-que-voce-precisa-2\/\" class=\"\" rel=\"bookmark\">Continue a ler &raquo;<span class=\"screen-reader-text\">Empilhadeira Paletrans: O Revendedor Que Voc\u00ea Precisa<\/span><\/a><\/p>\n","protected":false},"author":3,"featured_media":0,"parent":0,"menu_order":0,"comment_status":"closed","ping_status":"closed","template":"","meta":{"_acf_changed":false,"_yoast_wpseo_focuskw":"Empilhadeira Paletrans revendedor","_yoast_wpseo_title":"Empilhadeira Paletrans: Revendedor L\u00edder em Qualidade","_yoast_wpseo_metadesc":"Conhe\u00e7a a melhor revenda de empilhadeiras Paletrans na Nigro Equipamentos. Experi\u00eancia e qualidade garantida.","neve_meta_sidebar":"","neve_meta_container":"","neve_meta_enable_content_width":"","neve_meta_content_width":0,"neve_meta_title_alignment":"","neve_meta_author_avatar":"","neve_post_elements_order":"","neve_meta_disable_header":"","neve_meta_disable_footer":"","neve_meta_disable_title":"","footnotes":""},"class_list":["post-86310","page","type-page","status-publish","hentry"],"acf":{"bloco1title":"Qualidade Garantida","bloco1text":"A Nigro Equipamentos \u00e9 reconhecida pela qualidade superior em suas empilhadeiras Paletrans, garantindo que voc\u00ea tenha o melhor para sua empresa.","bloco2title":"Suporte Especializado","bloco2text":"Oferecemos manuten\u00e7\u00e3o cont\u00ednua para empilhadeiras Paletrans, assegurando a longevidade e desempenho dos equipamentos.","bloco3title":"A escolha certa","bloco3text":"Optar por uma empilhadeira Paletrans com a Nigro Equipamentos significa investir em tecnologia e inova\u00e7\u00e3o, resultados garantidos em sua log\u00edstica.","posttitle":"Empilhadeira Paletrans: Revendedor Confi\u00e1vel e Especializado","postcontent":"<strong>A empilhadeira Paletrans \u00e9 um equipamento essencial para qualquer opera\u00e7\u00e3o log\u00edstica ou industrial.<\/strong> Na Nigro Equipamentos, somos revendedores autorizados e oferecemos a voc\u00ea as melhores op\u00e7\u00f5es em empilhadeiras Paletrans. Com durabilidade e efici\u00eancia, essas empilhadeiras est\u00e3o projetadas para atender \u00e0s exig\u00eancias do seu neg\u00f3cio, seja no transporte interno ou no armazenamento de cargas. Ao escolher uma empilhadeira Paletrans, voc\u00ea opta por tecnologia de ponta, que proporciona maior produtividade e seguran\u00e7a no manuseio de cargas. <strong>A manuten\u00e7\u00e3o regular<\/strong> \u00e9 fundamental para garantir o bom funcionamento da sua empilhadeira Paletrans. A Nigro Equipamentos n\u00e3o s\u00f3 vende, mas tamb\u00e9m oferece servi\u00e7os de manuten\u00e7\u00e3o e loca\u00e7\u00e3o, facilitando a vida do cliente e assegurando que seu equipamento esteja sempre em perfeito estado. A Nigro Equipamentos se destaca por sua experi\u00eancia e especializa\u00e7\u00e3o, garantindo confian\u00e7a e suporte cont\u00ednuo. Para quem busca uma empilhadeira Paletrans, a nossa equipe est\u00e1 pronta para ajudar voc\u00ea a encontrar a melhor solu\u00e7\u00e3o para suas necessidades operacionais.","insightwidtitle":"Curiosidades sobre Empilhadeiras","insightwidcontent":"Voc\u00ea sabia que empilhadeiras Paletrans s\u00e3o projetadas para operar em ambientes restritos? Elas possuem manobrabilidade superior e s\u00e3o essenciais em armaz\u00e9ns. A marca tem uma linha de produtos que inclui op\u00e7\u00f5es el\u00e9tricas, reduzindo emiss\u00f5es e melhorando a efici\u00eancia energ\u00e9tica das opera\u00e7\u00f5es log\u00edsticas. O design das empilhadeiras Paletrans tamb\u00e9m prioriza a seguran\u00e7a do operador, tornando-as uma escolha inteligente para empresas preocupadas com a prote\u00e7\u00e3o de seus colaboradores."},"yoast_head":"<!-- This site is optimized with the Yoast SEO Premium plugin v18.3 (Yoast SEO v23.4) - https:\/\/yoast.com\/wordpress\/plugins\/seo\/ -->\n<title>Empilhadeira Paletrans: Revendedor L\u00edder em Qualidade<\/title>\n<meta name=\"description\" content=\"Conhe\u00e7a a melhor revenda de empilhadeiras Paletrans na Nigro Equipamentos. Experi\u00eancia e qualidade garantida.\" \/>\n<meta name=\"robots\" content=\"index, follow, max-snippet:-1, max-image-preview:large, max-video-preview:-1\" \/>\n<link rel=\"canonical\" href=\"https:\/\/nigroequipamentos.com.br\/conteudo\/empilhadeira-paletrans-o-revendedor-que-voce-precisa-2\/\" \/>\n<meta property=\"og:locale\" content=\"pt_BR\" \/>\n<meta property=\"og:type\" content=\"article\" \/>\n<meta property=\"og:title\" content=\"Empilhadeira Paletrans: O Revendedor Que Voc\u00ea Precisa\" \/>\n<meta property=\"og:description\" content=\"Conhe\u00e7a a melhor revenda de empilhadeiras Paletrans na Nigro Equipamentos. Experi\u00eancia e qualidade garantida.\" \/>\n<meta property=\"og:url\" content=\"https:\/\/nigroequipamentos.com.br\/conteudo\/empilhadeira-paletrans-o-revendedor-que-voce-precisa-2\/\" \/>\n<meta property=\"og:site_name\" content=\"Nigro Equipamentos\" \/>\n<meta property=\"article:publisher\" content=\"https:\/\/www.facebook.com\/nigroequipamentos\" \/>\n<meta name=\"twitter:card\" content=\"summary_large_image\" \/>\n<meta name=\"twitter:label1\" content=\"Est. tempo de leitura\" \/>\n\t<meta name=\"twitter:data1\" content=\"1 minuto\" \/>\n<script type=\"application\/ld+json\" class=\"yoast-schema-graph\">{\"@context\":\"https:\/\/schema.org\",\"@graph\":[{\"@type\":\"WebPage\",\"@id\":\"https:\/\/nigroequipamentos.com.br\/conteudo\/empilhadeira-paletrans-o-revendedor-que-voce-precisa-2\/\",\"url\":\"https:\/\/nigroequipamentos.com.br\/conteudo\/empilhadeira-paletrans-o-revendedor-que-voce-precisa-2\/\",\"name\":\"Empilhadeira Paletrans: Revendedor L\u00edder em Qualidade\",\"isPartOf\":{\"@id\":\"https:\/\/nigroequipamentos.com.br\/conteudo\/#website\"},\"datePublished\":\"2026-01-22T22:01:06+00:00\",\"dateModified\":\"2026-01-22T22:01:06+00:00\",\"description\":\"Conhe\u00e7a a melhor revenda de empilhadeiras Paletrans na Nigro Equipamentos. Experi\u00eancia e qualidade garantida.\",\"breadcrumb\":{\"@id\":\"https:\/\/nigroequipamentos.com.br\/conteudo\/empilhadeira-paletrans-o-revendedor-que-voce-precisa-2\/#breadcrumb\"},\"inLanguage\":\"pt-BR\",\"potentialAction\":[{\"@type\":\"ReadAction\",\"target\":[\"https:\/\/nigroequipamentos.com.br\/conteudo\/empilhadeira-paletrans-o-revendedor-que-voce-precisa-2\/\"]}]},{\"@type\":\"BreadcrumbList\",\"@id\":\"https:\/\/nigroequipamentos.com.br\/conteudo\/empilhadeira-paletrans-o-revendedor-que-voce-precisa-2\/#breadcrumb\",\"itemListElement\":[{\"@type\":\"ListItem\",\"position\":1,\"name\":\"In\u00edcio\",\"item\":\"https:\/\/nigroequipamentos.com.br\/conteudo\/\"},{\"@type\":\"ListItem\",\"position\":2,\"name\":\"Empilhadeira Paletrans: O Revendedor Que Voc\u00ea Precisa\"}]},{\"@type\":\"WebSite\",\"@id\":\"https:\/\/nigroequipamentos.com.br\/conteudo\/#website\",\"url\":\"https:\/\/nigroequipamentos.com.br\/conteudo\/\",\"name\":\"Nigro Equipamentos\",\"description\":\"Loca\u00e7\u00e3o e Vendas\",\"publisher\":{\"@id\":\"https:\/\/nigroequipamentos.com.br\/conteudo\/#organization\"},\"potentialAction\":[{\"@type\":\"SearchAction\",\"target\":{\"@type\":\"EntryPoint\",\"urlTemplate\":\"https:\/\/nigroequipamentos.com.br\/conteudo\/?s={search_term_string}\"},\"query-input\":{\"@type\":\"PropertyValueSpecification\",\"valueRequired\":true,\"valueName\":\"search_term_string\"}}],\"inLanguage\":\"pt-BR\"},{\"@type\":\"Organization\",\"@id\":\"https:\/\/nigroequipamentos.com.br\/conteudo\/#organization\",\"name\":\"Nigro Equipamentos\",\"url\":\"https:\/\/nigroequipamentos.com.br\/conteudo\/\",\"logo\":{\"@type\":\"ImageObject\",\"inLanguage\":\"pt-BR\",\"@id\":\"https:\/\/nigroequipamentos.com.br\/conteudo\/#\/schema\/logo\/image\/\",\"url\":\"https:\/\/nigroequipamentos.com.br\/conteudo\/wp-content\/uploads\/2024\/10\/nigroequipamentos_logo.webp\",\"contentUrl\":\"https:\/\/nigroequipamentos.com.br\/conteudo\/wp-content\/uploads\/2024\/10\/nigroequipamentos_logo.webp\",\"width\":785,\"height\":355,\"caption\":\"Nigro Equipamentos\"},\"image\":{\"@id\":\"https:\/\/nigroequipamentos.com.br\/conteudo\/#\/schema\/logo\/image\/\"},\"sameAs\":[\"https:\/\/www.facebook.com\/nigroequipamentos\",\"https:\/\/www.instagram.com\/nigroequipamentos\/\"]}]}<\/script>\n<!-- \/ Yoast SEO Premium plugin. -->","yoast_head_json":{"title":"Empilhadeira Paletrans: Revendedor L\u00edder em Qualidade","description":"Conhe\u00e7a a melhor revenda de empilhadeiras Paletrans na Nigro Equipamentos. Experi\u00eancia e qualidade garantida.","robots":{"index":"index","follow":"follow","max-snippet":"max-snippet:-1","max-image-preview":"max-image-preview:large","max-video-preview":"max-video-preview:-1"},"canonical":"https:\/\/nigroequipamentos.com.br\/conteudo\/empilhadeira-paletrans-o-revendedor-que-voce-precisa-2\/","og_locale":"pt_BR","og_type":"article","og_title":"Empilhadeira Paletrans: O Revendedor Que Voc\u00ea Precisa","og_description":"Conhe\u00e7a a melhor revenda de empilhadeiras Paletrans na Nigro Equipamentos. Experi\u00eancia e qualidade garantida.","og_url":"https:\/\/nigroequipamentos.com.br\/conteudo\/empilhadeira-paletrans-o-revendedor-que-voce-precisa-2\/","og_site_name":"Nigro Equipamentos","article_publisher":"https:\/\/www.facebook.com\/nigroequipamentos","twitter_card":"summary_large_image","twitter_misc":{"Est. tempo de leitura":"1 minuto"},"schema":{"@context":"https:\/\/schema.org","@graph":[{"@type":"WebPage","@id":"https:\/\/nigroequipamentos.com.br\/conteudo\/empilhadeira-paletrans-o-revendedor-que-voce-precisa-2\/","url":"https:\/\/nigroequipamentos.com.br\/conteudo\/empilhadeira-paletrans-o-revendedor-que-voce-precisa-2\/","name":"Empilhadeira Paletrans: Revendedor L\u00edder em Qualidade","isPartOf":{"@id":"https:\/\/nigroequipamentos.com.br\/conteudo\/#website"},"datePublished":"2026-01-22T22:01:06+00:00","dateModified":"2026-01-22T22:01:06+00:00","description":"Conhe\u00e7a a melhor revenda de empilhadeiras Paletrans na Nigro Equipamentos. Experi\u00eancia e qualidade garantida.","breadcrumb":{"@id":"https:\/\/nigroequipamentos.com.br\/conteudo\/empilhadeira-paletrans-o-revendedor-que-voce-precisa-2\/#breadcrumb"},"inLanguage":"pt-BR","potentialAction":[{"@type":"ReadAction","target":["https:\/\/nigroequipamentos.com.br\/conteudo\/empilhadeira-paletrans-o-revendedor-que-voce-precisa-2\/"]}]},{"@type":"BreadcrumbList","@id":"https:\/\/nigroequipamentos.com.br\/conteudo\/empilhadeira-paletrans-o-revendedor-que-voce-precisa-2\/#breadcrumb","itemListElement":[{"@type":"ListItem","position":1,"name":"In\u00edcio","item":"https:\/\/nigroequipamentos.com.br\/conteudo\/"},{"@type":"ListItem","position":2,"name":"Empilhadeira Paletrans: O Revendedor Que Voc\u00ea Precisa"}]},{"@type":"WebSite","@id":"https:\/\/nigroequipamentos.com.br\/conteudo\/#website","url":"https:\/\/nigroequipamentos.com.br\/conteudo\/","name":"Nigro Equipamentos","description":"Loca\u00e7\u00e3o e Vendas","publisher":{"@id":"https:\/\/nigroequipamentos.com.br\/conteudo\/#organization"},"potentialAction":[{"@type":"SearchAction","target":{"@type":"EntryPoint","urlTemplate":"https:\/\/nigroequipamentos.com.br\/conteudo\/?s={search_term_string}"},"query-input":{"@type":"PropertyValueSpecification","valueRequired":true,"valueName":"search_term_string"}}],"inLanguage":"pt-BR"},{"@type":"Organization","@id":"https:\/\/nigroequipamentos.com.br\/conteudo\/#organization","name":"Nigro Equipamentos","url":"https:\/\/nigroequipamentos.com.br\/conteudo\/","logo":{"@type":"ImageObject","inLanguage":"pt-BR","@id":"https:\/\/nigroequipamentos.com.br\/conteudo\/#\/schema\/logo\/image\/","url":"https:\/\/nigroequipamentos.com.br\/conteudo\/wp-content\/uploads\/2024\/10\/nigroequipamentos_logo.webp","contentUrl":"https:\/\/nigroequipamentos.com.br\/conteudo\/wp-content\/uploads\/2024\/10\/nigroequipamentos_logo.webp","width":785,"height":355,"caption":"Nigro Equipamentos"},"image":{"@id":"https:\/\/nigroequipamentos.com.br\/conteudo\/#\/schema\/logo\/image\/"},"sameAs":["https:\/\/www.facebook.com\/nigroequipamentos","https:\/\/www.instagram.com\/nigroequipamentos\/"]}]}},"_links":{"self":[{"href":"https:\/\/nigroequipamentos.com.br\/conteudo\/wp-json\/wp\/v2\/pages\/86310","targetHints":{"allow":["GET"]}}],"collection":[{"href":"https:\/\/nigroequipamentos.com.br\/conteudo\/wp-json\/wp\/v2\/pages"}],"about":[{"href":"https:\/\/nigroequipamentos.com.br\/conteudo\/wp-json\/wp\/v2\/types\/page"}],"author":[{"embeddable":true,"href":"https:\/\/nigroequipamentos.com.br\/conteudo\/wp-json\/wp\/v2\/users\/3"}],"replies":[{"embeddable":true,"href":"https:\/\/nigroequipamentos.com.br\/conteudo\/wp-json\/wp\/v2\/comments?post=86310"}],"version-history":[{"count":0,"href":"https:\/\/nigroequipamentos.com.br\/conteudo\/wp-json\/wp\/v2\/pages\/86310\/revisions"}],"wp:attachment":[{"href":"https:\/\/nigroequipamentos.com.br\/conteudo\/wp-json\/wp\/v2\/media?parent=86310"}],"curies":[{"name":"wp","href":"https:\/\/api.w.org\/{rel}","templated":true}]}}