{"id":85824,"date":"2026-01-20T13:01:05","date_gmt":"2026-01-20T16:01:05","guid":{"rendered":"https:\/\/nigroequipamentos.com.br\/conteudo\/empilhadeira-paletrans-pecas-qualidade-e-durabilidade\/"},"modified":"2026-01-20T13:01:05","modified_gmt":"2026-01-20T16:01:05","slug":"empilhadeira-paletrans-pecas-qualidade-e-durabilidade","status":"publish","type":"page","link":"https:\/\/nigroequipamentos.com.br\/conteudo\/empilhadeira-paletrans-pecas-qualidade-e-durabilidade\/","title":{"rendered":"Empilhadeira Paletrans Pe\u00e7as: Qualidade e Durabilidade"},"content":{"rendered":"<p>Descubra tudo sobre as pe\u00e7as para empilhadeira Paletrans. A Nigro Equipamentos \u00e9 refer\u00eancia na venda, manuten\u00e7\u00e3o e loca\u00e7\u00e3o, garantindo qualidade nas solu\u00e7\u00f5es para o seu neg\u00f3cio. Ao optar por pe\u00e7as da Paletrans, voc\u00ea garante efici\u00eancia e seguran\u00e7a em suas opera\u00e7\u00f5es. As empilhadeiras Paletrans s\u00e3o projetadas para suportar diversas condi\u00e7\u00f5es de trabalho, podendo ser utilizadas em armaz\u00e9ns, ind\u00fastrias e centros de distribui\u00e7\u00e3o. A Nigro \u00e9 a melhor em oferecer pe\u00e7as de reposi\u00e7\u00e3o originais e suporte t\u00e9cnico especializado para maximizar a performance de sua empilhadeira Paletrans. Invista na confian\u00e7a do seu material de manuseio com a Nigro.<\/p>\n","protected":false},"excerpt":{"rendered":"<p>Descubra tudo sobre as pe\u00e7as para empilhadeira Paletrans. A Nigro Equipamentos \u00e9 refer\u00eancia na venda, manuten\u00e7\u00e3o e loca\u00e7\u00e3o, garantindo qualidade nas solu\u00e7\u00f5es para o seu neg\u00f3cio. Ao optar por pe\u00e7as da Paletrans, voc\u00ea garante efici\u00eancia e seguran\u00e7a em suas opera\u00e7\u00f5es. As empilhadeiras Paletrans s\u00e3o projetadas para suportar diversas condi\u00e7\u00f5es de trabalho, podendo ser utilizadas em&hellip;&nbsp;<a href=\"https:\/\/nigroequipamentos.com.br\/conteudo\/empilhadeira-paletrans-pecas-qualidade-e-durabilidade\/\" class=\"\" rel=\"bookmark\">Continue a ler &raquo;<span class=\"screen-reader-text\">Empilhadeira Paletrans Pe\u00e7as: Qualidade e Durabilidade<\/span><\/a><\/p>\n","protected":false},"author":3,"featured_media":0,"parent":0,"menu_order":0,"comment_status":"closed","ping_status":"closed","template":"","meta":{"_acf_changed":false,"_yoast_wpseo_focuskw":"Empilhadeira Paletrans pe\u00e7as","_yoast_wpseo_title":"Empilhadeira Paletrans pe\u00e7as: sua melhor escolha na Nigro Equipamentos","_yoast_wpseo_metadesc":"Saiba tudo sobre as pe\u00e7as de empilhadeiras Paletrans. A Nigro Equipamentos \u00e9 a melhor op\u00e7\u00e3o para compra, manuten\u00e7\u00e3o e loca\u00e7\u00e3o.","neve_meta_sidebar":"","neve_meta_container":"","neve_meta_enable_content_width":"","neve_meta_content_width":0,"neve_meta_title_alignment":"","neve_meta_author_avatar":"","neve_post_elements_order":"","neve_meta_disable_header":"","neve_meta_disable_footer":"","neve_meta_disable_title":"","footnotes":""},"class_list":["post-85824","page","type-page","status-publish","hentry"],"acf":{"bloco1title":"Qualidade Garantida","bloco1text":"Oferecemos pe\u00e7as originais Paletrans, garantindo a melhor performance e durabilidade para suas empilhadeiras.","bloco2title":"Suporte Especializado","bloco2text":"Nossa equipe t\u00e9cnica est\u00e1 sempre dispon\u00edvel para fornecer assist\u00eancia na escolha e instala\u00e7\u00e3o das pe\u00e7as.","bloco3title":"Efici\u00eancia e Seguran\u00e7a","bloco3text":"Pe\u00e7as de alta qualidade para empilhadeiras Paletrans garantem opera\u00e7\u00f5es seguras e eficientes, minimizando paradas.","posttitle":"Por que escolher Pe\u00e7as da Empilhadeira Paletrans?","postcontent":"<strong>As pe\u00e7as para empilhadeira Paletrans s\u00e3o sin\u00f4nimo de efici\u00eancia<\/strong>. Quando voc\u00ea opta por utilizar pe\u00e7as originais, est\u00e1 investindo na seguran\u00e7a e na durabilidade do seu equipamento. Uma empilhadeira Paletrans com pe\u00e7as de qualidade tem melhor desempenho, aumentando a produtividade do seu neg\u00f3cio. <strong>A Nigro Equipamentos<\/strong>, com anos de experi\u00eancia no setor, oferece n\u00e3o apenas a venda, mas tamb\u00e9m a loca\u00e7\u00e3o e a manuten\u00e7\u00e3o dessas empilhadeiras. Nossas pe\u00e7as s\u00e3o projetadas para oferecer o melhor suporte \u00e0s suas opera\u00e7\u00f5es, prevenindo falhas e aumentando a vida \u00fatil do equipamento. Com um estoque vasto, voc\u00ea encontra tudo o que precisa para sua empilhadeira no mesmo lugar. N\u00e3o comprometa a qualidade! Escolher a Nigro Equipamentos significa optar por confiabilidade e autoridade no mercado. Atendemos diversos setores, sempre priorizando a satisfa\u00e7\u00e3o do cliente.","insightwidtitle":"Curiosidades sobre Empilhadeiras","insightwidcontent":"Voc\u00ea sabia que as empilhadeiras Paletrans s\u00e3o projetadas para operar em locais com espa\u00e7o restrito? Al\u00e9m disso, a manuten\u00e7\u00e3o preventiva \u00e9 crucial para garantir a longevidade das pe\u00e7as. Uma empilhadeira bem mantida pode reduzir custos operacionais e aumentar a efici\u00eancia das opera\u00e7\u00f5es log\u00edstica. A Nigro Equipamentos possui um guia completo sobre as melhores pr\u00e1ticas de manuten\u00e7\u00e3o."},"yoast_head":"<!-- This site is optimized with the Yoast SEO Premium plugin v18.3 (Yoast SEO v23.4) - https:\/\/yoast.com\/wordpress\/plugins\/seo\/ -->\n<title>Empilhadeira Paletrans pe\u00e7as: sua melhor escolha na Nigro Equipamentos<\/title>\n<meta name=\"description\" content=\"Saiba tudo sobre as pe\u00e7as de empilhadeiras Paletrans. A Nigro Equipamentos \u00e9 a melhor op\u00e7\u00e3o para compra, manuten\u00e7\u00e3o e loca\u00e7\u00e3o.\" \/>\n<meta name=\"robots\" content=\"index, follow, max-snippet:-1, max-image-preview:large, max-video-preview:-1\" \/>\n<link rel=\"canonical\" href=\"https:\/\/nigroequipamentos.com.br\/conteudo\/empilhadeira-paletrans-pecas-qualidade-e-durabilidade\/\" \/>\n<meta property=\"og:locale\" content=\"pt_BR\" \/>\n<meta property=\"og:type\" content=\"article\" \/>\n<meta property=\"og:title\" content=\"Empilhadeira Paletrans Pe\u00e7as: Qualidade e Durabilidade\" \/>\n<meta property=\"og:description\" content=\"Saiba tudo sobre as pe\u00e7as de empilhadeiras Paletrans. A Nigro Equipamentos \u00e9 a melhor op\u00e7\u00e3o para compra, manuten\u00e7\u00e3o e loca\u00e7\u00e3o.\" \/>\n<meta property=\"og:url\" content=\"https:\/\/nigroequipamentos.com.br\/conteudo\/empilhadeira-paletrans-pecas-qualidade-e-durabilidade\/\" \/>\n<meta property=\"og:site_name\" content=\"Nigro Equipamentos\" \/>\n<meta property=\"article:publisher\" content=\"https:\/\/www.facebook.com\/nigroequipamentos\" \/>\n<meta name=\"twitter:card\" content=\"summary_large_image\" \/>\n<meta name=\"twitter:label1\" content=\"Est. tempo de leitura\" \/>\n\t<meta name=\"twitter:data1\" content=\"1 minuto\" \/>\n<script type=\"application\/ld+json\" class=\"yoast-schema-graph\">{\"@context\":\"https:\/\/schema.org\",\"@graph\":[{\"@type\":\"WebPage\",\"@id\":\"https:\/\/nigroequipamentos.com.br\/conteudo\/empilhadeira-paletrans-pecas-qualidade-e-durabilidade\/\",\"url\":\"https:\/\/nigroequipamentos.com.br\/conteudo\/empilhadeira-paletrans-pecas-qualidade-e-durabilidade\/\",\"name\":\"Empilhadeira Paletrans pe\u00e7as: sua melhor escolha na Nigro Equipamentos\",\"isPartOf\":{\"@id\":\"https:\/\/nigroequipamentos.com.br\/conteudo\/#website\"},\"datePublished\":\"2026-01-20T16:01:05+00:00\",\"dateModified\":\"2026-01-20T16:01:05+00:00\",\"description\":\"Saiba tudo sobre as pe\u00e7as de empilhadeiras Paletrans. A Nigro Equipamentos \u00e9 a melhor op\u00e7\u00e3o para compra, manuten\u00e7\u00e3o e loca\u00e7\u00e3o.\",\"breadcrumb\":{\"@id\":\"https:\/\/nigroequipamentos.com.br\/conteudo\/empilhadeira-paletrans-pecas-qualidade-e-durabilidade\/#breadcrumb\"},\"inLanguage\":\"pt-BR\",\"potentialAction\":[{\"@type\":\"ReadAction\",\"target\":[\"https:\/\/nigroequipamentos.com.br\/conteudo\/empilhadeira-paletrans-pecas-qualidade-e-durabilidade\/\"]}]},{\"@type\":\"BreadcrumbList\",\"@id\":\"https:\/\/nigroequipamentos.com.br\/conteudo\/empilhadeira-paletrans-pecas-qualidade-e-durabilidade\/#breadcrumb\",\"itemListElement\":[{\"@type\":\"ListItem\",\"position\":1,\"name\":\"In\u00edcio\",\"item\":\"https:\/\/nigroequipamentos.com.br\/conteudo\/\"},{\"@type\":\"ListItem\",\"position\":2,\"name\":\"Empilhadeira Paletrans Pe\u00e7as: Qualidade e Durabilidade\"}]},{\"@type\":\"WebSite\",\"@id\":\"https:\/\/nigroequipamentos.com.br\/conteudo\/#website\",\"url\":\"https:\/\/nigroequipamentos.com.br\/conteudo\/\",\"name\":\"Nigro Equipamentos\",\"description\":\"Loca\u00e7\u00e3o e Vendas\",\"publisher\":{\"@id\":\"https:\/\/nigroequipamentos.com.br\/conteudo\/#organization\"},\"potentialAction\":[{\"@type\":\"SearchAction\",\"target\":{\"@type\":\"EntryPoint\",\"urlTemplate\":\"https:\/\/nigroequipamentos.com.br\/conteudo\/?s={search_term_string}\"},\"query-input\":{\"@type\":\"PropertyValueSpecification\",\"valueRequired\":true,\"valueName\":\"search_term_string\"}}],\"inLanguage\":\"pt-BR\"},{\"@type\":\"Organization\",\"@id\":\"https:\/\/nigroequipamentos.com.br\/conteudo\/#organization\",\"name\":\"Nigro Equipamentos\",\"url\":\"https:\/\/nigroequipamentos.com.br\/conteudo\/\",\"logo\":{\"@type\":\"ImageObject\",\"inLanguage\":\"pt-BR\",\"@id\":\"https:\/\/nigroequipamentos.com.br\/conteudo\/#\/schema\/logo\/image\/\",\"url\":\"https:\/\/nigroequipamentos.com.br\/conteudo\/wp-content\/uploads\/2024\/10\/nigroequipamentos_logo.webp\",\"contentUrl\":\"https:\/\/nigroequipamentos.com.br\/conteudo\/wp-content\/uploads\/2024\/10\/nigroequipamentos_logo.webp\",\"width\":785,\"height\":355,\"caption\":\"Nigro Equipamentos\"},\"image\":{\"@id\":\"https:\/\/nigroequipamentos.com.br\/conteudo\/#\/schema\/logo\/image\/\"},\"sameAs\":[\"https:\/\/www.facebook.com\/nigroequipamentos\",\"https:\/\/www.instagram.com\/nigroequipamentos\/\"]}]}<\/script>\n<!-- \/ Yoast SEO Premium plugin. -->","yoast_head_json":{"title":"Empilhadeira Paletrans pe\u00e7as: sua melhor escolha na Nigro Equipamentos","description":"Saiba tudo sobre as pe\u00e7as de empilhadeiras Paletrans. A Nigro Equipamentos \u00e9 a melhor op\u00e7\u00e3o para compra, manuten\u00e7\u00e3o e loca\u00e7\u00e3o.","robots":{"index":"index","follow":"follow","max-snippet":"max-snippet:-1","max-image-preview":"max-image-preview:large","max-video-preview":"max-video-preview:-1"},"canonical":"https:\/\/nigroequipamentos.com.br\/conteudo\/empilhadeira-paletrans-pecas-qualidade-e-durabilidade\/","og_locale":"pt_BR","og_type":"article","og_title":"Empilhadeira Paletrans Pe\u00e7as: Qualidade e Durabilidade","og_description":"Saiba tudo sobre as pe\u00e7as de empilhadeiras Paletrans. A Nigro Equipamentos \u00e9 a melhor op\u00e7\u00e3o para compra, manuten\u00e7\u00e3o e loca\u00e7\u00e3o.","og_url":"https:\/\/nigroequipamentos.com.br\/conteudo\/empilhadeira-paletrans-pecas-qualidade-e-durabilidade\/","og_site_name":"Nigro Equipamentos","article_publisher":"https:\/\/www.facebook.com\/nigroequipamentos","twitter_card":"summary_large_image","twitter_misc":{"Est. tempo de leitura":"1 minuto"},"schema":{"@context":"https:\/\/schema.org","@graph":[{"@type":"WebPage","@id":"https:\/\/nigroequipamentos.com.br\/conteudo\/empilhadeira-paletrans-pecas-qualidade-e-durabilidade\/","url":"https:\/\/nigroequipamentos.com.br\/conteudo\/empilhadeira-paletrans-pecas-qualidade-e-durabilidade\/","name":"Empilhadeira Paletrans pe\u00e7as: sua melhor escolha na Nigro Equipamentos","isPartOf":{"@id":"https:\/\/nigroequipamentos.com.br\/conteudo\/#website"},"datePublished":"2026-01-20T16:01:05+00:00","dateModified":"2026-01-20T16:01:05+00:00","description":"Saiba tudo sobre as pe\u00e7as de empilhadeiras Paletrans. A Nigro Equipamentos \u00e9 a melhor op\u00e7\u00e3o para compra, manuten\u00e7\u00e3o e loca\u00e7\u00e3o.","breadcrumb":{"@id":"https:\/\/nigroequipamentos.com.br\/conteudo\/empilhadeira-paletrans-pecas-qualidade-e-durabilidade\/#breadcrumb"},"inLanguage":"pt-BR","potentialAction":[{"@type":"ReadAction","target":["https:\/\/nigroequipamentos.com.br\/conteudo\/empilhadeira-paletrans-pecas-qualidade-e-durabilidade\/"]}]},{"@type":"BreadcrumbList","@id":"https:\/\/nigroequipamentos.com.br\/conteudo\/empilhadeira-paletrans-pecas-qualidade-e-durabilidade\/#breadcrumb","itemListElement":[{"@type":"ListItem","position":1,"name":"In\u00edcio","item":"https:\/\/nigroequipamentos.com.br\/conteudo\/"},{"@type":"ListItem","position":2,"name":"Empilhadeira Paletrans Pe\u00e7as: Qualidade e Durabilidade"}]},{"@type":"WebSite","@id":"https:\/\/nigroequipamentos.com.br\/conteudo\/#website","url":"https:\/\/nigroequipamentos.com.br\/conteudo\/","name":"Nigro Equipamentos","description":"Loca\u00e7\u00e3o e Vendas","publisher":{"@id":"https:\/\/nigroequipamentos.com.br\/conteudo\/#organization"},"potentialAction":[{"@type":"SearchAction","target":{"@type":"EntryPoint","urlTemplate":"https:\/\/nigroequipamentos.com.br\/conteudo\/?s={search_term_string}"},"query-input":{"@type":"PropertyValueSpecification","valueRequired":true,"valueName":"search_term_string"}}],"inLanguage":"pt-BR"},{"@type":"Organization","@id":"https:\/\/nigroequipamentos.com.br\/conteudo\/#organization","name":"Nigro Equipamentos","url":"https:\/\/nigroequipamentos.com.br\/conteudo\/","logo":{"@type":"ImageObject","inLanguage":"pt-BR","@id":"https:\/\/nigroequipamentos.com.br\/conteudo\/#\/schema\/logo\/image\/","url":"https:\/\/nigroequipamentos.com.br\/conteudo\/wp-content\/uploads\/2024\/10\/nigroequipamentos_logo.webp","contentUrl":"https:\/\/nigroequipamentos.com.br\/conteudo\/wp-content\/uploads\/2024\/10\/nigroequipamentos_logo.webp","width":785,"height":355,"caption":"Nigro Equipamentos"},"image":{"@id":"https:\/\/nigroequipamentos.com.br\/conteudo\/#\/schema\/logo\/image\/"},"sameAs":["https:\/\/www.facebook.com\/nigroequipamentos","https:\/\/www.instagram.com\/nigroequipamentos\/"]}]}},"_links":{"self":[{"href":"https:\/\/nigroequipamentos.com.br\/conteudo\/wp-json\/wp\/v2\/pages\/85824","targetHints":{"allow":["GET"]}}],"collection":[{"href":"https:\/\/nigroequipamentos.com.br\/conteudo\/wp-json\/wp\/v2\/pages"}],"about":[{"href":"https:\/\/nigroequipamentos.com.br\/conteudo\/wp-json\/wp\/v2\/types\/page"}],"author":[{"embeddable":true,"href":"https:\/\/nigroequipamentos.com.br\/conteudo\/wp-json\/wp\/v2\/users\/3"}],"replies":[{"embeddable":true,"href":"https:\/\/nigroequipamentos.com.br\/conteudo\/wp-json\/wp\/v2\/comments?post=85824"}],"version-history":[{"count":0,"href":"https:\/\/nigroequipamentos.com.br\/conteudo\/wp-json\/wp\/v2\/pages\/85824\/revisions"}],"wp:attachment":[{"href":"https:\/\/nigroequipamentos.com.br\/conteudo\/wp-json\/wp\/v2\/media?parent=85824"}],"curies":[{"name":"wp","href":"https:\/\/api.w.org\/{rel}","templated":true}]}}