{"id":85311,"date":"2026-01-18T03:46:03","date_gmt":"2026-01-18T06:46:03","guid":{"rendered":"https:\/\/nigroequipamentos.com.br\/conteudo\/nigro-equipamentos-o-seu-distribuidor-de-empilhadeiras-paletrans-2\/"},"modified":"2026-01-18T03:46:03","modified_gmt":"2026-01-18T06:46:03","slug":"nigro-equipamentos-o-seu-distribuidor-de-empilhadeiras-paletrans-2","status":"publish","type":"page","link":"https:\/\/nigroequipamentos.com.br\/conteudo\/nigro-equipamentos-o-seu-distribuidor-de-empilhadeiras-paletrans-2\/","title":{"rendered":"Nigro Equipamentos: O Seu Distribuidor de Empilhadeiras Paletrans"},"content":{"rendered":"<p>Se voc\u00ea est\u00e1 em busca de um distribuidor de Empilhadeira Paletrans que oferece qualidade e confian\u00e7a, a Nigro Equipamentos \u00e9 a sua melhor op\u00e7\u00e3o. Trabalhamos com um portf\u00f3lio diversificado e a expertise necess\u00e1ria para atender todas as suas necessidades de movimenta\u00e7\u00e3o de cargas. Conhe\u00e7a nossos diferenciais e descubra porque somos a escolha certa para compra, manuten\u00e7\u00e3o e loca\u00e7\u00e3o de empilhadeiras Paletrans. Nossa equipe \u00e9 altamente capacitada e est\u00e1 sempre pronta para ajudar voc\u00ea a encontrar a melhor solu\u00e7\u00e3o para o seu neg\u00f3cio.<\/p>\n","protected":false},"excerpt":{"rendered":"<p>Se voc\u00ea est\u00e1 em busca de um distribuidor de Empilhadeira Paletrans que oferece qualidade e confian\u00e7a, a Nigro Equipamentos \u00e9 a sua melhor op\u00e7\u00e3o. Trabalhamos com um portf\u00f3lio diversificado e a expertise necess\u00e1ria para atender todas as suas necessidades de movimenta\u00e7\u00e3o de cargas. Conhe\u00e7a nossos diferenciais e descubra porque somos a escolha certa para compra,&hellip;&nbsp;<a href=\"https:\/\/nigroequipamentos.com.br\/conteudo\/nigro-equipamentos-o-seu-distribuidor-de-empilhadeiras-paletrans-2\/\" class=\"\" rel=\"bookmark\">Continue a ler &raquo;<span class=\"screen-reader-text\">Nigro Equipamentos: O Seu Distribuidor de Empilhadeiras Paletrans<\/span><\/a><\/p>\n","protected":false},"author":3,"featured_media":0,"parent":0,"menu_order":0,"comment_status":"closed","ping_status":"closed","template":"","meta":{"_acf_changed":false,"_yoast_wpseo_focuskw":"Empilhadeira Paletrans distribuidor","_yoast_wpseo_title":"Nigro Equipamentos: seu distribuidor de Empilhadeira Paletrans","_yoast_wpseo_metadesc":"Encontre o melhor distribuidor de empilhadeiras Paletrans. Na Nigro Equipamentos oferecemos qualidade, manuten\u00e7\u00e3o e loca\u00e7\u00e3o das melhores op\u00e7\u00f5es do mercado.","neve_meta_sidebar":"","neve_meta_container":"","neve_meta_enable_content_width":"","neve_meta_content_width":0,"neve_meta_title_alignment":"","neve_meta_author_avatar":"","neve_post_elements_order":"","neve_meta_disable_header":"","neve_meta_disable_footer":"","neve_meta_disable_title":"","footnotes":""},"class_list":["post-85311","page","type-page","status-publish","hentry"],"acf":{"bloco1title":"Qualidade Garantida","bloco1text":"Na Nigro Equipamentos, a qualidade das Empilhadeiras Paletrans \u00e9 nossa prioridade. Trabalhamos com os melhores fornecedores do mercado.","bloco2title":"Atendimento Especializado","bloco2text":"Nossa equipe oferece um atendimento personalizado para garantir a escolha certa das Empilhadeiras Paletrans.","bloco3title":"Servi\u00e7o Completo","bloco3text":"Oferecemos n\u00e3o s\u00f3 a venda, mas tamb\u00e9m a manuten\u00e7\u00e3o e loca\u00e7\u00e3o das Empilhadeiras Paletrans, tudo em um s\u00f3 lugar para sua conveni\u00eancia.","posttitle":"Empilhadeiras Paletrans: A Escolha Perfeita para Seus Neg\u00f3cios","postcontent":"<strong>Empilhadeiras Paletrans em Destaque<\/strong>\n\nAs empilhadeiras Paletrans se destacam pela robustez e efici\u00eancia, sendo ideais para movimenta\u00e7\u00e3o de cargas pesadas em ambientes industriais. A Nigro Equipamentos n\u00e3o \u00e9 apenas um distribuidor, mas um verdadeiro parceiro no seu sucesso. Se voc\u00ea precisa de uma empilhadeira Paletrans, voc\u00ea encontrar\u00e1 aqui as melhores op\u00e7\u00f5es no mercado, todas com garantia de qualidade.\n\n<strong>Al\u00e9m da Venda<\/strong>\n\nNa Nigro, al\u00e9m de comercializar as empilhadeiras Paletrans, n\u00f3s tamb\u00e9m oferecemos um servi\u00e7o de manuten\u00e7\u00e3o, assegurando a longevidade e efici\u00eancia dos seus equipamentos. Nossa equipe de t\u00e9cnicos especializados garante que suas m\u00e1quinas estar\u00e3o sempre em perfeito estado.\n\n<strong>Loca\u00e7\u00e3o Flex\u00edvel<\/strong>\n\nCaso voc\u00ea n\u00e3o precise comprar, a loca\u00e7\u00e3o de empilhadeiras Paletrans tamb\u00e9m \u00e9 uma excelente alternativa. Com condi\u00e7\u00f5es flex\u00edveis de loca\u00e7\u00e3o, voc\u00ea tem a liberdade de escolher o per\u00edodo e o modelo que melhor se adapta a suas demandas.\n\n<strong>Por Que Escolher a Nigro?<\/strong>\n\nA Nigro Equipamentos \u00e9 o seu melhor distribuidor de empilhadeiras Paletrans. Com um compromisso inabal\u00e1vel com a qualidade, atendimento especializado e solu\u00e7\u00f5es completas, garantimos a satisfa\u00e7\u00e3o dos nossos clientes em cada neg\u00f3cio. Entre em contato e descubra como podemos ajudar voc\u00ea a otimizar seus processos!","insightwidtitle":"Curiosidades sobre Empilhadeiras","insightwidcontent":"Voc\u00ea sabia que as empilhadeiras foram inventadas em 1920? Desde ent\u00e3o, evolu\u00edram significativamente, com modelos modernos como as empilhadeiras Paletrans, que s\u00e3o conhecidas por sua versatilidade e efici\u00eancia em ambientes industriais. Al\u00e9m disso, a manuten\u00e7\u00e3o regular \u00e9 essencial para garantir a seguran\u00e7a e a longevidade das m\u00e1quinas."},"yoast_head":"<!-- This site is optimized with the Yoast SEO Premium plugin v18.3 (Yoast SEO v23.4) - https:\/\/yoast.com\/wordpress\/plugins\/seo\/ -->\n<title>Nigro Equipamentos: seu distribuidor de Empilhadeira Paletrans<\/title>\n<meta name=\"description\" content=\"Encontre o melhor distribuidor de empilhadeiras Paletrans. Na Nigro Equipamentos oferecemos qualidade, manuten\u00e7\u00e3o e loca\u00e7\u00e3o das melhores op\u00e7\u00f5es do mercado.\" \/>\n<meta name=\"robots\" content=\"index, follow, max-snippet:-1, max-image-preview:large, max-video-preview:-1\" \/>\n<link rel=\"canonical\" href=\"https:\/\/nigroequipamentos.com.br\/conteudo\/nigro-equipamentos-o-seu-distribuidor-de-empilhadeiras-paletrans-2\/\" \/>\n<meta property=\"og:locale\" content=\"pt_BR\" \/>\n<meta property=\"og:type\" content=\"article\" \/>\n<meta property=\"og:title\" content=\"Nigro Equipamentos: O Seu Distribuidor de Empilhadeiras Paletrans\" \/>\n<meta property=\"og:description\" content=\"Encontre o melhor distribuidor de empilhadeiras Paletrans. Na Nigro Equipamentos oferecemos qualidade, manuten\u00e7\u00e3o e loca\u00e7\u00e3o das melhores op\u00e7\u00f5es do mercado.\" \/>\n<meta property=\"og:url\" content=\"https:\/\/nigroequipamentos.com.br\/conteudo\/nigro-equipamentos-o-seu-distribuidor-de-empilhadeiras-paletrans-2\/\" \/>\n<meta property=\"og:site_name\" content=\"Nigro Equipamentos\" \/>\n<meta property=\"article:publisher\" content=\"https:\/\/www.facebook.com\/nigroequipamentos\" \/>\n<meta name=\"twitter:card\" content=\"summary_large_image\" \/>\n<script type=\"application\/ld+json\" class=\"yoast-schema-graph\">{\"@context\":\"https:\/\/schema.org\",\"@graph\":[{\"@type\":\"WebPage\",\"@id\":\"https:\/\/nigroequipamentos.com.br\/conteudo\/nigro-equipamentos-o-seu-distribuidor-de-empilhadeiras-paletrans-2\/\",\"url\":\"https:\/\/nigroequipamentos.com.br\/conteudo\/nigro-equipamentos-o-seu-distribuidor-de-empilhadeiras-paletrans-2\/\",\"name\":\"Nigro Equipamentos: seu distribuidor de Empilhadeira Paletrans\",\"isPartOf\":{\"@id\":\"https:\/\/nigroequipamentos.com.br\/conteudo\/#website\"},\"datePublished\":\"2026-01-18T06:46:03+00:00\",\"dateModified\":\"2026-01-18T06:46:03+00:00\",\"description\":\"Encontre o melhor distribuidor de empilhadeiras Paletrans. Na Nigro Equipamentos oferecemos qualidade, manuten\u00e7\u00e3o e loca\u00e7\u00e3o das melhores op\u00e7\u00f5es do mercado.\",\"breadcrumb\":{\"@id\":\"https:\/\/nigroequipamentos.com.br\/conteudo\/nigro-equipamentos-o-seu-distribuidor-de-empilhadeiras-paletrans-2\/#breadcrumb\"},\"inLanguage\":\"pt-BR\",\"potentialAction\":[{\"@type\":\"ReadAction\",\"target\":[\"https:\/\/nigroequipamentos.com.br\/conteudo\/nigro-equipamentos-o-seu-distribuidor-de-empilhadeiras-paletrans-2\/\"]}]},{\"@type\":\"BreadcrumbList\",\"@id\":\"https:\/\/nigroequipamentos.com.br\/conteudo\/nigro-equipamentos-o-seu-distribuidor-de-empilhadeiras-paletrans-2\/#breadcrumb\",\"itemListElement\":[{\"@type\":\"ListItem\",\"position\":1,\"name\":\"In\u00edcio\",\"item\":\"https:\/\/nigroequipamentos.com.br\/conteudo\/\"},{\"@type\":\"ListItem\",\"position\":2,\"name\":\"Nigro Equipamentos: O Seu Distribuidor de Empilhadeiras Paletrans\"}]},{\"@type\":\"WebSite\",\"@id\":\"https:\/\/nigroequipamentos.com.br\/conteudo\/#website\",\"url\":\"https:\/\/nigroequipamentos.com.br\/conteudo\/\",\"name\":\"Nigro Equipamentos\",\"description\":\"Loca\u00e7\u00e3o e Vendas\",\"publisher\":{\"@id\":\"https:\/\/nigroequipamentos.com.br\/conteudo\/#organization\"},\"potentialAction\":[{\"@type\":\"SearchAction\",\"target\":{\"@type\":\"EntryPoint\",\"urlTemplate\":\"https:\/\/nigroequipamentos.com.br\/conteudo\/?s={search_term_string}\"},\"query-input\":{\"@type\":\"PropertyValueSpecification\",\"valueRequired\":true,\"valueName\":\"search_term_string\"}}],\"inLanguage\":\"pt-BR\"},{\"@type\":\"Organization\",\"@id\":\"https:\/\/nigroequipamentos.com.br\/conteudo\/#organization\",\"name\":\"Nigro Equipamentos\",\"url\":\"https:\/\/nigroequipamentos.com.br\/conteudo\/\",\"logo\":{\"@type\":\"ImageObject\",\"inLanguage\":\"pt-BR\",\"@id\":\"https:\/\/nigroequipamentos.com.br\/conteudo\/#\/schema\/logo\/image\/\",\"url\":\"https:\/\/nigroequipamentos.com.br\/conteudo\/wp-content\/uploads\/2024\/10\/nigroequipamentos_logo.webp\",\"contentUrl\":\"https:\/\/nigroequipamentos.com.br\/conteudo\/wp-content\/uploads\/2024\/10\/nigroequipamentos_logo.webp\",\"width\":785,\"height\":355,\"caption\":\"Nigro Equipamentos\"},\"image\":{\"@id\":\"https:\/\/nigroequipamentos.com.br\/conteudo\/#\/schema\/logo\/image\/\"},\"sameAs\":[\"https:\/\/www.facebook.com\/nigroequipamentos\",\"https:\/\/www.instagram.com\/nigroequipamentos\/\"]}]}<\/script>\n<!-- \/ Yoast SEO Premium plugin. -->","yoast_head_json":{"title":"Nigro Equipamentos: seu distribuidor de Empilhadeira Paletrans","description":"Encontre o melhor distribuidor de empilhadeiras Paletrans. Na Nigro Equipamentos oferecemos qualidade, manuten\u00e7\u00e3o e loca\u00e7\u00e3o das melhores op\u00e7\u00f5es do mercado.","robots":{"index":"index","follow":"follow","max-snippet":"max-snippet:-1","max-image-preview":"max-image-preview:large","max-video-preview":"max-video-preview:-1"},"canonical":"https:\/\/nigroequipamentos.com.br\/conteudo\/nigro-equipamentos-o-seu-distribuidor-de-empilhadeiras-paletrans-2\/","og_locale":"pt_BR","og_type":"article","og_title":"Nigro Equipamentos: O Seu Distribuidor de Empilhadeiras Paletrans","og_description":"Encontre o melhor distribuidor de empilhadeiras Paletrans. Na Nigro Equipamentos oferecemos qualidade, manuten\u00e7\u00e3o e loca\u00e7\u00e3o das melhores op\u00e7\u00f5es do mercado.","og_url":"https:\/\/nigroequipamentos.com.br\/conteudo\/nigro-equipamentos-o-seu-distribuidor-de-empilhadeiras-paletrans-2\/","og_site_name":"Nigro Equipamentos","article_publisher":"https:\/\/www.facebook.com\/nigroequipamentos","twitter_card":"summary_large_image","schema":{"@context":"https:\/\/schema.org","@graph":[{"@type":"WebPage","@id":"https:\/\/nigroequipamentos.com.br\/conteudo\/nigro-equipamentos-o-seu-distribuidor-de-empilhadeiras-paletrans-2\/","url":"https:\/\/nigroequipamentos.com.br\/conteudo\/nigro-equipamentos-o-seu-distribuidor-de-empilhadeiras-paletrans-2\/","name":"Nigro Equipamentos: seu distribuidor de Empilhadeira Paletrans","isPartOf":{"@id":"https:\/\/nigroequipamentos.com.br\/conteudo\/#website"},"datePublished":"2026-01-18T06:46:03+00:00","dateModified":"2026-01-18T06:46:03+00:00","description":"Encontre o melhor distribuidor de empilhadeiras Paletrans. Na Nigro Equipamentos oferecemos qualidade, manuten\u00e7\u00e3o e loca\u00e7\u00e3o das melhores op\u00e7\u00f5es do mercado.","breadcrumb":{"@id":"https:\/\/nigroequipamentos.com.br\/conteudo\/nigro-equipamentos-o-seu-distribuidor-de-empilhadeiras-paletrans-2\/#breadcrumb"},"inLanguage":"pt-BR","potentialAction":[{"@type":"ReadAction","target":["https:\/\/nigroequipamentos.com.br\/conteudo\/nigro-equipamentos-o-seu-distribuidor-de-empilhadeiras-paletrans-2\/"]}]},{"@type":"BreadcrumbList","@id":"https:\/\/nigroequipamentos.com.br\/conteudo\/nigro-equipamentos-o-seu-distribuidor-de-empilhadeiras-paletrans-2\/#breadcrumb","itemListElement":[{"@type":"ListItem","position":1,"name":"In\u00edcio","item":"https:\/\/nigroequipamentos.com.br\/conteudo\/"},{"@type":"ListItem","position":2,"name":"Nigro Equipamentos: O Seu Distribuidor de Empilhadeiras Paletrans"}]},{"@type":"WebSite","@id":"https:\/\/nigroequipamentos.com.br\/conteudo\/#website","url":"https:\/\/nigroequipamentos.com.br\/conteudo\/","name":"Nigro Equipamentos","description":"Loca\u00e7\u00e3o e Vendas","publisher":{"@id":"https:\/\/nigroequipamentos.com.br\/conteudo\/#organization"},"potentialAction":[{"@type":"SearchAction","target":{"@type":"EntryPoint","urlTemplate":"https:\/\/nigroequipamentos.com.br\/conteudo\/?s={search_term_string}"},"query-input":{"@type":"PropertyValueSpecification","valueRequired":true,"valueName":"search_term_string"}}],"inLanguage":"pt-BR"},{"@type":"Organization","@id":"https:\/\/nigroequipamentos.com.br\/conteudo\/#organization","name":"Nigro Equipamentos","url":"https:\/\/nigroequipamentos.com.br\/conteudo\/","logo":{"@type":"ImageObject","inLanguage":"pt-BR","@id":"https:\/\/nigroequipamentos.com.br\/conteudo\/#\/schema\/logo\/image\/","url":"https:\/\/nigroequipamentos.com.br\/conteudo\/wp-content\/uploads\/2024\/10\/nigroequipamentos_logo.webp","contentUrl":"https:\/\/nigroequipamentos.com.br\/conteudo\/wp-content\/uploads\/2024\/10\/nigroequipamentos_logo.webp","width":785,"height":355,"caption":"Nigro Equipamentos"},"image":{"@id":"https:\/\/nigroequipamentos.com.br\/conteudo\/#\/schema\/logo\/image\/"},"sameAs":["https:\/\/www.facebook.com\/nigroequipamentos","https:\/\/www.instagram.com\/nigroequipamentos\/"]}]}},"_links":{"self":[{"href":"https:\/\/nigroequipamentos.com.br\/conteudo\/wp-json\/wp\/v2\/pages\/85311","targetHints":{"allow":["GET"]}}],"collection":[{"href":"https:\/\/nigroequipamentos.com.br\/conteudo\/wp-json\/wp\/v2\/pages"}],"about":[{"href":"https:\/\/nigroequipamentos.com.br\/conteudo\/wp-json\/wp\/v2\/types\/page"}],"author":[{"embeddable":true,"href":"https:\/\/nigroequipamentos.com.br\/conteudo\/wp-json\/wp\/v2\/users\/3"}],"replies":[{"embeddable":true,"href":"https:\/\/nigroequipamentos.com.br\/conteudo\/wp-json\/wp\/v2\/comments?post=85311"}],"version-history":[{"count":0,"href":"https:\/\/nigroequipamentos.com.br\/conteudo\/wp-json\/wp\/v2\/pages\/85311\/revisions"}],"wp:attachment":[{"href":"https:\/\/nigroequipamentos.com.br\/conteudo\/wp-json\/wp\/v2\/media?parent=85311"}],"curies":[{"name":"wp","href":"https:\/\/api.w.org\/{rel}","templated":true}]}}