{"id":84650,"date":"2026-01-15T02:01:08","date_gmt":"2026-01-15T05:01:08","guid":{"rendered":"https:\/\/nigroequipamentos.com.br\/conteudo\/empilhadeira-paletrans-orcamento-qualidade-e-confiabilidade-com-a-nigro-equipamentos-2\/"},"modified":"2026-01-15T02:01:08","modified_gmt":"2026-01-15T05:01:08","slug":"empilhadeira-paletrans-orcamento-qualidade-e-confiabilidade-com-a-nigro-equipamentos-2","status":"publish","type":"page","link":"https:\/\/nigroequipamentos.com.br\/conteudo\/empilhadeira-paletrans-orcamento-qualidade-e-confiabilidade-com-a-nigro-equipamentos-2\/","title":{"rendered":"Empilhadeira Paletrans Or\u00e7amento: Qualidade e Confiabilidade com a Nigro Equipamentos"},"content":{"rendered":"<p>Se voc\u00ea busca por um or\u00e7amento para empilhadeira Paletrans, a Nigro Equipamentos \u00e9 a solu\u00e7\u00e3o ideal. Com vasta experi\u00eancia no mercado, oferecemos equipamentos que garantem efici\u00eancia e seguran\u00e7a para opera\u00e7\u00f5es log\u00edsticas. Nossa especializa\u00e7\u00e3o em empilhadeiras Paletrans proporciona ao cliente a certeza de adquirir ou alugar um produto de alta performance. Ao solicitar um or\u00e7amento de empilhadeira Paletrans conosco, voc\u00ea conta com profissionais capacitados que ir\u00e3o personalizar suas necessidades. A Nigro Equipamentos \u00e9 reconhecida por sua autoridade no segmento, sendo a melhor escolha para compra, loca\u00e7\u00e3o e manuten\u00e7\u00e3o de empilhadeiras Paletrans. Entre em contato e descubra as melhores condi\u00e7\u00f5es para seu or\u00e7amento de empilhadeira Paletrans.<\/p>\n","protected":false},"excerpt":{"rendered":"<p>Se voc\u00ea busca por um or\u00e7amento para empilhadeira Paletrans, a Nigro Equipamentos \u00e9 a solu\u00e7\u00e3o ideal. Com vasta experi\u00eancia no mercado, oferecemos equipamentos que garantem efici\u00eancia e seguran\u00e7a para opera\u00e7\u00f5es log\u00edsticas. Nossa especializa\u00e7\u00e3o em empilhadeiras Paletrans proporciona ao cliente a certeza de adquirir ou alugar um produto de alta performance. Ao solicitar um or\u00e7amento de&hellip;&nbsp;<a href=\"https:\/\/nigroequipamentos.com.br\/conteudo\/empilhadeira-paletrans-orcamento-qualidade-e-confiabilidade-com-a-nigro-equipamentos-2\/\" class=\"\" rel=\"bookmark\">Continue a ler &raquo;<span class=\"screen-reader-text\">Empilhadeira Paletrans Or\u00e7amento: Qualidade e Confiabilidade com a Nigro Equipamentos<\/span><\/a><\/p>\n","protected":false},"author":3,"featured_media":0,"parent":0,"menu_order":0,"comment_status":"closed","ping_status":"closed","template":"","meta":{"_acf_changed":false,"_yoast_wpseo_focuskw":"Empilhadeira Paletrans or\u00e7amento","_yoast_wpseo_title":"Or\u00e7amento para Empilhadeira Paletrans: Confiabilidade e Experi\u00eancia na Nigro Equipamentos","_yoast_wpseo_metadesc":"Solicite um or\u00e7amento para empilhadeira Paletrans com a Nigro Equipamentos e descubra a qualidade e confiabilidade que oferecemos em compra, manuten\u00e7\u00e3o e loca\u00e7\u00e3o.","neve_meta_sidebar":"","neve_meta_container":"","neve_meta_enable_content_width":"","neve_meta_content_width":0,"neve_meta_title_alignment":"","neve_meta_author_avatar":"","neve_post_elements_order":"","neve_meta_disable_header":"","neve_meta_disable_footer":"","neve_meta_disable_title":"","footnotes":""},"class_list":["post-84650","page","type-page","status-publish","hentry"],"acf":{"bloco1title":"Qualidade Garantida","bloco1text":"Com a Nigro Equipamentos, voc\u00ea adquire empilhadeiras Paletrans de qualidade, prezando sempre pela seguran\u00e7a e efici\u00eancia nas opera\u00e7\u00f5es.","bloco2title":"Suporte Especializado","bloco2text":"Oferecemos um atendimento t\u00e9cnico para tirar d\u00favidas e garantir o melhor uso da sua empilhadeira Paletrans.","bloco3title":"Inova\u00e7\u00e3o no Setor","bloco3text":"As empilhadeiras Paletrans da Nigro Equipamentos incorporam tecnologia avan\u00e7ada, assegurando opera\u00e7\u00f5es mais r\u00e1pidas e seguras, aumentando a produtividade.","posttitle":"Or\u00e7amento Para Empilhadeiras Paletrans: O Que Voc\u00ea Precisa Saber","postcontent":"<strong>Entendendo o Or\u00e7amento de Empilhadeira Paletrans<\/strong>  \nQuando se fala em empilhadeira Paletrans, a escolha do modelo ideal pode parecer desafiadora. No entanto, ao solicitar um or\u00e7amento, voc\u00ea deve considerar aspectos como capacidade de carga, tipo de terreno, e intensidade de uso. A Nigro Equipamentos oferece um servi\u00e7o de or\u00e7amento flex\u00edvel e adapt\u00e1vel, focando em suas necessidades espec\u00edficas.  \n  \n<strong>Vantagens de Optar pela Nigro Equipamentos<\/strong>  \nAl\u00e9m de um or\u00e7amento competitivo, a Nigro \u00e9 reconhecida pela experi\u00eancia acumulada e pela qualidade dos produtos que disponibiliza. Todas as empilhadeiras Paletrans oferecidas t\u00eam garantia de qualidade e s\u00e3o rigorosamente testadas.  \n  \n<strong>Manuten\u00e7\u00e3o e Servi\u00e7os P\u00f3s-Venda<\/strong>  \nCompreendido o que seu or\u00e7amento de empilhadeira Paletrans envolve, \u00e9 justo que voc\u00ea tamb\u00e9m se preocupe com a manuten\u00e7\u00e3o. A Nigro Equipamentos se destaca mais uma vez, ao oferecer suporte cont\u00ednuo. Nossa equipe est\u00e1 pronta para garantir que sua empilhadeira Paletrans opere de forma ideal, minimizando paradas e aumentando a efici\u00eancia log\u00edstica de sua empresa.  \n  \n<strong>Call to Action<\/strong>  \nN\u00e3o deixe para depois! Solicite seu or\u00e7amento de empilhadeira Paletrans com a Nigro Equipamentos e descubra as condi\u00e7\u00f5es imperd\u00edveis para compra, loca\u00e7\u00e3o ou manuten\u00e7\u00e3o.","insightwidtitle":"Curiosidades sobre Empilhadeiras","insightwidcontent":"Voc\u00ea sabia que as empilhadeiras Paletrans s\u00e3o projetadas para atender a diferentes tipos de terrenos? Isso as torna especialmente vers\u00e1teis para opera\u00e7\u00f5es em diversos setores, de armaz\u00e9ns a f\u00e1bricas. Al\u00e9m disso, as inova\u00e7\u00f5es tecnol\u00f3gicas incorporadas nos novos modelos aumentam significativamente a efici\u00eancia energ\u00e9tica e a seguran\u00e7a ao manobrar cargas. Fique atento \u00e0s tend\u00eancias do setor e aproveite o que h\u00e1 de melhor em experi\u00eancia e expertise com a Nigro Equipamentos."},"yoast_head":"<!-- This site is optimized with the Yoast SEO Premium plugin v18.3 (Yoast SEO v23.4) - https:\/\/yoast.com\/wordpress\/plugins\/seo\/ -->\n<title>Or\u00e7amento para Empilhadeira Paletrans: Confiabilidade e Experi\u00eancia na Nigro Equipamentos<\/title>\n<meta name=\"description\" content=\"Solicite um or\u00e7amento para empilhadeira Paletrans com a Nigro Equipamentos e descubra a qualidade e confiabilidade que oferecemos em compra, manuten\u00e7\u00e3o e loca\u00e7\u00e3o.\" \/>\n<meta name=\"robots\" content=\"index, follow, max-snippet:-1, max-image-preview:large, max-video-preview:-1\" \/>\n<link rel=\"canonical\" href=\"https:\/\/nigroequipamentos.com.br\/conteudo\/empilhadeira-paletrans-orcamento-qualidade-e-confiabilidade-com-a-nigro-equipamentos-2\/\" \/>\n<meta property=\"og:locale\" content=\"pt_BR\" \/>\n<meta property=\"og:type\" content=\"article\" \/>\n<meta property=\"og:title\" content=\"Empilhadeira Paletrans Or\u00e7amento: Qualidade e Confiabilidade com a Nigro Equipamentos\" \/>\n<meta property=\"og:description\" content=\"Solicite um or\u00e7amento para empilhadeira Paletrans com a Nigro Equipamentos e descubra a qualidade e confiabilidade que oferecemos em compra, manuten\u00e7\u00e3o e loca\u00e7\u00e3o.\" \/>\n<meta property=\"og:url\" content=\"https:\/\/nigroequipamentos.com.br\/conteudo\/empilhadeira-paletrans-orcamento-qualidade-e-confiabilidade-com-a-nigro-equipamentos-2\/\" \/>\n<meta property=\"og:site_name\" content=\"Nigro Equipamentos\" \/>\n<meta property=\"article:publisher\" content=\"https:\/\/www.facebook.com\/nigroequipamentos\" \/>\n<meta name=\"twitter:card\" content=\"summary_large_image\" \/>\n<meta name=\"twitter:label1\" content=\"Est. tempo de leitura\" \/>\n\t<meta name=\"twitter:data1\" content=\"1 minuto\" \/>\n<script type=\"application\/ld+json\" class=\"yoast-schema-graph\">{\"@context\":\"https:\/\/schema.org\",\"@graph\":[{\"@type\":\"WebPage\",\"@id\":\"https:\/\/nigroequipamentos.com.br\/conteudo\/empilhadeira-paletrans-orcamento-qualidade-e-confiabilidade-com-a-nigro-equipamentos-2\/\",\"url\":\"https:\/\/nigroequipamentos.com.br\/conteudo\/empilhadeira-paletrans-orcamento-qualidade-e-confiabilidade-com-a-nigro-equipamentos-2\/\",\"name\":\"Or\u00e7amento para Empilhadeira Paletrans: Confiabilidade e Experi\u00eancia na Nigro Equipamentos\",\"isPartOf\":{\"@id\":\"https:\/\/nigroequipamentos.com.br\/conteudo\/#website\"},\"datePublished\":\"2026-01-15T05:01:08+00:00\",\"dateModified\":\"2026-01-15T05:01:08+00:00\",\"description\":\"Solicite um or\u00e7amento para empilhadeira Paletrans com a Nigro Equipamentos e descubra a qualidade e confiabilidade que oferecemos em compra, manuten\u00e7\u00e3o e loca\u00e7\u00e3o.\",\"breadcrumb\":{\"@id\":\"https:\/\/nigroequipamentos.com.br\/conteudo\/empilhadeira-paletrans-orcamento-qualidade-e-confiabilidade-com-a-nigro-equipamentos-2\/#breadcrumb\"},\"inLanguage\":\"pt-BR\",\"potentialAction\":[{\"@type\":\"ReadAction\",\"target\":[\"https:\/\/nigroequipamentos.com.br\/conteudo\/empilhadeira-paletrans-orcamento-qualidade-e-confiabilidade-com-a-nigro-equipamentos-2\/\"]}]},{\"@type\":\"BreadcrumbList\",\"@id\":\"https:\/\/nigroequipamentos.com.br\/conteudo\/empilhadeira-paletrans-orcamento-qualidade-e-confiabilidade-com-a-nigro-equipamentos-2\/#breadcrumb\",\"itemListElement\":[{\"@type\":\"ListItem\",\"position\":1,\"name\":\"In\u00edcio\",\"item\":\"https:\/\/nigroequipamentos.com.br\/conteudo\/\"},{\"@type\":\"ListItem\",\"position\":2,\"name\":\"Empilhadeira Paletrans Or\u00e7amento: Qualidade e Confiabilidade com a Nigro Equipamentos\"}]},{\"@type\":\"WebSite\",\"@id\":\"https:\/\/nigroequipamentos.com.br\/conteudo\/#website\",\"url\":\"https:\/\/nigroequipamentos.com.br\/conteudo\/\",\"name\":\"Nigro Equipamentos\",\"description\":\"Loca\u00e7\u00e3o e Vendas\",\"publisher\":{\"@id\":\"https:\/\/nigroequipamentos.com.br\/conteudo\/#organization\"},\"potentialAction\":[{\"@type\":\"SearchAction\",\"target\":{\"@type\":\"EntryPoint\",\"urlTemplate\":\"https:\/\/nigroequipamentos.com.br\/conteudo\/?s={search_term_string}\"},\"query-input\":{\"@type\":\"PropertyValueSpecification\",\"valueRequired\":true,\"valueName\":\"search_term_string\"}}],\"inLanguage\":\"pt-BR\"},{\"@type\":\"Organization\",\"@id\":\"https:\/\/nigroequipamentos.com.br\/conteudo\/#organization\",\"name\":\"Nigro Equipamentos\",\"url\":\"https:\/\/nigroequipamentos.com.br\/conteudo\/\",\"logo\":{\"@type\":\"ImageObject\",\"inLanguage\":\"pt-BR\",\"@id\":\"https:\/\/nigroequipamentos.com.br\/conteudo\/#\/schema\/logo\/image\/\",\"url\":\"https:\/\/nigroequipamentos.com.br\/conteudo\/wp-content\/uploads\/2024\/10\/nigroequipamentos_logo.webp\",\"contentUrl\":\"https:\/\/nigroequipamentos.com.br\/conteudo\/wp-content\/uploads\/2024\/10\/nigroequipamentos_logo.webp\",\"width\":785,\"height\":355,\"caption\":\"Nigro Equipamentos\"},\"image\":{\"@id\":\"https:\/\/nigroequipamentos.com.br\/conteudo\/#\/schema\/logo\/image\/\"},\"sameAs\":[\"https:\/\/www.facebook.com\/nigroequipamentos\",\"https:\/\/www.instagram.com\/nigroequipamentos\/\"]}]}<\/script>\n<!-- \/ Yoast SEO Premium plugin. -->","yoast_head_json":{"title":"Or\u00e7amento para Empilhadeira Paletrans: Confiabilidade e Experi\u00eancia na Nigro Equipamentos","description":"Solicite um or\u00e7amento para empilhadeira Paletrans com a Nigro Equipamentos e descubra a qualidade e confiabilidade que oferecemos em compra, manuten\u00e7\u00e3o e loca\u00e7\u00e3o.","robots":{"index":"index","follow":"follow","max-snippet":"max-snippet:-1","max-image-preview":"max-image-preview:large","max-video-preview":"max-video-preview:-1"},"canonical":"https:\/\/nigroequipamentos.com.br\/conteudo\/empilhadeira-paletrans-orcamento-qualidade-e-confiabilidade-com-a-nigro-equipamentos-2\/","og_locale":"pt_BR","og_type":"article","og_title":"Empilhadeira Paletrans Or\u00e7amento: Qualidade e Confiabilidade com a Nigro Equipamentos","og_description":"Solicite um or\u00e7amento para empilhadeira Paletrans com a Nigro Equipamentos e descubra a qualidade e confiabilidade que oferecemos em compra, manuten\u00e7\u00e3o e loca\u00e7\u00e3o.","og_url":"https:\/\/nigroequipamentos.com.br\/conteudo\/empilhadeira-paletrans-orcamento-qualidade-e-confiabilidade-com-a-nigro-equipamentos-2\/","og_site_name":"Nigro Equipamentos","article_publisher":"https:\/\/www.facebook.com\/nigroequipamentos","twitter_card":"summary_large_image","twitter_misc":{"Est. tempo de leitura":"1 minuto"},"schema":{"@context":"https:\/\/schema.org","@graph":[{"@type":"WebPage","@id":"https:\/\/nigroequipamentos.com.br\/conteudo\/empilhadeira-paletrans-orcamento-qualidade-e-confiabilidade-com-a-nigro-equipamentos-2\/","url":"https:\/\/nigroequipamentos.com.br\/conteudo\/empilhadeira-paletrans-orcamento-qualidade-e-confiabilidade-com-a-nigro-equipamentos-2\/","name":"Or\u00e7amento para Empilhadeira Paletrans: Confiabilidade e Experi\u00eancia na Nigro Equipamentos","isPartOf":{"@id":"https:\/\/nigroequipamentos.com.br\/conteudo\/#website"},"datePublished":"2026-01-15T05:01:08+00:00","dateModified":"2026-01-15T05:01:08+00:00","description":"Solicite um or\u00e7amento para empilhadeira Paletrans com a Nigro Equipamentos e descubra a qualidade e confiabilidade que oferecemos em compra, manuten\u00e7\u00e3o e loca\u00e7\u00e3o.","breadcrumb":{"@id":"https:\/\/nigroequipamentos.com.br\/conteudo\/empilhadeira-paletrans-orcamento-qualidade-e-confiabilidade-com-a-nigro-equipamentos-2\/#breadcrumb"},"inLanguage":"pt-BR","potentialAction":[{"@type":"ReadAction","target":["https:\/\/nigroequipamentos.com.br\/conteudo\/empilhadeira-paletrans-orcamento-qualidade-e-confiabilidade-com-a-nigro-equipamentos-2\/"]}]},{"@type":"BreadcrumbList","@id":"https:\/\/nigroequipamentos.com.br\/conteudo\/empilhadeira-paletrans-orcamento-qualidade-e-confiabilidade-com-a-nigro-equipamentos-2\/#breadcrumb","itemListElement":[{"@type":"ListItem","position":1,"name":"In\u00edcio","item":"https:\/\/nigroequipamentos.com.br\/conteudo\/"},{"@type":"ListItem","position":2,"name":"Empilhadeira Paletrans Or\u00e7amento: Qualidade e Confiabilidade com a Nigro Equipamentos"}]},{"@type":"WebSite","@id":"https:\/\/nigroequipamentos.com.br\/conteudo\/#website","url":"https:\/\/nigroequipamentos.com.br\/conteudo\/","name":"Nigro Equipamentos","description":"Loca\u00e7\u00e3o e Vendas","publisher":{"@id":"https:\/\/nigroequipamentos.com.br\/conteudo\/#organization"},"potentialAction":[{"@type":"SearchAction","target":{"@type":"EntryPoint","urlTemplate":"https:\/\/nigroequipamentos.com.br\/conteudo\/?s={search_term_string}"},"query-input":{"@type":"PropertyValueSpecification","valueRequired":true,"valueName":"search_term_string"}}],"inLanguage":"pt-BR"},{"@type":"Organization","@id":"https:\/\/nigroequipamentos.com.br\/conteudo\/#organization","name":"Nigro Equipamentos","url":"https:\/\/nigroequipamentos.com.br\/conteudo\/","logo":{"@type":"ImageObject","inLanguage":"pt-BR","@id":"https:\/\/nigroequipamentos.com.br\/conteudo\/#\/schema\/logo\/image\/","url":"https:\/\/nigroequipamentos.com.br\/conteudo\/wp-content\/uploads\/2024\/10\/nigroequipamentos_logo.webp","contentUrl":"https:\/\/nigroequipamentos.com.br\/conteudo\/wp-content\/uploads\/2024\/10\/nigroequipamentos_logo.webp","width":785,"height":355,"caption":"Nigro Equipamentos"},"image":{"@id":"https:\/\/nigroequipamentos.com.br\/conteudo\/#\/schema\/logo\/image\/"},"sameAs":["https:\/\/www.facebook.com\/nigroequipamentos","https:\/\/www.instagram.com\/nigroequipamentos\/"]}]}},"_links":{"self":[{"href":"https:\/\/nigroequipamentos.com.br\/conteudo\/wp-json\/wp\/v2\/pages\/84650","targetHints":{"allow":["GET"]}}],"collection":[{"href":"https:\/\/nigroequipamentos.com.br\/conteudo\/wp-json\/wp\/v2\/pages"}],"about":[{"href":"https:\/\/nigroequipamentos.com.br\/conteudo\/wp-json\/wp\/v2\/types\/page"}],"author":[{"embeddable":true,"href":"https:\/\/nigroequipamentos.com.br\/conteudo\/wp-json\/wp\/v2\/users\/3"}],"replies":[{"embeddable":true,"href":"https:\/\/nigroequipamentos.com.br\/conteudo\/wp-json\/wp\/v2\/comments?post=84650"}],"version-history":[{"count":0,"href":"https:\/\/nigroequipamentos.com.br\/conteudo\/wp-json\/wp\/v2\/pages\/84650\/revisions"}],"wp:attachment":[{"href":"https:\/\/nigroequipamentos.com.br\/conteudo\/wp-json\/wp\/v2\/media?parent=84650"}],"curies":[{"name":"wp","href":"https:\/\/api.w.org\/{rel}","templated":true}]}}