{"id":84585,"date":"2026-01-14T18:46:05","date_gmt":"2026-01-14T21:46:05","guid":{"rendered":"https:\/\/nigroequipamentos.com.br\/conteudo\/empilhadeira-paletrans-logistica-a-solucao-para-seu-armazem\/"},"modified":"2026-01-14T18:46:05","modified_gmt":"2026-01-14T21:46:05","slug":"empilhadeira-paletrans-logistica-a-solucao-para-seu-armazem","status":"publish","type":"page","link":"https:\/\/nigroequipamentos.com.br\/conteudo\/empilhadeira-paletrans-logistica-a-solucao-para-seu-armazem\/","title":{"rendered":"Empilhadeira Paletrans Log\u00edstica: A Solu\u00e7\u00e3o para seu Armaz\u00e9m"},"content":{"rendered":"<p>A Nigro Equipamentos se destaca no mercado de log\u00edstica, oferecendo as melhores empilhadeiras Paletrans para otimizar seus processos. Com a tecnologia avan\u00e7ada de empilhadeira Paletrans, sua opera\u00e7\u00e3o log\u00edstica ganha em efici\u00eancia e seguran\u00e7a. Conhe\u00e7a as vantagens que a Nigro traz para sua empresa com nossas solu\u00e7\u00f5es especializadas e confi\u00e1veis.<\/p>\n","protected":false},"excerpt":{"rendered":"<p>A Nigro Equipamentos se destaca no mercado de log\u00edstica, oferecendo as melhores empilhadeiras Paletrans para otimizar seus processos. Com a tecnologia avan\u00e7ada de empilhadeira Paletrans, sua opera\u00e7\u00e3o log\u00edstica ganha em efici\u00eancia e seguran\u00e7a. Conhe\u00e7a as vantagens que a Nigro traz para sua empresa com nossas solu\u00e7\u00f5es especializadas e confi\u00e1veis.<\/p>\n","protected":false},"author":3,"featured_media":0,"parent":0,"menu_order":0,"comment_status":"closed","ping_status":"closed","template":"","meta":{"_acf_changed":false,"_yoast_wpseo_focuskw":"Empilhadeira Paletrans log\u00edstica","_yoast_wpseo_title":"Empilhadeiras Paletrans: Melhore sua Log\u00edstica com a Nigro Equipamentos","_yoast_wpseo_metadesc":"Descubra como as empilhadeiras Paletrans podem revolucionar sua opera\u00e7\u00e3o log\u00edstica com a Nigro Equipamentos.","neve_meta_sidebar":"","neve_meta_container":"","neve_meta_enable_content_width":"","neve_meta_content_width":0,"neve_meta_title_alignment":"","neve_meta_author_avatar":"","neve_post_elements_order":"","neve_meta_disable_header":"","neve_meta_disable_footer":"","neve_meta_disable_title":"","footnotes":""},"class_list":["post-84585","page","type-page","status-publish","hentry"],"acf":{"bloco1title":"Alta Performance","bloco1text":"As empilhadeiras Paletrans da Nigro garantem desempenho superior, aumentando a produtividade do seu armaz\u00e9m.","bloco2title":"Manuten\u00e7\u00e3o Especializada","bloco2text":"Oferecemos servi\u00e7os de manuten\u00e7\u00e3o qualificados para a sua empilhadeira Paletrans, aumentando sua durabilidade.","bloco3title":"Solu\u00e7\u00f5es Inovadoras","bloco3text":"As empilhadeiras Paletrans s\u00e3o equipadas com a mais recente tecnologia, proporcionando controle e efici\u00eancia nas opera\u00e7\u00f5es log\u00edsticas.","posttitle":"A Revolu\u00e7\u00e3o da Log\u00edstica com Empilhadeiras Paletrans","postcontent":"<strong>Empilhadeira Paletrans e Log\u00edstica<\/strong> s\u00e3o termos que andam juntos na otimiza\u00e7\u00e3o de processos de armaz\u00e9m. A necessidade por efici\u00eancia na movimenta\u00e7\u00e3o de cargas fez com que as empilhadeiras Paletrans ganhassem destaque, proporcionando grande facilidade em opera\u00e7\u00f5es di\u00e1rias. <strong>Na Nigro Equipamentos<\/strong>, entendemos as demandas do mercado e trabalhamos para oferecer a melhor linha de produtos, que n\u00e3o s\u00f3 atendem como superam as expectativas. Com a <strong>empilhadeira Paletrans<\/strong>, \u00e9 poss\u00edvel realizar tarefas como empilhamento, transporte e organiza\u00e7\u00e3o de mercadorias com maior agilidade e seguran\u00e7a, possibilitando maximizar a utiliza\u00e7\u00e3o do espa\u00e7o. Al\u00e9m disso, nossa equipe de especialistas est\u00e1 \u00e0 disposi\u00e7\u00e3o para fornecer suporte t\u00e9cnico e manuten\u00e7\u00e3o, garantindo que sua empilhadeira Paletrans opere sempre em excelente estado. A decis\u00e3o de escolha entre compra ou loca\u00e7\u00e3o \u00e9 f\u00e1cil! Na Nigro, voc\u00ea encontra as melhores condi\u00e7\u00f5es e suporte, assegurando que sua opera\u00e7\u00e3o log\u00edstica funcione sem imprevistos. N\u00e3o perca tempo e venha conhecer as solu\u00e7\u00f5es que a Nigro Equipamentos oferece.<\/strong>","insightwidtitle":"Curiosidades sobre Log\u00edstica","insightwidcontent":"Voc\u00ea sabia que as empilhadeiras Paletrans s\u00e3o projetadas para maximizar a efici\u00eancia no espa\u00e7o de armazenamento? Elas permitem a movimenta\u00e7\u00e3o de cargas pesadas com agilidade, o que resulta em melhor produtividade nas opera\u00e7\u00f5es log\u00edsticas. Conhecer as vantagens das empilhadeiras Paletrans pode transformar a maneira como voc\u00ea gerencia seu armaz\u00e9m."},"yoast_head":"<!-- This site is optimized with the Yoast SEO Premium plugin v18.3 (Yoast SEO v23.4) - https:\/\/yoast.com\/wordpress\/plugins\/seo\/ -->\n<title>Empilhadeiras Paletrans: Melhore sua Log\u00edstica com a Nigro Equipamentos<\/title>\n<meta name=\"description\" content=\"Descubra como as empilhadeiras Paletrans podem revolucionar sua opera\u00e7\u00e3o log\u00edstica com a Nigro Equipamentos.\" \/>\n<meta name=\"robots\" content=\"index, follow, max-snippet:-1, max-image-preview:large, max-video-preview:-1\" \/>\n<link rel=\"canonical\" href=\"https:\/\/nigroequipamentos.com.br\/conteudo\/empilhadeira-paletrans-logistica-a-solucao-para-seu-armazem\/\" \/>\n<meta property=\"og:locale\" content=\"pt_BR\" \/>\n<meta property=\"og:type\" content=\"article\" \/>\n<meta property=\"og:title\" content=\"Empilhadeira Paletrans Log\u00edstica: A Solu\u00e7\u00e3o para seu Armaz\u00e9m\" \/>\n<meta property=\"og:description\" content=\"Descubra como as empilhadeiras Paletrans podem revolucionar sua opera\u00e7\u00e3o log\u00edstica com a Nigro Equipamentos.\" \/>\n<meta property=\"og:url\" content=\"https:\/\/nigroequipamentos.com.br\/conteudo\/empilhadeira-paletrans-logistica-a-solucao-para-seu-armazem\/\" \/>\n<meta property=\"og:site_name\" content=\"Nigro Equipamentos\" \/>\n<meta property=\"article:publisher\" content=\"https:\/\/www.facebook.com\/nigroequipamentos\" \/>\n<meta name=\"twitter:card\" content=\"summary_large_image\" \/>\n<script type=\"application\/ld+json\" class=\"yoast-schema-graph\">{\"@context\":\"https:\/\/schema.org\",\"@graph\":[{\"@type\":\"WebPage\",\"@id\":\"https:\/\/nigroequipamentos.com.br\/conteudo\/empilhadeira-paletrans-logistica-a-solucao-para-seu-armazem\/\",\"url\":\"https:\/\/nigroequipamentos.com.br\/conteudo\/empilhadeira-paletrans-logistica-a-solucao-para-seu-armazem\/\",\"name\":\"Empilhadeiras Paletrans: Melhore sua Log\u00edstica com a Nigro Equipamentos\",\"isPartOf\":{\"@id\":\"https:\/\/nigroequipamentos.com.br\/conteudo\/#website\"},\"datePublished\":\"2026-01-14T21:46:05+00:00\",\"dateModified\":\"2026-01-14T21:46:05+00:00\",\"description\":\"Descubra como as empilhadeiras Paletrans podem revolucionar sua opera\u00e7\u00e3o log\u00edstica com a Nigro Equipamentos.\",\"breadcrumb\":{\"@id\":\"https:\/\/nigroequipamentos.com.br\/conteudo\/empilhadeira-paletrans-logistica-a-solucao-para-seu-armazem\/#breadcrumb\"},\"inLanguage\":\"pt-BR\",\"potentialAction\":[{\"@type\":\"ReadAction\",\"target\":[\"https:\/\/nigroequipamentos.com.br\/conteudo\/empilhadeira-paletrans-logistica-a-solucao-para-seu-armazem\/\"]}]},{\"@type\":\"BreadcrumbList\",\"@id\":\"https:\/\/nigroequipamentos.com.br\/conteudo\/empilhadeira-paletrans-logistica-a-solucao-para-seu-armazem\/#breadcrumb\",\"itemListElement\":[{\"@type\":\"ListItem\",\"position\":1,\"name\":\"In\u00edcio\",\"item\":\"https:\/\/nigroequipamentos.com.br\/conteudo\/\"},{\"@type\":\"ListItem\",\"position\":2,\"name\":\"Empilhadeira Paletrans Log\u00edstica: A Solu\u00e7\u00e3o para seu Armaz\u00e9m\"}]},{\"@type\":\"WebSite\",\"@id\":\"https:\/\/nigroequipamentos.com.br\/conteudo\/#website\",\"url\":\"https:\/\/nigroequipamentos.com.br\/conteudo\/\",\"name\":\"Nigro Equipamentos\",\"description\":\"Loca\u00e7\u00e3o e Vendas\",\"publisher\":{\"@id\":\"https:\/\/nigroequipamentos.com.br\/conteudo\/#organization\"},\"potentialAction\":[{\"@type\":\"SearchAction\",\"target\":{\"@type\":\"EntryPoint\",\"urlTemplate\":\"https:\/\/nigroequipamentos.com.br\/conteudo\/?s={search_term_string}\"},\"query-input\":{\"@type\":\"PropertyValueSpecification\",\"valueRequired\":true,\"valueName\":\"search_term_string\"}}],\"inLanguage\":\"pt-BR\"},{\"@type\":\"Organization\",\"@id\":\"https:\/\/nigroequipamentos.com.br\/conteudo\/#organization\",\"name\":\"Nigro Equipamentos\",\"url\":\"https:\/\/nigroequipamentos.com.br\/conteudo\/\",\"logo\":{\"@type\":\"ImageObject\",\"inLanguage\":\"pt-BR\",\"@id\":\"https:\/\/nigroequipamentos.com.br\/conteudo\/#\/schema\/logo\/image\/\",\"url\":\"https:\/\/nigroequipamentos.com.br\/conteudo\/wp-content\/uploads\/2024\/10\/nigroequipamentos_logo.webp\",\"contentUrl\":\"https:\/\/nigroequipamentos.com.br\/conteudo\/wp-content\/uploads\/2024\/10\/nigroequipamentos_logo.webp\",\"width\":785,\"height\":355,\"caption\":\"Nigro Equipamentos\"},\"image\":{\"@id\":\"https:\/\/nigroequipamentos.com.br\/conteudo\/#\/schema\/logo\/image\/\"},\"sameAs\":[\"https:\/\/www.facebook.com\/nigroequipamentos\",\"https:\/\/www.instagram.com\/nigroequipamentos\/\"]}]}<\/script>\n<!-- \/ Yoast SEO Premium plugin. -->","yoast_head_json":{"title":"Empilhadeiras Paletrans: Melhore sua Log\u00edstica com a Nigro Equipamentos","description":"Descubra como as empilhadeiras Paletrans podem revolucionar sua opera\u00e7\u00e3o log\u00edstica com a Nigro Equipamentos.","robots":{"index":"index","follow":"follow","max-snippet":"max-snippet:-1","max-image-preview":"max-image-preview:large","max-video-preview":"max-video-preview:-1"},"canonical":"https:\/\/nigroequipamentos.com.br\/conteudo\/empilhadeira-paletrans-logistica-a-solucao-para-seu-armazem\/","og_locale":"pt_BR","og_type":"article","og_title":"Empilhadeira Paletrans Log\u00edstica: A Solu\u00e7\u00e3o para seu Armaz\u00e9m","og_description":"Descubra como as empilhadeiras Paletrans podem revolucionar sua opera\u00e7\u00e3o log\u00edstica com a Nigro Equipamentos.","og_url":"https:\/\/nigroequipamentos.com.br\/conteudo\/empilhadeira-paletrans-logistica-a-solucao-para-seu-armazem\/","og_site_name":"Nigro Equipamentos","article_publisher":"https:\/\/www.facebook.com\/nigroequipamentos","twitter_card":"summary_large_image","schema":{"@context":"https:\/\/schema.org","@graph":[{"@type":"WebPage","@id":"https:\/\/nigroequipamentos.com.br\/conteudo\/empilhadeira-paletrans-logistica-a-solucao-para-seu-armazem\/","url":"https:\/\/nigroequipamentos.com.br\/conteudo\/empilhadeira-paletrans-logistica-a-solucao-para-seu-armazem\/","name":"Empilhadeiras Paletrans: Melhore sua Log\u00edstica com a Nigro Equipamentos","isPartOf":{"@id":"https:\/\/nigroequipamentos.com.br\/conteudo\/#website"},"datePublished":"2026-01-14T21:46:05+00:00","dateModified":"2026-01-14T21:46:05+00:00","description":"Descubra como as empilhadeiras Paletrans podem revolucionar sua opera\u00e7\u00e3o log\u00edstica com a Nigro Equipamentos.","breadcrumb":{"@id":"https:\/\/nigroequipamentos.com.br\/conteudo\/empilhadeira-paletrans-logistica-a-solucao-para-seu-armazem\/#breadcrumb"},"inLanguage":"pt-BR","potentialAction":[{"@type":"ReadAction","target":["https:\/\/nigroequipamentos.com.br\/conteudo\/empilhadeira-paletrans-logistica-a-solucao-para-seu-armazem\/"]}]},{"@type":"BreadcrumbList","@id":"https:\/\/nigroequipamentos.com.br\/conteudo\/empilhadeira-paletrans-logistica-a-solucao-para-seu-armazem\/#breadcrumb","itemListElement":[{"@type":"ListItem","position":1,"name":"In\u00edcio","item":"https:\/\/nigroequipamentos.com.br\/conteudo\/"},{"@type":"ListItem","position":2,"name":"Empilhadeira Paletrans Log\u00edstica: A Solu\u00e7\u00e3o para seu Armaz\u00e9m"}]},{"@type":"WebSite","@id":"https:\/\/nigroequipamentos.com.br\/conteudo\/#website","url":"https:\/\/nigroequipamentos.com.br\/conteudo\/","name":"Nigro Equipamentos","description":"Loca\u00e7\u00e3o e Vendas","publisher":{"@id":"https:\/\/nigroequipamentos.com.br\/conteudo\/#organization"},"potentialAction":[{"@type":"SearchAction","target":{"@type":"EntryPoint","urlTemplate":"https:\/\/nigroequipamentos.com.br\/conteudo\/?s={search_term_string}"},"query-input":{"@type":"PropertyValueSpecification","valueRequired":true,"valueName":"search_term_string"}}],"inLanguage":"pt-BR"},{"@type":"Organization","@id":"https:\/\/nigroequipamentos.com.br\/conteudo\/#organization","name":"Nigro Equipamentos","url":"https:\/\/nigroequipamentos.com.br\/conteudo\/","logo":{"@type":"ImageObject","inLanguage":"pt-BR","@id":"https:\/\/nigroequipamentos.com.br\/conteudo\/#\/schema\/logo\/image\/","url":"https:\/\/nigroequipamentos.com.br\/conteudo\/wp-content\/uploads\/2024\/10\/nigroequipamentos_logo.webp","contentUrl":"https:\/\/nigroequipamentos.com.br\/conteudo\/wp-content\/uploads\/2024\/10\/nigroequipamentos_logo.webp","width":785,"height":355,"caption":"Nigro Equipamentos"},"image":{"@id":"https:\/\/nigroequipamentos.com.br\/conteudo\/#\/schema\/logo\/image\/"},"sameAs":["https:\/\/www.facebook.com\/nigroequipamentos","https:\/\/www.instagram.com\/nigroequipamentos\/"]}]}},"_links":{"self":[{"href":"https:\/\/nigroequipamentos.com.br\/conteudo\/wp-json\/wp\/v2\/pages\/84585","targetHints":{"allow":["GET"]}}],"collection":[{"href":"https:\/\/nigroequipamentos.com.br\/conteudo\/wp-json\/wp\/v2\/pages"}],"about":[{"href":"https:\/\/nigroequipamentos.com.br\/conteudo\/wp-json\/wp\/v2\/types\/page"}],"author":[{"embeddable":true,"href":"https:\/\/nigroequipamentos.com.br\/conteudo\/wp-json\/wp\/v2\/users\/3"}],"replies":[{"embeddable":true,"href":"https:\/\/nigroequipamentos.com.br\/conteudo\/wp-json\/wp\/v2\/comments?post=84585"}],"version-history":[{"count":0,"href":"https:\/\/nigroequipamentos.com.br\/conteudo\/wp-json\/wp\/v2\/pages\/84585\/revisions"}],"wp:attachment":[{"href":"https:\/\/nigroequipamentos.com.br\/conteudo\/wp-json\/wp\/v2\/media?parent=84585"}],"curies":[{"name":"wp","href":"https:\/\/api.w.org\/{rel}","templated":true}]}}