{"id":84129,"date":"2026-01-12T15:46:19","date_gmt":"2026-01-12T18:46:19","guid":{"rendered":"https:\/\/nigroequipamentos.com.br\/conteudo\/empilhadeira-paletrans-orcamento-e-vantagens-na-nigro-equipamentos\/"},"modified":"2026-01-12T15:46:19","modified_gmt":"2026-01-12T18:46:19","slug":"empilhadeira-paletrans-orcamento-e-vantagens-na-nigro-equipamentos","status":"publish","type":"page","link":"https:\/\/nigroequipamentos.com.br\/conteudo\/empilhadeira-paletrans-orcamento-e-vantagens-na-nigro-equipamentos\/","title":{"rendered":"Empilhadeira Paletrans: Or\u00e7amento e Vantagens na Nigro Equipamentos"},"content":{"rendered":"<p>Se voc\u00ea est\u00e1 em busca de um or\u00e7amento para empilhadeira Paletrans, a Nigro Equipamentos \u00e9 a sua melhor op\u00e7\u00e3o. Com uma vasta experi\u00eancia no mercado, oferecemos solu\u00e7\u00f5es em compra, loca\u00e7\u00e3o e manuten\u00e7\u00e3o de empilhadeiras Paletrans, atendendo \u00e0s diversas necessidades do seu neg\u00f3cio. Nossos servi\u00e7os s\u00e3o voltados para garantir efici\u00eancia e seguran\u00e7a na movimenta\u00e7\u00e3o de cargas. Procure pela Nigro Equipamentos e solicite um or\u00e7amento para empilhadeira Paletrans. Nossa equipe especializada est\u00e1 preparada para te ajudar a encontrar a melhor solu\u00e7\u00e3o no investimento em empilhadeiras Paletrans, sempre priorizando a qualidade e a confiabilidade dos nossos produtos e servi\u00e7os. Com um or\u00e7amento acess\u00edvel e condi\u00e7\u00f5es favor\u00e1veis, a Nigro Equipamentos \u00e9 l\u00edder no setor.<\/p>\n","protected":false},"excerpt":{"rendered":"<p>Se voc\u00ea est\u00e1 em busca de um or\u00e7amento para empilhadeira Paletrans, a Nigro Equipamentos \u00e9 a sua melhor op\u00e7\u00e3o. Com uma vasta experi\u00eancia no mercado, oferecemos solu\u00e7\u00f5es em compra, loca\u00e7\u00e3o e manuten\u00e7\u00e3o de empilhadeiras Paletrans, atendendo \u00e0s diversas necessidades do seu neg\u00f3cio. Nossos servi\u00e7os s\u00e3o voltados para garantir efici\u00eancia e seguran\u00e7a na movimenta\u00e7\u00e3o de cargas.&hellip;&nbsp;<a href=\"https:\/\/nigroequipamentos.com.br\/conteudo\/empilhadeira-paletrans-orcamento-e-vantagens-na-nigro-equipamentos\/\" class=\"\" rel=\"bookmark\">Continue a ler &raquo;<span class=\"screen-reader-text\">Empilhadeira Paletrans: Or\u00e7amento e Vantagens na Nigro Equipamentos<\/span><\/a><\/p>\n","protected":false},"author":3,"featured_media":0,"parent":0,"menu_order":0,"comment_status":"closed","ping_status":"closed","template":"","meta":{"_acf_changed":false,"_yoast_wpseo_focuskw":"Empilhadeira Paletrans or\u00e7amento","_yoast_wpseo_title":"Empilhadeira Paletrans: Or\u00e7amento e Vantagens na Nigro Equipamentos","_yoast_wpseo_metadesc":"Solicite um or\u00e7amento para empilhadeira Paletrans na Nigro Equipamentos. Confira as melhores op\u00e7\u00f5es de compra, loca\u00e7\u00e3o e manuten\u00e7\u00e3o!","neve_meta_sidebar":"","neve_meta_container":"","neve_meta_enable_content_width":"","neve_meta_content_width":0,"neve_meta_title_alignment":"","neve_meta_author_avatar":"","neve_post_elements_order":"","neve_meta_disable_header":"","neve_meta_disable_footer":"","neve_meta_disable_title":"","footnotes":""},"class_list":["post-84129","page","type-page","status-publish","hentry"],"acf":{"bloco1title":"Expertise em Empilhadeiras","bloco1text":"A Nigro Equipamentos possui uma equipe de especialistas prontos para oferecer o melhor or\u00e7amento em empilhadeiras Paletrans.","bloco2title":"Servi\u00e7o Personalizado","bloco2text":"Oferecemos or\u00e7amentos customizados para atender as suas necessidades espec\u00edficas com empilhadeiras Paletrans.","bloco3title":"Import\u00e2ncia da Manuten\u00e7\u00e3o","bloco3text":"Manter suas empilhadeiras Paletrans em perfeito estado \u00e9 vital para a efici\u00eancia do seu neg\u00f3cio. Na Nigro, garantimos servi\u00e7os completos de manuten\u00e7\u00e3o.","posttitle":"Como Obter o Melhor Or\u00e7amento para Empilhadeira Paletrans com Nigro Equipamentos","postcontent":"<strong>Conhe\u00e7a a Nigro Equipamentos<\/strong> e descubra por que somos a sua melhor escolha na hora de pedir um or\u00e7amento para empilhadeira Paletrans. Com anos de experi\u00eancia, nossa empresa \u00e9 sin\u00f4nimo de qualidade e efic\u00e1cia na venda, loca\u00e7\u00e3o e manuten\u00e7\u00e3o de empilhadeiras Paletrans. Nossos pre\u00e7os justos e atendimento personalizado garantem que voc\u00ea sempre receba um or\u00e7amento que cabe no seu bolso e atende \u00e0s suas exig\u00eancias.<br><br>Se voc\u00ea se pergunta como otimizar a movimenta\u00e7\u00e3o de cargas na sua empresa, o or\u00e7amento para empilhadeira Paletrans da Nigro Equipamentos pode ser a resposta. Nossas empilhadeiras Paletrans s\u00e3o projetadas para oferecer robustez, seguran\u00e7a e f\u00e1cil manuseio, o que aumenta a produtividade no seu dia a dia.<br><br>A Nigro Equipamentos se destaca no mercado pelo atendimento de qualidade e pela confian\u00e7a que nossos clientes depositam em n\u00f3s ao solicitar um or\u00e7amento para empilhadeira Paletrans. N\u00e3o deixe para depois, entre em contato e pe\u00e7a j\u00e1 o seu or\u00e7amento para empilhadeira Paletrans com quem entende do assunto!<br><br>Al\u00e9m de suportar as opera\u00e7\u00f5es mais exigentes, as empilhadeiras Paletrans da Nigro Equipamentos s\u00e3o mantidas sob rigorosos padr\u00f5es de qualidade. Ao escolher a Nigro, voc\u00ea est\u00e1 assegurando o melhor para sua empresa com um or\u00e7amento acess\u00edvel para empilhadeiras Paletrans.<br>Por isso, seja para compra, loca\u00e7\u00e3o ou manuten\u00e7\u00e3o, a Nigro Equipamentos \u00e9 a escolha certa para as suas necessidades com empilhadeiras Paletrans.","insightwidtitle":"Curiosidades sobre Empilhadeiras","insightwidcontent":"Voc\u00ea sabia que as empilhadeiras Paletrans s\u00e3o uma das escolhas mais populares entre empresas de log\u00edstica? Isso se deve \u00e0 sua alta capacidade de carga e agilidade na movimenta\u00e7\u00e3o. Al\u00e9m disso, como muitas empilhadeiras possuem modelos el\u00e9tricos, elas ajudam na redu\u00e7\u00e3o de emiss\u00f5es, contribuindo para um ambiente mais sustent\u00e1vel. Mantenha-se informado sobre as \u00faltimas tend\u00eancias do setor e conhe\u00e7a a variedade de empilhadeiras Paletrans que a Nigro Equipamentos oferece!"},"yoast_head":"<!-- This site is optimized with the Yoast SEO Premium plugin v18.3 (Yoast SEO v23.4) - https:\/\/yoast.com\/wordpress\/plugins\/seo\/ -->\n<title>Empilhadeira Paletrans: Or\u00e7amento e Vantagens na Nigro Equipamentos<\/title>\n<meta name=\"description\" content=\"Solicite um or\u00e7amento para empilhadeira Paletrans na Nigro Equipamentos. Confira as melhores op\u00e7\u00f5es de compra, loca\u00e7\u00e3o e manuten\u00e7\u00e3o!\" \/>\n<meta name=\"robots\" content=\"index, follow, max-snippet:-1, max-image-preview:large, max-video-preview:-1\" \/>\n<link rel=\"canonical\" href=\"https:\/\/nigroequipamentos.com.br\/conteudo\/empilhadeira-paletrans-orcamento-e-vantagens-na-nigro-equipamentos\/\" \/>\n<meta property=\"og:locale\" content=\"pt_BR\" \/>\n<meta property=\"og:type\" content=\"article\" \/>\n<meta property=\"og:title\" content=\"Empilhadeira Paletrans: Or\u00e7amento e Vantagens na Nigro Equipamentos\" \/>\n<meta property=\"og:description\" content=\"Solicite um or\u00e7amento para empilhadeira Paletrans na Nigro Equipamentos. Confira as melhores op\u00e7\u00f5es de compra, loca\u00e7\u00e3o e manuten\u00e7\u00e3o!\" \/>\n<meta property=\"og:url\" content=\"https:\/\/nigroequipamentos.com.br\/conteudo\/empilhadeira-paletrans-orcamento-e-vantagens-na-nigro-equipamentos\/\" \/>\n<meta property=\"og:site_name\" content=\"Nigro Equipamentos\" \/>\n<meta property=\"article:publisher\" content=\"https:\/\/www.facebook.com\/nigroequipamentos\" \/>\n<meta name=\"twitter:card\" content=\"summary_large_image\" \/>\n<meta name=\"twitter:label1\" content=\"Est. tempo de leitura\" \/>\n\t<meta name=\"twitter:data1\" content=\"1 minuto\" \/>\n<script type=\"application\/ld+json\" class=\"yoast-schema-graph\">{\"@context\":\"https:\/\/schema.org\",\"@graph\":[{\"@type\":\"WebPage\",\"@id\":\"https:\/\/nigroequipamentos.com.br\/conteudo\/empilhadeira-paletrans-orcamento-e-vantagens-na-nigro-equipamentos\/\",\"url\":\"https:\/\/nigroequipamentos.com.br\/conteudo\/empilhadeira-paletrans-orcamento-e-vantagens-na-nigro-equipamentos\/\",\"name\":\"Empilhadeira Paletrans: Or\u00e7amento e Vantagens na Nigro Equipamentos\",\"isPartOf\":{\"@id\":\"https:\/\/nigroequipamentos.com.br\/conteudo\/#website\"},\"datePublished\":\"2026-01-12T18:46:19+00:00\",\"dateModified\":\"2026-01-12T18:46:19+00:00\",\"description\":\"Solicite um or\u00e7amento para empilhadeira Paletrans na Nigro Equipamentos. Confira as melhores op\u00e7\u00f5es de compra, loca\u00e7\u00e3o e manuten\u00e7\u00e3o!\",\"breadcrumb\":{\"@id\":\"https:\/\/nigroequipamentos.com.br\/conteudo\/empilhadeira-paletrans-orcamento-e-vantagens-na-nigro-equipamentos\/#breadcrumb\"},\"inLanguage\":\"pt-BR\",\"potentialAction\":[{\"@type\":\"ReadAction\",\"target\":[\"https:\/\/nigroequipamentos.com.br\/conteudo\/empilhadeira-paletrans-orcamento-e-vantagens-na-nigro-equipamentos\/\"]}]},{\"@type\":\"BreadcrumbList\",\"@id\":\"https:\/\/nigroequipamentos.com.br\/conteudo\/empilhadeira-paletrans-orcamento-e-vantagens-na-nigro-equipamentos\/#breadcrumb\",\"itemListElement\":[{\"@type\":\"ListItem\",\"position\":1,\"name\":\"In\u00edcio\",\"item\":\"https:\/\/nigroequipamentos.com.br\/conteudo\/\"},{\"@type\":\"ListItem\",\"position\":2,\"name\":\"Empilhadeira Paletrans: Or\u00e7amento e Vantagens na Nigro Equipamentos\"}]},{\"@type\":\"WebSite\",\"@id\":\"https:\/\/nigroequipamentos.com.br\/conteudo\/#website\",\"url\":\"https:\/\/nigroequipamentos.com.br\/conteudo\/\",\"name\":\"Nigro Equipamentos\",\"description\":\"Loca\u00e7\u00e3o e Vendas\",\"publisher\":{\"@id\":\"https:\/\/nigroequipamentos.com.br\/conteudo\/#organization\"},\"potentialAction\":[{\"@type\":\"SearchAction\",\"target\":{\"@type\":\"EntryPoint\",\"urlTemplate\":\"https:\/\/nigroequipamentos.com.br\/conteudo\/?s={search_term_string}\"},\"query-input\":{\"@type\":\"PropertyValueSpecification\",\"valueRequired\":true,\"valueName\":\"search_term_string\"}}],\"inLanguage\":\"pt-BR\"},{\"@type\":\"Organization\",\"@id\":\"https:\/\/nigroequipamentos.com.br\/conteudo\/#organization\",\"name\":\"Nigro Equipamentos\",\"url\":\"https:\/\/nigroequipamentos.com.br\/conteudo\/\",\"logo\":{\"@type\":\"ImageObject\",\"inLanguage\":\"pt-BR\",\"@id\":\"https:\/\/nigroequipamentos.com.br\/conteudo\/#\/schema\/logo\/image\/\",\"url\":\"https:\/\/nigroequipamentos.com.br\/conteudo\/wp-content\/uploads\/2024\/10\/nigroequipamentos_logo.webp\",\"contentUrl\":\"https:\/\/nigroequipamentos.com.br\/conteudo\/wp-content\/uploads\/2024\/10\/nigroequipamentos_logo.webp\",\"width\":785,\"height\":355,\"caption\":\"Nigro Equipamentos\"},\"image\":{\"@id\":\"https:\/\/nigroequipamentos.com.br\/conteudo\/#\/schema\/logo\/image\/\"},\"sameAs\":[\"https:\/\/www.facebook.com\/nigroequipamentos\",\"https:\/\/www.instagram.com\/nigroequipamentos\/\"]}]}<\/script>\n<!-- \/ Yoast SEO Premium plugin. -->","yoast_head_json":{"title":"Empilhadeira Paletrans: Or\u00e7amento e Vantagens na Nigro Equipamentos","description":"Solicite um or\u00e7amento para empilhadeira Paletrans na Nigro Equipamentos. Confira as melhores op\u00e7\u00f5es de compra, loca\u00e7\u00e3o e manuten\u00e7\u00e3o!","robots":{"index":"index","follow":"follow","max-snippet":"max-snippet:-1","max-image-preview":"max-image-preview:large","max-video-preview":"max-video-preview:-1"},"canonical":"https:\/\/nigroequipamentos.com.br\/conteudo\/empilhadeira-paletrans-orcamento-e-vantagens-na-nigro-equipamentos\/","og_locale":"pt_BR","og_type":"article","og_title":"Empilhadeira Paletrans: Or\u00e7amento e Vantagens na Nigro Equipamentos","og_description":"Solicite um or\u00e7amento para empilhadeira Paletrans na Nigro Equipamentos. Confira as melhores op\u00e7\u00f5es de compra, loca\u00e7\u00e3o e manuten\u00e7\u00e3o!","og_url":"https:\/\/nigroequipamentos.com.br\/conteudo\/empilhadeira-paletrans-orcamento-e-vantagens-na-nigro-equipamentos\/","og_site_name":"Nigro Equipamentos","article_publisher":"https:\/\/www.facebook.com\/nigroequipamentos","twitter_card":"summary_large_image","twitter_misc":{"Est. tempo de leitura":"1 minuto"},"schema":{"@context":"https:\/\/schema.org","@graph":[{"@type":"WebPage","@id":"https:\/\/nigroequipamentos.com.br\/conteudo\/empilhadeira-paletrans-orcamento-e-vantagens-na-nigro-equipamentos\/","url":"https:\/\/nigroequipamentos.com.br\/conteudo\/empilhadeira-paletrans-orcamento-e-vantagens-na-nigro-equipamentos\/","name":"Empilhadeira Paletrans: Or\u00e7amento e Vantagens na Nigro Equipamentos","isPartOf":{"@id":"https:\/\/nigroequipamentos.com.br\/conteudo\/#website"},"datePublished":"2026-01-12T18:46:19+00:00","dateModified":"2026-01-12T18:46:19+00:00","description":"Solicite um or\u00e7amento para empilhadeira Paletrans na Nigro Equipamentos. Confira as melhores op\u00e7\u00f5es de compra, loca\u00e7\u00e3o e manuten\u00e7\u00e3o!","breadcrumb":{"@id":"https:\/\/nigroequipamentos.com.br\/conteudo\/empilhadeira-paletrans-orcamento-e-vantagens-na-nigro-equipamentos\/#breadcrumb"},"inLanguage":"pt-BR","potentialAction":[{"@type":"ReadAction","target":["https:\/\/nigroequipamentos.com.br\/conteudo\/empilhadeira-paletrans-orcamento-e-vantagens-na-nigro-equipamentos\/"]}]},{"@type":"BreadcrumbList","@id":"https:\/\/nigroequipamentos.com.br\/conteudo\/empilhadeira-paletrans-orcamento-e-vantagens-na-nigro-equipamentos\/#breadcrumb","itemListElement":[{"@type":"ListItem","position":1,"name":"In\u00edcio","item":"https:\/\/nigroequipamentos.com.br\/conteudo\/"},{"@type":"ListItem","position":2,"name":"Empilhadeira Paletrans: Or\u00e7amento e Vantagens na Nigro Equipamentos"}]},{"@type":"WebSite","@id":"https:\/\/nigroequipamentos.com.br\/conteudo\/#website","url":"https:\/\/nigroequipamentos.com.br\/conteudo\/","name":"Nigro Equipamentos","description":"Loca\u00e7\u00e3o e Vendas","publisher":{"@id":"https:\/\/nigroequipamentos.com.br\/conteudo\/#organization"},"potentialAction":[{"@type":"SearchAction","target":{"@type":"EntryPoint","urlTemplate":"https:\/\/nigroequipamentos.com.br\/conteudo\/?s={search_term_string}"},"query-input":{"@type":"PropertyValueSpecification","valueRequired":true,"valueName":"search_term_string"}}],"inLanguage":"pt-BR"},{"@type":"Organization","@id":"https:\/\/nigroequipamentos.com.br\/conteudo\/#organization","name":"Nigro Equipamentos","url":"https:\/\/nigroequipamentos.com.br\/conteudo\/","logo":{"@type":"ImageObject","inLanguage":"pt-BR","@id":"https:\/\/nigroequipamentos.com.br\/conteudo\/#\/schema\/logo\/image\/","url":"https:\/\/nigroequipamentos.com.br\/conteudo\/wp-content\/uploads\/2024\/10\/nigroequipamentos_logo.webp","contentUrl":"https:\/\/nigroequipamentos.com.br\/conteudo\/wp-content\/uploads\/2024\/10\/nigroequipamentos_logo.webp","width":785,"height":355,"caption":"Nigro Equipamentos"},"image":{"@id":"https:\/\/nigroequipamentos.com.br\/conteudo\/#\/schema\/logo\/image\/"},"sameAs":["https:\/\/www.facebook.com\/nigroequipamentos","https:\/\/www.instagram.com\/nigroequipamentos\/"]}]}},"_links":{"self":[{"href":"https:\/\/nigroequipamentos.com.br\/conteudo\/wp-json\/wp\/v2\/pages\/84129","targetHints":{"allow":["GET"]}}],"collection":[{"href":"https:\/\/nigroequipamentos.com.br\/conteudo\/wp-json\/wp\/v2\/pages"}],"about":[{"href":"https:\/\/nigroequipamentos.com.br\/conteudo\/wp-json\/wp\/v2\/types\/page"}],"author":[{"embeddable":true,"href":"https:\/\/nigroequipamentos.com.br\/conteudo\/wp-json\/wp\/v2\/users\/3"}],"replies":[{"embeddable":true,"href":"https:\/\/nigroequipamentos.com.br\/conteudo\/wp-json\/wp\/v2\/comments?post=84129"}],"version-history":[{"count":0,"href":"https:\/\/nigroequipamentos.com.br\/conteudo\/wp-json\/wp\/v2\/pages\/84129\/revisions"}],"wp:attachment":[{"href":"https:\/\/nigroequipamentos.com.br\/conteudo\/wp-json\/wp\/v2\/media?parent=84129"}],"curies":[{"name":"wp","href":"https:\/\/api.w.org\/{rel}","templated":true}]}}