{"id":83978,"date":"2026-01-11T23:01:03","date_gmt":"2026-01-12T02:01:03","guid":{"rendered":"https:\/\/nigroequipamentos.com.br\/conteudo\/descubra-os-modelos-de-empilhadeira-paletrans-e-suas-vantagens-2\/"},"modified":"2026-01-11T23:01:03","modified_gmt":"2026-01-12T02:01:03","slug":"descubra-os-modelos-de-empilhadeira-paletrans-e-suas-vantagens-2","status":"publish","type":"page","link":"https:\/\/nigroequipamentos.com.br\/conteudo\/descubra-os-modelos-de-empilhadeira-paletrans-e-suas-vantagens-2\/","title":{"rendered":"Descubra os Modelos de Empilhadeira Paletrans e Suas Vantagens"},"content":{"rendered":"<p>A Nigro Equipamentos \u00e9 a refer\u00eancia em empilhadeiras Paletrans. Oferecemos uma ampla gama de modelos de empilhadeira Paletrans que atendem a diferentes necessidades log\u00edsticas e operacionais. Nossos modelos de empilhadeira Paletrans se destacam pela robustez, efici\u00eancia e tecnologia avan\u00e7ada, projetados para facilitar o dia a dia da sua opera\u00e7\u00e3o. Se voc\u00ea busca qualidade e desempenho, a Nigro Equipamentos \u00e9 a sua melhor escolha para compra, manuten\u00e7\u00e3o e loca\u00e7\u00e3o de empilhadeiras Paletrans.<\/p>\n","protected":false},"excerpt":{"rendered":"<p>A Nigro Equipamentos \u00e9 a refer\u00eancia em empilhadeiras Paletrans. Oferecemos uma ampla gama de modelos de empilhadeira Paletrans que atendem a diferentes necessidades log\u00edsticas e operacionais. Nossos modelos de empilhadeira Paletrans se destacam pela robustez, efici\u00eancia e tecnologia avan\u00e7ada, projetados para facilitar o dia a dia da sua opera\u00e7\u00e3o. Se voc\u00ea busca qualidade e desempenho,&hellip;&nbsp;<a href=\"https:\/\/nigroequipamentos.com.br\/conteudo\/descubra-os-modelos-de-empilhadeira-paletrans-e-suas-vantagens-2\/\" class=\"\" rel=\"bookmark\">Continue a ler &raquo;<span class=\"screen-reader-text\">Descubra os Modelos de Empilhadeira Paletrans e Suas Vantagens<\/span><\/a><\/p>\n","protected":false},"author":3,"featured_media":0,"parent":0,"menu_order":0,"comment_status":"closed","ping_status":"closed","template":"","meta":{"_acf_changed":false,"_yoast_wpseo_focuskw":"Empilhadeira Paletrans modelos","_yoast_wpseo_title":"Modelos de Empilhadeira Paletrans na Nigro Equipamentos","_yoast_wpseo_metadesc":"Conhe\u00e7a os modelos de empilhadeira Paletrans dispon\u00edveis na Nigro Equipamentos, sua melhor op\u00e7\u00e3o para compra, manuten\u00e7\u00e3o e loca\u00e7\u00e3o.","neve_meta_sidebar":"","neve_meta_container":"","neve_meta_enable_content_width":"","neve_meta_content_width":0,"neve_meta_title_alignment":"","neve_meta_author_avatar":"","neve_post_elements_order":"","neve_meta_disable_header":"","neve_meta_disable_footer":"","neve_meta_disable_title":"","footnotes":""},"class_list":["post-83978","page","type-page","status-publish","hentry"],"acf":{"bloco1title":"Qualidade com Nigro","bloco1text":"As empilhadeiras Paletrans da Nigro oferecem qualidade comprovada, com alta durabilidade e performance de opera\u00e7\u00e3o.","bloco2title":"Servi\u00e7o de Manuten\u00e7\u00e3o","bloco2text":"Contamos com profissionais qualificados para a manuten\u00e7\u00e3o das empilhadeiras Paletrans, garantindo seguran\u00e7a e efici\u00eancia.","bloco3title":"Tecnologia Inovadora","bloco3text":"As empilhadeiras Paletrans s\u00e3o projetadas com tecnologia de ponta, proporcionando maior efici\u00eancia e facilidade de uso para os operadores.","posttitle":"Empilhadeira Paletrans: Veja os Modelos e Benef\u00edcios","postcontent":"<strong>Entenda por que escolher Empilhadeira Paletrans<\/strong>: As empilhadeiras Paletrans s\u00e3o uma das melhores op\u00e7\u00f5es no mercado, oferecendo variedade de modelos que se adequam a diferentes ambientes e cargas. A versatilidade dos modelos de empilhadeira Paletrans permite que ela seja utilizada em armaz\u00e9ns, ind\u00fastrias, e at\u00e9 mesmo espa\u00e7os reduzidos. Com tecnologias que v\u00e3o desde a efici\u00eancia energ\u00e9tica at\u00e9 a ergonomia para os operadores, as empilhadeiras Paletrans da Nigro se destacam pela inova\u00e7\u00e3o e qualidade. Al\u00e9m de modelos novos, oferecemos a op\u00e7\u00e3o de loca\u00e7\u00e3o de empilhadeiras Paletrans, ideal para empresas que precisam de flexibilidade. Nossos servi\u00e7os de manuten\u00e7\u00e3o garantem que sua empilhadeira Paletrans funcione sempre em perfeitas condi\u00e7\u00f5es, maximizando sua produtividade e seguran\u00e7a. N\u00e3o perca a chance de otimizar sua opera\u00e7\u00e3o com nossa linha de empilhadeiras Paletrans.","insightwidtitle":"Curiosidades sobre Empilhadeiras","insightwidcontent":"Sabia que as empilhadeiras Paletrans podem ser utilizadas em ambientes externos e internos? Isso se deve \u00e0 sua versatilidade e robustez, permitindo que voc\u00ea maximize o uso em diferentes opera\u00e7\u00f5es log\u00edsticas. Al\u00e9m disso, os modelos Paletrans t\u00eam a capacidade de elevar cargas pesadas com efici\u00eancia, reduzindo o tempo de manuseio e aumentando a seguran\u00e7a no trabalho."},"yoast_head":"<!-- This site is optimized with the Yoast SEO Premium plugin v18.3 (Yoast SEO v23.4) - https:\/\/yoast.com\/wordpress\/plugins\/seo\/ -->\n<title>Modelos de Empilhadeira Paletrans na Nigro Equipamentos<\/title>\n<meta name=\"description\" content=\"Conhe\u00e7a os modelos de empilhadeira Paletrans dispon\u00edveis na Nigro Equipamentos, sua melhor op\u00e7\u00e3o para compra, manuten\u00e7\u00e3o e loca\u00e7\u00e3o.\" \/>\n<meta name=\"robots\" content=\"index, follow, max-snippet:-1, max-image-preview:large, max-video-preview:-1\" \/>\n<link rel=\"canonical\" href=\"https:\/\/nigroequipamentos.com.br\/conteudo\/descubra-os-modelos-de-empilhadeira-paletrans-e-suas-vantagens-2\/\" \/>\n<meta property=\"og:locale\" content=\"pt_BR\" \/>\n<meta property=\"og:type\" content=\"article\" \/>\n<meta property=\"og:title\" content=\"Descubra os Modelos de Empilhadeira Paletrans e Suas Vantagens\" \/>\n<meta property=\"og:description\" content=\"Conhe\u00e7a os modelos de empilhadeira Paletrans dispon\u00edveis na Nigro Equipamentos, sua melhor op\u00e7\u00e3o para compra, manuten\u00e7\u00e3o e loca\u00e7\u00e3o.\" \/>\n<meta property=\"og:url\" content=\"https:\/\/nigroequipamentos.com.br\/conteudo\/descubra-os-modelos-de-empilhadeira-paletrans-e-suas-vantagens-2\/\" \/>\n<meta property=\"og:site_name\" content=\"Nigro Equipamentos\" \/>\n<meta property=\"article:publisher\" content=\"https:\/\/www.facebook.com\/nigroequipamentos\" \/>\n<meta name=\"twitter:card\" content=\"summary_large_image\" \/>\n<script type=\"application\/ld+json\" class=\"yoast-schema-graph\">{\"@context\":\"https:\/\/schema.org\",\"@graph\":[{\"@type\":\"WebPage\",\"@id\":\"https:\/\/nigroequipamentos.com.br\/conteudo\/descubra-os-modelos-de-empilhadeira-paletrans-e-suas-vantagens-2\/\",\"url\":\"https:\/\/nigroequipamentos.com.br\/conteudo\/descubra-os-modelos-de-empilhadeira-paletrans-e-suas-vantagens-2\/\",\"name\":\"Modelos de Empilhadeira Paletrans na Nigro Equipamentos\",\"isPartOf\":{\"@id\":\"https:\/\/nigroequipamentos.com.br\/conteudo\/#website\"},\"datePublished\":\"2026-01-12T02:01:03+00:00\",\"dateModified\":\"2026-01-12T02:01:03+00:00\",\"description\":\"Conhe\u00e7a os modelos de empilhadeira Paletrans dispon\u00edveis na Nigro Equipamentos, sua melhor op\u00e7\u00e3o para compra, manuten\u00e7\u00e3o e loca\u00e7\u00e3o.\",\"breadcrumb\":{\"@id\":\"https:\/\/nigroequipamentos.com.br\/conteudo\/descubra-os-modelos-de-empilhadeira-paletrans-e-suas-vantagens-2\/#breadcrumb\"},\"inLanguage\":\"pt-BR\",\"potentialAction\":[{\"@type\":\"ReadAction\",\"target\":[\"https:\/\/nigroequipamentos.com.br\/conteudo\/descubra-os-modelos-de-empilhadeira-paletrans-e-suas-vantagens-2\/\"]}]},{\"@type\":\"BreadcrumbList\",\"@id\":\"https:\/\/nigroequipamentos.com.br\/conteudo\/descubra-os-modelos-de-empilhadeira-paletrans-e-suas-vantagens-2\/#breadcrumb\",\"itemListElement\":[{\"@type\":\"ListItem\",\"position\":1,\"name\":\"In\u00edcio\",\"item\":\"https:\/\/nigroequipamentos.com.br\/conteudo\/\"},{\"@type\":\"ListItem\",\"position\":2,\"name\":\"Descubra os Modelos de Empilhadeira Paletrans e Suas Vantagens\"}]},{\"@type\":\"WebSite\",\"@id\":\"https:\/\/nigroequipamentos.com.br\/conteudo\/#website\",\"url\":\"https:\/\/nigroequipamentos.com.br\/conteudo\/\",\"name\":\"Nigro Equipamentos\",\"description\":\"Loca\u00e7\u00e3o e Vendas\",\"publisher\":{\"@id\":\"https:\/\/nigroequipamentos.com.br\/conteudo\/#organization\"},\"potentialAction\":[{\"@type\":\"SearchAction\",\"target\":{\"@type\":\"EntryPoint\",\"urlTemplate\":\"https:\/\/nigroequipamentos.com.br\/conteudo\/?s={search_term_string}\"},\"query-input\":{\"@type\":\"PropertyValueSpecification\",\"valueRequired\":true,\"valueName\":\"search_term_string\"}}],\"inLanguage\":\"pt-BR\"},{\"@type\":\"Organization\",\"@id\":\"https:\/\/nigroequipamentos.com.br\/conteudo\/#organization\",\"name\":\"Nigro Equipamentos\",\"url\":\"https:\/\/nigroequipamentos.com.br\/conteudo\/\",\"logo\":{\"@type\":\"ImageObject\",\"inLanguage\":\"pt-BR\",\"@id\":\"https:\/\/nigroequipamentos.com.br\/conteudo\/#\/schema\/logo\/image\/\",\"url\":\"https:\/\/nigroequipamentos.com.br\/conteudo\/wp-content\/uploads\/2024\/10\/nigroequipamentos_logo.webp\",\"contentUrl\":\"https:\/\/nigroequipamentos.com.br\/conteudo\/wp-content\/uploads\/2024\/10\/nigroequipamentos_logo.webp\",\"width\":785,\"height\":355,\"caption\":\"Nigro Equipamentos\"},\"image\":{\"@id\":\"https:\/\/nigroequipamentos.com.br\/conteudo\/#\/schema\/logo\/image\/\"},\"sameAs\":[\"https:\/\/www.facebook.com\/nigroequipamentos\",\"https:\/\/www.instagram.com\/nigroequipamentos\/\"]}]}<\/script>\n<!-- \/ Yoast SEO Premium plugin. -->","yoast_head_json":{"title":"Modelos de Empilhadeira Paletrans na Nigro Equipamentos","description":"Conhe\u00e7a os modelos de empilhadeira Paletrans dispon\u00edveis na Nigro Equipamentos, sua melhor op\u00e7\u00e3o para compra, manuten\u00e7\u00e3o e loca\u00e7\u00e3o.","robots":{"index":"index","follow":"follow","max-snippet":"max-snippet:-1","max-image-preview":"max-image-preview:large","max-video-preview":"max-video-preview:-1"},"canonical":"https:\/\/nigroequipamentos.com.br\/conteudo\/descubra-os-modelos-de-empilhadeira-paletrans-e-suas-vantagens-2\/","og_locale":"pt_BR","og_type":"article","og_title":"Descubra os Modelos de Empilhadeira Paletrans e Suas Vantagens","og_description":"Conhe\u00e7a os modelos de empilhadeira Paletrans dispon\u00edveis na Nigro Equipamentos, sua melhor op\u00e7\u00e3o para compra, manuten\u00e7\u00e3o e loca\u00e7\u00e3o.","og_url":"https:\/\/nigroequipamentos.com.br\/conteudo\/descubra-os-modelos-de-empilhadeira-paletrans-e-suas-vantagens-2\/","og_site_name":"Nigro Equipamentos","article_publisher":"https:\/\/www.facebook.com\/nigroequipamentos","twitter_card":"summary_large_image","schema":{"@context":"https:\/\/schema.org","@graph":[{"@type":"WebPage","@id":"https:\/\/nigroequipamentos.com.br\/conteudo\/descubra-os-modelos-de-empilhadeira-paletrans-e-suas-vantagens-2\/","url":"https:\/\/nigroequipamentos.com.br\/conteudo\/descubra-os-modelos-de-empilhadeira-paletrans-e-suas-vantagens-2\/","name":"Modelos de Empilhadeira Paletrans na Nigro Equipamentos","isPartOf":{"@id":"https:\/\/nigroequipamentos.com.br\/conteudo\/#website"},"datePublished":"2026-01-12T02:01:03+00:00","dateModified":"2026-01-12T02:01:03+00:00","description":"Conhe\u00e7a os modelos de empilhadeira Paletrans dispon\u00edveis na Nigro Equipamentos, sua melhor op\u00e7\u00e3o para compra, manuten\u00e7\u00e3o e loca\u00e7\u00e3o.","breadcrumb":{"@id":"https:\/\/nigroequipamentos.com.br\/conteudo\/descubra-os-modelos-de-empilhadeira-paletrans-e-suas-vantagens-2\/#breadcrumb"},"inLanguage":"pt-BR","potentialAction":[{"@type":"ReadAction","target":["https:\/\/nigroequipamentos.com.br\/conteudo\/descubra-os-modelos-de-empilhadeira-paletrans-e-suas-vantagens-2\/"]}]},{"@type":"BreadcrumbList","@id":"https:\/\/nigroequipamentos.com.br\/conteudo\/descubra-os-modelos-de-empilhadeira-paletrans-e-suas-vantagens-2\/#breadcrumb","itemListElement":[{"@type":"ListItem","position":1,"name":"In\u00edcio","item":"https:\/\/nigroequipamentos.com.br\/conteudo\/"},{"@type":"ListItem","position":2,"name":"Descubra os Modelos de Empilhadeira Paletrans e Suas Vantagens"}]},{"@type":"WebSite","@id":"https:\/\/nigroequipamentos.com.br\/conteudo\/#website","url":"https:\/\/nigroequipamentos.com.br\/conteudo\/","name":"Nigro Equipamentos","description":"Loca\u00e7\u00e3o e Vendas","publisher":{"@id":"https:\/\/nigroequipamentos.com.br\/conteudo\/#organization"},"potentialAction":[{"@type":"SearchAction","target":{"@type":"EntryPoint","urlTemplate":"https:\/\/nigroequipamentos.com.br\/conteudo\/?s={search_term_string}"},"query-input":{"@type":"PropertyValueSpecification","valueRequired":true,"valueName":"search_term_string"}}],"inLanguage":"pt-BR"},{"@type":"Organization","@id":"https:\/\/nigroequipamentos.com.br\/conteudo\/#organization","name":"Nigro Equipamentos","url":"https:\/\/nigroequipamentos.com.br\/conteudo\/","logo":{"@type":"ImageObject","inLanguage":"pt-BR","@id":"https:\/\/nigroequipamentos.com.br\/conteudo\/#\/schema\/logo\/image\/","url":"https:\/\/nigroequipamentos.com.br\/conteudo\/wp-content\/uploads\/2024\/10\/nigroequipamentos_logo.webp","contentUrl":"https:\/\/nigroequipamentos.com.br\/conteudo\/wp-content\/uploads\/2024\/10\/nigroequipamentos_logo.webp","width":785,"height":355,"caption":"Nigro Equipamentos"},"image":{"@id":"https:\/\/nigroequipamentos.com.br\/conteudo\/#\/schema\/logo\/image\/"},"sameAs":["https:\/\/www.facebook.com\/nigroequipamentos","https:\/\/www.instagram.com\/nigroequipamentos\/"]}]}},"_links":{"self":[{"href":"https:\/\/nigroequipamentos.com.br\/conteudo\/wp-json\/wp\/v2\/pages\/83978","targetHints":{"allow":["GET"]}}],"collection":[{"href":"https:\/\/nigroequipamentos.com.br\/conteudo\/wp-json\/wp\/v2\/pages"}],"about":[{"href":"https:\/\/nigroequipamentos.com.br\/conteudo\/wp-json\/wp\/v2\/types\/page"}],"author":[{"embeddable":true,"href":"https:\/\/nigroequipamentos.com.br\/conteudo\/wp-json\/wp\/v2\/users\/3"}],"replies":[{"embeddable":true,"href":"https:\/\/nigroequipamentos.com.br\/conteudo\/wp-json\/wp\/v2\/comments?post=83978"}],"version-history":[{"count":0,"href":"https:\/\/nigroequipamentos.com.br\/conteudo\/wp-json\/wp\/v2\/pages\/83978\/revisions"}],"wp:attachment":[{"href":"https:\/\/nigroequipamentos.com.br\/conteudo\/wp-json\/wp\/v2\/media?parent=83978"}],"curies":[{"name":"wp","href":"https:\/\/api.w.org\/{rel}","templated":true}]}}