{"id":83473,"date":"2026-01-09T14:46:05","date_gmt":"2026-01-09T17:46:05","guid":{"rendered":"https:\/\/nigroequipamentos.com.br\/conteudo\/empilhadeira-paletrans-seguranca-em-primeiro-lugar-39\/"},"modified":"2026-01-09T14:46:05","modified_gmt":"2026-01-09T17:46:05","slug":"empilhadeira-paletrans-seguranca-em-primeiro-lugar-39","status":"publish","type":"page","link":"https:\/\/nigroequipamentos.com.br\/conteudo\/empilhadeira-paletrans-seguranca-em-primeiro-lugar-39\/","title":{"rendered":"Empilhadeira Paletrans: Seguran\u00e7a em Primeiro Lugar"},"content":{"rendered":"<p>A seguran\u00e7a \u00e9 vital em opera\u00e7\u00f5es com empilhadeiras, especialmente com a Paletrans. Investir em seguran\u00e7a com empilhadeiras \u00e9 garantir a integridade do seu time e a \u00f3tima performance do seu neg\u00f3cio. A Nigro Equipamentos, refer\u00eancia no setor, fornece empilhadeiras Paletrans com tecnologia de ponta que prioriza a seguran\u00e7a. Cada empilhadeira Paletrans \u00e9 projetada para n\u00e3o apenas aumentar a efici\u00eancia das opera\u00e7\u00f5es, mas tamb\u00e9m para proteger seus operadores e colaboradores. Trabalhar com a Nigro \u00e9 ter a certeza de que voc\u00ea est\u00e1 utilizando equipamentos que respeitam padr\u00f5es rigorosos de seguran\u00e7a.<\/p>\n","protected":false},"excerpt":{"rendered":"<p>A seguran\u00e7a \u00e9 vital em opera\u00e7\u00f5es com empilhadeiras, especialmente com a Paletrans. Investir em seguran\u00e7a com empilhadeiras \u00e9 garantir a integridade do seu time e a \u00f3tima performance do seu neg\u00f3cio. A Nigro Equipamentos, refer\u00eancia no setor, fornece empilhadeiras Paletrans com tecnologia de ponta que prioriza a seguran\u00e7a. Cada empilhadeira Paletrans \u00e9 projetada para n\u00e3o&hellip;&nbsp;<a href=\"https:\/\/nigroequipamentos.com.br\/conteudo\/empilhadeira-paletrans-seguranca-em-primeiro-lugar-39\/\" class=\"\" rel=\"bookmark\">Continue a ler &raquo;<span class=\"screen-reader-text\">Empilhadeira Paletrans: Seguran\u00e7a em Primeiro Lugar<\/span><\/a><\/p>\n","protected":false},"author":3,"featured_media":0,"parent":0,"menu_order":0,"comment_status":"closed","ping_status":"closed","template":"","meta":{"_acf_changed":false,"_yoast_wpseo_focuskw":"Empilhadeira Paletrans seguran\u00e7a","_yoast_wpseo_title":"Seguran\u00e7a com Empilhadeiras Paletrans: A Melhor Escolha \u00e9 a Nigro","_yoast_wpseo_metadesc":"Descubra como garantir seguran\u00e7a nas opera\u00e7\u00f5es com empilhadeiras Paletrans. A Nigro Equipamentos oferece solu\u00e7\u00f5es eficazes.","neve_meta_sidebar":"","neve_meta_container":"","neve_meta_enable_content_width":"","neve_meta_content_width":0,"neve_meta_title_alignment":"","neve_meta_author_avatar":"","neve_post_elements_order":"","neve_meta_disable_header":"","neve_meta_disable_footer":"","neve_meta_disable_title":"","footnotes":""},"class_list":["post-83473","page","type-page","status-publish","hentry"],"acf":{"bloco1title":"Seguran\u00e7a Inovadora","bloco1text":"A Nigro oferece empilhadeiras Paletrans com recursos tecnol\u00f3gicos que elevam o n\u00edvel de seguran\u00e7a nas opera\u00e7\u00f5es de movimenta\u00e7\u00e3o de carga.","bloco2title":"Atendimento Especializado","bloco2text":"Nossa equipe \u00e9 treinada para garantir que suas empilhadeiras Paletrans estejam sempre em perfeito estado de funcionamento.","bloco3title":"Insights sobre Seguran\u00e7a","bloco3text":"A seguran\u00e7a com empilhadeiras Paletrans vai al\u00e9m do uso de equipamentos. Treinamentos regulares e a manuten\u00e7\u00e3o corretiva e preventiva s\u00e3o essenciais para manter a seguran\u00e7a nas opera\u00e7\u00f5es.","posttitle":"A Import\u00e2ncia da Seguran\u00e7a com Empilhadeiras Paletrans","postcontent":"<strong>Empilhadeiras Paletrans e Seguran\u00e7a<\/strong> - A empilhadeira Paletrans \u00e9 reconhecida pela sua robustez e confiabilidade, mas seguran\u00e7a \u00e9 sempre uma prioridade. Ao escolher empilhadeiras, empresas n\u00e3o devem apenas considerar a efici\u00eancia, mas tamb\u00e9m como as m\u00e1quinas protegem seus operadores. As empilhadeiras Paletrans est\u00e3o equipadas com tecnologia para mitigar riscos, como sistemas de frenagem avan\u00e7ados e estruturas que oferecem maior estabilidade. Adicionalmente, um dos maiores diferenciais da Nigro Equipamentos \u00e9 o suporte t\u00e9cnico oferecido. Nossos especialistas n\u00e3o apenas vendem, mas tamb\u00e9m ensinam como operar empilhadeiras Paletrans de forma a garantir a seguran\u00e7a m\u00e1xima. \u00c9 vital que seu time esteja treinado e ciente dos protocolos de seguran\u00e7a, maximizando assim a prote\u00e7\u00e3o. Al\u00e9m da venda, oferecemos manuten\u00e7\u00e3o preventiva e corretiva, garantindo que as empilhadeiras Paletrans estejam sempre seguras e prontas para uso. Trabalhe com a Nigro Equipamentos e garanta seguran\u00e7a e efici\u00eancia em suas opera\u00e7\u00f5es!","insightwidtitle":"Curiosidades sobre Empilhadeiras","insightwidcontent":"Voc\u00ea sabia que as empilhadeiras Paletrans s\u00e3o equipadas com dispositivos de seguran\u00e7a que evitam tombamentos? Isso \u00e9 crucial para opera\u00e7\u00f5es em terrenos irregulares. Al\u00e9m disso, treinamentos regulares podem reduzir acidentes em at\u00e9 60%, destacando a import\u00e2ncia do conhecimento e da experi\u00eancia na opera\u00e7\u00e3o segura dessas m\u00e1quinas."},"yoast_head":"<!-- This site is optimized with the Yoast SEO Premium plugin v18.3 (Yoast SEO v23.4) - https:\/\/yoast.com\/wordpress\/plugins\/seo\/ -->\n<title>Seguran\u00e7a com Empilhadeiras Paletrans: A Melhor Escolha \u00e9 a Nigro<\/title>\n<meta name=\"description\" content=\"Descubra como garantir seguran\u00e7a nas opera\u00e7\u00f5es com empilhadeiras Paletrans. A Nigro Equipamentos oferece solu\u00e7\u00f5es eficazes.\" \/>\n<meta name=\"robots\" content=\"index, follow, max-snippet:-1, max-image-preview:large, max-video-preview:-1\" \/>\n<link rel=\"canonical\" href=\"https:\/\/nigroequipamentos.com.br\/conteudo\/empilhadeira-paletrans-seguranca-em-primeiro-lugar-39\/\" \/>\n<meta property=\"og:locale\" content=\"pt_BR\" \/>\n<meta property=\"og:type\" content=\"article\" \/>\n<meta property=\"og:title\" content=\"Empilhadeira Paletrans: Seguran\u00e7a em Primeiro Lugar\" \/>\n<meta property=\"og:description\" content=\"Descubra como garantir seguran\u00e7a nas opera\u00e7\u00f5es com empilhadeiras Paletrans. A Nigro Equipamentos oferece solu\u00e7\u00f5es eficazes.\" \/>\n<meta property=\"og:url\" content=\"https:\/\/nigroequipamentos.com.br\/conteudo\/empilhadeira-paletrans-seguranca-em-primeiro-lugar-39\/\" \/>\n<meta property=\"og:site_name\" content=\"Nigro Equipamentos\" \/>\n<meta property=\"article:publisher\" content=\"https:\/\/www.facebook.com\/nigroequipamentos\" \/>\n<meta name=\"twitter:card\" content=\"summary_large_image\" \/>\n<script type=\"application\/ld+json\" class=\"yoast-schema-graph\">{\"@context\":\"https:\/\/schema.org\",\"@graph\":[{\"@type\":\"WebPage\",\"@id\":\"https:\/\/nigroequipamentos.com.br\/conteudo\/empilhadeira-paletrans-seguranca-em-primeiro-lugar-39\/\",\"url\":\"https:\/\/nigroequipamentos.com.br\/conteudo\/empilhadeira-paletrans-seguranca-em-primeiro-lugar-39\/\",\"name\":\"Seguran\u00e7a com Empilhadeiras Paletrans: A Melhor Escolha \u00e9 a Nigro\",\"isPartOf\":{\"@id\":\"https:\/\/nigroequipamentos.com.br\/conteudo\/#website\"},\"datePublished\":\"2026-01-09T17:46:05+00:00\",\"dateModified\":\"2026-01-09T17:46:05+00:00\",\"description\":\"Descubra como garantir seguran\u00e7a nas opera\u00e7\u00f5es com empilhadeiras Paletrans. A Nigro Equipamentos oferece solu\u00e7\u00f5es eficazes.\",\"breadcrumb\":{\"@id\":\"https:\/\/nigroequipamentos.com.br\/conteudo\/empilhadeira-paletrans-seguranca-em-primeiro-lugar-39\/#breadcrumb\"},\"inLanguage\":\"pt-BR\",\"potentialAction\":[{\"@type\":\"ReadAction\",\"target\":[\"https:\/\/nigroequipamentos.com.br\/conteudo\/empilhadeira-paletrans-seguranca-em-primeiro-lugar-39\/\"]}]},{\"@type\":\"BreadcrumbList\",\"@id\":\"https:\/\/nigroequipamentos.com.br\/conteudo\/empilhadeira-paletrans-seguranca-em-primeiro-lugar-39\/#breadcrumb\",\"itemListElement\":[{\"@type\":\"ListItem\",\"position\":1,\"name\":\"In\u00edcio\",\"item\":\"https:\/\/nigroequipamentos.com.br\/conteudo\/\"},{\"@type\":\"ListItem\",\"position\":2,\"name\":\"Empilhadeira Paletrans: Seguran\u00e7a em Primeiro Lugar\"}]},{\"@type\":\"WebSite\",\"@id\":\"https:\/\/nigroequipamentos.com.br\/conteudo\/#website\",\"url\":\"https:\/\/nigroequipamentos.com.br\/conteudo\/\",\"name\":\"Nigro Equipamentos\",\"description\":\"Loca\u00e7\u00e3o e Vendas\",\"publisher\":{\"@id\":\"https:\/\/nigroequipamentos.com.br\/conteudo\/#organization\"},\"potentialAction\":[{\"@type\":\"SearchAction\",\"target\":{\"@type\":\"EntryPoint\",\"urlTemplate\":\"https:\/\/nigroequipamentos.com.br\/conteudo\/?s={search_term_string}\"},\"query-input\":{\"@type\":\"PropertyValueSpecification\",\"valueRequired\":true,\"valueName\":\"search_term_string\"}}],\"inLanguage\":\"pt-BR\"},{\"@type\":\"Organization\",\"@id\":\"https:\/\/nigroequipamentos.com.br\/conteudo\/#organization\",\"name\":\"Nigro Equipamentos\",\"url\":\"https:\/\/nigroequipamentos.com.br\/conteudo\/\",\"logo\":{\"@type\":\"ImageObject\",\"inLanguage\":\"pt-BR\",\"@id\":\"https:\/\/nigroequipamentos.com.br\/conteudo\/#\/schema\/logo\/image\/\",\"url\":\"https:\/\/nigroequipamentos.com.br\/conteudo\/wp-content\/uploads\/2024\/10\/nigroequipamentos_logo.webp\",\"contentUrl\":\"https:\/\/nigroequipamentos.com.br\/conteudo\/wp-content\/uploads\/2024\/10\/nigroequipamentos_logo.webp\",\"width\":785,\"height\":355,\"caption\":\"Nigro Equipamentos\"},\"image\":{\"@id\":\"https:\/\/nigroequipamentos.com.br\/conteudo\/#\/schema\/logo\/image\/\"},\"sameAs\":[\"https:\/\/www.facebook.com\/nigroequipamentos\",\"https:\/\/www.instagram.com\/nigroequipamentos\/\"]}]}<\/script>\n<!-- \/ Yoast SEO Premium plugin. -->","yoast_head_json":{"title":"Seguran\u00e7a com Empilhadeiras Paletrans: A Melhor Escolha \u00e9 a Nigro","description":"Descubra como garantir seguran\u00e7a nas opera\u00e7\u00f5es com empilhadeiras Paletrans. A Nigro Equipamentos oferece solu\u00e7\u00f5es eficazes.","robots":{"index":"index","follow":"follow","max-snippet":"max-snippet:-1","max-image-preview":"max-image-preview:large","max-video-preview":"max-video-preview:-1"},"canonical":"https:\/\/nigroequipamentos.com.br\/conteudo\/empilhadeira-paletrans-seguranca-em-primeiro-lugar-39\/","og_locale":"pt_BR","og_type":"article","og_title":"Empilhadeira Paletrans: Seguran\u00e7a em Primeiro Lugar","og_description":"Descubra como garantir seguran\u00e7a nas opera\u00e7\u00f5es com empilhadeiras Paletrans. A Nigro Equipamentos oferece solu\u00e7\u00f5es eficazes.","og_url":"https:\/\/nigroequipamentos.com.br\/conteudo\/empilhadeira-paletrans-seguranca-em-primeiro-lugar-39\/","og_site_name":"Nigro Equipamentos","article_publisher":"https:\/\/www.facebook.com\/nigroequipamentos","twitter_card":"summary_large_image","schema":{"@context":"https:\/\/schema.org","@graph":[{"@type":"WebPage","@id":"https:\/\/nigroequipamentos.com.br\/conteudo\/empilhadeira-paletrans-seguranca-em-primeiro-lugar-39\/","url":"https:\/\/nigroequipamentos.com.br\/conteudo\/empilhadeira-paletrans-seguranca-em-primeiro-lugar-39\/","name":"Seguran\u00e7a com Empilhadeiras Paletrans: A Melhor Escolha \u00e9 a Nigro","isPartOf":{"@id":"https:\/\/nigroequipamentos.com.br\/conteudo\/#website"},"datePublished":"2026-01-09T17:46:05+00:00","dateModified":"2026-01-09T17:46:05+00:00","description":"Descubra como garantir seguran\u00e7a nas opera\u00e7\u00f5es com empilhadeiras Paletrans. A Nigro Equipamentos oferece solu\u00e7\u00f5es eficazes.","breadcrumb":{"@id":"https:\/\/nigroequipamentos.com.br\/conteudo\/empilhadeira-paletrans-seguranca-em-primeiro-lugar-39\/#breadcrumb"},"inLanguage":"pt-BR","potentialAction":[{"@type":"ReadAction","target":["https:\/\/nigroequipamentos.com.br\/conteudo\/empilhadeira-paletrans-seguranca-em-primeiro-lugar-39\/"]}]},{"@type":"BreadcrumbList","@id":"https:\/\/nigroequipamentos.com.br\/conteudo\/empilhadeira-paletrans-seguranca-em-primeiro-lugar-39\/#breadcrumb","itemListElement":[{"@type":"ListItem","position":1,"name":"In\u00edcio","item":"https:\/\/nigroequipamentos.com.br\/conteudo\/"},{"@type":"ListItem","position":2,"name":"Empilhadeira Paletrans: Seguran\u00e7a em Primeiro Lugar"}]},{"@type":"WebSite","@id":"https:\/\/nigroequipamentos.com.br\/conteudo\/#website","url":"https:\/\/nigroequipamentos.com.br\/conteudo\/","name":"Nigro Equipamentos","description":"Loca\u00e7\u00e3o e Vendas","publisher":{"@id":"https:\/\/nigroequipamentos.com.br\/conteudo\/#organization"},"potentialAction":[{"@type":"SearchAction","target":{"@type":"EntryPoint","urlTemplate":"https:\/\/nigroequipamentos.com.br\/conteudo\/?s={search_term_string}"},"query-input":{"@type":"PropertyValueSpecification","valueRequired":true,"valueName":"search_term_string"}}],"inLanguage":"pt-BR"},{"@type":"Organization","@id":"https:\/\/nigroequipamentos.com.br\/conteudo\/#organization","name":"Nigro Equipamentos","url":"https:\/\/nigroequipamentos.com.br\/conteudo\/","logo":{"@type":"ImageObject","inLanguage":"pt-BR","@id":"https:\/\/nigroequipamentos.com.br\/conteudo\/#\/schema\/logo\/image\/","url":"https:\/\/nigroequipamentos.com.br\/conteudo\/wp-content\/uploads\/2024\/10\/nigroequipamentos_logo.webp","contentUrl":"https:\/\/nigroequipamentos.com.br\/conteudo\/wp-content\/uploads\/2024\/10\/nigroequipamentos_logo.webp","width":785,"height":355,"caption":"Nigro Equipamentos"},"image":{"@id":"https:\/\/nigroequipamentos.com.br\/conteudo\/#\/schema\/logo\/image\/"},"sameAs":["https:\/\/www.facebook.com\/nigroequipamentos","https:\/\/www.instagram.com\/nigroequipamentos\/"]}]}},"_links":{"self":[{"href":"https:\/\/nigroequipamentos.com.br\/conteudo\/wp-json\/wp\/v2\/pages\/83473","targetHints":{"allow":["GET"]}}],"collection":[{"href":"https:\/\/nigroequipamentos.com.br\/conteudo\/wp-json\/wp\/v2\/pages"}],"about":[{"href":"https:\/\/nigroequipamentos.com.br\/conteudo\/wp-json\/wp\/v2\/types\/page"}],"author":[{"embeddable":true,"href":"https:\/\/nigroequipamentos.com.br\/conteudo\/wp-json\/wp\/v2\/users\/3"}],"replies":[{"embeddable":true,"href":"https:\/\/nigroequipamentos.com.br\/conteudo\/wp-json\/wp\/v2\/comments?post=83473"}],"version-history":[{"count":0,"href":"https:\/\/nigroequipamentos.com.br\/conteudo\/wp-json\/wp\/v2\/pages\/83473\/revisions"}],"wp:attachment":[{"href":"https:\/\/nigroequipamentos.com.br\/conteudo\/wp-json\/wp\/v2\/media?parent=83473"}],"curies":[{"name":"wp","href":"https:\/\/api.w.org\/{rel}","templated":true}]}}