{"id":82843,"date":"2026-01-06T16:01:02","date_gmt":"2026-01-06T19:01:02","guid":{"rendered":"https:\/\/nigroequipamentos.com.br\/conteudo\/a-excelencia-na-operacao-de-empilhadeiras-paletrans-com-a-nigro-equipamentos\/"},"modified":"2026-01-06T16:01:02","modified_gmt":"2026-01-06T19:01:02","slug":"a-excelencia-na-operacao-de-empilhadeiras-paletrans-com-a-nigro-equipamentos","status":"publish","type":"page","link":"https:\/\/nigroequipamentos.com.br\/conteudo\/a-excelencia-na-operacao-de-empilhadeiras-paletrans-com-a-nigro-equipamentos\/","title":{"rendered":"A Excel\u00eancia na Opera\u00e7\u00e3o de Empilhadeiras Paletrans com a Nigro Equipamentos"},"content":{"rendered":"<p>A opera\u00e7\u00e3o de uma empilhadeira Paletrans \u00e9 essencial para otimizar processos log\u00edsticos e aumentar a efici\u00eancia no transporte de cargas. A Nigro Equipamentos tem se destacado no fornecimento das melhores solu\u00e7\u00f5es para a opera\u00e7\u00e3o de empilhadeiras Paletrans, garantindo que sua empresa tenha as melhores ferramentas para movimenta\u00e7\u00e3o de materiais. A experi\u00eancia e especializa\u00e7\u00e3o da Nigro em empilhadeiras Paletrans fazem dela a escolha ideal para empresas que buscam qualidade e desempenho superior. Com as empilhadeiras Paletrans, seus operadores ir\u00e3o elevar a produtividade e a seguran\u00e7a nas opera\u00e7\u00f5es di\u00e1rias. A Nigro Equipamentos oferece op\u00e7\u00f5es para compra, manuten\u00e7\u00e3o e loca\u00e7\u00e3o de empilhadeiras Paletrans, atendendo diversas necessidades do mercado.<\/p>\n","protected":false},"excerpt":{"rendered":"<p>A opera\u00e7\u00e3o de uma empilhadeira Paletrans \u00e9 essencial para otimizar processos log\u00edsticos e aumentar a efici\u00eancia no transporte de cargas. A Nigro Equipamentos tem se destacado no fornecimento das melhores solu\u00e7\u00f5es para a opera\u00e7\u00e3o de empilhadeiras Paletrans, garantindo que sua empresa tenha as melhores ferramentas para movimenta\u00e7\u00e3o de materiais. A experi\u00eancia e especializa\u00e7\u00e3o da Nigro&hellip;&nbsp;<a href=\"https:\/\/nigroequipamentos.com.br\/conteudo\/a-excelencia-na-operacao-de-empilhadeiras-paletrans-com-a-nigro-equipamentos\/\" class=\"\" rel=\"bookmark\">Continue a ler &raquo;<span class=\"screen-reader-text\">A Excel\u00eancia na Opera\u00e7\u00e3o de Empilhadeiras Paletrans com a Nigro Equipamentos<\/span><\/a><\/p>\n","protected":false},"author":3,"featured_media":0,"parent":0,"menu_order":0,"comment_status":"closed","ping_status":"closed","template":"","meta":{"_acf_changed":false,"_yoast_wpseo_focuskw":"Empilhadeira Paletrans opera\u00e7\u00e3o","_yoast_wpseo_title":"Melhore a Opera\u00e7\u00e3o da sua Empilhadeira Paletrans com a Nigro Equipamentos","_yoast_wpseo_metadesc":"Descubra como a Nigro Equipamentos aprimora a opera\u00e7\u00e3o de empilhadeiras Paletrans com solu\u00e7\u00f5es de qualidade. Conhe\u00e7a nossas op\u00e7\u00f5es de compra e loca\u00e7\u00e3o!","neve_meta_sidebar":"","neve_meta_container":"","neve_meta_enable_content_width":"","neve_meta_content_width":0,"neve_meta_title_alignment":"","neve_meta_author_avatar":"","neve_post_elements_order":"","neve_meta_disable_header":"","neve_meta_disable_footer":"","neve_meta_disable_title":"","footnotes":""},"class_list":["post-82843","page","type-page","status-publish","hentry"],"acf":{"bloco1title":"Qualidade na Loca\u00e7\u00e3o","bloco1text":"A Nigro Equipamentos se destaca pela qualidade e confiabilidade em loca\u00e7\u00e3o de empilhadeiras Paletrans, prontas para atender sua demanda com efici\u00eancia.","bloco2title":"Manuten\u00e7\u00e3o Especializada","bloco2text":"Oferecemos manuten\u00e7\u00e3o especializada para empilhadeiras Paletrans, garantindo seu pleno funcionamento e maior vida \u00fatil.","bloco3title":"Seguran\u00e7a em Primeiro Lugar","bloco3text":"A opera\u00e7\u00e3o de empilhadeiras Paletrans deve priorizar a seguran\u00e7a. A Nigro Equipamentos fornece treinamentos e dicas para maximizar essa seguran\u00e7a, evitando acidentes e otimizando resultados.","posttitle":"Tudo sobre Empilhadeiras Paletrans: Opera\u00e7\u00e3o, Manuten\u00e7\u00e3o e Loca\u00e7\u00e3o","postcontent":"<strong>Empilhadeiras Paletrans em Foco<\/strong> s\u00e3o equipamentos fundamentais para movimenta\u00e7\u00e3o de cargas em armaz\u00e9ns, ind\u00fastrias e centros de distribui\u00e7\u00e3o. Sua opera\u00e7\u00e3o correta n\u00e3o s\u00f3 garante efici\u00eancia, mas tamb\u00e9m seguran\u00e7a aos trabalhadores. Ao optar pela Nigro Equipamentos, voc\u00ea contar\u00e1 com empilhadeiras Paletrans que atendem \u00e0s mais rigorosas normas de qualidade e seguran\u00e7a. Al\u00e9m de fornecer as melhores m\u00e1quinas, oferecemos servi\u00e7os de manuten\u00e7\u00e3o, assegurando que suas empilhadeiras Paletrans estejam sempre em perfeito estado. A loca\u00e7\u00e3o de empilhadeiras Paletrans \u00e9 uma \u00f3tima alternativa para empresas que n\u00e3o possuem espa\u00e7o ou recursos para aquisi\u00e7\u00e3o. A Nigro Equipamentos disponibiliza v\u00e1rios modelos de empilhadeiras Paletrans, permitindo a escolha conforme a necessidade de movimenta\u00e7\u00e3o de cargas. Entre em contato e descubra como melhorar a opera\u00e7\u00e3o da sua empilhadeira Paletrans com a Nigro Equipamentos. Seu sucesso na opera\u00e7\u00e3o de empilhadeiras Paletrans est\u00e1 garantido!","insightwidtitle":"Curiosidades sobre Empilhadeiras Paletrans","insightwidcontent":"Voc\u00ea sabia que as empilhadeiras Paletrans foram desenvolvidas para atender \u00e0 crescente demanda por automa\u00e7\u00e3o em armaz\u00e9ns? Hoje, sua opera\u00e7\u00e3o pode ser otimizada com tecnologia de ponta, incluindo sistemas de gerenciamento de frota. Al\u00e9m disso, o correto treinamento de operadores \u00e9 crucial e pode reduzir significativamente os riscos de acidentes. Com a Nigro Equipamentos, voc\u00ea se beneficia de toda essa tecnologia aliada a um excelente suporte t\u00e9cnico."},"yoast_head":"<!-- This site is optimized with the Yoast SEO Premium plugin v18.3 (Yoast SEO v23.4) - https:\/\/yoast.com\/wordpress\/plugins\/seo\/ -->\n<title>Melhore a Opera\u00e7\u00e3o da sua Empilhadeira Paletrans com a Nigro Equipamentos<\/title>\n<meta name=\"description\" content=\"Descubra como a Nigro Equipamentos aprimora a opera\u00e7\u00e3o de empilhadeiras Paletrans com solu\u00e7\u00f5es de qualidade. Conhe\u00e7a nossas op\u00e7\u00f5es de compra e loca\u00e7\u00e3o!\" \/>\n<meta name=\"robots\" content=\"index, follow, max-snippet:-1, max-image-preview:large, max-video-preview:-1\" \/>\n<link rel=\"canonical\" href=\"https:\/\/nigroequipamentos.com.br\/conteudo\/a-excelencia-na-operacao-de-empilhadeiras-paletrans-com-a-nigro-equipamentos\/\" \/>\n<meta property=\"og:locale\" content=\"pt_BR\" \/>\n<meta property=\"og:type\" content=\"article\" \/>\n<meta property=\"og:title\" content=\"A Excel\u00eancia na Opera\u00e7\u00e3o de Empilhadeiras Paletrans com a Nigro Equipamentos\" \/>\n<meta property=\"og:description\" content=\"Descubra como a Nigro Equipamentos aprimora a opera\u00e7\u00e3o de empilhadeiras Paletrans com solu\u00e7\u00f5es de qualidade. Conhe\u00e7a nossas op\u00e7\u00f5es de compra e loca\u00e7\u00e3o!\" \/>\n<meta property=\"og:url\" content=\"https:\/\/nigroequipamentos.com.br\/conteudo\/a-excelencia-na-operacao-de-empilhadeiras-paletrans-com-a-nigro-equipamentos\/\" \/>\n<meta property=\"og:site_name\" content=\"Nigro Equipamentos\" \/>\n<meta property=\"article:publisher\" content=\"https:\/\/www.facebook.com\/nigroequipamentos\" \/>\n<meta name=\"twitter:card\" content=\"summary_large_image\" \/>\n<meta name=\"twitter:label1\" content=\"Est. tempo de leitura\" \/>\n\t<meta name=\"twitter:data1\" content=\"1 minuto\" \/>\n<script type=\"application\/ld+json\" class=\"yoast-schema-graph\">{\"@context\":\"https:\/\/schema.org\",\"@graph\":[{\"@type\":\"WebPage\",\"@id\":\"https:\/\/nigroequipamentos.com.br\/conteudo\/a-excelencia-na-operacao-de-empilhadeiras-paletrans-com-a-nigro-equipamentos\/\",\"url\":\"https:\/\/nigroequipamentos.com.br\/conteudo\/a-excelencia-na-operacao-de-empilhadeiras-paletrans-com-a-nigro-equipamentos\/\",\"name\":\"Melhore a Opera\u00e7\u00e3o da sua Empilhadeira Paletrans com a Nigro Equipamentos\",\"isPartOf\":{\"@id\":\"https:\/\/nigroequipamentos.com.br\/conteudo\/#website\"},\"datePublished\":\"2026-01-06T19:01:02+00:00\",\"dateModified\":\"2026-01-06T19:01:02+00:00\",\"description\":\"Descubra como a Nigro Equipamentos aprimora a opera\u00e7\u00e3o de empilhadeiras Paletrans com solu\u00e7\u00f5es de qualidade. Conhe\u00e7a nossas op\u00e7\u00f5es de compra e loca\u00e7\u00e3o!\",\"breadcrumb\":{\"@id\":\"https:\/\/nigroequipamentos.com.br\/conteudo\/a-excelencia-na-operacao-de-empilhadeiras-paletrans-com-a-nigro-equipamentos\/#breadcrumb\"},\"inLanguage\":\"pt-BR\",\"potentialAction\":[{\"@type\":\"ReadAction\",\"target\":[\"https:\/\/nigroequipamentos.com.br\/conteudo\/a-excelencia-na-operacao-de-empilhadeiras-paletrans-com-a-nigro-equipamentos\/\"]}]},{\"@type\":\"BreadcrumbList\",\"@id\":\"https:\/\/nigroequipamentos.com.br\/conteudo\/a-excelencia-na-operacao-de-empilhadeiras-paletrans-com-a-nigro-equipamentos\/#breadcrumb\",\"itemListElement\":[{\"@type\":\"ListItem\",\"position\":1,\"name\":\"In\u00edcio\",\"item\":\"https:\/\/nigroequipamentos.com.br\/conteudo\/\"},{\"@type\":\"ListItem\",\"position\":2,\"name\":\"A Excel\u00eancia na Opera\u00e7\u00e3o de Empilhadeiras Paletrans com a Nigro Equipamentos\"}]},{\"@type\":\"WebSite\",\"@id\":\"https:\/\/nigroequipamentos.com.br\/conteudo\/#website\",\"url\":\"https:\/\/nigroequipamentos.com.br\/conteudo\/\",\"name\":\"Nigro Equipamentos\",\"description\":\"Loca\u00e7\u00e3o e Vendas\",\"publisher\":{\"@id\":\"https:\/\/nigroequipamentos.com.br\/conteudo\/#organization\"},\"potentialAction\":[{\"@type\":\"SearchAction\",\"target\":{\"@type\":\"EntryPoint\",\"urlTemplate\":\"https:\/\/nigroequipamentos.com.br\/conteudo\/?s={search_term_string}\"},\"query-input\":{\"@type\":\"PropertyValueSpecification\",\"valueRequired\":true,\"valueName\":\"search_term_string\"}}],\"inLanguage\":\"pt-BR\"},{\"@type\":\"Organization\",\"@id\":\"https:\/\/nigroequipamentos.com.br\/conteudo\/#organization\",\"name\":\"Nigro Equipamentos\",\"url\":\"https:\/\/nigroequipamentos.com.br\/conteudo\/\",\"logo\":{\"@type\":\"ImageObject\",\"inLanguage\":\"pt-BR\",\"@id\":\"https:\/\/nigroequipamentos.com.br\/conteudo\/#\/schema\/logo\/image\/\",\"url\":\"https:\/\/nigroequipamentos.com.br\/conteudo\/wp-content\/uploads\/2024\/10\/nigroequipamentos_logo.webp\",\"contentUrl\":\"https:\/\/nigroequipamentos.com.br\/conteudo\/wp-content\/uploads\/2024\/10\/nigroequipamentos_logo.webp\",\"width\":785,\"height\":355,\"caption\":\"Nigro Equipamentos\"},\"image\":{\"@id\":\"https:\/\/nigroequipamentos.com.br\/conteudo\/#\/schema\/logo\/image\/\"},\"sameAs\":[\"https:\/\/www.facebook.com\/nigroequipamentos\",\"https:\/\/www.instagram.com\/nigroequipamentos\/\"]}]}<\/script>\n<!-- \/ Yoast SEO Premium plugin. -->","yoast_head_json":{"title":"Melhore a Opera\u00e7\u00e3o da sua Empilhadeira Paletrans com a Nigro Equipamentos","description":"Descubra como a Nigro Equipamentos aprimora a opera\u00e7\u00e3o de empilhadeiras Paletrans com solu\u00e7\u00f5es de qualidade. Conhe\u00e7a nossas op\u00e7\u00f5es de compra e loca\u00e7\u00e3o!","robots":{"index":"index","follow":"follow","max-snippet":"max-snippet:-1","max-image-preview":"max-image-preview:large","max-video-preview":"max-video-preview:-1"},"canonical":"https:\/\/nigroequipamentos.com.br\/conteudo\/a-excelencia-na-operacao-de-empilhadeiras-paletrans-com-a-nigro-equipamentos\/","og_locale":"pt_BR","og_type":"article","og_title":"A Excel\u00eancia na Opera\u00e7\u00e3o de Empilhadeiras Paletrans com a Nigro Equipamentos","og_description":"Descubra como a Nigro Equipamentos aprimora a opera\u00e7\u00e3o de empilhadeiras Paletrans com solu\u00e7\u00f5es de qualidade. Conhe\u00e7a nossas op\u00e7\u00f5es de compra e loca\u00e7\u00e3o!","og_url":"https:\/\/nigroequipamentos.com.br\/conteudo\/a-excelencia-na-operacao-de-empilhadeiras-paletrans-com-a-nigro-equipamentos\/","og_site_name":"Nigro Equipamentos","article_publisher":"https:\/\/www.facebook.com\/nigroequipamentos","twitter_card":"summary_large_image","twitter_misc":{"Est. tempo de leitura":"1 minuto"},"schema":{"@context":"https:\/\/schema.org","@graph":[{"@type":"WebPage","@id":"https:\/\/nigroequipamentos.com.br\/conteudo\/a-excelencia-na-operacao-de-empilhadeiras-paletrans-com-a-nigro-equipamentos\/","url":"https:\/\/nigroequipamentos.com.br\/conteudo\/a-excelencia-na-operacao-de-empilhadeiras-paletrans-com-a-nigro-equipamentos\/","name":"Melhore a Opera\u00e7\u00e3o da sua Empilhadeira Paletrans com a Nigro Equipamentos","isPartOf":{"@id":"https:\/\/nigroequipamentos.com.br\/conteudo\/#website"},"datePublished":"2026-01-06T19:01:02+00:00","dateModified":"2026-01-06T19:01:02+00:00","description":"Descubra como a Nigro Equipamentos aprimora a opera\u00e7\u00e3o de empilhadeiras Paletrans com solu\u00e7\u00f5es de qualidade. Conhe\u00e7a nossas op\u00e7\u00f5es de compra e loca\u00e7\u00e3o!","breadcrumb":{"@id":"https:\/\/nigroequipamentos.com.br\/conteudo\/a-excelencia-na-operacao-de-empilhadeiras-paletrans-com-a-nigro-equipamentos\/#breadcrumb"},"inLanguage":"pt-BR","potentialAction":[{"@type":"ReadAction","target":["https:\/\/nigroequipamentos.com.br\/conteudo\/a-excelencia-na-operacao-de-empilhadeiras-paletrans-com-a-nigro-equipamentos\/"]}]},{"@type":"BreadcrumbList","@id":"https:\/\/nigroequipamentos.com.br\/conteudo\/a-excelencia-na-operacao-de-empilhadeiras-paletrans-com-a-nigro-equipamentos\/#breadcrumb","itemListElement":[{"@type":"ListItem","position":1,"name":"In\u00edcio","item":"https:\/\/nigroequipamentos.com.br\/conteudo\/"},{"@type":"ListItem","position":2,"name":"A Excel\u00eancia na Opera\u00e7\u00e3o de Empilhadeiras Paletrans com a Nigro Equipamentos"}]},{"@type":"WebSite","@id":"https:\/\/nigroequipamentos.com.br\/conteudo\/#website","url":"https:\/\/nigroequipamentos.com.br\/conteudo\/","name":"Nigro Equipamentos","description":"Loca\u00e7\u00e3o e Vendas","publisher":{"@id":"https:\/\/nigroequipamentos.com.br\/conteudo\/#organization"},"potentialAction":[{"@type":"SearchAction","target":{"@type":"EntryPoint","urlTemplate":"https:\/\/nigroequipamentos.com.br\/conteudo\/?s={search_term_string}"},"query-input":{"@type":"PropertyValueSpecification","valueRequired":true,"valueName":"search_term_string"}}],"inLanguage":"pt-BR"},{"@type":"Organization","@id":"https:\/\/nigroequipamentos.com.br\/conteudo\/#organization","name":"Nigro Equipamentos","url":"https:\/\/nigroequipamentos.com.br\/conteudo\/","logo":{"@type":"ImageObject","inLanguage":"pt-BR","@id":"https:\/\/nigroequipamentos.com.br\/conteudo\/#\/schema\/logo\/image\/","url":"https:\/\/nigroequipamentos.com.br\/conteudo\/wp-content\/uploads\/2024\/10\/nigroequipamentos_logo.webp","contentUrl":"https:\/\/nigroequipamentos.com.br\/conteudo\/wp-content\/uploads\/2024\/10\/nigroequipamentos_logo.webp","width":785,"height":355,"caption":"Nigro Equipamentos"},"image":{"@id":"https:\/\/nigroequipamentos.com.br\/conteudo\/#\/schema\/logo\/image\/"},"sameAs":["https:\/\/www.facebook.com\/nigroequipamentos","https:\/\/www.instagram.com\/nigroequipamentos\/"]}]}},"_links":{"self":[{"href":"https:\/\/nigroequipamentos.com.br\/conteudo\/wp-json\/wp\/v2\/pages\/82843","targetHints":{"allow":["GET"]}}],"collection":[{"href":"https:\/\/nigroequipamentos.com.br\/conteudo\/wp-json\/wp\/v2\/pages"}],"about":[{"href":"https:\/\/nigroequipamentos.com.br\/conteudo\/wp-json\/wp\/v2\/types\/page"}],"author":[{"embeddable":true,"href":"https:\/\/nigroequipamentos.com.br\/conteudo\/wp-json\/wp\/v2\/users\/3"}],"replies":[{"embeddable":true,"href":"https:\/\/nigroequipamentos.com.br\/conteudo\/wp-json\/wp\/v2\/comments?post=82843"}],"version-history":[{"count":0,"href":"https:\/\/nigroequipamentos.com.br\/conteudo\/wp-json\/wp\/v2\/pages\/82843\/revisions"}],"wp:attachment":[{"href":"https:\/\/nigroequipamentos.com.br\/conteudo\/wp-json\/wp\/v2\/media?parent=82843"}],"curies":[{"name":"wp","href":"https:\/\/api.w.org\/{rel}","templated":true}]}}