{"id":82214,"date":"2026-01-03T18:01:10","date_gmt":"2026-01-03T21:01:10","guid":{"rendered":"https:\/\/nigroequipamentos.com.br\/conteudo\/orcamento-de-empilhadeira-paletrans-a-melhor-escolha-para-o-seu-negocio\/"},"modified":"2026-01-03T18:01:10","modified_gmt":"2026-01-03T21:01:10","slug":"orcamento-de-empilhadeira-paletrans-a-melhor-escolha-para-o-seu-negocio","status":"publish","type":"page","link":"https:\/\/nigroequipamentos.com.br\/conteudo\/orcamento-de-empilhadeira-paletrans-a-melhor-escolha-para-o-seu-negocio\/","title":{"rendered":"Or\u00e7amento de Empilhadeira Paletrans: A Melhor Escolha para o Seu Neg\u00f3cio"},"content":{"rendered":"<p>Se voc\u00ea est\u00e1 em busca de uma empilhadeira de qualidade, com \u00f3timo custo-benef\u00edcio, o or\u00e7amento da empilhadeira Paletrans \u00e9 a solu\u00e7\u00e3o ideal. Na Nigro Equipamentos, voc\u00ea encontra uma variedade de modelos e op\u00e7\u00f5es de compra, loca\u00e7\u00e3o e manuten\u00e7\u00e3o da empilhadeira Paletrans que atendem a todas as necessidades do seu armaz\u00e9m ou ind\u00fastria. N\u00e3o perca a oportunidade de otimizar seu fluxo de trabalho com equipamentos de qualidade. Com a Nigro, voc\u00ea garante a melhor experi\u00eancia no or\u00e7amento da empilhadeira Paletrans para o seu neg\u00f3cio, aumentando a produtividade e seguran\u00e7a nas opera\u00e7\u00f5es log\u00edsticas.<\/p>\n","protected":false},"excerpt":{"rendered":"<p>Se voc\u00ea est\u00e1 em busca de uma empilhadeira de qualidade, com \u00f3timo custo-benef\u00edcio, o or\u00e7amento da empilhadeira Paletrans \u00e9 a solu\u00e7\u00e3o ideal. Na Nigro Equipamentos, voc\u00ea encontra uma variedade de modelos e op\u00e7\u00f5es de compra, loca\u00e7\u00e3o e manuten\u00e7\u00e3o da empilhadeira Paletrans que atendem a todas as necessidades do seu armaz\u00e9m ou ind\u00fastria. N\u00e3o perca a&hellip;&nbsp;<a href=\"https:\/\/nigroequipamentos.com.br\/conteudo\/orcamento-de-empilhadeira-paletrans-a-melhor-escolha-para-o-seu-negocio\/\" class=\"\" rel=\"bookmark\">Continue a ler &raquo;<span class=\"screen-reader-text\">Or\u00e7amento de Empilhadeira Paletrans: A Melhor Escolha para o Seu Neg\u00f3cio<\/span><\/a><\/p>\n","protected":false},"author":3,"featured_media":0,"parent":0,"menu_order":0,"comment_status":"closed","ping_status":"closed","template":"","meta":{"_acf_changed":false,"_yoast_wpseo_focuskw":"Empilhadeira Paletrans or\u00e7amento","_yoast_wpseo_title":"Or\u00e7amento empilhadeira Paletrans na Nigro Equipamentos","_yoast_wpseo_metadesc":"Solicite seu or\u00e7amento para empilhadeira Paletrans com a Nigro Equipamentos e descubra as melhores op\u00e7\u00f5es para sua empresa.","neve_meta_sidebar":"","neve_meta_container":"","neve_meta_enable_content_width":"","neve_meta_content_width":0,"neve_meta_title_alignment":"","neve_meta_author_avatar":"","neve_post_elements_order":"","neve_meta_disable_header":"","neve_meta_disable_footer":"","neve_meta_disable_title":"","footnotes":""},"class_list":["post-82214","page","type-page","status-publish","hentry"],"acf":{"bloco1title":"Qualidade Superior","bloco1text":"A Nigro Equipamentos oferece empilhadeiras Paletrans que se destacam pela durabilidade e efici\u00eancia no transporte de cargas.","bloco2title":"Suporte Especializado","bloco2text":"Nossa equipe fornece orienta\u00e7\u00e3o especializada para que voc\u00ea fa\u00e7a o melhor or\u00e7amento da empilhadeira Paletrans.","bloco3title":"Otimiza\u00e7\u00e3o de Espa\u00e7o","bloco3text":"A empilhadeira Paletrans \u00e9 ideal para opera\u00e7\u00f5es em espa\u00e7os reduzidos, garantindo praticidade e agilidade no manuseio de mercadorias.","posttitle":"Como Fazer um Or\u00e7amento Eficiente para Empilhadeira Paletrans","postcontent":"<strong>Conhe\u00e7a sua Necessidade:<\/strong> Antes de solicitar um or\u00e7amento da empilhadeira Paletrans, entenda as especifica\u00e7\u00f5es e caracter\u00edsticas necess\u00e1rias para sua opera\u00e7\u00e3o. \n\n<strong>Modelos Dispon\u00edveis:<\/strong> A Nigro Equipamentos disponibiliza diversos modelos de empilhadeira Paletrans, cada um projetado para atender a diferentes tipos de carga e ambientes. \n\n<strong>Vantagens da Paletrans:<\/strong> Al\u00e9m do pre\u00e7o competitivo, a empilhadeira Paletrans impulsiona a efici\u00eancia operacional, reduzindo custos a longo prazo. \n\n<strong>Loca\u00e7\u00e3o e Manuten\u00e7\u00e3o:<\/strong> Outro ponto importante \u00e9 que, ao levantar o or\u00e7amento da empilhadeira Paletrans, considere tamb\u00e9m as op\u00e7\u00f5es de loca\u00e7\u00e3o e manuten\u00e7\u00e3o que a Nigro oferece, tornando sua gest\u00e3o ainda mais pr\u00e1tica e rent\u00e1vel. \n\n<strong>Experi\u00eancia e Confian\u00e7a:<\/strong> Com anos de atua\u00e7\u00e3o no mercado, a Nigro Equipamentos se destaca pela confiabilidade e expertise, tornando-se a melhor op\u00e7\u00e3o para o seu or\u00e7amento da empilhadeira Paletrans. \n\nEm suma, o or\u00e7amento da empilhadeira Paletrans na Nigro \u00e9 a escolha certa para quem procura qualidade e excel\u00eancia em movimenta\u00e7\u00e3o de cargas.","insightwidtitle":"Curiosidades sobre Empilhadeiras","insightwidcontent":"Voc\u00ea sabia que a empilhadeira Paletrans \u00e9 reconhecida pelo seu design compacto, permitindo manobras em \u00e1reas restritas? Essa versatilidade \u00e9 fundamental para empresas que precisam maximizar o uso do espa\u00e7o. Al\u00e9m disso, a manuten\u00e7\u00e3o regular pode aumentar significativamente a vida \u00fatil da empilhadeira, fazendo dela um investimento muito mais inteligente. A Nigro Equipamentos oferece n\u00e3o apenas a venda, mas tamb\u00e9m assist\u00eancia t\u00e9cnica para garantir o melhor desempenho do seu equipamento."},"yoast_head":"<!-- This site is optimized with the Yoast SEO Premium plugin v18.3 (Yoast SEO v23.4) - https:\/\/yoast.com\/wordpress\/plugins\/seo\/ -->\n<title>Or\u00e7amento empilhadeira Paletrans na Nigro Equipamentos<\/title>\n<meta name=\"description\" content=\"Solicite seu or\u00e7amento para empilhadeira Paletrans com a Nigro Equipamentos e descubra as melhores op\u00e7\u00f5es para sua empresa.\" \/>\n<meta name=\"robots\" content=\"index, follow, max-snippet:-1, max-image-preview:large, max-video-preview:-1\" \/>\n<link rel=\"canonical\" href=\"https:\/\/nigroequipamentos.com.br\/conteudo\/orcamento-de-empilhadeira-paletrans-a-melhor-escolha-para-o-seu-negocio\/\" \/>\n<meta property=\"og:locale\" content=\"pt_BR\" \/>\n<meta property=\"og:type\" content=\"article\" \/>\n<meta property=\"og:title\" content=\"Or\u00e7amento de Empilhadeira Paletrans: A Melhor Escolha para o Seu Neg\u00f3cio\" \/>\n<meta property=\"og:description\" content=\"Solicite seu or\u00e7amento para empilhadeira Paletrans com a Nigro Equipamentos e descubra as melhores op\u00e7\u00f5es para sua empresa.\" \/>\n<meta property=\"og:url\" content=\"https:\/\/nigroequipamentos.com.br\/conteudo\/orcamento-de-empilhadeira-paletrans-a-melhor-escolha-para-o-seu-negocio\/\" \/>\n<meta property=\"og:site_name\" content=\"Nigro Equipamentos\" \/>\n<meta property=\"article:publisher\" content=\"https:\/\/www.facebook.com\/nigroequipamentos\" \/>\n<meta name=\"twitter:card\" content=\"summary_large_image\" \/>\n<meta name=\"twitter:label1\" content=\"Est. tempo de leitura\" \/>\n\t<meta name=\"twitter:data1\" content=\"1 minuto\" \/>\n<script type=\"application\/ld+json\" class=\"yoast-schema-graph\">{\"@context\":\"https:\/\/schema.org\",\"@graph\":[{\"@type\":\"WebPage\",\"@id\":\"https:\/\/nigroequipamentos.com.br\/conteudo\/orcamento-de-empilhadeira-paletrans-a-melhor-escolha-para-o-seu-negocio\/\",\"url\":\"https:\/\/nigroequipamentos.com.br\/conteudo\/orcamento-de-empilhadeira-paletrans-a-melhor-escolha-para-o-seu-negocio\/\",\"name\":\"Or\u00e7amento empilhadeira Paletrans na Nigro Equipamentos\",\"isPartOf\":{\"@id\":\"https:\/\/nigroequipamentos.com.br\/conteudo\/#website\"},\"datePublished\":\"2026-01-03T21:01:10+00:00\",\"dateModified\":\"2026-01-03T21:01:10+00:00\",\"description\":\"Solicite seu or\u00e7amento para empilhadeira Paletrans com a Nigro Equipamentos e descubra as melhores op\u00e7\u00f5es para sua empresa.\",\"breadcrumb\":{\"@id\":\"https:\/\/nigroequipamentos.com.br\/conteudo\/orcamento-de-empilhadeira-paletrans-a-melhor-escolha-para-o-seu-negocio\/#breadcrumb\"},\"inLanguage\":\"pt-BR\",\"potentialAction\":[{\"@type\":\"ReadAction\",\"target\":[\"https:\/\/nigroequipamentos.com.br\/conteudo\/orcamento-de-empilhadeira-paletrans-a-melhor-escolha-para-o-seu-negocio\/\"]}]},{\"@type\":\"BreadcrumbList\",\"@id\":\"https:\/\/nigroequipamentos.com.br\/conteudo\/orcamento-de-empilhadeira-paletrans-a-melhor-escolha-para-o-seu-negocio\/#breadcrumb\",\"itemListElement\":[{\"@type\":\"ListItem\",\"position\":1,\"name\":\"In\u00edcio\",\"item\":\"https:\/\/nigroequipamentos.com.br\/conteudo\/\"},{\"@type\":\"ListItem\",\"position\":2,\"name\":\"Or\u00e7amento de Empilhadeira Paletrans: A Melhor Escolha para o Seu Neg\u00f3cio\"}]},{\"@type\":\"WebSite\",\"@id\":\"https:\/\/nigroequipamentos.com.br\/conteudo\/#website\",\"url\":\"https:\/\/nigroequipamentos.com.br\/conteudo\/\",\"name\":\"Nigro Equipamentos\",\"description\":\"Loca\u00e7\u00e3o e Vendas\",\"publisher\":{\"@id\":\"https:\/\/nigroequipamentos.com.br\/conteudo\/#organization\"},\"potentialAction\":[{\"@type\":\"SearchAction\",\"target\":{\"@type\":\"EntryPoint\",\"urlTemplate\":\"https:\/\/nigroequipamentos.com.br\/conteudo\/?s={search_term_string}\"},\"query-input\":{\"@type\":\"PropertyValueSpecification\",\"valueRequired\":true,\"valueName\":\"search_term_string\"}}],\"inLanguage\":\"pt-BR\"},{\"@type\":\"Organization\",\"@id\":\"https:\/\/nigroequipamentos.com.br\/conteudo\/#organization\",\"name\":\"Nigro Equipamentos\",\"url\":\"https:\/\/nigroequipamentos.com.br\/conteudo\/\",\"logo\":{\"@type\":\"ImageObject\",\"inLanguage\":\"pt-BR\",\"@id\":\"https:\/\/nigroequipamentos.com.br\/conteudo\/#\/schema\/logo\/image\/\",\"url\":\"https:\/\/nigroequipamentos.com.br\/conteudo\/wp-content\/uploads\/2024\/10\/nigroequipamentos_logo.webp\",\"contentUrl\":\"https:\/\/nigroequipamentos.com.br\/conteudo\/wp-content\/uploads\/2024\/10\/nigroequipamentos_logo.webp\",\"width\":785,\"height\":355,\"caption\":\"Nigro Equipamentos\"},\"image\":{\"@id\":\"https:\/\/nigroequipamentos.com.br\/conteudo\/#\/schema\/logo\/image\/\"},\"sameAs\":[\"https:\/\/www.facebook.com\/nigroequipamentos\",\"https:\/\/www.instagram.com\/nigroequipamentos\/\"]}]}<\/script>\n<!-- \/ Yoast SEO Premium plugin. -->","yoast_head_json":{"title":"Or\u00e7amento empilhadeira Paletrans na Nigro Equipamentos","description":"Solicite seu or\u00e7amento para empilhadeira Paletrans com a Nigro Equipamentos e descubra as melhores op\u00e7\u00f5es para sua empresa.","robots":{"index":"index","follow":"follow","max-snippet":"max-snippet:-1","max-image-preview":"max-image-preview:large","max-video-preview":"max-video-preview:-1"},"canonical":"https:\/\/nigroequipamentos.com.br\/conteudo\/orcamento-de-empilhadeira-paletrans-a-melhor-escolha-para-o-seu-negocio\/","og_locale":"pt_BR","og_type":"article","og_title":"Or\u00e7amento de Empilhadeira Paletrans: A Melhor Escolha para o Seu Neg\u00f3cio","og_description":"Solicite seu or\u00e7amento para empilhadeira Paletrans com a Nigro Equipamentos e descubra as melhores op\u00e7\u00f5es para sua empresa.","og_url":"https:\/\/nigroequipamentos.com.br\/conteudo\/orcamento-de-empilhadeira-paletrans-a-melhor-escolha-para-o-seu-negocio\/","og_site_name":"Nigro Equipamentos","article_publisher":"https:\/\/www.facebook.com\/nigroequipamentos","twitter_card":"summary_large_image","twitter_misc":{"Est. tempo de leitura":"1 minuto"},"schema":{"@context":"https:\/\/schema.org","@graph":[{"@type":"WebPage","@id":"https:\/\/nigroequipamentos.com.br\/conteudo\/orcamento-de-empilhadeira-paletrans-a-melhor-escolha-para-o-seu-negocio\/","url":"https:\/\/nigroequipamentos.com.br\/conteudo\/orcamento-de-empilhadeira-paletrans-a-melhor-escolha-para-o-seu-negocio\/","name":"Or\u00e7amento empilhadeira Paletrans na Nigro Equipamentos","isPartOf":{"@id":"https:\/\/nigroequipamentos.com.br\/conteudo\/#website"},"datePublished":"2026-01-03T21:01:10+00:00","dateModified":"2026-01-03T21:01:10+00:00","description":"Solicite seu or\u00e7amento para empilhadeira Paletrans com a Nigro Equipamentos e descubra as melhores op\u00e7\u00f5es para sua empresa.","breadcrumb":{"@id":"https:\/\/nigroequipamentos.com.br\/conteudo\/orcamento-de-empilhadeira-paletrans-a-melhor-escolha-para-o-seu-negocio\/#breadcrumb"},"inLanguage":"pt-BR","potentialAction":[{"@type":"ReadAction","target":["https:\/\/nigroequipamentos.com.br\/conteudo\/orcamento-de-empilhadeira-paletrans-a-melhor-escolha-para-o-seu-negocio\/"]}]},{"@type":"BreadcrumbList","@id":"https:\/\/nigroequipamentos.com.br\/conteudo\/orcamento-de-empilhadeira-paletrans-a-melhor-escolha-para-o-seu-negocio\/#breadcrumb","itemListElement":[{"@type":"ListItem","position":1,"name":"In\u00edcio","item":"https:\/\/nigroequipamentos.com.br\/conteudo\/"},{"@type":"ListItem","position":2,"name":"Or\u00e7amento de Empilhadeira Paletrans: A Melhor Escolha para o Seu Neg\u00f3cio"}]},{"@type":"WebSite","@id":"https:\/\/nigroequipamentos.com.br\/conteudo\/#website","url":"https:\/\/nigroequipamentos.com.br\/conteudo\/","name":"Nigro Equipamentos","description":"Loca\u00e7\u00e3o e Vendas","publisher":{"@id":"https:\/\/nigroequipamentos.com.br\/conteudo\/#organization"},"potentialAction":[{"@type":"SearchAction","target":{"@type":"EntryPoint","urlTemplate":"https:\/\/nigroequipamentos.com.br\/conteudo\/?s={search_term_string}"},"query-input":{"@type":"PropertyValueSpecification","valueRequired":true,"valueName":"search_term_string"}}],"inLanguage":"pt-BR"},{"@type":"Organization","@id":"https:\/\/nigroequipamentos.com.br\/conteudo\/#organization","name":"Nigro Equipamentos","url":"https:\/\/nigroequipamentos.com.br\/conteudo\/","logo":{"@type":"ImageObject","inLanguage":"pt-BR","@id":"https:\/\/nigroequipamentos.com.br\/conteudo\/#\/schema\/logo\/image\/","url":"https:\/\/nigroequipamentos.com.br\/conteudo\/wp-content\/uploads\/2024\/10\/nigroequipamentos_logo.webp","contentUrl":"https:\/\/nigroequipamentos.com.br\/conteudo\/wp-content\/uploads\/2024\/10\/nigroequipamentos_logo.webp","width":785,"height":355,"caption":"Nigro Equipamentos"},"image":{"@id":"https:\/\/nigroequipamentos.com.br\/conteudo\/#\/schema\/logo\/image\/"},"sameAs":["https:\/\/www.facebook.com\/nigroequipamentos","https:\/\/www.instagram.com\/nigroequipamentos\/"]}]}},"_links":{"self":[{"href":"https:\/\/nigroequipamentos.com.br\/conteudo\/wp-json\/wp\/v2\/pages\/82214","targetHints":{"allow":["GET"]}}],"collection":[{"href":"https:\/\/nigroequipamentos.com.br\/conteudo\/wp-json\/wp\/v2\/pages"}],"about":[{"href":"https:\/\/nigroequipamentos.com.br\/conteudo\/wp-json\/wp\/v2\/types\/page"}],"author":[{"embeddable":true,"href":"https:\/\/nigroequipamentos.com.br\/conteudo\/wp-json\/wp\/v2\/users\/3"}],"replies":[{"embeddable":true,"href":"https:\/\/nigroequipamentos.com.br\/conteudo\/wp-json\/wp\/v2\/comments?post=82214"}],"version-history":[{"count":0,"href":"https:\/\/nigroequipamentos.com.br\/conteudo\/wp-json\/wp\/v2\/pages\/82214\/revisions"}],"wp:attachment":[{"href":"https:\/\/nigroequipamentos.com.br\/conteudo\/wp-json\/wp\/v2\/media?parent=82214"}],"curies":[{"name":"wp","href":"https:\/\/api.w.org\/{rel}","templated":true}]}}