{"id":80959,"date":"2025-12-28T22:01:07","date_gmt":"2025-12-29T01:01:07","guid":{"rendered":"https:\/\/nigroequipamentos.com.br\/conteudo\/empilhadeira-semi-eletrica-paletrans-a-revolucao-no-armazenamento-2\/"},"modified":"2025-12-28T22:01:07","modified_gmt":"2025-12-29T01:01:07","slug":"empilhadeira-semi-eletrica-paletrans-a-revolucao-no-armazenamento-2","status":"publish","type":"page","link":"https:\/\/nigroequipamentos.com.br\/conteudo\/empilhadeira-semi-eletrica-paletrans-a-revolucao-no-armazenamento-2\/","title":{"rendered":"Empilhadeira Semi-El\u00e9trica Paletrans: A Revolu\u00e7\u00e3o no Armazenamento"},"content":{"rendered":"<p>A empilhadeira semi-el\u00e9trica Paletrans \u00e9 a solu\u00e7\u00e3o perfeita para empresas que buscam efici\u00eancia e economia no manuseio de cargas. Com um design inovador, a Paletrans permite uma movimenta\u00e7\u00e3o \u00e1gil e segura dos produtos, reduzindo o esfor\u00e7o do operador. Investir na empilhadeira semi-el\u00e9trica Paletrans \u00e9 garantir um aumento na produtividade e na seguran\u00e7a no ambiente de trabalho. Al\u00e9m disso, a Nigro Equipamentos se destaca na venda, manuten\u00e7\u00e3o e loca\u00e7\u00e3o, oferecendo suporte completo para sua opera\u00e7\u00e3o.<\/p>\n","protected":false},"excerpt":{"rendered":"<p>A empilhadeira semi-el\u00e9trica Paletrans \u00e9 a solu\u00e7\u00e3o perfeita para empresas que buscam efici\u00eancia e economia no manuseio de cargas. Com um design inovador, a Paletrans permite uma movimenta\u00e7\u00e3o \u00e1gil e segura dos produtos, reduzindo o esfor\u00e7o do operador. Investir na empilhadeira semi-el\u00e9trica Paletrans \u00e9 garantir um aumento na produtividade e na seguran\u00e7a no ambiente de&hellip;&nbsp;<a href=\"https:\/\/nigroequipamentos.com.br\/conteudo\/empilhadeira-semi-eletrica-paletrans-a-revolucao-no-armazenamento-2\/\" class=\"\" rel=\"bookmark\">Continue a ler &raquo;<span class=\"screen-reader-text\">Empilhadeira Semi-El\u00e9trica Paletrans: A Revolu\u00e7\u00e3o no Armazenamento<\/span><\/a><\/p>\n","protected":false},"author":3,"featured_media":0,"parent":0,"menu_order":0,"comment_status":"closed","ping_status":"closed","template":"","meta":{"_acf_changed":false,"_yoast_wpseo_focuskw":"Empilhadeira semi-el\u00e9trica Paletrans","_yoast_wpseo_title":"Empilhadeira Semi-El\u00e9trica Paletrans: Eficiente e Confi\u00e1vel para Seu Neg\u00f3cio","_yoast_wpseo_metadesc":"Descubra como a empilhadeira semi-el\u00e9trica Paletrans pode transformar sua opera\u00e7\u00e3o log\u00edstica com efici\u00eancia e seguran\u00e7a.","neve_meta_sidebar":"","neve_meta_container":"","neve_meta_enable_content_width":"","neve_meta_content_width":0,"neve_meta_title_alignment":"","neve_meta_author_avatar":"","neve_post_elements_order":"","neve_meta_disable_header":"","neve_meta_disable_footer":"","neve_meta_disable_title":"","footnotes":""},"class_list":["post-80959","page","type-page","status-publish","hentry"],"acf":{"bloco1title":"Alta Efici\u00eancia","bloco1text":"A empilhadeira semi-el\u00e9trica Paletrans proporciona alta efici\u00eancia nas opera\u00e7\u00f5es log\u00edsticas, otimizando o tempo e reduzindo custos.","bloco2title":"Tecnologia Avan\u00e7ada","bloco2text":"Com tecnologia de ponta, a empilhadeira semi-el\u00e9trica Paletrans garante durabilidade e \u00f3tima performance.","bloco3title":"Insights do Setor","bloco3text":"O uso de empilhadeiras semi-el\u00e9tricas, como a Paletrans, est\u00e1 crescendo no mercado pela sua efici\u00eancia energ\u00e9tica e funcionalidade em espa\u00e7os reduzidos. Isso torna a empilhadeira semi-el\u00e9trica Paletrans uma escolha estrat\u00e9gica para empresas que desejam se manter competitivas.","posttitle":"Vantagens da Empilhadeira Semi-El\u00e9trica Paletrans para Seu Neg\u00f3cio","postcontent":"<strong>Introdu\u00e7\u00e3o \u00e0s Empilhadeiras Semi-El\u00e9tricas<\/strong>  \nA empilhadeira semi-el\u00e9trica Paletrans \u00e9 uma verdadeira revolu\u00e7\u00e3o no setor de log\u00edstica. Com capacidade de manejo elevado e uma bateria altamente eficiente, a Paletrans se destaca pela versatilidade que oferece a diversas opera\u00e7\u00f5es.  \n  \n<strong>Benef\u00edcios da Paletrans<\/strong>  \nDentre as principais caracter\u00edsticas, a empilhadeira semi-el\u00e9trica Paletrans oferece a possibilidade de facilitar o transporte de mercadorias, permitindo um trabalho mais \u00e1gil e organizado. Seu design \u00e9 pensado para proporcionar conforto ao operador, reduzindo a fadiga. Tamb\u00e9m impressa a seguran\u00e7a como um dos pontos primordiais, ideal para ambientes que exigem uma movimenta\u00e7\u00e3o constante.  \n  \n<strong>Economia de Recursos<\/strong>  \nInvestir na empilhadeira semi-el\u00e9trica Paletrans \u00e9 uma escolha inteligente para empresas que buscam economia e efici\u00eancia. Esse equipamento n\u00e3o s\u00f3 reduz o consumo de energia, como tamb\u00e9m diminui o desgaste f\u00edsico do operador, permitindo uma jornada de trabalho mais produtiva.  \n  \n<strong>A Nigro Como Sua Melhor Op\u00e7\u00e3o<\/strong>  \nQuando se trata de aquisi\u00e7\u00e3o, manuten\u00e7\u00e3o e loca\u00e7\u00e3o, a Nigro Equipamentos \u00e9 reconhecida por sua excel\u00eancia. Conta com uma equipe especializada que assegura a melhor solu\u00e7\u00e3o para suas necessidades, tornando a empilhadeira semi-el\u00e9trica Paletrans a op\u00e7\u00e3o ideal para seu neg\u00f3cio.","insightwidtitle":"Curiosidades sobre a Paletrans","insightwidcontent":"Voc\u00ea sabia que a empilhadeira semi-el\u00e9trica Paletrans \u00e9 uma das mais populares entre as empresas log\u00edsticas? Isso se deve \u00e0 sua capacidade de operar em espa\u00e7os pequenos e a facilidade de uso, que transforma a maneira como os produtos s\u00e3o manuseados no dia a dia. Al\u00e9m disso, a Paletrans \u00e9 projetada para oferecer uma opera\u00e7\u00e3o sustent\u00e1vel, consumindo menos energia e ajudando empresas a reduzirem sua pegada de carbono."},"yoast_head":"<!-- This site is optimized with the Yoast SEO Premium plugin v18.3 (Yoast SEO v23.4) - https:\/\/yoast.com\/wordpress\/plugins\/seo\/ -->\n<title>Empilhadeira Semi-El\u00e9trica Paletrans: Eficiente e Confi\u00e1vel para Seu Neg\u00f3cio<\/title>\n<meta name=\"description\" content=\"Descubra como a empilhadeira semi-el\u00e9trica Paletrans pode transformar sua opera\u00e7\u00e3o log\u00edstica com efici\u00eancia e seguran\u00e7a.\" \/>\n<meta name=\"robots\" content=\"index, follow, max-snippet:-1, max-image-preview:large, max-video-preview:-1\" \/>\n<link rel=\"canonical\" href=\"https:\/\/nigroequipamentos.com.br\/conteudo\/empilhadeira-semi-eletrica-paletrans-a-revolucao-no-armazenamento-2\/\" \/>\n<meta property=\"og:locale\" content=\"pt_BR\" \/>\n<meta property=\"og:type\" content=\"article\" \/>\n<meta property=\"og:title\" content=\"Empilhadeira Semi-El\u00e9trica Paletrans: A Revolu\u00e7\u00e3o no Armazenamento\" \/>\n<meta property=\"og:description\" content=\"Descubra como a empilhadeira semi-el\u00e9trica Paletrans pode transformar sua opera\u00e7\u00e3o log\u00edstica com efici\u00eancia e seguran\u00e7a.\" \/>\n<meta property=\"og:url\" content=\"https:\/\/nigroequipamentos.com.br\/conteudo\/empilhadeira-semi-eletrica-paletrans-a-revolucao-no-armazenamento-2\/\" \/>\n<meta property=\"og:site_name\" content=\"Nigro Equipamentos\" \/>\n<meta property=\"article:publisher\" content=\"https:\/\/www.facebook.com\/nigroequipamentos\" \/>\n<meta name=\"twitter:card\" content=\"summary_large_image\" \/>\n<script type=\"application\/ld+json\" class=\"yoast-schema-graph\">{\"@context\":\"https:\/\/schema.org\",\"@graph\":[{\"@type\":\"WebPage\",\"@id\":\"https:\/\/nigroequipamentos.com.br\/conteudo\/empilhadeira-semi-eletrica-paletrans-a-revolucao-no-armazenamento-2\/\",\"url\":\"https:\/\/nigroequipamentos.com.br\/conteudo\/empilhadeira-semi-eletrica-paletrans-a-revolucao-no-armazenamento-2\/\",\"name\":\"Empilhadeira Semi-El\u00e9trica Paletrans: Eficiente e Confi\u00e1vel para Seu Neg\u00f3cio\",\"isPartOf\":{\"@id\":\"https:\/\/nigroequipamentos.com.br\/conteudo\/#website\"},\"datePublished\":\"2025-12-29T01:01:07+00:00\",\"dateModified\":\"2025-12-29T01:01:07+00:00\",\"description\":\"Descubra como a empilhadeira semi-el\u00e9trica Paletrans pode transformar sua opera\u00e7\u00e3o log\u00edstica com efici\u00eancia e seguran\u00e7a.\",\"breadcrumb\":{\"@id\":\"https:\/\/nigroequipamentos.com.br\/conteudo\/empilhadeira-semi-eletrica-paletrans-a-revolucao-no-armazenamento-2\/#breadcrumb\"},\"inLanguage\":\"pt-BR\",\"potentialAction\":[{\"@type\":\"ReadAction\",\"target\":[\"https:\/\/nigroequipamentos.com.br\/conteudo\/empilhadeira-semi-eletrica-paletrans-a-revolucao-no-armazenamento-2\/\"]}]},{\"@type\":\"BreadcrumbList\",\"@id\":\"https:\/\/nigroequipamentos.com.br\/conteudo\/empilhadeira-semi-eletrica-paletrans-a-revolucao-no-armazenamento-2\/#breadcrumb\",\"itemListElement\":[{\"@type\":\"ListItem\",\"position\":1,\"name\":\"In\u00edcio\",\"item\":\"https:\/\/nigroequipamentos.com.br\/conteudo\/\"},{\"@type\":\"ListItem\",\"position\":2,\"name\":\"Empilhadeira Semi-El\u00e9trica Paletrans: A Revolu\u00e7\u00e3o no Armazenamento\"}]},{\"@type\":\"WebSite\",\"@id\":\"https:\/\/nigroequipamentos.com.br\/conteudo\/#website\",\"url\":\"https:\/\/nigroequipamentos.com.br\/conteudo\/\",\"name\":\"Nigro Equipamentos\",\"description\":\"Loca\u00e7\u00e3o e Vendas\",\"publisher\":{\"@id\":\"https:\/\/nigroequipamentos.com.br\/conteudo\/#organization\"},\"potentialAction\":[{\"@type\":\"SearchAction\",\"target\":{\"@type\":\"EntryPoint\",\"urlTemplate\":\"https:\/\/nigroequipamentos.com.br\/conteudo\/?s={search_term_string}\"},\"query-input\":{\"@type\":\"PropertyValueSpecification\",\"valueRequired\":true,\"valueName\":\"search_term_string\"}}],\"inLanguage\":\"pt-BR\"},{\"@type\":\"Organization\",\"@id\":\"https:\/\/nigroequipamentos.com.br\/conteudo\/#organization\",\"name\":\"Nigro Equipamentos\",\"url\":\"https:\/\/nigroequipamentos.com.br\/conteudo\/\",\"logo\":{\"@type\":\"ImageObject\",\"inLanguage\":\"pt-BR\",\"@id\":\"https:\/\/nigroequipamentos.com.br\/conteudo\/#\/schema\/logo\/image\/\",\"url\":\"https:\/\/nigroequipamentos.com.br\/conteudo\/wp-content\/uploads\/2024\/10\/nigroequipamentos_logo.webp\",\"contentUrl\":\"https:\/\/nigroequipamentos.com.br\/conteudo\/wp-content\/uploads\/2024\/10\/nigroequipamentos_logo.webp\",\"width\":785,\"height\":355,\"caption\":\"Nigro Equipamentos\"},\"image\":{\"@id\":\"https:\/\/nigroequipamentos.com.br\/conteudo\/#\/schema\/logo\/image\/\"},\"sameAs\":[\"https:\/\/www.facebook.com\/nigroequipamentos\",\"https:\/\/www.instagram.com\/nigroequipamentos\/\"]}]}<\/script>\n<!-- \/ Yoast SEO Premium plugin. -->","yoast_head_json":{"title":"Empilhadeira Semi-El\u00e9trica Paletrans: Eficiente e Confi\u00e1vel para Seu Neg\u00f3cio","description":"Descubra como a empilhadeira semi-el\u00e9trica Paletrans pode transformar sua opera\u00e7\u00e3o log\u00edstica com efici\u00eancia e seguran\u00e7a.","robots":{"index":"index","follow":"follow","max-snippet":"max-snippet:-1","max-image-preview":"max-image-preview:large","max-video-preview":"max-video-preview:-1"},"canonical":"https:\/\/nigroequipamentos.com.br\/conteudo\/empilhadeira-semi-eletrica-paletrans-a-revolucao-no-armazenamento-2\/","og_locale":"pt_BR","og_type":"article","og_title":"Empilhadeira Semi-El\u00e9trica Paletrans: A Revolu\u00e7\u00e3o no Armazenamento","og_description":"Descubra como a empilhadeira semi-el\u00e9trica Paletrans pode transformar sua opera\u00e7\u00e3o log\u00edstica com efici\u00eancia e seguran\u00e7a.","og_url":"https:\/\/nigroequipamentos.com.br\/conteudo\/empilhadeira-semi-eletrica-paletrans-a-revolucao-no-armazenamento-2\/","og_site_name":"Nigro Equipamentos","article_publisher":"https:\/\/www.facebook.com\/nigroequipamentos","twitter_card":"summary_large_image","schema":{"@context":"https:\/\/schema.org","@graph":[{"@type":"WebPage","@id":"https:\/\/nigroequipamentos.com.br\/conteudo\/empilhadeira-semi-eletrica-paletrans-a-revolucao-no-armazenamento-2\/","url":"https:\/\/nigroequipamentos.com.br\/conteudo\/empilhadeira-semi-eletrica-paletrans-a-revolucao-no-armazenamento-2\/","name":"Empilhadeira Semi-El\u00e9trica Paletrans: Eficiente e Confi\u00e1vel para Seu Neg\u00f3cio","isPartOf":{"@id":"https:\/\/nigroequipamentos.com.br\/conteudo\/#website"},"datePublished":"2025-12-29T01:01:07+00:00","dateModified":"2025-12-29T01:01:07+00:00","description":"Descubra como a empilhadeira semi-el\u00e9trica Paletrans pode transformar sua opera\u00e7\u00e3o log\u00edstica com efici\u00eancia e seguran\u00e7a.","breadcrumb":{"@id":"https:\/\/nigroequipamentos.com.br\/conteudo\/empilhadeira-semi-eletrica-paletrans-a-revolucao-no-armazenamento-2\/#breadcrumb"},"inLanguage":"pt-BR","potentialAction":[{"@type":"ReadAction","target":["https:\/\/nigroequipamentos.com.br\/conteudo\/empilhadeira-semi-eletrica-paletrans-a-revolucao-no-armazenamento-2\/"]}]},{"@type":"BreadcrumbList","@id":"https:\/\/nigroequipamentos.com.br\/conteudo\/empilhadeira-semi-eletrica-paletrans-a-revolucao-no-armazenamento-2\/#breadcrumb","itemListElement":[{"@type":"ListItem","position":1,"name":"In\u00edcio","item":"https:\/\/nigroequipamentos.com.br\/conteudo\/"},{"@type":"ListItem","position":2,"name":"Empilhadeira Semi-El\u00e9trica Paletrans: A Revolu\u00e7\u00e3o no Armazenamento"}]},{"@type":"WebSite","@id":"https:\/\/nigroequipamentos.com.br\/conteudo\/#website","url":"https:\/\/nigroequipamentos.com.br\/conteudo\/","name":"Nigro Equipamentos","description":"Loca\u00e7\u00e3o e Vendas","publisher":{"@id":"https:\/\/nigroequipamentos.com.br\/conteudo\/#organization"},"potentialAction":[{"@type":"SearchAction","target":{"@type":"EntryPoint","urlTemplate":"https:\/\/nigroequipamentos.com.br\/conteudo\/?s={search_term_string}"},"query-input":{"@type":"PropertyValueSpecification","valueRequired":true,"valueName":"search_term_string"}}],"inLanguage":"pt-BR"},{"@type":"Organization","@id":"https:\/\/nigroequipamentos.com.br\/conteudo\/#organization","name":"Nigro Equipamentos","url":"https:\/\/nigroequipamentos.com.br\/conteudo\/","logo":{"@type":"ImageObject","inLanguage":"pt-BR","@id":"https:\/\/nigroequipamentos.com.br\/conteudo\/#\/schema\/logo\/image\/","url":"https:\/\/nigroequipamentos.com.br\/conteudo\/wp-content\/uploads\/2024\/10\/nigroequipamentos_logo.webp","contentUrl":"https:\/\/nigroequipamentos.com.br\/conteudo\/wp-content\/uploads\/2024\/10\/nigroequipamentos_logo.webp","width":785,"height":355,"caption":"Nigro Equipamentos"},"image":{"@id":"https:\/\/nigroequipamentos.com.br\/conteudo\/#\/schema\/logo\/image\/"},"sameAs":["https:\/\/www.facebook.com\/nigroequipamentos","https:\/\/www.instagram.com\/nigroequipamentos\/"]}]}},"_links":{"self":[{"href":"https:\/\/nigroequipamentos.com.br\/conteudo\/wp-json\/wp\/v2\/pages\/80959","targetHints":{"allow":["GET"]}}],"collection":[{"href":"https:\/\/nigroequipamentos.com.br\/conteudo\/wp-json\/wp\/v2\/pages"}],"about":[{"href":"https:\/\/nigroequipamentos.com.br\/conteudo\/wp-json\/wp\/v2\/types\/page"}],"author":[{"embeddable":true,"href":"https:\/\/nigroequipamentos.com.br\/conteudo\/wp-json\/wp\/v2\/users\/3"}],"replies":[{"embeddable":true,"href":"https:\/\/nigroequipamentos.com.br\/conteudo\/wp-json\/wp\/v2\/comments?post=80959"}],"version-history":[{"count":0,"href":"https:\/\/nigroequipamentos.com.br\/conteudo\/wp-json\/wp\/v2\/pages\/80959\/revisions"}],"wp:attachment":[{"href":"https:\/\/nigroequipamentos.com.br\/conteudo\/wp-json\/wp\/v2\/media?parent=80959"}],"curies":[{"name":"wp","href":"https:\/\/api.w.org\/{rel}","templated":true}]}}