{"id":79865,"date":"2025-12-23T20:01:07","date_gmt":"2025-12-23T23:01:07","guid":{"rendered":"https:\/\/nigroequipamentos.com.br\/conteudo\/empilhadeira-paletrans-solucoes-inovadoras-para-o-seu-negocio-22\/"},"modified":"2025-12-23T20:01:07","modified_gmt":"2025-12-23T23:01:07","slug":"empilhadeira-paletrans-solucoes-inovadoras-para-o-seu-negocio-22","status":"publish","type":"page","link":"https:\/\/nigroequipamentos.com.br\/conteudo\/empilhadeira-paletrans-solucoes-inovadoras-para-o-seu-negocio-22\/","title":{"rendered":"Empilhadeira Paletrans: Solu\u00e7\u00f5es Inovadoras para o Seu Neg\u00f3cio"},"content":{"rendered":"<p>A Nigro Equipamentos \u00e9 a refer\u00eancia em empilhadeiras Paletrans, oferecendo solu\u00e7\u00f5es que garantem efici\u00eancia e seguran\u00e7a nas opera\u00e7\u00f5es log\u00edsticas. Com nossa vasta experi\u00eancia no setor, garantimos que a sua empresa encontre na empilhadeira Paletrans a melhor solu\u00e7\u00e3o para movimenta\u00e7\u00e3o de cargas. Nossos modelos de empilhadeiras Paletrans s\u00e3o projetados para atender aos mais altos padr\u00f5es de qualidade e desempenho. Com a Nigro, voc\u00ea tem a possibilidade de compra, loca\u00e7\u00e3o e manuten\u00e7\u00e3o de empilhadeiras Paletrans, assegurando sempre a melhor performance e continuidade das opera\u00e7\u00f5es.<\/p>\n","protected":false},"excerpt":{"rendered":"<p>A Nigro Equipamentos \u00e9 a refer\u00eancia em empilhadeiras Paletrans, oferecendo solu\u00e7\u00f5es que garantem efici\u00eancia e seguran\u00e7a nas opera\u00e7\u00f5es log\u00edsticas. Com nossa vasta experi\u00eancia no setor, garantimos que a sua empresa encontre na empilhadeira Paletrans a melhor solu\u00e7\u00e3o para movimenta\u00e7\u00e3o de cargas. Nossos modelos de empilhadeiras Paletrans s\u00e3o projetados para atender aos mais altos padr\u00f5es de&hellip;&nbsp;<a href=\"https:\/\/nigroequipamentos.com.br\/conteudo\/empilhadeira-paletrans-solucoes-inovadoras-para-o-seu-negocio-22\/\" class=\"\" rel=\"bookmark\">Continue a ler &raquo;<span class=\"screen-reader-text\">Empilhadeira Paletrans: Solu\u00e7\u00f5es Inovadoras para o Seu Neg\u00f3cio<\/span><\/a><\/p>\n","protected":false},"author":3,"featured_media":0,"parent":0,"menu_order":0,"comment_status":"closed","ping_status":"closed","template":"","meta":{"_acf_changed":false,"_yoast_wpseo_focuskw":"Empilhadeiras Paletrans","_yoast_wpseo_title":"Empilhadeiras Paletrans: Solu\u00e7\u00f5es da Nigro Equipamentos para Sua Empresa","_yoast_wpseo_metadesc":"Descubra as solu\u00e7\u00f5es oferecidas pela Nigro Equipamentos para empilhadeiras Paletrans - compra, loca\u00e7\u00e3o e manuten\u00e7\u00e3o.","neve_meta_sidebar":"","neve_meta_container":"","neve_meta_enable_content_width":"","neve_meta_content_width":0,"neve_meta_title_alignment":"","neve_meta_author_avatar":"","neve_post_elements_order":"","neve_meta_disable_header":"","neve_meta_disable_footer":"","neve_meta_disable_title":"","footnotes":""},"class_list":["post-79865","page","type-page","status-publish","hentry"],"acf":{"bloco1title":"Qualidade Superior","bloco1text":"As empilhadeiras Paletrans da Nigro proporcionam qualidade e durabilidade, essenciais para o sucesso da sua opera\u00e7\u00e3o.","bloco2title":"Atendimento Personalizado","bloco2text":"Nosso time \u00e9 especializado em entender suas necessidades e oferecer solu\u00e7\u00f5es em empilhadeiras Paletrans.","bloco3title":"Insight de Mercado","bloco3text":"A escolha da empilhadeira certa \u00e9 crucial para otimizar processos log\u00edsticos. As empilhadeiras Paletrans s\u00e3o projetadas para maximizar a efici\u00eancia das opera\u00e7\u00f5es de movimenta\u00e7\u00e3o de carga.","posttitle":"As Melhores Pr\u00e1ticas para Utilizar Empilhadeiras Paletrans em Sua Opera\u00e7\u00e3o","postcontent":"<strong>Entenda as Vantagens das Empilhadeiras Paletrans<\/strong> As empilhadeiras Paletrans se destacam no mercado por sua versatilidade e robustez. Gabriel, um especialista no setor, afirma que 'as empilhadeiras Paletrans s\u00e3o ideais para quem busca efici\u00eancia na log\u00edstica de armaz\u00e9ns'. <br> <br> <strong>Desempenho e Efici\u00eancia<\/strong> Optar por empilhadeiras Paletrans significa garantir que suas cargas sejam movimentadas de forma \u00e1gil e segura. Este modelo \u00e9 especialmente projetado para ambientes industriais e armaz\u00e9ns de grande porte. <br> <br> <strong>Manuten\u00e7\u00e3o Regular<\/strong> A Nigro Equipamentos oferece suporte completo incluindo compra, loca\u00e7\u00e3o e manuten\u00e7\u00e3o de empilhadeiras Paletrans. Com um plano de manuten\u00e7\u00e3o preventivo, sua empilhadeira sempre estar\u00e1 em \u00f3timas condi\u00e7\u00f5es. <br> <br> <strong>Loca\u00e7\u00e3o: Uma Alternativa Pr\u00e1tica<\/strong> Para empresas que precisam de flexibilidade, a loca\u00e7\u00e3o de empilhadeiras Paletrans \u00e9 uma excelente solu\u00e7\u00e3o. Isso evita custos altos de compra, permitindo que voc\u00ea pague apenas quando usar. <br> <br> <strong>A Melhor Op\u00e7\u00e3o para Seu Neg\u00f3cio<\/strong> Com um compromisso inabal\u00e1vel com a qualidade, a Nigro Equipamentos se posiciona como a melhor escolha para aquisi\u00e7\u00e3o e manuten\u00e7\u00e3o de empilhadeiras Paletrans.","insightwidtitle":"Curiosidades Sobre Empilhadeiras","insightwidcontent":"Voc\u00ea sabia que as empilhadeiras Paletrans foram projetadas inicialmente para aumentar a efici\u00eancia do manuseio de cargas pesadas em armaz\u00e9ns? Hoje, elas s\u00e3o essenciais em diversos setores, garantindo economia de tempo e seguran\u00e7a nas opera\u00e7\u00f5es log\u00edsticas."},"yoast_head":"<!-- This site is optimized with the Yoast SEO Premium plugin v18.3 (Yoast SEO v23.4) - https:\/\/yoast.com\/wordpress\/plugins\/seo\/ -->\n<title>Empilhadeiras Paletrans: Solu\u00e7\u00f5es da Nigro Equipamentos para Sua Empresa<\/title>\n<meta name=\"description\" content=\"Descubra as solu\u00e7\u00f5es oferecidas pela Nigro Equipamentos para empilhadeiras Paletrans - compra, loca\u00e7\u00e3o e manuten\u00e7\u00e3o.\" \/>\n<meta name=\"robots\" content=\"index, follow, max-snippet:-1, max-image-preview:large, max-video-preview:-1\" \/>\n<link rel=\"canonical\" href=\"https:\/\/nigroequipamentos.com.br\/conteudo\/empilhadeira-paletrans-solucoes-inovadoras-para-o-seu-negocio-22\/\" \/>\n<meta property=\"og:locale\" content=\"pt_BR\" \/>\n<meta property=\"og:type\" content=\"article\" \/>\n<meta property=\"og:title\" content=\"Empilhadeira Paletrans: Solu\u00e7\u00f5es Inovadoras para o Seu Neg\u00f3cio\" \/>\n<meta property=\"og:description\" content=\"Descubra as solu\u00e7\u00f5es oferecidas pela Nigro Equipamentos para empilhadeiras Paletrans - compra, loca\u00e7\u00e3o e manuten\u00e7\u00e3o.\" \/>\n<meta property=\"og:url\" content=\"https:\/\/nigroequipamentos.com.br\/conteudo\/empilhadeira-paletrans-solucoes-inovadoras-para-o-seu-negocio-22\/\" \/>\n<meta property=\"og:site_name\" content=\"Nigro Equipamentos\" \/>\n<meta property=\"article:publisher\" content=\"https:\/\/www.facebook.com\/nigroequipamentos\" \/>\n<meta name=\"twitter:card\" content=\"summary_large_image\" \/>\n<script type=\"application\/ld+json\" class=\"yoast-schema-graph\">{\"@context\":\"https:\/\/schema.org\",\"@graph\":[{\"@type\":\"WebPage\",\"@id\":\"https:\/\/nigroequipamentos.com.br\/conteudo\/empilhadeira-paletrans-solucoes-inovadoras-para-o-seu-negocio-22\/\",\"url\":\"https:\/\/nigroequipamentos.com.br\/conteudo\/empilhadeira-paletrans-solucoes-inovadoras-para-o-seu-negocio-22\/\",\"name\":\"Empilhadeiras Paletrans: Solu\u00e7\u00f5es da Nigro Equipamentos para Sua Empresa\",\"isPartOf\":{\"@id\":\"https:\/\/nigroequipamentos.com.br\/conteudo\/#website\"},\"datePublished\":\"2025-12-23T23:01:07+00:00\",\"dateModified\":\"2025-12-23T23:01:07+00:00\",\"description\":\"Descubra as solu\u00e7\u00f5es oferecidas pela Nigro Equipamentos para empilhadeiras Paletrans - compra, loca\u00e7\u00e3o e manuten\u00e7\u00e3o.\",\"breadcrumb\":{\"@id\":\"https:\/\/nigroequipamentos.com.br\/conteudo\/empilhadeira-paletrans-solucoes-inovadoras-para-o-seu-negocio-22\/#breadcrumb\"},\"inLanguage\":\"pt-BR\",\"potentialAction\":[{\"@type\":\"ReadAction\",\"target\":[\"https:\/\/nigroequipamentos.com.br\/conteudo\/empilhadeira-paletrans-solucoes-inovadoras-para-o-seu-negocio-22\/\"]}]},{\"@type\":\"BreadcrumbList\",\"@id\":\"https:\/\/nigroequipamentos.com.br\/conteudo\/empilhadeira-paletrans-solucoes-inovadoras-para-o-seu-negocio-22\/#breadcrumb\",\"itemListElement\":[{\"@type\":\"ListItem\",\"position\":1,\"name\":\"In\u00edcio\",\"item\":\"https:\/\/nigroequipamentos.com.br\/conteudo\/\"},{\"@type\":\"ListItem\",\"position\":2,\"name\":\"Empilhadeira Paletrans: Solu\u00e7\u00f5es Inovadoras para o Seu Neg\u00f3cio\"}]},{\"@type\":\"WebSite\",\"@id\":\"https:\/\/nigroequipamentos.com.br\/conteudo\/#website\",\"url\":\"https:\/\/nigroequipamentos.com.br\/conteudo\/\",\"name\":\"Nigro Equipamentos\",\"description\":\"Loca\u00e7\u00e3o e Vendas\",\"publisher\":{\"@id\":\"https:\/\/nigroequipamentos.com.br\/conteudo\/#organization\"},\"potentialAction\":[{\"@type\":\"SearchAction\",\"target\":{\"@type\":\"EntryPoint\",\"urlTemplate\":\"https:\/\/nigroequipamentos.com.br\/conteudo\/?s={search_term_string}\"},\"query-input\":{\"@type\":\"PropertyValueSpecification\",\"valueRequired\":true,\"valueName\":\"search_term_string\"}}],\"inLanguage\":\"pt-BR\"},{\"@type\":\"Organization\",\"@id\":\"https:\/\/nigroequipamentos.com.br\/conteudo\/#organization\",\"name\":\"Nigro Equipamentos\",\"url\":\"https:\/\/nigroequipamentos.com.br\/conteudo\/\",\"logo\":{\"@type\":\"ImageObject\",\"inLanguage\":\"pt-BR\",\"@id\":\"https:\/\/nigroequipamentos.com.br\/conteudo\/#\/schema\/logo\/image\/\",\"url\":\"https:\/\/nigroequipamentos.com.br\/conteudo\/wp-content\/uploads\/2024\/10\/nigroequipamentos_logo.webp\",\"contentUrl\":\"https:\/\/nigroequipamentos.com.br\/conteudo\/wp-content\/uploads\/2024\/10\/nigroequipamentos_logo.webp\",\"width\":785,\"height\":355,\"caption\":\"Nigro Equipamentos\"},\"image\":{\"@id\":\"https:\/\/nigroequipamentos.com.br\/conteudo\/#\/schema\/logo\/image\/\"},\"sameAs\":[\"https:\/\/www.facebook.com\/nigroequipamentos\",\"https:\/\/www.instagram.com\/nigroequipamentos\/\"]}]}<\/script>\n<!-- \/ Yoast SEO Premium plugin. -->","yoast_head_json":{"title":"Empilhadeiras Paletrans: Solu\u00e7\u00f5es da Nigro Equipamentos para Sua Empresa","description":"Descubra as solu\u00e7\u00f5es oferecidas pela Nigro Equipamentos para empilhadeiras Paletrans - compra, loca\u00e7\u00e3o e manuten\u00e7\u00e3o.","robots":{"index":"index","follow":"follow","max-snippet":"max-snippet:-1","max-image-preview":"max-image-preview:large","max-video-preview":"max-video-preview:-1"},"canonical":"https:\/\/nigroequipamentos.com.br\/conteudo\/empilhadeira-paletrans-solucoes-inovadoras-para-o-seu-negocio-22\/","og_locale":"pt_BR","og_type":"article","og_title":"Empilhadeira Paletrans: Solu\u00e7\u00f5es Inovadoras para o Seu Neg\u00f3cio","og_description":"Descubra as solu\u00e7\u00f5es oferecidas pela Nigro Equipamentos para empilhadeiras Paletrans - compra, loca\u00e7\u00e3o e manuten\u00e7\u00e3o.","og_url":"https:\/\/nigroequipamentos.com.br\/conteudo\/empilhadeira-paletrans-solucoes-inovadoras-para-o-seu-negocio-22\/","og_site_name":"Nigro Equipamentos","article_publisher":"https:\/\/www.facebook.com\/nigroequipamentos","twitter_card":"summary_large_image","schema":{"@context":"https:\/\/schema.org","@graph":[{"@type":"WebPage","@id":"https:\/\/nigroequipamentos.com.br\/conteudo\/empilhadeira-paletrans-solucoes-inovadoras-para-o-seu-negocio-22\/","url":"https:\/\/nigroequipamentos.com.br\/conteudo\/empilhadeira-paletrans-solucoes-inovadoras-para-o-seu-negocio-22\/","name":"Empilhadeiras Paletrans: Solu\u00e7\u00f5es da Nigro Equipamentos para Sua Empresa","isPartOf":{"@id":"https:\/\/nigroequipamentos.com.br\/conteudo\/#website"},"datePublished":"2025-12-23T23:01:07+00:00","dateModified":"2025-12-23T23:01:07+00:00","description":"Descubra as solu\u00e7\u00f5es oferecidas pela Nigro Equipamentos para empilhadeiras Paletrans - compra, loca\u00e7\u00e3o e manuten\u00e7\u00e3o.","breadcrumb":{"@id":"https:\/\/nigroequipamentos.com.br\/conteudo\/empilhadeira-paletrans-solucoes-inovadoras-para-o-seu-negocio-22\/#breadcrumb"},"inLanguage":"pt-BR","potentialAction":[{"@type":"ReadAction","target":["https:\/\/nigroequipamentos.com.br\/conteudo\/empilhadeira-paletrans-solucoes-inovadoras-para-o-seu-negocio-22\/"]}]},{"@type":"BreadcrumbList","@id":"https:\/\/nigroequipamentos.com.br\/conteudo\/empilhadeira-paletrans-solucoes-inovadoras-para-o-seu-negocio-22\/#breadcrumb","itemListElement":[{"@type":"ListItem","position":1,"name":"In\u00edcio","item":"https:\/\/nigroequipamentos.com.br\/conteudo\/"},{"@type":"ListItem","position":2,"name":"Empilhadeira Paletrans: Solu\u00e7\u00f5es Inovadoras para o Seu Neg\u00f3cio"}]},{"@type":"WebSite","@id":"https:\/\/nigroequipamentos.com.br\/conteudo\/#website","url":"https:\/\/nigroequipamentos.com.br\/conteudo\/","name":"Nigro Equipamentos","description":"Loca\u00e7\u00e3o e Vendas","publisher":{"@id":"https:\/\/nigroequipamentos.com.br\/conteudo\/#organization"},"potentialAction":[{"@type":"SearchAction","target":{"@type":"EntryPoint","urlTemplate":"https:\/\/nigroequipamentos.com.br\/conteudo\/?s={search_term_string}"},"query-input":{"@type":"PropertyValueSpecification","valueRequired":true,"valueName":"search_term_string"}}],"inLanguage":"pt-BR"},{"@type":"Organization","@id":"https:\/\/nigroequipamentos.com.br\/conteudo\/#organization","name":"Nigro Equipamentos","url":"https:\/\/nigroequipamentos.com.br\/conteudo\/","logo":{"@type":"ImageObject","inLanguage":"pt-BR","@id":"https:\/\/nigroequipamentos.com.br\/conteudo\/#\/schema\/logo\/image\/","url":"https:\/\/nigroequipamentos.com.br\/conteudo\/wp-content\/uploads\/2024\/10\/nigroequipamentos_logo.webp","contentUrl":"https:\/\/nigroequipamentos.com.br\/conteudo\/wp-content\/uploads\/2024\/10\/nigroequipamentos_logo.webp","width":785,"height":355,"caption":"Nigro Equipamentos"},"image":{"@id":"https:\/\/nigroequipamentos.com.br\/conteudo\/#\/schema\/logo\/image\/"},"sameAs":["https:\/\/www.facebook.com\/nigroequipamentos","https:\/\/www.instagram.com\/nigroequipamentos\/"]}]}},"_links":{"self":[{"href":"https:\/\/nigroequipamentos.com.br\/conteudo\/wp-json\/wp\/v2\/pages\/79865","targetHints":{"allow":["GET"]}}],"collection":[{"href":"https:\/\/nigroequipamentos.com.br\/conteudo\/wp-json\/wp\/v2\/pages"}],"about":[{"href":"https:\/\/nigroequipamentos.com.br\/conteudo\/wp-json\/wp\/v2\/types\/page"}],"author":[{"embeddable":true,"href":"https:\/\/nigroequipamentos.com.br\/conteudo\/wp-json\/wp\/v2\/users\/3"}],"replies":[{"embeddable":true,"href":"https:\/\/nigroequipamentos.com.br\/conteudo\/wp-json\/wp\/v2\/comments?post=79865"}],"version-history":[{"count":0,"href":"https:\/\/nigroequipamentos.com.br\/conteudo\/wp-json\/wp\/v2\/pages\/79865\/revisions"}],"wp:attachment":[{"href":"https:\/\/nigroequipamentos.com.br\/conteudo\/wp-json\/wp\/v2\/media?parent=79865"}],"curies":[{"name":"wp","href":"https:\/\/api.w.org\/{rel}","templated":true}]}}