{"id":79565,"date":"2025-12-22T10:46:07","date_gmt":"2025-12-22T13:46:07","guid":{"rendered":"https:\/\/nigroequipamentos.com.br\/conteudo\/descubra-os-modelos-de-empilhadeiras-paletrans-10\/"},"modified":"2025-12-22T10:46:07","modified_gmt":"2025-12-22T13:46:07","slug":"descubra-os-modelos-de-empilhadeiras-paletrans-10","status":"publish","type":"page","link":"https:\/\/nigroequipamentos.com.br\/conteudo\/descubra-os-modelos-de-empilhadeiras-paletrans-10\/","title":{"rendered":"Descubra os Modelos de Empilhadeiras Paletrans"},"content":{"rendered":"<p>As empilhadeiras Paletrans s\u00e3o reconhecidas pela efici\u00eancia e robustez. Com uma gama de modelos, cada empilhadeira Paletrans se destaca em sua categoria, proporcionando solu\u00e7\u00f5es de movimenta\u00e7\u00e3o que atendem diversas demandas. Na Nigro Equipamentos, oferecemos as melhores op\u00e7\u00f5es de compra, manuten\u00e7\u00e3o e loca\u00e7\u00e3o de empilhadeiras Paletrans, garantindo sempre a qualidade e confiabilidade que voc\u00ea precisa para o seu neg\u00f3cio.<\/p>\n","protected":false},"excerpt":{"rendered":"<p>As empilhadeiras Paletrans s\u00e3o reconhecidas pela efici\u00eancia e robustez. Com uma gama de modelos, cada empilhadeira Paletrans se destaca em sua categoria, proporcionando solu\u00e7\u00f5es de movimenta\u00e7\u00e3o que atendem diversas demandas. Na Nigro Equipamentos, oferecemos as melhores op\u00e7\u00f5es de compra, manuten\u00e7\u00e3o e loca\u00e7\u00e3o de empilhadeiras Paletrans, garantindo sempre a qualidade e confiabilidade que voc\u00ea precisa para&hellip;&nbsp;<a href=\"https:\/\/nigroequipamentos.com.br\/conteudo\/descubra-os-modelos-de-empilhadeiras-paletrans-10\/\" class=\"\" rel=\"bookmark\">Continue a ler &raquo;<span class=\"screen-reader-text\">Descubra os Modelos de Empilhadeiras Paletrans<\/span><\/a><\/p>\n","protected":false},"author":3,"featured_media":0,"parent":0,"menu_order":0,"comment_status":"closed","ping_status":"closed","template":"","meta":{"_acf_changed":false,"_yoast_wpseo_focuskw":"Empilhadeira Paletrans modelos","_yoast_wpseo_title":"Modelos de Empilhadeiras Paletrans: Conhe\u00e7a a Linha Completa","_yoast_wpseo_metadesc":"Conhe\u00e7a os modelos de empilhadeiras Paletrans e descubra a melhor op\u00e7\u00e3o para sua empresa com a Nigro Equipamentos.","neve_meta_sidebar":"","neve_meta_container":"","neve_meta_enable_content_width":"","neve_meta_content_width":0,"neve_meta_title_alignment":"","neve_meta_author_avatar":"","neve_post_elements_order":"","neve_meta_disable_header":"","neve_meta_disable_footer":"","neve_meta_disable_title":"","footnotes":""},"class_list":["post-79565","page","type-page","status-publish","hentry"],"acf":{"bloco1title":"Qualidade Garantida","bloco1text":"As empilhadeiras Paletrans s\u00e3o fabricadas com materiais de alta qualidade, oferecendo durabilidade e desempenho superior nas opera\u00e7\u00f5es di\u00e1rias.","bloco2title":"Atendimento Especializado","bloco2text":"Nossa equipe \u00e9 treinada para oferecer suporte completo na escolha e manuten\u00e7\u00e3o das empilhadeiras Paletrans, garantindo sua satisfa\u00e7\u00e3o.","bloco3title":"Versatilidade dos Modelos","bloco3text":"As empilhadeiras Paletrans apresentam uma variedade de modelos adapt\u00e1veis a diferentes tipos de opera\u00e7\u00f5es, tornando sua aplica\u00e7\u00e3o muito mais eficiente.","posttitle":"Empilhadeiras Paletrans: Toda a Variedade que Voc\u00ea Precisa","postcontent":"<strong>O que s\u00e3o empilhadeiras Paletrans?<\/strong> As empilhadeiras Paletrans representam o que h\u00e1 de melhor em tecnologia de movimenta\u00e7\u00e3o de cargas. Cada modelo de empilhadeira Paletrans \u00e9 projetado para oferecer m\u00e1xima efici\u00eancia, seja em armaz\u00e9ns, ind\u00fastrias ou centros de distribui\u00e7\u00e3o. Diferentes configura\u00e7\u00f5es e capacidades tornam as empilhadeiras Paletrans vers\u00e1teis, atendendo desde pequenas at\u00e9 grandes opera\u00e7\u00f5es log\u00edsticas.<br><br><strong>Vantagens de escolher a Nigro Equipamentos<\/strong> ao adquirir uma empilhadeira Paletrans incluem n\u00e3o apenas a variedade de modelos dispon\u00edveis, mas tamb\u00e9m a expertise de nossa equipe. Com um profundo conhecimento no setor, garantimos que voc\u00ea encontrar\u00e1 a empilhadeira Paletrans ideal para suas necessidades. N\u00e3o se esque\u00e7a da import\u00e2ncia da manuten\u00e7\u00e3o: as empilhadeiras Paletrans, quando bem cuidadas, oferecem desempenho por muitos anos.<br><br><strong>O melhor em loca\u00e7\u00e3o de empilhadeiras Paletrans<\/strong> tamb\u00e9m est\u00e1 dispon\u00edvel na Nigro. Trabalhamos com planos flex\u00edveis, adaptando-se \u00e0s suas demandas. As empilhadeiras Paletrans s\u00e3o perfeitas para quem precisa de agilidade e efici\u00eancia nas opera\u00e7\u00f5es de movimenta\u00e7\u00e3o. Ao optar pela Nigro, voc\u00ea investe na qualidade e no suporte que seu neg\u00f3cio merece.","insightwidtitle":"Curiosidades sobre Paletrans","insightwidcontent":"Voc\u00ea sabia que as empilhadeiras Paletrans s\u00e3o reconhecidas internacionalmente por sua inova\u00e7\u00e3o? Com sistemas de seguran\u00e7a avan\u00e7ados e design ergon\u00f4mico, elas aumentam n\u00e3o apenas a produtividade, mas tamb\u00e9m a seguran\u00e7a dos operadores. Al\u00e9m disso, a manuten\u00e7\u00e3o regular pode prolongar a vida \u00fatil das empilhadeiras Paletrans, fazendo com que sejam um investimento inteligente para qualquer empresa."},"yoast_head":"<!-- This site is optimized with the Yoast SEO Premium plugin v18.3 (Yoast SEO v23.4) - https:\/\/yoast.com\/wordpress\/plugins\/seo\/ -->\n<title>Modelos de Empilhadeiras Paletrans: Conhe\u00e7a a Linha Completa<\/title>\n<meta name=\"description\" content=\"Conhe\u00e7a os modelos de empilhadeiras Paletrans e descubra a melhor op\u00e7\u00e3o para sua empresa com a Nigro Equipamentos.\" \/>\n<meta name=\"robots\" content=\"index, follow, max-snippet:-1, max-image-preview:large, max-video-preview:-1\" \/>\n<link rel=\"canonical\" href=\"https:\/\/nigroequipamentos.com.br\/conteudo\/descubra-os-modelos-de-empilhadeiras-paletrans-10\/\" \/>\n<meta property=\"og:locale\" content=\"pt_BR\" \/>\n<meta property=\"og:type\" content=\"article\" \/>\n<meta property=\"og:title\" content=\"Descubra os Modelos de Empilhadeiras Paletrans\" \/>\n<meta property=\"og:description\" content=\"Conhe\u00e7a os modelos de empilhadeiras Paletrans e descubra a melhor op\u00e7\u00e3o para sua empresa com a Nigro Equipamentos.\" \/>\n<meta property=\"og:url\" content=\"https:\/\/nigroequipamentos.com.br\/conteudo\/descubra-os-modelos-de-empilhadeiras-paletrans-10\/\" \/>\n<meta property=\"og:site_name\" content=\"Nigro Equipamentos\" \/>\n<meta property=\"article:publisher\" content=\"https:\/\/www.facebook.com\/nigroequipamentos\" \/>\n<meta name=\"twitter:card\" content=\"summary_large_image\" \/>\n<script type=\"application\/ld+json\" class=\"yoast-schema-graph\">{\"@context\":\"https:\/\/schema.org\",\"@graph\":[{\"@type\":\"WebPage\",\"@id\":\"https:\/\/nigroequipamentos.com.br\/conteudo\/descubra-os-modelos-de-empilhadeiras-paletrans-10\/\",\"url\":\"https:\/\/nigroequipamentos.com.br\/conteudo\/descubra-os-modelos-de-empilhadeiras-paletrans-10\/\",\"name\":\"Modelos de Empilhadeiras Paletrans: Conhe\u00e7a a Linha Completa\",\"isPartOf\":{\"@id\":\"https:\/\/nigroequipamentos.com.br\/conteudo\/#website\"},\"datePublished\":\"2025-12-22T13:46:07+00:00\",\"dateModified\":\"2025-12-22T13:46:07+00:00\",\"description\":\"Conhe\u00e7a os modelos de empilhadeiras Paletrans e descubra a melhor op\u00e7\u00e3o para sua empresa com a Nigro Equipamentos.\",\"breadcrumb\":{\"@id\":\"https:\/\/nigroequipamentos.com.br\/conteudo\/descubra-os-modelos-de-empilhadeiras-paletrans-10\/#breadcrumb\"},\"inLanguage\":\"pt-BR\",\"potentialAction\":[{\"@type\":\"ReadAction\",\"target\":[\"https:\/\/nigroequipamentos.com.br\/conteudo\/descubra-os-modelos-de-empilhadeiras-paletrans-10\/\"]}]},{\"@type\":\"BreadcrumbList\",\"@id\":\"https:\/\/nigroequipamentos.com.br\/conteudo\/descubra-os-modelos-de-empilhadeiras-paletrans-10\/#breadcrumb\",\"itemListElement\":[{\"@type\":\"ListItem\",\"position\":1,\"name\":\"In\u00edcio\",\"item\":\"https:\/\/nigroequipamentos.com.br\/conteudo\/\"},{\"@type\":\"ListItem\",\"position\":2,\"name\":\"Descubra os Modelos de Empilhadeiras Paletrans\"}]},{\"@type\":\"WebSite\",\"@id\":\"https:\/\/nigroequipamentos.com.br\/conteudo\/#website\",\"url\":\"https:\/\/nigroequipamentos.com.br\/conteudo\/\",\"name\":\"Nigro Equipamentos\",\"description\":\"Loca\u00e7\u00e3o e Vendas\",\"publisher\":{\"@id\":\"https:\/\/nigroequipamentos.com.br\/conteudo\/#organization\"},\"potentialAction\":[{\"@type\":\"SearchAction\",\"target\":{\"@type\":\"EntryPoint\",\"urlTemplate\":\"https:\/\/nigroequipamentos.com.br\/conteudo\/?s={search_term_string}\"},\"query-input\":{\"@type\":\"PropertyValueSpecification\",\"valueRequired\":true,\"valueName\":\"search_term_string\"}}],\"inLanguage\":\"pt-BR\"},{\"@type\":\"Organization\",\"@id\":\"https:\/\/nigroequipamentos.com.br\/conteudo\/#organization\",\"name\":\"Nigro Equipamentos\",\"url\":\"https:\/\/nigroequipamentos.com.br\/conteudo\/\",\"logo\":{\"@type\":\"ImageObject\",\"inLanguage\":\"pt-BR\",\"@id\":\"https:\/\/nigroequipamentos.com.br\/conteudo\/#\/schema\/logo\/image\/\",\"url\":\"https:\/\/nigroequipamentos.com.br\/conteudo\/wp-content\/uploads\/2024\/10\/nigroequipamentos_logo.webp\",\"contentUrl\":\"https:\/\/nigroequipamentos.com.br\/conteudo\/wp-content\/uploads\/2024\/10\/nigroequipamentos_logo.webp\",\"width\":785,\"height\":355,\"caption\":\"Nigro Equipamentos\"},\"image\":{\"@id\":\"https:\/\/nigroequipamentos.com.br\/conteudo\/#\/schema\/logo\/image\/\"},\"sameAs\":[\"https:\/\/www.facebook.com\/nigroequipamentos\",\"https:\/\/www.instagram.com\/nigroequipamentos\/\"]}]}<\/script>\n<!-- \/ Yoast SEO Premium plugin. -->","yoast_head_json":{"title":"Modelos de Empilhadeiras Paletrans: Conhe\u00e7a a Linha Completa","description":"Conhe\u00e7a os modelos de empilhadeiras Paletrans e descubra a melhor op\u00e7\u00e3o para sua empresa com a Nigro Equipamentos.","robots":{"index":"index","follow":"follow","max-snippet":"max-snippet:-1","max-image-preview":"max-image-preview:large","max-video-preview":"max-video-preview:-1"},"canonical":"https:\/\/nigroequipamentos.com.br\/conteudo\/descubra-os-modelos-de-empilhadeiras-paletrans-10\/","og_locale":"pt_BR","og_type":"article","og_title":"Descubra os Modelos de Empilhadeiras Paletrans","og_description":"Conhe\u00e7a os modelos de empilhadeiras Paletrans e descubra a melhor op\u00e7\u00e3o para sua empresa com a Nigro Equipamentos.","og_url":"https:\/\/nigroequipamentos.com.br\/conteudo\/descubra-os-modelos-de-empilhadeiras-paletrans-10\/","og_site_name":"Nigro Equipamentos","article_publisher":"https:\/\/www.facebook.com\/nigroequipamentos","twitter_card":"summary_large_image","schema":{"@context":"https:\/\/schema.org","@graph":[{"@type":"WebPage","@id":"https:\/\/nigroequipamentos.com.br\/conteudo\/descubra-os-modelos-de-empilhadeiras-paletrans-10\/","url":"https:\/\/nigroequipamentos.com.br\/conteudo\/descubra-os-modelos-de-empilhadeiras-paletrans-10\/","name":"Modelos de Empilhadeiras Paletrans: Conhe\u00e7a a Linha Completa","isPartOf":{"@id":"https:\/\/nigroequipamentos.com.br\/conteudo\/#website"},"datePublished":"2025-12-22T13:46:07+00:00","dateModified":"2025-12-22T13:46:07+00:00","description":"Conhe\u00e7a os modelos de empilhadeiras Paletrans e descubra a melhor op\u00e7\u00e3o para sua empresa com a Nigro Equipamentos.","breadcrumb":{"@id":"https:\/\/nigroequipamentos.com.br\/conteudo\/descubra-os-modelos-de-empilhadeiras-paletrans-10\/#breadcrumb"},"inLanguage":"pt-BR","potentialAction":[{"@type":"ReadAction","target":["https:\/\/nigroequipamentos.com.br\/conteudo\/descubra-os-modelos-de-empilhadeiras-paletrans-10\/"]}]},{"@type":"BreadcrumbList","@id":"https:\/\/nigroequipamentos.com.br\/conteudo\/descubra-os-modelos-de-empilhadeiras-paletrans-10\/#breadcrumb","itemListElement":[{"@type":"ListItem","position":1,"name":"In\u00edcio","item":"https:\/\/nigroequipamentos.com.br\/conteudo\/"},{"@type":"ListItem","position":2,"name":"Descubra os Modelos de Empilhadeiras Paletrans"}]},{"@type":"WebSite","@id":"https:\/\/nigroequipamentos.com.br\/conteudo\/#website","url":"https:\/\/nigroequipamentos.com.br\/conteudo\/","name":"Nigro Equipamentos","description":"Loca\u00e7\u00e3o e Vendas","publisher":{"@id":"https:\/\/nigroequipamentos.com.br\/conteudo\/#organization"},"potentialAction":[{"@type":"SearchAction","target":{"@type":"EntryPoint","urlTemplate":"https:\/\/nigroequipamentos.com.br\/conteudo\/?s={search_term_string}"},"query-input":{"@type":"PropertyValueSpecification","valueRequired":true,"valueName":"search_term_string"}}],"inLanguage":"pt-BR"},{"@type":"Organization","@id":"https:\/\/nigroequipamentos.com.br\/conteudo\/#organization","name":"Nigro Equipamentos","url":"https:\/\/nigroequipamentos.com.br\/conteudo\/","logo":{"@type":"ImageObject","inLanguage":"pt-BR","@id":"https:\/\/nigroequipamentos.com.br\/conteudo\/#\/schema\/logo\/image\/","url":"https:\/\/nigroequipamentos.com.br\/conteudo\/wp-content\/uploads\/2024\/10\/nigroequipamentos_logo.webp","contentUrl":"https:\/\/nigroequipamentos.com.br\/conteudo\/wp-content\/uploads\/2024\/10\/nigroequipamentos_logo.webp","width":785,"height":355,"caption":"Nigro Equipamentos"},"image":{"@id":"https:\/\/nigroequipamentos.com.br\/conteudo\/#\/schema\/logo\/image\/"},"sameAs":["https:\/\/www.facebook.com\/nigroequipamentos","https:\/\/www.instagram.com\/nigroequipamentos\/"]}]}},"_links":{"self":[{"href":"https:\/\/nigroequipamentos.com.br\/conteudo\/wp-json\/wp\/v2\/pages\/79565","targetHints":{"allow":["GET"]}}],"collection":[{"href":"https:\/\/nigroequipamentos.com.br\/conteudo\/wp-json\/wp\/v2\/pages"}],"about":[{"href":"https:\/\/nigroequipamentos.com.br\/conteudo\/wp-json\/wp\/v2\/types\/page"}],"author":[{"embeddable":true,"href":"https:\/\/nigroequipamentos.com.br\/conteudo\/wp-json\/wp\/v2\/users\/3"}],"replies":[{"embeddable":true,"href":"https:\/\/nigroequipamentos.com.br\/conteudo\/wp-json\/wp\/v2\/comments?post=79565"}],"version-history":[{"count":0,"href":"https:\/\/nigroequipamentos.com.br\/conteudo\/wp-json\/wp\/v2\/pages\/79565\/revisions"}],"wp:attachment":[{"href":"https:\/\/nigroequipamentos.com.br\/conteudo\/wp-json\/wp\/v2\/media?parent=79565"}],"curies":[{"name":"wp","href":"https:\/\/api.w.org\/{rel}","templated":true}]}}