{"id":77158,"date":"2025-12-11T06:01:05","date_gmt":"2025-12-11T09:01:05","guid":{"rendered":"https:\/\/nigroequipamentos.com.br\/conteudo\/a-melhor-assistencia-tecnica-para-empilhadeiras-paletrans-e-aqui\/"},"modified":"2025-12-11T06:01:05","modified_gmt":"2025-12-11T09:01:05","slug":"a-melhor-assistencia-tecnica-para-empilhadeiras-paletrans-e-aqui","status":"publish","type":"page","link":"https:\/\/nigroequipamentos.com.br\/conteudo\/a-melhor-assistencia-tecnica-para-empilhadeiras-paletrans-e-aqui\/","title":{"rendered":"A Melhor Assist\u00eancia T\u00e9cnica para Empilhadeiras Paletrans \u00e9 Aqui"},"content":{"rendered":"<p>Quando se fala em assist\u00eancia t\u00e9cnica para empilhadeiras Paletrans, a Nigro Equipamentos se destaca como refer\u00eancia no setor. Com uma equipe altamente capacitada e especializada, garantimos que sua empilhadeira permane\u00e7a em perfeito estado de funcionamento. Oferecemos solu\u00e7\u00f5es eficientes e r\u00e1pidas para minimizar o tempo de inatividade, assegurando a continuidade das opera\u00e7\u00f5es e a seguran\u00e7a no manuseio de materiais. A Nigro \u00e9 a escolha certa para quem busca qualidade e confiabilidade na assist\u00eancia t\u00e9cnica de empilhadeiras Paletrans.<\/p>\n","protected":false},"excerpt":{"rendered":"<p>Quando se fala em assist\u00eancia t\u00e9cnica para empilhadeiras Paletrans, a Nigro Equipamentos se destaca como refer\u00eancia no setor. Com uma equipe altamente capacitada e especializada, garantimos que sua empilhadeira permane\u00e7a em perfeito estado de funcionamento. Oferecemos solu\u00e7\u00f5es eficientes e r\u00e1pidas para minimizar o tempo de inatividade, assegurando a continuidade das opera\u00e7\u00f5es e a seguran\u00e7a no&hellip;&nbsp;<a href=\"https:\/\/nigroequipamentos.com.br\/conteudo\/a-melhor-assistencia-tecnica-para-empilhadeiras-paletrans-e-aqui\/\" class=\"\" rel=\"bookmark\">Continue a ler &raquo;<span class=\"screen-reader-text\">A Melhor Assist\u00eancia T\u00e9cnica para Empilhadeiras Paletrans \u00e9 Aqui<\/span><\/a><\/p>\n","protected":false},"author":3,"featured_media":0,"parent":0,"menu_order":0,"comment_status":"closed","ping_status":"closed","template":"","meta":{"_acf_changed":false,"_yoast_wpseo_focuskw":"Assist\u00eancia t\u00e9cnica empilhadeira Paletrans","_yoast_wpseo_title":"Assist\u00eancia T\u00e9cnica para Empilhadeiras Paletrans - Nigro Equipamentos","_yoast_wpseo_metadesc":"Descubra por que a Nigro Equipamentos \u00e9 a melhor op\u00e7\u00e3o para assist\u00eancia t\u00e9cnica em empilhadeiras Paletrans.","neve_meta_sidebar":"","neve_meta_container":"","neve_meta_enable_content_width":"","neve_meta_content_width":0,"neve_meta_title_alignment":"","neve_meta_author_avatar":"","neve_post_elements_order":"","neve_meta_disable_header":"","neve_meta_disable_footer":"","neve_meta_disable_title":"","footnotes":""},"class_list":["post-77158","page","type-page","status-publish","hentry"],"acf":{"bloco1title":"Experi\u00eancia Comprovada","bloco1text":"Com anos de experi\u00eancia, somos especialistas em assist\u00eancia t\u00e9cnica para empilhadeiras Paletrans, garantindo o melhor servi\u00e7o a nossos clientes.","bloco2title":"Servi\u00e7o Customizado","bloco2text":"Oferecemos planos de manuten\u00e7\u00e3o personalizados, atendendo \u00e0s necessidades espec\u00edficas de cada cliente e sua empilhadeira Paletrans.","bloco3title":"Compromisso com a Qualidade","bloco3text":"Nosso compromisso com a qualidade se reflete em cada atendimento, utilizando apenas pe\u00e7as originais e t\u00e9cnicas de manuten\u00e7\u00e3o avan\u00e7adas. A assist\u00eancia t\u00e9cnica para empilhadeiras Paletrans da Nigro \u00e9 a melhor op\u00e7\u00e3o do mercado.","posttitle":"Por que Escolher a Nigro Equipamentos para Assist\u00eancia T\u00e9cnica em Empilhadeiras Paletrans?","postcontent":"<strong>A Nigro Equipamentos<\/strong> \u00e9 sin\u00f4nimo de excel\u00eancia quando o assunto \u00e9 assist\u00eancia t\u00e9cnica para empilhadeiras Paletrans. Nossos t\u00e9cnicos s\u00e3o experientes e possuem vasta expertise no reparo e manuten\u00e7\u00e3o deste tipo espec\u00edfico de equipamento. Fazemos quest\u00e3o de oferecer um servi\u00e7o que n\u00e3o apenas resolve problemas, mas que tamb\u00e9m previne futuras falhas. Assim, sua empilhadeira Paletrans fica em \u00f3timas m\u00e3os, e sua empresa evita paradas indesejadas na produ\u00e7\u00e3o. <br><br> Com a Nigro, voc\u00ea conta com uma <strong>atendimento \u00e1gil<\/strong> e eficaz. Nossa equipe est\u00e1 sempre pronta para atender \u00e0 sua demanda, seja ela uma manuten\u00e7\u00e3o preventiva ou uma emerg\u00eancia. Realizamos diagn\u00f3sticos precisos e oferecemos solu\u00e7\u00f5es que est\u00e3o alinhadas \u00e0s suas necessidades e ao or\u00e7amento dispon\u00edvel. Cada empilhadeira Paletrans que passa por nossa assist\u00eancia recebe aten\u00e7\u00e3o especial, refletindo nosso compromisso com a excel\u00eancia e a satisfa\u00e7\u00e3o do cliente. <br><br> Ao escolher a Nigro Equipamentos, voc\u00ea n\u00e3o est\u00e1 apenas contratando um servi\u00e7o t\u00e9cnico; est\u00e1 investindo em qualidade, confian\u00e7a e efici\u00eancia. N\u00e3o perca tempo, entre em contato conosco e descubra porque somos a melhor op\u00e7\u00e3o para compra, manuten\u00e7\u00e3o e loca\u00e7\u00e3o de empilhadeiras Paletrans.","insightwidtitle":"Curiosidades sobre Paletrans","insightwidcontent":"Voc\u00ea sabia que as empilhadeiras Paletrans s\u00e3o conhecidas pela sua robustez e efici\u00eancia em ambientes industriais? Elas s\u00e3o projetadas para suportar cargas pesadas e garantir seguran\u00e7a durante o transporte de materiais. A Nigro Equipamentos possui um time especializado que entende cada detalhe sobre esses equipamentos, prontos para oferecer a melhor assist\u00eancia t\u00e9cnica dispon\u00edvel."},"yoast_head":"<!-- This site is optimized with the Yoast SEO Premium plugin v18.3 (Yoast SEO v23.4) - https:\/\/yoast.com\/wordpress\/plugins\/seo\/ -->\n<title>Assist\u00eancia T\u00e9cnica para Empilhadeiras Paletrans - Nigro Equipamentos<\/title>\n<meta name=\"description\" content=\"Descubra por que a Nigro Equipamentos \u00e9 a melhor op\u00e7\u00e3o para assist\u00eancia t\u00e9cnica em empilhadeiras Paletrans.\" \/>\n<meta name=\"robots\" content=\"index, follow, max-snippet:-1, max-image-preview:large, max-video-preview:-1\" \/>\n<link rel=\"canonical\" href=\"https:\/\/nigroequipamentos.com.br\/conteudo\/a-melhor-assistencia-tecnica-para-empilhadeiras-paletrans-e-aqui\/\" \/>\n<meta property=\"og:locale\" content=\"pt_BR\" \/>\n<meta property=\"og:type\" content=\"article\" \/>\n<meta property=\"og:title\" content=\"A Melhor Assist\u00eancia T\u00e9cnica para Empilhadeiras Paletrans \u00e9 Aqui\" \/>\n<meta property=\"og:description\" content=\"Descubra por que a Nigro Equipamentos \u00e9 a melhor op\u00e7\u00e3o para assist\u00eancia t\u00e9cnica em empilhadeiras Paletrans.\" \/>\n<meta property=\"og:url\" content=\"https:\/\/nigroequipamentos.com.br\/conteudo\/a-melhor-assistencia-tecnica-para-empilhadeiras-paletrans-e-aqui\/\" \/>\n<meta property=\"og:site_name\" content=\"Nigro Equipamentos\" \/>\n<meta property=\"article:publisher\" content=\"https:\/\/www.facebook.com\/nigroequipamentos\" \/>\n<meta name=\"twitter:card\" content=\"summary_large_image\" \/>\n<script type=\"application\/ld+json\" class=\"yoast-schema-graph\">{\"@context\":\"https:\/\/schema.org\",\"@graph\":[{\"@type\":\"WebPage\",\"@id\":\"https:\/\/nigroequipamentos.com.br\/conteudo\/a-melhor-assistencia-tecnica-para-empilhadeiras-paletrans-e-aqui\/\",\"url\":\"https:\/\/nigroequipamentos.com.br\/conteudo\/a-melhor-assistencia-tecnica-para-empilhadeiras-paletrans-e-aqui\/\",\"name\":\"Assist\u00eancia T\u00e9cnica para Empilhadeiras Paletrans - Nigro Equipamentos\",\"isPartOf\":{\"@id\":\"https:\/\/nigroequipamentos.com.br\/conteudo\/#website\"},\"datePublished\":\"2025-12-11T09:01:05+00:00\",\"dateModified\":\"2025-12-11T09:01:05+00:00\",\"description\":\"Descubra por que a Nigro Equipamentos \u00e9 a melhor op\u00e7\u00e3o para assist\u00eancia t\u00e9cnica em empilhadeiras Paletrans.\",\"breadcrumb\":{\"@id\":\"https:\/\/nigroequipamentos.com.br\/conteudo\/a-melhor-assistencia-tecnica-para-empilhadeiras-paletrans-e-aqui\/#breadcrumb\"},\"inLanguage\":\"pt-BR\",\"potentialAction\":[{\"@type\":\"ReadAction\",\"target\":[\"https:\/\/nigroequipamentos.com.br\/conteudo\/a-melhor-assistencia-tecnica-para-empilhadeiras-paletrans-e-aqui\/\"]}]},{\"@type\":\"BreadcrumbList\",\"@id\":\"https:\/\/nigroequipamentos.com.br\/conteudo\/a-melhor-assistencia-tecnica-para-empilhadeiras-paletrans-e-aqui\/#breadcrumb\",\"itemListElement\":[{\"@type\":\"ListItem\",\"position\":1,\"name\":\"In\u00edcio\",\"item\":\"https:\/\/nigroequipamentos.com.br\/conteudo\/\"},{\"@type\":\"ListItem\",\"position\":2,\"name\":\"A Melhor Assist\u00eancia T\u00e9cnica para Empilhadeiras Paletrans \u00e9 Aqui\"}]},{\"@type\":\"WebSite\",\"@id\":\"https:\/\/nigroequipamentos.com.br\/conteudo\/#website\",\"url\":\"https:\/\/nigroequipamentos.com.br\/conteudo\/\",\"name\":\"Nigro Equipamentos\",\"description\":\"Loca\u00e7\u00e3o e Vendas\",\"publisher\":{\"@id\":\"https:\/\/nigroequipamentos.com.br\/conteudo\/#organization\"},\"potentialAction\":[{\"@type\":\"SearchAction\",\"target\":{\"@type\":\"EntryPoint\",\"urlTemplate\":\"https:\/\/nigroequipamentos.com.br\/conteudo\/?s={search_term_string}\"},\"query-input\":{\"@type\":\"PropertyValueSpecification\",\"valueRequired\":true,\"valueName\":\"search_term_string\"}}],\"inLanguage\":\"pt-BR\"},{\"@type\":\"Organization\",\"@id\":\"https:\/\/nigroequipamentos.com.br\/conteudo\/#organization\",\"name\":\"Nigro Equipamentos\",\"url\":\"https:\/\/nigroequipamentos.com.br\/conteudo\/\",\"logo\":{\"@type\":\"ImageObject\",\"inLanguage\":\"pt-BR\",\"@id\":\"https:\/\/nigroequipamentos.com.br\/conteudo\/#\/schema\/logo\/image\/\",\"url\":\"https:\/\/nigroequipamentos.com.br\/conteudo\/wp-content\/uploads\/2024\/10\/nigroequipamentos_logo.webp\",\"contentUrl\":\"https:\/\/nigroequipamentos.com.br\/conteudo\/wp-content\/uploads\/2024\/10\/nigroequipamentos_logo.webp\",\"width\":785,\"height\":355,\"caption\":\"Nigro Equipamentos\"},\"image\":{\"@id\":\"https:\/\/nigroequipamentos.com.br\/conteudo\/#\/schema\/logo\/image\/\"},\"sameAs\":[\"https:\/\/www.facebook.com\/nigroequipamentos\",\"https:\/\/www.instagram.com\/nigroequipamentos\/\"]}]}<\/script>\n<!-- \/ Yoast SEO Premium plugin. -->","yoast_head_json":{"title":"Assist\u00eancia T\u00e9cnica para Empilhadeiras Paletrans - Nigro Equipamentos","description":"Descubra por que a Nigro Equipamentos \u00e9 a melhor op\u00e7\u00e3o para assist\u00eancia t\u00e9cnica em empilhadeiras Paletrans.","robots":{"index":"index","follow":"follow","max-snippet":"max-snippet:-1","max-image-preview":"max-image-preview:large","max-video-preview":"max-video-preview:-1"},"canonical":"https:\/\/nigroequipamentos.com.br\/conteudo\/a-melhor-assistencia-tecnica-para-empilhadeiras-paletrans-e-aqui\/","og_locale":"pt_BR","og_type":"article","og_title":"A Melhor Assist\u00eancia T\u00e9cnica para Empilhadeiras Paletrans \u00e9 Aqui","og_description":"Descubra por que a Nigro Equipamentos \u00e9 a melhor op\u00e7\u00e3o para assist\u00eancia t\u00e9cnica em empilhadeiras Paletrans.","og_url":"https:\/\/nigroequipamentos.com.br\/conteudo\/a-melhor-assistencia-tecnica-para-empilhadeiras-paletrans-e-aqui\/","og_site_name":"Nigro Equipamentos","article_publisher":"https:\/\/www.facebook.com\/nigroequipamentos","twitter_card":"summary_large_image","schema":{"@context":"https:\/\/schema.org","@graph":[{"@type":"WebPage","@id":"https:\/\/nigroequipamentos.com.br\/conteudo\/a-melhor-assistencia-tecnica-para-empilhadeiras-paletrans-e-aqui\/","url":"https:\/\/nigroequipamentos.com.br\/conteudo\/a-melhor-assistencia-tecnica-para-empilhadeiras-paletrans-e-aqui\/","name":"Assist\u00eancia T\u00e9cnica para Empilhadeiras Paletrans - Nigro Equipamentos","isPartOf":{"@id":"https:\/\/nigroequipamentos.com.br\/conteudo\/#website"},"datePublished":"2025-12-11T09:01:05+00:00","dateModified":"2025-12-11T09:01:05+00:00","description":"Descubra por que a Nigro Equipamentos \u00e9 a melhor op\u00e7\u00e3o para assist\u00eancia t\u00e9cnica em empilhadeiras Paletrans.","breadcrumb":{"@id":"https:\/\/nigroequipamentos.com.br\/conteudo\/a-melhor-assistencia-tecnica-para-empilhadeiras-paletrans-e-aqui\/#breadcrumb"},"inLanguage":"pt-BR","potentialAction":[{"@type":"ReadAction","target":["https:\/\/nigroequipamentos.com.br\/conteudo\/a-melhor-assistencia-tecnica-para-empilhadeiras-paletrans-e-aqui\/"]}]},{"@type":"BreadcrumbList","@id":"https:\/\/nigroequipamentos.com.br\/conteudo\/a-melhor-assistencia-tecnica-para-empilhadeiras-paletrans-e-aqui\/#breadcrumb","itemListElement":[{"@type":"ListItem","position":1,"name":"In\u00edcio","item":"https:\/\/nigroequipamentos.com.br\/conteudo\/"},{"@type":"ListItem","position":2,"name":"A Melhor Assist\u00eancia T\u00e9cnica para Empilhadeiras Paletrans \u00e9 Aqui"}]},{"@type":"WebSite","@id":"https:\/\/nigroequipamentos.com.br\/conteudo\/#website","url":"https:\/\/nigroequipamentos.com.br\/conteudo\/","name":"Nigro Equipamentos","description":"Loca\u00e7\u00e3o e Vendas","publisher":{"@id":"https:\/\/nigroequipamentos.com.br\/conteudo\/#organization"},"potentialAction":[{"@type":"SearchAction","target":{"@type":"EntryPoint","urlTemplate":"https:\/\/nigroequipamentos.com.br\/conteudo\/?s={search_term_string}"},"query-input":{"@type":"PropertyValueSpecification","valueRequired":true,"valueName":"search_term_string"}}],"inLanguage":"pt-BR"},{"@type":"Organization","@id":"https:\/\/nigroequipamentos.com.br\/conteudo\/#organization","name":"Nigro Equipamentos","url":"https:\/\/nigroequipamentos.com.br\/conteudo\/","logo":{"@type":"ImageObject","inLanguage":"pt-BR","@id":"https:\/\/nigroequipamentos.com.br\/conteudo\/#\/schema\/logo\/image\/","url":"https:\/\/nigroequipamentos.com.br\/conteudo\/wp-content\/uploads\/2024\/10\/nigroequipamentos_logo.webp","contentUrl":"https:\/\/nigroequipamentos.com.br\/conteudo\/wp-content\/uploads\/2024\/10\/nigroequipamentos_logo.webp","width":785,"height":355,"caption":"Nigro Equipamentos"},"image":{"@id":"https:\/\/nigroequipamentos.com.br\/conteudo\/#\/schema\/logo\/image\/"},"sameAs":["https:\/\/www.facebook.com\/nigroequipamentos","https:\/\/www.instagram.com\/nigroequipamentos\/"]}]}},"_links":{"self":[{"href":"https:\/\/nigroequipamentos.com.br\/conteudo\/wp-json\/wp\/v2\/pages\/77158","targetHints":{"allow":["GET"]}}],"collection":[{"href":"https:\/\/nigroequipamentos.com.br\/conteudo\/wp-json\/wp\/v2\/pages"}],"about":[{"href":"https:\/\/nigroequipamentos.com.br\/conteudo\/wp-json\/wp\/v2\/types\/page"}],"author":[{"embeddable":true,"href":"https:\/\/nigroequipamentos.com.br\/conteudo\/wp-json\/wp\/v2\/users\/3"}],"replies":[{"embeddable":true,"href":"https:\/\/nigroequipamentos.com.br\/conteudo\/wp-json\/wp\/v2\/comments?post=77158"}],"version-history":[{"count":0,"href":"https:\/\/nigroequipamentos.com.br\/conteudo\/wp-json\/wp\/v2\/pages\/77158\/revisions"}],"wp:attachment":[{"href":"https:\/\/nigroequipamentos.com.br\/conteudo\/wp-json\/wp\/v2\/media?parent=77158"}],"curies":[{"name":"wp","href":"https:\/\/api.w.org\/{rel}","templated":true}]}}