{"id":74293,"date":"2025-11-27T22:01:07","date_gmt":"2025-11-28T01:01:07","guid":{"rendered":"https:\/\/nigroequipamentos.com.br\/conteudo\/descubra-a-empilhadeira-paletrans-nova-da-nigro-equipamentos-10\/"},"modified":"2025-11-27T22:01:07","modified_gmt":"2025-11-28T01:01:07","slug":"descubra-a-empilhadeira-paletrans-nova-da-nigro-equipamentos-10","status":"publish","type":"page","link":"https:\/\/nigroequipamentos.com.br\/conteudo\/descubra-a-empilhadeira-paletrans-nova-da-nigro-equipamentos-10\/","title":{"rendered":"Descubra a Empilhadeira Paletrans Nova da Nigro Equipamentos"},"content":{"rendered":"<p>A empilhadeira Paletrans nova \u00e9 a solu\u00e7\u00e3o ideal para otimizar seu processo log\u00edstico. Com tecnologia de ponta e alta efici\u00eancia, a empilhadeira Paletrans nova se destaca pela versatilidade, permitindo o manuseio seguro de cargas pesadas em ambientes industriais e comerciais. Apostando na inova\u00e7\u00e3o, a Nigro Equipamentos oferece a empilhadeira Paletrans nova com recursos que garantem tanto a agilidade quanto a seguran\u00e7a. Seus operadores podem contar com um excelente desempenho em tarefas de carga e descarga, reduzindo o tempo operacional e aumentando a produtividade. Com um potente motor e design ergon\u00f4mico, a empilhadeira Paletrans nova da Nigro Equipamentos representa a excel\u00eancia em movimenta\u00e7\u00e3o de materiais. Nossa experi\u00eancia e autoridade no mercado garantem que voc\u00ea esteja fazendo a melhor escolha.<\/p>\n","protected":false},"excerpt":{"rendered":"<p>A empilhadeira Paletrans nova \u00e9 a solu\u00e7\u00e3o ideal para otimizar seu processo log\u00edstico. Com tecnologia de ponta e alta efici\u00eancia, a empilhadeira Paletrans nova se destaca pela versatilidade, permitindo o manuseio seguro de cargas pesadas em ambientes industriais e comerciais. Apostando na inova\u00e7\u00e3o, a Nigro Equipamentos oferece a empilhadeira Paletrans nova com recursos que garantem&hellip;&nbsp;<a href=\"https:\/\/nigroequipamentos.com.br\/conteudo\/descubra-a-empilhadeira-paletrans-nova-da-nigro-equipamentos-10\/\" class=\"\" rel=\"bookmark\">Continue a ler &raquo;<span class=\"screen-reader-text\">Descubra a Empilhadeira Paletrans Nova da Nigro Equipamentos<\/span><\/a><\/p>\n","protected":false},"author":3,"featured_media":0,"parent":0,"menu_order":0,"comment_status":"closed","ping_status":"closed","template":"","meta":{"_acf_changed":false,"_yoast_wpseo_focuskw":"Empilhadeira Paletrans nova","_yoast_wpseo_title":"Empilhadeira Paletrans Nova: Inova\u00e7\u00e3o e Seguran\u00e7a para Seu Neg\u00f3cio","_yoast_wpseo_metadesc":"Descubra as vantagens de adquirir a empilhadeira Paletrans nova da Nigro Equipamentos, a melhor escolha em compra, manuten\u00e7\u00e3o e loca\u00e7\u00e3o.","neve_meta_sidebar":"","neve_meta_container":"","neve_meta_enable_content_width":"","neve_meta_content_width":0,"neve_meta_title_alignment":"","neve_meta_author_avatar":"","neve_post_elements_order":"","neve_meta_disable_header":"","neve_meta_disable_footer":"","neve_meta_disable_title":"","footnotes":""},"class_list":["post-74293","page","type-page","status-publish","hentry"],"acf":{"bloco1title":"Tecnologia Avan\u00e7ada","bloco1text":"A empilhadeira Paletrans nova conta com tecnologia moderna, proporcionando efici\u00eancia e seguran\u00e7a no manuseio de cargas.","bloco2title":"Atendimento Especializado","bloco2text":"Nosso time de especialistas est\u00e1 sempre pronto para oferecer suporte na escolha da empilhadeira Paletrans nova.","bloco3title":"Compromisso com a Qualidade","bloco3text":"A Nigro Equipamentos se compromete em oferecer somente as melhores op\u00e7\u00f5es de empilhadeiras Paletrans novas para seus clientes.","posttitle":"","postcontent":"<strong>A empilhadeira Paletrans nova<\/strong> \u00e9 uma das melhores op\u00e7\u00f5es dispon\u00edveis no mercado para empresas que buscam aumentar sua efici\u00eancia operacional. Sua constru\u00e7\u00e3o robusta e tecnologia avan\u00e7ada fazem da <strong>empilhadeira Paletrans nova<\/strong> uma escolha acertada para quem precisa mover cargas pesadas com seguran\u00e7a. Com pot\u00eancia e ergonomia em primeiro lugar, a <strong>empilhadeira Paletrans nova<\/strong> da Nigro Equipamentos \u00e9 projetada para suportar longas jornadas de trabalho, oferecendo conforto ao operador at\u00e9 nas tarefas mais exigentes.\n\nAl\u00e9m disso, a <strong>empilhadeira Paletrans nova<\/strong> \u00e9 equipada com caracter\u00edsticas inovadoras que garantem um excelente desempenho em ambientes de armaz\u00e9m e distribui\u00e7\u00f5es. O design moderno n\u00e3o apenas melhora a visibilidade ao operar, mas tamb\u00e9m facilita a manobrabilidade em espa\u00e7os reduzidos, otimizando todo o processo log\u00edstico. Como uma das l\u00edderes do setor, a Nigro Equipamentos aposta na <strong>empilhadeira Paletrans nova<\/strong> para proporcionar solu\u00e7\u00f5es que aumentam a satisfa\u00e7\u00e3o do cliente e a produtividade.\n\nA Nigro Equipamentos \u00e9 reconhecida por sua confiabilidade e autoridade no fornecimento de <strong>empilhadeiras Paletrans novas<\/strong>. Temos um portf\u00f3lio diversificado que atende \u00e0s necessidades espec\u00edficas de cada cliente. Se voc\u00ea busca a melhor op\u00e7\u00e3o em compra, manuten\u00e7\u00e3o e loca\u00e7\u00e3o, a Nigro Equipamentos \u00e9 sua escolha ideal ao procurar uma <strong>empilhadeira Paletrans nova<\/strong>.","insightwidtitle":"Curiosidades sobre Empilhadeiras","insightwidcontent":"Voc\u00ea sabia que as empilhadeiras Paletrans novas possuem sensores inteligentes que ajudam a prevenir acidentes durante o manuseio? Essa e outras inova\u00e7\u00f5es tornam as empilhadeiras Paletrans n\u00e3o s\u00f3 destacadas pela efici\u00eancia, mas tamb\u00e9m pela seguran\u00e7a. Al\u00e9m disso, as empilhadeiras Paletrans est\u00e3o projetadas para oferecer maior economia de combust\u00edvel, reduzindo custos operacionais em longo prazo. Isso demonstra o compromisso da Nigro Equipamentos em entregar produtos que agregam valor ao seu neg\u00f3cio."},"yoast_head":"<!-- This site is optimized with the Yoast SEO Premium plugin v18.3 (Yoast SEO v23.4) - https:\/\/yoast.com\/wordpress\/plugins\/seo\/ -->\n<title>Empilhadeira Paletrans Nova: Inova\u00e7\u00e3o e Seguran\u00e7a para Seu Neg\u00f3cio<\/title>\n<meta name=\"description\" content=\"Descubra as vantagens de adquirir a empilhadeira Paletrans nova da Nigro Equipamentos, a melhor escolha em compra, manuten\u00e7\u00e3o e loca\u00e7\u00e3o.\" \/>\n<meta name=\"robots\" content=\"index, follow, max-snippet:-1, max-image-preview:large, max-video-preview:-1\" \/>\n<link rel=\"canonical\" href=\"https:\/\/nigroequipamentos.com.br\/conteudo\/descubra-a-empilhadeira-paletrans-nova-da-nigro-equipamentos-10\/\" \/>\n<meta property=\"og:locale\" content=\"pt_BR\" \/>\n<meta property=\"og:type\" content=\"article\" \/>\n<meta property=\"og:title\" content=\"Descubra a Empilhadeira Paletrans Nova da Nigro Equipamentos\" \/>\n<meta property=\"og:description\" content=\"Descubra as vantagens de adquirir a empilhadeira Paletrans nova da Nigro Equipamentos, a melhor escolha em compra, manuten\u00e7\u00e3o e loca\u00e7\u00e3o.\" \/>\n<meta property=\"og:url\" content=\"https:\/\/nigroequipamentos.com.br\/conteudo\/descubra-a-empilhadeira-paletrans-nova-da-nigro-equipamentos-10\/\" \/>\n<meta property=\"og:site_name\" content=\"Nigro Equipamentos\" \/>\n<meta property=\"article:publisher\" content=\"https:\/\/www.facebook.com\/nigroequipamentos\" \/>\n<meta name=\"twitter:card\" content=\"summary_large_image\" \/>\n<meta name=\"twitter:label1\" content=\"Est. tempo de leitura\" \/>\n\t<meta name=\"twitter:data1\" content=\"1 minuto\" \/>\n<script type=\"application\/ld+json\" class=\"yoast-schema-graph\">{\"@context\":\"https:\/\/schema.org\",\"@graph\":[{\"@type\":\"WebPage\",\"@id\":\"https:\/\/nigroequipamentos.com.br\/conteudo\/descubra-a-empilhadeira-paletrans-nova-da-nigro-equipamentos-10\/\",\"url\":\"https:\/\/nigroequipamentos.com.br\/conteudo\/descubra-a-empilhadeira-paletrans-nova-da-nigro-equipamentos-10\/\",\"name\":\"Empilhadeira Paletrans Nova: Inova\u00e7\u00e3o e Seguran\u00e7a para Seu Neg\u00f3cio\",\"isPartOf\":{\"@id\":\"https:\/\/nigroequipamentos.com.br\/conteudo\/#website\"},\"datePublished\":\"2025-11-28T01:01:07+00:00\",\"dateModified\":\"2025-11-28T01:01:07+00:00\",\"description\":\"Descubra as vantagens de adquirir a empilhadeira Paletrans nova da Nigro Equipamentos, a melhor escolha em compra, manuten\u00e7\u00e3o e loca\u00e7\u00e3o.\",\"breadcrumb\":{\"@id\":\"https:\/\/nigroequipamentos.com.br\/conteudo\/descubra-a-empilhadeira-paletrans-nova-da-nigro-equipamentos-10\/#breadcrumb\"},\"inLanguage\":\"pt-BR\",\"potentialAction\":[{\"@type\":\"ReadAction\",\"target\":[\"https:\/\/nigroequipamentos.com.br\/conteudo\/descubra-a-empilhadeira-paletrans-nova-da-nigro-equipamentos-10\/\"]}]},{\"@type\":\"BreadcrumbList\",\"@id\":\"https:\/\/nigroequipamentos.com.br\/conteudo\/descubra-a-empilhadeira-paletrans-nova-da-nigro-equipamentos-10\/#breadcrumb\",\"itemListElement\":[{\"@type\":\"ListItem\",\"position\":1,\"name\":\"In\u00edcio\",\"item\":\"https:\/\/nigroequipamentos.com.br\/conteudo\/\"},{\"@type\":\"ListItem\",\"position\":2,\"name\":\"Descubra a Empilhadeira Paletrans Nova da Nigro Equipamentos\"}]},{\"@type\":\"WebSite\",\"@id\":\"https:\/\/nigroequipamentos.com.br\/conteudo\/#website\",\"url\":\"https:\/\/nigroequipamentos.com.br\/conteudo\/\",\"name\":\"Nigro Equipamentos\",\"description\":\"Loca\u00e7\u00e3o e Vendas\",\"publisher\":{\"@id\":\"https:\/\/nigroequipamentos.com.br\/conteudo\/#organization\"},\"potentialAction\":[{\"@type\":\"SearchAction\",\"target\":{\"@type\":\"EntryPoint\",\"urlTemplate\":\"https:\/\/nigroequipamentos.com.br\/conteudo\/?s={search_term_string}\"},\"query-input\":{\"@type\":\"PropertyValueSpecification\",\"valueRequired\":true,\"valueName\":\"search_term_string\"}}],\"inLanguage\":\"pt-BR\"},{\"@type\":\"Organization\",\"@id\":\"https:\/\/nigroequipamentos.com.br\/conteudo\/#organization\",\"name\":\"Nigro Equipamentos\",\"url\":\"https:\/\/nigroequipamentos.com.br\/conteudo\/\",\"logo\":{\"@type\":\"ImageObject\",\"inLanguage\":\"pt-BR\",\"@id\":\"https:\/\/nigroequipamentos.com.br\/conteudo\/#\/schema\/logo\/image\/\",\"url\":\"https:\/\/nigroequipamentos.com.br\/conteudo\/wp-content\/uploads\/2024\/10\/nigroequipamentos_logo.webp\",\"contentUrl\":\"https:\/\/nigroequipamentos.com.br\/conteudo\/wp-content\/uploads\/2024\/10\/nigroequipamentos_logo.webp\",\"width\":785,\"height\":355,\"caption\":\"Nigro Equipamentos\"},\"image\":{\"@id\":\"https:\/\/nigroequipamentos.com.br\/conteudo\/#\/schema\/logo\/image\/\"},\"sameAs\":[\"https:\/\/www.facebook.com\/nigroequipamentos\",\"https:\/\/www.instagram.com\/nigroequipamentos\/\"]}]}<\/script>\n<!-- \/ Yoast SEO Premium plugin. -->","yoast_head_json":{"title":"Empilhadeira Paletrans Nova: Inova\u00e7\u00e3o e Seguran\u00e7a para Seu Neg\u00f3cio","description":"Descubra as vantagens de adquirir a empilhadeira Paletrans nova da Nigro Equipamentos, a melhor escolha em compra, manuten\u00e7\u00e3o e loca\u00e7\u00e3o.","robots":{"index":"index","follow":"follow","max-snippet":"max-snippet:-1","max-image-preview":"max-image-preview:large","max-video-preview":"max-video-preview:-1"},"canonical":"https:\/\/nigroequipamentos.com.br\/conteudo\/descubra-a-empilhadeira-paletrans-nova-da-nigro-equipamentos-10\/","og_locale":"pt_BR","og_type":"article","og_title":"Descubra a Empilhadeira Paletrans Nova da Nigro Equipamentos","og_description":"Descubra as vantagens de adquirir a empilhadeira Paletrans nova da Nigro Equipamentos, a melhor escolha em compra, manuten\u00e7\u00e3o e loca\u00e7\u00e3o.","og_url":"https:\/\/nigroequipamentos.com.br\/conteudo\/descubra-a-empilhadeira-paletrans-nova-da-nigro-equipamentos-10\/","og_site_name":"Nigro Equipamentos","article_publisher":"https:\/\/www.facebook.com\/nigroequipamentos","twitter_card":"summary_large_image","twitter_misc":{"Est. tempo de leitura":"1 minuto"},"schema":{"@context":"https:\/\/schema.org","@graph":[{"@type":"WebPage","@id":"https:\/\/nigroequipamentos.com.br\/conteudo\/descubra-a-empilhadeira-paletrans-nova-da-nigro-equipamentos-10\/","url":"https:\/\/nigroequipamentos.com.br\/conteudo\/descubra-a-empilhadeira-paletrans-nova-da-nigro-equipamentos-10\/","name":"Empilhadeira Paletrans Nova: Inova\u00e7\u00e3o e Seguran\u00e7a para Seu Neg\u00f3cio","isPartOf":{"@id":"https:\/\/nigroequipamentos.com.br\/conteudo\/#website"},"datePublished":"2025-11-28T01:01:07+00:00","dateModified":"2025-11-28T01:01:07+00:00","description":"Descubra as vantagens de adquirir a empilhadeira Paletrans nova da Nigro Equipamentos, a melhor escolha em compra, manuten\u00e7\u00e3o e loca\u00e7\u00e3o.","breadcrumb":{"@id":"https:\/\/nigroequipamentos.com.br\/conteudo\/descubra-a-empilhadeira-paletrans-nova-da-nigro-equipamentos-10\/#breadcrumb"},"inLanguage":"pt-BR","potentialAction":[{"@type":"ReadAction","target":["https:\/\/nigroequipamentos.com.br\/conteudo\/descubra-a-empilhadeira-paletrans-nova-da-nigro-equipamentos-10\/"]}]},{"@type":"BreadcrumbList","@id":"https:\/\/nigroequipamentos.com.br\/conteudo\/descubra-a-empilhadeira-paletrans-nova-da-nigro-equipamentos-10\/#breadcrumb","itemListElement":[{"@type":"ListItem","position":1,"name":"In\u00edcio","item":"https:\/\/nigroequipamentos.com.br\/conteudo\/"},{"@type":"ListItem","position":2,"name":"Descubra a Empilhadeira Paletrans Nova da Nigro Equipamentos"}]},{"@type":"WebSite","@id":"https:\/\/nigroequipamentos.com.br\/conteudo\/#website","url":"https:\/\/nigroequipamentos.com.br\/conteudo\/","name":"Nigro Equipamentos","description":"Loca\u00e7\u00e3o e Vendas","publisher":{"@id":"https:\/\/nigroequipamentos.com.br\/conteudo\/#organization"},"potentialAction":[{"@type":"SearchAction","target":{"@type":"EntryPoint","urlTemplate":"https:\/\/nigroequipamentos.com.br\/conteudo\/?s={search_term_string}"},"query-input":{"@type":"PropertyValueSpecification","valueRequired":true,"valueName":"search_term_string"}}],"inLanguage":"pt-BR"},{"@type":"Organization","@id":"https:\/\/nigroequipamentos.com.br\/conteudo\/#organization","name":"Nigro Equipamentos","url":"https:\/\/nigroequipamentos.com.br\/conteudo\/","logo":{"@type":"ImageObject","inLanguage":"pt-BR","@id":"https:\/\/nigroequipamentos.com.br\/conteudo\/#\/schema\/logo\/image\/","url":"https:\/\/nigroequipamentos.com.br\/conteudo\/wp-content\/uploads\/2024\/10\/nigroequipamentos_logo.webp","contentUrl":"https:\/\/nigroequipamentos.com.br\/conteudo\/wp-content\/uploads\/2024\/10\/nigroequipamentos_logo.webp","width":785,"height":355,"caption":"Nigro Equipamentos"},"image":{"@id":"https:\/\/nigroequipamentos.com.br\/conteudo\/#\/schema\/logo\/image\/"},"sameAs":["https:\/\/www.facebook.com\/nigroequipamentos","https:\/\/www.instagram.com\/nigroequipamentos\/"]}]}},"_links":{"self":[{"href":"https:\/\/nigroequipamentos.com.br\/conteudo\/wp-json\/wp\/v2\/pages\/74293","targetHints":{"allow":["GET"]}}],"collection":[{"href":"https:\/\/nigroequipamentos.com.br\/conteudo\/wp-json\/wp\/v2\/pages"}],"about":[{"href":"https:\/\/nigroequipamentos.com.br\/conteudo\/wp-json\/wp\/v2\/types\/page"}],"author":[{"embeddable":true,"href":"https:\/\/nigroequipamentos.com.br\/conteudo\/wp-json\/wp\/v2\/users\/3"}],"replies":[{"embeddable":true,"href":"https:\/\/nigroequipamentos.com.br\/conteudo\/wp-json\/wp\/v2\/comments?post=74293"}],"version-history":[{"count":0,"href":"https:\/\/nigroequipamentos.com.br\/conteudo\/wp-json\/wp\/v2\/pages\/74293\/revisions"}],"wp:attachment":[{"href":"https:\/\/nigroequipamentos.com.br\/conteudo\/wp-json\/wp\/v2\/media?parent=74293"}],"curies":[{"name":"wp","href":"https:\/\/api.w.org\/{rel}","templated":true}]}}