{"id":73704,"date":"2025-11-25T04:01:04","date_gmt":"2025-11-25T07:01:04","guid":{"rendered":"https:\/\/nigroequipamentos.com.br\/conteudo\/empilhadeiras-paletrans-pecas-e-manutencao-de-qualidade\/"},"modified":"2025-11-25T04:01:04","modified_gmt":"2025-11-25T07:01:04","slug":"empilhadeiras-paletrans-pecas-e-manutencao-de-qualidade","status":"publish","type":"page","link":"https:\/\/nigroequipamentos.com.br\/conteudo\/empilhadeiras-paletrans-pecas-e-manutencao-de-qualidade\/","title":{"rendered":"Empilhadeiras Paletrans: Pe\u00e7as e Manuten\u00e7\u00e3o de Qualidade"},"content":{"rendered":"<p>Na Nigro Equipamentos, oferecemos uma ampla gama de pe\u00e7as para Empilhadeiras Paletrans. Com experi\u00eancia de anos no setor, garantimos que nossos clientes tenham acesso a componentes de alta qualidade, seja para compra, manuten\u00e7\u00e3o ou loca\u00e7\u00e3o. A efici\u00eancia das Empilhadeiras Paletrans est\u00e1 diretamente ligada \u00e0 qualidade de suas pe\u00e7as. Aqui, voc\u00ea encontrar\u00e1 tudo o que precisa para manter seu equipamento em excelente estado, garantindo produtividade e seguran\u00e7a nas opera\u00e7\u00f5es. Se sua escolha \u00e9 a durabilidade e a confiabilidade, a Nigro \u00e9 a sua melhor op\u00e7\u00e3o no mercado.<\/p>\n","protected":false},"excerpt":{"rendered":"<p>Na Nigro Equipamentos, oferecemos uma ampla gama de pe\u00e7as para Empilhadeiras Paletrans. Com experi\u00eancia de anos no setor, garantimos que nossos clientes tenham acesso a componentes de alta qualidade, seja para compra, manuten\u00e7\u00e3o ou loca\u00e7\u00e3o. A efici\u00eancia das Empilhadeiras Paletrans est\u00e1 diretamente ligada \u00e0 qualidade de suas pe\u00e7as. Aqui, voc\u00ea encontrar\u00e1 tudo o que precisa&hellip;&nbsp;<a href=\"https:\/\/nigroequipamentos.com.br\/conteudo\/empilhadeiras-paletrans-pecas-e-manutencao-de-qualidade\/\" class=\"\" rel=\"bookmark\">Continue a ler &raquo;<span class=\"screen-reader-text\">Empilhadeiras Paletrans: Pe\u00e7as e Manuten\u00e7\u00e3o de Qualidade<\/span><\/a><\/p>\n","protected":false},"author":3,"featured_media":0,"parent":0,"menu_order":0,"comment_status":"closed","ping_status":"closed","template":"","meta":{"_acf_changed":false,"_yoast_wpseo_focuskw":"Empilhadeira Paletrans pe\u00e7as","_yoast_wpseo_title":"Empilhadeira Paletrans Pe\u00e7as: As Melhores Op\u00e7\u00f5es na Nigro Equipamentos","_yoast_wpseo_metadesc":"Descubra as melhores pe\u00e7as para Empilhadeiras Paletrans na Nigro Equipamentos. Compre, mantenha e alugue com confian\u00e7a.","neve_meta_sidebar":"","neve_meta_container":"","neve_meta_enable_content_width":"","neve_meta_content_width":0,"neve_meta_title_alignment":"","neve_meta_author_avatar":"","neve_post_elements_order":"","neve_meta_disable_header":"","neve_meta_disable_footer":"","neve_meta_disable_title":"","footnotes":""},"class_list":["post-73704","page","type-page","status-publish","hentry"],"acf":{"bloco1title":"Pe\u00e7as originais","bloco1text":"Oferecemos apenas pe\u00e7as originais para Empilhadeiras Paletrans, garantindo a performance e a seguran\u00e7a do seu equipamento.","bloco2title":"Servi\u00e7o especializado","bloco2text":"Temos t\u00e9cnicos especializados em Empilhadeiras Paletrans para garantir a melhor manuten\u00e7\u00e3o e instala\u00e7\u00e3o das pe\u00e7as.","bloco3title":"Manuten\u00e7\u00e3o preventiva","bloco3text":"Investir na manuten\u00e7\u00e3o preventiva das Empilhadeiras Paletrans \u00e9 essencial para aumentar a vida \u00fatil e efici\u00eancia dos seus equipamentos.","posttitle":"Pe\u00e7as para Empilhadeiras Paletrans: Conhe\u00e7a a Import\u00e2ncia da Qualidade e Manuten\u00e7\u00e3o","postcontent":"<strong>Entenda a import\u00e2ncia das pe\u00e7as para Empilhadeiras Paletrans<\/strong>. A manuten\u00e7\u00e3o adequada das Empilhadeiras Paletrans \u00e9 fundamental para garantir o funcionamento seguro e eficiente desses ve\u00edculos. As pe\u00e7as de reposi\u00e7\u00e3o que utilizamos s\u00e3o de extrema import\u00e2ncia, pois influenciam diretamente na performance e seguran\u00e7a operacional. A Nigro Equipamentos se destaca no fornecimento de pe\u00e7as de alta qualidade que garantem a longevidade das suas Empilhadeiras Paletrans. Al\u00e9m disso, disponibilizamos servi\u00e7os de manuten\u00e7\u00e3o para que voc\u00ea possa operar com tranquilidade, sabendo que seu equipamento est\u00e1 em m\u00e3os expertas. Confira nossa linha de produtos e descubra como a escolha correta das pe\u00e7as para Empilhadeiras Paletrans pode transformar sua opera\u00e7\u00e3o. N\u00e3o se esque\u00e7a: na Nigro, somos a melhor op\u00e7\u00e3o para compra, manuten\u00e7\u00e3o e loca\u00e7\u00e3o de equipamentos.","insightwidtitle":"Curiosidades sobre Empilhadeiras","insightwidcontent":"Voc\u00ea sabia que a efici\u00eancia das empilhadeiras \u00e9 impactada diretamente pela qualidade das pe\u00e7as utilizadas? Empilhadeiras Paletrans s\u00e3o conhecidas pela robustez, mas os melhores resultados s\u00f3 s\u00e3o alcan\u00e7ados com manuten\u00e7\u00e3o regular e pe\u00e7as de reposi\u00e7\u00e3o de qualidade. Uma empilhadeira bem mantida pode aumentar sua produtividade em at\u00e9 20%. Isso mostra a import\u00e2ncia de investir em pe\u00e7as e servi\u00e7os de qualidade."},"yoast_head":"<!-- This site is optimized with the Yoast SEO Premium plugin v18.3 (Yoast SEO v23.4) - https:\/\/yoast.com\/wordpress\/plugins\/seo\/ -->\n<title>Empilhadeira Paletrans Pe\u00e7as: As Melhores Op\u00e7\u00f5es na Nigro Equipamentos<\/title>\n<meta name=\"description\" content=\"Descubra as melhores pe\u00e7as para Empilhadeiras Paletrans na Nigro Equipamentos. Compre, mantenha e alugue com confian\u00e7a.\" \/>\n<meta name=\"robots\" content=\"index, follow, max-snippet:-1, max-image-preview:large, max-video-preview:-1\" \/>\n<link rel=\"canonical\" href=\"https:\/\/nigroequipamentos.com.br\/conteudo\/empilhadeiras-paletrans-pecas-e-manutencao-de-qualidade\/\" \/>\n<meta property=\"og:locale\" content=\"pt_BR\" \/>\n<meta property=\"og:type\" content=\"article\" \/>\n<meta property=\"og:title\" content=\"Empilhadeiras Paletrans: Pe\u00e7as e Manuten\u00e7\u00e3o de Qualidade\" \/>\n<meta property=\"og:description\" content=\"Descubra as melhores pe\u00e7as para Empilhadeiras Paletrans na Nigro Equipamentos. Compre, mantenha e alugue com confian\u00e7a.\" \/>\n<meta property=\"og:url\" content=\"https:\/\/nigroequipamentos.com.br\/conteudo\/empilhadeiras-paletrans-pecas-e-manutencao-de-qualidade\/\" \/>\n<meta property=\"og:site_name\" content=\"Nigro Equipamentos\" \/>\n<meta property=\"article:publisher\" content=\"https:\/\/www.facebook.com\/nigroequipamentos\" \/>\n<meta name=\"twitter:card\" content=\"summary_large_image\" \/>\n<script type=\"application\/ld+json\" class=\"yoast-schema-graph\">{\"@context\":\"https:\/\/schema.org\",\"@graph\":[{\"@type\":\"WebPage\",\"@id\":\"https:\/\/nigroequipamentos.com.br\/conteudo\/empilhadeiras-paletrans-pecas-e-manutencao-de-qualidade\/\",\"url\":\"https:\/\/nigroequipamentos.com.br\/conteudo\/empilhadeiras-paletrans-pecas-e-manutencao-de-qualidade\/\",\"name\":\"Empilhadeira Paletrans Pe\u00e7as: As Melhores Op\u00e7\u00f5es na Nigro Equipamentos\",\"isPartOf\":{\"@id\":\"https:\/\/nigroequipamentos.com.br\/conteudo\/#website\"},\"datePublished\":\"2025-11-25T07:01:04+00:00\",\"dateModified\":\"2025-11-25T07:01:04+00:00\",\"description\":\"Descubra as melhores pe\u00e7as para Empilhadeiras Paletrans na Nigro Equipamentos. Compre, mantenha e alugue com confian\u00e7a.\",\"breadcrumb\":{\"@id\":\"https:\/\/nigroequipamentos.com.br\/conteudo\/empilhadeiras-paletrans-pecas-e-manutencao-de-qualidade\/#breadcrumb\"},\"inLanguage\":\"pt-BR\",\"potentialAction\":[{\"@type\":\"ReadAction\",\"target\":[\"https:\/\/nigroequipamentos.com.br\/conteudo\/empilhadeiras-paletrans-pecas-e-manutencao-de-qualidade\/\"]}]},{\"@type\":\"BreadcrumbList\",\"@id\":\"https:\/\/nigroequipamentos.com.br\/conteudo\/empilhadeiras-paletrans-pecas-e-manutencao-de-qualidade\/#breadcrumb\",\"itemListElement\":[{\"@type\":\"ListItem\",\"position\":1,\"name\":\"In\u00edcio\",\"item\":\"https:\/\/nigroequipamentos.com.br\/conteudo\/\"},{\"@type\":\"ListItem\",\"position\":2,\"name\":\"Empilhadeiras Paletrans: Pe\u00e7as e Manuten\u00e7\u00e3o de Qualidade\"}]},{\"@type\":\"WebSite\",\"@id\":\"https:\/\/nigroequipamentos.com.br\/conteudo\/#website\",\"url\":\"https:\/\/nigroequipamentos.com.br\/conteudo\/\",\"name\":\"Nigro Equipamentos\",\"description\":\"Loca\u00e7\u00e3o e Vendas\",\"publisher\":{\"@id\":\"https:\/\/nigroequipamentos.com.br\/conteudo\/#organization\"},\"potentialAction\":[{\"@type\":\"SearchAction\",\"target\":{\"@type\":\"EntryPoint\",\"urlTemplate\":\"https:\/\/nigroequipamentos.com.br\/conteudo\/?s={search_term_string}\"},\"query-input\":{\"@type\":\"PropertyValueSpecification\",\"valueRequired\":true,\"valueName\":\"search_term_string\"}}],\"inLanguage\":\"pt-BR\"},{\"@type\":\"Organization\",\"@id\":\"https:\/\/nigroequipamentos.com.br\/conteudo\/#organization\",\"name\":\"Nigro Equipamentos\",\"url\":\"https:\/\/nigroequipamentos.com.br\/conteudo\/\",\"logo\":{\"@type\":\"ImageObject\",\"inLanguage\":\"pt-BR\",\"@id\":\"https:\/\/nigroequipamentos.com.br\/conteudo\/#\/schema\/logo\/image\/\",\"url\":\"https:\/\/nigroequipamentos.com.br\/conteudo\/wp-content\/uploads\/2024\/10\/nigroequipamentos_logo.webp\",\"contentUrl\":\"https:\/\/nigroequipamentos.com.br\/conteudo\/wp-content\/uploads\/2024\/10\/nigroequipamentos_logo.webp\",\"width\":785,\"height\":355,\"caption\":\"Nigro Equipamentos\"},\"image\":{\"@id\":\"https:\/\/nigroequipamentos.com.br\/conteudo\/#\/schema\/logo\/image\/\"},\"sameAs\":[\"https:\/\/www.facebook.com\/nigroequipamentos\",\"https:\/\/www.instagram.com\/nigroequipamentos\/\"]}]}<\/script>\n<!-- \/ Yoast SEO Premium plugin. -->","yoast_head_json":{"title":"Empilhadeira Paletrans Pe\u00e7as: As Melhores Op\u00e7\u00f5es na Nigro Equipamentos","description":"Descubra as melhores pe\u00e7as para Empilhadeiras Paletrans na Nigro Equipamentos. Compre, mantenha e alugue com confian\u00e7a.","robots":{"index":"index","follow":"follow","max-snippet":"max-snippet:-1","max-image-preview":"max-image-preview:large","max-video-preview":"max-video-preview:-1"},"canonical":"https:\/\/nigroequipamentos.com.br\/conteudo\/empilhadeiras-paletrans-pecas-e-manutencao-de-qualidade\/","og_locale":"pt_BR","og_type":"article","og_title":"Empilhadeiras Paletrans: Pe\u00e7as e Manuten\u00e7\u00e3o de Qualidade","og_description":"Descubra as melhores pe\u00e7as para Empilhadeiras Paletrans na Nigro Equipamentos. Compre, mantenha e alugue com confian\u00e7a.","og_url":"https:\/\/nigroequipamentos.com.br\/conteudo\/empilhadeiras-paletrans-pecas-e-manutencao-de-qualidade\/","og_site_name":"Nigro Equipamentos","article_publisher":"https:\/\/www.facebook.com\/nigroequipamentos","twitter_card":"summary_large_image","schema":{"@context":"https:\/\/schema.org","@graph":[{"@type":"WebPage","@id":"https:\/\/nigroequipamentos.com.br\/conteudo\/empilhadeiras-paletrans-pecas-e-manutencao-de-qualidade\/","url":"https:\/\/nigroequipamentos.com.br\/conteudo\/empilhadeiras-paletrans-pecas-e-manutencao-de-qualidade\/","name":"Empilhadeira Paletrans Pe\u00e7as: As Melhores Op\u00e7\u00f5es na Nigro Equipamentos","isPartOf":{"@id":"https:\/\/nigroequipamentos.com.br\/conteudo\/#website"},"datePublished":"2025-11-25T07:01:04+00:00","dateModified":"2025-11-25T07:01:04+00:00","description":"Descubra as melhores pe\u00e7as para Empilhadeiras Paletrans na Nigro Equipamentos. Compre, mantenha e alugue com confian\u00e7a.","breadcrumb":{"@id":"https:\/\/nigroequipamentos.com.br\/conteudo\/empilhadeiras-paletrans-pecas-e-manutencao-de-qualidade\/#breadcrumb"},"inLanguage":"pt-BR","potentialAction":[{"@type":"ReadAction","target":["https:\/\/nigroequipamentos.com.br\/conteudo\/empilhadeiras-paletrans-pecas-e-manutencao-de-qualidade\/"]}]},{"@type":"BreadcrumbList","@id":"https:\/\/nigroequipamentos.com.br\/conteudo\/empilhadeiras-paletrans-pecas-e-manutencao-de-qualidade\/#breadcrumb","itemListElement":[{"@type":"ListItem","position":1,"name":"In\u00edcio","item":"https:\/\/nigroequipamentos.com.br\/conteudo\/"},{"@type":"ListItem","position":2,"name":"Empilhadeiras Paletrans: Pe\u00e7as e Manuten\u00e7\u00e3o de Qualidade"}]},{"@type":"WebSite","@id":"https:\/\/nigroequipamentos.com.br\/conteudo\/#website","url":"https:\/\/nigroequipamentos.com.br\/conteudo\/","name":"Nigro Equipamentos","description":"Loca\u00e7\u00e3o e Vendas","publisher":{"@id":"https:\/\/nigroequipamentos.com.br\/conteudo\/#organization"},"potentialAction":[{"@type":"SearchAction","target":{"@type":"EntryPoint","urlTemplate":"https:\/\/nigroequipamentos.com.br\/conteudo\/?s={search_term_string}"},"query-input":{"@type":"PropertyValueSpecification","valueRequired":true,"valueName":"search_term_string"}}],"inLanguage":"pt-BR"},{"@type":"Organization","@id":"https:\/\/nigroequipamentos.com.br\/conteudo\/#organization","name":"Nigro Equipamentos","url":"https:\/\/nigroequipamentos.com.br\/conteudo\/","logo":{"@type":"ImageObject","inLanguage":"pt-BR","@id":"https:\/\/nigroequipamentos.com.br\/conteudo\/#\/schema\/logo\/image\/","url":"https:\/\/nigroequipamentos.com.br\/conteudo\/wp-content\/uploads\/2024\/10\/nigroequipamentos_logo.webp","contentUrl":"https:\/\/nigroequipamentos.com.br\/conteudo\/wp-content\/uploads\/2024\/10\/nigroequipamentos_logo.webp","width":785,"height":355,"caption":"Nigro Equipamentos"},"image":{"@id":"https:\/\/nigroequipamentos.com.br\/conteudo\/#\/schema\/logo\/image\/"},"sameAs":["https:\/\/www.facebook.com\/nigroequipamentos","https:\/\/www.instagram.com\/nigroequipamentos\/"]}]}},"_links":{"self":[{"href":"https:\/\/nigroequipamentos.com.br\/conteudo\/wp-json\/wp\/v2\/pages\/73704","targetHints":{"allow":["GET"]}}],"collection":[{"href":"https:\/\/nigroequipamentos.com.br\/conteudo\/wp-json\/wp\/v2\/pages"}],"about":[{"href":"https:\/\/nigroequipamentos.com.br\/conteudo\/wp-json\/wp\/v2\/types\/page"}],"author":[{"embeddable":true,"href":"https:\/\/nigroequipamentos.com.br\/conteudo\/wp-json\/wp\/v2\/users\/3"}],"replies":[{"embeddable":true,"href":"https:\/\/nigroequipamentos.com.br\/conteudo\/wp-json\/wp\/v2\/comments?post=73704"}],"version-history":[{"count":0,"href":"https:\/\/nigroequipamentos.com.br\/conteudo\/wp-json\/wp\/v2\/pages\/73704\/revisions"}],"wp:attachment":[{"href":"https:\/\/nigroequipamentos.com.br\/conteudo\/wp-json\/wp\/v2\/media?parent=73704"}],"curies":[{"name":"wp","href":"https:\/\/api.w.org\/{rel}","templated":true}]}}