{"id":72672,"date":"2025-11-20T08:46:04","date_gmt":"2025-11-20T11:46:04","guid":{"rendered":"https:\/\/nigroequipamentos.com.br\/conteudo\/descubra-os-componentes-da-empilhadeira-paletrans-24\/"},"modified":"2025-11-20T08:46:04","modified_gmt":"2025-11-20T11:46:04","slug":"descubra-os-componentes-da-empilhadeira-paletrans-24","status":"publish","type":"page","link":"https:\/\/nigroequipamentos.com.br\/conteudo\/descubra-os-componentes-da-empilhadeira-paletrans-24\/","title":{"rendered":"Descubra os Componentes da Empilhadeira Paletrans"},"content":{"rendered":"<p>A empilhadeira Paletrans \u00e9 sin\u00f4nimo de efici\u00eancia e robustez. Projetada para atender \u00e0s demandas do setor log\u00edstico, seus componentes s\u00e3o a chave para um desempenho superior. Conhe\u00e7a melhor a empilhadeira Paletrans e seu funcionamento, que garante a movimenta\u00e7\u00e3o segura de cargas. Cada parte dessa empilhadeira tem sua fun\u00e7\u00e3o espec\u00edfica, desde o motor potente at\u00e9 a estrutura resistente, tornando-a uma escolha ideal para diversos tipos de opera\u00e7\u00f5es. Ao escolher uma empilhadeira Paletrans, voc\u00ea garante a combina\u00e7\u00e3o perfeita entre tecnologia avan\u00e7ada e durabilidade. Na Nigro Equipamentos, temos a experi\u00eancia necess\u00e1ria para oferecer a melhor solu\u00e7\u00e3o em compra, manuten\u00e7\u00e3o e loca\u00e7\u00e3o de empilhadeiras Paletrans.<\/p>\n","protected":false},"excerpt":{"rendered":"<p>A empilhadeira Paletrans \u00e9 sin\u00f4nimo de efici\u00eancia e robustez. Projetada para atender \u00e0s demandas do setor log\u00edstico, seus componentes s\u00e3o a chave para um desempenho superior. Conhe\u00e7a melhor a empilhadeira Paletrans e seu funcionamento, que garante a movimenta\u00e7\u00e3o segura de cargas. Cada parte dessa empilhadeira tem sua fun\u00e7\u00e3o espec\u00edfica, desde o motor potente at\u00e9 a&hellip;&nbsp;<a href=\"https:\/\/nigroequipamentos.com.br\/conteudo\/descubra-os-componentes-da-empilhadeira-paletrans-24\/\" class=\"\" rel=\"bookmark\">Continue a ler &raquo;<span class=\"screen-reader-text\">Descubra os Componentes da Empilhadeira Paletrans<\/span><\/a><\/p>\n","protected":false},"author":3,"featured_media":0,"parent":0,"menu_order":0,"comment_status":"closed","ping_status":"closed","template":"","meta":{"_acf_changed":false,"_yoast_wpseo_focuskw":"Empilhadeira Paletrans componentes","_yoast_wpseo_title":"Componentes Essenciais da Empilhadeira Paletrans - Nigro Equipamentos","_yoast_wpseo_metadesc":"Saiba tudo sobre os componentes da empilhadeira Paletrans e descubra como a Nigro Equipamentos pode ajudar na sua compra, manuten\u00e7\u00e3o e loca\u00e7\u00e3o.","neve_meta_sidebar":"","neve_meta_container":"","neve_meta_enable_content_width":"","neve_meta_content_width":0,"neve_meta_title_alignment":"","neve_meta_author_avatar":"","neve_post_elements_order":"","neve_meta_disable_header":"","neve_meta_disable_footer":"","neve_meta_disable_title":"","footnotes":""},"class_list":["post-72672","page","type-page","status-publish","hentry"],"acf":{"bloco1title":"Qualidade Garantida","bloco1text":"A Nigro Equipamentos \u00e9 reconhecida pela excel\u00eancia na venda e manuten\u00e7\u00e3o de empilhadeiras Paletrans, assegurando produtos de alta qualidade e suporte t\u00e9cnico especializado.","bloco2title":"Atendimento Personalizado","bloco2text":"Nosso time est\u00e1 preparado para oferecer um atendimento \u00e1gil e solu\u00e7\u00f5es personalizadas para cada cliente em rela\u00e7\u00e3o \u00e0s empilhadeiras Paletrans.","bloco3title":"Vantagens Competitivas","bloco3text":"As empilhadeiras Paletrans se destacam pela sua versatilidade e robustez, permitindo que as empresas otimizem seus processos log\u00edsticos com seguran\u00e7a e efici\u00eancia.","posttitle":"A Import\u00e2ncia dos Componentes da Empilhadeira Paletrans","postcontent":"<strong>Os principais componentes da empilhadeira Paletrans<\/strong> s\u00e3o fundamentais para seu funcionamento eficaz. O sistema hidr\u00e1ulico, por exemplo, \u00e9 respons\u00e1vel por levantar e mover cargas pesadas com facilidade. Al\u00e9m disso, os motores das empilhadeiras Paletrans oferecem pot\u00eancia suficiente para opera\u00e7\u00f5es intensivas, enquanto as rodas s\u00e3o desenhadas para proporcionar tra\u00e7\u00e3o em diversas superf\u00edcies. Outro ponto importante \u00e9 a estrutura da empilhadeira que garante resist\u00eancia e suporte ideal para a carga. Todo esse conjunto de componentes faz da empilhadeira Paletrans uma escolha confi\u00e1vel. <strong>O inversor de dire\u00e7\u00e3o tamb\u00e9m merece destaque<\/strong>, pois permite manobras \u00e1geis e precisas, essencial em ambientes de trabalho com espa\u00e7o limitado. Em suma, os componentes da empilhadeira Paletrans s\u00e3o projetados para atender as necessidades do mercado, refor\u00e7ando sua posi\u00e7\u00e3o de lideran\u00e7a no setor. Ao considerar a compra ou loca\u00e7\u00e3o de empilhadeiras, a Nigro Equipamentos se destaca como a melhor op\u00e7\u00e3o, garantindo a manuten\u00e7\u00e3o adequada e a entrega de produtos confi\u00e1veis para otimizar sua log\u00edstica.","insightwidtitle":"Curiosidades Sobre Empilhadeiras","insightwidcontent":"Voc\u00ea sabia que a empilhadeira Paletrans pode operar em temperaturas extremas? Seus componentes s\u00e3o projetados para resistir a condi\u00e7\u00f5es adversas, o que a torna uma escolha vers\u00e1til para vari\u00e1veis de ambientes de trabalho. Al\u00e9m disso, a efici\u00eancia energ\u00e9tica dessas m\u00e1quinas reduz custos operacionais, uma vantagem significativa para empresas que buscam sustentabilidade."},"yoast_head":"<!-- This site is optimized with the Yoast SEO Premium plugin v18.3 (Yoast SEO v23.4) - https:\/\/yoast.com\/wordpress\/plugins\/seo\/ -->\n<title>Componentes Essenciais da Empilhadeira Paletrans - Nigro Equipamentos<\/title>\n<meta name=\"description\" content=\"Saiba tudo sobre os componentes da empilhadeira Paletrans e descubra como a Nigro Equipamentos pode ajudar na sua compra, manuten\u00e7\u00e3o e loca\u00e7\u00e3o.\" \/>\n<meta name=\"robots\" content=\"index, follow, max-snippet:-1, max-image-preview:large, max-video-preview:-1\" \/>\n<link rel=\"canonical\" href=\"https:\/\/nigroequipamentos.com.br\/conteudo\/descubra-os-componentes-da-empilhadeira-paletrans-24\/\" \/>\n<meta property=\"og:locale\" content=\"pt_BR\" \/>\n<meta property=\"og:type\" content=\"article\" \/>\n<meta property=\"og:title\" content=\"Descubra os Componentes da Empilhadeira Paletrans\" \/>\n<meta property=\"og:description\" content=\"Saiba tudo sobre os componentes da empilhadeira Paletrans e descubra como a Nigro Equipamentos pode ajudar na sua compra, manuten\u00e7\u00e3o e loca\u00e7\u00e3o.\" \/>\n<meta property=\"og:url\" content=\"https:\/\/nigroequipamentos.com.br\/conteudo\/descubra-os-componentes-da-empilhadeira-paletrans-24\/\" \/>\n<meta property=\"og:site_name\" content=\"Nigro Equipamentos\" \/>\n<meta property=\"article:publisher\" content=\"https:\/\/www.facebook.com\/nigroequipamentos\" \/>\n<meta name=\"twitter:card\" content=\"summary_large_image\" \/>\n<meta name=\"twitter:label1\" content=\"Est. tempo de leitura\" \/>\n\t<meta name=\"twitter:data1\" content=\"1 minuto\" \/>\n<script type=\"application\/ld+json\" class=\"yoast-schema-graph\">{\"@context\":\"https:\/\/schema.org\",\"@graph\":[{\"@type\":\"WebPage\",\"@id\":\"https:\/\/nigroequipamentos.com.br\/conteudo\/descubra-os-componentes-da-empilhadeira-paletrans-24\/\",\"url\":\"https:\/\/nigroequipamentos.com.br\/conteudo\/descubra-os-componentes-da-empilhadeira-paletrans-24\/\",\"name\":\"Componentes Essenciais da Empilhadeira Paletrans - Nigro Equipamentos\",\"isPartOf\":{\"@id\":\"https:\/\/nigroequipamentos.com.br\/conteudo\/#website\"},\"datePublished\":\"2025-11-20T11:46:04+00:00\",\"dateModified\":\"2025-11-20T11:46:04+00:00\",\"description\":\"Saiba tudo sobre os componentes da empilhadeira Paletrans e descubra como a Nigro Equipamentos pode ajudar na sua compra, manuten\u00e7\u00e3o e loca\u00e7\u00e3o.\",\"breadcrumb\":{\"@id\":\"https:\/\/nigroequipamentos.com.br\/conteudo\/descubra-os-componentes-da-empilhadeira-paletrans-24\/#breadcrumb\"},\"inLanguage\":\"pt-BR\",\"potentialAction\":[{\"@type\":\"ReadAction\",\"target\":[\"https:\/\/nigroequipamentos.com.br\/conteudo\/descubra-os-componentes-da-empilhadeira-paletrans-24\/\"]}]},{\"@type\":\"BreadcrumbList\",\"@id\":\"https:\/\/nigroequipamentos.com.br\/conteudo\/descubra-os-componentes-da-empilhadeira-paletrans-24\/#breadcrumb\",\"itemListElement\":[{\"@type\":\"ListItem\",\"position\":1,\"name\":\"In\u00edcio\",\"item\":\"https:\/\/nigroequipamentos.com.br\/conteudo\/\"},{\"@type\":\"ListItem\",\"position\":2,\"name\":\"Descubra os Componentes da Empilhadeira Paletrans\"}]},{\"@type\":\"WebSite\",\"@id\":\"https:\/\/nigroequipamentos.com.br\/conteudo\/#website\",\"url\":\"https:\/\/nigroequipamentos.com.br\/conteudo\/\",\"name\":\"Nigro Equipamentos\",\"description\":\"Loca\u00e7\u00e3o e Vendas\",\"publisher\":{\"@id\":\"https:\/\/nigroequipamentos.com.br\/conteudo\/#organization\"},\"potentialAction\":[{\"@type\":\"SearchAction\",\"target\":{\"@type\":\"EntryPoint\",\"urlTemplate\":\"https:\/\/nigroequipamentos.com.br\/conteudo\/?s={search_term_string}\"},\"query-input\":{\"@type\":\"PropertyValueSpecification\",\"valueRequired\":true,\"valueName\":\"search_term_string\"}}],\"inLanguage\":\"pt-BR\"},{\"@type\":\"Organization\",\"@id\":\"https:\/\/nigroequipamentos.com.br\/conteudo\/#organization\",\"name\":\"Nigro Equipamentos\",\"url\":\"https:\/\/nigroequipamentos.com.br\/conteudo\/\",\"logo\":{\"@type\":\"ImageObject\",\"inLanguage\":\"pt-BR\",\"@id\":\"https:\/\/nigroequipamentos.com.br\/conteudo\/#\/schema\/logo\/image\/\",\"url\":\"https:\/\/nigroequipamentos.com.br\/conteudo\/wp-content\/uploads\/2024\/10\/nigroequipamentos_logo.webp\",\"contentUrl\":\"https:\/\/nigroequipamentos.com.br\/conteudo\/wp-content\/uploads\/2024\/10\/nigroequipamentos_logo.webp\",\"width\":785,\"height\":355,\"caption\":\"Nigro Equipamentos\"},\"image\":{\"@id\":\"https:\/\/nigroequipamentos.com.br\/conteudo\/#\/schema\/logo\/image\/\"},\"sameAs\":[\"https:\/\/www.facebook.com\/nigroequipamentos\",\"https:\/\/www.instagram.com\/nigroequipamentos\/\"]}]}<\/script>\n<!-- \/ Yoast SEO Premium plugin. -->","yoast_head_json":{"title":"Componentes Essenciais da Empilhadeira Paletrans - Nigro Equipamentos","description":"Saiba tudo sobre os componentes da empilhadeira Paletrans e descubra como a Nigro Equipamentos pode ajudar na sua compra, manuten\u00e7\u00e3o e loca\u00e7\u00e3o.","robots":{"index":"index","follow":"follow","max-snippet":"max-snippet:-1","max-image-preview":"max-image-preview:large","max-video-preview":"max-video-preview:-1"},"canonical":"https:\/\/nigroequipamentos.com.br\/conteudo\/descubra-os-componentes-da-empilhadeira-paletrans-24\/","og_locale":"pt_BR","og_type":"article","og_title":"Descubra os Componentes da Empilhadeira Paletrans","og_description":"Saiba tudo sobre os componentes da empilhadeira Paletrans e descubra como a Nigro Equipamentos pode ajudar na sua compra, manuten\u00e7\u00e3o e loca\u00e7\u00e3o.","og_url":"https:\/\/nigroequipamentos.com.br\/conteudo\/descubra-os-componentes-da-empilhadeira-paletrans-24\/","og_site_name":"Nigro Equipamentos","article_publisher":"https:\/\/www.facebook.com\/nigroequipamentos","twitter_card":"summary_large_image","twitter_misc":{"Est. tempo de leitura":"1 minuto"},"schema":{"@context":"https:\/\/schema.org","@graph":[{"@type":"WebPage","@id":"https:\/\/nigroequipamentos.com.br\/conteudo\/descubra-os-componentes-da-empilhadeira-paletrans-24\/","url":"https:\/\/nigroequipamentos.com.br\/conteudo\/descubra-os-componentes-da-empilhadeira-paletrans-24\/","name":"Componentes Essenciais da Empilhadeira Paletrans - Nigro Equipamentos","isPartOf":{"@id":"https:\/\/nigroequipamentos.com.br\/conteudo\/#website"},"datePublished":"2025-11-20T11:46:04+00:00","dateModified":"2025-11-20T11:46:04+00:00","description":"Saiba tudo sobre os componentes da empilhadeira Paletrans e descubra como a Nigro Equipamentos pode ajudar na sua compra, manuten\u00e7\u00e3o e loca\u00e7\u00e3o.","breadcrumb":{"@id":"https:\/\/nigroequipamentos.com.br\/conteudo\/descubra-os-componentes-da-empilhadeira-paletrans-24\/#breadcrumb"},"inLanguage":"pt-BR","potentialAction":[{"@type":"ReadAction","target":["https:\/\/nigroequipamentos.com.br\/conteudo\/descubra-os-componentes-da-empilhadeira-paletrans-24\/"]}]},{"@type":"BreadcrumbList","@id":"https:\/\/nigroequipamentos.com.br\/conteudo\/descubra-os-componentes-da-empilhadeira-paletrans-24\/#breadcrumb","itemListElement":[{"@type":"ListItem","position":1,"name":"In\u00edcio","item":"https:\/\/nigroequipamentos.com.br\/conteudo\/"},{"@type":"ListItem","position":2,"name":"Descubra os Componentes da Empilhadeira Paletrans"}]},{"@type":"WebSite","@id":"https:\/\/nigroequipamentos.com.br\/conteudo\/#website","url":"https:\/\/nigroequipamentos.com.br\/conteudo\/","name":"Nigro Equipamentos","description":"Loca\u00e7\u00e3o e Vendas","publisher":{"@id":"https:\/\/nigroequipamentos.com.br\/conteudo\/#organization"},"potentialAction":[{"@type":"SearchAction","target":{"@type":"EntryPoint","urlTemplate":"https:\/\/nigroequipamentos.com.br\/conteudo\/?s={search_term_string}"},"query-input":{"@type":"PropertyValueSpecification","valueRequired":true,"valueName":"search_term_string"}}],"inLanguage":"pt-BR"},{"@type":"Organization","@id":"https:\/\/nigroequipamentos.com.br\/conteudo\/#organization","name":"Nigro Equipamentos","url":"https:\/\/nigroequipamentos.com.br\/conteudo\/","logo":{"@type":"ImageObject","inLanguage":"pt-BR","@id":"https:\/\/nigroequipamentos.com.br\/conteudo\/#\/schema\/logo\/image\/","url":"https:\/\/nigroequipamentos.com.br\/conteudo\/wp-content\/uploads\/2024\/10\/nigroequipamentos_logo.webp","contentUrl":"https:\/\/nigroequipamentos.com.br\/conteudo\/wp-content\/uploads\/2024\/10\/nigroequipamentos_logo.webp","width":785,"height":355,"caption":"Nigro Equipamentos"},"image":{"@id":"https:\/\/nigroequipamentos.com.br\/conteudo\/#\/schema\/logo\/image\/"},"sameAs":["https:\/\/www.facebook.com\/nigroequipamentos","https:\/\/www.instagram.com\/nigroequipamentos\/"]}]}},"_links":{"self":[{"href":"https:\/\/nigroequipamentos.com.br\/conteudo\/wp-json\/wp\/v2\/pages\/72672","targetHints":{"allow":["GET"]}}],"collection":[{"href":"https:\/\/nigroequipamentos.com.br\/conteudo\/wp-json\/wp\/v2\/pages"}],"about":[{"href":"https:\/\/nigroequipamentos.com.br\/conteudo\/wp-json\/wp\/v2\/types\/page"}],"author":[{"embeddable":true,"href":"https:\/\/nigroequipamentos.com.br\/conteudo\/wp-json\/wp\/v2\/users\/3"}],"replies":[{"embeddable":true,"href":"https:\/\/nigroequipamentos.com.br\/conteudo\/wp-json\/wp\/v2\/comments?post=72672"}],"version-history":[{"count":0,"href":"https:\/\/nigroequipamentos.com.br\/conteudo\/wp-json\/wp\/v2\/pages\/72672\/revisions"}],"wp:attachment":[{"href":"https:\/\/nigroequipamentos.com.br\/conteudo\/wp-json\/wp\/v2\/media?parent=72672"}],"curies":[{"name":"wp","href":"https:\/\/api.w.org\/{rel}","templated":true}]}}