{"id":70870,"date":"2025-11-11T23:01:15","date_gmt":"2025-11-12T02:01:15","guid":{"rendered":"https:\/\/nigroequipamentos.com.br\/conteudo\/empilhadeira-paletrans-o-melhor-custo-beneficio-do-mercado-58\/"},"modified":"2025-11-11T23:01:15","modified_gmt":"2025-11-12T02:01:15","slug":"empilhadeira-paletrans-o-melhor-custo-beneficio-do-mercado-58","status":"publish","type":"page","link":"https:\/\/nigroequipamentos.com.br\/conteudo\/empilhadeira-paletrans-o-melhor-custo-beneficio-do-mercado-58\/","title":{"rendered":"Empilhadeira Paletrans: O Melhor Custo-Benef\u00edcio do Mercado"},"content":{"rendered":"<p>Quando se trata de efici\u00eancia em ambientes de log\u00edstica e armaz\u00e9ns, a empilhadeira Paletrans \u00e9 uma escolha imbat\u00edvel. Conhecida por sua robustez e confiabilidade, a empilhadeira Paletrans se destaca n\u00e3o apenas pela sua funcionalidade, mas tamb\u00e9m pelo excelente custo-benef\u00edcio que oferece. Com diversas op\u00e7\u00f5es de modelo e caracter\u00edsticas adapt\u00e1veis para diferentes demandas, a empilhadeira Paletrans se torna a escolha ideal para empresas que buscam produtividade maximizada sem comprometer o or\u00e7amento. A Nigro Equipamentos \u00e9 a refer\u00eancia quando o assunto \u00e9 empilhadeira Paletrans e se destaca como a melhor op\u00e7\u00e3o para compra, manuten\u00e7\u00e3o e loca\u00e7\u00e3o, garantindo que o investimento traga retornos significativos em efici\u00eancia e seguran\u00e7a.<\/p>\n","protected":false},"excerpt":{"rendered":"<p>Quando se trata de efici\u00eancia em ambientes de log\u00edstica e armaz\u00e9ns, a empilhadeira Paletrans \u00e9 uma escolha imbat\u00edvel. Conhecida por sua robustez e confiabilidade, a empilhadeira Paletrans se destaca n\u00e3o apenas pela sua funcionalidade, mas tamb\u00e9m pelo excelente custo-benef\u00edcio que oferece. Com diversas op\u00e7\u00f5es de modelo e caracter\u00edsticas adapt\u00e1veis para diferentes demandas, a empilhadeira Paletrans&hellip;&nbsp;<a href=\"https:\/\/nigroequipamentos.com.br\/conteudo\/empilhadeira-paletrans-o-melhor-custo-beneficio-do-mercado-58\/\" class=\"\" rel=\"bookmark\">Continue a ler &raquo;<span class=\"screen-reader-text\">Empilhadeira Paletrans: O Melhor Custo-Benef\u00edcio do Mercado<\/span><\/a><\/p>\n","protected":false},"author":3,"featured_media":0,"parent":0,"menu_order":0,"comment_status":"closed","ping_status":"closed","template":"","meta":{"_acf_changed":false,"_yoast_wpseo_focuskw":"Empilhadeira Paletrans custo-benef\u00edcio","_yoast_wpseo_title":"Empilhadeira Paletrans: Custo-Benef\u00edcio Incompar\u00e1vel no Mercado","_yoast_wpseo_metadesc":"Descubra como a empilhadeira Paletrans oferece o melhor custo-benef\u00edcio do mercado, sendo a escolha ideal para sua empresa.","neve_meta_sidebar":"","neve_meta_container":"","neve_meta_enable_content_width":"","neve_meta_content_width":0,"neve_meta_title_alignment":"","neve_meta_author_avatar":"","neve_post_elements_order":"","neve_meta_disable_header":"","neve_meta_disable_footer":"","neve_meta_disable_title":"","footnotes":""},"class_list":["post-70870","page","type-page","status-publish","hentry"],"acf":{"bloco1title":"Experi\u00eancia de Mercado","bloco1text":"Com anos de experi\u00eancia, a Nigro Equipamentos garante a melhor assessoria na escolha da empilhadeira Paletrans, ajustando as op\u00e7\u00f5es ao perfil da sua empresa.","bloco2title":"Atendimento Personalizado","bloco2text":"Oferecemos um atendimento personalizado que entende suas necessidades espec\u00edficas ao selecionar a empilhadeira Paletrans.","bloco3title":"Custos Reduzidos","bloco3text":"Optar por uma empilhadeira Paletrans da Nigro significa n\u00e3o s\u00f3 adquirir um produto, mas reduzir custos operacionais atrav\u00e9s de nossa manuten\u00e7\u00e3o especializada e suporte cont\u00ednuo.","posttitle":"Empilhadeira Paletrans: Confira o Melhor Custo-Benef\u00edcio","postcontent":"<strong>A Empilhadeira Paletrans e sua Popularidade<\/strong><br>Se voc\u00ea est\u00e1 em busca de uma empilhadeira com um excelente custo-benef\u00edcio, a empilhadeira Paletrans \u00e9 uma escolha inteligente. Este equipamento \u00e9 amplamente reconhecido por sua durabilidade e efici\u00eancia em diferentes opera\u00e7\u00f5es de movimenta\u00e7\u00e3o de cargas. Ao investir na empilhadeira Paletrans, sua empresa n\u00e3o s\u00f3 melhora a efici\u00eancia operacional como tamb\u00e9m reduz os custos a longo prazo. Garantimos que a escolha da empilhadeira Paletrans \u00e9 uma maneira eficaz de otimizar processos log\u00edsticos em armaz\u00e9ns e centros de distribui\u00e7\u00e3o.<br><br><strong>Vantagens da Empilhadeira Paletrans<\/strong><br>Um dos principais fatores que tornam a empilhadeira Paletrans uma op\u00e7\u00e3o vantajosa \u00e9 seu design ergon\u00f4mico que favorece o conforto do operador, assim como um sistema eficiente que minimiza o consumo de energia. Al\u00e9m disso, a facilidade de manuten\u00e7\u00e3o da empilhadeira Paletrans garante que voc\u00ea gaste menos em reparos e mais na produtividade da sua equipe.<br><br><strong>Como a Nigro Equipamentos Ajuda<\/strong><br>Na Nigro Equipamentos, oferecemos diversas op\u00e7\u00f5es de empilhadeiras Paletrans, permitindo que nossos clientes escolham o modelo que melhor atende a suas necessidades espec\u00edficas. Seja na compra, loca\u00e7\u00e3o ou manuten\u00e7\u00e3o, temos solu\u00e7\u00f5es que garantem que o investimento na empilhadeira Paletrans seja valorizado e que nossos clientes tenham um suporte constante que assegura a efici\u00eancia do equipamento. Ao escolher a Nigro, voc\u00ea escolhe qualidade, confian\u00e7a e expertise no setor.","insightwidtitle":"Curiosidades sobre as Empilhadeiras","insightwidcontent":"Sabia que a empilhadeira Paletrans \u00e9 projetada com uma capacidade de carga surpreendente, ideal para manusear produtos variados? Al\u00e9m disso, as empilhadeiras modernas, como as da linha Paletrans, podem incluir tecnologia avan\u00e7ada para monitoramento de performance, garantindo que qualquer opera\u00e7\u00e3o de carga e descarga seja realizada com o m\u00e1ximo de seguran\u00e7a e efici\u00eancia. Optar por uma empilhadeira Paletrans significa estar na vanguarda da inova\u00e7\u00e3o no setor log\u00edstico."},"yoast_head":"<!-- This site is optimized with the Yoast SEO Premium plugin v18.3 (Yoast SEO v23.4) - https:\/\/yoast.com\/wordpress\/plugins\/seo\/ -->\n<title>Empilhadeira Paletrans: Custo-Benef\u00edcio Incompar\u00e1vel no Mercado<\/title>\n<meta name=\"description\" content=\"Descubra como a empilhadeira Paletrans oferece o melhor custo-benef\u00edcio do mercado, sendo a escolha ideal para sua empresa.\" \/>\n<meta name=\"robots\" content=\"index, follow, max-snippet:-1, max-image-preview:large, max-video-preview:-1\" \/>\n<link rel=\"canonical\" href=\"https:\/\/nigroequipamentos.com.br\/conteudo\/empilhadeira-paletrans-o-melhor-custo-beneficio-do-mercado-58\/\" \/>\n<meta property=\"og:locale\" content=\"pt_BR\" \/>\n<meta property=\"og:type\" content=\"article\" \/>\n<meta property=\"og:title\" content=\"Empilhadeira Paletrans: O Melhor Custo-Benef\u00edcio do Mercado\" \/>\n<meta property=\"og:description\" content=\"Descubra como a empilhadeira Paletrans oferece o melhor custo-benef\u00edcio do mercado, sendo a escolha ideal para sua empresa.\" \/>\n<meta property=\"og:url\" content=\"https:\/\/nigroequipamentos.com.br\/conteudo\/empilhadeira-paletrans-o-melhor-custo-beneficio-do-mercado-58\/\" \/>\n<meta property=\"og:site_name\" content=\"Nigro Equipamentos\" \/>\n<meta property=\"article:publisher\" content=\"https:\/\/www.facebook.com\/nigroequipamentos\" \/>\n<meta name=\"twitter:card\" content=\"summary_large_image\" \/>\n<meta name=\"twitter:label1\" content=\"Est. tempo de leitura\" \/>\n\t<meta name=\"twitter:data1\" content=\"1 minuto\" \/>\n<script type=\"application\/ld+json\" class=\"yoast-schema-graph\">{\"@context\":\"https:\/\/schema.org\",\"@graph\":[{\"@type\":\"WebPage\",\"@id\":\"https:\/\/nigroequipamentos.com.br\/conteudo\/empilhadeira-paletrans-o-melhor-custo-beneficio-do-mercado-58\/\",\"url\":\"https:\/\/nigroequipamentos.com.br\/conteudo\/empilhadeira-paletrans-o-melhor-custo-beneficio-do-mercado-58\/\",\"name\":\"Empilhadeira Paletrans: Custo-Benef\u00edcio Incompar\u00e1vel no Mercado\",\"isPartOf\":{\"@id\":\"https:\/\/nigroequipamentos.com.br\/conteudo\/#website\"},\"datePublished\":\"2025-11-12T02:01:15+00:00\",\"dateModified\":\"2025-11-12T02:01:15+00:00\",\"description\":\"Descubra como a empilhadeira Paletrans oferece o melhor custo-benef\u00edcio do mercado, sendo a escolha ideal para sua empresa.\",\"breadcrumb\":{\"@id\":\"https:\/\/nigroequipamentos.com.br\/conteudo\/empilhadeira-paletrans-o-melhor-custo-beneficio-do-mercado-58\/#breadcrumb\"},\"inLanguage\":\"pt-BR\",\"potentialAction\":[{\"@type\":\"ReadAction\",\"target\":[\"https:\/\/nigroequipamentos.com.br\/conteudo\/empilhadeira-paletrans-o-melhor-custo-beneficio-do-mercado-58\/\"]}]},{\"@type\":\"BreadcrumbList\",\"@id\":\"https:\/\/nigroequipamentos.com.br\/conteudo\/empilhadeira-paletrans-o-melhor-custo-beneficio-do-mercado-58\/#breadcrumb\",\"itemListElement\":[{\"@type\":\"ListItem\",\"position\":1,\"name\":\"In\u00edcio\",\"item\":\"https:\/\/nigroequipamentos.com.br\/conteudo\/\"},{\"@type\":\"ListItem\",\"position\":2,\"name\":\"Empilhadeira Paletrans: O Melhor Custo-Benef\u00edcio do Mercado\"}]},{\"@type\":\"WebSite\",\"@id\":\"https:\/\/nigroequipamentos.com.br\/conteudo\/#website\",\"url\":\"https:\/\/nigroequipamentos.com.br\/conteudo\/\",\"name\":\"Nigro Equipamentos\",\"description\":\"Loca\u00e7\u00e3o e Vendas\",\"publisher\":{\"@id\":\"https:\/\/nigroequipamentos.com.br\/conteudo\/#organization\"},\"potentialAction\":[{\"@type\":\"SearchAction\",\"target\":{\"@type\":\"EntryPoint\",\"urlTemplate\":\"https:\/\/nigroequipamentos.com.br\/conteudo\/?s={search_term_string}\"},\"query-input\":{\"@type\":\"PropertyValueSpecification\",\"valueRequired\":true,\"valueName\":\"search_term_string\"}}],\"inLanguage\":\"pt-BR\"},{\"@type\":\"Organization\",\"@id\":\"https:\/\/nigroequipamentos.com.br\/conteudo\/#organization\",\"name\":\"Nigro Equipamentos\",\"url\":\"https:\/\/nigroequipamentos.com.br\/conteudo\/\",\"logo\":{\"@type\":\"ImageObject\",\"inLanguage\":\"pt-BR\",\"@id\":\"https:\/\/nigroequipamentos.com.br\/conteudo\/#\/schema\/logo\/image\/\",\"url\":\"https:\/\/nigroequipamentos.com.br\/conteudo\/wp-content\/uploads\/2024\/10\/nigroequipamentos_logo.webp\",\"contentUrl\":\"https:\/\/nigroequipamentos.com.br\/conteudo\/wp-content\/uploads\/2024\/10\/nigroequipamentos_logo.webp\",\"width\":785,\"height\":355,\"caption\":\"Nigro Equipamentos\"},\"image\":{\"@id\":\"https:\/\/nigroequipamentos.com.br\/conteudo\/#\/schema\/logo\/image\/\"},\"sameAs\":[\"https:\/\/www.facebook.com\/nigroequipamentos\",\"https:\/\/www.instagram.com\/nigroequipamentos\/\"]}]}<\/script>\n<!-- \/ Yoast SEO Premium plugin. -->","yoast_head_json":{"title":"Empilhadeira Paletrans: Custo-Benef\u00edcio Incompar\u00e1vel no Mercado","description":"Descubra como a empilhadeira Paletrans oferece o melhor custo-benef\u00edcio do mercado, sendo a escolha ideal para sua empresa.","robots":{"index":"index","follow":"follow","max-snippet":"max-snippet:-1","max-image-preview":"max-image-preview:large","max-video-preview":"max-video-preview:-1"},"canonical":"https:\/\/nigroequipamentos.com.br\/conteudo\/empilhadeira-paletrans-o-melhor-custo-beneficio-do-mercado-58\/","og_locale":"pt_BR","og_type":"article","og_title":"Empilhadeira Paletrans: O Melhor Custo-Benef\u00edcio do Mercado","og_description":"Descubra como a empilhadeira Paletrans oferece o melhor custo-benef\u00edcio do mercado, sendo a escolha ideal para sua empresa.","og_url":"https:\/\/nigroequipamentos.com.br\/conteudo\/empilhadeira-paletrans-o-melhor-custo-beneficio-do-mercado-58\/","og_site_name":"Nigro Equipamentos","article_publisher":"https:\/\/www.facebook.com\/nigroequipamentos","twitter_card":"summary_large_image","twitter_misc":{"Est. tempo de leitura":"1 minuto"},"schema":{"@context":"https:\/\/schema.org","@graph":[{"@type":"WebPage","@id":"https:\/\/nigroequipamentos.com.br\/conteudo\/empilhadeira-paletrans-o-melhor-custo-beneficio-do-mercado-58\/","url":"https:\/\/nigroequipamentos.com.br\/conteudo\/empilhadeira-paletrans-o-melhor-custo-beneficio-do-mercado-58\/","name":"Empilhadeira Paletrans: Custo-Benef\u00edcio Incompar\u00e1vel no Mercado","isPartOf":{"@id":"https:\/\/nigroequipamentos.com.br\/conteudo\/#website"},"datePublished":"2025-11-12T02:01:15+00:00","dateModified":"2025-11-12T02:01:15+00:00","description":"Descubra como a empilhadeira Paletrans oferece o melhor custo-benef\u00edcio do mercado, sendo a escolha ideal para sua empresa.","breadcrumb":{"@id":"https:\/\/nigroequipamentos.com.br\/conteudo\/empilhadeira-paletrans-o-melhor-custo-beneficio-do-mercado-58\/#breadcrumb"},"inLanguage":"pt-BR","potentialAction":[{"@type":"ReadAction","target":["https:\/\/nigroequipamentos.com.br\/conteudo\/empilhadeira-paletrans-o-melhor-custo-beneficio-do-mercado-58\/"]}]},{"@type":"BreadcrumbList","@id":"https:\/\/nigroequipamentos.com.br\/conteudo\/empilhadeira-paletrans-o-melhor-custo-beneficio-do-mercado-58\/#breadcrumb","itemListElement":[{"@type":"ListItem","position":1,"name":"In\u00edcio","item":"https:\/\/nigroequipamentos.com.br\/conteudo\/"},{"@type":"ListItem","position":2,"name":"Empilhadeira Paletrans: O Melhor Custo-Benef\u00edcio do Mercado"}]},{"@type":"WebSite","@id":"https:\/\/nigroequipamentos.com.br\/conteudo\/#website","url":"https:\/\/nigroequipamentos.com.br\/conteudo\/","name":"Nigro Equipamentos","description":"Loca\u00e7\u00e3o e Vendas","publisher":{"@id":"https:\/\/nigroequipamentos.com.br\/conteudo\/#organization"},"potentialAction":[{"@type":"SearchAction","target":{"@type":"EntryPoint","urlTemplate":"https:\/\/nigroequipamentos.com.br\/conteudo\/?s={search_term_string}"},"query-input":{"@type":"PropertyValueSpecification","valueRequired":true,"valueName":"search_term_string"}}],"inLanguage":"pt-BR"},{"@type":"Organization","@id":"https:\/\/nigroequipamentos.com.br\/conteudo\/#organization","name":"Nigro Equipamentos","url":"https:\/\/nigroequipamentos.com.br\/conteudo\/","logo":{"@type":"ImageObject","inLanguage":"pt-BR","@id":"https:\/\/nigroequipamentos.com.br\/conteudo\/#\/schema\/logo\/image\/","url":"https:\/\/nigroequipamentos.com.br\/conteudo\/wp-content\/uploads\/2024\/10\/nigroequipamentos_logo.webp","contentUrl":"https:\/\/nigroequipamentos.com.br\/conteudo\/wp-content\/uploads\/2024\/10\/nigroequipamentos_logo.webp","width":785,"height":355,"caption":"Nigro Equipamentos"},"image":{"@id":"https:\/\/nigroequipamentos.com.br\/conteudo\/#\/schema\/logo\/image\/"},"sameAs":["https:\/\/www.facebook.com\/nigroequipamentos","https:\/\/www.instagram.com\/nigroequipamentos\/"]}]}},"_links":{"self":[{"href":"https:\/\/nigroequipamentos.com.br\/conteudo\/wp-json\/wp\/v2\/pages\/70870","targetHints":{"allow":["GET"]}}],"collection":[{"href":"https:\/\/nigroequipamentos.com.br\/conteudo\/wp-json\/wp\/v2\/pages"}],"about":[{"href":"https:\/\/nigroequipamentos.com.br\/conteudo\/wp-json\/wp\/v2\/types\/page"}],"author":[{"embeddable":true,"href":"https:\/\/nigroequipamentos.com.br\/conteudo\/wp-json\/wp\/v2\/users\/3"}],"replies":[{"embeddable":true,"href":"https:\/\/nigroequipamentos.com.br\/conteudo\/wp-json\/wp\/v2\/comments?post=70870"}],"version-history":[{"count":0,"href":"https:\/\/nigroequipamentos.com.br\/conteudo\/wp-json\/wp\/v2\/pages\/70870\/revisions"}],"wp:attachment":[{"href":"https:\/\/nigroequipamentos.com.br\/conteudo\/wp-json\/wp\/v2\/media?parent=70870"}],"curies":[{"name":"wp","href":"https:\/\/api.w.org\/{rel}","templated":true}]}}