{"id":70467,"date":"2025-11-10T02:01:06","date_gmt":"2025-11-10T05:01:06","guid":{"rendered":"https:\/\/nigroequipamentos.com.br\/conteudo\/descubra-a-empilhadeira-retratil-paletrans-pr2070i-16\/"},"modified":"2025-11-10T02:01:06","modified_gmt":"2025-11-10T05:01:06","slug":"descubra-a-empilhadeira-retratil-paletrans-pr2070i-16","status":"publish","type":"page","link":"https:\/\/nigroequipamentos.com.br\/conteudo\/descubra-a-empilhadeira-retratil-paletrans-pr2070i-16\/","title":{"rendered":"Descubra a Empilhadeira Retr\u00e1til Paletrans PR2070i"},"content":{"rendered":"<p>A Empilhadeira Retr\u00e1til Paletrans PR2070i \u00e9 a solu\u00e7\u00e3o ideal para quem busca efici\u00eancia e versatilidade em opera\u00e7\u00f5es de movimenta\u00e7\u00e3o de cargas. Com alta capacidade de eleva\u00e7\u00e3o e tecnologia avan\u00e7ada, a PR2070i se destaca em armaz\u00e9ns e centros de distribui\u00e7\u00e3o. Sua capacidade de manobra em espa\u00e7os reduzidos torna essa empilhadeira uma pe\u00e7a chave para otimiza\u00e7\u00e3o de processos log\u00edsticos. Nunca foi t\u00e3o f\u00e1cil organizar e acessar os produtos armazenados. Confira tudo o que a Empilhadeira Retr\u00e1til Paletrans PR2070i pode fazer por voc\u00ea e sua opera\u00e7\u00e3o!<\/p>\n","protected":false},"excerpt":{"rendered":"<p>A Empilhadeira Retr\u00e1til Paletrans PR2070i \u00e9 a solu\u00e7\u00e3o ideal para quem busca efici\u00eancia e versatilidade em opera\u00e7\u00f5es de movimenta\u00e7\u00e3o de cargas. Com alta capacidade de eleva\u00e7\u00e3o e tecnologia avan\u00e7ada, a PR2070i se destaca em armaz\u00e9ns e centros de distribui\u00e7\u00e3o. Sua capacidade de manobra em espa\u00e7os reduzidos torna essa empilhadeira uma pe\u00e7a chave para otimiza\u00e7\u00e3o de&hellip;&nbsp;<a href=\"https:\/\/nigroequipamentos.com.br\/conteudo\/descubra-a-empilhadeira-retratil-paletrans-pr2070i-16\/\" class=\"\" rel=\"bookmark\">Continue a ler &raquo;<span class=\"screen-reader-text\">Descubra a Empilhadeira Retr\u00e1til Paletrans PR2070i<\/span><\/a><\/p>\n","protected":false},"author":3,"featured_media":0,"parent":0,"menu_order":0,"comment_status":"closed","ping_status":"closed","template":"","meta":{"_acf_changed":false,"_yoast_wpseo_focuskw":"Empilhadeira Retr\u00e1til Paletrans PR2070i","_yoast_wpseo_title":"Empilhadeira Retr\u00e1til Paletrans PR2070i: A Solu\u00e7\u00e3o Perfeita para Seus Desafios Log\u00edsticos","_yoast_wpseo_metadesc":"Saiba tudo sobre a Empilhadeira Retr\u00e1til Paletrans PR2070i, suas caracter\u00edsticas, vantagens e por que escolher a Nigro Equipamentos.","neve_meta_sidebar":"","neve_meta_container":"","neve_meta_enable_content_width":"","neve_meta_content_width":0,"neve_meta_title_alignment":"","neve_meta_author_avatar":"","neve_post_elements_order":"","neve_meta_disable_header":"","neve_meta_disable_footer":"","neve_meta_disable_title":"","footnotes":""},"class_list":["post-70467","page","type-page","status-publish","hentry"],"acf":{"bloco1title":"Excel\u00eancia e Qualidade","bloco1text":"A Nigro Equipamentos oferece as melhores op\u00e7\u00f5es em empilhadeiras, com qualidade garantida na compra, manuten\u00e7\u00e3o e loca\u00e7\u00e3o da Empilhadeira Retr\u00e1til Paletrans PR2070i.","bloco2title":"Suporte Especializado","bloco2text":"Contamos com t\u00e9cnicos qualificados para suporte na opera\u00e7\u00e3o da Empilhadeira Retr\u00e1til Paletrans PR2070i.","bloco3title":"Efici\u00eancia Log\u00edstica","bloco3text":"Com a Empilhadeira Retr\u00e1til Paletrans PR2070i, voc\u00ea otimiza o espa\u00e7o e ganha efici\u00eancia nas opera\u00e7\u00f5es di\u00e1rias, melhorando a produtividade geral da sua equipe.","posttitle":"A Import\u00e2ncia da Empilhadeira Retr\u00e1til Paletrans PR2070i nas Opera\u00e7\u00f5es Log\u00edsticas","postcontent":"A Empilhadeira Retr\u00e1til Paletrans PR2070i \u00e9 o que h\u00e1 de melhor quando se trata de movimenta\u00e7\u00e3o de materiais.  Essa m\u00e1quina \u00e9 projetada para oferecer alta efici\u00eancia em ambientes com espa\u00e7o reduzido, tornando-a perfeita para armaz\u00e9ns e f\u00e1bricas. A capacidade de eleva\u00e7\u00e3o da PR2070i chega a 7 metros, permitindo que voc\u00ea aproveite ao m\u00e1ximo a altura dos seus armaz\u00e9ns. Al\u00e9m disso, essa empilhadeira \u00e9 equipada com tecnologia de ponta, proporcionando seguran\u00e7a e conforto para os operadores. A Paletrans PR2070i tamb\u00e9m \u00e9 vers\u00e1til e adapt\u00e1vel, trabalhando bem em diferentes tipos de pisos e ambientes. Escolher a Empilhadeira Retr\u00e1til Paletrans PR2070i \u00e9 garantir um desempenho superior e uma opera\u00e7\u00e3o mais \u00e1gil, minimizando o tempo de coleta e libera\u00e7\u00e3o de mercadorias. Com anos de experi\u00eancia no setor, a Nigro Equipamentos \u00e9 a melhor op\u00e7\u00e3o para compra, manuten\u00e7\u00e3o e loca\u00e7\u00e3o dessa poderosa ferramenta do dia a dia. N\u00e3o deixe de considerar a Empilhadeira Retr\u00e1til Paletrans PR2070i para suas necessidades log\u00edsticas.","insightwidtitle":"Curiosidades sobre a PR2070i","insightwidcontent":"Voc\u00ea sabia que a Empilhadeira Retr\u00e1til Paletrans PR2070i pode aumentar a efici\u00eancia operacional em at\u00e9 30% em armaz\u00e9ns? Gra\u00e7as ao seu design compacto e \u00e0 tecnologia avan\u00e7ada, ela atua eficientemente em corredores estreitos, permitindo uma melhor gest\u00e3o do espa\u00e7o. Esse fator, aliado ao seu alto desempenho, faz dela uma escolha privilegiada para empresas que buscam modernizar suas opera\u00e7\u00f5es e reduzir custos."},"yoast_head":"<!-- This site is optimized with the Yoast SEO Premium plugin v18.3 (Yoast SEO v23.4) - https:\/\/yoast.com\/wordpress\/plugins\/seo\/ -->\n<title>Empilhadeira Retr\u00e1til Paletrans PR2070i: A Solu\u00e7\u00e3o Perfeita para Seus Desafios Log\u00edsticos<\/title>\n<meta name=\"description\" content=\"Saiba tudo sobre a Empilhadeira Retr\u00e1til Paletrans PR2070i, suas caracter\u00edsticas, vantagens e por que escolher a Nigro Equipamentos.\" \/>\n<meta name=\"robots\" content=\"index, follow, max-snippet:-1, max-image-preview:large, max-video-preview:-1\" \/>\n<link rel=\"canonical\" href=\"https:\/\/nigroequipamentos.com.br\/conteudo\/descubra-a-empilhadeira-retratil-paletrans-pr2070i-16\/\" \/>\n<meta property=\"og:locale\" content=\"pt_BR\" \/>\n<meta property=\"og:type\" content=\"article\" \/>\n<meta property=\"og:title\" content=\"Descubra a Empilhadeira Retr\u00e1til Paletrans PR2070i\" \/>\n<meta property=\"og:description\" content=\"Saiba tudo sobre a Empilhadeira Retr\u00e1til Paletrans PR2070i, suas caracter\u00edsticas, vantagens e por que escolher a Nigro Equipamentos.\" \/>\n<meta property=\"og:url\" content=\"https:\/\/nigroequipamentos.com.br\/conteudo\/descubra-a-empilhadeira-retratil-paletrans-pr2070i-16\/\" \/>\n<meta property=\"og:site_name\" content=\"Nigro Equipamentos\" \/>\n<meta property=\"article:publisher\" content=\"https:\/\/www.facebook.com\/nigroequipamentos\" \/>\n<meta name=\"twitter:card\" content=\"summary_large_image\" \/>\n<meta name=\"twitter:label1\" content=\"Est. tempo de leitura\" \/>\n\t<meta name=\"twitter:data1\" content=\"1 minuto\" \/>\n<script type=\"application\/ld+json\" class=\"yoast-schema-graph\">{\"@context\":\"https:\/\/schema.org\",\"@graph\":[{\"@type\":\"WebPage\",\"@id\":\"https:\/\/nigroequipamentos.com.br\/conteudo\/descubra-a-empilhadeira-retratil-paletrans-pr2070i-16\/\",\"url\":\"https:\/\/nigroequipamentos.com.br\/conteudo\/descubra-a-empilhadeira-retratil-paletrans-pr2070i-16\/\",\"name\":\"Empilhadeira Retr\u00e1til Paletrans PR2070i: A Solu\u00e7\u00e3o Perfeita para Seus Desafios Log\u00edsticos\",\"isPartOf\":{\"@id\":\"https:\/\/nigroequipamentos.com.br\/conteudo\/#website\"},\"datePublished\":\"2025-11-10T05:01:06+00:00\",\"dateModified\":\"2025-11-10T05:01:06+00:00\",\"description\":\"Saiba tudo sobre a Empilhadeira Retr\u00e1til Paletrans PR2070i, suas caracter\u00edsticas, vantagens e por que escolher a Nigro Equipamentos.\",\"breadcrumb\":{\"@id\":\"https:\/\/nigroequipamentos.com.br\/conteudo\/descubra-a-empilhadeira-retratil-paletrans-pr2070i-16\/#breadcrumb\"},\"inLanguage\":\"pt-BR\",\"potentialAction\":[{\"@type\":\"ReadAction\",\"target\":[\"https:\/\/nigroequipamentos.com.br\/conteudo\/descubra-a-empilhadeira-retratil-paletrans-pr2070i-16\/\"]}]},{\"@type\":\"BreadcrumbList\",\"@id\":\"https:\/\/nigroequipamentos.com.br\/conteudo\/descubra-a-empilhadeira-retratil-paletrans-pr2070i-16\/#breadcrumb\",\"itemListElement\":[{\"@type\":\"ListItem\",\"position\":1,\"name\":\"In\u00edcio\",\"item\":\"https:\/\/nigroequipamentos.com.br\/conteudo\/\"},{\"@type\":\"ListItem\",\"position\":2,\"name\":\"Descubra a Empilhadeira Retr\u00e1til Paletrans PR2070i\"}]},{\"@type\":\"WebSite\",\"@id\":\"https:\/\/nigroequipamentos.com.br\/conteudo\/#website\",\"url\":\"https:\/\/nigroequipamentos.com.br\/conteudo\/\",\"name\":\"Nigro Equipamentos\",\"description\":\"Loca\u00e7\u00e3o e Vendas\",\"publisher\":{\"@id\":\"https:\/\/nigroequipamentos.com.br\/conteudo\/#organization\"},\"potentialAction\":[{\"@type\":\"SearchAction\",\"target\":{\"@type\":\"EntryPoint\",\"urlTemplate\":\"https:\/\/nigroequipamentos.com.br\/conteudo\/?s={search_term_string}\"},\"query-input\":{\"@type\":\"PropertyValueSpecification\",\"valueRequired\":true,\"valueName\":\"search_term_string\"}}],\"inLanguage\":\"pt-BR\"},{\"@type\":\"Organization\",\"@id\":\"https:\/\/nigroequipamentos.com.br\/conteudo\/#organization\",\"name\":\"Nigro Equipamentos\",\"url\":\"https:\/\/nigroequipamentos.com.br\/conteudo\/\",\"logo\":{\"@type\":\"ImageObject\",\"inLanguage\":\"pt-BR\",\"@id\":\"https:\/\/nigroequipamentos.com.br\/conteudo\/#\/schema\/logo\/image\/\",\"url\":\"https:\/\/nigroequipamentos.com.br\/conteudo\/wp-content\/uploads\/2024\/10\/nigroequipamentos_logo.webp\",\"contentUrl\":\"https:\/\/nigroequipamentos.com.br\/conteudo\/wp-content\/uploads\/2024\/10\/nigroequipamentos_logo.webp\",\"width\":785,\"height\":355,\"caption\":\"Nigro Equipamentos\"},\"image\":{\"@id\":\"https:\/\/nigroequipamentos.com.br\/conteudo\/#\/schema\/logo\/image\/\"},\"sameAs\":[\"https:\/\/www.facebook.com\/nigroequipamentos\",\"https:\/\/www.instagram.com\/nigroequipamentos\/\"]}]}<\/script>\n<!-- \/ Yoast SEO Premium plugin. -->","yoast_head_json":{"title":"Empilhadeira Retr\u00e1til Paletrans PR2070i: A Solu\u00e7\u00e3o Perfeita para Seus Desafios Log\u00edsticos","description":"Saiba tudo sobre a Empilhadeira Retr\u00e1til Paletrans PR2070i, suas caracter\u00edsticas, vantagens e por que escolher a Nigro Equipamentos.","robots":{"index":"index","follow":"follow","max-snippet":"max-snippet:-1","max-image-preview":"max-image-preview:large","max-video-preview":"max-video-preview:-1"},"canonical":"https:\/\/nigroequipamentos.com.br\/conteudo\/descubra-a-empilhadeira-retratil-paletrans-pr2070i-16\/","og_locale":"pt_BR","og_type":"article","og_title":"Descubra a Empilhadeira Retr\u00e1til Paletrans PR2070i","og_description":"Saiba tudo sobre a Empilhadeira Retr\u00e1til Paletrans PR2070i, suas caracter\u00edsticas, vantagens e por que escolher a Nigro Equipamentos.","og_url":"https:\/\/nigroequipamentos.com.br\/conteudo\/descubra-a-empilhadeira-retratil-paletrans-pr2070i-16\/","og_site_name":"Nigro Equipamentos","article_publisher":"https:\/\/www.facebook.com\/nigroequipamentos","twitter_card":"summary_large_image","twitter_misc":{"Est. tempo de leitura":"1 minuto"},"schema":{"@context":"https:\/\/schema.org","@graph":[{"@type":"WebPage","@id":"https:\/\/nigroequipamentos.com.br\/conteudo\/descubra-a-empilhadeira-retratil-paletrans-pr2070i-16\/","url":"https:\/\/nigroequipamentos.com.br\/conteudo\/descubra-a-empilhadeira-retratil-paletrans-pr2070i-16\/","name":"Empilhadeira Retr\u00e1til Paletrans PR2070i: A Solu\u00e7\u00e3o Perfeita para Seus Desafios Log\u00edsticos","isPartOf":{"@id":"https:\/\/nigroequipamentos.com.br\/conteudo\/#website"},"datePublished":"2025-11-10T05:01:06+00:00","dateModified":"2025-11-10T05:01:06+00:00","description":"Saiba tudo sobre a Empilhadeira Retr\u00e1til Paletrans PR2070i, suas caracter\u00edsticas, vantagens e por que escolher a Nigro Equipamentos.","breadcrumb":{"@id":"https:\/\/nigroequipamentos.com.br\/conteudo\/descubra-a-empilhadeira-retratil-paletrans-pr2070i-16\/#breadcrumb"},"inLanguage":"pt-BR","potentialAction":[{"@type":"ReadAction","target":["https:\/\/nigroequipamentos.com.br\/conteudo\/descubra-a-empilhadeira-retratil-paletrans-pr2070i-16\/"]}]},{"@type":"BreadcrumbList","@id":"https:\/\/nigroequipamentos.com.br\/conteudo\/descubra-a-empilhadeira-retratil-paletrans-pr2070i-16\/#breadcrumb","itemListElement":[{"@type":"ListItem","position":1,"name":"In\u00edcio","item":"https:\/\/nigroequipamentos.com.br\/conteudo\/"},{"@type":"ListItem","position":2,"name":"Descubra a Empilhadeira Retr\u00e1til Paletrans PR2070i"}]},{"@type":"WebSite","@id":"https:\/\/nigroequipamentos.com.br\/conteudo\/#website","url":"https:\/\/nigroequipamentos.com.br\/conteudo\/","name":"Nigro Equipamentos","description":"Loca\u00e7\u00e3o e Vendas","publisher":{"@id":"https:\/\/nigroequipamentos.com.br\/conteudo\/#organization"},"potentialAction":[{"@type":"SearchAction","target":{"@type":"EntryPoint","urlTemplate":"https:\/\/nigroequipamentos.com.br\/conteudo\/?s={search_term_string}"},"query-input":{"@type":"PropertyValueSpecification","valueRequired":true,"valueName":"search_term_string"}}],"inLanguage":"pt-BR"},{"@type":"Organization","@id":"https:\/\/nigroequipamentos.com.br\/conteudo\/#organization","name":"Nigro Equipamentos","url":"https:\/\/nigroequipamentos.com.br\/conteudo\/","logo":{"@type":"ImageObject","inLanguage":"pt-BR","@id":"https:\/\/nigroequipamentos.com.br\/conteudo\/#\/schema\/logo\/image\/","url":"https:\/\/nigroequipamentos.com.br\/conteudo\/wp-content\/uploads\/2024\/10\/nigroequipamentos_logo.webp","contentUrl":"https:\/\/nigroequipamentos.com.br\/conteudo\/wp-content\/uploads\/2024\/10\/nigroequipamentos_logo.webp","width":785,"height":355,"caption":"Nigro Equipamentos"},"image":{"@id":"https:\/\/nigroequipamentos.com.br\/conteudo\/#\/schema\/logo\/image\/"},"sameAs":["https:\/\/www.facebook.com\/nigroequipamentos","https:\/\/www.instagram.com\/nigroequipamentos\/"]}]}},"_links":{"self":[{"href":"https:\/\/nigroequipamentos.com.br\/conteudo\/wp-json\/wp\/v2\/pages\/70467","targetHints":{"allow":["GET"]}}],"collection":[{"href":"https:\/\/nigroequipamentos.com.br\/conteudo\/wp-json\/wp\/v2\/pages"}],"about":[{"href":"https:\/\/nigroequipamentos.com.br\/conteudo\/wp-json\/wp\/v2\/types\/page"}],"author":[{"embeddable":true,"href":"https:\/\/nigroequipamentos.com.br\/conteudo\/wp-json\/wp\/v2\/users\/3"}],"replies":[{"embeddable":true,"href":"https:\/\/nigroequipamentos.com.br\/conteudo\/wp-json\/wp\/v2\/comments?post=70467"}],"version-history":[{"count":0,"href":"https:\/\/nigroequipamentos.com.br\/conteudo\/wp-json\/wp\/v2\/pages\/70467\/revisions"}],"wp:attachment":[{"href":"https:\/\/nigroequipamentos.com.br\/conteudo\/wp-json\/wp\/v2\/media?parent=70467"}],"curies":[{"name":"wp","href":"https:\/\/api.w.org\/{rel}","templated":true}]}}