{"id":68900,"date":"2025-11-02T18:46:03","date_gmt":"2025-11-02T21:46:03","guid":{"rendered":"https:\/\/nigroequipamentos.com.br\/conteudo\/empilhadeira-manual-paletrans-a-solucao-ideal-para-sua-logistica-19\/"},"modified":"2025-11-02T18:46:03","modified_gmt":"2025-11-02T21:46:03","slug":"empilhadeira-manual-paletrans-a-solucao-ideal-para-sua-logistica-19","status":"publish","type":"page","link":"https:\/\/nigroequipamentos.com.br\/conteudo\/empilhadeira-manual-paletrans-a-solucao-ideal-para-sua-logistica-19\/","title":{"rendered":"Empilhadeira Manual Paletrans: A Solu\u00e7\u00e3o Ideal para Sua Log\u00edstica"},"content":{"rendered":"<p>As empilhadeiras manuais Paletrans s\u00e3o reconhecidas pela efici\u00eancia e robustez que oferecem em opera\u00e7\u00f5es de movimenta\u00e7\u00e3o de cargas. Se voc\u00ea busca otimizar a sua log\u00edstica, as empilhadeiras manuais Paletrans s\u00e3o a escolha certa. Elas s\u00e3o f\u00e1ceis de manobrar, proporcionando agilidade no transporte de mercadorias em ambientes diversos, como armaz\u00e9ns e supermercados. Al\u00e9m disso, abordamos tamb\u00e9m a manuten\u00e7\u00e3o e loca\u00e7\u00e3o de empilhadeiras manuais Paletrans, garantindo que voc\u00ea tenha sempre o suporte necess\u00e1rio para manter sua opera\u00e7\u00e3o funcionando perfeitamente. Escolher a Nigro Equipamentos para a compra, loca\u00e7\u00e3o ou manuten\u00e7\u00e3o de empilhadeiras manuais Paletrans \u00e9 a decis\u00e3o mais acertada que voc\u00ea pode fazer para o futuro da sua log\u00edstica.<\/p>\n","protected":false},"excerpt":{"rendered":"<p>As empilhadeiras manuais Paletrans s\u00e3o reconhecidas pela efici\u00eancia e robustez que oferecem em opera\u00e7\u00f5es de movimenta\u00e7\u00e3o de cargas. Se voc\u00ea busca otimizar a sua log\u00edstica, as empilhadeiras manuais Paletrans s\u00e3o a escolha certa. Elas s\u00e3o f\u00e1ceis de manobrar, proporcionando agilidade no transporte de mercadorias em ambientes diversos, como armaz\u00e9ns e supermercados. Al\u00e9m disso, abordamos tamb\u00e9m&hellip;&nbsp;<a href=\"https:\/\/nigroequipamentos.com.br\/conteudo\/empilhadeira-manual-paletrans-a-solucao-ideal-para-sua-logistica-19\/\" class=\"\" rel=\"bookmark\">Continue a ler &raquo;<span class=\"screen-reader-text\">Empilhadeira Manual Paletrans: A Solu\u00e7\u00e3o Ideal para Sua Log\u00edstica<\/span><\/a><\/p>\n","protected":false},"author":3,"featured_media":0,"parent":0,"menu_order":0,"comment_status":"closed","ping_status":"closed","template":"","meta":{"_acf_changed":false,"_yoast_wpseo_focuskw":"Empilhadeira Manual Paletrans","_yoast_wpseo_title":"Empilhadeira Manual Paletrans: Efici\u00eancia e Solu\u00e7\u00f5es em Log\u00edstica","_yoast_wpseo_metadesc":"Descubra como as empilhadeiras manuais Paletrans podem otimizar sua log\u00edstica. Saiba onde comprar, alugar ou manter suas empilhadeiras.","neve_meta_sidebar":"","neve_meta_container":"","neve_meta_enable_content_width":"","neve_meta_content_width":0,"neve_meta_title_alignment":"","neve_meta_author_avatar":"","neve_post_elements_order":"","neve_meta_disable_header":"","neve_meta_disable_footer":"","neve_meta_disable_title":"","footnotes":""},"class_list":["post-68900","page","type-page","status-publish","hentry"],"acf":{"bloco1title":"Qualidade Garantida","bloco1text":"As empilhadeiras manuais Paletrans s\u00e3o fabricadas com materiais de alta qualidade, garantindo durabilidade e efici\u00eancia nas opera\u00e7\u00f5es di\u00e1rias.","bloco2title":"Atendimento Especializado","bloco2text":"Nosso time de especialistas est\u00e1 sempre \u00e0 disposi\u00e7\u00e3o para orientar sobre a melhor op\u00e7\u00e3o de empilhadeira manual Paletrans para suas necessidades.","bloco3title":"Dicas de Manuten\u00e7\u00e3o","bloco3text":"Para garantir a longevidade das empilhadeiras manuais Paletrans, \u00e9 essencial realizar manuten\u00e7\u00f5es regulares e utilizar pe\u00e7as de reposi\u00e7\u00e3o originais.","posttitle":"Tudo Sobre Empilhadeiras Manuais Paletrans: Efici\u00eancia e Praticidade","postcontent":"<strong>Empilhadeira Manual Paletrans<\/strong> \u00e9 sin\u00f4nimo de versatilidade e efici\u00eancia. Sua estrutura leve e design ergon\u00f4mico proporcionam facilidade no manuseio. Ideal para opera\u00e7\u00f5es de transporte de mercadorias, as empilhadeiras manuais Paletrans atendem tanto ambientes internos quanto externos. Al\u00e9m disso, a manuten\u00e7\u00e3o de uma empilhadeira manual Paletrans \u00e9 simples, garantindo que sua produ\u00e7\u00e3o n\u00e3o seja afetada. As empilhadeiras manuais Paletrans s\u00e3o projetadas para suportar altas capacidades de carga, permitindo que mesmo os produtos mais pesados sejam transportados com seguran\u00e7a. Ao escolher a empilhadeira manual Paletrans, voc\u00ea assegura uma op\u00e7\u00e3o que oferece n\u00e3o apenas resist\u00eancia, mas tamb\u00e9m um excelente custo-benef\u00edcio. Na Nigro Equipamentos, oferecemos a melhor sele\u00e7\u00e3o de empilhadeiras manuais Paletrans, todas com suporte p\u00f3s-venda e possibilidade de loca\u00e7\u00e3o para atender a demandas tempor\u00e1rias. Venha conhecer nossas op\u00e7\u00f5es e descubra como podemos alavancar sua opera\u00e7\u00e3o!","insightwidtitle":"Curiosidades sobre Paletrans","insightwidcontent":"Voc\u00ea sabia que a empilhadeira manual Paletrans pode mover at\u00e9 2.500 kg de carga? Al\u00e9m disso, seu design permite uma opera\u00e7\u00e3o suave e silenciosa, ideal para ambientes onde o cuidado com o ac\u00fastico \u00e9 importante. Os modelos s\u00e3o tamb\u00e9m projetados para se adaptarem a espa\u00e7os reduzidos, tornando-se perfeitos para armaz\u00e9ns e lojas de varejo."},"yoast_head":"<!-- This site is optimized with the Yoast SEO Premium plugin v18.3 (Yoast SEO v23.4) - https:\/\/yoast.com\/wordpress\/plugins\/seo\/ -->\n<title>Empilhadeira Manual Paletrans: Efici\u00eancia e Solu\u00e7\u00f5es em Log\u00edstica<\/title>\n<meta name=\"description\" content=\"Descubra como as empilhadeiras manuais Paletrans podem otimizar sua log\u00edstica. Saiba onde comprar, alugar ou manter suas empilhadeiras.\" \/>\n<meta name=\"robots\" content=\"index, follow, max-snippet:-1, max-image-preview:large, max-video-preview:-1\" \/>\n<link rel=\"canonical\" href=\"https:\/\/nigroequipamentos.com.br\/conteudo\/empilhadeira-manual-paletrans-a-solucao-ideal-para-sua-logistica-19\/\" \/>\n<meta property=\"og:locale\" content=\"pt_BR\" \/>\n<meta property=\"og:type\" content=\"article\" \/>\n<meta property=\"og:title\" content=\"Empilhadeira Manual Paletrans: A Solu\u00e7\u00e3o Ideal para Sua Log\u00edstica\" \/>\n<meta property=\"og:description\" content=\"Descubra como as empilhadeiras manuais Paletrans podem otimizar sua log\u00edstica. Saiba onde comprar, alugar ou manter suas empilhadeiras.\" \/>\n<meta property=\"og:url\" content=\"https:\/\/nigroequipamentos.com.br\/conteudo\/empilhadeira-manual-paletrans-a-solucao-ideal-para-sua-logistica-19\/\" \/>\n<meta property=\"og:site_name\" content=\"Nigro Equipamentos\" \/>\n<meta property=\"article:publisher\" content=\"https:\/\/www.facebook.com\/nigroequipamentos\" \/>\n<meta name=\"twitter:card\" content=\"summary_large_image\" \/>\n<meta name=\"twitter:label1\" content=\"Est. tempo de leitura\" \/>\n\t<meta name=\"twitter:data1\" content=\"1 minuto\" \/>\n<script type=\"application\/ld+json\" class=\"yoast-schema-graph\">{\"@context\":\"https:\/\/schema.org\",\"@graph\":[{\"@type\":\"WebPage\",\"@id\":\"https:\/\/nigroequipamentos.com.br\/conteudo\/empilhadeira-manual-paletrans-a-solucao-ideal-para-sua-logistica-19\/\",\"url\":\"https:\/\/nigroequipamentos.com.br\/conteudo\/empilhadeira-manual-paletrans-a-solucao-ideal-para-sua-logistica-19\/\",\"name\":\"Empilhadeira Manual Paletrans: Efici\u00eancia e Solu\u00e7\u00f5es em Log\u00edstica\",\"isPartOf\":{\"@id\":\"https:\/\/nigroequipamentos.com.br\/conteudo\/#website\"},\"datePublished\":\"2025-11-02T21:46:03+00:00\",\"dateModified\":\"2025-11-02T21:46:03+00:00\",\"description\":\"Descubra como as empilhadeiras manuais Paletrans podem otimizar sua log\u00edstica. Saiba onde comprar, alugar ou manter suas empilhadeiras.\",\"breadcrumb\":{\"@id\":\"https:\/\/nigroequipamentos.com.br\/conteudo\/empilhadeira-manual-paletrans-a-solucao-ideal-para-sua-logistica-19\/#breadcrumb\"},\"inLanguage\":\"pt-BR\",\"potentialAction\":[{\"@type\":\"ReadAction\",\"target\":[\"https:\/\/nigroequipamentos.com.br\/conteudo\/empilhadeira-manual-paletrans-a-solucao-ideal-para-sua-logistica-19\/\"]}]},{\"@type\":\"BreadcrumbList\",\"@id\":\"https:\/\/nigroequipamentos.com.br\/conteudo\/empilhadeira-manual-paletrans-a-solucao-ideal-para-sua-logistica-19\/#breadcrumb\",\"itemListElement\":[{\"@type\":\"ListItem\",\"position\":1,\"name\":\"In\u00edcio\",\"item\":\"https:\/\/nigroequipamentos.com.br\/conteudo\/\"},{\"@type\":\"ListItem\",\"position\":2,\"name\":\"Empilhadeira Manual Paletrans: A Solu\u00e7\u00e3o Ideal para Sua Log\u00edstica\"}]},{\"@type\":\"WebSite\",\"@id\":\"https:\/\/nigroequipamentos.com.br\/conteudo\/#website\",\"url\":\"https:\/\/nigroequipamentos.com.br\/conteudo\/\",\"name\":\"Nigro Equipamentos\",\"description\":\"Loca\u00e7\u00e3o e Vendas\",\"publisher\":{\"@id\":\"https:\/\/nigroequipamentos.com.br\/conteudo\/#organization\"},\"potentialAction\":[{\"@type\":\"SearchAction\",\"target\":{\"@type\":\"EntryPoint\",\"urlTemplate\":\"https:\/\/nigroequipamentos.com.br\/conteudo\/?s={search_term_string}\"},\"query-input\":{\"@type\":\"PropertyValueSpecification\",\"valueRequired\":true,\"valueName\":\"search_term_string\"}}],\"inLanguage\":\"pt-BR\"},{\"@type\":\"Organization\",\"@id\":\"https:\/\/nigroequipamentos.com.br\/conteudo\/#organization\",\"name\":\"Nigro Equipamentos\",\"url\":\"https:\/\/nigroequipamentos.com.br\/conteudo\/\",\"logo\":{\"@type\":\"ImageObject\",\"inLanguage\":\"pt-BR\",\"@id\":\"https:\/\/nigroequipamentos.com.br\/conteudo\/#\/schema\/logo\/image\/\",\"url\":\"https:\/\/nigroequipamentos.com.br\/conteudo\/wp-content\/uploads\/2024\/10\/nigroequipamentos_logo.webp\",\"contentUrl\":\"https:\/\/nigroequipamentos.com.br\/conteudo\/wp-content\/uploads\/2024\/10\/nigroequipamentos_logo.webp\",\"width\":785,\"height\":355,\"caption\":\"Nigro Equipamentos\"},\"image\":{\"@id\":\"https:\/\/nigroequipamentos.com.br\/conteudo\/#\/schema\/logo\/image\/\"},\"sameAs\":[\"https:\/\/www.facebook.com\/nigroequipamentos\",\"https:\/\/www.instagram.com\/nigroequipamentos\/\"]}]}<\/script>\n<!-- \/ Yoast SEO Premium plugin. -->","yoast_head_json":{"title":"Empilhadeira Manual Paletrans: Efici\u00eancia e Solu\u00e7\u00f5es em Log\u00edstica","description":"Descubra como as empilhadeiras manuais Paletrans podem otimizar sua log\u00edstica. Saiba onde comprar, alugar ou manter suas empilhadeiras.","robots":{"index":"index","follow":"follow","max-snippet":"max-snippet:-1","max-image-preview":"max-image-preview:large","max-video-preview":"max-video-preview:-1"},"canonical":"https:\/\/nigroequipamentos.com.br\/conteudo\/empilhadeira-manual-paletrans-a-solucao-ideal-para-sua-logistica-19\/","og_locale":"pt_BR","og_type":"article","og_title":"Empilhadeira Manual Paletrans: A Solu\u00e7\u00e3o Ideal para Sua Log\u00edstica","og_description":"Descubra como as empilhadeiras manuais Paletrans podem otimizar sua log\u00edstica. Saiba onde comprar, alugar ou manter suas empilhadeiras.","og_url":"https:\/\/nigroequipamentos.com.br\/conteudo\/empilhadeira-manual-paletrans-a-solucao-ideal-para-sua-logistica-19\/","og_site_name":"Nigro Equipamentos","article_publisher":"https:\/\/www.facebook.com\/nigroequipamentos","twitter_card":"summary_large_image","twitter_misc":{"Est. tempo de leitura":"1 minuto"},"schema":{"@context":"https:\/\/schema.org","@graph":[{"@type":"WebPage","@id":"https:\/\/nigroequipamentos.com.br\/conteudo\/empilhadeira-manual-paletrans-a-solucao-ideal-para-sua-logistica-19\/","url":"https:\/\/nigroequipamentos.com.br\/conteudo\/empilhadeira-manual-paletrans-a-solucao-ideal-para-sua-logistica-19\/","name":"Empilhadeira Manual Paletrans: Efici\u00eancia e Solu\u00e7\u00f5es em Log\u00edstica","isPartOf":{"@id":"https:\/\/nigroequipamentos.com.br\/conteudo\/#website"},"datePublished":"2025-11-02T21:46:03+00:00","dateModified":"2025-11-02T21:46:03+00:00","description":"Descubra como as empilhadeiras manuais Paletrans podem otimizar sua log\u00edstica. Saiba onde comprar, alugar ou manter suas empilhadeiras.","breadcrumb":{"@id":"https:\/\/nigroequipamentos.com.br\/conteudo\/empilhadeira-manual-paletrans-a-solucao-ideal-para-sua-logistica-19\/#breadcrumb"},"inLanguage":"pt-BR","potentialAction":[{"@type":"ReadAction","target":["https:\/\/nigroequipamentos.com.br\/conteudo\/empilhadeira-manual-paletrans-a-solucao-ideal-para-sua-logistica-19\/"]}]},{"@type":"BreadcrumbList","@id":"https:\/\/nigroequipamentos.com.br\/conteudo\/empilhadeira-manual-paletrans-a-solucao-ideal-para-sua-logistica-19\/#breadcrumb","itemListElement":[{"@type":"ListItem","position":1,"name":"In\u00edcio","item":"https:\/\/nigroequipamentos.com.br\/conteudo\/"},{"@type":"ListItem","position":2,"name":"Empilhadeira Manual Paletrans: A Solu\u00e7\u00e3o Ideal para Sua Log\u00edstica"}]},{"@type":"WebSite","@id":"https:\/\/nigroequipamentos.com.br\/conteudo\/#website","url":"https:\/\/nigroequipamentos.com.br\/conteudo\/","name":"Nigro Equipamentos","description":"Loca\u00e7\u00e3o e Vendas","publisher":{"@id":"https:\/\/nigroequipamentos.com.br\/conteudo\/#organization"},"potentialAction":[{"@type":"SearchAction","target":{"@type":"EntryPoint","urlTemplate":"https:\/\/nigroequipamentos.com.br\/conteudo\/?s={search_term_string}"},"query-input":{"@type":"PropertyValueSpecification","valueRequired":true,"valueName":"search_term_string"}}],"inLanguage":"pt-BR"},{"@type":"Organization","@id":"https:\/\/nigroequipamentos.com.br\/conteudo\/#organization","name":"Nigro Equipamentos","url":"https:\/\/nigroequipamentos.com.br\/conteudo\/","logo":{"@type":"ImageObject","inLanguage":"pt-BR","@id":"https:\/\/nigroequipamentos.com.br\/conteudo\/#\/schema\/logo\/image\/","url":"https:\/\/nigroequipamentos.com.br\/conteudo\/wp-content\/uploads\/2024\/10\/nigroequipamentos_logo.webp","contentUrl":"https:\/\/nigroequipamentos.com.br\/conteudo\/wp-content\/uploads\/2024\/10\/nigroequipamentos_logo.webp","width":785,"height":355,"caption":"Nigro Equipamentos"},"image":{"@id":"https:\/\/nigroequipamentos.com.br\/conteudo\/#\/schema\/logo\/image\/"},"sameAs":["https:\/\/www.facebook.com\/nigroequipamentos","https:\/\/www.instagram.com\/nigroequipamentos\/"]}]}},"_links":{"self":[{"href":"https:\/\/nigroequipamentos.com.br\/conteudo\/wp-json\/wp\/v2\/pages\/68900","targetHints":{"allow":["GET"]}}],"collection":[{"href":"https:\/\/nigroequipamentos.com.br\/conteudo\/wp-json\/wp\/v2\/pages"}],"about":[{"href":"https:\/\/nigroequipamentos.com.br\/conteudo\/wp-json\/wp\/v2\/types\/page"}],"author":[{"embeddable":true,"href":"https:\/\/nigroequipamentos.com.br\/conteudo\/wp-json\/wp\/v2\/users\/3"}],"replies":[{"embeddable":true,"href":"https:\/\/nigroequipamentos.com.br\/conteudo\/wp-json\/wp\/v2\/comments?post=68900"}],"version-history":[{"count":0,"href":"https:\/\/nigroequipamentos.com.br\/conteudo\/wp-json\/wp\/v2\/pages\/68900\/revisions"}],"wp:attachment":[{"href":"https:\/\/nigroequipamentos.com.br\/conteudo\/wp-json\/wp\/v2\/media?parent=68900"}],"curies":[{"name":"wp","href":"https:\/\/api.w.org\/{rel}","templated":true}]}}