{"id":67588,"date":"2025-10-27T07:45:59","date_gmt":"2025-10-27T10:45:59","guid":{"rendered":"https:\/\/nigroequipamentos.com.br\/conteudo\/descubra-o-melhor-preco-de-empilhadeira-paletrans-3\/"},"modified":"2025-10-27T07:45:59","modified_gmt":"2025-10-27T10:45:59","slug":"descubra-o-melhor-preco-de-empilhadeira-paletrans-3","status":"publish","type":"page","link":"https:\/\/nigroequipamentos.com.br\/conteudo\/descubra-o-melhor-preco-de-empilhadeira-paletrans-3\/","title":{"rendered":"Descubra o Melhor Pre\u00e7o de Empilhadeira Paletrans"},"content":{"rendered":"<p>A Nigro Equipamentos se destaca no mercado ao oferecer pre\u00e7os competitivos em empilhadeiras Paletrans. Com uma vasta gama de produtos, garantimos que nossos clientes encontrem a empilhadeira que atende \u00e0s suas necessidades, sem comprometer a qualidade. Ao buscar &#8216;empilhadeira Paletrans pre\u00e7o&#8217;, voc\u00ea encontrar\u00e1 em nossa empresa uma refer\u00eancia em confiabilidade e efici\u00eancia. Estamos sempre prontos para oferecer a melhor solu\u00e7\u00e3o em equipamentos de movimenta\u00e7\u00e3o de cargas.<\/p>\n","protected":false},"excerpt":{"rendered":"<p>A Nigro Equipamentos se destaca no mercado ao oferecer pre\u00e7os competitivos em empilhadeiras Paletrans. Com uma vasta gama de produtos, garantimos que nossos clientes encontrem a empilhadeira que atende \u00e0s suas necessidades, sem comprometer a qualidade. Ao buscar &#8216;empilhadeira Paletrans pre\u00e7o&#8217;, voc\u00ea encontrar\u00e1 em nossa empresa uma refer\u00eancia em confiabilidade e efici\u00eancia. Estamos sempre prontos&hellip;&nbsp;<a href=\"https:\/\/nigroequipamentos.com.br\/conteudo\/descubra-o-melhor-preco-de-empilhadeira-paletrans-3\/\" class=\"\" rel=\"bookmark\">Continue a ler &raquo;<span class=\"screen-reader-text\">Descubra o Melhor Pre\u00e7o de Empilhadeira Paletrans<\/span><\/a><\/p>\n","protected":false},"author":3,"featured_media":0,"parent":0,"menu_order":0,"comment_status":"closed","ping_status":"closed","template":"","meta":{"_acf_changed":false,"_yoast_wpseo_focuskw":"empilhadeira Paletrans pre\u00e7o","_yoast_wpseo_title":"Empilhadeira Paletrans Pre\u00e7o: Melhores Ofertas na Nigro Equipamentos","_yoast_wpseo_metadesc":"Encontre o melhor pre\u00e7o em empilhadeiras Paletrans na Nigro Equipamentos, com op\u00e7\u00f5es de compra, loca\u00e7\u00e3o e manuten\u00e7\u00e3o.","neve_meta_sidebar":"","neve_meta_container":"","neve_meta_enable_content_width":"","neve_meta_content_width":0,"neve_meta_title_alignment":"","neve_meta_author_avatar":"","neve_post_elements_order":"","neve_meta_disable_header":"","neve_meta_disable_footer":"","neve_meta_disable_title":"","footnotes":""},"class_list":["post-67588","page","type-page","status-publish","hentry"],"acf":{"bloco1title":"Excel\u00eancia em Pre\u00e7os","bloco1text":"Na Nigro, garantimos as melhores ofertas em empilhadeiras Paletrans, com op\u00e7\u00f5es de compra, loca\u00e7\u00e3o e manuten\u00e7\u00e3o.","bloco2title":"Variedade de Modelos","bloco2text":"Oferecemos uma ampla gama de empilhadeiras Paletrans para atender v\u00e1rias necessidades de mercado.","bloco3title":"Mercado de Empilhadeiras","bloco3text":"O setor de empilhadeiras est\u00e1 em constante evolu\u00e7\u00e3o, e a Nigro Equipamentos se mant\u00e9m na vanguarda ao oferecer solu\u00e7\u00f5es que se adaptam \u00e0s novas demandas.","posttitle":"Empilhadeira Paletrans Pre\u00e7o: O Que Voc\u00ea Precisa Saber","postcontent":"<strong>Quando falamos em empilhadeira Paletrans pre\u00e7o<\/strong>, a Nigro Equipamentos \u00e9 uma refer\u00eancia. Nossa experi\u00eancia acumulada nos permite oferecer as melhores condi\u00e7\u00f5es para os nossos clientes. As empilhadeiras Paletrans s\u00e3o ideais para movimenta\u00e7\u00e3o eficiente de cargas em diversos setores, garantindo agilidade e seguran\u00e7a. Com pre\u00e7os acess\u00edveis e um compromisso com a qualidade, a Nigro \u00e9 a escolha certa para quem busca uma empilhadeira Paletrans. Oferecemos tamb\u00e9m servi\u00e7os de manuten\u00e7\u00e3o para garantir que sua empilhadeira permane\u00e7a operando em condi\u00e7\u00f5es ideais. Nossa equipe de especialistas \u00e9 treinada para atender todas as demandas, fazendo da Nigro Equipamentos um parceiro confi\u00e1vel. N\u00e3o perca a oportunidade de conhecer nosso portf\u00f3lio e obter a melhor oferta em empilhadeira Paletrans pre\u00e7o. Se voc\u00ea est\u00e1 considerando a loca\u00e7\u00e3o, temos op\u00e7\u00f5es flex\u00edveis que se ajustam \u00e0s suas necessidades. Acreditamos que investir em uma empilhadeira Paletrans \u00e9 um passo importante para aumentar produtividade e efici\u00eancia no seu neg\u00f3cio.","insightwidtitle":"Curiosidades Sobre Empilhadeiras","insightwidcontent":"Voc\u00ea sabia que as empilhadeiras foram inventadas na d\u00e9cada de 1920? Desde ent\u00e3o, elas evolu\u00edram significativamente. A empilhadeira Paletrans \u00e9 um exemplo de inova\u00e7\u00e3o, oferecendo tecnologia avan\u00e7ada para a movimenta\u00e7\u00e3o de cargas leves a m\u00e9dias, adequada para diversos ambientes. Al\u00e9m disso, a escolha correta de uma empilhadeira pode aumentar a seguran\u00e7a no trabalho e otimizar a log\u00edstica da sua empresa."},"yoast_head":"<!-- This site is optimized with the Yoast SEO Premium plugin v18.3 (Yoast SEO v23.4) - https:\/\/yoast.com\/wordpress\/plugins\/seo\/ -->\n<title>Empilhadeira Paletrans Pre\u00e7o: Melhores Ofertas na Nigro Equipamentos<\/title>\n<meta name=\"description\" content=\"Encontre o melhor pre\u00e7o em empilhadeiras Paletrans na Nigro Equipamentos, com op\u00e7\u00f5es de compra, loca\u00e7\u00e3o e manuten\u00e7\u00e3o.\" \/>\n<meta name=\"robots\" content=\"index, follow, max-snippet:-1, max-image-preview:large, max-video-preview:-1\" \/>\n<link rel=\"canonical\" href=\"https:\/\/nigroequipamentos.com.br\/conteudo\/descubra-o-melhor-preco-de-empilhadeira-paletrans-3\/\" \/>\n<meta property=\"og:locale\" content=\"pt_BR\" \/>\n<meta property=\"og:type\" content=\"article\" \/>\n<meta property=\"og:title\" content=\"Descubra o Melhor Pre\u00e7o de Empilhadeira Paletrans\" \/>\n<meta property=\"og:description\" content=\"Encontre o melhor pre\u00e7o em empilhadeiras Paletrans na Nigro Equipamentos, com op\u00e7\u00f5es de compra, loca\u00e7\u00e3o e manuten\u00e7\u00e3o.\" \/>\n<meta property=\"og:url\" content=\"https:\/\/nigroequipamentos.com.br\/conteudo\/descubra-o-melhor-preco-de-empilhadeira-paletrans-3\/\" \/>\n<meta property=\"og:site_name\" content=\"Nigro Equipamentos\" \/>\n<meta property=\"article:publisher\" content=\"https:\/\/www.facebook.com\/nigroequipamentos\" \/>\n<meta name=\"twitter:card\" content=\"summary_large_image\" \/>\n<script type=\"application\/ld+json\" class=\"yoast-schema-graph\">{\"@context\":\"https:\/\/schema.org\",\"@graph\":[{\"@type\":\"WebPage\",\"@id\":\"https:\/\/nigroequipamentos.com.br\/conteudo\/descubra-o-melhor-preco-de-empilhadeira-paletrans-3\/\",\"url\":\"https:\/\/nigroequipamentos.com.br\/conteudo\/descubra-o-melhor-preco-de-empilhadeira-paletrans-3\/\",\"name\":\"Empilhadeira Paletrans Pre\u00e7o: Melhores Ofertas na Nigro Equipamentos\",\"isPartOf\":{\"@id\":\"https:\/\/nigroequipamentos.com.br\/conteudo\/#website\"},\"datePublished\":\"2025-10-27T10:45:59+00:00\",\"dateModified\":\"2025-10-27T10:45:59+00:00\",\"description\":\"Encontre o melhor pre\u00e7o em empilhadeiras Paletrans na Nigro Equipamentos, com op\u00e7\u00f5es de compra, loca\u00e7\u00e3o e manuten\u00e7\u00e3o.\",\"breadcrumb\":{\"@id\":\"https:\/\/nigroequipamentos.com.br\/conteudo\/descubra-o-melhor-preco-de-empilhadeira-paletrans-3\/#breadcrumb\"},\"inLanguage\":\"pt-BR\",\"potentialAction\":[{\"@type\":\"ReadAction\",\"target\":[\"https:\/\/nigroequipamentos.com.br\/conteudo\/descubra-o-melhor-preco-de-empilhadeira-paletrans-3\/\"]}]},{\"@type\":\"BreadcrumbList\",\"@id\":\"https:\/\/nigroequipamentos.com.br\/conteudo\/descubra-o-melhor-preco-de-empilhadeira-paletrans-3\/#breadcrumb\",\"itemListElement\":[{\"@type\":\"ListItem\",\"position\":1,\"name\":\"In\u00edcio\",\"item\":\"https:\/\/nigroequipamentos.com.br\/conteudo\/\"},{\"@type\":\"ListItem\",\"position\":2,\"name\":\"Descubra o Melhor Pre\u00e7o de Empilhadeira Paletrans\"}]},{\"@type\":\"WebSite\",\"@id\":\"https:\/\/nigroequipamentos.com.br\/conteudo\/#website\",\"url\":\"https:\/\/nigroequipamentos.com.br\/conteudo\/\",\"name\":\"Nigro Equipamentos\",\"description\":\"Loca\u00e7\u00e3o e Vendas\",\"publisher\":{\"@id\":\"https:\/\/nigroequipamentos.com.br\/conteudo\/#organization\"},\"potentialAction\":[{\"@type\":\"SearchAction\",\"target\":{\"@type\":\"EntryPoint\",\"urlTemplate\":\"https:\/\/nigroequipamentos.com.br\/conteudo\/?s={search_term_string}\"},\"query-input\":{\"@type\":\"PropertyValueSpecification\",\"valueRequired\":true,\"valueName\":\"search_term_string\"}}],\"inLanguage\":\"pt-BR\"},{\"@type\":\"Organization\",\"@id\":\"https:\/\/nigroequipamentos.com.br\/conteudo\/#organization\",\"name\":\"Nigro Equipamentos\",\"url\":\"https:\/\/nigroequipamentos.com.br\/conteudo\/\",\"logo\":{\"@type\":\"ImageObject\",\"inLanguage\":\"pt-BR\",\"@id\":\"https:\/\/nigroequipamentos.com.br\/conteudo\/#\/schema\/logo\/image\/\",\"url\":\"https:\/\/nigroequipamentos.com.br\/conteudo\/wp-content\/uploads\/2024\/10\/nigroequipamentos_logo.webp\",\"contentUrl\":\"https:\/\/nigroequipamentos.com.br\/conteudo\/wp-content\/uploads\/2024\/10\/nigroequipamentos_logo.webp\",\"width\":785,\"height\":355,\"caption\":\"Nigro Equipamentos\"},\"image\":{\"@id\":\"https:\/\/nigroequipamentos.com.br\/conteudo\/#\/schema\/logo\/image\/\"},\"sameAs\":[\"https:\/\/www.facebook.com\/nigroequipamentos\",\"https:\/\/www.instagram.com\/nigroequipamentos\/\"]}]}<\/script>\n<!-- \/ Yoast SEO Premium plugin. -->","yoast_head_json":{"title":"Empilhadeira Paletrans Pre\u00e7o: Melhores Ofertas na Nigro Equipamentos","description":"Encontre o melhor pre\u00e7o em empilhadeiras Paletrans na Nigro Equipamentos, com op\u00e7\u00f5es de compra, loca\u00e7\u00e3o e manuten\u00e7\u00e3o.","robots":{"index":"index","follow":"follow","max-snippet":"max-snippet:-1","max-image-preview":"max-image-preview:large","max-video-preview":"max-video-preview:-1"},"canonical":"https:\/\/nigroequipamentos.com.br\/conteudo\/descubra-o-melhor-preco-de-empilhadeira-paletrans-3\/","og_locale":"pt_BR","og_type":"article","og_title":"Descubra o Melhor Pre\u00e7o de Empilhadeira Paletrans","og_description":"Encontre o melhor pre\u00e7o em empilhadeiras Paletrans na Nigro Equipamentos, com op\u00e7\u00f5es de compra, loca\u00e7\u00e3o e manuten\u00e7\u00e3o.","og_url":"https:\/\/nigroequipamentos.com.br\/conteudo\/descubra-o-melhor-preco-de-empilhadeira-paletrans-3\/","og_site_name":"Nigro Equipamentos","article_publisher":"https:\/\/www.facebook.com\/nigroequipamentos","twitter_card":"summary_large_image","schema":{"@context":"https:\/\/schema.org","@graph":[{"@type":"WebPage","@id":"https:\/\/nigroequipamentos.com.br\/conteudo\/descubra-o-melhor-preco-de-empilhadeira-paletrans-3\/","url":"https:\/\/nigroequipamentos.com.br\/conteudo\/descubra-o-melhor-preco-de-empilhadeira-paletrans-3\/","name":"Empilhadeira Paletrans Pre\u00e7o: Melhores Ofertas na Nigro Equipamentos","isPartOf":{"@id":"https:\/\/nigroequipamentos.com.br\/conteudo\/#website"},"datePublished":"2025-10-27T10:45:59+00:00","dateModified":"2025-10-27T10:45:59+00:00","description":"Encontre o melhor pre\u00e7o em empilhadeiras Paletrans na Nigro Equipamentos, com op\u00e7\u00f5es de compra, loca\u00e7\u00e3o e manuten\u00e7\u00e3o.","breadcrumb":{"@id":"https:\/\/nigroequipamentos.com.br\/conteudo\/descubra-o-melhor-preco-de-empilhadeira-paletrans-3\/#breadcrumb"},"inLanguage":"pt-BR","potentialAction":[{"@type":"ReadAction","target":["https:\/\/nigroequipamentos.com.br\/conteudo\/descubra-o-melhor-preco-de-empilhadeira-paletrans-3\/"]}]},{"@type":"BreadcrumbList","@id":"https:\/\/nigroequipamentos.com.br\/conteudo\/descubra-o-melhor-preco-de-empilhadeira-paletrans-3\/#breadcrumb","itemListElement":[{"@type":"ListItem","position":1,"name":"In\u00edcio","item":"https:\/\/nigroequipamentos.com.br\/conteudo\/"},{"@type":"ListItem","position":2,"name":"Descubra o Melhor Pre\u00e7o de Empilhadeira Paletrans"}]},{"@type":"WebSite","@id":"https:\/\/nigroequipamentos.com.br\/conteudo\/#website","url":"https:\/\/nigroequipamentos.com.br\/conteudo\/","name":"Nigro Equipamentos","description":"Loca\u00e7\u00e3o e Vendas","publisher":{"@id":"https:\/\/nigroequipamentos.com.br\/conteudo\/#organization"},"potentialAction":[{"@type":"SearchAction","target":{"@type":"EntryPoint","urlTemplate":"https:\/\/nigroequipamentos.com.br\/conteudo\/?s={search_term_string}"},"query-input":{"@type":"PropertyValueSpecification","valueRequired":true,"valueName":"search_term_string"}}],"inLanguage":"pt-BR"},{"@type":"Organization","@id":"https:\/\/nigroequipamentos.com.br\/conteudo\/#organization","name":"Nigro Equipamentos","url":"https:\/\/nigroequipamentos.com.br\/conteudo\/","logo":{"@type":"ImageObject","inLanguage":"pt-BR","@id":"https:\/\/nigroequipamentos.com.br\/conteudo\/#\/schema\/logo\/image\/","url":"https:\/\/nigroequipamentos.com.br\/conteudo\/wp-content\/uploads\/2024\/10\/nigroequipamentos_logo.webp","contentUrl":"https:\/\/nigroequipamentos.com.br\/conteudo\/wp-content\/uploads\/2024\/10\/nigroequipamentos_logo.webp","width":785,"height":355,"caption":"Nigro Equipamentos"},"image":{"@id":"https:\/\/nigroequipamentos.com.br\/conteudo\/#\/schema\/logo\/image\/"},"sameAs":["https:\/\/www.facebook.com\/nigroequipamentos","https:\/\/www.instagram.com\/nigroequipamentos\/"]}]}},"_links":{"self":[{"href":"https:\/\/nigroequipamentos.com.br\/conteudo\/wp-json\/wp\/v2\/pages\/67588","targetHints":{"allow":["GET"]}}],"collection":[{"href":"https:\/\/nigroequipamentos.com.br\/conteudo\/wp-json\/wp\/v2\/pages"}],"about":[{"href":"https:\/\/nigroequipamentos.com.br\/conteudo\/wp-json\/wp\/v2\/types\/page"}],"author":[{"embeddable":true,"href":"https:\/\/nigroequipamentos.com.br\/conteudo\/wp-json\/wp\/v2\/users\/3"}],"replies":[{"embeddable":true,"href":"https:\/\/nigroequipamentos.com.br\/conteudo\/wp-json\/wp\/v2\/comments?post=67588"}],"version-history":[{"count":0,"href":"https:\/\/nigroequipamentos.com.br\/conteudo\/wp-json\/wp\/v2\/pages\/67588\/revisions"}],"wp:attachment":[{"href":"https:\/\/nigroequipamentos.com.br\/conteudo\/wp-json\/wp\/v2\/media?parent=67588"}],"curies":[{"name":"wp","href":"https:\/\/api.w.org\/{rel}","templated":true}]}}