{"id":67331,"date":"2025-10-26T03:01:09","date_gmt":"2025-10-26T06:01:09","guid":{"rendered":"https:\/\/nigroequipamentos.com.br\/conteudo\/descubra-a-qualidade-da-empilhadeira-paletrans-fabricante-3\/"},"modified":"2025-10-26T03:01:09","modified_gmt":"2025-10-26T06:01:09","slug":"descubra-a-qualidade-da-empilhadeira-paletrans-fabricante-3","status":"publish","type":"page","link":"https:\/\/nigroequipamentos.com.br\/conteudo\/descubra-a-qualidade-da-empilhadeira-paletrans-fabricante-3\/","title":{"rendered":"Descubra a qualidade da Empilhadeira Paletrans Fabricante"},"content":{"rendered":"<p>A Nigro Equipamentos se destaca como uma refer\u00eancia na venda de empilhadeiras Paletrans, oferecendo modelos que combinam inova\u00e7\u00e3o, durabilidade e alta performance. As empilhadeiras Paletrans s\u00e3o ideais para atividades log\u00edsticas e armaz\u00e9ns, proporcionando efici\u00eancia na movimenta\u00e7\u00e3o de cargas. Nossa experi\u00eancia no mercado nos permite garantir que cada empilhadeira Paletrans esteja pronta para atender \u00e0s suas necessidades espec\u00edficas, seja na compra, manuten\u00e7\u00e3o ou loca\u00e7\u00e3o. O compromisso da Nigro Equipamentos com a qualidade e a confiabilidade fez de n\u00f3s a escolha preferida dos nossos clientes.<\/p>\n","protected":false},"excerpt":{"rendered":"<p>A Nigro Equipamentos se destaca como uma refer\u00eancia na venda de empilhadeiras Paletrans, oferecendo modelos que combinam inova\u00e7\u00e3o, durabilidade e alta performance. As empilhadeiras Paletrans s\u00e3o ideais para atividades log\u00edsticas e armaz\u00e9ns, proporcionando efici\u00eancia na movimenta\u00e7\u00e3o de cargas. Nossa experi\u00eancia no mercado nos permite garantir que cada empilhadeira Paletrans esteja pronta para atender \u00e0s suas&hellip;&nbsp;<a href=\"https:\/\/nigroequipamentos.com.br\/conteudo\/descubra-a-qualidade-da-empilhadeira-paletrans-fabricante-3\/\" class=\"\" rel=\"bookmark\">Continue a ler &raquo;<span class=\"screen-reader-text\">Descubra a qualidade da Empilhadeira Paletrans Fabricante<\/span><\/a><\/p>\n","protected":false},"author":3,"featured_media":0,"parent":0,"menu_order":0,"comment_status":"closed","ping_status":"closed","template":"","meta":{"_acf_changed":false,"_yoast_wpseo_focuskw":"Empilhadeira Paletrans fabricante","_yoast_wpseo_title":"Empilhadeira Paletrans Fabricante: Melhores Op\u00e7\u00f5es com a Nigro Equipamentos","_yoast_wpseo_metadesc":"Conhe\u00e7a as empilhadeiras Paletrans fabricadas com qualidade, efici\u00eancia e confiabilidade. A Nigro Equipamentos \u00e9 sua melhor op\u00e7\u00e3o para compra, manuten\u00e7\u00e3o e loca\u00e7\u00e3o.","neve_meta_sidebar":"","neve_meta_container":"","neve_meta_enable_content_width":"","neve_meta_content_width":0,"neve_meta_title_alignment":"","neve_meta_author_avatar":"","neve_post_elements_order":"","neve_meta_disable_header":"","neve_meta_disable_footer":"","neve_meta_disable_title":"","footnotes":""},"class_list":["post-67331","page","type-page","status-publish","hentry"],"acf":{"bloco1title":"Qualidade Paletrans","bloco1text":"As empilhadeiras Paletrans s\u00e3o sin\u00f4nimo de qualidade e resist\u00eancia, suportando cargas pesadas com facilidade e seguran\u00e7a.","bloco2title":"Experi\u00eancia em servi\u00e7os","bloco2text":"A Nigro oferece servi\u00e7os de manuten\u00e7\u00e3o especializada para garantir a excel\u00eancia das suas empilhadeiras Paletrans.","bloco3title":"Insight sobre a Paletrans","bloco3text":"As empilhadeiras Paletrans s\u00e3o projetadas para maximizar a efici\u00eancia operacional. Com uma engenharia de ponta, elas podem reduzir custos de opera\u00e7\u00e3o e aumentar a produtividade no seu neg\u00f3cio ao realizar manobras \u00e1geis e precisas.","posttitle":"Empilhadeira Paletrans Fabricante: A Escolha Ideal para sua Empresa","postcontent":"<strong>O que torna a Empilhadeira Paletrans uma refer\u00eancia?<\/strong> As empilhadeiras Paletrans s\u00e3o fabricadas com tecnologia de ponta, oferecendo solu\u00e7\u00f5es confi\u00e1veis para empresas que buscam aumentar sua efici\u00eancia operacional. A Nigro Equipamentos \u00e9 especialista na comercializa\u00e7\u00e3o dessas m\u00e1quinas, que s\u00e3o perfeitas para movimenta\u00e7\u00e3o de cargas pesadas. N\u00e3o s\u00f3 vendemos, como tamb\u00e9m garantimos a manuten\u00e7\u00e3o adequada para prolongar a vida \u00fatil das empilhadeiras Paletrans. <strong>Loca\u00e7\u00e3o e Manuten\u00e7\u00e3o<\/strong> s\u00e3o outras vertentes que trabalhamos, proporcionando alternativas financeiras vi\u00e1veis e reduzindo a necessidade de investimento inicial para as empresas. Optar pela Nigro Equipamentos se transforma em sin\u00f4nimo de excel\u00eancia e confian\u00e7a, pois nossos profissionais s\u00e3o altamente capacitados. A escolha de uma empilhadeira Paletrans \u00e9 crucial para otimizar seu fluxo de trabalho e reduzir custos operacionais. Confie na Nigro, a empresa que entende de equipamentos e que est\u00e1 sempre ao seu lado para garantir que suas empilhadeiras Paletrans estejam sempre operacionais e prontas para o uso. Portanto, se voc\u00ea procura qualidade e confian\u00e7a, escolha a Nigro Equipamentos, onde seu investimento em empilhadeiras Paletrans \u00e9 sempre bem aplicado.","insightwidtitle":"Curiosidades sobre Empilhadeiras","insightwidcontent":"Voc\u00ea sabia que as empilhadeiras Paletrans podem ser personalizadas para atender a diferentes necessidades operacionais? Desde capacidades espec\u00edficas de carga at\u00e9 acess\u00f3rios que aumentam a versatilidade na movimenta\u00e7\u00e3o, esses equipamentos s\u00e3o verdadeiramente adapt\u00e1veis. Al\u00e9m disso, a efici\u00eancia do uso de empilhadeiras pode reduzir o tempo de manuseio de produtos em at\u00e9 25%, otimizando o espa\u00e7o e aumentando a produtividade do seu armaz\u00e9m. Na Nigro Equipamentos, estamos prontos para ajud\u00e1-lo a escolher a empilhadeira Paletrans ideal para suas opera\u00e7\u00f5es!"},"yoast_head":"<!-- This site is optimized with the Yoast SEO Premium plugin v18.3 (Yoast SEO v23.4) - https:\/\/yoast.com\/wordpress\/plugins\/seo\/ -->\n<title>Empilhadeira Paletrans Fabricante: Melhores Op\u00e7\u00f5es com a Nigro Equipamentos<\/title>\n<meta name=\"description\" content=\"Conhe\u00e7a as empilhadeiras Paletrans fabricadas com qualidade, efici\u00eancia e confiabilidade. A Nigro Equipamentos \u00e9 sua melhor op\u00e7\u00e3o para compra, manuten\u00e7\u00e3o e loca\u00e7\u00e3o.\" \/>\n<meta name=\"robots\" content=\"index, follow, max-snippet:-1, max-image-preview:large, max-video-preview:-1\" \/>\n<link rel=\"canonical\" href=\"https:\/\/nigroequipamentos.com.br\/conteudo\/descubra-a-qualidade-da-empilhadeira-paletrans-fabricante-3\/\" \/>\n<meta property=\"og:locale\" content=\"pt_BR\" \/>\n<meta property=\"og:type\" content=\"article\" \/>\n<meta property=\"og:title\" content=\"Descubra a qualidade da Empilhadeira Paletrans Fabricante\" \/>\n<meta property=\"og:description\" content=\"Conhe\u00e7a as empilhadeiras Paletrans fabricadas com qualidade, efici\u00eancia e confiabilidade. A Nigro Equipamentos \u00e9 sua melhor op\u00e7\u00e3o para compra, manuten\u00e7\u00e3o e loca\u00e7\u00e3o.\" \/>\n<meta property=\"og:url\" content=\"https:\/\/nigroequipamentos.com.br\/conteudo\/descubra-a-qualidade-da-empilhadeira-paletrans-fabricante-3\/\" \/>\n<meta property=\"og:site_name\" content=\"Nigro Equipamentos\" \/>\n<meta property=\"article:publisher\" content=\"https:\/\/www.facebook.com\/nigroequipamentos\" \/>\n<meta name=\"twitter:card\" content=\"summary_large_image\" \/>\n<script type=\"application\/ld+json\" class=\"yoast-schema-graph\">{\"@context\":\"https:\/\/schema.org\",\"@graph\":[{\"@type\":\"WebPage\",\"@id\":\"https:\/\/nigroequipamentos.com.br\/conteudo\/descubra-a-qualidade-da-empilhadeira-paletrans-fabricante-3\/\",\"url\":\"https:\/\/nigroequipamentos.com.br\/conteudo\/descubra-a-qualidade-da-empilhadeira-paletrans-fabricante-3\/\",\"name\":\"Empilhadeira Paletrans Fabricante: Melhores Op\u00e7\u00f5es com a Nigro Equipamentos\",\"isPartOf\":{\"@id\":\"https:\/\/nigroequipamentos.com.br\/conteudo\/#website\"},\"datePublished\":\"2025-10-26T06:01:09+00:00\",\"dateModified\":\"2025-10-26T06:01:09+00:00\",\"description\":\"Conhe\u00e7a as empilhadeiras Paletrans fabricadas com qualidade, efici\u00eancia e confiabilidade. A Nigro Equipamentos \u00e9 sua melhor op\u00e7\u00e3o para compra, manuten\u00e7\u00e3o e loca\u00e7\u00e3o.\",\"breadcrumb\":{\"@id\":\"https:\/\/nigroequipamentos.com.br\/conteudo\/descubra-a-qualidade-da-empilhadeira-paletrans-fabricante-3\/#breadcrumb\"},\"inLanguage\":\"pt-BR\",\"potentialAction\":[{\"@type\":\"ReadAction\",\"target\":[\"https:\/\/nigroequipamentos.com.br\/conteudo\/descubra-a-qualidade-da-empilhadeira-paletrans-fabricante-3\/\"]}]},{\"@type\":\"BreadcrumbList\",\"@id\":\"https:\/\/nigroequipamentos.com.br\/conteudo\/descubra-a-qualidade-da-empilhadeira-paletrans-fabricante-3\/#breadcrumb\",\"itemListElement\":[{\"@type\":\"ListItem\",\"position\":1,\"name\":\"In\u00edcio\",\"item\":\"https:\/\/nigroequipamentos.com.br\/conteudo\/\"},{\"@type\":\"ListItem\",\"position\":2,\"name\":\"Descubra a qualidade da Empilhadeira Paletrans Fabricante\"}]},{\"@type\":\"WebSite\",\"@id\":\"https:\/\/nigroequipamentos.com.br\/conteudo\/#website\",\"url\":\"https:\/\/nigroequipamentos.com.br\/conteudo\/\",\"name\":\"Nigro Equipamentos\",\"description\":\"Loca\u00e7\u00e3o e Vendas\",\"publisher\":{\"@id\":\"https:\/\/nigroequipamentos.com.br\/conteudo\/#organization\"},\"potentialAction\":[{\"@type\":\"SearchAction\",\"target\":{\"@type\":\"EntryPoint\",\"urlTemplate\":\"https:\/\/nigroequipamentos.com.br\/conteudo\/?s={search_term_string}\"},\"query-input\":{\"@type\":\"PropertyValueSpecification\",\"valueRequired\":true,\"valueName\":\"search_term_string\"}}],\"inLanguage\":\"pt-BR\"},{\"@type\":\"Organization\",\"@id\":\"https:\/\/nigroequipamentos.com.br\/conteudo\/#organization\",\"name\":\"Nigro Equipamentos\",\"url\":\"https:\/\/nigroequipamentos.com.br\/conteudo\/\",\"logo\":{\"@type\":\"ImageObject\",\"inLanguage\":\"pt-BR\",\"@id\":\"https:\/\/nigroequipamentos.com.br\/conteudo\/#\/schema\/logo\/image\/\",\"url\":\"https:\/\/nigroequipamentos.com.br\/conteudo\/wp-content\/uploads\/2024\/10\/nigroequipamentos_logo.webp\",\"contentUrl\":\"https:\/\/nigroequipamentos.com.br\/conteudo\/wp-content\/uploads\/2024\/10\/nigroequipamentos_logo.webp\",\"width\":785,\"height\":355,\"caption\":\"Nigro Equipamentos\"},\"image\":{\"@id\":\"https:\/\/nigroequipamentos.com.br\/conteudo\/#\/schema\/logo\/image\/\"},\"sameAs\":[\"https:\/\/www.facebook.com\/nigroequipamentos\",\"https:\/\/www.instagram.com\/nigroequipamentos\/\"]}]}<\/script>\n<!-- \/ Yoast SEO Premium plugin. -->","yoast_head_json":{"title":"Empilhadeira Paletrans Fabricante: Melhores Op\u00e7\u00f5es com a Nigro Equipamentos","description":"Conhe\u00e7a as empilhadeiras Paletrans fabricadas com qualidade, efici\u00eancia e confiabilidade. A Nigro Equipamentos \u00e9 sua melhor op\u00e7\u00e3o para compra, manuten\u00e7\u00e3o e loca\u00e7\u00e3o.","robots":{"index":"index","follow":"follow","max-snippet":"max-snippet:-1","max-image-preview":"max-image-preview:large","max-video-preview":"max-video-preview:-1"},"canonical":"https:\/\/nigroequipamentos.com.br\/conteudo\/descubra-a-qualidade-da-empilhadeira-paletrans-fabricante-3\/","og_locale":"pt_BR","og_type":"article","og_title":"Descubra a qualidade da Empilhadeira Paletrans Fabricante","og_description":"Conhe\u00e7a as empilhadeiras Paletrans fabricadas com qualidade, efici\u00eancia e confiabilidade. A Nigro Equipamentos \u00e9 sua melhor op\u00e7\u00e3o para compra, manuten\u00e7\u00e3o e loca\u00e7\u00e3o.","og_url":"https:\/\/nigroequipamentos.com.br\/conteudo\/descubra-a-qualidade-da-empilhadeira-paletrans-fabricante-3\/","og_site_name":"Nigro Equipamentos","article_publisher":"https:\/\/www.facebook.com\/nigroequipamentos","twitter_card":"summary_large_image","schema":{"@context":"https:\/\/schema.org","@graph":[{"@type":"WebPage","@id":"https:\/\/nigroequipamentos.com.br\/conteudo\/descubra-a-qualidade-da-empilhadeira-paletrans-fabricante-3\/","url":"https:\/\/nigroequipamentos.com.br\/conteudo\/descubra-a-qualidade-da-empilhadeira-paletrans-fabricante-3\/","name":"Empilhadeira Paletrans Fabricante: Melhores Op\u00e7\u00f5es com a Nigro Equipamentos","isPartOf":{"@id":"https:\/\/nigroequipamentos.com.br\/conteudo\/#website"},"datePublished":"2025-10-26T06:01:09+00:00","dateModified":"2025-10-26T06:01:09+00:00","description":"Conhe\u00e7a as empilhadeiras Paletrans fabricadas com qualidade, efici\u00eancia e confiabilidade. A Nigro Equipamentos \u00e9 sua melhor op\u00e7\u00e3o para compra, manuten\u00e7\u00e3o e loca\u00e7\u00e3o.","breadcrumb":{"@id":"https:\/\/nigroequipamentos.com.br\/conteudo\/descubra-a-qualidade-da-empilhadeira-paletrans-fabricante-3\/#breadcrumb"},"inLanguage":"pt-BR","potentialAction":[{"@type":"ReadAction","target":["https:\/\/nigroequipamentos.com.br\/conteudo\/descubra-a-qualidade-da-empilhadeira-paletrans-fabricante-3\/"]}]},{"@type":"BreadcrumbList","@id":"https:\/\/nigroequipamentos.com.br\/conteudo\/descubra-a-qualidade-da-empilhadeira-paletrans-fabricante-3\/#breadcrumb","itemListElement":[{"@type":"ListItem","position":1,"name":"In\u00edcio","item":"https:\/\/nigroequipamentos.com.br\/conteudo\/"},{"@type":"ListItem","position":2,"name":"Descubra a qualidade da Empilhadeira Paletrans Fabricante"}]},{"@type":"WebSite","@id":"https:\/\/nigroequipamentos.com.br\/conteudo\/#website","url":"https:\/\/nigroequipamentos.com.br\/conteudo\/","name":"Nigro Equipamentos","description":"Loca\u00e7\u00e3o e Vendas","publisher":{"@id":"https:\/\/nigroequipamentos.com.br\/conteudo\/#organization"},"potentialAction":[{"@type":"SearchAction","target":{"@type":"EntryPoint","urlTemplate":"https:\/\/nigroequipamentos.com.br\/conteudo\/?s={search_term_string}"},"query-input":{"@type":"PropertyValueSpecification","valueRequired":true,"valueName":"search_term_string"}}],"inLanguage":"pt-BR"},{"@type":"Organization","@id":"https:\/\/nigroequipamentos.com.br\/conteudo\/#organization","name":"Nigro Equipamentos","url":"https:\/\/nigroequipamentos.com.br\/conteudo\/","logo":{"@type":"ImageObject","inLanguage":"pt-BR","@id":"https:\/\/nigroequipamentos.com.br\/conteudo\/#\/schema\/logo\/image\/","url":"https:\/\/nigroequipamentos.com.br\/conteudo\/wp-content\/uploads\/2024\/10\/nigroequipamentos_logo.webp","contentUrl":"https:\/\/nigroequipamentos.com.br\/conteudo\/wp-content\/uploads\/2024\/10\/nigroequipamentos_logo.webp","width":785,"height":355,"caption":"Nigro Equipamentos"},"image":{"@id":"https:\/\/nigroequipamentos.com.br\/conteudo\/#\/schema\/logo\/image\/"},"sameAs":["https:\/\/www.facebook.com\/nigroequipamentos","https:\/\/www.instagram.com\/nigroequipamentos\/"]}]}},"_links":{"self":[{"href":"https:\/\/nigroequipamentos.com.br\/conteudo\/wp-json\/wp\/v2\/pages\/67331","targetHints":{"allow":["GET"]}}],"collection":[{"href":"https:\/\/nigroequipamentos.com.br\/conteudo\/wp-json\/wp\/v2\/pages"}],"about":[{"href":"https:\/\/nigroequipamentos.com.br\/conteudo\/wp-json\/wp\/v2\/types\/page"}],"author":[{"embeddable":true,"href":"https:\/\/nigroequipamentos.com.br\/conteudo\/wp-json\/wp\/v2\/users\/3"}],"replies":[{"embeddable":true,"href":"https:\/\/nigroequipamentos.com.br\/conteudo\/wp-json\/wp\/v2\/comments?post=67331"}],"version-history":[{"count":0,"href":"https:\/\/nigroequipamentos.com.br\/conteudo\/wp-json\/wp\/v2\/pages\/67331\/revisions"}],"wp:attachment":[{"href":"https:\/\/nigroequipamentos.com.br\/conteudo\/wp-json\/wp\/v2\/media?parent=67331"}],"curies":[{"name":"wp","href":"https:\/\/api.w.org\/{rel}","templated":true}]}}