{"id":65260,"date":"2025-10-15T18:01:04","date_gmt":"2025-10-15T21:01:04","guid":{"rendered":"https:\/\/nigroequipamentos.com.br\/conteudo\/empilhadeira-paletrans-a-revolucao-tecnologica\/"},"modified":"2025-10-15T18:01:04","modified_gmt":"2025-10-15T21:01:04","slug":"empilhadeira-paletrans-a-revolucao-tecnologica","status":"publish","type":"page","link":"https:\/\/nigroequipamentos.com.br\/conteudo\/empilhadeira-paletrans-a-revolucao-tecnologica\/","title":{"rendered":"Empilhadeira Paletrans: A Revolu\u00e7\u00e3o Tecnol\u00f3gica"},"content":{"rendered":"<p>A empilhadeira Paletrans \u00e9 sin\u00f4nimo de efici\u00eancia e inova\u00e7\u00e3o no mercado. Projetada para oferecer o m\u00e1ximo desempenho, essa tecnologia traz uma s\u00e9rie de benef\u00edcios que tornam sua opera\u00e7\u00e3o mais segura e produtiva. A Nigro Equipamentos \u00e9 a melhor escolha para quem busca a compra, manuten\u00e7\u00e3o e loca\u00e7\u00e3o dessa ferramenta essencial para o sucesso log\u00edstico. Ao optar pela empilhadeira Paletrans, voc\u00ea garante seguran\u00e7a e agilidade em seu estoque, possibilitando um gerenciamento mais eficaz dos processos. N\u00e3o perca a oportunidade de modernizar sua opera\u00e7\u00e3o e aproveite tudo o que a empilhadeira Paletrans tem a oferecer!<\/p>\n","protected":false},"excerpt":{"rendered":"<p>A empilhadeira Paletrans \u00e9 sin\u00f4nimo de efici\u00eancia e inova\u00e7\u00e3o no mercado. Projetada para oferecer o m\u00e1ximo desempenho, essa tecnologia traz uma s\u00e9rie de benef\u00edcios que tornam sua opera\u00e7\u00e3o mais segura e produtiva. A Nigro Equipamentos \u00e9 a melhor escolha para quem busca a compra, manuten\u00e7\u00e3o e loca\u00e7\u00e3o dessa ferramenta essencial para o sucesso log\u00edstico. Ao&hellip;&nbsp;<a href=\"https:\/\/nigroequipamentos.com.br\/conteudo\/empilhadeira-paletrans-a-revolucao-tecnologica\/\" class=\"\" rel=\"bookmark\">Continue a ler &raquo;<span class=\"screen-reader-text\">Empilhadeira Paletrans: A Revolu\u00e7\u00e3o Tecnol\u00f3gica<\/span><\/a><\/p>\n","protected":false},"author":3,"featured_media":0,"parent":0,"menu_order":0,"comment_status":"closed","ping_status":"closed","template":"","meta":{"_acf_changed":false,"_yoast_wpseo_focuskw":"Empilhadeira Paletrans tecnologia","_yoast_wpseo_title":"Empilhadeira Paletrans: O Futuro da Log\u00edstica","_yoast_wpseo_metadesc":"Descubra como a empilhadeira Paletrans revoluciona a log\u00edstica com tecnologia de ponta. Sua solu\u00e7\u00e3o ideal para compra, manuten\u00e7\u00e3o e loca\u00e7\u00e3o.","neve_meta_sidebar":"","neve_meta_container":"","neve_meta_enable_content_width":"","neve_meta_content_width":0,"neve_meta_title_alignment":"","neve_meta_author_avatar":"","neve_post_elements_order":"","neve_meta_disable_header":"","neve_meta_disable_footer":"","neve_meta_disable_title":"","footnotes":""},"class_list":["post-65260","page","type-page","status-publish","hentry"],"acf":{"bloco1title":"Inova\u00e7\u00e3o constante","bloco1text":"A Nigro se destaca por acompanhar as \u00faltimas inova\u00e7\u00f5es em empilhadeiras, como a Paletrans, sempre oferecendo equipamentos atualizados e eficazes.","bloco2title":"Suporte especializado","bloco2text":"Contamos com uma equipe de especialistas prontos para oferecer suporte t\u00e9cnico e manuten\u00e7\u00e3o em sua empilhadeira Paletrans.","bloco3title":"O futuro da log\u00edstica","bloco3text":"Empilhadeiras Paletrans est\u00e3o na vanguarda da tecnologia log\u00edstica, integrando sistemas que aumentam a produtividade e reduzem custos operacionais.","posttitle":"Empilhadeira Paletrans e sua Tecnologia Inovadora","postcontent":"<strong>A import\u00e2ncia da Empilhadeira Paletrans<\/strong> est\u00e1 em sua capacidade de transformar o fluxo de trabalho em armaz\u00e9ns e centros de distribui\u00e7\u00e3o. Com tecnologias que garantem maior robustez e efici\u00eancia, essa empilhadeira se torna um recurso indispens\u00e1vel para qualquer neg\u00f3cio que deseja se destacar no mercado. Al\u00e9m disso, a empilhadeira Paletrans \u00e9 projetada para atender exatamente \u00e0s necessidades do usu\u00e1rio, com op\u00e7\u00f5es de customiza\u00e7\u00e3o que garantem uma opera\u00e7\u00e3o fluida e sem interrup\u00e7\u00f5es. <strong>Manuten\u00e7\u00e3o e loca\u00e7\u00e3o s\u00e3o essenciais<\/strong> para garantir que sua empilhadeira Paletrans funcione sempre em m\u00e1xima performance. A Nigro Equipamentos n\u00e3o s\u00f3 fornece a venda desse equipamento de ponta, mas tamb\u00e9m oferece planos de manuten\u00e7\u00e3o e op\u00e7\u00f5es de loca\u00e7\u00e3o que se adaptam ao seu or\u00e7amento. Se voc\u00ea busca confiabilidade, seguran\u00e7a e inova\u00e7\u00e3o, opte pela empilhadeira Paletrans da Nigro Equipamentos e sinta a diferen\u00e7a na sua opera\u00e7\u00e3o e log\u00edstica.","insightwidtitle":"Curiosidades sobre a Paletrans","insightwidcontent":"Voc\u00ea sabia que a empilhadeira Paletrans \u00e9 equipada com tecnologia de ponta que permite monitorar sua performance em tempo real? Isso significa que os operadores podem ajustar as configura\u00e7\u00f5es conforme necess\u00e1rio, garantindo efici\u00eancia m\u00e1xima durante todo o dia. Essa inova\u00e7\u00e3o n\u00e3o s\u00f3 melhora a produtividade, mas tamb\u00e9m prolonga a vida \u00fatil do equipamento, tornando-o um investimento ainda mais atraente para empresas de todos os setores."},"yoast_head":"<!-- This site is optimized with the Yoast SEO Premium plugin v18.3 (Yoast SEO v23.4) - https:\/\/yoast.com\/wordpress\/plugins\/seo\/ -->\n<title>Empilhadeira Paletrans: O Futuro da Log\u00edstica<\/title>\n<meta name=\"description\" content=\"Descubra como a empilhadeira Paletrans revoluciona a log\u00edstica com tecnologia de ponta. Sua solu\u00e7\u00e3o ideal para compra, manuten\u00e7\u00e3o e loca\u00e7\u00e3o.\" \/>\n<meta name=\"robots\" content=\"index, follow, max-snippet:-1, max-image-preview:large, max-video-preview:-1\" \/>\n<link rel=\"canonical\" href=\"https:\/\/nigroequipamentos.com.br\/conteudo\/empilhadeira-paletrans-a-revolucao-tecnologica\/\" \/>\n<meta property=\"og:locale\" content=\"pt_BR\" \/>\n<meta property=\"og:type\" content=\"article\" \/>\n<meta property=\"og:title\" content=\"Empilhadeira Paletrans: A Revolu\u00e7\u00e3o Tecnol\u00f3gica\" \/>\n<meta property=\"og:description\" content=\"Descubra como a empilhadeira Paletrans revoluciona a log\u00edstica com tecnologia de ponta. Sua solu\u00e7\u00e3o ideal para compra, manuten\u00e7\u00e3o e loca\u00e7\u00e3o.\" \/>\n<meta property=\"og:url\" content=\"https:\/\/nigroequipamentos.com.br\/conteudo\/empilhadeira-paletrans-a-revolucao-tecnologica\/\" \/>\n<meta property=\"og:site_name\" content=\"Nigro Equipamentos\" \/>\n<meta property=\"article:publisher\" content=\"https:\/\/www.facebook.com\/nigroequipamentos\" \/>\n<meta name=\"twitter:card\" content=\"summary_large_image\" \/>\n<meta name=\"twitter:label1\" content=\"Est. tempo de leitura\" \/>\n\t<meta name=\"twitter:data1\" content=\"1 minuto\" \/>\n<script type=\"application\/ld+json\" class=\"yoast-schema-graph\">{\"@context\":\"https:\/\/schema.org\",\"@graph\":[{\"@type\":\"WebPage\",\"@id\":\"https:\/\/nigroequipamentos.com.br\/conteudo\/empilhadeira-paletrans-a-revolucao-tecnologica\/\",\"url\":\"https:\/\/nigroequipamentos.com.br\/conteudo\/empilhadeira-paletrans-a-revolucao-tecnologica\/\",\"name\":\"Empilhadeira Paletrans: O Futuro da Log\u00edstica\",\"isPartOf\":{\"@id\":\"https:\/\/nigroequipamentos.com.br\/conteudo\/#website\"},\"datePublished\":\"2025-10-15T21:01:04+00:00\",\"dateModified\":\"2025-10-15T21:01:04+00:00\",\"description\":\"Descubra como a empilhadeira Paletrans revoluciona a log\u00edstica com tecnologia de ponta. Sua solu\u00e7\u00e3o ideal para compra, manuten\u00e7\u00e3o e loca\u00e7\u00e3o.\",\"breadcrumb\":{\"@id\":\"https:\/\/nigroequipamentos.com.br\/conteudo\/empilhadeira-paletrans-a-revolucao-tecnologica\/#breadcrumb\"},\"inLanguage\":\"pt-BR\",\"potentialAction\":[{\"@type\":\"ReadAction\",\"target\":[\"https:\/\/nigroequipamentos.com.br\/conteudo\/empilhadeira-paletrans-a-revolucao-tecnologica\/\"]}]},{\"@type\":\"BreadcrumbList\",\"@id\":\"https:\/\/nigroequipamentos.com.br\/conteudo\/empilhadeira-paletrans-a-revolucao-tecnologica\/#breadcrumb\",\"itemListElement\":[{\"@type\":\"ListItem\",\"position\":1,\"name\":\"In\u00edcio\",\"item\":\"https:\/\/nigroequipamentos.com.br\/conteudo\/\"},{\"@type\":\"ListItem\",\"position\":2,\"name\":\"Empilhadeira Paletrans: A Revolu\u00e7\u00e3o Tecnol\u00f3gica\"}]},{\"@type\":\"WebSite\",\"@id\":\"https:\/\/nigroequipamentos.com.br\/conteudo\/#website\",\"url\":\"https:\/\/nigroequipamentos.com.br\/conteudo\/\",\"name\":\"Nigro Equipamentos\",\"description\":\"Loca\u00e7\u00e3o e Vendas\",\"publisher\":{\"@id\":\"https:\/\/nigroequipamentos.com.br\/conteudo\/#organization\"},\"potentialAction\":[{\"@type\":\"SearchAction\",\"target\":{\"@type\":\"EntryPoint\",\"urlTemplate\":\"https:\/\/nigroequipamentos.com.br\/conteudo\/?s={search_term_string}\"},\"query-input\":{\"@type\":\"PropertyValueSpecification\",\"valueRequired\":true,\"valueName\":\"search_term_string\"}}],\"inLanguage\":\"pt-BR\"},{\"@type\":\"Organization\",\"@id\":\"https:\/\/nigroequipamentos.com.br\/conteudo\/#organization\",\"name\":\"Nigro Equipamentos\",\"url\":\"https:\/\/nigroequipamentos.com.br\/conteudo\/\",\"logo\":{\"@type\":\"ImageObject\",\"inLanguage\":\"pt-BR\",\"@id\":\"https:\/\/nigroequipamentos.com.br\/conteudo\/#\/schema\/logo\/image\/\",\"url\":\"https:\/\/nigroequipamentos.com.br\/conteudo\/wp-content\/uploads\/2024\/10\/nigroequipamentos_logo.webp\",\"contentUrl\":\"https:\/\/nigroequipamentos.com.br\/conteudo\/wp-content\/uploads\/2024\/10\/nigroequipamentos_logo.webp\",\"width\":785,\"height\":355,\"caption\":\"Nigro Equipamentos\"},\"image\":{\"@id\":\"https:\/\/nigroequipamentos.com.br\/conteudo\/#\/schema\/logo\/image\/\"},\"sameAs\":[\"https:\/\/www.facebook.com\/nigroequipamentos\",\"https:\/\/www.instagram.com\/nigroequipamentos\/\"]}]}<\/script>\n<!-- \/ Yoast SEO Premium plugin. -->","yoast_head_json":{"title":"Empilhadeira Paletrans: O Futuro da Log\u00edstica","description":"Descubra como a empilhadeira Paletrans revoluciona a log\u00edstica com tecnologia de ponta. Sua solu\u00e7\u00e3o ideal para compra, manuten\u00e7\u00e3o e loca\u00e7\u00e3o.","robots":{"index":"index","follow":"follow","max-snippet":"max-snippet:-1","max-image-preview":"max-image-preview:large","max-video-preview":"max-video-preview:-1"},"canonical":"https:\/\/nigroequipamentos.com.br\/conteudo\/empilhadeira-paletrans-a-revolucao-tecnologica\/","og_locale":"pt_BR","og_type":"article","og_title":"Empilhadeira Paletrans: A Revolu\u00e7\u00e3o Tecnol\u00f3gica","og_description":"Descubra como a empilhadeira Paletrans revoluciona a log\u00edstica com tecnologia de ponta. Sua solu\u00e7\u00e3o ideal para compra, manuten\u00e7\u00e3o e loca\u00e7\u00e3o.","og_url":"https:\/\/nigroequipamentos.com.br\/conteudo\/empilhadeira-paletrans-a-revolucao-tecnologica\/","og_site_name":"Nigro Equipamentos","article_publisher":"https:\/\/www.facebook.com\/nigroequipamentos","twitter_card":"summary_large_image","twitter_misc":{"Est. tempo de leitura":"1 minuto"},"schema":{"@context":"https:\/\/schema.org","@graph":[{"@type":"WebPage","@id":"https:\/\/nigroequipamentos.com.br\/conteudo\/empilhadeira-paletrans-a-revolucao-tecnologica\/","url":"https:\/\/nigroequipamentos.com.br\/conteudo\/empilhadeira-paletrans-a-revolucao-tecnologica\/","name":"Empilhadeira Paletrans: O Futuro da Log\u00edstica","isPartOf":{"@id":"https:\/\/nigroequipamentos.com.br\/conteudo\/#website"},"datePublished":"2025-10-15T21:01:04+00:00","dateModified":"2025-10-15T21:01:04+00:00","description":"Descubra como a empilhadeira Paletrans revoluciona a log\u00edstica com tecnologia de ponta. Sua solu\u00e7\u00e3o ideal para compra, manuten\u00e7\u00e3o e loca\u00e7\u00e3o.","breadcrumb":{"@id":"https:\/\/nigroequipamentos.com.br\/conteudo\/empilhadeira-paletrans-a-revolucao-tecnologica\/#breadcrumb"},"inLanguage":"pt-BR","potentialAction":[{"@type":"ReadAction","target":["https:\/\/nigroequipamentos.com.br\/conteudo\/empilhadeira-paletrans-a-revolucao-tecnologica\/"]}]},{"@type":"BreadcrumbList","@id":"https:\/\/nigroequipamentos.com.br\/conteudo\/empilhadeira-paletrans-a-revolucao-tecnologica\/#breadcrumb","itemListElement":[{"@type":"ListItem","position":1,"name":"In\u00edcio","item":"https:\/\/nigroequipamentos.com.br\/conteudo\/"},{"@type":"ListItem","position":2,"name":"Empilhadeira Paletrans: A Revolu\u00e7\u00e3o Tecnol\u00f3gica"}]},{"@type":"WebSite","@id":"https:\/\/nigroequipamentos.com.br\/conteudo\/#website","url":"https:\/\/nigroequipamentos.com.br\/conteudo\/","name":"Nigro Equipamentos","description":"Loca\u00e7\u00e3o e Vendas","publisher":{"@id":"https:\/\/nigroequipamentos.com.br\/conteudo\/#organization"},"potentialAction":[{"@type":"SearchAction","target":{"@type":"EntryPoint","urlTemplate":"https:\/\/nigroequipamentos.com.br\/conteudo\/?s={search_term_string}"},"query-input":{"@type":"PropertyValueSpecification","valueRequired":true,"valueName":"search_term_string"}}],"inLanguage":"pt-BR"},{"@type":"Organization","@id":"https:\/\/nigroequipamentos.com.br\/conteudo\/#organization","name":"Nigro Equipamentos","url":"https:\/\/nigroequipamentos.com.br\/conteudo\/","logo":{"@type":"ImageObject","inLanguage":"pt-BR","@id":"https:\/\/nigroequipamentos.com.br\/conteudo\/#\/schema\/logo\/image\/","url":"https:\/\/nigroequipamentos.com.br\/conteudo\/wp-content\/uploads\/2024\/10\/nigroequipamentos_logo.webp","contentUrl":"https:\/\/nigroequipamentos.com.br\/conteudo\/wp-content\/uploads\/2024\/10\/nigroequipamentos_logo.webp","width":785,"height":355,"caption":"Nigro Equipamentos"},"image":{"@id":"https:\/\/nigroequipamentos.com.br\/conteudo\/#\/schema\/logo\/image\/"},"sameAs":["https:\/\/www.facebook.com\/nigroequipamentos","https:\/\/www.instagram.com\/nigroequipamentos\/"]}]}},"_links":{"self":[{"href":"https:\/\/nigroequipamentos.com.br\/conteudo\/wp-json\/wp\/v2\/pages\/65260","targetHints":{"allow":["GET"]}}],"collection":[{"href":"https:\/\/nigroequipamentos.com.br\/conteudo\/wp-json\/wp\/v2\/pages"}],"about":[{"href":"https:\/\/nigroequipamentos.com.br\/conteudo\/wp-json\/wp\/v2\/types\/page"}],"author":[{"embeddable":true,"href":"https:\/\/nigroequipamentos.com.br\/conteudo\/wp-json\/wp\/v2\/users\/3"}],"replies":[{"embeddable":true,"href":"https:\/\/nigroequipamentos.com.br\/conteudo\/wp-json\/wp\/v2\/comments?post=65260"}],"version-history":[{"count":0,"href":"https:\/\/nigroequipamentos.com.br\/conteudo\/wp-json\/wp\/v2\/pages\/65260\/revisions"}],"wp:attachment":[{"href":"https:\/\/nigroequipamentos.com.br\/conteudo\/wp-json\/wp\/v2\/media?parent=65260"}],"curies":[{"name":"wp","href":"https:\/\/api.w.org\/{rel}","templated":true}]}}