{"id":64987,"date":"2025-10-12T21:01:06","date_gmt":"2025-10-13T00:01:06","guid":{"rendered":"https:\/\/nigroequipamentos.com.br\/conteudo\/conheca-a-empilhadeira-retratil-paletrans-pr2013i-da-nigro-equipamentos\/"},"modified":"2025-10-12T21:01:06","modified_gmt":"2025-10-13T00:01:06","slug":"conheca-a-empilhadeira-retratil-paletrans-pr2013i-da-nigro-equipamentos","status":"publish","type":"page","link":"https:\/\/nigroequipamentos.com.br\/conteudo\/conheca-a-empilhadeira-retratil-paletrans-pr2013i-da-nigro-equipamentos\/","title":{"rendered":"Conhe\u00e7a a Empilhadeira Retr\u00e1til Paletrans PR2013i da Nigro Equipamentos"},"content":{"rendered":"<p>A Empilhadeira Retr\u00e1til Paletrans PR2013i \u00e9 a solu\u00e7\u00e3o ideal para quem busca efici\u00eancia e versatilidade na movimenta\u00e7\u00e3o de cargas. Com um design compacto, a PR2013i permite manobrabilidade em espa\u00e7os reduzidos, o que a torna perfeita para armaz\u00e9ns e centros de distribui\u00e7\u00e3o. Suas capacidades de eleva\u00e7\u00e3o e baixa altura tornam a Empilhadeira Retr\u00e1til Paletrans PR2013i uma op\u00e7\u00e3o imbat\u00edvel no mercado. A Nigro Equipamentos, especializada em solu\u00e7\u00f5es de movimenta\u00e7\u00e3o, garante a melhor compra, manuten\u00e7\u00e3o e loca\u00e7\u00e3o desse equipamento, assegurando qualidade e confiabilidade.<\/p>\n","protected":false},"excerpt":{"rendered":"<p>A Empilhadeira Retr\u00e1til Paletrans PR2013i \u00e9 a solu\u00e7\u00e3o ideal para quem busca efici\u00eancia e versatilidade na movimenta\u00e7\u00e3o de cargas. Com um design compacto, a PR2013i permite manobrabilidade em espa\u00e7os reduzidos, o que a torna perfeita para armaz\u00e9ns e centros de distribui\u00e7\u00e3o. Suas capacidades de eleva\u00e7\u00e3o e baixa altura tornam a Empilhadeira Retr\u00e1til Paletrans PR2013i uma&hellip;&nbsp;<a href=\"https:\/\/nigroequipamentos.com.br\/conteudo\/conheca-a-empilhadeira-retratil-paletrans-pr2013i-da-nigro-equipamentos\/\" class=\"\" rel=\"bookmark\">Continue a ler &raquo;<span class=\"screen-reader-text\">Conhe\u00e7a a Empilhadeira Retr\u00e1til Paletrans PR2013i da Nigro Equipamentos<\/span><\/a><\/p>\n","protected":false},"author":3,"featured_media":0,"parent":0,"menu_order":0,"comment_status":"closed","ping_status":"closed","template":"","meta":{"_acf_changed":false,"_yoast_wpseo_focuskw":"Empilhadeira Retr\u00e1til Paletrans PR2013i","_yoast_wpseo_title":"Empilhadeira Retr\u00e1til Paletrans PR2013i: Vantagens e Benef\u00edcios","_yoast_wpseo_metadesc":"Descubra as vantagens da Empilhadeira Retr\u00e1til Paletrans PR2013i da Nigro Equipamentos. Ideal para sua empresa!","neve_meta_sidebar":"","neve_meta_container":"","neve_meta_enable_content_width":"","neve_meta_content_width":0,"neve_meta_title_alignment":"","neve_meta_author_avatar":"","neve_post_elements_order":"","neve_meta_disable_header":"","neve_meta_disable_footer":"","neve_meta_disable_title":"","footnotes":""},"class_list":["post-64987","page","type-page","status-publish","hentry"],"acf":{"bloco1title":"Qualidade e Durabilidade","bloco1text":"A Nigro Equipamentos se destaca pela qualidade e durabilidade de suas m\u00e1quinas, com a Empilhadeira Retr\u00e1til Paletrans PR2013i, que \u00e9 constru\u00edda para resistir ao uso intenso.","bloco2title":"Suporte Especializado","bloco2text":"Oferecemos suporte especializado para a Empilhadeira Retr\u00e1til Paletrans PR2013i, garantindo seu funcionamento ideal em todas as situa\u00e7\u00f5es.","bloco3title":"Versatilidade em A\u00e7\u00e3o","bloco3text":"A Empilhadeira Retr\u00e1til Paletrans PR2013i se destaca pela versatilidade. \u00c9 ideal para ambientes fechados e permite o acesso a paletes em diferentes alturas, sendo incrivelmente eficaz.","posttitle":"Vantagens da Empilhadeira Retr\u00e1til Paletrans PR2013i para o Seu Neg\u00f3cio","postcontent":"<strong>O que \u00e9 a Empilhadeira Retr\u00e1til Paletrans PR2013i?<\/strong> \nA Empilhadeira Retr\u00e1til Paletrans PR2013i \u00e9 um equipamento projetado para otimizar o espa\u00e7o em armaz\u00e9ns, com elevadores retr\u00e1teis que possibilitam o alcance de paletes a alturas variadas.\n\n<strong>Principais caracter\u00edsticas<\/strong> \nEste modelo \u00e9 infal\u00edvel quando se trata de efici\u00eancia. A Empilhadeira Retr\u00e1til Paletrans PR2013i conta com um motor potente, capacidade de carga impressionante e um design que previne riscos de acidentes de trabalho. O conforto para o operador tamb\u00e9m \u00e9 destaque, minimizando o desgaste f\u00edsico nessas opera\u00e7\u00f5es repetitivas.\n\n<strong>Por que escolher a Nigro Equipamentos?<\/strong> \nAo optar pela compra, manuten\u00e7\u00e3o ou loca\u00e7\u00e3o da Empilhadeira Retr\u00e1til Paletrans PR2013i, voc\u00ea se junta a uma empresa que prioriza a satisfa\u00e7\u00e3o do cliente e a confiabilidade do equipamento. N\u00e3o se esque\u00e7a de que a Nigro Equipamentos \u00e9 a sua melhor escolha para todas suas necessidades nesse segmento.","insightwidtitle":"Curiosidades sobre a PR2013i","insightwidcontent":"Voc\u00ea sabia que a Empilhadeira Retr\u00e1til Paletrans PR2013i \u00e9 capaz de elevar cargas a alturas de at\u00e9 10 metros? Al\u00e9m disso, sua capacidade de carga pode variar, permitindo que opere com produtos leves e pesados em um s\u00f3 modelo. Essa versatilidade a torna uma escolha favorita em armaz\u00e9ns por todo o pa\u00eds."},"yoast_head":"<!-- This site is optimized with the Yoast SEO Premium plugin v18.3 (Yoast SEO v23.4) - https:\/\/yoast.com\/wordpress\/plugins\/seo\/ -->\n<title>Empilhadeira Retr\u00e1til Paletrans PR2013i: Vantagens e Benef\u00edcios<\/title>\n<meta name=\"description\" content=\"Descubra as vantagens da Empilhadeira Retr\u00e1til Paletrans PR2013i da Nigro Equipamentos. Ideal para sua empresa!\" \/>\n<meta name=\"robots\" content=\"index, follow, max-snippet:-1, max-image-preview:large, max-video-preview:-1\" \/>\n<link rel=\"canonical\" href=\"https:\/\/nigroequipamentos.com.br\/conteudo\/conheca-a-empilhadeira-retratil-paletrans-pr2013i-da-nigro-equipamentos\/\" \/>\n<meta property=\"og:locale\" content=\"pt_BR\" \/>\n<meta property=\"og:type\" content=\"article\" \/>\n<meta property=\"og:title\" content=\"Conhe\u00e7a a Empilhadeira Retr\u00e1til Paletrans PR2013i da Nigro Equipamentos\" \/>\n<meta property=\"og:description\" content=\"Descubra as vantagens da Empilhadeira Retr\u00e1til Paletrans PR2013i da Nigro Equipamentos. Ideal para sua empresa!\" \/>\n<meta property=\"og:url\" content=\"https:\/\/nigroequipamentos.com.br\/conteudo\/conheca-a-empilhadeira-retratil-paletrans-pr2013i-da-nigro-equipamentos\/\" \/>\n<meta property=\"og:site_name\" content=\"Nigro Equipamentos\" \/>\n<meta property=\"article:publisher\" content=\"https:\/\/www.facebook.com\/nigroequipamentos\" \/>\n<meta name=\"twitter:card\" content=\"summary_large_image\" \/>\n<script type=\"application\/ld+json\" class=\"yoast-schema-graph\">{\"@context\":\"https:\/\/schema.org\",\"@graph\":[{\"@type\":\"WebPage\",\"@id\":\"https:\/\/nigroequipamentos.com.br\/conteudo\/conheca-a-empilhadeira-retratil-paletrans-pr2013i-da-nigro-equipamentos\/\",\"url\":\"https:\/\/nigroequipamentos.com.br\/conteudo\/conheca-a-empilhadeira-retratil-paletrans-pr2013i-da-nigro-equipamentos\/\",\"name\":\"Empilhadeira Retr\u00e1til Paletrans PR2013i: Vantagens e Benef\u00edcios\",\"isPartOf\":{\"@id\":\"https:\/\/nigroequipamentos.com.br\/conteudo\/#website\"},\"datePublished\":\"2025-10-13T00:01:06+00:00\",\"dateModified\":\"2025-10-13T00:01:06+00:00\",\"description\":\"Descubra as vantagens da Empilhadeira Retr\u00e1til Paletrans PR2013i da Nigro Equipamentos. Ideal para sua empresa!\",\"breadcrumb\":{\"@id\":\"https:\/\/nigroequipamentos.com.br\/conteudo\/conheca-a-empilhadeira-retratil-paletrans-pr2013i-da-nigro-equipamentos\/#breadcrumb\"},\"inLanguage\":\"pt-BR\",\"potentialAction\":[{\"@type\":\"ReadAction\",\"target\":[\"https:\/\/nigroequipamentos.com.br\/conteudo\/conheca-a-empilhadeira-retratil-paletrans-pr2013i-da-nigro-equipamentos\/\"]}]},{\"@type\":\"BreadcrumbList\",\"@id\":\"https:\/\/nigroequipamentos.com.br\/conteudo\/conheca-a-empilhadeira-retratil-paletrans-pr2013i-da-nigro-equipamentos\/#breadcrumb\",\"itemListElement\":[{\"@type\":\"ListItem\",\"position\":1,\"name\":\"In\u00edcio\",\"item\":\"https:\/\/nigroequipamentos.com.br\/conteudo\/\"},{\"@type\":\"ListItem\",\"position\":2,\"name\":\"Conhe\u00e7a a Empilhadeira Retr\u00e1til Paletrans PR2013i da Nigro Equipamentos\"}]},{\"@type\":\"WebSite\",\"@id\":\"https:\/\/nigroequipamentos.com.br\/conteudo\/#website\",\"url\":\"https:\/\/nigroequipamentos.com.br\/conteudo\/\",\"name\":\"Nigro Equipamentos\",\"description\":\"Loca\u00e7\u00e3o e Vendas\",\"publisher\":{\"@id\":\"https:\/\/nigroequipamentos.com.br\/conteudo\/#organization\"},\"potentialAction\":[{\"@type\":\"SearchAction\",\"target\":{\"@type\":\"EntryPoint\",\"urlTemplate\":\"https:\/\/nigroequipamentos.com.br\/conteudo\/?s={search_term_string}\"},\"query-input\":{\"@type\":\"PropertyValueSpecification\",\"valueRequired\":true,\"valueName\":\"search_term_string\"}}],\"inLanguage\":\"pt-BR\"},{\"@type\":\"Organization\",\"@id\":\"https:\/\/nigroequipamentos.com.br\/conteudo\/#organization\",\"name\":\"Nigro Equipamentos\",\"url\":\"https:\/\/nigroequipamentos.com.br\/conteudo\/\",\"logo\":{\"@type\":\"ImageObject\",\"inLanguage\":\"pt-BR\",\"@id\":\"https:\/\/nigroequipamentos.com.br\/conteudo\/#\/schema\/logo\/image\/\",\"url\":\"https:\/\/nigroequipamentos.com.br\/conteudo\/wp-content\/uploads\/2024\/10\/nigroequipamentos_logo.webp\",\"contentUrl\":\"https:\/\/nigroequipamentos.com.br\/conteudo\/wp-content\/uploads\/2024\/10\/nigroequipamentos_logo.webp\",\"width\":785,\"height\":355,\"caption\":\"Nigro Equipamentos\"},\"image\":{\"@id\":\"https:\/\/nigroequipamentos.com.br\/conteudo\/#\/schema\/logo\/image\/\"},\"sameAs\":[\"https:\/\/www.facebook.com\/nigroequipamentos\",\"https:\/\/www.instagram.com\/nigroequipamentos\/\"]}]}<\/script>\n<!-- \/ Yoast SEO Premium plugin. -->","yoast_head_json":{"title":"Empilhadeira Retr\u00e1til Paletrans PR2013i: Vantagens e Benef\u00edcios","description":"Descubra as vantagens da Empilhadeira Retr\u00e1til Paletrans PR2013i da Nigro Equipamentos. Ideal para sua empresa!","robots":{"index":"index","follow":"follow","max-snippet":"max-snippet:-1","max-image-preview":"max-image-preview:large","max-video-preview":"max-video-preview:-1"},"canonical":"https:\/\/nigroequipamentos.com.br\/conteudo\/conheca-a-empilhadeira-retratil-paletrans-pr2013i-da-nigro-equipamentos\/","og_locale":"pt_BR","og_type":"article","og_title":"Conhe\u00e7a a Empilhadeira Retr\u00e1til Paletrans PR2013i da Nigro Equipamentos","og_description":"Descubra as vantagens da Empilhadeira Retr\u00e1til Paletrans PR2013i da Nigro Equipamentos. Ideal para sua empresa!","og_url":"https:\/\/nigroequipamentos.com.br\/conteudo\/conheca-a-empilhadeira-retratil-paletrans-pr2013i-da-nigro-equipamentos\/","og_site_name":"Nigro Equipamentos","article_publisher":"https:\/\/www.facebook.com\/nigroequipamentos","twitter_card":"summary_large_image","schema":{"@context":"https:\/\/schema.org","@graph":[{"@type":"WebPage","@id":"https:\/\/nigroequipamentos.com.br\/conteudo\/conheca-a-empilhadeira-retratil-paletrans-pr2013i-da-nigro-equipamentos\/","url":"https:\/\/nigroequipamentos.com.br\/conteudo\/conheca-a-empilhadeira-retratil-paletrans-pr2013i-da-nigro-equipamentos\/","name":"Empilhadeira Retr\u00e1til Paletrans PR2013i: Vantagens e Benef\u00edcios","isPartOf":{"@id":"https:\/\/nigroequipamentos.com.br\/conteudo\/#website"},"datePublished":"2025-10-13T00:01:06+00:00","dateModified":"2025-10-13T00:01:06+00:00","description":"Descubra as vantagens da Empilhadeira Retr\u00e1til Paletrans PR2013i da Nigro Equipamentos. Ideal para sua empresa!","breadcrumb":{"@id":"https:\/\/nigroequipamentos.com.br\/conteudo\/conheca-a-empilhadeira-retratil-paletrans-pr2013i-da-nigro-equipamentos\/#breadcrumb"},"inLanguage":"pt-BR","potentialAction":[{"@type":"ReadAction","target":["https:\/\/nigroequipamentos.com.br\/conteudo\/conheca-a-empilhadeira-retratil-paletrans-pr2013i-da-nigro-equipamentos\/"]}]},{"@type":"BreadcrumbList","@id":"https:\/\/nigroequipamentos.com.br\/conteudo\/conheca-a-empilhadeira-retratil-paletrans-pr2013i-da-nigro-equipamentos\/#breadcrumb","itemListElement":[{"@type":"ListItem","position":1,"name":"In\u00edcio","item":"https:\/\/nigroequipamentos.com.br\/conteudo\/"},{"@type":"ListItem","position":2,"name":"Conhe\u00e7a a Empilhadeira Retr\u00e1til Paletrans PR2013i da Nigro Equipamentos"}]},{"@type":"WebSite","@id":"https:\/\/nigroequipamentos.com.br\/conteudo\/#website","url":"https:\/\/nigroequipamentos.com.br\/conteudo\/","name":"Nigro Equipamentos","description":"Loca\u00e7\u00e3o e Vendas","publisher":{"@id":"https:\/\/nigroequipamentos.com.br\/conteudo\/#organization"},"potentialAction":[{"@type":"SearchAction","target":{"@type":"EntryPoint","urlTemplate":"https:\/\/nigroequipamentos.com.br\/conteudo\/?s={search_term_string}"},"query-input":{"@type":"PropertyValueSpecification","valueRequired":true,"valueName":"search_term_string"}}],"inLanguage":"pt-BR"},{"@type":"Organization","@id":"https:\/\/nigroequipamentos.com.br\/conteudo\/#organization","name":"Nigro Equipamentos","url":"https:\/\/nigroequipamentos.com.br\/conteudo\/","logo":{"@type":"ImageObject","inLanguage":"pt-BR","@id":"https:\/\/nigroequipamentos.com.br\/conteudo\/#\/schema\/logo\/image\/","url":"https:\/\/nigroequipamentos.com.br\/conteudo\/wp-content\/uploads\/2024\/10\/nigroequipamentos_logo.webp","contentUrl":"https:\/\/nigroequipamentos.com.br\/conteudo\/wp-content\/uploads\/2024\/10\/nigroequipamentos_logo.webp","width":785,"height":355,"caption":"Nigro Equipamentos"},"image":{"@id":"https:\/\/nigroequipamentos.com.br\/conteudo\/#\/schema\/logo\/image\/"},"sameAs":["https:\/\/www.facebook.com\/nigroequipamentos","https:\/\/www.instagram.com\/nigroequipamentos\/"]}]}},"_links":{"self":[{"href":"https:\/\/nigroequipamentos.com.br\/conteudo\/wp-json\/wp\/v2\/pages\/64987","targetHints":{"allow":["GET"]}}],"collection":[{"href":"https:\/\/nigroequipamentos.com.br\/conteudo\/wp-json\/wp\/v2\/pages"}],"about":[{"href":"https:\/\/nigroequipamentos.com.br\/conteudo\/wp-json\/wp\/v2\/types\/page"}],"author":[{"embeddable":true,"href":"https:\/\/nigroequipamentos.com.br\/conteudo\/wp-json\/wp\/v2\/users\/3"}],"replies":[{"embeddable":true,"href":"https:\/\/nigroequipamentos.com.br\/conteudo\/wp-json\/wp\/v2\/comments?post=64987"}],"version-history":[{"count":0,"href":"https:\/\/nigroequipamentos.com.br\/conteudo\/wp-json\/wp\/v2\/pages\/64987\/revisions"}],"wp:attachment":[{"href":"https:\/\/nigroequipamentos.com.br\/conteudo\/wp-json\/wp\/v2\/media?parent=64987"}],"curies":[{"name":"wp","href":"https:\/\/api.w.org\/{rel}","templated":true}]}}