{"id":64055,"date":"2025-10-04T07:01:06","date_gmt":"2025-10-04T10:01:06","guid":{"rendered":"https:\/\/nigroequipamentos.com.br\/conteudo\/empilhadeira-retratil-paletrans-pr1790i-potencia-e-versatilidade\/"},"modified":"2025-10-04T07:01:06","modified_gmt":"2025-10-04T10:01:06","slug":"empilhadeira-retratil-paletrans-pr1790i-potencia-e-versatilidade","status":"publish","type":"page","link":"https:\/\/nigroequipamentos.com.br\/conteudo\/empilhadeira-retratil-paletrans-pr1790i-potencia-e-versatilidade\/","title":{"rendered":"Empilhadeira Retr\u00e1til Paletrans PR1790i: Pot\u00eancia e Versatilidade"},"content":{"rendered":"<p>A Empilhadeira Retr\u00e1til Paletrans PR1790i \u00e9 a escolha ideal para quem busca efici\u00eancia e agilidade na movimenta\u00e7\u00e3o de cargas. Com capacidade para operar em espa\u00e7os reduzidos, a Paletrans PR1790i se destaca por sua pot\u00eancia e precis\u00e3o, sendo a solu\u00e7\u00e3o perfeita para armaz\u00e9ns e centros de distribui\u00e7\u00e3o. Seus recursos avan\u00e7ados garantem n\u00e3o apenas a seguran\u00e7a no transporte, mas tamb\u00e9m a otimiza\u00e7\u00e3o do tempo de trabalho. A Nigro Equipamentos \u00e9 a melhor op\u00e7\u00e3o para adquirir, manter e locar a Empilhadeira Retr\u00e1til Paletrans PR1790i, proporcionando experi\u00eancia e confian\u00e7a ao longo de todo o processo.<\/p>\n","protected":false},"excerpt":{"rendered":"<p>A Empilhadeira Retr\u00e1til Paletrans PR1790i \u00e9 a escolha ideal para quem busca efici\u00eancia e agilidade na movimenta\u00e7\u00e3o de cargas. Com capacidade para operar em espa\u00e7os reduzidos, a Paletrans PR1790i se destaca por sua pot\u00eancia e precis\u00e3o, sendo a solu\u00e7\u00e3o perfeita para armaz\u00e9ns e centros de distribui\u00e7\u00e3o. Seus recursos avan\u00e7ados garantem n\u00e3o apenas a seguran\u00e7a no&hellip;&nbsp;<a href=\"https:\/\/nigroequipamentos.com.br\/conteudo\/empilhadeira-retratil-paletrans-pr1790i-potencia-e-versatilidade\/\" class=\"\" rel=\"bookmark\">Continue a ler &raquo;<span class=\"screen-reader-text\">Empilhadeira Retr\u00e1til Paletrans PR1790i: Pot\u00eancia e Versatilidade<\/span><\/a><\/p>\n","protected":false},"author":3,"featured_media":0,"parent":0,"menu_order":0,"comment_status":"closed","ping_status":"closed","template":"","meta":{"_acf_changed":false,"_yoast_wpseo_focuskw":"Empilhadeira Retr\u00e1til Paletrans PR1790i","_yoast_wpseo_title":"Empilhadeira Retr\u00e1til Paletrans PR1790i: Pot\u00eancia e Agilidade nas Suas M\u00e3os","_yoast_wpseo_metadesc":"Conhe\u00e7a a Empilhadeira Retr\u00e1til Paletrans PR1790i, a melhor solu\u00e7\u00e3o para armaz\u00e9ns. Compre, mantenha ou alugue com seguran\u00e7a e confian\u00e7a na Nigro Equipamentos.","neve_meta_sidebar":"","neve_meta_container":"","neve_meta_enable_content_width":"","neve_meta_content_width":0,"neve_meta_title_alignment":"","neve_meta_author_avatar":"","neve_post_elements_order":"","neve_meta_disable_header":"","neve_meta_disable_footer":"","neve_meta_disable_title":"","footnotes":""},"class_list":["post-64055","page","type-page","status-publish","hentry"],"acf":{"bloco1title":"Atendimento Personalizado","bloco1text":"Na Nigro, oferecemos um atendimento especializado para auxili\u00e1-lo na escolha da Empilhadeira Retr\u00e1til Paletrans PR1790i que melhor se adapta \u00e0s suas necessidades.","bloco2title":"Suporte Completo","bloco2text":"Contamos com um suporte t\u00e9cnico ap\u00f3s a compra da Empilhadeira Retr\u00e1til Paletrans PR1790i, garantindo seu pleno funcionamento.","bloco3title":"Efici\u00eancia Redobrada","bloco3text":"A Empilhadeira Retr\u00e1til Paletrans PR1790i otimiza o espa\u00e7o e aumenta a produtividade da sua opera\u00e7\u00e3o, tornando-a uma ferramenta essencial para seu neg\u00f3cio.","posttitle":"Tudo o que voc\u00ea precisa saber sobre a Empilhadeira Retr\u00e1til Paletrans PR1790i","postcontent":"A <strong>Empilhadeira Retr\u00e1til Paletrans PR1790i<\/strong> \u00e9 projetada para oferecer excelente desempenho em \u00e1reas de armazenamento apertadas. A tecnologia moderna incorporada nesta empilhadeira garante que voc\u00ea maximize o uso do espa\u00e7o vertical, permitindo a movimenta\u00e7\u00e3o de paletes de forma r\u00e1pida e eficiente. Este modelo \u00e9 ideal para armaz\u00e9ns que requerem agilidade e precis\u00e3o. Al\u00e9m disso, a Empilhadeira Retr\u00e1til Paletrans PR1790i possui recursos que garantem a seguran\u00e7a dos operadores, como estabilizadores e controle intuitivo. Com esses atributos, sua opera\u00e7\u00e3o se torna mais confi\u00e1vel e segura. Ao optar pela Nigro Equipamentos, voc\u00ea garante acesso a este equipamento de ponta, com possibilidade de loca\u00e7\u00e3o e manuten\u00e7\u00e3o, assegurando sua utiliza\u00e7\u00e3o eficaz e prolongada. Sem d\u00favida, a Nigro \u00e9 a melhor op\u00e7\u00e3o para Compra, manuten\u00e7\u00e3o e loca\u00e7\u00e3o da Empilhadeira Retr\u00e1til Paletrans PR1790i.","insightwidtitle":"Curiosidades sobre a PR1790i","insightwidcontent":"Voc\u00ea sabia que a Empilhadeira Retr\u00e1til Paletrans PR1790i \u00e9 capaz de levantar cargas que chegam at\u00e9 1.800 kg? Isso a torna uma das melhores op\u00e7\u00f5es para empresas que precisam movimentar produtos pesados em espa\u00e7os reduzidos. Sua designa\u00e7\u00e3o 'retr\u00e1til' se refere \u00e0 capacidade de seus garfos se retra\u00edrem, permitindo manobras em corredores estreitos."},"yoast_head":"<!-- This site is optimized with the Yoast SEO Premium plugin v18.3 (Yoast SEO v23.4) - https:\/\/yoast.com\/wordpress\/plugins\/seo\/ -->\n<title>Empilhadeira Retr\u00e1til Paletrans PR1790i: Pot\u00eancia e Agilidade nas Suas M\u00e3os<\/title>\n<meta name=\"description\" content=\"Conhe\u00e7a a Empilhadeira Retr\u00e1til Paletrans PR1790i, a melhor solu\u00e7\u00e3o para armaz\u00e9ns. Compre, mantenha ou alugue com seguran\u00e7a e confian\u00e7a na Nigro Equipamentos.\" \/>\n<meta name=\"robots\" content=\"index, follow, max-snippet:-1, max-image-preview:large, max-video-preview:-1\" \/>\n<link rel=\"canonical\" href=\"https:\/\/nigroequipamentos.com.br\/conteudo\/empilhadeira-retratil-paletrans-pr1790i-potencia-e-versatilidade\/\" \/>\n<meta property=\"og:locale\" content=\"pt_BR\" \/>\n<meta property=\"og:type\" content=\"article\" \/>\n<meta property=\"og:title\" content=\"Empilhadeira Retr\u00e1til Paletrans PR1790i: Pot\u00eancia e Versatilidade\" \/>\n<meta property=\"og:description\" content=\"Conhe\u00e7a a Empilhadeira Retr\u00e1til Paletrans PR1790i, a melhor solu\u00e7\u00e3o para armaz\u00e9ns. Compre, mantenha ou alugue com seguran\u00e7a e confian\u00e7a na Nigro Equipamentos.\" \/>\n<meta property=\"og:url\" content=\"https:\/\/nigroequipamentos.com.br\/conteudo\/empilhadeira-retratil-paletrans-pr1790i-potencia-e-versatilidade\/\" \/>\n<meta property=\"og:site_name\" content=\"Nigro Equipamentos\" \/>\n<meta property=\"article:publisher\" content=\"https:\/\/www.facebook.com\/nigroequipamentos\" \/>\n<meta name=\"twitter:card\" content=\"summary_large_image\" \/>\n<meta name=\"twitter:label1\" content=\"Est. tempo de leitura\" \/>\n\t<meta name=\"twitter:data1\" content=\"1 minuto\" \/>\n<script type=\"application\/ld+json\" class=\"yoast-schema-graph\">{\"@context\":\"https:\/\/schema.org\",\"@graph\":[{\"@type\":\"WebPage\",\"@id\":\"https:\/\/nigroequipamentos.com.br\/conteudo\/empilhadeira-retratil-paletrans-pr1790i-potencia-e-versatilidade\/\",\"url\":\"https:\/\/nigroequipamentos.com.br\/conteudo\/empilhadeira-retratil-paletrans-pr1790i-potencia-e-versatilidade\/\",\"name\":\"Empilhadeira Retr\u00e1til Paletrans PR1790i: Pot\u00eancia e Agilidade nas Suas M\u00e3os\",\"isPartOf\":{\"@id\":\"https:\/\/nigroequipamentos.com.br\/conteudo\/#website\"},\"datePublished\":\"2025-10-04T10:01:06+00:00\",\"dateModified\":\"2025-10-04T10:01:06+00:00\",\"description\":\"Conhe\u00e7a a Empilhadeira Retr\u00e1til Paletrans PR1790i, a melhor solu\u00e7\u00e3o para armaz\u00e9ns. Compre, mantenha ou alugue com seguran\u00e7a e confian\u00e7a na Nigro Equipamentos.\",\"breadcrumb\":{\"@id\":\"https:\/\/nigroequipamentos.com.br\/conteudo\/empilhadeira-retratil-paletrans-pr1790i-potencia-e-versatilidade\/#breadcrumb\"},\"inLanguage\":\"pt-BR\",\"potentialAction\":[{\"@type\":\"ReadAction\",\"target\":[\"https:\/\/nigroequipamentos.com.br\/conteudo\/empilhadeira-retratil-paletrans-pr1790i-potencia-e-versatilidade\/\"]}]},{\"@type\":\"BreadcrumbList\",\"@id\":\"https:\/\/nigroequipamentos.com.br\/conteudo\/empilhadeira-retratil-paletrans-pr1790i-potencia-e-versatilidade\/#breadcrumb\",\"itemListElement\":[{\"@type\":\"ListItem\",\"position\":1,\"name\":\"In\u00edcio\",\"item\":\"https:\/\/nigroequipamentos.com.br\/conteudo\/\"},{\"@type\":\"ListItem\",\"position\":2,\"name\":\"Empilhadeira Retr\u00e1til Paletrans PR1790i: Pot\u00eancia e Versatilidade\"}]},{\"@type\":\"WebSite\",\"@id\":\"https:\/\/nigroequipamentos.com.br\/conteudo\/#website\",\"url\":\"https:\/\/nigroequipamentos.com.br\/conteudo\/\",\"name\":\"Nigro Equipamentos\",\"description\":\"Loca\u00e7\u00e3o e Vendas\",\"publisher\":{\"@id\":\"https:\/\/nigroequipamentos.com.br\/conteudo\/#organization\"},\"potentialAction\":[{\"@type\":\"SearchAction\",\"target\":{\"@type\":\"EntryPoint\",\"urlTemplate\":\"https:\/\/nigroequipamentos.com.br\/conteudo\/?s={search_term_string}\"},\"query-input\":{\"@type\":\"PropertyValueSpecification\",\"valueRequired\":true,\"valueName\":\"search_term_string\"}}],\"inLanguage\":\"pt-BR\"},{\"@type\":\"Organization\",\"@id\":\"https:\/\/nigroequipamentos.com.br\/conteudo\/#organization\",\"name\":\"Nigro Equipamentos\",\"url\":\"https:\/\/nigroequipamentos.com.br\/conteudo\/\",\"logo\":{\"@type\":\"ImageObject\",\"inLanguage\":\"pt-BR\",\"@id\":\"https:\/\/nigroequipamentos.com.br\/conteudo\/#\/schema\/logo\/image\/\",\"url\":\"https:\/\/nigroequipamentos.com.br\/conteudo\/wp-content\/uploads\/2024\/10\/nigroequipamentos_logo.webp\",\"contentUrl\":\"https:\/\/nigroequipamentos.com.br\/conteudo\/wp-content\/uploads\/2024\/10\/nigroequipamentos_logo.webp\",\"width\":785,\"height\":355,\"caption\":\"Nigro Equipamentos\"},\"image\":{\"@id\":\"https:\/\/nigroequipamentos.com.br\/conteudo\/#\/schema\/logo\/image\/\"},\"sameAs\":[\"https:\/\/www.facebook.com\/nigroequipamentos\",\"https:\/\/www.instagram.com\/nigroequipamentos\/\"]}]}<\/script>\n<!-- \/ Yoast SEO Premium plugin. -->","yoast_head_json":{"title":"Empilhadeira Retr\u00e1til Paletrans PR1790i: Pot\u00eancia e Agilidade nas Suas M\u00e3os","description":"Conhe\u00e7a a Empilhadeira Retr\u00e1til Paletrans PR1790i, a melhor solu\u00e7\u00e3o para armaz\u00e9ns. Compre, mantenha ou alugue com seguran\u00e7a e confian\u00e7a na Nigro Equipamentos.","robots":{"index":"index","follow":"follow","max-snippet":"max-snippet:-1","max-image-preview":"max-image-preview:large","max-video-preview":"max-video-preview:-1"},"canonical":"https:\/\/nigroequipamentos.com.br\/conteudo\/empilhadeira-retratil-paletrans-pr1790i-potencia-e-versatilidade\/","og_locale":"pt_BR","og_type":"article","og_title":"Empilhadeira Retr\u00e1til Paletrans PR1790i: Pot\u00eancia e Versatilidade","og_description":"Conhe\u00e7a a Empilhadeira Retr\u00e1til Paletrans PR1790i, a melhor solu\u00e7\u00e3o para armaz\u00e9ns. Compre, mantenha ou alugue com seguran\u00e7a e confian\u00e7a na Nigro Equipamentos.","og_url":"https:\/\/nigroequipamentos.com.br\/conteudo\/empilhadeira-retratil-paletrans-pr1790i-potencia-e-versatilidade\/","og_site_name":"Nigro Equipamentos","article_publisher":"https:\/\/www.facebook.com\/nigroequipamentos","twitter_card":"summary_large_image","twitter_misc":{"Est. tempo de leitura":"1 minuto"},"schema":{"@context":"https:\/\/schema.org","@graph":[{"@type":"WebPage","@id":"https:\/\/nigroequipamentos.com.br\/conteudo\/empilhadeira-retratil-paletrans-pr1790i-potencia-e-versatilidade\/","url":"https:\/\/nigroequipamentos.com.br\/conteudo\/empilhadeira-retratil-paletrans-pr1790i-potencia-e-versatilidade\/","name":"Empilhadeira Retr\u00e1til Paletrans PR1790i: Pot\u00eancia e Agilidade nas Suas M\u00e3os","isPartOf":{"@id":"https:\/\/nigroequipamentos.com.br\/conteudo\/#website"},"datePublished":"2025-10-04T10:01:06+00:00","dateModified":"2025-10-04T10:01:06+00:00","description":"Conhe\u00e7a a Empilhadeira Retr\u00e1til Paletrans PR1790i, a melhor solu\u00e7\u00e3o para armaz\u00e9ns. Compre, mantenha ou alugue com seguran\u00e7a e confian\u00e7a na Nigro Equipamentos.","breadcrumb":{"@id":"https:\/\/nigroequipamentos.com.br\/conteudo\/empilhadeira-retratil-paletrans-pr1790i-potencia-e-versatilidade\/#breadcrumb"},"inLanguage":"pt-BR","potentialAction":[{"@type":"ReadAction","target":["https:\/\/nigroequipamentos.com.br\/conteudo\/empilhadeira-retratil-paletrans-pr1790i-potencia-e-versatilidade\/"]}]},{"@type":"BreadcrumbList","@id":"https:\/\/nigroequipamentos.com.br\/conteudo\/empilhadeira-retratil-paletrans-pr1790i-potencia-e-versatilidade\/#breadcrumb","itemListElement":[{"@type":"ListItem","position":1,"name":"In\u00edcio","item":"https:\/\/nigroequipamentos.com.br\/conteudo\/"},{"@type":"ListItem","position":2,"name":"Empilhadeira Retr\u00e1til Paletrans PR1790i: Pot\u00eancia e Versatilidade"}]},{"@type":"WebSite","@id":"https:\/\/nigroequipamentos.com.br\/conteudo\/#website","url":"https:\/\/nigroequipamentos.com.br\/conteudo\/","name":"Nigro Equipamentos","description":"Loca\u00e7\u00e3o e Vendas","publisher":{"@id":"https:\/\/nigroequipamentos.com.br\/conteudo\/#organization"},"potentialAction":[{"@type":"SearchAction","target":{"@type":"EntryPoint","urlTemplate":"https:\/\/nigroequipamentos.com.br\/conteudo\/?s={search_term_string}"},"query-input":{"@type":"PropertyValueSpecification","valueRequired":true,"valueName":"search_term_string"}}],"inLanguage":"pt-BR"},{"@type":"Organization","@id":"https:\/\/nigroequipamentos.com.br\/conteudo\/#organization","name":"Nigro Equipamentos","url":"https:\/\/nigroequipamentos.com.br\/conteudo\/","logo":{"@type":"ImageObject","inLanguage":"pt-BR","@id":"https:\/\/nigroequipamentos.com.br\/conteudo\/#\/schema\/logo\/image\/","url":"https:\/\/nigroequipamentos.com.br\/conteudo\/wp-content\/uploads\/2024\/10\/nigroequipamentos_logo.webp","contentUrl":"https:\/\/nigroequipamentos.com.br\/conteudo\/wp-content\/uploads\/2024\/10\/nigroequipamentos_logo.webp","width":785,"height":355,"caption":"Nigro Equipamentos"},"image":{"@id":"https:\/\/nigroequipamentos.com.br\/conteudo\/#\/schema\/logo\/image\/"},"sameAs":["https:\/\/www.facebook.com\/nigroequipamentos","https:\/\/www.instagram.com\/nigroequipamentos\/"]}]}},"_links":{"self":[{"href":"https:\/\/nigroequipamentos.com.br\/conteudo\/wp-json\/wp\/v2\/pages\/64055","targetHints":{"allow":["GET"]}}],"collection":[{"href":"https:\/\/nigroequipamentos.com.br\/conteudo\/wp-json\/wp\/v2\/pages"}],"about":[{"href":"https:\/\/nigroequipamentos.com.br\/conteudo\/wp-json\/wp\/v2\/types\/page"}],"author":[{"embeddable":true,"href":"https:\/\/nigroequipamentos.com.br\/conteudo\/wp-json\/wp\/v2\/users\/3"}],"replies":[{"embeddable":true,"href":"https:\/\/nigroequipamentos.com.br\/conteudo\/wp-json\/wp\/v2\/comments?post=64055"}],"version-history":[{"count":0,"href":"https:\/\/nigroequipamentos.com.br\/conteudo\/wp-json\/wp\/v2\/pages\/64055\/revisions"}],"wp:attachment":[{"href":"https:\/\/nigroequipamentos.com.br\/conteudo\/wp-json\/wp\/v2\/media?parent=64055"}],"curies":[{"name":"wp","href":"https:\/\/api.w.org\/{rel}","templated":true}]}}