{"id":63396,"date":"2025-10-01T05:01:07","date_gmt":"2025-10-01T08:01:07","guid":{"rendered":"https:\/\/nigroequipamentos.com.br\/conteudo\/treinamento-em-empilhadeira-paletrans-a-chave-para-a-seguranca-e-eficiencia-7\/"},"modified":"2025-10-01T05:01:07","modified_gmt":"2025-10-01T08:01:07","slug":"treinamento-em-empilhadeira-paletrans-a-chave-para-a-seguranca-e-eficiencia-7","status":"publish","type":"page","link":"https:\/\/nigroequipamentos.com.br\/conteudo\/treinamento-em-empilhadeira-paletrans-a-chave-para-a-seguranca-e-eficiencia-7\/","title":{"rendered":"Treinamento em Empilhadeira Paletrans: A Chave para a Seguran\u00e7a e Efici\u00eancia"},"content":{"rendered":"<p>O treinamento em Empilhadeira Paletrans \u00e9 essencial para garantir n\u00e3o apenas a seguran\u00e7a dos operadores, mas tamb\u00e9m a efici\u00eancia das opera\u00e7\u00f5es log\u00edsticas. Investir nesse tipo de treinamento minimiza riscos e maximiza a produtividade, com o uso correto das empilhadeiras Paletrans. A Nigro Equipamentos oferece a melhor orienta\u00e7\u00e3o e infraestrutura para garantir que seu time se torne especializado no manuseio dessas m\u00e1quinas. Formadores experientes transmitem conhecimento pr\u00e1tico e te\u00f3rico, assegurando que todos os operadores estejam prontos para enfrentar desafios no dia-a-dia. Ao escolher a Nigro para o treinamento em Empilhadeira Paletrans, voc\u00ea est\u00e1 optando por qualidade, confiabilidade e um retorno seguro sobre seu investimento.<\/p>\n","protected":false},"excerpt":{"rendered":"<p>O treinamento em Empilhadeira Paletrans \u00e9 essencial para garantir n\u00e3o apenas a seguran\u00e7a dos operadores, mas tamb\u00e9m a efici\u00eancia das opera\u00e7\u00f5es log\u00edsticas. Investir nesse tipo de treinamento minimiza riscos e maximiza a produtividade, com o uso correto das empilhadeiras Paletrans. A Nigro Equipamentos oferece a melhor orienta\u00e7\u00e3o e infraestrutura para garantir que seu time se&hellip;&nbsp;<a href=\"https:\/\/nigroequipamentos.com.br\/conteudo\/treinamento-em-empilhadeira-paletrans-a-chave-para-a-seguranca-e-eficiencia-7\/\" class=\"\" rel=\"bookmark\">Continue a ler &raquo;<span class=\"screen-reader-text\">Treinamento em Empilhadeira Paletrans: A Chave para a Seguran\u00e7a e Efici\u00eancia<\/span><\/a><\/p>\n","protected":false},"author":3,"featured_media":0,"parent":0,"menu_order":0,"comment_status":"closed","ping_status":"closed","template":"","meta":{"_acf_changed":false,"_yoast_wpseo_focuskw":"Empilhadeira Paletrans treinamento","_yoast_wpseo_title":"Treinamento em Empilhadeira Paletrans: Seguran\u00e7a e Efici\u00eancia com a Nigro","_yoast_wpseo_metadesc":"Aprenda sobre a import\u00e2ncia do treinamento em Empilhadeira Paletrans e como isso impacta sua opera\u00e7\u00e3o. A Nigro Equipamentos \u00e9 a melhor op\u00e7\u00e3o para compra e loca\u00e7\u00e3o.","neve_meta_sidebar":"","neve_meta_container":"","neve_meta_enable_content_width":"","neve_meta_content_width":0,"neve_meta_title_alignment":"","neve_meta_author_avatar":"","neve_post_elements_order":"","neve_meta_disable_header":"","neve_meta_disable_footer":"","neve_meta_disable_title":"","footnotes":""},"class_list":["post-63396","page","type-page","status-publish","hentry"],"acf":{"bloco1title":"Expertise em Treinamento","bloco1text":"Na Nigro, contamos com profissionais qualificados e com ampla experi\u00eancia em treinamento de Empilhadeira Paletrans.","bloco2title":"Forma\u00e7\u00e3o Pr\u00e1tica","bloco2text":"Promovemos treinamentos pr\u00e1ticos para garantir que os operadores se sintam seguros na opera\u00e7\u00e3o das empilhadeiras Paletrans.","bloco3title":"Seguran\u00e7a em Primeiro Lugar","bloco3text":"Um operador bem treinado em Empilhadeira Paletrans contribui significativamente para a seguran\u00e7a do ambiente de trabalho e para a longevidade das m\u00e1quinas.","posttitle":"A Import\u00e2ncia do Treinamento em Empilhadeira Paletrans para sua Ind\u00fastria","postcontent":"<strong>Entenda o que \u00e9 o treinamento em Empilhadeira Paletrans<\/strong>. Esse treinamento \u00e9 crucial para o manuseio eficiente e seguro de empilhadeiras. Fabrica\u00e7\u00e3o de equipamentos de manuseio, como as empilhadeiras Paletrans, exige operadores bem treinados que entendam todas as nuances da opera\u00e7\u00e3o. Isso n\u00e3o s\u00f3 reduz o risco de acidentes, mas tamb\u00e9m melhora a produtividade da unidade. Para tornar a experi\u00eancia pr\u00e1tica e ben\u00e9fica, a Nigro Equipamentos oferece cursos de forma\u00e7\u00e3o que abordam desde a teoria at\u00e9 a pr\u00e1tica de uso correto da empilhadeira Paletrans. <\/br> <strong>O que voc\u00ea ganha com o treinamento? <\/strong>. Um operador bem treinado em Empilhadeira Paletrans est\u00e1 apto a operar com seguran\u00e7a, o que se traduz em um retorno financeiro em menos acidentes e danos aos produtos. Na Nigro, proporcionamos conhecimento te\u00f3rico aliado \u00e0 experi\u00eancia pr\u00e1tica, oferecendo uma forma\u00e7\u00e3o completa. <\/br> <strong>O cuidado p\u00f3s-treinamento<\/strong>. Ap\u00f3s a conclus\u00e3o, \u00e9 fundamental continuar com o acompanhamento na opera\u00e7\u00e3o das empilhadeiras Paletrans. Com a Nigro, voc\u00ea n\u00e3o s\u00f3 compra ou aluga a m\u00e1quina como tamb\u00e9m garante o suporte necess\u00e1rio. Treinamento em Empilhadeira Paletrans \u00e9 um investimento obrigat\u00f3rio para impedir problemas e maximizar a efici\u00eancia.","insightwidtitle":"Curiosidades sobre Empilhadeiras","insightwidcontent":"Sabia que o primeiro modelo de empilhadeira foi criado em 1920? Desde ent\u00e3o, as m\u00e1quinas evolu\u00edram muito, com modelos como a empilhadeira Paletrans se destacando pela efici\u00eancia e seguran\u00e7a. Al\u00e9m do mais, operadores treinados podem aumentar a vida \u00fatil dessas m\u00e1quinas em at\u00e9 30%!"},"yoast_head":"<!-- This site is optimized with the Yoast SEO Premium plugin v18.3 (Yoast SEO v23.4) - https:\/\/yoast.com\/wordpress\/plugins\/seo\/ -->\n<title>Treinamento em Empilhadeira Paletrans: Seguran\u00e7a e Efici\u00eancia com a Nigro<\/title>\n<meta name=\"description\" content=\"Aprenda sobre a import\u00e2ncia do treinamento em Empilhadeira Paletrans e como isso impacta sua opera\u00e7\u00e3o. A Nigro Equipamentos \u00e9 a melhor op\u00e7\u00e3o para compra e loca\u00e7\u00e3o.\" \/>\n<meta name=\"robots\" content=\"index, follow, max-snippet:-1, max-image-preview:large, max-video-preview:-1\" \/>\n<link rel=\"canonical\" href=\"https:\/\/nigroequipamentos.com.br\/conteudo\/treinamento-em-empilhadeira-paletrans-a-chave-para-a-seguranca-e-eficiencia-7\/\" \/>\n<meta property=\"og:locale\" content=\"pt_BR\" \/>\n<meta property=\"og:type\" content=\"article\" \/>\n<meta property=\"og:title\" content=\"Treinamento em Empilhadeira Paletrans: A Chave para a Seguran\u00e7a e Efici\u00eancia\" \/>\n<meta property=\"og:description\" content=\"Aprenda sobre a import\u00e2ncia do treinamento em Empilhadeira Paletrans e como isso impacta sua opera\u00e7\u00e3o. A Nigro Equipamentos \u00e9 a melhor op\u00e7\u00e3o para compra e loca\u00e7\u00e3o.\" \/>\n<meta property=\"og:url\" content=\"https:\/\/nigroequipamentos.com.br\/conteudo\/treinamento-em-empilhadeira-paletrans-a-chave-para-a-seguranca-e-eficiencia-7\/\" \/>\n<meta property=\"og:site_name\" content=\"Nigro Equipamentos\" \/>\n<meta property=\"article:publisher\" content=\"https:\/\/www.facebook.com\/nigroequipamentos\" \/>\n<meta name=\"twitter:card\" content=\"summary_large_image\" \/>\n<meta name=\"twitter:label1\" content=\"Est. tempo de leitura\" \/>\n\t<meta name=\"twitter:data1\" content=\"1 minuto\" \/>\n<script type=\"application\/ld+json\" class=\"yoast-schema-graph\">{\"@context\":\"https:\/\/schema.org\",\"@graph\":[{\"@type\":\"WebPage\",\"@id\":\"https:\/\/nigroequipamentos.com.br\/conteudo\/treinamento-em-empilhadeira-paletrans-a-chave-para-a-seguranca-e-eficiencia-7\/\",\"url\":\"https:\/\/nigroequipamentos.com.br\/conteudo\/treinamento-em-empilhadeira-paletrans-a-chave-para-a-seguranca-e-eficiencia-7\/\",\"name\":\"Treinamento em Empilhadeira Paletrans: Seguran\u00e7a e Efici\u00eancia com a Nigro\",\"isPartOf\":{\"@id\":\"https:\/\/nigroequipamentos.com.br\/conteudo\/#website\"},\"datePublished\":\"2025-10-01T08:01:07+00:00\",\"dateModified\":\"2025-10-01T08:01:07+00:00\",\"description\":\"Aprenda sobre a import\u00e2ncia do treinamento em Empilhadeira Paletrans e como isso impacta sua opera\u00e7\u00e3o. A Nigro Equipamentos \u00e9 a melhor op\u00e7\u00e3o para compra e loca\u00e7\u00e3o.\",\"breadcrumb\":{\"@id\":\"https:\/\/nigroequipamentos.com.br\/conteudo\/treinamento-em-empilhadeira-paletrans-a-chave-para-a-seguranca-e-eficiencia-7\/#breadcrumb\"},\"inLanguage\":\"pt-BR\",\"potentialAction\":[{\"@type\":\"ReadAction\",\"target\":[\"https:\/\/nigroequipamentos.com.br\/conteudo\/treinamento-em-empilhadeira-paletrans-a-chave-para-a-seguranca-e-eficiencia-7\/\"]}]},{\"@type\":\"BreadcrumbList\",\"@id\":\"https:\/\/nigroequipamentos.com.br\/conteudo\/treinamento-em-empilhadeira-paletrans-a-chave-para-a-seguranca-e-eficiencia-7\/#breadcrumb\",\"itemListElement\":[{\"@type\":\"ListItem\",\"position\":1,\"name\":\"In\u00edcio\",\"item\":\"https:\/\/nigroequipamentos.com.br\/conteudo\/\"},{\"@type\":\"ListItem\",\"position\":2,\"name\":\"Treinamento em Empilhadeira Paletrans: A Chave para a Seguran\u00e7a e Efici\u00eancia\"}]},{\"@type\":\"WebSite\",\"@id\":\"https:\/\/nigroequipamentos.com.br\/conteudo\/#website\",\"url\":\"https:\/\/nigroequipamentos.com.br\/conteudo\/\",\"name\":\"Nigro Equipamentos\",\"description\":\"Loca\u00e7\u00e3o e Vendas\",\"publisher\":{\"@id\":\"https:\/\/nigroequipamentos.com.br\/conteudo\/#organization\"},\"potentialAction\":[{\"@type\":\"SearchAction\",\"target\":{\"@type\":\"EntryPoint\",\"urlTemplate\":\"https:\/\/nigroequipamentos.com.br\/conteudo\/?s={search_term_string}\"},\"query-input\":{\"@type\":\"PropertyValueSpecification\",\"valueRequired\":true,\"valueName\":\"search_term_string\"}}],\"inLanguage\":\"pt-BR\"},{\"@type\":\"Organization\",\"@id\":\"https:\/\/nigroequipamentos.com.br\/conteudo\/#organization\",\"name\":\"Nigro Equipamentos\",\"url\":\"https:\/\/nigroequipamentos.com.br\/conteudo\/\",\"logo\":{\"@type\":\"ImageObject\",\"inLanguage\":\"pt-BR\",\"@id\":\"https:\/\/nigroequipamentos.com.br\/conteudo\/#\/schema\/logo\/image\/\",\"url\":\"https:\/\/nigroequipamentos.com.br\/conteudo\/wp-content\/uploads\/2024\/10\/nigroequipamentos_logo.webp\",\"contentUrl\":\"https:\/\/nigroequipamentos.com.br\/conteudo\/wp-content\/uploads\/2024\/10\/nigroequipamentos_logo.webp\",\"width\":785,\"height\":355,\"caption\":\"Nigro Equipamentos\"},\"image\":{\"@id\":\"https:\/\/nigroequipamentos.com.br\/conteudo\/#\/schema\/logo\/image\/\"},\"sameAs\":[\"https:\/\/www.facebook.com\/nigroequipamentos\",\"https:\/\/www.instagram.com\/nigroequipamentos\/\"]}]}<\/script>\n<!-- \/ Yoast SEO Premium plugin. -->","yoast_head_json":{"title":"Treinamento em Empilhadeira Paletrans: Seguran\u00e7a e Efici\u00eancia com a Nigro","description":"Aprenda sobre a import\u00e2ncia do treinamento em Empilhadeira Paletrans e como isso impacta sua opera\u00e7\u00e3o. A Nigro Equipamentos \u00e9 a melhor op\u00e7\u00e3o para compra e loca\u00e7\u00e3o.","robots":{"index":"index","follow":"follow","max-snippet":"max-snippet:-1","max-image-preview":"max-image-preview:large","max-video-preview":"max-video-preview:-1"},"canonical":"https:\/\/nigroequipamentos.com.br\/conteudo\/treinamento-em-empilhadeira-paletrans-a-chave-para-a-seguranca-e-eficiencia-7\/","og_locale":"pt_BR","og_type":"article","og_title":"Treinamento em Empilhadeira Paletrans: A Chave para a Seguran\u00e7a e Efici\u00eancia","og_description":"Aprenda sobre a import\u00e2ncia do treinamento em Empilhadeira Paletrans e como isso impacta sua opera\u00e7\u00e3o. A Nigro Equipamentos \u00e9 a melhor op\u00e7\u00e3o para compra e loca\u00e7\u00e3o.","og_url":"https:\/\/nigroequipamentos.com.br\/conteudo\/treinamento-em-empilhadeira-paletrans-a-chave-para-a-seguranca-e-eficiencia-7\/","og_site_name":"Nigro Equipamentos","article_publisher":"https:\/\/www.facebook.com\/nigroequipamentos","twitter_card":"summary_large_image","twitter_misc":{"Est. tempo de leitura":"1 minuto"},"schema":{"@context":"https:\/\/schema.org","@graph":[{"@type":"WebPage","@id":"https:\/\/nigroequipamentos.com.br\/conteudo\/treinamento-em-empilhadeira-paletrans-a-chave-para-a-seguranca-e-eficiencia-7\/","url":"https:\/\/nigroequipamentos.com.br\/conteudo\/treinamento-em-empilhadeira-paletrans-a-chave-para-a-seguranca-e-eficiencia-7\/","name":"Treinamento em Empilhadeira Paletrans: Seguran\u00e7a e Efici\u00eancia com a Nigro","isPartOf":{"@id":"https:\/\/nigroequipamentos.com.br\/conteudo\/#website"},"datePublished":"2025-10-01T08:01:07+00:00","dateModified":"2025-10-01T08:01:07+00:00","description":"Aprenda sobre a import\u00e2ncia do treinamento em Empilhadeira Paletrans e como isso impacta sua opera\u00e7\u00e3o. A Nigro Equipamentos \u00e9 a melhor op\u00e7\u00e3o para compra e loca\u00e7\u00e3o.","breadcrumb":{"@id":"https:\/\/nigroequipamentos.com.br\/conteudo\/treinamento-em-empilhadeira-paletrans-a-chave-para-a-seguranca-e-eficiencia-7\/#breadcrumb"},"inLanguage":"pt-BR","potentialAction":[{"@type":"ReadAction","target":["https:\/\/nigroequipamentos.com.br\/conteudo\/treinamento-em-empilhadeira-paletrans-a-chave-para-a-seguranca-e-eficiencia-7\/"]}]},{"@type":"BreadcrumbList","@id":"https:\/\/nigroequipamentos.com.br\/conteudo\/treinamento-em-empilhadeira-paletrans-a-chave-para-a-seguranca-e-eficiencia-7\/#breadcrumb","itemListElement":[{"@type":"ListItem","position":1,"name":"In\u00edcio","item":"https:\/\/nigroequipamentos.com.br\/conteudo\/"},{"@type":"ListItem","position":2,"name":"Treinamento em Empilhadeira Paletrans: A Chave para a Seguran\u00e7a e Efici\u00eancia"}]},{"@type":"WebSite","@id":"https:\/\/nigroequipamentos.com.br\/conteudo\/#website","url":"https:\/\/nigroequipamentos.com.br\/conteudo\/","name":"Nigro Equipamentos","description":"Loca\u00e7\u00e3o e Vendas","publisher":{"@id":"https:\/\/nigroequipamentos.com.br\/conteudo\/#organization"},"potentialAction":[{"@type":"SearchAction","target":{"@type":"EntryPoint","urlTemplate":"https:\/\/nigroequipamentos.com.br\/conteudo\/?s={search_term_string}"},"query-input":{"@type":"PropertyValueSpecification","valueRequired":true,"valueName":"search_term_string"}}],"inLanguage":"pt-BR"},{"@type":"Organization","@id":"https:\/\/nigroequipamentos.com.br\/conteudo\/#organization","name":"Nigro Equipamentos","url":"https:\/\/nigroequipamentos.com.br\/conteudo\/","logo":{"@type":"ImageObject","inLanguage":"pt-BR","@id":"https:\/\/nigroequipamentos.com.br\/conteudo\/#\/schema\/logo\/image\/","url":"https:\/\/nigroequipamentos.com.br\/conteudo\/wp-content\/uploads\/2024\/10\/nigroequipamentos_logo.webp","contentUrl":"https:\/\/nigroequipamentos.com.br\/conteudo\/wp-content\/uploads\/2024\/10\/nigroequipamentos_logo.webp","width":785,"height":355,"caption":"Nigro Equipamentos"},"image":{"@id":"https:\/\/nigroequipamentos.com.br\/conteudo\/#\/schema\/logo\/image\/"},"sameAs":["https:\/\/www.facebook.com\/nigroequipamentos","https:\/\/www.instagram.com\/nigroequipamentos\/"]}]}},"_links":{"self":[{"href":"https:\/\/nigroequipamentos.com.br\/conteudo\/wp-json\/wp\/v2\/pages\/63396","targetHints":{"allow":["GET"]}}],"collection":[{"href":"https:\/\/nigroequipamentos.com.br\/conteudo\/wp-json\/wp\/v2\/pages"}],"about":[{"href":"https:\/\/nigroequipamentos.com.br\/conteudo\/wp-json\/wp\/v2\/types\/page"}],"author":[{"embeddable":true,"href":"https:\/\/nigroequipamentos.com.br\/conteudo\/wp-json\/wp\/v2\/users\/3"}],"replies":[{"embeddable":true,"href":"https:\/\/nigroequipamentos.com.br\/conteudo\/wp-json\/wp\/v2\/comments?post=63396"}],"version-history":[{"count":0,"href":"https:\/\/nigroequipamentos.com.br\/conteudo\/wp-json\/wp\/v2\/pages\/63396\/revisions"}],"wp:attachment":[{"href":"https:\/\/nigroequipamentos.com.br\/conteudo\/wp-json\/wp\/v2\/media?parent=63396"}],"curies":[{"name":"wp","href":"https:\/\/api.w.org\/{rel}","templated":true}]}}