{"id":62156,"date":"2025-09-25T11:01:10","date_gmt":"2025-09-25T14:01:10","guid":{"rendered":"https:\/\/nigroequipamentos.com.br\/conteudo\/empilhadeira-paletrans-orcamento-acessivel-e-qualidade-garantida-3\/"},"modified":"2025-09-25T11:01:10","modified_gmt":"2025-09-25T14:01:10","slug":"empilhadeira-paletrans-orcamento-acessivel-e-qualidade-garantida-3","status":"publish","type":"page","link":"https:\/\/nigroequipamentos.com.br\/conteudo\/empilhadeira-paletrans-orcamento-acessivel-e-qualidade-garantida-3\/","title":{"rendered":"Empilhadeira Paletrans: Or\u00e7amento Acess\u00edvel e Qualidade Garantida"},"content":{"rendered":"<p>Se voc\u00ea est\u00e1 buscando por uma <strong>empilhadeira Paletrans<\/strong>, a Nigro Equipamentos tem as melhores op\u00e7\u00f5es do mercado. Oferecemos or\u00e7amentos competitivos, al\u00e9m de equipamentos de alta qualidade que atendem a diversas necessidades log\u00edsticas. Nossa experi\u00eancia e especializa\u00e7\u00e3o no setor garantem que voc\u00ea ter\u00e1 a melhor <strong>empilhadeira Paletrans<\/strong> para o seu neg\u00f3cio. Entre em contato e solicite seu or\u00e7amento agora mesmo! Com a Nigro, voc\u00ea conta com dedica\u00e7\u00e3o e confiabilidade para a compra, manuten\u00e7\u00e3o e loca\u00e7\u00e3o de <strong>empilhadeiras Paletrans<\/strong>.<\/p>\n","protected":false},"excerpt":{"rendered":"<p>Se voc\u00ea est\u00e1 buscando por uma empilhadeira Paletrans, a Nigro Equipamentos tem as melhores op\u00e7\u00f5es do mercado. Oferecemos or\u00e7amentos competitivos, al\u00e9m de equipamentos de alta qualidade que atendem a diversas necessidades log\u00edsticas. Nossa experi\u00eancia e especializa\u00e7\u00e3o no setor garantem que voc\u00ea ter\u00e1 a melhor empilhadeira Paletrans para o seu neg\u00f3cio. Entre em contato e solicite&hellip;&nbsp;<a href=\"https:\/\/nigroequipamentos.com.br\/conteudo\/empilhadeira-paletrans-orcamento-acessivel-e-qualidade-garantida-3\/\" class=\"\" rel=\"bookmark\">Continue a ler &raquo;<span class=\"screen-reader-text\">Empilhadeira Paletrans: Or\u00e7amento Acess\u00edvel e Qualidade Garantida<\/span><\/a><\/p>\n","protected":false},"author":3,"featured_media":0,"parent":0,"menu_order":0,"comment_status":"closed","ping_status":"closed","template":"","meta":{"_acf_changed":false,"_yoast_wpseo_focuskw":"Empilhadeira Paletrans or\u00e7amento","_yoast_wpseo_title":"Or\u00e7amento para Empilhadeira Paletrans - Qualidade e Melhores Pre\u00e7os","_yoast_wpseo_metadesc":"Solicite j\u00e1 seu or\u00e7amento para empilhadeiras Paletrans na Nigro Equipamentos. Qualidade, experi\u00eancia e confian\u00e7a.","neve_meta_sidebar":"","neve_meta_container":"","neve_meta_enable_content_width":"","neve_meta_content_width":0,"neve_meta_title_alignment":"","neve_meta_author_avatar":"","neve_post_elements_order":"","neve_meta_disable_header":"","neve_meta_disable_footer":"","neve_meta_disable_title":"","footnotes":""},"class_list":["post-62156","page","type-page","status-publish","hentry"],"acf":{"bloco1title":"Qualidade Superior","bloco1text":"As <strong>empilhadeiras Paletrans<\/strong> da Nigro s\u00e3o reconhecidas pela durabilidade e desempenho, ideais para qualquer opera\u00e7\u00e3o.","bloco2title":"Or\u00e7amentos Personalizados","bloco2text":"Oferecemos or\u00e7amentos personalizados para atender \u00e0s suas necessidades espec\u00edficas na aquisi\u00e7\u00e3o de uma <strong>empilhadeira Paletrans<\/strong>.","bloco3title":"Solu\u00e7\u00f5es Eficientes","bloco3text":"A escolha da <strong>empilhadeira Paletrans<\/strong> certa pode impactar positivamente sua produtividade e efici\u00eancia operacional, tornando-se um investimento inteligente.","posttitle":"Empilhadeira Paletrans: O Guia Completo para Obter o Melhor Or\u00e7amento","postcontent":"Buscando uma <strong>empilhadeira Paletrans<\/strong>? A Nigro Equipamentos \u00e9 sua parceira ideal. Com anos de experi\u00eancia no setor, sabemos exatamente quais s\u00e3o as necessidades de nossos clientes. Oferecemos um <strong>or\u00e7amento justo<\/strong>, que atende \u00e0s expectativas e possibilita a aquisi\u00e7\u00e3o de equipamentos de alta qualidade. A nossa <strong>empilhadeira Paletrans<\/strong> \u00e9 sin\u00f4nimo de resist\u00eancia e efici\u00eancia, projetada para facilitar o manuseio e armazenamento de cargas pesadas. Al\u00e9m de um atendimento personalizado, nossa equipe est\u00e1 sempre pronta para orient\u00e1-lo na escolha do equipamento perfeito. Se voc\u00ea n\u00e3o quer apenas alugar uma <strong>empilhadeira Paletrans<\/strong>, mas sim investir na sua opera\u00e7\u00e3o, conhe\u00e7a nossos planos de manuten\u00e7\u00e3o. O nosso compromisso \u00e9 com a sua satisfa\u00e7\u00e3o e o sucesso do seu projeto log\u00edstico. Escolher a Nigro Equipamentos significa optar por excel\u00eancia, confiabilidade e um or\u00e7amento acess\u00edvel na sua nova <strong>empilhadeira Paletrans<\/strong>.","insightwidtitle":"Curiosidades sobre Empilhadeiras","insightwidcontent":"Voc\u00ea sabia que as <strong>empilhadeiras Paletrans<\/strong> s\u00e3o projetadas para suportar condi\u00e7\u00f5es de trabalho extremas? Elas possuem recursos que garantem seguran\u00e7a e efici\u00eancia, permitindo uma opera\u00e7\u00e3o cont\u00ednua. Al\u00e9m disso, a manuten\u00e7\u00e3o preventiva \u00e9 vital para prolongar a vida \u00fatil do equipamento. A Nigro oferece servi\u00e7os de manuten\u00e7\u00e3o que ajudam a evitar paradas inesperadas e melhoram o desempenho das suas <strong>empilhadeiras Paletrans<\/strong>."},"yoast_head":"<!-- This site is optimized with the Yoast SEO Premium plugin v18.3 (Yoast SEO v23.4) - https:\/\/yoast.com\/wordpress\/plugins\/seo\/ -->\n<title>Or\u00e7amento para Empilhadeira Paletrans - Qualidade e Melhores Pre\u00e7os<\/title>\n<meta name=\"description\" content=\"Solicite j\u00e1 seu or\u00e7amento para empilhadeiras Paletrans na Nigro Equipamentos. Qualidade, experi\u00eancia e confian\u00e7a.\" \/>\n<meta name=\"robots\" content=\"index, follow, max-snippet:-1, max-image-preview:large, max-video-preview:-1\" \/>\n<link rel=\"canonical\" href=\"https:\/\/nigroequipamentos.com.br\/conteudo\/empilhadeira-paletrans-orcamento-acessivel-e-qualidade-garantida-3\/\" \/>\n<meta property=\"og:locale\" content=\"pt_BR\" \/>\n<meta property=\"og:type\" content=\"article\" \/>\n<meta property=\"og:title\" content=\"Empilhadeira Paletrans: Or\u00e7amento Acess\u00edvel e Qualidade Garantida\" \/>\n<meta property=\"og:description\" content=\"Solicite j\u00e1 seu or\u00e7amento para empilhadeiras Paletrans na Nigro Equipamentos. Qualidade, experi\u00eancia e confian\u00e7a.\" \/>\n<meta property=\"og:url\" content=\"https:\/\/nigroequipamentos.com.br\/conteudo\/empilhadeira-paletrans-orcamento-acessivel-e-qualidade-garantida-3\/\" \/>\n<meta property=\"og:site_name\" content=\"Nigro Equipamentos\" \/>\n<meta property=\"article:publisher\" content=\"https:\/\/www.facebook.com\/nigroequipamentos\" \/>\n<meta name=\"twitter:card\" content=\"summary_large_image\" \/>\n<script type=\"application\/ld+json\" class=\"yoast-schema-graph\">{\"@context\":\"https:\/\/schema.org\",\"@graph\":[{\"@type\":\"WebPage\",\"@id\":\"https:\/\/nigroequipamentos.com.br\/conteudo\/empilhadeira-paletrans-orcamento-acessivel-e-qualidade-garantida-3\/\",\"url\":\"https:\/\/nigroequipamentos.com.br\/conteudo\/empilhadeira-paletrans-orcamento-acessivel-e-qualidade-garantida-3\/\",\"name\":\"Or\u00e7amento para Empilhadeira Paletrans - Qualidade e Melhores Pre\u00e7os\",\"isPartOf\":{\"@id\":\"https:\/\/nigroequipamentos.com.br\/conteudo\/#website\"},\"datePublished\":\"2025-09-25T14:01:10+00:00\",\"dateModified\":\"2025-09-25T14:01:10+00:00\",\"description\":\"Solicite j\u00e1 seu or\u00e7amento para empilhadeiras Paletrans na Nigro Equipamentos. Qualidade, experi\u00eancia e confian\u00e7a.\",\"breadcrumb\":{\"@id\":\"https:\/\/nigroequipamentos.com.br\/conteudo\/empilhadeira-paletrans-orcamento-acessivel-e-qualidade-garantida-3\/#breadcrumb\"},\"inLanguage\":\"pt-BR\",\"potentialAction\":[{\"@type\":\"ReadAction\",\"target\":[\"https:\/\/nigroequipamentos.com.br\/conteudo\/empilhadeira-paletrans-orcamento-acessivel-e-qualidade-garantida-3\/\"]}]},{\"@type\":\"BreadcrumbList\",\"@id\":\"https:\/\/nigroequipamentos.com.br\/conteudo\/empilhadeira-paletrans-orcamento-acessivel-e-qualidade-garantida-3\/#breadcrumb\",\"itemListElement\":[{\"@type\":\"ListItem\",\"position\":1,\"name\":\"In\u00edcio\",\"item\":\"https:\/\/nigroequipamentos.com.br\/conteudo\/\"},{\"@type\":\"ListItem\",\"position\":2,\"name\":\"Empilhadeira Paletrans: Or\u00e7amento Acess\u00edvel e Qualidade Garantida\"}]},{\"@type\":\"WebSite\",\"@id\":\"https:\/\/nigroequipamentos.com.br\/conteudo\/#website\",\"url\":\"https:\/\/nigroequipamentos.com.br\/conteudo\/\",\"name\":\"Nigro Equipamentos\",\"description\":\"Loca\u00e7\u00e3o e Vendas\",\"publisher\":{\"@id\":\"https:\/\/nigroequipamentos.com.br\/conteudo\/#organization\"},\"potentialAction\":[{\"@type\":\"SearchAction\",\"target\":{\"@type\":\"EntryPoint\",\"urlTemplate\":\"https:\/\/nigroequipamentos.com.br\/conteudo\/?s={search_term_string}\"},\"query-input\":{\"@type\":\"PropertyValueSpecification\",\"valueRequired\":true,\"valueName\":\"search_term_string\"}}],\"inLanguage\":\"pt-BR\"},{\"@type\":\"Organization\",\"@id\":\"https:\/\/nigroequipamentos.com.br\/conteudo\/#organization\",\"name\":\"Nigro Equipamentos\",\"url\":\"https:\/\/nigroequipamentos.com.br\/conteudo\/\",\"logo\":{\"@type\":\"ImageObject\",\"inLanguage\":\"pt-BR\",\"@id\":\"https:\/\/nigroequipamentos.com.br\/conteudo\/#\/schema\/logo\/image\/\",\"url\":\"https:\/\/nigroequipamentos.com.br\/conteudo\/wp-content\/uploads\/2024\/10\/nigroequipamentos_logo.webp\",\"contentUrl\":\"https:\/\/nigroequipamentos.com.br\/conteudo\/wp-content\/uploads\/2024\/10\/nigroequipamentos_logo.webp\",\"width\":785,\"height\":355,\"caption\":\"Nigro Equipamentos\"},\"image\":{\"@id\":\"https:\/\/nigroequipamentos.com.br\/conteudo\/#\/schema\/logo\/image\/\"},\"sameAs\":[\"https:\/\/www.facebook.com\/nigroequipamentos\",\"https:\/\/www.instagram.com\/nigroequipamentos\/\"]}]}<\/script>\n<!-- \/ Yoast SEO Premium plugin. -->","yoast_head_json":{"title":"Or\u00e7amento para Empilhadeira Paletrans - Qualidade e Melhores Pre\u00e7os","description":"Solicite j\u00e1 seu or\u00e7amento para empilhadeiras Paletrans na Nigro Equipamentos. Qualidade, experi\u00eancia e confian\u00e7a.","robots":{"index":"index","follow":"follow","max-snippet":"max-snippet:-1","max-image-preview":"max-image-preview:large","max-video-preview":"max-video-preview:-1"},"canonical":"https:\/\/nigroequipamentos.com.br\/conteudo\/empilhadeira-paletrans-orcamento-acessivel-e-qualidade-garantida-3\/","og_locale":"pt_BR","og_type":"article","og_title":"Empilhadeira Paletrans: Or\u00e7amento Acess\u00edvel e Qualidade Garantida","og_description":"Solicite j\u00e1 seu or\u00e7amento para empilhadeiras Paletrans na Nigro Equipamentos. Qualidade, experi\u00eancia e confian\u00e7a.","og_url":"https:\/\/nigroequipamentos.com.br\/conteudo\/empilhadeira-paletrans-orcamento-acessivel-e-qualidade-garantida-3\/","og_site_name":"Nigro Equipamentos","article_publisher":"https:\/\/www.facebook.com\/nigroequipamentos","twitter_card":"summary_large_image","schema":{"@context":"https:\/\/schema.org","@graph":[{"@type":"WebPage","@id":"https:\/\/nigroequipamentos.com.br\/conteudo\/empilhadeira-paletrans-orcamento-acessivel-e-qualidade-garantida-3\/","url":"https:\/\/nigroequipamentos.com.br\/conteudo\/empilhadeira-paletrans-orcamento-acessivel-e-qualidade-garantida-3\/","name":"Or\u00e7amento para Empilhadeira Paletrans - Qualidade e Melhores Pre\u00e7os","isPartOf":{"@id":"https:\/\/nigroequipamentos.com.br\/conteudo\/#website"},"datePublished":"2025-09-25T14:01:10+00:00","dateModified":"2025-09-25T14:01:10+00:00","description":"Solicite j\u00e1 seu or\u00e7amento para empilhadeiras Paletrans na Nigro Equipamentos. Qualidade, experi\u00eancia e confian\u00e7a.","breadcrumb":{"@id":"https:\/\/nigroequipamentos.com.br\/conteudo\/empilhadeira-paletrans-orcamento-acessivel-e-qualidade-garantida-3\/#breadcrumb"},"inLanguage":"pt-BR","potentialAction":[{"@type":"ReadAction","target":["https:\/\/nigroequipamentos.com.br\/conteudo\/empilhadeira-paletrans-orcamento-acessivel-e-qualidade-garantida-3\/"]}]},{"@type":"BreadcrumbList","@id":"https:\/\/nigroequipamentos.com.br\/conteudo\/empilhadeira-paletrans-orcamento-acessivel-e-qualidade-garantida-3\/#breadcrumb","itemListElement":[{"@type":"ListItem","position":1,"name":"In\u00edcio","item":"https:\/\/nigroequipamentos.com.br\/conteudo\/"},{"@type":"ListItem","position":2,"name":"Empilhadeira Paletrans: Or\u00e7amento Acess\u00edvel e Qualidade Garantida"}]},{"@type":"WebSite","@id":"https:\/\/nigroequipamentos.com.br\/conteudo\/#website","url":"https:\/\/nigroequipamentos.com.br\/conteudo\/","name":"Nigro Equipamentos","description":"Loca\u00e7\u00e3o e Vendas","publisher":{"@id":"https:\/\/nigroequipamentos.com.br\/conteudo\/#organization"},"potentialAction":[{"@type":"SearchAction","target":{"@type":"EntryPoint","urlTemplate":"https:\/\/nigroequipamentos.com.br\/conteudo\/?s={search_term_string}"},"query-input":{"@type":"PropertyValueSpecification","valueRequired":true,"valueName":"search_term_string"}}],"inLanguage":"pt-BR"},{"@type":"Organization","@id":"https:\/\/nigroequipamentos.com.br\/conteudo\/#organization","name":"Nigro Equipamentos","url":"https:\/\/nigroequipamentos.com.br\/conteudo\/","logo":{"@type":"ImageObject","inLanguage":"pt-BR","@id":"https:\/\/nigroequipamentos.com.br\/conteudo\/#\/schema\/logo\/image\/","url":"https:\/\/nigroequipamentos.com.br\/conteudo\/wp-content\/uploads\/2024\/10\/nigroequipamentos_logo.webp","contentUrl":"https:\/\/nigroequipamentos.com.br\/conteudo\/wp-content\/uploads\/2024\/10\/nigroequipamentos_logo.webp","width":785,"height":355,"caption":"Nigro Equipamentos"},"image":{"@id":"https:\/\/nigroequipamentos.com.br\/conteudo\/#\/schema\/logo\/image\/"},"sameAs":["https:\/\/www.facebook.com\/nigroequipamentos","https:\/\/www.instagram.com\/nigroequipamentos\/"]}]}},"_links":{"self":[{"href":"https:\/\/nigroequipamentos.com.br\/conteudo\/wp-json\/wp\/v2\/pages\/62156","targetHints":{"allow":["GET"]}}],"collection":[{"href":"https:\/\/nigroequipamentos.com.br\/conteudo\/wp-json\/wp\/v2\/pages"}],"about":[{"href":"https:\/\/nigroequipamentos.com.br\/conteudo\/wp-json\/wp\/v2\/types\/page"}],"author":[{"embeddable":true,"href":"https:\/\/nigroequipamentos.com.br\/conteudo\/wp-json\/wp\/v2\/users\/3"}],"replies":[{"embeddable":true,"href":"https:\/\/nigroequipamentos.com.br\/conteudo\/wp-json\/wp\/v2\/comments?post=62156"}],"version-history":[{"count":0,"href":"https:\/\/nigroequipamentos.com.br\/conteudo\/wp-json\/wp\/v2\/pages\/62156\/revisions"}],"wp:attachment":[{"href":"https:\/\/nigroequipamentos.com.br\/conteudo\/wp-json\/wp\/v2\/media?parent=62156"}],"curies":[{"name":"wp","href":"https:\/\/api.w.org\/{rel}","templated":true}]}}