{"id":61506,"date":"2025-09-22T10:46:02","date_gmt":"2025-09-22T13:46:02","guid":{"rendered":"https:\/\/nigroequipamentos.com.br\/conteudo\/empilhadeiras-paletrans-economize-com-inteligencia\/"},"modified":"2025-09-22T10:46:02","modified_gmt":"2025-09-22T13:46:02","slug":"empilhadeiras-paletrans-economize-com-inteligencia","status":"publish","type":"page","link":"https:\/\/nigroequipamentos.com.br\/conteudo\/empilhadeiras-paletrans-economize-com-inteligencia\/","title":{"rendered":"Empilhadeiras Paletrans: Economize com Intelig\u00eancia"},"content":{"rendered":"<p>As empilhadeiras Paletrans s\u00e3o sin\u00f4nimo de efici\u00eancia e economia para o seu neg\u00f3cio. Com tecnologia avan\u00e7ada e baixo consumo de energia, essas m\u00e1quinas conseguem reduzir os custos operacionais e aumentar a produtividade. Investir em empilhadeiras Paletrans \u00e9 garantir um suporte robusto e dur\u00e1vel para suas opera\u00e7\u00f5es log\u00edsticas, proporcionando total confian\u00e7a na movimenta\u00e7\u00e3o de cargas. Al\u00e9m disso, a Nigro Equipamentos se destaca como a melhor op\u00e7\u00e3o na compra, manuten\u00e7\u00e3o e loca\u00e7\u00e3o dessas empilhadeiras, oferecendo servi\u00e7os de qualidade e suporte especializado para seu sucesso.<\/p>\n","protected":false},"excerpt":{"rendered":"<p>As empilhadeiras Paletrans s\u00e3o sin\u00f4nimo de efici\u00eancia e economia para o seu neg\u00f3cio. Com tecnologia avan\u00e7ada e baixo consumo de energia, essas m\u00e1quinas conseguem reduzir os custos operacionais e aumentar a produtividade. Investir em empilhadeiras Paletrans \u00e9 garantir um suporte robusto e dur\u00e1vel para suas opera\u00e7\u00f5es log\u00edsticas, proporcionando total confian\u00e7a na movimenta\u00e7\u00e3o de cargas. Al\u00e9m&hellip;&nbsp;<a href=\"https:\/\/nigroequipamentos.com.br\/conteudo\/empilhadeiras-paletrans-economize-com-inteligencia\/\" class=\"\" rel=\"bookmark\">Continue a ler &raquo;<span class=\"screen-reader-text\">Empilhadeiras Paletrans: Economize com Intelig\u00eancia<\/span><\/a><\/p>\n","protected":false},"author":3,"featured_media":0,"parent":0,"menu_order":0,"comment_status":"closed","ping_status":"closed","template":"","meta":{"_acf_changed":false,"_yoast_wpseo_focuskw":"Empilhadeira Paletrans economia","_yoast_wpseo_title":"Empilhadeiras Paletrans: A Solu\u00e7\u00e3o da Economia para Seu Neg\u00f3cio","_yoast_wpseo_metadesc":"Descubra como as empilhadeiras Paletrans podem otimizar a economia da sua empresa, oferecendo efici\u00eancia e qualidade com a Nigro Equipamentos.","neve_meta_sidebar":"","neve_meta_container":"","neve_meta_enable_content_width":"","neve_meta_content_width":0,"neve_meta_title_alignment":"","neve_meta_author_avatar":"","neve_post_elements_order":"","neve_meta_disable_header":"","neve_meta_disable_footer":"","neve_meta_disable_title":"","footnotes":""},"class_list":["post-61506","page","type-page","status-publish","hentry"],"acf":{"bloco1title":"Efici\u00eancia Energ\u00e9tica","bloco1text":"As empilhadeiras Paletrans utilizam tecnologia que garante baixo consumo de energia, traduzindo-se em economia significativa para o seu neg\u00f3cio.","bloco2title":"Durabilidade Superior","bloco2text":"A robustez das empilhadeiras Paletrans assegura longos per\u00edodos de uso, resultando em menos paradas e maior efici\u00eancia.","bloco3title":"Maximize Sua Log\u00edstica","bloco3text":"Empilhadeiras Paletrans ajudam a otimizar a log\u00edstica da sua empresa, garantindo que opera\u00e7\u00f5es sejam realizadas sem atrasos e com seguran\u00e7a.","posttitle":"Como as Empilhadeiras Paletrans Aumentam a Economia da Sua Empresa","postcontent":"<strong>Entenda a Economia<\/strong> que as empilhadeiras Paletrans podem trazer para sua empresa a longo prazo. Essas m\u00e1quinas s\u00e3o projetadas para oferecer performance superior com efici\u00eancia energ\u00e9tica, reduzindo o consumo de combust\u00edvel e energia el\u00e9trica. Considerando a opera\u00e7\u00e3o cont\u00ednua em armaz\u00e9ns e centros de distribui\u00e7\u00e3o, a escolha por empilhadeiras Paletrans reflete a inten\u00e7\u00e3o de minimizar custos e maximizar resultados. Com a manuten\u00e7\u00e3o adequada, que a Nigro Equipamentos assegura, sua empilhadeira Paletrans pode operar por muitos anos, eliminando investimentos frequentes em novas m\u00e1quinas. O suporte qualificado da Nigro se estende para a loca\u00e7\u00e3o desses equipamentos, o que representa uma alternativa financeiramente vantajosa para empresas que buscam flexibilidade e economia em tempo integral. N\u00e3o se esque\u00e7a de que a confian\u00e7a e suporte da Nigro Equipamentos \u00e9 essencial na aplica\u00e7\u00e3o das empilhadeiras Paletrans na sua opera\u00e7\u00e3o, priorizando sempre a economia e o bem-estar do seu neg\u00f3cio.","insightwidtitle":"Curiosidades sobre Empilhadeiras","insightwidcontent":"Voc\u00ea sabia que as empilhadeiras Paletrans s\u00e3o utilizadas em diversos setores, como log\u00edstica, ind\u00fastria e com\u00e9rcio? Elas s\u00e3o projetadas para operar em ambientes restritos, aumentando sua versatilidade. Al\u00e9m disso, a escolha de empilhadeiras com efici\u00eancia energ\u00e9tica e tecnologia avan\u00e7ada pode reduzir os custos operacionais em at\u00e9 30%. Isso mostra como as empilhadeiras Paletrans podem n\u00e3o apenas facilitar o trabalho, mas tamb\u00e9m gerar economia significativa no dia a dia da sua empresa."},"yoast_head":"<!-- This site is optimized with the Yoast SEO Premium plugin v18.3 (Yoast SEO v23.4) - https:\/\/yoast.com\/wordpress\/plugins\/seo\/ -->\n<title>Empilhadeiras Paletrans: A Solu\u00e7\u00e3o da Economia para Seu Neg\u00f3cio<\/title>\n<meta name=\"description\" content=\"Descubra como as empilhadeiras Paletrans podem otimizar a economia da sua empresa, oferecendo efici\u00eancia e qualidade com a Nigro Equipamentos.\" \/>\n<meta name=\"robots\" content=\"index, follow, max-snippet:-1, max-image-preview:large, max-video-preview:-1\" \/>\n<link rel=\"canonical\" href=\"https:\/\/nigroequipamentos.com.br\/conteudo\/empilhadeiras-paletrans-economize-com-inteligencia\/\" \/>\n<meta property=\"og:locale\" content=\"pt_BR\" \/>\n<meta property=\"og:type\" content=\"article\" \/>\n<meta property=\"og:title\" content=\"Empilhadeiras Paletrans: Economize com Intelig\u00eancia\" \/>\n<meta property=\"og:description\" content=\"Descubra como as empilhadeiras Paletrans podem otimizar a economia da sua empresa, oferecendo efici\u00eancia e qualidade com a Nigro Equipamentos.\" \/>\n<meta property=\"og:url\" content=\"https:\/\/nigroequipamentos.com.br\/conteudo\/empilhadeiras-paletrans-economize-com-inteligencia\/\" \/>\n<meta property=\"og:site_name\" content=\"Nigro Equipamentos\" \/>\n<meta property=\"article:publisher\" content=\"https:\/\/www.facebook.com\/nigroequipamentos\" \/>\n<meta name=\"twitter:card\" content=\"summary_large_image\" \/>\n<script type=\"application\/ld+json\" class=\"yoast-schema-graph\">{\"@context\":\"https:\/\/schema.org\",\"@graph\":[{\"@type\":\"WebPage\",\"@id\":\"https:\/\/nigroequipamentos.com.br\/conteudo\/empilhadeiras-paletrans-economize-com-inteligencia\/\",\"url\":\"https:\/\/nigroequipamentos.com.br\/conteudo\/empilhadeiras-paletrans-economize-com-inteligencia\/\",\"name\":\"Empilhadeiras Paletrans: A Solu\u00e7\u00e3o da Economia para Seu Neg\u00f3cio\",\"isPartOf\":{\"@id\":\"https:\/\/nigroequipamentos.com.br\/conteudo\/#website\"},\"datePublished\":\"2025-09-22T13:46:02+00:00\",\"dateModified\":\"2025-09-22T13:46:02+00:00\",\"description\":\"Descubra como as empilhadeiras Paletrans podem otimizar a economia da sua empresa, oferecendo efici\u00eancia e qualidade com a Nigro Equipamentos.\",\"breadcrumb\":{\"@id\":\"https:\/\/nigroequipamentos.com.br\/conteudo\/empilhadeiras-paletrans-economize-com-inteligencia\/#breadcrumb\"},\"inLanguage\":\"pt-BR\",\"potentialAction\":[{\"@type\":\"ReadAction\",\"target\":[\"https:\/\/nigroequipamentos.com.br\/conteudo\/empilhadeiras-paletrans-economize-com-inteligencia\/\"]}]},{\"@type\":\"BreadcrumbList\",\"@id\":\"https:\/\/nigroequipamentos.com.br\/conteudo\/empilhadeiras-paletrans-economize-com-inteligencia\/#breadcrumb\",\"itemListElement\":[{\"@type\":\"ListItem\",\"position\":1,\"name\":\"In\u00edcio\",\"item\":\"https:\/\/nigroequipamentos.com.br\/conteudo\/\"},{\"@type\":\"ListItem\",\"position\":2,\"name\":\"Empilhadeiras Paletrans: Economize com Intelig\u00eancia\"}]},{\"@type\":\"WebSite\",\"@id\":\"https:\/\/nigroequipamentos.com.br\/conteudo\/#website\",\"url\":\"https:\/\/nigroequipamentos.com.br\/conteudo\/\",\"name\":\"Nigro Equipamentos\",\"description\":\"Loca\u00e7\u00e3o e Vendas\",\"publisher\":{\"@id\":\"https:\/\/nigroequipamentos.com.br\/conteudo\/#organization\"},\"potentialAction\":[{\"@type\":\"SearchAction\",\"target\":{\"@type\":\"EntryPoint\",\"urlTemplate\":\"https:\/\/nigroequipamentos.com.br\/conteudo\/?s={search_term_string}\"},\"query-input\":{\"@type\":\"PropertyValueSpecification\",\"valueRequired\":true,\"valueName\":\"search_term_string\"}}],\"inLanguage\":\"pt-BR\"},{\"@type\":\"Organization\",\"@id\":\"https:\/\/nigroequipamentos.com.br\/conteudo\/#organization\",\"name\":\"Nigro Equipamentos\",\"url\":\"https:\/\/nigroequipamentos.com.br\/conteudo\/\",\"logo\":{\"@type\":\"ImageObject\",\"inLanguage\":\"pt-BR\",\"@id\":\"https:\/\/nigroequipamentos.com.br\/conteudo\/#\/schema\/logo\/image\/\",\"url\":\"https:\/\/nigroequipamentos.com.br\/conteudo\/wp-content\/uploads\/2024\/10\/nigroequipamentos_logo.webp\",\"contentUrl\":\"https:\/\/nigroequipamentos.com.br\/conteudo\/wp-content\/uploads\/2024\/10\/nigroequipamentos_logo.webp\",\"width\":785,\"height\":355,\"caption\":\"Nigro Equipamentos\"},\"image\":{\"@id\":\"https:\/\/nigroequipamentos.com.br\/conteudo\/#\/schema\/logo\/image\/\"},\"sameAs\":[\"https:\/\/www.facebook.com\/nigroequipamentos\",\"https:\/\/www.instagram.com\/nigroequipamentos\/\"]}]}<\/script>\n<!-- \/ Yoast SEO Premium plugin. -->","yoast_head_json":{"title":"Empilhadeiras Paletrans: A Solu\u00e7\u00e3o da Economia para Seu Neg\u00f3cio","description":"Descubra como as empilhadeiras Paletrans podem otimizar a economia da sua empresa, oferecendo efici\u00eancia e qualidade com a Nigro Equipamentos.","robots":{"index":"index","follow":"follow","max-snippet":"max-snippet:-1","max-image-preview":"max-image-preview:large","max-video-preview":"max-video-preview:-1"},"canonical":"https:\/\/nigroequipamentos.com.br\/conteudo\/empilhadeiras-paletrans-economize-com-inteligencia\/","og_locale":"pt_BR","og_type":"article","og_title":"Empilhadeiras Paletrans: Economize com Intelig\u00eancia","og_description":"Descubra como as empilhadeiras Paletrans podem otimizar a economia da sua empresa, oferecendo efici\u00eancia e qualidade com a Nigro Equipamentos.","og_url":"https:\/\/nigroequipamentos.com.br\/conteudo\/empilhadeiras-paletrans-economize-com-inteligencia\/","og_site_name":"Nigro Equipamentos","article_publisher":"https:\/\/www.facebook.com\/nigroequipamentos","twitter_card":"summary_large_image","schema":{"@context":"https:\/\/schema.org","@graph":[{"@type":"WebPage","@id":"https:\/\/nigroequipamentos.com.br\/conteudo\/empilhadeiras-paletrans-economize-com-inteligencia\/","url":"https:\/\/nigroequipamentos.com.br\/conteudo\/empilhadeiras-paletrans-economize-com-inteligencia\/","name":"Empilhadeiras Paletrans: A Solu\u00e7\u00e3o da Economia para Seu Neg\u00f3cio","isPartOf":{"@id":"https:\/\/nigroequipamentos.com.br\/conteudo\/#website"},"datePublished":"2025-09-22T13:46:02+00:00","dateModified":"2025-09-22T13:46:02+00:00","description":"Descubra como as empilhadeiras Paletrans podem otimizar a economia da sua empresa, oferecendo efici\u00eancia e qualidade com a Nigro Equipamentos.","breadcrumb":{"@id":"https:\/\/nigroequipamentos.com.br\/conteudo\/empilhadeiras-paletrans-economize-com-inteligencia\/#breadcrumb"},"inLanguage":"pt-BR","potentialAction":[{"@type":"ReadAction","target":["https:\/\/nigroequipamentos.com.br\/conteudo\/empilhadeiras-paletrans-economize-com-inteligencia\/"]}]},{"@type":"BreadcrumbList","@id":"https:\/\/nigroequipamentos.com.br\/conteudo\/empilhadeiras-paletrans-economize-com-inteligencia\/#breadcrumb","itemListElement":[{"@type":"ListItem","position":1,"name":"In\u00edcio","item":"https:\/\/nigroequipamentos.com.br\/conteudo\/"},{"@type":"ListItem","position":2,"name":"Empilhadeiras Paletrans: Economize com Intelig\u00eancia"}]},{"@type":"WebSite","@id":"https:\/\/nigroequipamentos.com.br\/conteudo\/#website","url":"https:\/\/nigroequipamentos.com.br\/conteudo\/","name":"Nigro Equipamentos","description":"Loca\u00e7\u00e3o e Vendas","publisher":{"@id":"https:\/\/nigroequipamentos.com.br\/conteudo\/#organization"},"potentialAction":[{"@type":"SearchAction","target":{"@type":"EntryPoint","urlTemplate":"https:\/\/nigroequipamentos.com.br\/conteudo\/?s={search_term_string}"},"query-input":{"@type":"PropertyValueSpecification","valueRequired":true,"valueName":"search_term_string"}}],"inLanguage":"pt-BR"},{"@type":"Organization","@id":"https:\/\/nigroequipamentos.com.br\/conteudo\/#organization","name":"Nigro Equipamentos","url":"https:\/\/nigroequipamentos.com.br\/conteudo\/","logo":{"@type":"ImageObject","inLanguage":"pt-BR","@id":"https:\/\/nigroequipamentos.com.br\/conteudo\/#\/schema\/logo\/image\/","url":"https:\/\/nigroequipamentos.com.br\/conteudo\/wp-content\/uploads\/2024\/10\/nigroequipamentos_logo.webp","contentUrl":"https:\/\/nigroequipamentos.com.br\/conteudo\/wp-content\/uploads\/2024\/10\/nigroequipamentos_logo.webp","width":785,"height":355,"caption":"Nigro Equipamentos"},"image":{"@id":"https:\/\/nigroequipamentos.com.br\/conteudo\/#\/schema\/logo\/image\/"},"sameAs":["https:\/\/www.facebook.com\/nigroequipamentos","https:\/\/www.instagram.com\/nigroequipamentos\/"]}]}},"_links":{"self":[{"href":"https:\/\/nigroequipamentos.com.br\/conteudo\/wp-json\/wp\/v2\/pages\/61506","targetHints":{"allow":["GET"]}}],"collection":[{"href":"https:\/\/nigroequipamentos.com.br\/conteudo\/wp-json\/wp\/v2\/pages"}],"about":[{"href":"https:\/\/nigroequipamentos.com.br\/conteudo\/wp-json\/wp\/v2\/types\/page"}],"author":[{"embeddable":true,"href":"https:\/\/nigroequipamentos.com.br\/conteudo\/wp-json\/wp\/v2\/users\/3"}],"replies":[{"embeddable":true,"href":"https:\/\/nigroequipamentos.com.br\/conteudo\/wp-json\/wp\/v2\/comments?post=61506"}],"version-history":[{"count":0,"href":"https:\/\/nigroequipamentos.com.br\/conteudo\/wp-json\/wp\/v2\/pages\/61506\/revisions"}],"wp:attachment":[{"href":"https:\/\/nigroequipamentos.com.br\/conteudo\/wp-json\/wp\/v2\/media?parent=61506"}],"curies":[{"name":"wp","href":"https:\/\/api.w.org\/{rel}","templated":true}]}}