{"id":60921,"date":"2025-09-17T14:01:01","date_gmt":"2025-09-17T17:01:01","guid":{"rendered":"https:\/\/nigroequipamentos.com.br\/conteudo\/a-melhor-assistencia-tecnica-para-empilhadeiras-paletrans-5\/"},"modified":"2025-09-17T14:01:01","modified_gmt":"2025-09-17T17:01:01","slug":"a-melhor-assistencia-tecnica-para-empilhadeiras-paletrans-5","status":"publish","type":"page","link":"https:\/\/nigroequipamentos.com.br\/conteudo\/a-melhor-assistencia-tecnica-para-empilhadeiras-paletrans-5\/","title":{"rendered":"A Melhor Assist\u00eancia T\u00e9cnica para Empilhadeiras Paletrans"},"content":{"rendered":"<p>Quando se trata de assist\u00eancia t\u00e9cnica para empilhadeiras Paletrans, a Nigro Equipamentos se destaca como a melhor op\u00e7\u00e3o do mercado. Com anos de experi\u00eancia e uma equipe especializada, garantimos um atendimento r\u00e1pido e eficiente, visando a m\u00e1xima performance dos seus equipamentos. Nossos t\u00e9cnicos s\u00e3o experts no modelo Paletrans e oferecem um suporte cont\u00ednuo que vai al\u00e9m da simples manuten\u00e7\u00e3o. Quer seja na compra, manuten\u00e7\u00e3o ou loca\u00e7\u00e3o, a Nigro \u00e9 a sua escolha certa.<\/p>\n","protected":false},"excerpt":{"rendered":"<p>Quando se trata de assist\u00eancia t\u00e9cnica para empilhadeiras Paletrans, a Nigro Equipamentos se destaca como a melhor op\u00e7\u00e3o do mercado. Com anos de experi\u00eancia e uma equipe especializada, garantimos um atendimento r\u00e1pido e eficiente, visando a m\u00e1xima performance dos seus equipamentos. Nossos t\u00e9cnicos s\u00e3o experts no modelo Paletrans e oferecem um suporte cont\u00ednuo que vai&hellip;&nbsp;<a href=\"https:\/\/nigroequipamentos.com.br\/conteudo\/a-melhor-assistencia-tecnica-para-empilhadeiras-paletrans-5\/\" class=\"\" rel=\"bookmark\">Continue a ler &raquo;<span class=\"screen-reader-text\">A Melhor Assist\u00eancia T\u00e9cnica para Empilhadeiras Paletrans<\/span><\/a><\/p>\n","protected":false},"author":3,"featured_media":0,"parent":0,"menu_order":0,"comment_status":"closed","ping_status":"closed","template":"","meta":{"_acf_changed":false,"_yoast_wpseo_focuskw":"Assist\u00eancia T\u00e9cnica Empilhadeira Paletrans","_yoast_wpseo_title":"Nigro Equipamentos: Sua Assist\u00eancia T\u00e9cnica para Empilhadeiras Paletrans","_yoast_wpseo_metadesc":"Descubra como a Nigro Equipamentos oferece a melhor assist\u00eancia t\u00e9cnica para empilhadeiras Paletrans, garantindo efici\u00eancia e confiabilidade.","neve_meta_sidebar":"","neve_meta_container":"","neve_meta_enable_content_width":"","neve_meta_content_width":0,"neve_meta_title_alignment":"","neve_meta_author_avatar":"","neve_post_elements_order":"","neve_meta_disable_header":"","neve_meta_disable_footer":"","neve_meta_disable_title":"","footnotes":""},"class_list":["post-60921","page","type-page","status-publish","hentry"],"acf":{"bloco1title":"Experi\u00eancia Reconhecida","bloco1text":"Com anos de atua\u00e7\u00e3o, a Nigro Equipamentos construiu uma reputa\u00e7\u00e3o s\u00f3lida em assist\u00eancia t\u00e9cnica para empilhadeiras Paletrans.","bloco2title":"Suporte Especializado","bloco2text":"Nossa equipe \u00e9 treinada para lidar com todas as quest\u00f5es relacionadas \u00e0s empilhadeiras Paletrans, garantindo rapidez e qualidade no servi\u00e7o.","bloco3title":"N\u00fameros Que Impressionam","bloco3text":"Estudos mostram que uma manuten\u00e7\u00e3o preventiva nas empilhadeiras Paletrans pode aumentar a vida \u00fatil em at\u00e9 30%. A Nigro Equipamentos oferece esse suporte essencial.","posttitle":"Como a Nigro Equipamentos Transforma a Assist\u00eancia T\u00e9cnica para Empilhadeiras Paletrans","postcontent":"<strong>Entenda a Import\u00e2ncia da Assist\u00eancia T\u00e9cnica<\/strong> \nUma das chaves para o sucesso em opera\u00e7\u00f5es log\u00edsticas \u00e9 garantir que suas empilhadeiras Paletrans estejam sempre em perfeito estado. A assist\u00eancia t\u00e9cnica especializada da Nigro Equipamentos oferece o suporte necess\u00e1rio para que voc\u00ea evite paradas indesejadas e otimize sua opera\u00e7\u00e3o. \n\n<strong>Servi\u00e7os Personalizados<\/strong> \nEntendemos as necessidades espec\u00edficas de cada cliente. Por isso, a Nigro Equipamentos proporciona um servi\u00e7o de assist\u00eancia t\u00e9cnica que \u00e9 moldado para atender os seus requisitos em rela\u00e7\u00e3o \u00e0s empilhadeiras Paletrans. Nossos profissionais s\u00e3o treinados nas \u00faltimas tecnologias e desenvolvimentos da marca. \n\n<strong>Pronta Resposta<\/strong> \nEm caso de falhas ou manuten\u00e7\u00e3o, nossa equipe de assist\u00eancia t\u00e9cnica est\u00e1 sempre pronta para intervir rapidamente. A Nigro oferece uma resposta \u00e1gil, muitas vezes resolvendo o problema no mesmo dia, minimizando impactos nas suas opera\u00e7\u00f5es. \n\n<strong>Manuten\u00e7\u00e3o Preventiva<\/strong> \nAl\u00e9m da assist\u00eancia em casos de emerg\u00eancia, a Nigro Equipamentos tamb\u00e9m se concentra na manuten\u00e7\u00e3o preventiva das empilhadeiras Paletrans. Esta estrat\u00e9gia n\u00e3o s\u00f3 prolonga a vida \u00fatil dos seus equipamentos, mas tamb\u00e9m assegura a efici\u00eancia nas opera\u00e7\u00f5es di\u00e1rias. Escolher a Nigro \u00e9 escolher seguran\u00e7a, confiabilidade e inova\u00e7\u00e3o.","insightwidtitle":"Curiosidades sobre Empilhadeiras","insightwidcontent":"Voc\u00ea sabia que as empilhadeiras Paletrans s\u00e3o conhecidas por sua elevada durabilidade e baixo custo de manuten\u00e7\u00e3o? Elas s\u00e3o projetadas para trabalhar em ambientes rigorosos e apresentam uma excelente capacidade de carga, tornando-as ideais para diversas opera\u00e7\u00f5es. Isso, aliado a uma assist\u00eancia t\u00e9cnica de qualidade, como a oferecida pela Nigro Equipamentos, garante que sua opera\u00e7\u00e3o se mantenha sempre ativa e produtiva."},"yoast_head":"<!-- This site is optimized with the Yoast SEO Premium plugin v18.3 (Yoast SEO v23.4) - https:\/\/yoast.com\/wordpress\/plugins\/seo\/ -->\n<title>Nigro Equipamentos: Sua Assist\u00eancia T\u00e9cnica para Empilhadeiras Paletrans<\/title>\n<meta name=\"description\" content=\"Descubra como a Nigro Equipamentos oferece a melhor assist\u00eancia t\u00e9cnica para empilhadeiras Paletrans, garantindo efici\u00eancia e confiabilidade.\" \/>\n<meta name=\"robots\" content=\"index, follow, max-snippet:-1, max-image-preview:large, max-video-preview:-1\" \/>\n<link rel=\"canonical\" href=\"https:\/\/nigroequipamentos.com.br\/conteudo\/a-melhor-assistencia-tecnica-para-empilhadeiras-paletrans-5\/\" \/>\n<meta property=\"og:locale\" content=\"pt_BR\" \/>\n<meta property=\"og:type\" content=\"article\" \/>\n<meta property=\"og:title\" content=\"A Melhor Assist\u00eancia T\u00e9cnica para Empilhadeiras Paletrans\" \/>\n<meta property=\"og:description\" content=\"Descubra como a Nigro Equipamentos oferece a melhor assist\u00eancia t\u00e9cnica para empilhadeiras Paletrans, garantindo efici\u00eancia e confiabilidade.\" \/>\n<meta property=\"og:url\" content=\"https:\/\/nigroequipamentos.com.br\/conteudo\/a-melhor-assistencia-tecnica-para-empilhadeiras-paletrans-5\/\" \/>\n<meta property=\"og:site_name\" content=\"Nigro Equipamentos\" \/>\n<meta property=\"article:publisher\" content=\"https:\/\/www.facebook.com\/nigroequipamentos\" \/>\n<meta name=\"twitter:card\" content=\"summary_large_image\" \/>\n<script type=\"application\/ld+json\" class=\"yoast-schema-graph\">{\"@context\":\"https:\/\/schema.org\",\"@graph\":[{\"@type\":\"WebPage\",\"@id\":\"https:\/\/nigroequipamentos.com.br\/conteudo\/a-melhor-assistencia-tecnica-para-empilhadeiras-paletrans-5\/\",\"url\":\"https:\/\/nigroequipamentos.com.br\/conteudo\/a-melhor-assistencia-tecnica-para-empilhadeiras-paletrans-5\/\",\"name\":\"Nigro Equipamentos: Sua Assist\u00eancia T\u00e9cnica para Empilhadeiras Paletrans\",\"isPartOf\":{\"@id\":\"https:\/\/nigroequipamentos.com.br\/conteudo\/#website\"},\"datePublished\":\"2025-09-17T17:01:01+00:00\",\"dateModified\":\"2025-09-17T17:01:01+00:00\",\"description\":\"Descubra como a Nigro Equipamentos oferece a melhor assist\u00eancia t\u00e9cnica para empilhadeiras Paletrans, garantindo efici\u00eancia e confiabilidade.\",\"breadcrumb\":{\"@id\":\"https:\/\/nigroequipamentos.com.br\/conteudo\/a-melhor-assistencia-tecnica-para-empilhadeiras-paletrans-5\/#breadcrumb\"},\"inLanguage\":\"pt-BR\",\"potentialAction\":[{\"@type\":\"ReadAction\",\"target\":[\"https:\/\/nigroequipamentos.com.br\/conteudo\/a-melhor-assistencia-tecnica-para-empilhadeiras-paletrans-5\/\"]}]},{\"@type\":\"BreadcrumbList\",\"@id\":\"https:\/\/nigroequipamentos.com.br\/conteudo\/a-melhor-assistencia-tecnica-para-empilhadeiras-paletrans-5\/#breadcrumb\",\"itemListElement\":[{\"@type\":\"ListItem\",\"position\":1,\"name\":\"In\u00edcio\",\"item\":\"https:\/\/nigroequipamentos.com.br\/conteudo\/\"},{\"@type\":\"ListItem\",\"position\":2,\"name\":\"A Melhor Assist\u00eancia T\u00e9cnica para Empilhadeiras Paletrans\"}]},{\"@type\":\"WebSite\",\"@id\":\"https:\/\/nigroequipamentos.com.br\/conteudo\/#website\",\"url\":\"https:\/\/nigroequipamentos.com.br\/conteudo\/\",\"name\":\"Nigro Equipamentos\",\"description\":\"Loca\u00e7\u00e3o e Vendas\",\"publisher\":{\"@id\":\"https:\/\/nigroequipamentos.com.br\/conteudo\/#organization\"},\"potentialAction\":[{\"@type\":\"SearchAction\",\"target\":{\"@type\":\"EntryPoint\",\"urlTemplate\":\"https:\/\/nigroequipamentos.com.br\/conteudo\/?s={search_term_string}\"},\"query-input\":{\"@type\":\"PropertyValueSpecification\",\"valueRequired\":true,\"valueName\":\"search_term_string\"}}],\"inLanguage\":\"pt-BR\"},{\"@type\":\"Organization\",\"@id\":\"https:\/\/nigroequipamentos.com.br\/conteudo\/#organization\",\"name\":\"Nigro Equipamentos\",\"url\":\"https:\/\/nigroequipamentos.com.br\/conteudo\/\",\"logo\":{\"@type\":\"ImageObject\",\"inLanguage\":\"pt-BR\",\"@id\":\"https:\/\/nigroequipamentos.com.br\/conteudo\/#\/schema\/logo\/image\/\",\"url\":\"https:\/\/nigroequipamentos.com.br\/conteudo\/wp-content\/uploads\/2024\/10\/nigroequipamentos_logo.webp\",\"contentUrl\":\"https:\/\/nigroequipamentos.com.br\/conteudo\/wp-content\/uploads\/2024\/10\/nigroequipamentos_logo.webp\",\"width\":785,\"height\":355,\"caption\":\"Nigro Equipamentos\"},\"image\":{\"@id\":\"https:\/\/nigroequipamentos.com.br\/conteudo\/#\/schema\/logo\/image\/\"},\"sameAs\":[\"https:\/\/www.facebook.com\/nigroequipamentos\",\"https:\/\/www.instagram.com\/nigroequipamentos\/\"]}]}<\/script>\n<!-- \/ Yoast SEO Premium plugin. -->","yoast_head_json":{"title":"Nigro Equipamentos: Sua Assist\u00eancia T\u00e9cnica para Empilhadeiras Paletrans","description":"Descubra como a Nigro Equipamentos oferece a melhor assist\u00eancia t\u00e9cnica para empilhadeiras Paletrans, garantindo efici\u00eancia e confiabilidade.","robots":{"index":"index","follow":"follow","max-snippet":"max-snippet:-1","max-image-preview":"max-image-preview:large","max-video-preview":"max-video-preview:-1"},"canonical":"https:\/\/nigroequipamentos.com.br\/conteudo\/a-melhor-assistencia-tecnica-para-empilhadeiras-paletrans-5\/","og_locale":"pt_BR","og_type":"article","og_title":"A Melhor Assist\u00eancia T\u00e9cnica para Empilhadeiras Paletrans","og_description":"Descubra como a Nigro Equipamentos oferece a melhor assist\u00eancia t\u00e9cnica para empilhadeiras Paletrans, garantindo efici\u00eancia e confiabilidade.","og_url":"https:\/\/nigroequipamentos.com.br\/conteudo\/a-melhor-assistencia-tecnica-para-empilhadeiras-paletrans-5\/","og_site_name":"Nigro Equipamentos","article_publisher":"https:\/\/www.facebook.com\/nigroequipamentos","twitter_card":"summary_large_image","schema":{"@context":"https:\/\/schema.org","@graph":[{"@type":"WebPage","@id":"https:\/\/nigroequipamentos.com.br\/conteudo\/a-melhor-assistencia-tecnica-para-empilhadeiras-paletrans-5\/","url":"https:\/\/nigroequipamentos.com.br\/conteudo\/a-melhor-assistencia-tecnica-para-empilhadeiras-paletrans-5\/","name":"Nigro Equipamentos: Sua Assist\u00eancia T\u00e9cnica para Empilhadeiras Paletrans","isPartOf":{"@id":"https:\/\/nigroequipamentos.com.br\/conteudo\/#website"},"datePublished":"2025-09-17T17:01:01+00:00","dateModified":"2025-09-17T17:01:01+00:00","description":"Descubra como a Nigro Equipamentos oferece a melhor assist\u00eancia t\u00e9cnica para empilhadeiras Paletrans, garantindo efici\u00eancia e confiabilidade.","breadcrumb":{"@id":"https:\/\/nigroequipamentos.com.br\/conteudo\/a-melhor-assistencia-tecnica-para-empilhadeiras-paletrans-5\/#breadcrumb"},"inLanguage":"pt-BR","potentialAction":[{"@type":"ReadAction","target":["https:\/\/nigroequipamentos.com.br\/conteudo\/a-melhor-assistencia-tecnica-para-empilhadeiras-paletrans-5\/"]}]},{"@type":"BreadcrumbList","@id":"https:\/\/nigroequipamentos.com.br\/conteudo\/a-melhor-assistencia-tecnica-para-empilhadeiras-paletrans-5\/#breadcrumb","itemListElement":[{"@type":"ListItem","position":1,"name":"In\u00edcio","item":"https:\/\/nigroequipamentos.com.br\/conteudo\/"},{"@type":"ListItem","position":2,"name":"A Melhor Assist\u00eancia T\u00e9cnica para Empilhadeiras Paletrans"}]},{"@type":"WebSite","@id":"https:\/\/nigroequipamentos.com.br\/conteudo\/#website","url":"https:\/\/nigroequipamentos.com.br\/conteudo\/","name":"Nigro Equipamentos","description":"Loca\u00e7\u00e3o e Vendas","publisher":{"@id":"https:\/\/nigroequipamentos.com.br\/conteudo\/#organization"},"potentialAction":[{"@type":"SearchAction","target":{"@type":"EntryPoint","urlTemplate":"https:\/\/nigroequipamentos.com.br\/conteudo\/?s={search_term_string}"},"query-input":{"@type":"PropertyValueSpecification","valueRequired":true,"valueName":"search_term_string"}}],"inLanguage":"pt-BR"},{"@type":"Organization","@id":"https:\/\/nigroequipamentos.com.br\/conteudo\/#organization","name":"Nigro Equipamentos","url":"https:\/\/nigroequipamentos.com.br\/conteudo\/","logo":{"@type":"ImageObject","inLanguage":"pt-BR","@id":"https:\/\/nigroequipamentos.com.br\/conteudo\/#\/schema\/logo\/image\/","url":"https:\/\/nigroequipamentos.com.br\/conteudo\/wp-content\/uploads\/2024\/10\/nigroequipamentos_logo.webp","contentUrl":"https:\/\/nigroequipamentos.com.br\/conteudo\/wp-content\/uploads\/2024\/10\/nigroequipamentos_logo.webp","width":785,"height":355,"caption":"Nigro Equipamentos"},"image":{"@id":"https:\/\/nigroequipamentos.com.br\/conteudo\/#\/schema\/logo\/image\/"},"sameAs":["https:\/\/www.facebook.com\/nigroequipamentos","https:\/\/www.instagram.com\/nigroequipamentos\/"]}]}},"_links":{"self":[{"href":"https:\/\/nigroequipamentos.com.br\/conteudo\/wp-json\/wp\/v2\/pages\/60921","targetHints":{"allow":["GET"]}}],"collection":[{"href":"https:\/\/nigroequipamentos.com.br\/conteudo\/wp-json\/wp\/v2\/pages"}],"about":[{"href":"https:\/\/nigroequipamentos.com.br\/conteudo\/wp-json\/wp\/v2\/types\/page"}],"author":[{"embeddable":true,"href":"https:\/\/nigroequipamentos.com.br\/conteudo\/wp-json\/wp\/v2\/users\/3"}],"replies":[{"embeddable":true,"href":"https:\/\/nigroequipamentos.com.br\/conteudo\/wp-json\/wp\/v2\/comments?post=60921"}],"version-history":[{"count":0,"href":"https:\/\/nigroequipamentos.com.br\/conteudo\/wp-json\/wp\/v2\/pages\/60921\/revisions"}],"wp:attachment":[{"href":"https:\/\/nigroequipamentos.com.br\/conteudo\/wp-json\/wp\/v2\/media?parent=60921"}],"curies":[{"name":"wp","href":"https:\/\/api.w.org\/{rel}","templated":true}]}}