{"id":60823,"date":"2025-09-17T03:01:08","date_gmt":"2025-09-17T06:01:08","guid":{"rendered":"https:\/\/nigroequipamentos.com.br\/conteudo\/descubra-a-empilhadeira-retratil-paletrans-pr2080i-da-nigro-equipamentos-5\/"},"modified":"2025-09-17T03:01:08","modified_gmt":"2025-09-17T06:01:08","slug":"descubra-a-empilhadeira-retratil-paletrans-pr2080i-da-nigro-equipamentos-5","status":"publish","type":"page","link":"https:\/\/nigroequipamentos.com.br\/conteudo\/descubra-a-empilhadeira-retratil-paletrans-pr2080i-da-nigro-equipamentos-5\/","title":{"rendered":"Descubra a Empilhadeira Retr\u00e1til Paletrans PR2080i da Nigro Equipamentos"},"content":{"rendered":"<p>A Empilhadeira Retr\u00e1til Paletrans PR2080i \u00e9 a solu\u00e7\u00e3o ideal para quem busca efici\u00eancia e performance em opera\u00e7\u00f5es de movimenta\u00e7\u00e3o de cargas. Com um design robusto, a Paletrans PR2080i foi projetada para oferecer \u00f3timo desempenho em espa\u00e7os reduzidos, proporcionando agilidade e seguran\u00e7a. Seu sistema avan\u00e7ado de eleva\u00e7\u00e3o garante que voc\u00ea alcance prateleiras altas com facilidade, enquanto sua capacidade de carga robusta atende a diferentes necessidades log\u00edsticas. Na Nigro Equipamentos, contamos com uma equipe experiente pronta para oferecer a melhor compra, manuten\u00e7\u00e3o e loca\u00e7\u00e3o da Empilhadeira Retr\u00e1til Paletrans PR2080i, garantindo a m\u00e1xima confiabilidade em suas opera\u00e7\u00f5es.<\/p>\n","protected":false},"excerpt":{"rendered":"<p>A Empilhadeira Retr\u00e1til Paletrans PR2080i \u00e9 a solu\u00e7\u00e3o ideal para quem busca efici\u00eancia e performance em opera\u00e7\u00f5es de movimenta\u00e7\u00e3o de cargas. Com um design robusto, a Paletrans PR2080i foi projetada para oferecer \u00f3timo desempenho em espa\u00e7os reduzidos, proporcionando agilidade e seguran\u00e7a. Seu sistema avan\u00e7ado de eleva\u00e7\u00e3o garante que voc\u00ea alcance prateleiras altas com facilidade, enquanto&hellip;&nbsp;<a href=\"https:\/\/nigroequipamentos.com.br\/conteudo\/descubra-a-empilhadeira-retratil-paletrans-pr2080i-da-nigro-equipamentos-5\/\" class=\"\" rel=\"bookmark\">Continue a ler &raquo;<span class=\"screen-reader-text\">Descubra a Empilhadeira Retr\u00e1til Paletrans PR2080i da Nigro Equipamentos<\/span><\/a><\/p>\n","protected":false},"author":3,"featured_media":0,"parent":0,"menu_order":0,"comment_status":"closed","ping_status":"closed","template":"","meta":{"_acf_changed":false,"_yoast_wpseo_focuskw":"Empilhadeira Retr\u00e1til Paletrans PR2080i","_yoast_wpseo_title":"Empilhadeira Retr\u00e1til Paletrans PR2080i - Nigro Equipamentos","_yoast_wpseo_metadesc":"Conhe\u00e7a a Empilhadeira Retr\u00e1til Paletrans PR2080i da Nigro Equipamentos, ideal para aumentar a efici\u00eancia nas opera\u00e7\u00f5es de carga e descarga.","neve_meta_sidebar":"","neve_meta_container":"","neve_meta_enable_content_width":"","neve_meta_content_width":0,"neve_meta_title_alignment":"","neve_meta_author_avatar":"","neve_post_elements_order":"","neve_meta_disable_header":"","neve_meta_disable_footer":"","neve_meta_disable_title":"","footnotes":""},"class_list":["post-60823","page","type-page","status-publish","hentry"],"acf":{"bloco1title":"Experi\u00eancia Nigro","bloco1text":"A Nigro Equipamentos possui mais de 30 anos de experi\u00eancia no mercado, oferecendo solu\u00e7\u00f5es personalizadas e suporte especializado na Empilhadeira Retr\u00e1til Paletrans PR2080i.","bloco2title":"Manuten\u00e7\u00e3o Eficiente","bloco2text":"Oferecemos servi\u00e7os de manuten\u00e7\u00e3o \u00e1geis e de qualidade, assegurando a durabilidade da sua Empilhadeira Retr\u00e1til Paletrans PR2080i.","bloco3title":"Insights da Ind\u00fastria","bloco3text":"Sabia que a efici\u00eancia nas opera\u00e7\u00f5es log\u00edsticas pode aumentar em at\u00e9 30% ao utilizar equipamentos adequados como a Empilhadeira Retr\u00e1til Paletrans PR2080i? Invista na produtividade de sua empresa!","posttitle":"A Empilhadeira Retr\u00e1til Paletrans PR2080i: Performance e Inova\u00e7\u00e3o no Transporte de Cargas","postcontent":"A Empilhadeira Retr\u00e1til Paletrans PR2080i se destaca no mercado pela sua efici\u00eancia em transitar e empilhar cargas em locais de dif\u00edcil acesso. Este equipamento \u00e9 muito mais do que uma simples empilhadeira; ele \u00e9 um aliado no aumento da produtividade do seu armaz\u00e9m. \n\nCom capacidade de carga de at\u00e9 2.500kg, a Paletrans PR2080i combina pot\u00eancia e precis\u00e3o. Seu sistema de eleva\u00e7\u00e3o retr\u00e1til permite que ela opere em corredores estreitos, onde outros equipamentos n\u00e3o conseguem se mover. \n\nAl\u00e9m disso, sua ergonomia foi pensada para reduzir a fadiga do operador, permitindo um trabalho mais seguro e confort\u00e1vel. A manuten\u00e7\u00e3o preventiva e corretiva oferecida pela Nigro Equipamentos \u00e9 um diferencial que assegura a longevidade da Empilhadeira Retr\u00e1til Paletrans PR2080i, garantindo que ela esteja sempre pronta para o uso. \n\nNa Nigro, n\u00e3o s\u00f3 oferecemos a compra do equipamento, mas tamb\u00e9m op\u00e7\u00f5es de loca\u00e7\u00e3o e um suporte t\u00e9cnico altamente especializado, tornando-nos a melhor op\u00e7\u00e3o do mercado. Deixe sua opera\u00e7\u00e3o nas m\u00e3os de especialistas e potencialize sua efici\u00eancia com a Empilhadeira Retr\u00e1til Paletrans PR2080i!","insightwidtitle":"Curiosidades sobre Empilhadeiras","insightwidcontent":"Voc\u00ea sabia que as empilhadeiras retr\u00e1teis, como a Paletrans PR2080i, podem operar em espa\u00e7os com apenas 2,4 metros de largura? Isso possibilita o uso em armaz\u00e9ns onde o espa\u00e7o \u00e9 um recurso precioso. Al\u00e9m disso, estas empilhadeiras oferecem uma elevada vis\u00e3o frontal, aumentando a seguran\u00e7a nas opera\u00e7\u00f5es."},"yoast_head":"<!-- This site is optimized with the Yoast SEO Premium plugin v18.3 (Yoast SEO v23.4) - https:\/\/yoast.com\/wordpress\/plugins\/seo\/ -->\n<title>Empilhadeira Retr\u00e1til Paletrans PR2080i - Nigro Equipamentos<\/title>\n<meta name=\"description\" content=\"Conhe\u00e7a a Empilhadeira Retr\u00e1til Paletrans PR2080i da Nigro Equipamentos, ideal para aumentar a efici\u00eancia nas opera\u00e7\u00f5es de carga e descarga.\" \/>\n<meta name=\"robots\" content=\"index, follow, max-snippet:-1, max-image-preview:large, max-video-preview:-1\" \/>\n<link rel=\"canonical\" href=\"https:\/\/nigroequipamentos.com.br\/conteudo\/descubra-a-empilhadeira-retratil-paletrans-pr2080i-da-nigro-equipamentos-5\/\" \/>\n<meta property=\"og:locale\" content=\"pt_BR\" \/>\n<meta property=\"og:type\" content=\"article\" \/>\n<meta property=\"og:title\" content=\"Descubra a Empilhadeira Retr\u00e1til Paletrans PR2080i da Nigro Equipamentos\" \/>\n<meta property=\"og:description\" content=\"Conhe\u00e7a a Empilhadeira Retr\u00e1til Paletrans PR2080i da Nigro Equipamentos, ideal para aumentar a efici\u00eancia nas opera\u00e7\u00f5es de carga e descarga.\" \/>\n<meta property=\"og:url\" content=\"https:\/\/nigroequipamentos.com.br\/conteudo\/descubra-a-empilhadeira-retratil-paletrans-pr2080i-da-nigro-equipamentos-5\/\" \/>\n<meta property=\"og:site_name\" content=\"Nigro Equipamentos\" \/>\n<meta property=\"article:publisher\" content=\"https:\/\/www.facebook.com\/nigroequipamentos\" \/>\n<meta name=\"twitter:card\" content=\"summary_large_image\" \/>\n<meta name=\"twitter:label1\" content=\"Est. tempo de leitura\" \/>\n\t<meta name=\"twitter:data1\" content=\"1 minuto\" \/>\n<script type=\"application\/ld+json\" class=\"yoast-schema-graph\">{\"@context\":\"https:\/\/schema.org\",\"@graph\":[{\"@type\":\"WebPage\",\"@id\":\"https:\/\/nigroequipamentos.com.br\/conteudo\/descubra-a-empilhadeira-retratil-paletrans-pr2080i-da-nigro-equipamentos-5\/\",\"url\":\"https:\/\/nigroequipamentos.com.br\/conteudo\/descubra-a-empilhadeira-retratil-paletrans-pr2080i-da-nigro-equipamentos-5\/\",\"name\":\"Empilhadeira Retr\u00e1til Paletrans PR2080i - Nigro Equipamentos\",\"isPartOf\":{\"@id\":\"https:\/\/nigroequipamentos.com.br\/conteudo\/#website\"},\"datePublished\":\"2025-09-17T06:01:08+00:00\",\"dateModified\":\"2025-09-17T06:01:08+00:00\",\"description\":\"Conhe\u00e7a a Empilhadeira Retr\u00e1til Paletrans PR2080i da Nigro Equipamentos, ideal para aumentar a efici\u00eancia nas opera\u00e7\u00f5es de carga e descarga.\",\"breadcrumb\":{\"@id\":\"https:\/\/nigroequipamentos.com.br\/conteudo\/descubra-a-empilhadeira-retratil-paletrans-pr2080i-da-nigro-equipamentos-5\/#breadcrumb\"},\"inLanguage\":\"pt-BR\",\"potentialAction\":[{\"@type\":\"ReadAction\",\"target\":[\"https:\/\/nigroequipamentos.com.br\/conteudo\/descubra-a-empilhadeira-retratil-paletrans-pr2080i-da-nigro-equipamentos-5\/\"]}]},{\"@type\":\"BreadcrumbList\",\"@id\":\"https:\/\/nigroequipamentos.com.br\/conteudo\/descubra-a-empilhadeira-retratil-paletrans-pr2080i-da-nigro-equipamentos-5\/#breadcrumb\",\"itemListElement\":[{\"@type\":\"ListItem\",\"position\":1,\"name\":\"In\u00edcio\",\"item\":\"https:\/\/nigroequipamentos.com.br\/conteudo\/\"},{\"@type\":\"ListItem\",\"position\":2,\"name\":\"Descubra a Empilhadeira Retr\u00e1til Paletrans PR2080i da Nigro Equipamentos\"}]},{\"@type\":\"WebSite\",\"@id\":\"https:\/\/nigroequipamentos.com.br\/conteudo\/#website\",\"url\":\"https:\/\/nigroequipamentos.com.br\/conteudo\/\",\"name\":\"Nigro Equipamentos\",\"description\":\"Loca\u00e7\u00e3o e Vendas\",\"publisher\":{\"@id\":\"https:\/\/nigroequipamentos.com.br\/conteudo\/#organization\"},\"potentialAction\":[{\"@type\":\"SearchAction\",\"target\":{\"@type\":\"EntryPoint\",\"urlTemplate\":\"https:\/\/nigroequipamentos.com.br\/conteudo\/?s={search_term_string}\"},\"query-input\":{\"@type\":\"PropertyValueSpecification\",\"valueRequired\":true,\"valueName\":\"search_term_string\"}}],\"inLanguage\":\"pt-BR\"},{\"@type\":\"Organization\",\"@id\":\"https:\/\/nigroequipamentos.com.br\/conteudo\/#organization\",\"name\":\"Nigro Equipamentos\",\"url\":\"https:\/\/nigroequipamentos.com.br\/conteudo\/\",\"logo\":{\"@type\":\"ImageObject\",\"inLanguage\":\"pt-BR\",\"@id\":\"https:\/\/nigroequipamentos.com.br\/conteudo\/#\/schema\/logo\/image\/\",\"url\":\"https:\/\/nigroequipamentos.com.br\/conteudo\/wp-content\/uploads\/2024\/10\/nigroequipamentos_logo.webp\",\"contentUrl\":\"https:\/\/nigroequipamentos.com.br\/conteudo\/wp-content\/uploads\/2024\/10\/nigroequipamentos_logo.webp\",\"width\":785,\"height\":355,\"caption\":\"Nigro Equipamentos\"},\"image\":{\"@id\":\"https:\/\/nigroequipamentos.com.br\/conteudo\/#\/schema\/logo\/image\/\"},\"sameAs\":[\"https:\/\/www.facebook.com\/nigroequipamentos\",\"https:\/\/www.instagram.com\/nigroequipamentos\/\"]}]}<\/script>\n<!-- \/ Yoast SEO Premium plugin. -->","yoast_head_json":{"title":"Empilhadeira Retr\u00e1til Paletrans PR2080i - Nigro Equipamentos","description":"Conhe\u00e7a a Empilhadeira Retr\u00e1til Paletrans PR2080i da Nigro Equipamentos, ideal para aumentar a efici\u00eancia nas opera\u00e7\u00f5es de carga e descarga.","robots":{"index":"index","follow":"follow","max-snippet":"max-snippet:-1","max-image-preview":"max-image-preview:large","max-video-preview":"max-video-preview:-1"},"canonical":"https:\/\/nigroequipamentos.com.br\/conteudo\/descubra-a-empilhadeira-retratil-paletrans-pr2080i-da-nigro-equipamentos-5\/","og_locale":"pt_BR","og_type":"article","og_title":"Descubra a Empilhadeira Retr\u00e1til Paletrans PR2080i da Nigro Equipamentos","og_description":"Conhe\u00e7a a Empilhadeira Retr\u00e1til Paletrans PR2080i da Nigro Equipamentos, ideal para aumentar a efici\u00eancia nas opera\u00e7\u00f5es de carga e descarga.","og_url":"https:\/\/nigroequipamentos.com.br\/conteudo\/descubra-a-empilhadeira-retratil-paletrans-pr2080i-da-nigro-equipamentos-5\/","og_site_name":"Nigro Equipamentos","article_publisher":"https:\/\/www.facebook.com\/nigroequipamentos","twitter_card":"summary_large_image","twitter_misc":{"Est. tempo de leitura":"1 minuto"},"schema":{"@context":"https:\/\/schema.org","@graph":[{"@type":"WebPage","@id":"https:\/\/nigroequipamentos.com.br\/conteudo\/descubra-a-empilhadeira-retratil-paletrans-pr2080i-da-nigro-equipamentos-5\/","url":"https:\/\/nigroequipamentos.com.br\/conteudo\/descubra-a-empilhadeira-retratil-paletrans-pr2080i-da-nigro-equipamentos-5\/","name":"Empilhadeira Retr\u00e1til Paletrans PR2080i - Nigro Equipamentos","isPartOf":{"@id":"https:\/\/nigroequipamentos.com.br\/conteudo\/#website"},"datePublished":"2025-09-17T06:01:08+00:00","dateModified":"2025-09-17T06:01:08+00:00","description":"Conhe\u00e7a a Empilhadeira Retr\u00e1til Paletrans PR2080i da Nigro Equipamentos, ideal para aumentar a efici\u00eancia nas opera\u00e7\u00f5es de carga e descarga.","breadcrumb":{"@id":"https:\/\/nigroequipamentos.com.br\/conteudo\/descubra-a-empilhadeira-retratil-paletrans-pr2080i-da-nigro-equipamentos-5\/#breadcrumb"},"inLanguage":"pt-BR","potentialAction":[{"@type":"ReadAction","target":["https:\/\/nigroequipamentos.com.br\/conteudo\/descubra-a-empilhadeira-retratil-paletrans-pr2080i-da-nigro-equipamentos-5\/"]}]},{"@type":"BreadcrumbList","@id":"https:\/\/nigroequipamentos.com.br\/conteudo\/descubra-a-empilhadeira-retratil-paletrans-pr2080i-da-nigro-equipamentos-5\/#breadcrumb","itemListElement":[{"@type":"ListItem","position":1,"name":"In\u00edcio","item":"https:\/\/nigroequipamentos.com.br\/conteudo\/"},{"@type":"ListItem","position":2,"name":"Descubra a Empilhadeira Retr\u00e1til Paletrans PR2080i da Nigro Equipamentos"}]},{"@type":"WebSite","@id":"https:\/\/nigroequipamentos.com.br\/conteudo\/#website","url":"https:\/\/nigroequipamentos.com.br\/conteudo\/","name":"Nigro Equipamentos","description":"Loca\u00e7\u00e3o e Vendas","publisher":{"@id":"https:\/\/nigroequipamentos.com.br\/conteudo\/#organization"},"potentialAction":[{"@type":"SearchAction","target":{"@type":"EntryPoint","urlTemplate":"https:\/\/nigroequipamentos.com.br\/conteudo\/?s={search_term_string}"},"query-input":{"@type":"PropertyValueSpecification","valueRequired":true,"valueName":"search_term_string"}}],"inLanguage":"pt-BR"},{"@type":"Organization","@id":"https:\/\/nigroequipamentos.com.br\/conteudo\/#organization","name":"Nigro Equipamentos","url":"https:\/\/nigroequipamentos.com.br\/conteudo\/","logo":{"@type":"ImageObject","inLanguage":"pt-BR","@id":"https:\/\/nigroequipamentos.com.br\/conteudo\/#\/schema\/logo\/image\/","url":"https:\/\/nigroequipamentos.com.br\/conteudo\/wp-content\/uploads\/2024\/10\/nigroequipamentos_logo.webp","contentUrl":"https:\/\/nigroequipamentos.com.br\/conteudo\/wp-content\/uploads\/2024\/10\/nigroequipamentos_logo.webp","width":785,"height":355,"caption":"Nigro Equipamentos"},"image":{"@id":"https:\/\/nigroequipamentos.com.br\/conteudo\/#\/schema\/logo\/image\/"},"sameAs":["https:\/\/www.facebook.com\/nigroequipamentos","https:\/\/www.instagram.com\/nigroequipamentos\/"]}]}},"_links":{"self":[{"href":"https:\/\/nigroequipamentos.com.br\/conteudo\/wp-json\/wp\/v2\/pages\/60823","targetHints":{"allow":["GET"]}}],"collection":[{"href":"https:\/\/nigroequipamentos.com.br\/conteudo\/wp-json\/wp\/v2\/pages"}],"about":[{"href":"https:\/\/nigroequipamentos.com.br\/conteudo\/wp-json\/wp\/v2\/types\/page"}],"author":[{"embeddable":true,"href":"https:\/\/nigroequipamentos.com.br\/conteudo\/wp-json\/wp\/v2\/users\/3"}],"replies":[{"embeddable":true,"href":"https:\/\/nigroequipamentos.com.br\/conteudo\/wp-json\/wp\/v2\/comments?post=60823"}],"version-history":[{"count":0,"href":"https:\/\/nigroequipamentos.com.br\/conteudo\/wp-json\/wp\/v2\/pages\/60823\/revisions"}],"wp:attachment":[{"href":"https:\/\/nigroequipamentos.com.br\/conteudo\/wp-json\/wp\/v2\/media?parent=60823"}],"curies":[{"name":"wp","href":"https:\/\/api.w.org\/{rel}","templated":true}]}}